{"id":33103,"date":"2022-12-30T10:41:45","date_gmt":"2022-12-30T07:41:45","guid":{"rendered":"https:\/\/rst-steel.com\/?page_id=33103"},"modified":"2026-03-25T13:34:56","modified_gmt":"2026-03-25T11:34:56","slug":"how-to-order","status":"publish","type":"page","link":"https:\/\/rst-steel.com\/nb\/how-to-order\/","title":{"rendered":"How to Order"},"content":{"rendered":"<div data-elementor-type=\"wp-page\" data-elementor-id=\"33103\" class=\"elementor elementor-33103\" data-elementor-post-type=\"page\">\n\t\t\t\t\t\t<main class=\"elementor-section elementor-top-section elementor-element elementor-element-8fcc5a4 elementor-section-boxed elementor-section-height-default elementor-section-height-default\" data-id=\"8fcc5a4\" data-element_type=\"section\" data-e-type=\"section\">\n\t\t\t\t\t\t<div class=\"elementor-container elementor-column-gap-default\">\n\t\t\t\t\t<article class=\"elementor-column elementor-col-100 elementor-top-column elementor-element elementor-element-6f9e604\" data-id=\"6f9e604\" data-element_type=\"column\" data-e-type=\"column\">\n\t\t\t<div class=\"elementor-widget-wrap elementor-element-populated\">\n\t\t\t\t\t\t<div class=\"elementor-element elementor-element-acdacb2 article elementor-widget elementor-widget-text-editor\" data-id=\"acdacb2\" data-element_type=\"widget\" data-e-type=\"widget\" data-widget_type=\"text-editor.default\">\n\t\t\t\t<div class=\"elementor-widget-container\">\n\t\t\t\t\t\t\t\t\t<p>Shopping in our online store is easy and fast. When you find a product you want to buy, simply click the &#8220;ADD TO CART&#8221; button and the product will be added to your cart. You can see the cart contents from the dropdown menu at the top right of the page. You can continue browsing products and add them to the cart at any time.<\/p>\n\n<h2>1. Bestilling <\/h2>\n\n<p>When you want to order the products in your cart, click the &#8220;PROCEED TO CHECKOUT&#8221; button to go to the cart and order form. First check your cart contents. You can also change product quantities or remove products from the cart.<\/p>\n\n<p>If you want to continue shopping, select the &#8220;Back to Shop&#8221; link at the top left of the page.<\/p>\n\n<h2>2. Faktureringsdetaljer<\/strong><\/h2>\n\n<p>Next, you can enter the billing details and, if needed, the recipient&#8217;s details if someone else will receive the order. Remember to provide a valid email address and phone number.<\/p>\n\n<h2>3. Leverings- og betalingsmetode<\/h2>\n\n<p>Deretter kan du velge leverings- og betalingsmetode ved \u00e5 klikke p\u00e5 tilsvarende ikon eller avkryssingsboks. Fraktkostnader vises ved siden av leveringsmetoden.<\/p>\n\n<h2>4. Send bestilling<\/h2>\n\n<p>Click the &#8220;Proceed to Payment&#8221; or &#8220;Submit Order&#8221; button.<\/p>\n\n<p>P\u00e5 dette tidspunktet vil du motta en ordrebekreftelse p\u00e5 e-post sammen med en lenke for \u00e5 spore bestillingens fremdrift.<\/p>\n\n<p>Bestillingen din er mottatt!<\/p>\n\n<p>If you have any questions or something was unclear, don&#8217;t hesitate to contact us:<\/p>\n<p><strong>Juha Heljus, <br\/>\nphone:045 788 16 308 <br\/> email: juha.heljus@rst-steel.fi<\/strong><\/p>\t\t\t\t\t\t\t\t<\/div>\n\t\t\t\t<\/div>\n\t\t\t\t\t<\/div>\n\t\t<\/article>\n\t\t\t\t\t<\/div>\n\t\t<\/main>\n\t\t\t\t<\/div>","protected":false},"excerpt":{"rendered":"<p>Shopping in our online store is easy and fast. When you find a product you want to buy, simply click&#8230;<\/p>","protected":false},"author":4,"featured_media":0,"parent":0,"menu_order":0,"comment_status":"closed","ping_status":"closed","template":"","meta":{"footnotes":""},"wf_page_folders":[],"class_list":["post-33103","page","type-page","status-publish","hentry"],"yoast_head":"<!-- This site is optimized with the Yoast SEO plugin v27.1.1 - https:\/\/yoast.com\/product\/yoast-seo-wordpress\/ -->\n<title>How to Order - RST-Steel<\/title>\n<meta name=\"robots\" content=\"index, follow, max-snippet:-1, max-image-preview:large, max-video-preview:-1\" \/>\n<link rel=\"canonical\" href=\"https:\/\/rst-steel.com\/nb\/how-to-order\/\" \/>\n<meta property=\"og:locale\" content=\"nb_NO\" \/>\n<meta property=\"og:type\" content=\"article\" \/>\n<meta property=\"og:title\" content=\"How to Order - RST-Steel\" \/>\n<meta property=\"og:description\" content=\"Shopping in our online store is easy and fast. When you find a product you want to buy, simply click...\" \/>\n<meta property=\"og:url\" content=\"https:\/\/rst-steel.com\/nb\/how-to-order\/\" \/>\n<meta property=\"og:site_name\" content=\"RST-Steel\" \/>\n<meta property=\"article:modified_time\" content=\"2026-03-25T11:34:56+00:00\" \/>\n<meta name=\"twitter:card\" content=\"summary_large_image\" \/>\n<meta name=\"twitter:label1\" content=\"Ansl. lesetid\" \/>\n\t<meta name=\"twitter:data1\" content=\"2 minutter\" \/>\n<script type=\"application\/ld+json\" class=\"yoast-schema-graph\">{\"@context\":\"https:\/\/schema.org\",\"@graph\":[{\"@type\":\"WebPage\",\"@id\":\"https:\/\/rst-steel.com\/how-to-order\/\",\"url\":\"https:\/\/rst-steel.com\/how-to-order\/\",\"name\":\"How to Order - RST-Steel\",\"isPartOf\":{\"@id\":\"https:\/\/rst-steel.com\/#website\"},\"datePublished\":\"2022-12-30T07:41:45+00:00\",\"dateModified\":\"2026-03-25T11:34:56+00:00\",\"breadcrumb\":{\"@id\":\"https:\/\/rst-steel.com\/how-to-order\/#breadcrumb\"},\"inLanguage\":\"nb-NO\",\"potentialAction\":[{\"@type\":\"ReadAction\",\"target\":[\"https:\/\/rst-steel.com\/how-to-order\/\"]}]},{\"@type\":\"BreadcrumbList\",\"@id\":\"https:\/\/rst-steel.com\/how-to-order\/#breadcrumb\",\"itemListElement\":[{\"@type\":\"ListItem\",\"position\":1,\"name\":\"Home\",\"item\":\"https:\/\/rst-steel.com\/\"},{\"@type\":\"ListItem\",\"position\":2,\"name\":\"How to Order\"}]},{\"@type\":\"WebSite\",\"@id\":\"https:\/\/rst-steel.com\/#website\",\"url\":\"https:\/\/rst-steel.com\/\",\"name\":\"RST-Steel Oy - Turvallista, tyylik\u00e4st\u00e4, ter\u00e4st\u00e4\",\"description\":\"Finnish quality for discerning drivers\",\"publisher\":{\"@id\":\"https:\/\/rst-steel.com\/#organization\"},\"potentialAction\":[{\"@type\":\"SearchAction\",\"target\":{\"@type\":\"EntryPoint\",\"urlTemplate\":\"https:\/\/rst-steel.com\/?s={search_term_string}\"},\"query-input\":{\"@type\":\"PropertyValueSpecification\",\"valueRequired\":true,\"valueName\":\"search_term_string\"}}],\"inLanguage\":\"nb-NO\"},{\"@type\":\"Organization\",\"@id\":\"https:\/\/rst-steel.com\/#organization\",\"name\":\"RST-Steel Oy\",\"alternateName\":\"RST-Steel Oy - Turvallista, tyylik\u00e4st\u00e4, ter\u00e4st\u00e4\",\"url\":\"https:\/\/rst-steel.com\/\",\"logo\":{\"@type\":\"ImageObject\",\"inLanguage\":\"nb-NO\",\"@id\":\"https:\/\/rst-steel.com\/#\/schema\/logo\/image\/\",\"url\":\"https:\/\/rst-steel.com\/wp-content\/uploads\/2025\/02\/cropped-rst-valkoinen-ilman-taustaa-02.png\",\"contentUrl\":\"https:\/\/rst-steel.com\/wp-content\/uploads\/2025\/02\/cropped-rst-valkoinen-ilman-taustaa-02.png\",\"width\":2319,\"height\":690,\"caption\":\"RST-Steel Oy\"},\"image\":{\"@id\":\"https:\/\/rst-steel.com\/#\/schema\/logo\/image\/\"}}]}<\/script>\n<!-- \/ Yoast SEO plugin. -->","yoast_head_json":{"title":"How to Order - RST-Steel","robots":{"index":"index","follow":"follow","max-snippet":"max-snippet:-1","max-image-preview":"max-image-preview:large","max-video-preview":"max-video-preview:-1"},"canonical":"https:\/\/rst-steel.com\/nb\/how-to-order\/","og_locale":"nb_NO","og_type":"article","og_title":"How to Order - RST-Steel","og_description":"Shopping in our online store is easy and fast. When you find a product you want to buy, simply click...","og_url":"https:\/\/rst-steel.com\/nb\/how-to-order\/","og_site_name":"RST-Steel","article_modified_time":"2026-03-25T11:34:56+00:00","twitter_card":"summary_large_image","twitter_misc":{"Ansl. lesetid":"2 minutter"},"schema":{"@context":"https:\/\/schema.org","@graph":[{"@type":"WebPage","@id":"https:\/\/rst-steel.com\/how-to-order\/","url":"https:\/\/rst-steel.com\/how-to-order\/","name":"How to Order - RST-Steel","isPartOf":{"@id":"https:\/\/rst-steel.com\/#website"},"datePublished":"2022-12-30T07:41:45+00:00","dateModified":"2026-03-25T11:34:56+00:00","breadcrumb":{"@id":"https:\/\/rst-steel.com\/how-to-order\/#breadcrumb"},"inLanguage":"nb-NO","potentialAction":[{"@type":"ReadAction","target":["https:\/\/rst-steel.com\/how-to-order\/"]}]},{"@type":"BreadcrumbList","@id":"https:\/\/rst-steel.com\/how-to-order\/#breadcrumb","itemListElement":[{"@type":"ListItem","position":1,"name":"Home","item":"https:\/\/rst-steel.com\/"},{"@type":"ListItem","position":2,"name":"How to Order"}]},{"@type":"WebSite","@id":"https:\/\/rst-steel.com\/#website","url":"https:\/\/rst-steel.com\/","name":"RST-Steel Oy - Turvallista, tyylik\u00e4st\u00e4, ter\u00e4st\u00e4","description":"Finsk kvalitet for kvalitetsbevisste sj\u00e5f\u00f8rer","publisher":{"@id":"https:\/\/rst-steel.com\/#organization"},"potentialAction":[{"@type":"SearchAction","target":{"@type":"EntryPoint","urlTemplate":"https:\/\/rst-steel.com\/?s={search_term_string}"},"query-input":{"@type":"PropertyValueSpecification","valueRequired":true,"valueName":"search_term_string"}}],"inLanguage":"nb-NO"},{"@type":"Organization","@id":"https:\/\/rst-steel.com\/#organization","name":"RST-Steel Oy","alternateName":"RST-Steel Oy - Turvallista, tyylik\u00e4st\u00e4, ter\u00e4st\u00e4","url":"https:\/\/rst-steel.com\/","logo":{"@type":"ImageObject","inLanguage":"nb-NO","@id":"https:\/\/rst-steel.com\/#\/schema\/logo\/image\/","url":"https:\/\/rst-steel.com\/wp-content\/uploads\/2025\/02\/cropped-rst-valkoinen-ilman-taustaa-02.png","contentUrl":"https:\/\/rst-steel.com\/wp-content\/uploads\/2025\/02\/cropped-rst-valkoinen-ilman-taustaa-02.png","width":2319,"height":690,"caption":"RST-Steel Oy"},"image":{"@id":"https:\/\/rst-steel.com\/#\/schema\/logo\/image\/"}}]}},"_links":{"self":[{"href":"https:\/\/rst-steel.com\/nb\/wp-json\/wp\/v2\/pages\/33103","targetHints":{"allow":["GET"]}}],"collection":[{"href":"https:\/\/rst-steel.com\/nb\/wp-json\/wp\/v2\/pages"}],"about":[{"href":"https:\/\/rst-steel.com\/nb\/wp-json\/wp\/v2\/types\/page"}],"author":[{"embeddable":true,"href":"https:\/\/rst-steel.com\/nb\/wp-json\/wp\/v2\/users\/4"}],"replies":[{"embeddable":true,"href":"https:\/\/rst-steel.com\/nb\/wp-json\/wp\/v2\/comments?post=33103"}],"version-history":[{"count":1,"href":"https:\/\/rst-steel.com\/nb\/wp-json\/wp\/v2\/pages\/33103\/revisions"}],"predecessor-version":[{"id":195627,"href":"https:\/\/rst-steel.com\/nb\/wp-json\/wp\/v2\/pages\/33103\/revisions\/195627"}],"wp:attachment":[{"href":"https:\/\/rst-steel.com\/nb\/wp-json\/wp\/v2\/media?parent=33103"}],"wp:term":[{"taxonomy":"wf_page_folders","embeddable":true,"href":"https:\/\/rst-steel.com\/nb\/wp-json\/wp\/v2\/wf_page_folders?post=33103"}],"curies":[{"name":"wp","href":"https:\/\/api.w.org\/{rel}","templated":true}]}}