{"id":121508,"date":"2026-02-16T16:36:14","date_gmt":"2026-02-16T13:36:14","guid":{"rendered":"https:\/\/rst-steel.com\/product\/koristeputket-v-line-v05-scania-nextgen-r-highline-s45-53_prm_66070\/"},"modified":"2026-03-16T09:18:23","modified_gmt":"2026-03-16T06:18:23","slug":"decorative-pipes-v-line-v05-scania-nextgen-r-highline-s45-53_prm_66070","status":"publish","type":"product","link":"https:\/\/rst-steel.com\/nb\/produkt\/decorative-pipes-v-line-v05-scania-nextgen-r-highline-s45-53_prm_66070\/","title":{"rendered":"Decorative Pipes V-Line V05 Scania NextGen R Highline S45\/53"},"content":{"rendered":"<p data-start=\"0\" data-end=\"83\"><strong data-start=\"0\" data-end=\"81\">Decorative Pipes for Side Wind Deflectors \u2013 Scania NextGen 2017-, CR17H\/CR20H<\/strong><\/p>\n<p data-start=\"85\" data-end=\"118\">Wind deflector length: 45\/53 cm<\/p>\n<p data-start=\"120\" data-end=\"219\">RST-Steel\u2019s decorative pipes are high-quality, stainless steel products, proudly made in Finland.<\/p>\n<p data-start=\"221\" data-end=\"320\">These stylish pipes can also be equipped with <strong data-start=\"267\" data-end=\"283\">extra lights<\/strong>, improving visibility on the road.<\/p>\n<p data-start=\"322\" data-end=\"454\">Designed for <strong data-start=\"335\" data-end=\"386\">easy mounting on pre-existing attachment points<\/strong>, the decorative pipes provide a perfect fit and a premium finish.<\/p>\n<p data-start=\"456\" data-end=\"501\"><span style=\"font-weight: bold\">Available for other NextGen models as well.<\/span><\/p>\n<p data-start=\"503\" data-end=\"625\"><strong data-start=\"503\" data-end=\"532\">Tekniske spesifikasjoner:<\/strong><\/p>\n<ul>\n<li>\nFarge: Polert rustfritt st\u00e5l eller malt i standard RAL-farger<\/li>\n<li>\nR\u00f8rdiameter: 60 mm<\/li>\n<li><\/li>\n<\/ul>\n<p data-start=\"627\" data-end=\"741\" data-is-last-node=\"\" data-is-only-node=\"\"><strong data-start=\"627\" data-end=\"648\">Pakken inneholder:<\/strong><\/p>\n<ul>\n<li>Decorative pipes<\/li>\n<li>\nMonteringsbraketter kreves for installasjon<\/li>\n<li>\nInstallasjonsinstruksjoner<\/li>\n<\/ul>","protected":false},"excerpt":{"rendered":"<p><span style=\"font-weight: bold\">Flere modellalternativer tilgjengelig!<\/span><\/p>","protected":false},"featured_media":23405,"comment_status":"open","ping_status":"closed","template":"","meta":{"_improvement_type_select":"improve_an_existing","_thumb_yes_seoaic":false,"_frame_yes_seoaic":false,"seoaic_generate_description":"","seoaic_improve_instructions_prompt":"","seoaic_rollback_content_improvement":"","seoaic_idea_thumbnail_generator":"","thumbnail_generated":false,"thumbnail_generate_prompt":"","seoaic_article_description":""},"make_fuel_type":[],"make_model":[5620],"make_brand":[3744],"make_year":[3748],"pwb-brand":[],"product_brand":[],"product_cat":[6057,6061,7189],"product_tag":[8488,8494],"class_list":{"0":"post-121508","1":"product","2":"type-product","3":"status-publish","4":"has-post-thumbnail","6":"make_model-nextgen-r-2017","7":"make_brand-scania","8":"make_year-trucks","9":"product_cat-lightbars","10":"product_cat-work-light-bars-for-trucks","11":"product_cat-scania-ka-tk","12":"product_tag-scania","13":"product_tag-scania-nextgen","14":"product_shipping_class-lightbars","16":"first","17":"onbackorder","18":"taxable","19":"shipping-taxable","20":"purchasable","21":"product-type-variable"},"yoast_head":"<!-- This site is optimized with the Yoast SEO plugin v25.7 - https:\/\/yoast.com\/wordpress\/plugins\/seo\/ -->\n<title>Decorative Pipes V-Line V05 Scania NextGen R Highline S45\/53 - RST-Steel<\/title>\n<meta name=\"description\" content=\"Decorative V-Line V05 pipes for Scania NextGen R Highline S45\/53, combining stylish design with durable, high-quality construction.\" \/>\n<meta name=\"robots\" content=\"index, follow, max-snippet:-1, max-image-preview:large, max-video-preview:-1\" \/>\n<link rel=\"canonical\" href=\"https:\/\/rst-steel.com\/nb\/produkt\/decorative-pipes-v-line-v05-scania-nextgen-r-highline-s45-53_prm_66070\/\" \/>\n<meta property=\"og:locale\" content=\"nb_NO\" \/>\n<meta property=\"og:type\" content=\"article\" \/>\n<meta property=\"og:title\" content=\"Decorative Pipes V-Line V05 Scania NextGen R Highline S45\/53 - RST-Steel\" \/>\n<meta property=\"og:description\" content=\"Decorative V-Line V05 pipes for Scania NextGen R Highline S45\/53, combining stylish design with durable, high-quality construction.\" \/>\n<meta property=\"og:url\" content=\"https:\/\/rst-steel.com\/nb\/produkt\/decorative-pipes-v-line-v05-scania-nextgen-r-highline-s45-53_prm_66070\/\" \/>\n<meta property=\"og:site_name\" content=\"RST-Steel\" \/>\n<meta property=\"article:publisher\" content=\"https:\/\/www.facebook.com\/rststeel\" \/>\n<meta property=\"article:modified_time\" content=\"2026-03-16T06:18:23+00:00\" \/>\n<meta property=\"og:image\" content=\"https:\/\/rst-steel.com\/wp-content\/uploads\/2022\/12\/d471cf34f4b1ca8fc16c9abf38d63129aa1f1260_SC2305B.jpg\" \/>\n\t<meta property=\"og:image:width\" content=\"142\" \/>\n\t<meta property=\"og:image:height\" content=\"730\" \/>\n\t<meta property=\"og:image:type\" content=\"image\/jpeg\" \/>\n<meta name=\"twitter:card\" content=\"summary_large_image\" \/>\n<meta name=\"twitter:label1\" content=\"Ansl. lesetid\" \/>\n\t<meta name=\"twitter:data1\" content=\"1 minutt\" \/>\n<script type=\"application\/ld+json\" class=\"yoast-schema-graph\">{\"@context\":\"https:\/\/schema.org\",\"@graph\":[{\"@type\":\"WebPage\",\"@id\":\"https:\/\/rst-steel.com\/product\/decorative-pipes-v-line-v05-scania-nextgen-r-highline-s45-53_prm_66070\/\",\"url\":\"https:\/\/rst-steel.com\/product\/decorative-pipes-v-line-v05-scania-nextgen-r-highline-s45-53_prm_66070\/\",\"name\":\"Decorative Pipes V-Line V05 Scania NextGen R Highline S45\/53 - RST-Steel\",\"isPartOf\":{\"@id\":\"https:\/\/rst-steel.com\/#website\"},\"primaryImageOfPage\":{\"@id\":\"https:\/\/rst-steel.com\/product\/decorative-pipes-v-line-v05-scania-nextgen-r-highline-s45-53_prm_66070\/#primaryimage\"},\"image\":{\"@id\":\"https:\/\/rst-steel.com\/product\/decorative-pipes-v-line-v05-scania-nextgen-r-highline-s45-53_prm_66070\/#primaryimage\"},\"thumbnailUrl\":\"https:\/\/rst-steel.com\/wp-content\/uploads\/2022\/12\/d471cf34f4b1ca8fc16c9abf38d63129aa1f1260_SC2305B.jpg\",\"datePublished\":\"2026-02-16T13:36:14+00:00\",\"dateModified\":\"2026-03-16T06:18:23+00:00\",\"description\":\"Decorative V-Line V05 pipes for Scania NextGen R Highline S45\/53, combining stylish design with durable, high-quality construction.\",\"breadcrumb\":{\"@id\":\"https:\/\/rst-steel.com\/product\/decorative-pipes-v-line-v05-scania-nextgen-r-highline-s45-53_prm_66070\/#breadcrumb\"},\"inLanguage\":\"nb-NO\",\"potentialAction\":[{\"@type\":\"ReadAction\",\"target\":[\"https:\/\/rst-steel.com\/product\/decorative-pipes-v-line-v05-scania-nextgen-r-highline-s45-53_prm_66070\/\"]}]},{\"@type\":\"ImageObject\",\"inLanguage\":\"nb-NO\",\"@id\":\"https:\/\/rst-steel.com\/product\/decorative-pipes-v-line-v05-scania-nextgen-r-highline-s45-53_prm_66070\/#primaryimage\",\"url\":\"https:\/\/rst-steel.com\/wp-content\/uploads\/2022\/12\/d471cf34f4b1ca8fc16c9abf38d63129aa1f1260_SC2305B.jpg\",\"contentUrl\":\"https:\/\/rst-steel.com\/wp-content\/uploads\/2022\/12\/d471cf34f4b1ca8fc16c9abf38d63129aa1f1260_SC2305B.jpg\",\"width\":142,\"height\":730,\"caption\":\"Koristeputket V-Line V05 Scania NextGen R Highline S45\/53\"},{\"@type\":\"BreadcrumbList\",\"@id\":\"https:\/\/rst-steel.com\/product\/decorative-pipes-v-line-v05-scania-nextgen-r-highline-s45-53_prm_66070\/#breadcrumb\",\"itemListElement\":[{\"@type\":\"ListItem\",\"position\":1,\"name\":\"Home\",\"item\":\"https:\/\/rst-steel.com\/\"},{\"@type\":\"ListItem\",\"position\":2,\"name\":\"RST-Steel Shop\",\"item\":\"https:\/\/rst-steel.com\/shop\/\"},{\"@type\":\"ListItem\",\"position\":3,\"name\":\"Decorative Pipes V-Line V05 Scania NextGen R Highline S45\/53\"}]},{\"@type\":\"WebSite\",\"@id\":\"https:\/\/rst-steel.com\/#website\",\"url\":\"https:\/\/rst-steel.com\/\",\"name\":\"RST-Steel.com\",\"description\":\"Finnish quality steel, for quality-conscious drivers\",\"publisher\":{\"@id\":\"https:\/\/rst-steel.com\/#organization\"},\"alternateName\":\"Safe and stylish RST-Steel quality\",\"potentialAction\":[{\"@type\":\"SearchAction\",\"target\":{\"@type\":\"EntryPoint\",\"urlTemplate\":\"https:\/\/rst-steel.com\/?s={search_term_string}\"},\"query-input\":{\"@type\":\"PropertyValueSpecification\",\"valueRequired\":true,\"valueName\":\"search_term_string\"}}],\"inLanguage\":\"nb-NO\"},{\"@type\":\"Organization\",\"@id\":\"https:\/\/rst-steel.com\/#organization\",\"name\":\"RST-Steel Oy\",\"url\":\"https:\/\/rst-steel.com\/\",\"logo\":{\"@type\":\"ImageObject\",\"inLanguage\":\"nb-NO\",\"@id\":\"https:\/\/rst-steel.com\/#\/schema\/logo\/image\/\",\"url\":\"https:\/\/rst-steel.com\/wp-content\/uploads\/2023\/04\/cropped-Rst-logo-valkoinen-teksti-3.png\",\"contentUrl\":\"https:\/\/rst-steel.com\/wp-content\/uploads\/2023\/04\/cropped-Rst-logo-valkoinen-teksti-3.png\",\"width\":512,\"height\":115,\"caption\":\"RST-Steel Oy\"},\"image\":{\"@id\":\"https:\/\/rst-steel.com\/#\/schema\/logo\/image\/\"},\"sameAs\":[\"https:\/\/www.facebook.com\/rststeel\",\"https:\/\/www.instagram.com\/rststeeloy\/\"]}]}<\/script>\n<!-- \/ Yoast SEO plugin. -->","yoast_head_json":{"title":"Decorative Pipes V-Line V05 Scania NextGen R Highline S45\/53 - RST-Steel","description":"Decorative V-Line V05 pipes for Scania NextGen R Highline S45\/53, combining stylish design with durable, high-quality construction.","robots":{"index":"index","follow":"follow","max-snippet":"max-snippet:-1","max-image-preview":"max-image-preview:large","max-video-preview":"max-video-preview:-1"},"canonical":"https:\/\/rst-steel.com\/nb\/produkt\/decorative-pipes-v-line-v05-scania-nextgen-r-highline-s45-53_prm_66070\/","og_locale":"nb_NO","og_type":"article","og_title":"Decorative Pipes V-Line V05 Scania NextGen R Highline S45\/53 - RST-Steel","og_description":"Decorative V-Line V05 pipes for Scania NextGen R Highline S45\/53, combining stylish design with durable, high-quality construction.","og_url":"https:\/\/rst-steel.com\/nb\/produkt\/decorative-pipes-v-line-v05-scania-nextgen-r-highline-s45-53_prm_66070\/","og_site_name":"RST-Steel","article_publisher":"https:\/\/www.facebook.com\/rststeel","article_modified_time":"2026-03-16T06:18:23+00:00","og_image":[{"width":142,"height":730,"url":"https:\/\/rst-steel.com\/wp-content\/uploads\/2022\/12\/d471cf34f4b1ca8fc16c9abf38d63129aa1f1260_SC2305B.jpg","type":"image\/jpeg"}],"twitter_card":"summary_large_image","twitter_misc":{"Ansl. lesetid":"1 minutt"},"schema":{"@context":"https:\/\/schema.org","@graph":[{"@type":"WebPage","@id":"https:\/\/rst-steel.com\/product\/decorative-pipes-v-line-v05-scania-nextgen-r-highline-s45-53_prm_66070\/","url":"https:\/\/rst-steel.com\/product\/decorative-pipes-v-line-v05-scania-nextgen-r-highline-s45-53_prm_66070\/","name":"Decorative Pipes V-Line V05 Scania NextGen R Highline S45\/53 - RST-Steel","isPartOf":{"@id":"https:\/\/rst-steel.com\/#website"},"primaryImageOfPage":{"@id":"https:\/\/rst-steel.com\/product\/decorative-pipes-v-line-v05-scania-nextgen-r-highline-s45-53_prm_66070\/#primaryimage"},"image":{"@id":"https:\/\/rst-steel.com\/product\/decorative-pipes-v-line-v05-scania-nextgen-r-highline-s45-53_prm_66070\/#primaryimage"},"thumbnailUrl":"https:\/\/rst-steel.com\/wp-content\/uploads\/2022\/12\/d471cf34f4b1ca8fc16c9abf38d63129aa1f1260_SC2305B.jpg","datePublished":"2026-02-16T13:36:14+00:00","dateModified":"2026-03-16T06:18:23+00:00","description":"Decorative V-Line V05 pipes for Scania NextGen R Highline S45\/53, combining stylish design with durable, high-quality construction.","breadcrumb":{"@id":"https:\/\/rst-steel.com\/product\/decorative-pipes-v-line-v05-scania-nextgen-r-highline-s45-53_prm_66070\/#breadcrumb"},"inLanguage":"nb-NO","potentialAction":[{"@type":"ReadAction","target":["https:\/\/rst-steel.com\/product\/decorative-pipes-v-line-v05-scania-nextgen-r-highline-s45-53_prm_66070\/"]}]},{"@type":"ImageObject","inLanguage":"nb-NO","@id":"https:\/\/rst-steel.com\/product\/decorative-pipes-v-line-v05-scania-nextgen-r-highline-s45-53_prm_66070\/#primaryimage","url":"https:\/\/rst-steel.com\/wp-content\/uploads\/2022\/12\/d471cf34f4b1ca8fc16c9abf38d63129aa1f1260_SC2305B.jpg","contentUrl":"https:\/\/rst-steel.com\/wp-content\/uploads\/2022\/12\/d471cf34f4b1ca8fc16c9abf38d63129aa1f1260_SC2305B.jpg","width":142,"height":730,"caption":"Koristeputket V-Line V05 Scania NextGen R Highline S45\/53"},{"@type":"BreadcrumbList","@id":"https:\/\/rst-steel.com\/product\/decorative-pipes-v-line-v05-scania-nextgen-r-highline-s45-53_prm_66070\/#breadcrumb","itemListElement":[{"@type":"ListItem","position":1,"name":"Home","item":"https:\/\/rst-steel.com\/"},{"@type":"ListItem","position":2,"name":"RST-Steel Shop","item":"https:\/\/rst-steel.com\/shop\/"},{"@type":"ListItem","position":3,"name":"Decorative Pipes V-Line V05 Scania NextGen R Highline S45\/53"}]},{"@type":"WebSite","@id":"https:\/\/rst-steel.com\/#website","url":"https:\/\/rst-steel.com\/","name":"RST-Steel.com","description":"Finsk kvalitetsst\u00e5l, for kvalitetsbevisste sj\u00e5f\u00f8rer","publisher":{"@id":"https:\/\/rst-steel.com\/#organization"},"alternateName":"Safe and stylish RST-Steel quality","potentialAction":[{"@type":"SearchAction","target":{"@type":"EntryPoint","urlTemplate":"https:\/\/rst-steel.com\/?s={search_term_string}"},"query-input":{"@type":"PropertyValueSpecification","valueRequired":true,"valueName":"search_term_string"}}],"inLanguage":"nb-NO"},{"@type":"Organization","@id":"https:\/\/rst-steel.com\/#organization","name":"RST-Steel Oy","url":"https:\/\/rst-steel.com\/","logo":{"@type":"ImageObject","inLanguage":"nb-NO","@id":"https:\/\/rst-steel.com\/#\/schema\/logo\/image\/","url":"https:\/\/rst-steel.com\/wp-content\/uploads\/2023\/04\/cropped-Rst-logo-valkoinen-teksti-3.png","contentUrl":"https:\/\/rst-steel.com\/wp-content\/uploads\/2023\/04\/cropped-Rst-logo-valkoinen-teksti-3.png","width":512,"height":115,"caption":"RST-Steel Oy"},"image":{"@id":"https:\/\/rst-steel.com\/#\/schema\/logo\/image\/"},"sameAs":["https:\/\/www.facebook.com\/rststeel","https:\/\/www.instagram.com\/rststeeloy\/"]}]}},"brands":[],"_links":{"self":[{"href":"https:\/\/rst-steel.com\/nb\/wp-json\/wp\/v2\/product\/121508","targetHints":{"allow":["GET"]}}],"collection":[{"href":"https:\/\/rst-steel.com\/nb\/wp-json\/wp\/v2\/product"}],"about":[{"href":"https:\/\/rst-steel.com\/nb\/wp-json\/wp\/v2\/types\/product"}],"replies":[{"embeddable":true,"href":"https:\/\/rst-steel.com\/nb\/wp-json\/wp\/v2\/comments?post=121508"}],"version-history":[{"count":0,"href":"https:\/\/rst-steel.com\/nb\/wp-json\/wp\/v2\/product\/121508\/revisions"}],"wp:featuredmedia":[{"embeddable":true,"href":"https:\/\/rst-steel.com\/nb\/wp-json\/wp\/v2\/media\/23405"}],"wp:attachment":[{"href":"https:\/\/rst-steel.com\/nb\/wp-json\/wp\/v2\/media?parent=121508"}],"wp:term":[{"taxonomy":"make_fuel_type","embeddable":true,"href":"https:\/\/rst-steel.com\/nb\/wp-json\/wp\/v2\/make_fuel_type?post=121508"},{"taxonomy":"make_model","embeddable":true,"href":"https:\/\/rst-steel.com\/nb\/wp-json\/wp\/v2\/make_model?post=121508"},{"taxonomy":"make_brand","embeddable":true,"href":"https:\/\/rst-steel.com\/nb\/wp-json\/wp\/v2\/make_brand?post=121508"},{"taxonomy":"make_year","embeddable":true,"href":"https:\/\/rst-steel.com\/nb\/wp-json\/wp\/v2\/make_year?post=121508"},{"taxonomy":"pwb-brand","embeddable":true,"href":"https:\/\/rst-steel.com\/nb\/wp-json\/wp\/v2\/pwb-brand?post=121508"},{"taxonomy":"product_brand","embeddable":true,"href":"https:\/\/rst-steel.com\/nb\/wp-json\/wp\/v2\/product_brand?post=121508"},{"taxonomy":"product_cat","embeddable":true,"href":"https:\/\/rst-steel.com\/nb\/wp-json\/wp\/v2\/product_cat?post=121508"},{"taxonomy":"product_tag","embeddable":true,"href":"https:\/\/rst-steel.com\/nb\/wp-json\/wp\/v2\/product_tag?post=121508"}],"curies":[{"name":"wp","href":"https:\/\/api.w.org\/{rel}","templated":true}]}}