{"id":121651,"date":"2026-02-18T11:21:35","date_gmt":"2026-02-18T08:21:35","guid":{"rendered":"https:\/\/rst-steel.com\/product\/wiring-harness-for-bull-bar-6x6-pin-dt_pr_95023\/"},"modified":"2026-03-16T09:20:30","modified_gmt":"2026-03-16T06:20:30","slug":"wiring-harness-for-bull-bar-6x6-pin-dt_pr_95023","status":"publish","type":"product","link":"https:\/\/rst-steel.com\/nb\/produkt\/wiring-harness-for-bull-bar-6x6-pin-dt_pr_95023\/","title":{"rendered":"Wiring Harness for Bull Bar \u2013 6&#215;6-Pin DT"},"content":{"rendered":"<p data-start=\"0\" data-end=\"58\"><span style=\"font-weight: bold;\">Wiring Harness for Bull Bar \u2013 6&#215;6-Pin DT<\/span><\/p>\n<p data-start=\"0\" data-end=\"58\">This universal wiring harness for a bull bar is designed specifically for installing auxiliary lights. The harness is suitable for up to six OZZ 200W auxiliary lights and is compatible with OZZ lights equipped with beacons.<\/p>\n<p data-start=\"225\" data-end=\"238\"><strong data-start=\"225\" data-end=\"238\">\u00a0Wiring harness Features:<\/strong><\/p>\n<ul data-start=\"240\" data-end=\"590\">\n<li data-start=\"240\" data-end=\"312\">\n<p data-start=\"242\" data-end=\"312\"><strong data-start=\"242\" data-end=\"275\">No connectors \u2013 direct wires:<\/strong> Makes installation quick and easy.<\/p>\n<\/li>\n<li data-start=\"313\" data-end=\"499\">\n<p data-start=\"315\" data-end=\"499\"><strong data-start=\"315\" data-end=\"352\">Beacon and parking light outputs:<\/strong> The harness includes ready-made outputs for both a beacon and parking lights, enabling the installation of auxiliary lights with these features.<\/p>\n<\/li>\n<li data-start=\"500\" data-end=\"590\">\n<p data-start=\"502\" data-end=\"590\"><strong data-start=\"502\" data-end=\"540\">Power capacity up to 50A \/ 6x200W:<\/strong> Suitable for up to six 200-watt auxiliary lights.<\/p>\n<\/li>\n<\/ul>\n<p data-start=\"592\" data-end=\"607\"><strong data-start=\"592\" data-end=\"607\">Dimensjoner:<\/strong><\/p>\n<ul data-start=\"609\" data-end=\"654\">\n<li data-start=\"609\" data-end=\"631\">\n<p data-start=\"611\" data-end=\"631\">To the lights: 2 m<\/p>\n<\/li>\n<li data-start=\"632\" data-end=\"654\">\n<p data-start=\"634\" data-end=\"654\">Power cable: 1.2 m<\/p>\n<\/li>\n<li data-start=\"632\" data-end=\"654\"><\/li>\n<\/ul>\n<p><a href=\"https:\/\/www.youtube.com\/watch?v=G2FVajPh-pM\"><strong>Installation Instruction<\/strong><\/a><\/p>\n<p data-start=\"656\" data-end=\"855\" data-is-last-node=\"\" data-is-only-node=\"\">Remember to also order a power supply cable for the bull bar! The supply cable ensures optimal power delivery so you can use the lights at full capacity. Plug &amp; Play connection to the wiring harness.<\/p>","protected":false},"excerpt":{"rendered":"<p>Suitable for up to six 200W auxiliary lights with beacon!<\/p>","protected":false},"featured_media":121650,"comment_status":"open","ping_status":"closed","template":"","meta":{"_improvement_type_select":"improve_an_existing","_thumb_yes_seoaic":false,"_frame_yes_seoaic":false,"seoaic_generate_description":"","seoaic_improve_instructions_prompt":"","seoaic_rollback_content_improvement":"","seoaic_idea_thumbnail_generator":"","thumbnail_generated":false,"thumbnail_generate_prompt":"","seoaic_article_description":""},"make_fuel_type":[],"make_model":[],"make_brand":[],"make_year":[],"pwb-brand":[],"product_brand":[],"product_cat":[8248,6195,6242],"product_tag":[],"class_list":{"0":"post-121651","1":"product","2":"type-product","3":"status-publish","4":"has-post-thumbnail","6":"product_cat-wire-kits-and-cables","7":"product_cat-lamps","8":"product_cat-mounting-accessories","10":"first","11":"instock","12":"taxable","13":"shipping-taxable","14":"purchasable","15":"product-type-simple"},"yoast_head":"<!-- This site is optimized with the Yoast SEO plugin v25.7 - https:\/\/yoast.com\/wordpress\/plugins\/seo\/ -->\n<title>Wiring Harness for Bull Bar \u2013 6x6-Pin DT - RST-Steel<\/title>\n<meta name=\"description\" content=\"Universal 6x 6-Pin DT wiring harness for bull bars, perfect for installing multiple auxiliary lights with easy Plug &amp; Play connection.\" \/>\n<meta name=\"robots\" content=\"index, follow, max-snippet:-1, max-image-preview:large, max-video-preview:-1\" \/>\n<link rel=\"canonical\" href=\"https:\/\/rst-steel.com\/nb\/produkt\/wiring-harness-for-bull-bar-6x6-pin-dt_pr_95023\/\" \/>\n<meta property=\"og:locale\" content=\"nb_NO\" \/>\n<meta property=\"og:type\" content=\"article\" \/>\n<meta property=\"og:title\" content=\"Wiring Harness for Bull Bar \u2013 6x6-Pin DT - RST-Steel\" \/>\n<meta property=\"og:description\" content=\"Universal 6x 6-Pin DT wiring harness for bull bars, perfect for installing multiple auxiliary lights with easy Plug &amp; Play connection.\" \/>\n<meta property=\"og:url\" content=\"https:\/\/rst-steel.com\/nb\/produkt\/wiring-harness-for-bull-bar-6x6-pin-dt_pr_95023\/\" \/>\n<meta property=\"og:site_name\" content=\"RST-Steel\" \/>\n<meta property=\"article:publisher\" content=\"https:\/\/www.facebook.com\/rststeel\" \/>\n<meta property=\"article:modified_time\" content=\"2026-03-16T06:20:30+00:00\" \/>\n<meta property=\"og:image\" content=\"https:\/\/rst-steel.com\/wp-content\/uploads\/2026\/02\/a49a26bdb70aace6f3edc29680f8eb48e4776288_RST145__2_.jpg\" \/>\n\t<meta property=\"og:image:width\" content=\"1024\" \/>\n\t<meta property=\"og:image:height\" content=\"1024\" \/>\n\t<meta property=\"og:image:type\" content=\"image\/jpeg\" \/>\n<meta name=\"twitter:card\" content=\"summary_large_image\" \/>\n<meta name=\"twitter:label1\" content=\"Ansl. lesetid\" \/>\n\t<meta name=\"twitter:data1\" content=\"1 minutt\" \/>\n<script type=\"application\/ld+json\" class=\"yoast-schema-graph\">{\"@context\":\"https:\/\/schema.org\",\"@graph\":[{\"@type\":\"WebPage\",\"@id\":\"https:\/\/rst-steel.com\/product\/wiring-harness-for-bull-bar-6x6-pin-dt_pr_95023\/\",\"url\":\"https:\/\/rst-steel.com\/product\/wiring-harness-for-bull-bar-6x6-pin-dt_pr_95023\/\",\"name\":\"Wiring Harness for Bull Bar \u2013 6x6-Pin DT - RST-Steel\",\"isPartOf\":{\"@id\":\"https:\/\/rst-steel.com\/#website\"},\"primaryImageOfPage\":{\"@id\":\"https:\/\/rst-steel.com\/product\/wiring-harness-for-bull-bar-6x6-pin-dt_pr_95023\/#primaryimage\"},\"image\":{\"@id\":\"https:\/\/rst-steel.com\/product\/wiring-harness-for-bull-bar-6x6-pin-dt_pr_95023\/#primaryimage\"},\"thumbnailUrl\":\"https:\/\/rst-steel.com\/wp-content\/uploads\/2026\/02\/a49a26bdb70aace6f3edc29680f8eb48e4776288_RST145__2_.jpg\",\"datePublished\":\"2026-02-18T08:21:35+00:00\",\"dateModified\":\"2026-03-16T06:20:30+00:00\",\"description\":\"Universal 6x 6-Pin DT wiring harness for bull bars, perfect for installing multiple auxiliary lights with easy Plug & Play connection.\",\"breadcrumb\":{\"@id\":\"https:\/\/rst-steel.com\/product\/wiring-harness-for-bull-bar-6x6-pin-dt_pr_95023\/#breadcrumb\"},\"inLanguage\":\"nb-NO\",\"potentialAction\":[{\"@type\":\"ReadAction\",\"target\":[\"https:\/\/rst-steel.com\/product\/wiring-harness-for-bull-bar-6x6-pin-dt_pr_95023\/\"]}]},{\"@type\":\"ImageObject\",\"inLanguage\":\"nb-NO\",\"@id\":\"https:\/\/rst-steel.com\/product\/wiring-harness-for-bull-bar-6x6-pin-dt_pr_95023\/#primaryimage\",\"url\":\"https:\/\/rst-steel.com\/wp-content\/uploads\/2026\/02\/a49a26bdb70aace6f3edc29680f8eb48e4776288_RST145__2_.jpg\",\"contentUrl\":\"https:\/\/rst-steel.com\/wp-content\/uploads\/2026\/02\/a49a26bdb70aace6f3edc29680f8eb48e4776288_RST145__2_.jpg\",\"width\":1024,\"height\":1024,\"caption\":\"Wiring Harness for Bull Bar \u2013 6x6-Pin DT\"},{\"@type\":\"BreadcrumbList\",\"@id\":\"https:\/\/rst-steel.com\/product\/wiring-harness-for-bull-bar-6x6-pin-dt_pr_95023\/#breadcrumb\",\"itemListElement\":[{\"@type\":\"ListItem\",\"position\":1,\"name\":\"Home\",\"item\":\"https:\/\/rst-steel.com\/\"},{\"@type\":\"ListItem\",\"position\":2,\"name\":\"RST-Steel Shop\",\"item\":\"https:\/\/rst-steel.com\/shop\/\"},{\"@type\":\"ListItem\",\"position\":3,\"name\":\"Wiring Harness for Bull Bar \u2013 6&#215;6-Pin DT\"}]},{\"@type\":\"WebSite\",\"@id\":\"https:\/\/rst-steel.com\/#website\",\"url\":\"https:\/\/rst-steel.com\/\",\"name\":\"RST-Steel.com\",\"description\":\"Finnish quality steel, for quality-conscious drivers\",\"publisher\":{\"@id\":\"https:\/\/rst-steel.com\/#organization\"},\"alternateName\":\"Safe and stylish RST-Steel quality\",\"potentialAction\":[{\"@type\":\"SearchAction\",\"target\":{\"@type\":\"EntryPoint\",\"urlTemplate\":\"https:\/\/rst-steel.com\/?s={search_term_string}\"},\"query-input\":{\"@type\":\"PropertyValueSpecification\",\"valueRequired\":true,\"valueName\":\"search_term_string\"}}],\"inLanguage\":\"nb-NO\"},{\"@type\":\"Organization\",\"@id\":\"https:\/\/rst-steel.com\/#organization\",\"name\":\"RST-Steel Oy\",\"url\":\"https:\/\/rst-steel.com\/\",\"logo\":{\"@type\":\"ImageObject\",\"inLanguage\":\"nb-NO\",\"@id\":\"https:\/\/rst-steel.com\/#\/schema\/logo\/image\/\",\"url\":\"https:\/\/rst-steel.com\/wp-content\/uploads\/2023\/04\/cropped-Rst-logo-valkoinen-teksti-3.png\",\"contentUrl\":\"https:\/\/rst-steel.com\/wp-content\/uploads\/2023\/04\/cropped-Rst-logo-valkoinen-teksti-3.png\",\"width\":512,\"height\":115,\"caption\":\"RST-Steel Oy\"},\"image\":{\"@id\":\"https:\/\/rst-steel.com\/#\/schema\/logo\/image\/\"},\"sameAs\":[\"https:\/\/www.facebook.com\/rststeel\",\"https:\/\/www.instagram.com\/rststeeloy\/\"]}]}<\/script>\n<!-- \/ Yoast SEO plugin. -->","yoast_head_json":{"title":"Wiring Harness for Bull Bar \u2013 6x6-Pin DT - RST-Steel","description":"Universal 6x 6-Pin DT wiring harness for bull bars, perfect for installing multiple auxiliary lights with easy Plug & Play connection.","robots":{"index":"index","follow":"follow","max-snippet":"max-snippet:-1","max-image-preview":"max-image-preview:large","max-video-preview":"max-video-preview:-1"},"canonical":"https:\/\/rst-steel.com\/nb\/produkt\/wiring-harness-for-bull-bar-6x6-pin-dt_pr_95023\/","og_locale":"nb_NO","og_type":"article","og_title":"Wiring Harness for Bull Bar \u2013 6x6-Pin DT - RST-Steel","og_description":"Universal 6x 6-Pin DT wiring harness for bull bars, perfect for installing multiple auxiliary lights with easy Plug & Play connection.","og_url":"https:\/\/rst-steel.com\/nb\/produkt\/wiring-harness-for-bull-bar-6x6-pin-dt_pr_95023\/","og_site_name":"RST-Steel","article_publisher":"https:\/\/www.facebook.com\/rststeel","article_modified_time":"2026-03-16T06:20:30+00:00","og_image":[{"width":1024,"height":1024,"url":"https:\/\/rst-steel.com\/wp-content\/uploads\/2026\/02\/a49a26bdb70aace6f3edc29680f8eb48e4776288_RST145__2_.jpg","type":"image\/jpeg"}],"twitter_card":"summary_large_image","twitter_misc":{"Ansl. lesetid":"1 minutt"},"schema":{"@context":"https:\/\/schema.org","@graph":[{"@type":"WebPage","@id":"https:\/\/rst-steel.com\/product\/wiring-harness-for-bull-bar-6x6-pin-dt_pr_95023\/","url":"https:\/\/rst-steel.com\/product\/wiring-harness-for-bull-bar-6x6-pin-dt_pr_95023\/","name":"Wiring Harness for Bull Bar \u2013 6x6-Pin DT - RST-Steel","isPartOf":{"@id":"https:\/\/rst-steel.com\/#website"},"primaryImageOfPage":{"@id":"https:\/\/rst-steel.com\/product\/wiring-harness-for-bull-bar-6x6-pin-dt_pr_95023\/#primaryimage"},"image":{"@id":"https:\/\/rst-steel.com\/product\/wiring-harness-for-bull-bar-6x6-pin-dt_pr_95023\/#primaryimage"},"thumbnailUrl":"https:\/\/rst-steel.com\/wp-content\/uploads\/2026\/02\/a49a26bdb70aace6f3edc29680f8eb48e4776288_RST145__2_.jpg","datePublished":"2026-02-18T08:21:35+00:00","dateModified":"2026-03-16T06:20:30+00:00","description":"Universal 6x 6-Pin DT wiring harness for bull bars, perfect for installing multiple auxiliary lights with easy Plug & Play connection.","breadcrumb":{"@id":"https:\/\/rst-steel.com\/product\/wiring-harness-for-bull-bar-6x6-pin-dt_pr_95023\/#breadcrumb"},"inLanguage":"nb-NO","potentialAction":[{"@type":"ReadAction","target":["https:\/\/rst-steel.com\/product\/wiring-harness-for-bull-bar-6x6-pin-dt_pr_95023\/"]}]},{"@type":"ImageObject","inLanguage":"nb-NO","@id":"https:\/\/rst-steel.com\/product\/wiring-harness-for-bull-bar-6x6-pin-dt_pr_95023\/#primaryimage","url":"https:\/\/rst-steel.com\/wp-content\/uploads\/2026\/02\/a49a26bdb70aace6f3edc29680f8eb48e4776288_RST145__2_.jpg","contentUrl":"https:\/\/rst-steel.com\/wp-content\/uploads\/2026\/02\/a49a26bdb70aace6f3edc29680f8eb48e4776288_RST145__2_.jpg","width":1024,"height":1024,"caption":"Wiring Harness for Bull Bar \u2013 6x6-Pin DT"},{"@type":"BreadcrumbList","@id":"https:\/\/rst-steel.com\/product\/wiring-harness-for-bull-bar-6x6-pin-dt_pr_95023\/#breadcrumb","itemListElement":[{"@type":"ListItem","position":1,"name":"Home","item":"https:\/\/rst-steel.com\/"},{"@type":"ListItem","position":2,"name":"RST-Steel Shop","item":"https:\/\/rst-steel.com\/shop\/"},{"@type":"ListItem","position":3,"name":"Wiring Harness for Bull Bar \u2013 6&#215;6-Pin DT"}]},{"@type":"WebSite","@id":"https:\/\/rst-steel.com\/#website","url":"https:\/\/rst-steel.com\/","name":"RST-Steel.com","description":"Finsk kvalitetsst\u00e5l, for kvalitetsbevisste sj\u00e5f\u00f8rer","publisher":{"@id":"https:\/\/rst-steel.com\/#organization"},"alternateName":"Safe and stylish RST-Steel quality","potentialAction":[{"@type":"SearchAction","target":{"@type":"EntryPoint","urlTemplate":"https:\/\/rst-steel.com\/?s={search_term_string}"},"query-input":{"@type":"PropertyValueSpecification","valueRequired":true,"valueName":"search_term_string"}}],"inLanguage":"nb-NO"},{"@type":"Organization","@id":"https:\/\/rst-steel.com\/#organization","name":"RST-Steel Oy","url":"https:\/\/rst-steel.com\/","logo":{"@type":"ImageObject","inLanguage":"nb-NO","@id":"https:\/\/rst-steel.com\/#\/schema\/logo\/image\/","url":"https:\/\/rst-steel.com\/wp-content\/uploads\/2023\/04\/cropped-Rst-logo-valkoinen-teksti-3.png","contentUrl":"https:\/\/rst-steel.com\/wp-content\/uploads\/2023\/04\/cropped-Rst-logo-valkoinen-teksti-3.png","width":512,"height":115,"caption":"RST-Steel Oy"},"image":{"@id":"https:\/\/rst-steel.com\/#\/schema\/logo\/image\/"},"sameAs":["https:\/\/www.facebook.com\/rststeel","https:\/\/www.instagram.com\/rststeeloy\/"]}]}},"brands":[],"_links":{"self":[{"href":"https:\/\/rst-steel.com\/nb\/wp-json\/wp\/v2\/product\/121651","targetHints":{"allow":["GET"]}}],"collection":[{"href":"https:\/\/rst-steel.com\/nb\/wp-json\/wp\/v2\/product"}],"about":[{"href":"https:\/\/rst-steel.com\/nb\/wp-json\/wp\/v2\/types\/product"}],"replies":[{"embeddable":true,"href":"https:\/\/rst-steel.com\/nb\/wp-json\/wp\/v2\/comments?post=121651"}],"version-history":[{"count":0,"href":"https:\/\/rst-steel.com\/nb\/wp-json\/wp\/v2\/product\/121651\/revisions"}],"wp:featuredmedia":[{"embeddable":true,"href":"https:\/\/rst-steel.com\/nb\/wp-json\/wp\/v2\/media\/121650"}],"wp:attachment":[{"href":"https:\/\/rst-steel.com\/nb\/wp-json\/wp\/v2\/media?parent=121651"}],"wp:term":[{"taxonomy":"make_fuel_type","embeddable":true,"href":"https:\/\/rst-steel.com\/nb\/wp-json\/wp\/v2\/make_fuel_type?post=121651"},{"taxonomy":"make_model","embeddable":true,"href":"https:\/\/rst-steel.com\/nb\/wp-json\/wp\/v2\/make_model?post=121651"},{"taxonomy":"make_brand","embeddable":true,"href":"https:\/\/rst-steel.com\/nb\/wp-json\/wp\/v2\/make_brand?post=121651"},{"taxonomy":"make_year","embeddable":true,"href":"https:\/\/rst-steel.com\/nb\/wp-json\/wp\/v2\/make_year?post=121651"},{"taxonomy":"pwb-brand","embeddable":true,"href":"https:\/\/rst-steel.com\/nb\/wp-json\/wp\/v2\/pwb-brand?post=121651"},{"taxonomy":"product_brand","embeddable":true,"href":"https:\/\/rst-steel.com\/nb\/wp-json\/wp\/v2\/product_brand?post=121651"},{"taxonomy":"product_cat","embeddable":true,"href":"https:\/\/rst-steel.com\/nb\/wp-json\/wp\/v2\/product_cat?post=121651"},{"taxonomy":"product_tag","embeddable":true,"href":"https:\/\/rst-steel.com\/nb\/wp-json\/wp\/v2\/product_tag?post=121651"}],"curies":[{"name":"wp","href":"https:\/\/api.w.org\/{rel}","templated":true}]}}