{"id":121757,"date":"2026-02-18T13:26:36","date_gmt":"2026-02-18T10:26:36","guid":{"rendered":"https:\/\/rst-steel.com\/product\/rear-bar-76mm-caterpillar-325-2020-_prm_77367\/"},"modified":"2026-03-19T10:29:49","modified_gmt":"2026-03-19T07:29:49","slug":"rear-bar-76mm-caterpillar-325-2020-_prm_77367","status":"publish","type":"product","link":"https:\/\/rst-steel.com\/nb\/produkt\/rear-bar-76mm-caterpillar-325-2020-_prm_77367\/","title":{"rendered":"Counterweight Bar 76mm Caterpillar 325 2020-"},"content":{"rendered":"<div class=\"pointer-events-none h-px w-px absolute bottom-0\" aria-hidden=\"true\" data-edge=\"true\"><strong>Counterweight Bar 76mm Caterpillar 325 2020-<\/strong><\/div>\n<div class=\"flex flex-col text-sm pb-25\">\n<article class=\"text-token-text-primary w-full focus:outline-none [--shadow-height:45px] has-data-writing-block:pointer-events-none has-data-writing-block:-mt-(--shadow-height) has-data-writing-block:pt-(--shadow-height) [&amp;:has([data-writing-block])&gt;*]:pointer-events-auto scroll-mt-[calc(var(--header-height)+min(200px,max(70px,20svh)))]\" dir=\"auto\" data-turn-id=\"request-699341a8-a74c-832b-9b7e-4ffaff75d1aa-59\" data-testid=\"conversation-turn-140\" data-scroll-anchor=\"true\" data-turn=\"assistant\">\n<div class=\"text-base my-auto mx-auto pb-10 [--thread-content-margin:--spacing(4)] @w-sm\/main:[--thread-content-margin:--spacing(6)] @w-lg\/main:[--thread-content-margin:--spacing(16)] px-(--thread-content-margin)\">\n<div class=\"[--thread-content-max-width:40rem] @w-lg\/main:[--thread-content-max-width:48rem] mx-auto max-w-(--thread-content-max-width) flex-1 group\/turn-messages focus-visible:outline-hidden relative flex w-full min-w-0 flex-col agent-turn\">\n<div class=\"flex max-w-full flex-col grow\">\n<div class=\"min-h-8 text-message relative flex w-full flex-col items-end gap-2 text-start break-words whitespace-normal [.text-message+&amp;]:mt-1\" dir=\"auto\" data-message-author-role=\"assistant\" data-message-id=\"8338303b-a5b2-4983-8676-f86f6b15cc82\" data-message-model-slug=\"gpt-5-mini\">\n<div class=\"flex w-full flex-col gap-1 empty:hidden first:pt-[1px]\">\n<div class=\"markdown prose dark:prose-invert w-full wrap-break-word dark markdown-new-styling\">\n<p data-start=\"66\" data-end=\"161\">RST-Steel counterweight bars are high-quality Key Flag products made in Finland from stainless steel.<\/p>\n<p data-start=\"163\" data-end=\"372\">This stylish counterweight bar enhances the look of your machine while providing practical functionality \u2013 it can be equipped with marker lights, strobe lights, and work lights to improve visibility on the worksite.<\/p>\n<p data-start=\"374\" data-end=\"419\">Kompatibel med nye 2025+ maskiner<\/p>\n<p data-start=\"421\" data-end=\"444\"><span style=\"font-weight: bold;\">Hvorfor velge RST-Steel?<\/span><\/p>\n<ul data-start=\"445\" data-end=\"772\">\n<li data-start=\"445\" data-end=\"581\">\n<p data-start=\"447\" data-end=\"581\" class=\"translation-block\">laget i Finland: \u00c5 velge RST-Steel st\u00f8tter finsk h\u00e5ndverk \u2013 alle produkter produseres i v\u00e5r egen fabrikk i Nivala, Finland.<\/p>\n<\/li>\n<li data-start=\"582\" data-end=\"672\">\n<p data-start=\"584\" data-end=\"672\" class=\"translation-block\">P\u00e5litelighet: \u00c5r med erfaring og ekspertise sikrer h\u00f8y kvalitet og holdbarhet.<\/p>\n<\/li>\n<li data-start=\"673\" data-end=\"772\">\n<p data-start=\"675\" data-end=\"772\"><strong data-start=\"675\" data-end=\"701\">Kundetilfredshet:<\/strong> Tusenvis av forn\u00f8yde kunder over hele verden stoler p\u00e5 RST-Steel-produkter.<\/p>\n<\/li>\n<\/ul>\n<ul data-start=\"445\" data-end=\"772\">\n<li data-start=\"673\" data-end=\"772\"><\/li>\n<\/ul>\n<p data-start=\"774\" data-end=\"801\"><span style=\"font-weight: bold;\">Tekniske spesifikasjoner:<\/span><\/p>\n<ul data-start=\"802\" data-end=\"925\">\n<li data-start=\"802\" data-end=\"874\">\n<p data-start=\"804\" data-end=\"874\">farge: polert rustfritt st\u00e5l eller Lakkert i standard RAL-farger<\/p>\n<\/li>\n<li data-start=\"875\" data-end=\"899\">\n<p data-start=\"877\" data-end=\"899\">r\u00f8rdiameter: 76mm<\/p>\n<\/li>\n<li data-start=\"900\" data-end=\"925\">\n<p data-start=\"902\" data-end=\"925\">2 sveisede lysfeste<\/p>\n<\/li>\n<\/ul>\n<ul data-start=\"802\" data-end=\"925\">\n<li data-start=\"900\" data-end=\"925\"><\/li>\n<\/ul>\n<p data-start=\"927\" data-end=\"946\"><span style=\"font-weight: bold;\">Pakken inkluderer:<\/span><\/p>\n<ul data-start=\"947\" data-end=\"1019\" data-is-last-node=\"\" data-is-only-node=\"\">\n<li data-start=\"947\" data-end=\"960\">\n<p data-start=\"949\" data-end=\"960\">Counterweight bar 76mm Caterpillar<\/p>\n<\/li>\n<li data-start=\"961\" data-end=\"991\">\n<p data-start=\"963\" data-end=\"991\">N\u00f8dvendige monteringsbraketter<\/p>\n<\/li>\n<li data-start=\"992\" data-end=\"1019\" data-is-last-node=\"\">\n<p data-start=\"994\" data-end=\"1019\" data-is-last-node=\"\">Installasjonsinstruksjoner<\/p>\n<\/li>\n<\/ul>\n<\/div>\n<\/div>\n<\/div>\n<\/div>\n<\/div>\n<\/div>\n<\/article>\n<\/div>","protected":false},"excerpt":{"rendered":"<p>Flere ulike modeller finnes tilgjengelig<\/p>","protected":false},"featured_media":121755,"comment_status":"open","ping_status":"closed","template":"","meta":{"_improvement_type_select":"improve_an_existing","_thumb_yes_seoaic":false,"_frame_yes_seoaic":false,"seoaic_generate_description":"","seoaic_improve_instructions_prompt":"","seoaic_rollback_content_improvement":"","seoaic_idea_thumbnail_generator":"","thumbnail_generated":false,"thumbnail_generate_prompt":"","seoaic_article_description":""},"make_fuel_type":[],"make_model":[],"make_brand":[6466],"make_year":[6465],"pwb-brand":[8334],"product_brand":[],"product_cat":[6057,6069,7281],"product_tag":[],"class_list":{"0":"post-121757","1":"product","2":"type-product","3":"status-publish","4":"has-post-thumbnail","6":"make_brand-caterpillar","7":"make_year-workmachines","8":"pwb-brand-brand_rststeel","9":"product_cat-lightbars","10":"product_cat-rearbars-for-excavators","11":"product_cat-caterpillar-vr-kkp","12":"product_shipping_class-lightbars","14":"first","15":"onbackorder","16":"taxable","17":"shipping-taxable","18":"purchasable","19":"product-type-variable"},"yoast_head":"<!-- This site is optimized with the Yoast SEO plugin v25.7 - https:\/\/yoast.com\/wordpress\/plugins\/seo\/ -->\n<title>Counterweight Bar 76mm Caterpillar 325 2020- RST-Steel<\/title>\n<meta name=\"description\" content=\"Counterweight Bar 76mm for Caterpillar 325 (2020+) \u2013 durable stainless steel, easy to install, stylish and practical for mounting lights.\" \/>\n<meta name=\"robots\" content=\"index, follow, max-snippet:-1, max-image-preview:large, max-video-preview:-1\" \/>\n<link rel=\"canonical\" href=\"https:\/\/rst-steel.com\/nb\/produkt\/rear-bar-76mm-caterpillar-325-2020-_prm_77367\/\" \/>\n<meta property=\"og:locale\" content=\"nb_NO\" \/>\n<meta property=\"og:type\" content=\"article\" \/>\n<meta property=\"og:title\" content=\"Counterweight Bar 76mm Caterpillar 325 2020- RST-Steel\" \/>\n<meta property=\"og:description\" content=\"Counterweight Bar 76mm for Caterpillar 325 (2020+) \u2013 durable stainless steel, easy to install, stylish and practical for mounting lights.\" \/>\n<meta property=\"og:url\" content=\"https:\/\/rst-steel.com\/nb\/produkt\/rear-bar-76mm-caterpillar-325-2020-_prm_77367\/\" \/>\n<meta property=\"og:site_name\" content=\"RST-Steel\" \/>\n<meta property=\"article:publisher\" content=\"https:\/\/www.facebook.com\/rststeel\" \/>\n<meta property=\"article:modified_time\" content=\"2026-03-19T07:29:49+00:00\" \/>\n<meta property=\"og:image\" content=\"https:\/\/rst-steel.com\/wp-content\/uploads\/2026\/02\/a526934ae7996ba68ba7fc11a53c6170d3b40e56_TCA220CM_web.jpg\" \/>\n\t<meta property=\"og:image:width\" content=\"1080\" \/>\n\t<meta property=\"og:image:height\" content=\"1080\" \/>\n\t<meta property=\"og:image:type\" content=\"image\/jpeg\" \/>\n<meta name=\"twitter:card\" content=\"summary_large_image\" \/>\n<meta name=\"twitter:label1\" content=\"Ansl. lesetid\" \/>\n\t<meta name=\"twitter:data1\" content=\"1 minutt\" \/>\n<script type=\"application\/ld+json\" class=\"yoast-schema-graph\">{\"@context\":\"https:\/\/schema.org\",\"@graph\":[{\"@type\":\"WebPage\",\"@id\":\"https:\/\/rst-steel.com\/product\/rear-bar-76mm-caterpillar-325-2020-_prm_77367\/\",\"url\":\"https:\/\/rst-steel.com\/product\/rear-bar-76mm-caterpillar-325-2020-_prm_77367\/\",\"name\":\"Counterweight Bar 76mm Caterpillar 325 2020- RST-Steel\",\"isPartOf\":{\"@id\":\"https:\/\/rst-steel.com\/#website\"},\"primaryImageOfPage\":{\"@id\":\"https:\/\/rst-steel.com\/product\/rear-bar-76mm-caterpillar-325-2020-_prm_77367\/#primaryimage\"},\"image\":{\"@id\":\"https:\/\/rst-steel.com\/product\/rear-bar-76mm-caterpillar-325-2020-_prm_77367\/#primaryimage\"},\"thumbnailUrl\":\"https:\/\/rst-steel.com\/wp-content\/uploads\/2026\/02\/a526934ae7996ba68ba7fc11a53c6170d3b40e56_TCA220CM_web.jpg\",\"datePublished\":\"2026-02-18T10:26:36+00:00\",\"dateModified\":\"2026-03-19T07:29:49+00:00\",\"description\":\"Counterweight Bar 76mm for Caterpillar 325 (2020+) \u2013 durable stainless steel, easy to install, stylish and practical for mounting lights.\",\"breadcrumb\":{\"@id\":\"https:\/\/rst-steel.com\/product\/rear-bar-76mm-caterpillar-325-2020-_prm_77367\/#breadcrumb\"},\"inLanguage\":\"nb-NO\",\"potentialAction\":[{\"@type\":\"ReadAction\",\"target\":[\"https:\/\/rst-steel.com\/product\/rear-bar-76mm-caterpillar-325-2020-_prm_77367\/\"]}]},{\"@type\":\"ImageObject\",\"inLanguage\":\"nb-NO\",\"@id\":\"https:\/\/rst-steel.com\/product\/rear-bar-76mm-caterpillar-325-2020-_prm_77367\/#primaryimage\",\"url\":\"https:\/\/rst-steel.com\/wp-content\/uploads\/2026\/02\/a526934ae7996ba68ba7fc11a53c6170d3b40e56_TCA220CM_web.jpg\",\"contentUrl\":\"https:\/\/rst-steel.com\/wp-content\/uploads\/2026\/02\/a526934ae7996ba68ba7fc11a53c6170d3b40e56_TCA220CM_web.jpg\",\"width\":1080,\"height\":1080,\"caption\":\"Counterweight Bar 76mm Caterpillar 325 2020-\"},{\"@type\":\"BreadcrumbList\",\"@id\":\"https:\/\/rst-steel.com\/product\/rear-bar-76mm-caterpillar-325-2020-_prm_77367\/#breadcrumb\",\"itemListElement\":[{\"@type\":\"ListItem\",\"position\":1,\"name\":\"Home\",\"item\":\"https:\/\/rst-steel.com\/\"},{\"@type\":\"ListItem\",\"position\":2,\"name\":\"RST-Steel Shop\",\"item\":\"https:\/\/rst-steel.com\/shop\/\"},{\"@type\":\"ListItem\",\"position\":3,\"name\":\"Counterweight Bar 76mm Caterpillar 325 2020-\"}]},{\"@type\":\"WebSite\",\"@id\":\"https:\/\/rst-steel.com\/#website\",\"url\":\"https:\/\/rst-steel.com\/\",\"name\":\"RST-Steel.com\",\"description\":\"Finnish quality steel, for quality-conscious drivers\",\"publisher\":{\"@id\":\"https:\/\/rst-steel.com\/#organization\"},\"alternateName\":\"Safe and stylish RST-Steel quality\",\"potentialAction\":[{\"@type\":\"SearchAction\",\"target\":{\"@type\":\"EntryPoint\",\"urlTemplate\":\"https:\/\/rst-steel.com\/?s={search_term_string}\"},\"query-input\":{\"@type\":\"PropertyValueSpecification\",\"valueRequired\":true,\"valueName\":\"search_term_string\"}}],\"inLanguage\":\"nb-NO\"},{\"@type\":\"Organization\",\"@id\":\"https:\/\/rst-steel.com\/#organization\",\"name\":\"RST-Steel Oy\",\"url\":\"https:\/\/rst-steel.com\/\",\"logo\":{\"@type\":\"ImageObject\",\"inLanguage\":\"nb-NO\",\"@id\":\"https:\/\/rst-steel.com\/#\/schema\/logo\/image\/\",\"url\":\"https:\/\/rst-steel.com\/wp-content\/uploads\/2023\/04\/cropped-Rst-logo-valkoinen-teksti-3.png\",\"contentUrl\":\"https:\/\/rst-steel.com\/wp-content\/uploads\/2023\/04\/cropped-Rst-logo-valkoinen-teksti-3.png\",\"width\":512,\"height\":115,\"caption\":\"RST-Steel Oy\"},\"image\":{\"@id\":\"https:\/\/rst-steel.com\/#\/schema\/logo\/image\/\"},\"sameAs\":[\"https:\/\/www.facebook.com\/rststeel\",\"https:\/\/www.instagram.com\/rststeeloy\/\"]}]}<\/script>\n<!-- \/ Yoast SEO plugin. -->","yoast_head_json":{"title":"Counterweight Bar 76mm Caterpillar 325 2020- RST-Steel","description":"Counterweight Bar 76mm for Caterpillar 325 (2020+) \u2013 durable stainless steel, easy to install, stylish and practical for mounting lights.","robots":{"index":"index","follow":"follow","max-snippet":"max-snippet:-1","max-image-preview":"max-image-preview:large","max-video-preview":"max-video-preview:-1"},"canonical":"https:\/\/rst-steel.com\/nb\/produkt\/rear-bar-76mm-caterpillar-325-2020-_prm_77367\/","og_locale":"nb_NO","og_type":"article","og_title":"Counterweight Bar 76mm Caterpillar 325 2020- RST-Steel","og_description":"Counterweight Bar 76mm for Caterpillar 325 (2020+) \u2013 durable stainless steel, easy to install, stylish and practical for mounting lights.","og_url":"https:\/\/rst-steel.com\/nb\/produkt\/rear-bar-76mm-caterpillar-325-2020-_prm_77367\/","og_site_name":"RST-Steel","article_publisher":"https:\/\/www.facebook.com\/rststeel","article_modified_time":"2026-03-19T07:29:49+00:00","og_image":[{"width":1080,"height":1080,"url":"https:\/\/rst-steel.com\/wp-content\/uploads\/2026\/02\/a526934ae7996ba68ba7fc11a53c6170d3b40e56_TCA220CM_web.jpg","type":"image\/jpeg"}],"twitter_card":"summary_large_image","twitter_misc":{"Ansl. lesetid":"1 minutt"},"schema":{"@context":"https:\/\/schema.org","@graph":[{"@type":"WebPage","@id":"https:\/\/rst-steel.com\/product\/rear-bar-76mm-caterpillar-325-2020-_prm_77367\/","url":"https:\/\/rst-steel.com\/product\/rear-bar-76mm-caterpillar-325-2020-_prm_77367\/","name":"Counterweight Bar 76mm Caterpillar 325 2020- RST-Steel","isPartOf":{"@id":"https:\/\/rst-steel.com\/#website"},"primaryImageOfPage":{"@id":"https:\/\/rst-steel.com\/product\/rear-bar-76mm-caterpillar-325-2020-_prm_77367\/#primaryimage"},"image":{"@id":"https:\/\/rst-steel.com\/product\/rear-bar-76mm-caterpillar-325-2020-_prm_77367\/#primaryimage"},"thumbnailUrl":"https:\/\/rst-steel.com\/wp-content\/uploads\/2026\/02\/a526934ae7996ba68ba7fc11a53c6170d3b40e56_TCA220CM_web.jpg","datePublished":"2026-02-18T10:26:36+00:00","dateModified":"2026-03-19T07:29:49+00:00","description":"Counterweight Bar 76mm for Caterpillar 325 (2020+) \u2013 durable stainless steel, easy to install, stylish and practical for mounting lights.","breadcrumb":{"@id":"https:\/\/rst-steel.com\/product\/rear-bar-76mm-caterpillar-325-2020-_prm_77367\/#breadcrumb"},"inLanguage":"nb-NO","potentialAction":[{"@type":"ReadAction","target":["https:\/\/rst-steel.com\/product\/rear-bar-76mm-caterpillar-325-2020-_prm_77367\/"]}]},{"@type":"ImageObject","inLanguage":"nb-NO","@id":"https:\/\/rst-steel.com\/product\/rear-bar-76mm-caterpillar-325-2020-_prm_77367\/#primaryimage","url":"https:\/\/rst-steel.com\/wp-content\/uploads\/2026\/02\/a526934ae7996ba68ba7fc11a53c6170d3b40e56_TCA220CM_web.jpg","contentUrl":"https:\/\/rst-steel.com\/wp-content\/uploads\/2026\/02\/a526934ae7996ba68ba7fc11a53c6170d3b40e56_TCA220CM_web.jpg","width":1080,"height":1080,"caption":"Counterweight Bar 76mm Caterpillar 325 2020-"},{"@type":"BreadcrumbList","@id":"https:\/\/rst-steel.com\/product\/rear-bar-76mm-caterpillar-325-2020-_prm_77367\/#breadcrumb","itemListElement":[{"@type":"ListItem","position":1,"name":"Home","item":"https:\/\/rst-steel.com\/"},{"@type":"ListItem","position":2,"name":"RST-Steel Shop","item":"https:\/\/rst-steel.com\/shop\/"},{"@type":"ListItem","position":3,"name":"Counterweight Bar 76mm Caterpillar 325 2020-"}]},{"@type":"WebSite","@id":"https:\/\/rst-steel.com\/#website","url":"https:\/\/rst-steel.com\/","name":"RST-Steel.com","description":"Finsk kvalitetsst\u00e5l, for kvalitetsbevisste sj\u00e5f\u00f8rer","publisher":{"@id":"https:\/\/rst-steel.com\/#organization"},"alternateName":"Safe and stylish RST-Steel quality","potentialAction":[{"@type":"SearchAction","target":{"@type":"EntryPoint","urlTemplate":"https:\/\/rst-steel.com\/?s={search_term_string}"},"query-input":{"@type":"PropertyValueSpecification","valueRequired":true,"valueName":"search_term_string"}}],"inLanguage":"nb-NO"},{"@type":"Organization","@id":"https:\/\/rst-steel.com\/#organization","name":"RST-Steel Oy","url":"https:\/\/rst-steel.com\/","logo":{"@type":"ImageObject","inLanguage":"nb-NO","@id":"https:\/\/rst-steel.com\/#\/schema\/logo\/image\/","url":"https:\/\/rst-steel.com\/wp-content\/uploads\/2023\/04\/cropped-Rst-logo-valkoinen-teksti-3.png","contentUrl":"https:\/\/rst-steel.com\/wp-content\/uploads\/2023\/04\/cropped-Rst-logo-valkoinen-teksti-3.png","width":512,"height":115,"caption":"RST-Steel Oy"},"image":{"@id":"https:\/\/rst-steel.com\/#\/schema\/logo\/image\/"},"sameAs":["https:\/\/www.facebook.com\/rststeel","https:\/\/www.instagram.com\/rststeeloy\/"]}]}},"brands":[{"id":8334,"name":"RST-Steel","slug":"brand_rststeel"}],"_links":{"self":[{"href":"https:\/\/rst-steel.com\/nb\/wp-json\/wp\/v2\/product\/121757","targetHints":{"allow":["GET"]}}],"collection":[{"href":"https:\/\/rst-steel.com\/nb\/wp-json\/wp\/v2\/product"}],"about":[{"href":"https:\/\/rst-steel.com\/nb\/wp-json\/wp\/v2\/types\/product"}],"replies":[{"embeddable":true,"href":"https:\/\/rst-steel.com\/nb\/wp-json\/wp\/v2\/comments?post=121757"}],"version-history":[{"count":0,"href":"https:\/\/rst-steel.com\/nb\/wp-json\/wp\/v2\/product\/121757\/revisions"}],"wp:featuredmedia":[{"embeddable":true,"href":"https:\/\/rst-steel.com\/nb\/wp-json\/wp\/v2\/media\/121755"}],"wp:attachment":[{"href":"https:\/\/rst-steel.com\/nb\/wp-json\/wp\/v2\/media?parent=121757"}],"wp:term":[{"taxonomy":"make_fuel_type","embeddable":true,"href":"https:\/\/rst-steel.com\/nb\/wp-json\/wp\/v2\/make_fuel_type?post=121757"},{"taxonomy":"make_model","embeddable":true,"href":"https:\/\/rst-steel.com\/nb\/wp-json\/wp\/v2\/make_model?post=121757"},{"taxonomy":"make_brand","embeddable":true,"href":"https:\/\/rst-steel.com\/nb\/wp-json\/wp\/v2\/make_brand?post=121757"},{"taxonomy":"make_year","embeddable":true,"href":"https:\/\/rst-steel.com\/nb\/wp-json\/wp\/v2\/make_year?post=121757"},{"taxonomy":"pwb-brand","embeddable":true,"href":"https:\/\/rst-steel.com\/nb\/wp-json\/wp\/v2\/pwb-brand?post=121757"},{"taxonomy":"product_brand","embeddable":true,"href":"https:\/\/rst-steel.com\/nb\/wp-json\/wp\/v2\/product_brand?post=121757"},{"taxonomy":"product_cat","embeddable":true,"href":"https:\/\/rst-steel.com\/nb\/wp-json\/wp\/v2\/product_cat?post=121757"},{"taxonomy":"product_tag","embeddable":true,"href":"https:\/\/rst-steel.com\/nb\/wp-json\/wp\/v2\/product_tag?post=121757"}],"curies":[{"name":"wp","href":"https:\/\/api.w.org\/{rel}","templated":true}]}}