{"id":121836,"date":"2026-02-19T09:25:36","date_gmt":"2026-02-19T06:25:36","guid":{"rendered":"https:\/\/rst-steel.com\/product\/roof-bar-with-side-extensions-volvo-fh4-globetrotter_prm_10128\/"},"modified":"2026-03-16T09:20:20","modified_gmt":"2026-03-16T06:20:20","slug":"roof-bar-with-side-extensions-volvo-fh4-globetrotter_prm_10128","status":"publish","type":"product","link":"https:\/\/rst-steel.com\/nb\/produkt\/roof-bar-with-side-extensions-volvo-fh4-globetrotter_prm_10128\/","title":{"rendered":"Roof bar Basic Long V08 Volvo FH4- Globe"},"content":{"rendered":"<p data-start=\"0\" data-end=\"126\"><strong>Roof bar Basic Long V08 Volvo FH4- Globe<\/strong><\/p>\n<p data-start=\"0\" data-end=\"126\"><span style=\"font-weight: bold;\">Uten takspoiler og sidediflektorer<\/span><\/p>\n<ul>\n<li><\/li>\n<\/ul>\n<h3 data-start=\"133\" data-end=\"146\">Egenskaper:<\/h3>\n<ul>\n<li class=\"translation-block\">Kompatibilitet: Designet for Volvo FH4 og Volvo FH med Globetrotter-hytte, noe som sikrer en rask og problemfri montering.<\/li>\n<li><strong data-start=\"342\" data-end=\"357\">Holdbarhet:\u00a0<\/strong>Laget av rustfritt st\u00e5l av h\u00f8y kvalitet for \u00e5 t\u00e5le selv de t\u00f8ffeste forholdene.<\/li>\n<\/ul>\n<ul>\n<li><strong data-start=\"451\" data-end=\"474\">Stilig utseende:<\/strong>Denne takb\u00f8ylen gir kj\u00f8ret\u00f8yet ditt et moderne og dynamisk utseende. Det str\u00f8mlinjeformede designet og den polerte eller lakkerte st\u00e5loverflaten gj\u00f8r at lastebilen din skiller seg ut med et kraftfullt uttrykk.<\/li>\n<\/ul>\n<ul>\n<li><strong data-start=\"651\" data-end=\"684\">Montering av ekstralys:<\/strong><br data-start=\"684\" data-end=\"687\" \/>Monter flere ekstralys enkelt takket v\u00e6re de sveisede monteringsbrakettene.<\/li>\n<\/ul>\n<ul>\n<li><strong data-start=\"767\" data-end=\"778\">Sikkerhet:<\/strong><br data-start=\"778\" data-end=\"781\" \/>Forbedrer synligheten i m\u00f8rke og krevende kj\u00f8reforhold, og \u00f8ker sikkerheten for b\u00e5de f\u00f8rer og andre trafikanter.<\/li>\n<\/ul>\n<ul>\n<li><\/li>\n<\/ul>\n<p data-start=\"908\" data-end=\"1025\">RST-Steels takb\u00f8yler er h\u00f8ykvalitets-produkter produsert i Finland av rustfritt st\u00e5l.<\/p>\n<p data-start=\"1027\" data-end=\"1226\">En stilren ekstralysb\u00f8yle fullf\u00f8rer kj\u00f8ret\u00f8yets utseende samtidig som den gir praktisk funksjonalitet \u2013 b\u00f8ylen kan utstyres med markeringslys og ekstralys for \u00e5 gj\u00f8re deg enda mer synlig i trafikken.<\/p>\n<ul>\n<li><\/li>\n<\/ul>\n<p data-start=\"1233\" data-end=\"1275\"><span style=\"font-weight: bold;\">Denne modellen har plass til for eksempel:<\/span><\/p>\n<ul data-start=\"1276\" data-end=\"1346\">\n<li data-start=\"1276\" data-end=\"1310\">\n<p data-start=\"1278\" data-end=\"1310\">3 stk 40 cm LED-lysramper, eller<\/p>\n<\/li>\n<li data-start=\"1311\" data-end=\"1346\">\n<p data-start=\"1313\" data-end=\"1346\">6 pcs round 9&#8243; auxiliary lights<\/p>\n<\/li>\n<\/ul>\n<ul data-start=\"1276\" data-end=\"1346\">\n<li data-start=\"1311\" data-end=\"1346\"><\/li>\n<\/ul>\n<h3 data-start=\"1353\" data-end=\"1378\">Hvorfor velge RST-Steel?<\/h3>\n<ul>\n<li><strong data-start=\"1380\" data-end=\"1406\">Finsk produksjon:\u00a0<\/strong>Ved \u00e5 velge RST-Steel st\u00f8tter du finsk h\u00e5ndverk \u2013 alle v\u00e5re produkter produseres i Nivala ved v\u00e5rt eget produksjonsanlegg.<\/li>\n<li><strong data-start=\"1545\" data-end=\"1561\">Reliability:\u00a0<\/strong>Mange \u00e5rs erfaring og ekspertise garanterer h\u00f8y kvalitet og lang levetid for produktene v\u00e5re.<\/li>\n<li><strong data-start=\"1658\" data-end=\"1684\">Kundetilfredshet:\u00a0<\/strong>Thousands of satisfied customers around the world trust RST-Steel products.<\/li>\n<\/ul>\n<ul>\n<li><\/li>\n<\/ul>\n<h3 data-start=\"1769\" data-end=\"1798\">Tekniske spesifikasjoner:<\/h3>\n<ul data-start=\"1800\" data-end=\"1974\">\n<li data-start=\"1800\" data-end=\"1890\">\n<p data-start=\"1802\" data-end=\"1890\"><strong data-start=\"1802\" data-end=\"1822\">Material\/Finish:<\/strong> Speilpolert rustfritt st\u00e5l eller lakkert i standard RAL-farger<\/p>\n<\/li>\n<li data-start=\"1891\" data-end=\"1919\">\n<p data-start=\"1893\" data-end=\"1919\"><strong data-start=\"1893\" data-end=\"1911\">R\u00f8rdiameter:<\/strong> 76 mm<\/p>\n<\/li>\n<li data-start=\"1920\" data-end=\"1974\">\n<p data-start=\"1922\" data-end=\"1974\" class=\"translation-block\">Montering av ekstralys: Sveiset monteringsskinne<\/p>\n<\/li>\n<\/ul>\n<ul data-start=\"1800\" data-end=\"1974\">\n<li data-start=\"1920\" data-end=\"1974\"><\/li>\n<\/ul>\n<h3 data-start=\"1981\" data-end=\"2002\">Pakken inneholder:<\/h3>\n<ul data-start=\"2004\" data-end=\"2083\">\n<li data-start=\"2004\" data-end=\"2022\">\n<p data-start=\"2006\" data-end=\"2022\">Takbjelke<\/p>\n<\/li>\n<li data-start=\"2023\" data-end=\"2053\">\n<p data-start=\"2025\" data-end=\"2053\">N\u00f8dvendige monteringsbraketter<\/p>\n<\/li>\n<li data-start=\"2054\" data-end=\"2083\">\n<p data-start=\"2056\" data-end=\"2083\">Installasjonsinstruksjoner<\/p>\n<\/li>\n<\/ul>","protected":false},"excerpt":{"rendered":"<p>For kj\u00f8ret\u00f8y utstyrt med Globetrotter-hytte!<\/p>","protected":false},"featured_media":121834,"comment_status":"open","ping_status":"closed","template":"","meta":{"_improvement_type_select":"improve_an_existing","_thumb_yes_seoaic":false,"_frame_yes_seoaic":false,"seoaic_generate_description":"","seoaic_improve_instructions_prompt":"","seoaic_rollback_content_improvement":"","seoaic_idea_thumbnail_generator":"","thumbnail_generated":false,"thumbnail_generate_prompt":"","seoaic_article_description":""},"make_fuel_type":[],"make_model":[],"make_brand":[3745],"make_year":[3748],"pwb-brand":[8334],"product_brand":[],"product_cat":[6057,6058,7166],"product_tag":[7549,8480],"class_list":{"0":"post-121836","1":"product","2":"type-product","3":"status-publish","4":"has-post-thumbnail","6":"make_brand-volvo","7":"make_year-trucks","8":"pwb-brand-brand_rststeel","9":"product_cat-lightbars","10":"product_cat-roofbars-for-trucks","11":"product_cat-volvo-ka-lt","12":"product_tag-takbage","13":"product_tag-volvo-roof-bar","14":"product_shipping_class-lightbars","16":"first","17":"onbackorder","18":"taxable","19":"shipping-taxable","20":"purchasable","21":"product-type-variable"},"yoast_head":"<!-- This site is optimized with the Yoast SEO plugin v25.7 - https:\/\/yoast.com\/wordpress\/plugins\/seo\/ -->\n<title>Roof bar Basic Long V08 Volvo FH4- Globe - RST-Steel<\/title>\n<meta name=\"description\" content=\"Roof bar with side extensions for Volvo FH4 Globetrotter \u2013 durable stainless steel, easy light installation, stylish design, enhances safety and visibility.\" \/>\n<meta name=\"robots\" content=\"index, follow, max-snippet:-1, max-image-preview:large, max-video-preview:-1\" \/>\n<link rel=\"canonical\" href=\"https:\/\/rst-steel.com\/nb\/produkt\/roof-bar-with-side-extensions-volvo-fh4-globetrotter_prm_10128\/\" \/>\n<meta property=\"og:locale\" content=\"nb_NO\" \/>\n<meta property=\"og:type\" content=\"article\" \/>\n<meta property=\"og:title\" content=\"Roof bar Basic Long V08 Volvo FH4- Globe - RST-Steel\" \/>\n<meta property=\"og:description\" content=\"Roof bar with side extensions for Volvo FH4 Globetrotter \u2013 durable stainless steel, easy light installation, stylish design, enhances safety and visibility.\" \/>\n<meta property=\"og:url\" content=\"https:\/\/rst-steel.com\/nb\/produkt\/roof-bar-with-side-extensions-volvo-fh4-globetrotter_prm_10128\/\" \/>\n<meta property=\"og:site_name\" content=\"RST-Steel\" \/>\n<meta property=\"article:publisher\" content=\"https:\/\/www.facebook.com\/rststeel\" \/>\n<meta property=\"article:modified_time\" content=\"2026-03-16T06:20:20+00:00\" \/>\n<meta property=\"og:image\" content=\"https:\/\/rst-steel.com\/wp-content\/uploads\/2026\/02\/c4c4e87f99ad576a2352eda54a3a636f8beca672_VO2108B.jpg\" \/>\n\t<meta property=\"og:image:width\" content=\"1920\" \/>\n\t<meta property=\"og:image:height\" content=\"1080\" \/>\n\t<meta property=\"og:image:type\" content=\"image\/jpeg\" \/>\n<meta name=\"twitter:card\" content=\"summary_large_image\" \/>\n<meta name=\"twitter:label1\" content=\"Ansl. lesetid\" \/>\n\t<meta name=\"twitter:data1\" content=\"2 minutter\" \/>\n<script type=\"application\/ld+json\" class=\"yoast-schema-graph\">{\"@context\":\"https:\/\/schema.org\",\"@graph\":[{\"@type\":\"WebPage\",\"@id\":\"https:\/\/rst-steel.com\/product\/roof-bar-with-side-extensions-volvo-fh4-globetrotter_prm_10128\/\",\"url\":\"https:\/\/rst-steel.com\/product\/roof-bar-with-side-extensions-volvo-fh4-globetrotter_prm_10128\/\",\"name\":\"Roof bar Basic Long V08 Volvo FH4- Globe - RST-Steel\",\"isPartOf\":{\"@id\":\"https:\/\/rst-steel.com\/#website\"},\"primaryImageOfPage\":{\"@id\":\"https:\/\/rst-steel.com\/product\/roof-bar-with-side-extensions-volvo-fh4-globetrotter_prm_10128\/#primaryimage\"},\"image\":{\"@id\":\"https:\/\/rst-steel.com\/product\/roof-bar-with-side-extensions-volvo-fh4-globetrotter_prm_10128\/#primaryimage\"},\"thumbnailUrl\":\"https:\/\/rst-steel.com\/wp-content\/uploads\/2026\/02\/c4c4e87f99ad576a2352eda54a3a636f8beca672_VO2108B.jpg\",\"datePublished\":\"2026-02-19T06:25:36+00:00\",\"dateModified\":\"2026-03-16T06:20:20+00:00\",\"description\":\"Roof bar with side extensions for Volvo FH4 Globetrotter \u2013 durable stainless steel, easy light installation, stylish design, enhances safety and visibility.\",\"breadcrumb\":{\"@id\":\"https:\/\/rst-steel.com\/product\/roof-bar-with-side-extensions-volvo-fh4-globetrotter_prm_10128\/#breadcrumb\"},\"inLanguage\":\"nb-NO\",\"potentialAction\":[{\"@type\":\"ReadAction\",\"target\":[\"https:\/\/rst-steel.com\/product\/roof-bar-with-side-extensions-volvo-fh4-globetrotter_prm_10128\/\"]}]},{\"@type\":\"ImageObject\",\"inLanguage\":\"nb-NO\",\"@id\":\"https:\/\/rst-steel.com\/product\/roof-bar-with-side-extensions-volvo-fh4-globetrotter_prm_10128\/#primaryimage\",\"url\":\"https:\/\/rst-steel.com\/wp-content\/uploads\/2026\/02\/c4c4e87f99ad576a2352eda54a3a636f8beca672_VO2108B.jpg\",\"contentUrl\":\"https:\/\/rst-steel.com\/wp-content\/uploads\/2026\/02\/c4c4e87f99ad576a2352eda54a3a636f8beca672_VO2108B.jpg\",\"width\":1920,\"height\":1080,\"caption\":\"Roof bar Basic Long V08 Volvo FH4- Globe\"},{\"@type\":\"BreadcrumbList\",\"@id\":\"https:\/\/rst-steel.com\/product\/roof-bar-with-side-extensions-volvo-fh4-globetrotter_prm_10128\/#breadcrumb\",\"itemListElement\":[{\"@type\":\"ListItem\",\"position\":1,\"name\":\"Home\",\"item\":\"https:\/\/rst-steel.com\/\"},{\"@type\":\"ListItem\",\"position\":2,\"name\":\"RST-Steel Shop\",\"item\":\"https:\/\/rst-steel.com\/shop\/\"},{\"@type\":\"ListItem\",\"position\":3,\"name\":\"Roof bar Basic Long V08 Volvo FH4- Globe\"}]},{\"@type\":\"WebSite\",\"@id\":\"https:\/\/rst-steel.com\/#website\",\"url\":\"https:\/\/rst-steel.com\/\",\"name\":\"RST-Steel.com\",\"description\":\"Finnish quality steel, for quality-conscious drivers\",\"publisher\":{\"@id\":\"https:\/\/rst-steel.com\/#organization\"},\"alternateName\":\"Safe and stylish RST-Steel quality\",\"potentialAction\":[{\"@type\":\"SearchAction\",\"target\":{\"@type\":\"EntryPoint\",\"urlTemplate\":\"https:\/\/rst-steel.com\/?s={search_term_string}\"},\"query-input\":{\"@type\":\"PropertyValueSpecification\",\"valueRequired\":true,\"valueName\":\"search_term_string\"}}],\"inLanguage\":\"nb-NO\"},{\"@type\":\"Organization\",\"@id\":\"https:\/\/rst-steel.com\/#organization\",\"name\":\"RST-Steel Oy\",\"url\":\"https:\/\/rst-steel.com\/\",\"logo\":{\"@type\":\"ImageObject\",\"inLanguage\":\"nb-NO\",\"@id\":\"https:\/\/rst-steel.com\/#\/schema\/logo\/image\/\",\"url\":\"https:\/\/rst-steel.com\/wp-content\/uploads\/2023\/04\/cropped-Rst-logo-valkoinen-teksti-3.png\",\"contentUrl\":\"https:\/\/rst-steel.com\/wp-content\/uploads\/2023\/04\/cropped-Rst-logo-valkoinen-teksti-3.png\",\"width\":512,\"height\":115,\"caption\":\"RST-Steel Oy\"},\"image\":{\"@id\":\"https:\/\/rst-steel.com\/#\/schema\/logo\/image\/\"},\"sameAs\":[\"https:\/\/www.facebook.com\/rststeel\",\"https:\/\/www.instagram.com\/rststeeloy\/\"]}]}<\/script>\n<!-- \/ Yoast SEO plugin. -->","yoast_head_json":{"title":"Roof bar Basic Long V08 Volvo FH4- Globe - RST-Steel","description":"Roof bar with side extensions for Volvo FH4 Globetrotter \u2013 durable stainless steel, easy light installation, stylish design, enhances safety and visibility.","robots":{"index":"index","follow":"follow","max-snippet":"max-snippet:-1","max-image-preview":"max-image-preview:large","max-video-preview":"max-video-preview:-1"},"canonical":"https:\/\/rst-steel.com\/nb\/produkt\/roof-bar-with-side-extensions-volvo-fh4-globetrotter_prm_10128\/","og_locale":"nb_NO","og_type":"article","og_title":"Roof bar Basic Long V08 Volvo FH4- Globe - RST-Steel","og_description":"Roof bar with side extensions for Volvo FH4 Globetrotter \u2013 durable stainless steel, easy light installation, stylish design, enhances safety and visibility.","og_url":"https:\/\/rst-steel.com\/nb\/produkt\/roof-bar-with-side-extensions-volvo-fh4-globetrotter_prm_10128\/","og_site_name":"RST-Steel","article_publisher":"https:\/\/www.facebook.com\/rststeel","article_modified_time":"2026-03-16T06:20:20+00:00","og_image":[{"width":1920,"height":1080,"url":"https:\/\/rst-steel.com\/wp-content\/uploads\/2026\/02\/c4c4e87f99ad576a2352eda54a3a636f8beca672_VO2108B.jpg","type":"image\/jpeg"}],"twitter_card":"summary_large_image","twitter_misc":{"Ansl. lesetid":"2 minutter"},"schema":{"@context":"https:\/\/schema.org","@graph":[{"@type":"WebPage","@id":"https:\/\/rst-steel.com\/product\/roof-bar-with-side-extensions-volvo-fh4-globetrotter_prm_10128\/","url":"https:\/\/rst-steel.com\/product\/roof-bar-with-side-extensions-volvo-fh4-globetrotter_prm_10128\/","name":"Roof bar Basic Long V08 Volvo FH4- Globe - RST-Steel","isPartOf":{"@id":"https:\/\/rst-steel.com\/#website"},"primaryImageOfPage":{"@id":"https:\/\/rst-steel.com\/product\/roof-bar-with-side-extensions-volvo-fh4-globetrotter_prm_10128\/#primaryimage"},"image":{"@id":"https:\/\/rst-steel.com\/product\/roof-bar-with-side-extensions-volvo-fh4-globetrotter_prm_10128\/#primaryimage"},"thumbnailUrl":"https:\/\/rst-steel.com\/wp-content\/uploads\/2026\/02\/c4c4e87f99ad576a2352eda54a3a636f8beca672_VO2108B.jpg","datePublished":"2026-02-19T06:25:36+00:00","dateModified":"2026-03-16T06:20:20+00:00","description":"Roof bar with side extensions for Volvo FH4 Globetrotter \u2013 durable stainless steel, easy light installation, stylish design, enhances safety and visibility.","breadcrumb":{"@id":"https:\/\/rst-steel.com\/product\/roof-bar-with-side-extensions-volvo-fh4-globetrotter_prm_10128\/#breadcrumb"},"inLanguage":"nb-NO","potentialAction":[{"@type":"ReadAction","target":["https:\/\/rst-steel.com\/product\/roof-bar-with-side-extensions-volvo-fh4-globetrotter_prm_10128\/"]}]},{"@type":"ImageObject","inLanguage":"nb-NO","@id":"https:\/\/rst-steel.com\/product\/roof-bar-with-side-extensions-volvo-fh4-globetrotter_prm_10128\/#primaryimage","url":"https:\/\/rst-steel.com\/wp-content\/uploads\/2026\/02\/c4c4e87f99ad576a2352eda54a3a636f8beca672_VO2108B.jpg","contentUrl":"https:\/\/rst-steel.com\/wp-content\/uploads\/2026\/02\/c4c4e87f99ad576a2352eda54a3a636f8beca672_VO2108B.jpg","width":1920,"height":1080,"caption":"Roof bar Basic Long V08 Volvo FH4- Globe"},{"@type":"BreadcrumbList","@id":"https:\/\/rst-steel.com\/product\/roof-bar-with-side-extensions-volvo-fh4-globetrotter_prm_10128\/#breadcrumb","itemListElement":[{"@type":"ListItem","position":1,"name":"Home","item":"https:\/\/rst-steel.com\/"},{"@type":"ListItem","position":2,"name":"RST-Steel Shop","item":"https:\/\/rst-steel.com\/shop\/"},{"@type":"ListItem","position":3,"name":"Roof bar Basic Long V08 Volvo FH4- Globe"}]},{"@type":"WebSite","@id":"https:\/\/rst-steel.com\/#website","url":"https:\/\/rst-steel.com\/","name":"RST-Steel.com","description":"Finsk kvalitetsst\u00e5l, for kvalitetsbevisste sj\u00e5f\u00f8rer","publisher":{"@id":"https:\/\/rst-steel.com\/#organization"},"alternateName":"Safe and stylish RST-Steel quality","potentialAction":[{"@type":"SearchAction","target":{"@type":"EntryPoint","urlTemplate":"https:\/\/rst-steel.com\/?s={search_term_string}"},"query-input":{"@type":"PropertyValueSpecification","valueRequired":true,"valueName":"search_term_string"}}],"inLanguage":"nb-NO"},{"@type":"Organization","@id":"https:\/\/rst-steel.com\/#organization","name":"RST-Steel Oy","url":"https:\/\/rst-steel.com\/","logo":{"@type":"ImageObject","inLanguage":"nb-NO","@id":"https:\/\/rst-steel.com\/#\/schema\/logo\/image\/","url":"https:\/\/rst-steel.com\/wp-content\/uploads\/2023\/04\/cropped-Rst-logo-valkoinen-teksti-3.png","contentUrl":"https:\/\/rst-steel.com\/wp-content\/uploads\/2023\/04\/cropped-Rst-logo-valkoinen-teksti-3.png","width":512,"height":115,"caption":"RST-Steel Oy"},"image":{"@id":"https:\/\/rst-steel.com\/#\/schema\/logo\/image\/"},"sameAs":["https:\/\/www.facebook.com\/rststeel","https:\/\/www.instagram.com\/rststeeloy\/"]}]}},"brands":[{"id":8334,"name":"RST-Steel","slug":"brand_rststeel"}],"_links":{"self":[{"href":"https:\/\/rst-steel.com\/nb\/wp-json\/wp\/v2\/product\/121836","targetHints":{"allow":["GET"]}}],"collection":[{"href":"https:\/\/rst-steel.com\/nb\/wp-json\/wp\/v2\/product"}],"about":[{"href":"https:\/\/rst-steel.com\/nb\/wp-json\/wp\/v2\/types\/product"}],"replies":[{"embeddable":true,"href":"https:\/\/rst-steel.com\/nb\/wp-json\/wp\/v2\/comments?post=121836"}],"version-history":[{"count":0,"href":"https:\/\/rst-steel.com\/nb\/wp-json\/wp\/v2\/product\/121836\/revisions"}],"wp:featuredmedia":[{"embeddable":true,"href":"https:\/\/rst-steel.com\/nb\/wp-json\/wp\/v2\/media\/121834"}],"wp:attachment":[{"href":"https:\/\/rst-steel.com\/nb\/wp-json\/wp\/v2\/media?parent=121836"}],"wp:term":[{"taxonomy":"make_fuel_type","embeddable":true,"href":"https:\/\/rst-steel.com\/nb\/wp-json\/wp\/v2\/make_fuel_type?post=121836"},{"taxonomy":"make_model","embeddable":true,"href":"https:\/\/rst-steel.com\/nb\/wp-json\/wp\/v2\/make_model?post=121836"},{"taxonomy":"make_brand","embeddable":true,"href":"https:\/\/rst-steel.com\/nb\/wp-json\/wp\/v2\/make_brand?post=121836"},{"taxonomy":"make_year","embeddable":true,"href":"https:\/\/rst-steel.com\/nb\/wp-json\/wp\/v2\/make_year?post=121836"},{"taxonomy":"pwb-brand","embeddable":true,"href":"https:\/\/rst-steel.com\/nb\/wp-json\/wp\/v2\/pwb-brand?post=121836"},{"taxonomy":"product_brand","embeddable":true,"href":"https:\/\/rst-steel.com\/nb\/wp-json\/wp\/v2\/product_brand?post=121836"},{"taxonomy":"product_cat","embeddable":true,"href":"https:\/\/rst-steel.com\/nb\/wp-json\/wp\/v2\/product_cat?post=121836"},{"taxonomy":"product_tag","embeddable":true,"href":"https:\/\/rst-steel.com\/nb\/wp-json\/wp\/v2\/product_tag?post=121836"}],"curies":[{"name":"wp","href":"https:\/\/api.w.org\/{rel}","templated":true}]}}