{"id":121893,"date":"2026-02-19T11:33:14","date_gmt":"2026-02-19T08:33:14","guid":{"rendered":"https:\/\/rst-steel.com\/product\/side-bars-doosan-develon-dx170w-7_prm_76116\/"},"modified":"2026-03-16T09:19:20","modified_gmt":"2026-03-16T06:19:20","slug":"side-bars-doosan-develon-dx170w-7_prm_76116","status":"publish","type":"product","link":"https:\/\/rst-steel.com\/nb\/produkt\/side-bars-doosan-develon-dx170w-7_prm_76116\/","title":{"rendered":"Sidestenger Doosan \/ Develon DX170W-7"},"content":{"rendered":"<div><span style=\"font-weight: bold;\">Sidestenger Doosan \/ Develon DX170W-7<\/span><\/div>\n<ul>\n<li><\/li>\n<\/ul>\n<div>RST-Steels sidestenger er h\u00f8ykvalitets Key Flag-produkter, produsert i Finland av rustfritt st\u00e5l av h\u00f8y kvalitet.<\/div>\n<div>Disse stilige sidestenger fullf\u00f8rer maskinens utseende samtidig som de gir praktisk funksjonalitet \u2013 de kan utstyres med markeringslys og roterende varsellys, som \u00f8ker synligheten b\u00e5de i trafikk og p\u00e5 arbeidsplassen.<\/div>\n<ul>\n<li><\/li>\n<\/ul>\n<div><span style=\"font-weight: bold;\">Note: <\/span>Hver r\u00f8r har 1 r\u00f8d markeringslys i enden.<\/div>\n<div><\/div>\n<div><span style=\"font-weight: bold;\">Hvorfor velge RST-Steel?<\/span><\/div>\n<ul>\n<li><span style=\"font-weight: bold;\">Reliability:<\/span> Years of experience and expertise ensure the high quality and durability of our products.<\/li>\n<li><span style=\"font-weight: bold;\">Kundetilfredshet:<\/span> Tusenvis av forn\u00f8yde kunder over hele verden stoler p\u00e5 RST-Steel-produkter.<\/li>\n<li><\/li>\n<\/ul>\n<div><span style=\"font-weight: bold;\">Husk \u00e5 se i v\u00e5r anbefalte seksjon!<\/span><\/div>\n<ul>\n<li><\/li>\n<\/ul>\n<div><span style=\"font-weight: bold;\">Tekniske spesifikasjoner:<\/span><\/div>\n<ul>\n<li>Farge: Speilpolert rustfritt st\u00e5l eller lakkert i standard RAL-farger<\/li>\n<li>- R\u00f8rdiameter: 60 mm.<\/li>\n<li><\/li>\n<\/ul>\n<div><span style=\"font-weight: bold;\">Pakken inneholder:<\/span><\/div>\n<ul>\n<li>Sidestenger<\/li>\n<li>Monteringsbraketter kreves for installasjon<\/li>\n<li>Installasjonsinstruksjoner<\/li>\n<\/ul>","protected":false},"excerpt":{"rendered":"<p>Bygget for \u00e5 vare i mange \u00e5r<\/p>","protected":false},"featured_media":121891,"comment_status":"open","ping_status":"closed","template":"","meta":{"_improvement_type_select":"improve_an_existing","_thumb_yes_seoaic":false,"_frame_yes_seoaic":false,"seoaic_generate_description":"","seoaic_improve_instructions_prompt":"","seoaic_rollback_content_improvement":"","seoaic_idea_thumbnail_generator":"","thumbnail_generated":false,"thumbnail_generate_prompt":"","seoaic_article_description":""},"make_fuel_type":[],"make_model":[6630],"make_brand":[6467],"make_year":[6465],"pwb-brand":[8334],"product_brand":[],"product_cat":[6057,6069,7282],"product_tag":[],"class_list":{"0":"post-121893","1":"product","2":"type-product","3":"status-publish","4":"has-post-thumbnail","6":"make_model-doosan-develon-excavator","7":"make_brand-doosan","8":"make_year-workmachines","9":"pwb-brand-brand_rststeel","10":"product_cat-lightbars","11":"product_cat-rearbars-for-excavators","12":"product_cat-doosan-vr-kkp","13":"product_shipping_class-lightbars","15":"first","16":"onbackorder","17":"taxable","18":"shipping-taxable","19":"purchasable","20":"product-type-variable"},"yoast_head":"<!-- This site is optimized with the Yoast SEO plugin v25.7 - https:\/\/yoast.com\/wordpress\/plugins\/seo\/ -->\n<title>Side Bars Doosan \/ Develon DX170W-7 - RST-Steel<\/title>\n<meta name=\"description\" content=\"Side Bars Doosan \/ Develon DX170W-7 \u2013 high-quality stainless steel, stylish design, easy light mounting, improves visibility and safety on the worksite.\" \/>\n<meta name=\"robots\" content=\"index, follow, max-snippet:-1, max-image-preview:large, max-video-preview:-1\" \/>\n<link rel=\"canonical\" href=\"https:\/\/rst-steel.com\/nb\/produkt\/side-bars-doosan-develon-dx170w-7_prm_76116\/\" \/>\n<meta property=\"og:locale\" content=\"nb_NO\" \/>\n<meta property=\"og:type\" content=\"article\" \/>\n<meta property=\"og:title\" content=\"Side Bars Doosan \/ Develon DX170W-7 - RST-Steel\" \/>\n<meta property=\"og:description\" content=\"Side Bars Doosan \/ Develon DX170W-7 \u2013 high-quality stainless steel, stylish design, easy light mounting, improves visibility and safety on the worksite.\" \/>\n<meta property=\"og:url\" content=\"https:\/\/rst-steel.com\/nb\/produkt\/side-bars-doosan-develon-dx170w-7_prm_76116\/\" \/>\n<meta property=\"og:site_name\" content=\"RST-Steel\" \/>\n<meta property=\"article:publisher\" content=\"https:\/\/www.facebook.com\/rststeel\" \/>\n<meta property=\"article:modified_time\" content=\"2026-03-16T06:19:20+00:00\" \/>\n<meta property=\"og:image\" content=\"https:\/\/rst-steel.com\/wp-content\/uploads\/2026\/02\/6b22bf268a519feb73ba6378b48d749768da4255_WhatsApp_Image_2025_06_18_at_08.33.33__1_.jpeg\" \/>\n\t<meta property=\"og:image:width\" content=\"1600\" \/>\n\t<meta property=\"og:image:height\" content=\"1200\" \/>\n\t<meta property=\"og:image:type\" content=\"image\/jpeg\" \/>\n<meta name=\"twitter:card\" content=\"summary_large_image\" \/>\n<meta name=\"twitter:label1\" content=\"Ansl. lesetid\" \/>\n\t<meta name=\"twitter:data1\" content=\"1 minutt\" \/>\n<script type=\"application\/ld+json\" class=\"yoast-schema-graph\">{\"@context\":\"https:\/\/schema.org\",\"@graph\":[{\"@type\":\"WebPage\",\"@id\":\"https:\/\/rst-steel.com\/product\/side-bars-doosan-develon-dx170w-7_prm_76116\/\",\"url\":\"https:\/\/rst-steel.com\/product\/side-bars-doosan-develon-dx170w-7_prm_76116\/\",\"name\":\"Side Bars Doosan \/ Develon DX170W-7 - RST-Steel\",\"isPartOf\":{\"@id\":\"https:\/\/rst-steel.com\/#website\"},\"primaryImageOfPage\":{\"@id\":\"https:\/\/rst-steel.com\/product\/side-bars-doosan-develon-dx170w-7_prm_76116\/#primaryimage\"},\"image\":{\"@id\":\"https:\/\/rst-steel.com\/product\/side-bars-doosan-develon-dx170w-7_prm_76116\/#primaryimage\"},\"thumbnailUrl\":\"https:\/\/rst-steel.com\/wp-content\/uploads\/2026\/02\/6b22bf268a519feb73ba6378b48d749768da4255_WhatsApp_Image_2025_06_18_at_08.33.33__1_.jpeg\",\"datePublished\":\"2026-02-19T08:33:14+00:00\",\"dateModified\":\"2026-03-16T06:19:20+00:00\",\"description\":\"Side Bars Doosan \/ Develon DX170W-7 \u2013 high-quality stainless steel, stylish design, easy light mounting, improves visibility and safety on the worksite.\",\"breadcrumb\":{\"@id\":\"https:\/\/rst-steel.com\/product\/side-bars-doosan-develon-dx170w-7_prm_76116\/#breadcrumb\"},\"inLanguage\":\"nb-NO\",\"potentialAction\":[{\"@type\":\"ReadAction\",\"target\":[\"https:\/\/rst-steel.com\/product\/side-bars-doosan-develon-dx170w-7_prm_76116\/\"]}]},{\"@type\":\"ImageObject\",\"inLanguage\":\"nb-NO\",\"@id\":\"https:\/\/rst-steel.com\/product\/side-bars-doosan-develon-dx170w-7_prm_76116\/#primaryimage\",\"url\":\"https:\/\/rst-steel.com\/wp-content\/uploads\/2026\/02\/6b22bf268a519feb73ba6378b48d749768da4255_WhatsApp_Image_2025_06_18_at_08.33.33__1_.jpeg\",\"contentUrl\":\"https:\/\/rst-steel.com\/wp-content\/uploads\/2026\/02\/6b22bf268a519feb73ba6378b48d749768da4255_WhatsApp_Image_2025_06_18_at_08.33.33__1_.jpeg\",\"width\":1600,\"height\":1200,\"caption\":\"Side Bars Doosan \/ Develon DX170W-7\"},{\"@type\":\"BreadcrumbList\",\"@id\":\"https:\/\/rst-steel.com\/product\/side-bars-doosan-develon-dx170w-7_prm_76116\/#breadcrumb\",\"itemListElement\":[{\"@type\":\"ListItem\",\"position\":1,\"name\":\"Home\",\"item\":\"https:\/\/rst-steel.com\/\"},{\"@type\":\"ListItem\",\"position\":2,\"name\":\"RST-Steel Shop\",\"item\":\"https:\/\/rst-steel.com\/shop\/\"},{\"@type\":\"ListItem\",\"position\":3,\"name\":\"Side Bars Doosan \/ Develon DX170W-7\"}]},{\"@type\":\"WebSite\",\"@id\":\"https:\/\/rst-steel.com\/#website\",\"url\":\"https:\/\/rst-steel.com\/\",\"name\":\"RST-Steel.com\",\"description\":\"Finnish quality steel, for quality-conscious drivers\",\"publisher\":{\"@id\":\"https:\/\/rst-steel.com\/#organization\"},\"alternateName\":\"Safe and stylish RST-Steel quality\",\"potentialAction\":[{\"@type\":\"SearchAction\",\"target\":{\"@type\":\"EntryPoint\",\"urlTemplate\":\"https:\/\/rst-steel.com\/?s={search_term_string}\"},\"query-input\":{\"@type\":\"PropertyValueSpecification\",\"valueRequired\":true,\"valueName\":\"search_term_string\"}}],\"inLanguage\":\"nb-NO\"},{\"@type\":\"Organization\",\"@id\":\"https:\/\/rst-steel.com\/#organization\",\"name\":\"RST-Steel Oy\",\"url\":\"https:\/\/rst-steel.com\/\",\"logo\":{\"@type\":\"ImageObject\",\"inLanguage\":\"nb-NO\",\"@id\":\"https:\/\/rst-steel.com\/#\/schema\/logo\/image\/\",\"url\":\"https:\/\/rst-steel.com\/wp-content\/uploads\/2023\/04\/cropped-Rst-logo-valkoinen-teksti-3.png\",\"contentUrl\":\"https:\/\/rst-steel.com\/wp-content\/uploads\/2023\/04\/cropped-Rst-logo-valkoinen-teksti-3.png\",\"width\":512,\"height\":115,\"caption\":\"RST-Steel Oy\"},\"image\":{\"@id\":\"https:\/\/rst-steel.com\/#\/schema\/logo\/image\/\"},\"sameAs\":[\"https:\/\/www.facebook.com\/rststeel\",\"https:\/\/www.instagram.com\/rststeeloy\/\"]}]}<\/script>\n<!-- \/ Yoast SEO plugin. -->","yoast_head_json":{"title":"Side Bars Doosan \/ Develon DX170W-7 - RST-Steel","description":"Side Bars Doosan \/ Develon DX170W-7 \u2013 high-quality stainless steel, stylish design, easy light mounting, improves visibility and safety on the worksite.","robots":{"index":"index","follow":"follow","max-snippet":"max-snippet:-1","max-image-preview":"max-image-preview:large","max-video-preview":"max-video-preview:-1"},"canonical":"https:\/\/rst-steel.com\/nb\/produkt\/side-bars-doosan-develon-dx170w-7_prm_76116\/","og_locale":"nb_NO","og_type":"article","og_title":"Side Bars Doosan \/ Develon DX170W-7 - RST-Steel","og_description":"Side Bars Doosan \/ Develon DX170W-7 \u2013 high-quality stainless steel, stylish design, easy light mounting, improves visibility and safety on the worksite.","og_url":"https:\/\/rst-steel.com\/nb\/produkt\/side-bars-doosan-develon-dx170w-7_prm_76116\/","og_site_name":"RST-Steel","article_publisher":"https:\/\/www.facebook.com\/rststeel","article_modified_time":"2026-03-16T06:19:20+00:00","og_image":[{"width":1600,"height":1200,"url":"https:\/\/rst-steel.com\/wp-content\/uploads\/2026\/02\/6b22bf268a519feb73ba6378b48d749768da4255_WhatsApp_Image_2025_06_18_at_08.33.33__1_.jpeg","type":"image\/jpeg"}],"twitter_card":"summary_large_image","twitter_misc":{"Ansl. lesetid":"1 minutt"},"schema":{"@context":"https:\/\/schema.org","@graph":[{"@type":"WebPage","@id":"https:\/\/rst-steel.com\/product\/side-bars-doosan-develon-dx170w-7_prm_76116\/","url":"https:\/\/rst-steel.com\/product\/side-bars-doosan-develon-dx170w-7_prm_76116\/","name":"Side Bars Doosan \/ Develon DX170W-7 - RST-Steel","isPartOf":{"@id":"https:\/\/rst-steel.com\/#website"},"primaryImageOfPage":{"@id":"https:\/\/rst-steel.com\/product\/side-bars-doosan-develon-dx170w-7_prm_76116\/#primaryimage"},"image":{"@id":"https:\/\/rst-steel.com\/product\/side-bars-doosan-develon-dx170w-7_prm_76116\/#primaryimage"},"thumbnailUrl":"https:\/\/rst-steel.com\/wp-content\/uploads\/2026\/02\/6b22bf268a519feb73ba6378b48d749768da4255_WhatsApp_Image_2025_06_18_at_08.33.33__1_.jpeg","datePublished":"2026-02-19T08:33:14+00:00","dateModified":"2026-03-16T06:19:20+00:00","description":"Side Bars Doosan \/ Develon DX170W-7 \u2013 high-quality stainless steel, stylish design, easy light mounting, improves visibility and safety on the worksite.","breadcrumb":{"@id":"https:\/\/rst-steel.com\/product\/side-bars-doosan-develon-dx170w-7_prm_76116\/#breadcrumb"},"inLanguage":"nb-NO","potentialAction":[{"@type":"ReadAction","target":["https:\/\/rst-steel.com\/product\/side-bars-doosan-develon-dx170w-7_prm_76116\/"]}]},{"@type":"ImageObject","inLanguage":"nb-NO","@id":"https:\/\/rst-steel.com\/product\/side-bars-doosan-develon-dx170w-7_prm_76116\/#primaryimage","url":"https:\/\/rst-steel.com\/wp-content\/uploads\/2026\/02\/6b22bf268a519feb73ba6378b48d749768da4255_WhatsApp_Image_2025_06_18_at_08.33.33__1_.jpeg","contentUrl":"https:\/\/rst-steel.com\/wp-content\/uploads\/2026\/02\/6b22bf268a519feb73ba6378b48d749768da4255_WhatsApp_Image_2025_06_18_at_08.33.33__1_.jpeg","width":1600,"height":1200,"caption":"Side Bars Doosan \/ Develon DX170W-7"},{"@type":"BreadcrumbList","@id":"https:\/\/rst-steel.com\/product\/side-bars-doosan-develon-dx170w-7_prm_76116\/#breadcrumb","itemListElement":[{"@type":"ListItem","position":1,"name":"Home","item":"https:\/\/rst-steel.com\/"},{"@type":"ListItem","position":2,"name":"RST-Steel Shop","item":"https:\/\/rst-steel.com\/shop\/"},{"@type":"ListItem","position":3,"name":"Side Bars Doosan \/ Develon DX170W-7"}]},{"@type":"WebSite","@id":"https:\/\/rst-steel.com\/#website","url":"https:\/\/rst-steel.com\/","name":"RST-Steel.com","description":"Finsk kvalitetsst\u00e5l, for kvalitetsbevisste sj\u00e5f\u00f8rer","publisher":{"@id":"https:\/\/rst-steel.com\/#organization"},"alternateName":"Safe and stylish RST-Steel quality","potentialAction":[{"@type":"SearchAction","target":{"@type":"EntryPoint","urlTemplate":"https:\/\/rst-steel.com\/?s={search_term_string}"},"query-input":{"@type":"PropertyValueSpecification","valueRequired":true,"valueName":"search_term_string"}}],"inLanguage":"nb-NO"},{"@type":"Organization","@id":"https:\/\/rst-steel.com\/#organization","name":"RST-Steel Oy","url":"https:\/\/rst-steel.com\/","logo":{"@type":"ImageObject","inLanguage":"nb-NO","@id":"https:\/\/rst-steel.com\/#\/schema\/logo\/image\/","url":"https:\/\/rst-steel.com\/wp-content\/uploads\/2023\/04\/cropped-Rst-logo-valkoinen-teksti-3.png","contentUrl":"https:\/\/rst-steel.com\/wp-content\/uploads\/2023\/04\/cropped-Rst-logo-valkoinen-teksti-3.png","width":512,"height":115,"caption":"RST-Steel Oy"},"image":{"@id":"https:\/\/rst-steel.com\/#\/schema\/logo\/image\/"},"sameAs":["https:\/\/www.facebook.com\/rststeel","https:\/\/www.instagram.com\/rststeeloy\/"]}]}},"brands":[{"id":8334,"name":"RST-Steel","slug":"brand_rststeel"}],"_links":{"self":[{"href":"https:\/\/rst-steel.com\/nb\/wp-json\/wp\/v2\/product\/121893","targetHints":{"allow":["GET"]}}],"collection":[{"href":"https:\/\/rst-steel.com\/nb\/wp-json\/wp\/v2\/product"}],"about":[{"href":"https:\/\/rst-steel.com\/nb\/wp-json\/wp\/v2\/types\/product"}],"replies":[{"embeddable":true,"href":"https:\/\/rst-steel.com\/nb\/wp-json\/wp\/v2\/comments?post=121893"}],"version-history":[{"count":0,"href":"https:\/\/rst-steel.com\/nb\/wp-json\/wp\/v2\/product\/121893\/revisions"}],"wp:featuredmedia":[{"embeddable":true,"href":"https:\/\/rst-steel.com\/nb\/wp-json\/wp\/v2\/media\/121891"}],"wp:attachment":[{"href":"https:\/\/rst-steel.com\/nb\/wp-json\/wp\/v2\/media?parent=121893"}],"wp:term":[{"taxonomy":"make_fuel_type","embeddable":true,"href":"https:\/\/rst-steel.com\/nb\/wp-json\/wp\/v2\/make_fuel_type?post=121893"},{"taxonomy":"make_model","embeddable":true,"href":"https:\/\/rst-steel.com\/nb\/wp-json\/wp\/v2\/make_model?post=121893"},{"taxonomy":"make_brand","embeddable":true,"href":"https:\/\/rst-steel.com\/nb\/wp-json\/wp\/v2\/make_brand?post=121893"},{"taxonomy":"make_year","embeddable":true,"href":"https:\/\/rst-steel.com\/nb\/wp-json\/wp\/v2\/make_year?post=121893"},{"taxonomy":"pwb-brand","embeddable":true,"href":"https:\/\/rst-steel.com\/nb\/wp-json\/wp\/v2\/pwb-brand?post=121893"},{"taxonomy":"product_brand","embeddable":true,"href":"https:\/\/rst-steel.com\/nb\/wp-json\/wp\/v2\/product_brand?post=121893"},{"taxonomy":"product_cat","embeddable":true,"href":"https:\/\/rst-steel.com\/nb\/wp-json\/wp\/v2\/product_cat?post=121893"},{"taxonomy":"product_tag","embeddable":true,"href":"https:\/\/rst-steel.com\/nb\/wp-json\/wp\/v2\/product_tag?post=121893"}],"curies":[{"name":"wp","href":"https:\/\/api.w.org\/{rel}","templated":true}]}}