{"id":122345,"date":"2026-02-24T09:58:39","date_gmt":"2026-02-24T06:58:39","guid":{"rendered":"https:\/\/rst-steel.com\/product\/roof-bar-kubota-u56-5_prm_65570\/"},"modified":"2026-03-16T09:19:29","modified_gmt":"2026-03-16T06:19:29","slug":"roof-bar-kubota-u56-5_prm_65570","status":"publish","type":"product","link":"https:\/\/rst-steel.com\/nb\/produkt\/roof-bar-kubota-u56-5_prm_65570\/","title":{"rendered":"Takb\u00f8yle Kubota U56-5"},"content":{"rendered":"<p data-start=\"0\" data-end=\"33\"><span style=\"font-weight: bold;\">Takb\u00f8yle Kubota U56-5<\/span><\/p>\n<ul>\n<li><span style=\"font-weight: bold;\">\u00a0<\/span><\/li>\n<\/ul>\n<p data-start=\"35\" data-end=\"153\">RST-Steel takb\u00f8yle er h\u00f8ykvalitets N\u00f8kkelflagg-produkter laget av rustfritt st\u00e5l i Finland.<\/p>\n<p data-start=\"155\" data-end=\"256\">Takb\u00f8ylen er et stilfullt tilbeh\u00f8r som gj\u00f8r det enkelt og sikkert \u00e5 montere lys.<\/p>\n<p data-start=\"258\" data-end=\"344\">Den kan ogs\u00e5 utstyres med markeringslys for \u00e5 forbedre synligheten i trafikken ytterligere.<\/p>\n<p data-start=\"346\" data-end=\"373\"><span style=\"font-weight: bold;\">Tekniske spesifikasjoner:<\/span><\/p>\n<ul>\n<li>Farge: Polert rustfritt st\u00e5l<\/li>\n<li>R\u00f8rdiameter: 60 mm<\/li>\n<li><\/li>\n<\/ul>\n<p data-start=\"433\" data-end=\"452\"><span style=\"font-weight: bold;\">Pakken inneholder:<\/span><\/p>\n<ul>\n<li>Takbjelke<\/li>\n<li>N\u00f8dvendig monteringsutstyr<\/li>\n<li>Installasjonsinstruksjoner<\/li>\n<\/ul>","protected":false},"excerpt":{"rendered":"<p>Tilgjengelig med markeringslys eller uten!<\/p>","protected":false},"featured_media":122343,"comment_status":"open","ping_status":"closed","template":"","meta":{"_improvement_type_select":"improve_an_existing","_thumb_yes_seoaic":false,"_frame_yes_seoaic":false,"seoaic_generate_description":"","seoaic_improve_instructions_prompt":"","seoaic_rollback_content_improvement":"","seoaic_idea_thumbnail_generator":"","thumbnail_generated":false,"thumbnail_generate_prompt":"","seoaic_article_description":""},"make_fuel_type":[],"make_model":[],"make_brand":[],"make_year":[6465],"pwb-brand":[8334],"product_brand":[],"product_cat":[8066,6057,6068],"product_tag":[],"class_list":{"0":"post-122345","1":"product","2":"type-product","3":"status-publish","4":"has-post-thumbnail","6":"make_year-workmachines","7":"pwb-brand-brand_rststeel","8":"product_cat-kubota-vr-kkk","9":"product_cat-lightbars","10":"product_cat-roofbars-for-excavators","11":"product_shipping_class-lightbars","13":"first","14":"instock","15":"taxable","16":"shipping-taxable","17":"purchasable","18":"product-type-variable"},"yoast_head":"<!-- This site is optimized with the Yoast SEO plugin v25.7 - https:\/\/yoast.com\/wordpress\/plugins\/seo\/ -->\n<title>Roof bar Kubota U56-5 - RST-Steel<\/title>\n<meta name=\"description\" content=\"Roof bar Kubota U56-5, made of durable stainless steel. Easy to install, stylish, and perfect for mounting auxiliary or marker lights.\" \/>\n<meta name=\"robots\" content=\"index, follow, max-snippet:-1, max-image-preview:large, max-video-preview:-1\" \/>\n<link rel=\"canonical\" href=\"https:\/\/rst-steel.com\/nb\/produkt\/roof-bar-kubota-u56-5_prm_65570\/\" \/>\n<meta property=\"og:locale\" content=\"nb_NO\" \/>\n<meta property=\"og:type\" content=\"article\" \/>\n<meta property=\"og:title\" content=\"Roof bar Kubota U56-5 - RST-Steel\" \/>\n<meta property=\"og:description\" content=\"Roof bar Kubota U56-5, made of durable stainless steel. Easy to install, stylish, and perfect for mounting auxiliary or marker lights.\" \/>\n<meta property=\"og:url\" content=\"https:\/\/rst-steel.com\/nb\/produkt\/roof-bar-kubota-u56-5_prm_65570\/\" \/>\n<meta property=\"og:site_name\" content=\"RST-Steel\" \/>\n<meta property=\"article:publisher\" content=\"https:\/\/www.facebook.com\/rststeel\" \/>\n<meta property=\"article:modified_time\" content=\"2026-03-16T06:19:29+00:00\" \/>\n<meta property=\"og:image\" content=\"https:\/\/rst-steel.com\/wp-content\/uploads\/2026\/02\/001cf7a33f697526f0e0abf4caa492dee0af55c3_85aa85b83d66eb8ba76850ff7953a2a56455aafc__TKU103A_a67dbad9abbcde2ffbf500a9cb76e7bc_1.jpg\" \/>\n\t<meta property=\"og:image:width\" content=\"1280\" \/>\n\t<meta property=\"og:image:height\" content=\"1024\" \/>\n\t<meta property=\"og:image:type\" content=\"image\/jpeg\" \/>\n<meta name=\"twitter:card\" content=\"summary_large_image\" \/>\n<meta name=\"twitter:label1\" content=\"Ansl. lesetid\" \/>\n\t<meta name=\"twitter:data1\" content=\"1 minutt\" \/>\n<script type=\"application\/ld+json\" class=\"yoast-schema-graph\">{\"@context\":\"https:\/\/schema.org\",\"@graph\":[{\"@type\":\"WebPage\",\"@id\":\"https:\/\/rst-steel.com\/product\/roof-bar-kubota-u56-5_prm_65570\/\",\"url\":\"https:\/\/rst-steel.com\/product\/roof-bar-kubota-u56-5_prm_65570\/\",\"name\":\"Roof bar Kubota U56-5 - RST-Steel\",\"isPartOf\":{\"@id\":\"https:\/\/rst-steel.com\/#website\"},\"primaryImageOfPage\":{\"@id\":\"https:\/\/rst-steel.com\/product\/roof-bar-kubota-u56-5_prm_65570\/#primaryimage\"},\"image\":{\"@id\":\"https:\/\/rst-steel.com\/product\/roof-bar-kubota-u56-5_prm_65570\/#primaryimage\"},\"thumbnailUrl\":\"https:\/\/rst-steel.com\/wp-content\/uploads\/2026\/02\/001cf7a33f697526f0e0abf4caa492dee0af55c3_85aa85b83d66eb8ba76850ff7953a2a56455aafc__TKU103A_a67dbad9abbcde2ffbf500a9cb76e7bc_1.jpg\",\"datePublished\":\"2026-02-24T06:58:39+00:00\",\"dateModified\":\"2026-03-16T06:19:29+00:00\",\"description\":\"Roof bar Kubota U56-5, made of durable stainless steel. Easy to install, stylish, and perfect for mounting auxiliary or marker lights.\",\"breadcrumb\":{\"@id\":\"https:\/\/rst-steel.com\/product\/roof-bar-kubota-u56-5_prm_65570\/#breadcrumb\"},\"inLanguage\":\"nb-NO\",\"potentialAction\":[{\"@type\":\"ReadAction\",\"target\":[\"https:\/\/rst-steel.com\/product\/roof-bar-kubota-u56-5_prm_65570\/\"]}]},{\"@type\":\"ImageObject\",\"inLanguage\":\"nb-NO\",\"@id\":\"https:\/\/rst-steel.com\/product\/roof-bar-kubota-u56-5_prm_65570\/#primaryimage\",\"url\":\"https:\/\/rst-steel.com\/wp-content\/uploads\/2026\/02\/001cf7a33f697526f0e0abf4caa492dee0af55c3_85aa85b83d66eb8ba76850ff7953a2a56455aafc__TKU103A_a67dbad9abbcde2ffbf500a9cb76e7bc_1.jpg\",\"contentUrl\":\"https:\/\/rst-steel.com\/wp-content\/uploads\/2026\/02\/001cf7a33f697526f0e0abf4caa492dee0af55c3_85aa85b83d66eb8ba76850ff7953a2a56455aafc__TKU103A_a67dbad9abbcde2ffbf500a9cb76e7bc_1.jpg\",\"width\":1280,\"height\":1024,\"caption\":\"Roof bar Kubota U56-5\"},{\"@type\":\"BreadcrumbList\",\"@id\":\"https:\/\/rst-steel.com\/product\/roof-bar-kubota-u56-5_prm_65570\/#breadcrumb\",\"itemListElement\":[{\"@type\":\"ListItem\",\"position\":1,\"name\":\"Home\",\"item\":\"https:\/\/rst-steel.com\/\"},{\"@type\":\"ListItem\",\"position\":2,\"name\":\"RST-Steel Shop\",\"item\":\"https:\/\/rst-steel.com\/shop\/\"},{\"@type\":\"ListItem\",\"position\":3,\"name\":\"Roof bar Kubota U56-5\"}]},{\"@type\":\"WebSite\",\"@id\":\"https:\/\/rst-steel.com\/#website\",\"url\":\"https:\/\/rst-steel.com\/\",\"name\":\"RST-Steel.com\",\"description\":\"Finnish quality steel, for quality-conscious drivers\",\"publisher\":{\"@id\":\"https:\/\/rst-steel.com\/#organization\"},\"alternateName\":\"Safe and stylish RST-Steel quality\",\"potentialAction\":[{\"@type\":\"SearchAction\",\"target\":{\"@type\":\"EntryPoint\",\"urlTemplate\":\"https:\/\/rst-steel.com\/?s={search_term_string}\"},\"query-input\":{\"@type\":\"PropertyValueSpecification\",\"valueRequired\":true,\"valueName\":\"search_term_string\"}}],\"inLanguage\":\"nb-NO\"},{\"@type\":\"Organization\",\"@id\":\"https:\/\/rst-steel.com\/#organization\",\"name\":\"RST-Steel Oy\",\"url\":\"https:\/\/rst-steel.com\/\",\"logo\":{\"@type\":\"ImageObject\",\"inLanguage\":\"nb-NO\",\"@id\":\"https:\/\/rst-steel.com\/#\/schema\/logo\/image\/\",\"url\":\"https:\/\/rst-steel.com\/wp-content\/uploads\/2023\/04\/cropped-Rst-logo-valkoinen-teksti-3.png\",\"contentUrl\":\"https:\/\/rst-steel.com\/wp-content\/uploads\/2023\/04\/cropped-Rst-logo-valkoinen-teksti-3.png\",\"width\":512,\"height\":115,\"caption\":\"RST-Steel Oy\"},\"image\":{\"@id\":\"https:\/\/rst-steel.com\/#\/schema\/logo\/image\/\"},\"sameAs\":[\"https:\/\/www.facebook.com\/rststeel\",\"https:\/\/www.instagram.com\/rststeeloy\/\"]}]}<\/script>\n<!-- \/ Yoast SEO plugin. -->","yoast_head_json":{"title":"Roof bar Kubota U56-5 - RST-Steel","description":"Roof bar Kubota U56-5, made of durable stainless steel. Easy to install, stylish, and perfect for mounting auxiliary or marker lights.","robots":{"index":"index","follow":"follow","max-snippet":"max-snippet:-1","max-image-preview":"max-image-preview:large","max-video-preview":"max-video-preview:-1"},"canonical":"https:\/\/rst-steel.com\/nb\/produkt\/roof-bar-kubota-u56-5_prm_65570\/","og_locale":"nb_NO","og_type":"article","og_title":"Roof bar Kubota U56-5 - RST-Steel","og_description":"Roof bar Kubota U56-5, made of durable stainless steel. Easy to install, stylish, and perfect for mounting auxiliary or marker lights.","og_url":"https:\/\/rst-steel.com\/nb\/produkt\/roof-bar-kubota-u56-5_prm_65570\/","og_site_name":"RST-Steel","article_publisher":"https:\/\/www.facebook.com\/rststeel","article_modified_time":"2026-03-16T06:19:29+00:00","og_image":[{"width":1280,"height":1024,"url":"https:\/\/rst-steel.com\/wp-content\/uploads\/2026\/02\/001cf7a33f697526f0e0abf4caa492dee0af55c3_85aa85b83d66eb8ba76850ff7953a2a56455aafc__TKU103A_a67dbad9abbcde2ffbf500a9cb76e7bc_1.jpg","type":"image\/jpeg"}],"twitter_card":"summary_large_image","twitter_misc":{"Ansl. lesetid":"1 minutt"},"schema":{"@context":"https:\/\/schema.org","@graph":[{"@type":"WebPage","@id":"https:\/\/rst-steel.com\/product\/roof-bar-kubota-u56-5_prm_65570\/","url":"https:\/\/rst-steel.com\/product\/roof-bar-kubota-u56-5_prm_65570\/","name":"Roof bar Kubota U56-5 - RST-Steel","isPartOf":{"@id":"https:\/\/rst-steel.com\/#website"},"primaryImageOfPage":{"@id":"https:\/\/rst-steel.com\/product\/roof-bar-kubota-u56-5_prm_65570\/#primaryimage"},"image":{"@id":"https:\/\/rst-steel.com\/product\/roof-bar-kubota-u56-5_prm_65570\/#primaryimage"},"thumbnailUrl":"https:\/\/rst-steel.com\/wp-content\/uploads\/2026\/02\/001cf7a33f697526f0e0abf4caa492dee0af55c3_85aa85b83d66eb8ba76850ff7953a2a56455aafc__TKU103A_a67dbad9abbcde2ffbf500a9cb76e7bc_1.jpg","datePublished":"2026-02-24T06:58:39+00:00","dateModified":"2026-03-16T06:19:29+00:00","description":"Roof bar Kubota U56-5, made of durable stainless steel. Easy to install, stylish, and perfect for mounting auxiliary or marker lights.","breadcrumb":{"@id":"https:\/\/rst-steel.com\/product\/roof-bar-kubota-u56-5_prm_65570\/#breadcrumb"},"inLanguage":"nb-NO","potentialAction":[{"@type":"ReadAction","target":["https:\/\/rst-steel.com\/product\/roof-bar-kubota-u56-5_prm_65570\/"]}]},{"@type":"ImageObject","inLanguage":"nb-NO","@id":"https:\/\/rst-steel.com\/product\/roof-bar-kubota-u56-5_prm_65570\/#primaryimage","url":"https:\/\/rst-steel.com\/wp-content\/uploads\/2026\/02\/001cf7a33f697526f0e0abf4caa492dee0af55c3_85aa85b83d66eb8ba76850ff7953a2a56455aafc__TKU103A_a67dbad9abbcde2ffbf500a9cb76e7bc_1.jpg","contentUrl":"https:\/\/rst-steel.com\/wp-content\/uploads\/2026\/02\/001cf7a33f697526f0e0abf4caa492dee0af55c3_85aa85b83d66eb8ba76850ff7953a2a56455aafc__TKU103A_a67dbad9abbcde2ffbf500a9cb76e7bc_1.jpg","width":1280,"height":1024,"caption":"Roof bar Kubota U56-5"},{"@type":"BreadcrumbList","@id":"https:\/\/rst-steel.com\/product\/roof-bar-kubota-u56-5_prm_65570\/#breadcrumb","itemListElement":[{"@type":"ListItem","position":1,"name":"Home","item":"https:\/\/rst-steel.com\/"},{"@type":"ListItem","position":2,"name":"RST-Steel Shop","item":"https:\/\/rst-steel.com\/shop\/"},{"@type":"ListItem","position":3,"name":"Roof bar Kubota U56-5"}]},{"@type":"WebSite","@id":"https:\/\/rst-steel.com\/#website","url":"https:\/\/rst-steel.com\/","name":"RST-Steel.com","description":"Finsk kvalitetsst\u00e5l, for kvalitetsbevisste sj\u00e5f\u00f8rer","publisher":{"@id":"https:\/\/rst-steel.com\/#organization"},"alternateName":"Safe and stylish RST-Steel quality","potentialAction":[{"@type":"SearchAction","target":{"@type":"EntryPoint","urlTemplate":"https:\/\/rst-steel.com\/?s={search_term_string}"},"query-input":{"@type":"PropertyValueSpecification","valueRequired":true,"valueName":"search_term_string"}}],"inLanguage":"nb-NO"},{"@type":"Organization","@id":"https:\/\/rst-steel.com\/#organization","name":"RST-Steel Oy","url":"https:\/\/rst-steel.com\/","logo":{"@type":"ImageObject","inLanguage":"nb-NO","@id":"https:\/\/rst-steel.com\/#\/schema\/logo\/image\/","url":"https:\/\/rst-steel.com\/wp-content\/uploads\/2023\/04\/cropped-Rst-logo-valkoinen-teksti-3.png","contentUrl":"https:\/\/rst-steel.com\/wp-content\/uploads\/2023\/04\/cropped-Rst-logo-valkoinen-teksti-3.png","width":512,"height":115,"caption":"RST-Steel Oy"},"image":{"@id":"https:\/\/rst-steel.com\/#\/schema\/logo\/image\/"},"sameAs":["https:\/\/www.facebook.com\/rststeel","https:\/\/www.instagram.com\/rststeeloy\/"]}]}},"brands":[{"id":8334,"name":"RST-Steel","slug":"brand_rststeel"}],"_links":{"self":[{"href":"https:\/\/rst-steel.com\/nb\/wp-json\/wp\/v2\/product\/122345","targetHints":{"allow":["GET"]}}],"collection":[{"href":"https:\/\/rst-steel.com\/nb\/wp-json\/wp\/v2\/product"}],"about":[{"href":"https:\/\/rst-steel.com\/nb\/wp-json\/wp\/v2\/types\/product"}],"replies":[{"embeddable":true,"href":"https:\/\/rst-steel.com\/nb\/wp-json\/wp\/v2\/comments?post=122345"}],"version-history":[{"count":0,"href":"https:\/\/rst-steel.com\/nb\/wp-json\/wp\/v2\/product\/122345\/revisions"}],"wp:featuredmedia":[{"embeddable":true,"href":"https:\/\/rst-steel.com\/nb\/wp-json\/wp\/v2\/media\/122343"}],"wp:attachment":[{"href":"https:\/\/rst-steel.com\/nb\/wp-json\/wp\/v2\/media?parent=122345"}],"wp:term":[{"taxonomy":"make_fuel_type","embeddable":true,"href":"https:\/\/rst-steel.com\/nb\/wp-json\/wp\/v2\/make_fuel_type?post=122345"},{"taxonomy":"make_model","embeddable":true,"href":"https:\/\/rst-steel.com\/nb\/wp-json\/wp\/v2\/make_model?post=122345"},{"taxonomy":"make_brand","embeddable":true,"href":"https:\/\/rst-steel.com\/nb\/wp-json\/wp\/v2\/make_brand?post=122345"},{"taxonomy":"make_year","embeddable":true,"href":"https:\/\/rst-steel.com\/nb\/wp-json\/wp\/v2\/make_year?post=122345"},{"taxonomy":"pwb-brand","embeddable":true,"href":"https:\/\/rst-steel.com\/nb\/wp-json\/wp\/v2\/pwb-brand?post=122345"},{"taxonomy":"product_brand","embeddable":true,"href":"https:\/\/rst-steel.com\/nb\/wp-json\/wp\/v2\/product_brand?post=122345"},{"taxonomy":"product_cat","embeddable":true,"href":"https:\/\/rst-steel.com\/nb\/wp-json\/wp\/v2\/product_cat?post=122345"},{"taxonomy":"product_tag","embeddable":true,"href":"https:\/\/rst-steel.com\/nb\/wp-json\/wp\/v2\/product_tag?post=122345"}],"curies":[{"name":"wp","href":"https:\/\/api.w.org\/{rel}","templated":true}]}}