{"id":122366,"date":"2026-02-24T10:01:01","date_gmt":"2026-02-24T07:01:01","guid":{"rendered":"https:\/\/rst-steel.com\/product\/front-cab-step-komatsu-harvester-2016-_prm_78023\/"},"modified":"2026-03-16T09:20:20","modified_gmt":"2026-03-16T06:20:20","slug":"front-cab-step-komatsu-harvester-2016-_prm_78023","status":"publish","type":"product","link":"https:\/\/rst-steel.com\/nb\/produkt\/front-cab-step-komatsu-harvester-2016-_prm_78023\/","title":{"rendered":"Frontkabinsteg for Komatsu-hogstmaskiner 2016\u2013"},"content":{"rendered":"<p data-start=\"0\" data-end=\"44\"><span style=\"font-weight: bold;\">Frontkabinsteg for Komatsu-hogstmaskiner 2016\u2013<\/span><\/p>\n<ul>\n<li><span style=\"font-weight: bold;\">\u00a0<\/span><\/li>\n<\/ul>\n<p data-start=\"46\" data-end=\"57\"><span style=\"font-weight: bold;\">Egenskaper:<\/span><\/p>\n<ul data-start=\"59\" data-end=\"491\">\n<li data-start=\"59\" data-end=\"176\">\n<p data-start=\"61\" data-end=\"176\"><strong data-start=\"61\" data-end=\"79\">Compatibility:<\/strong> Designet for Komatsu-hogstmaskiner fra 2016 og fremover, som sikrer rask og problemfri installasjon.<\/p>\n<\/li>\n<li data-start=\"177\" data-end=\"280\">\n<p data-start=\"179\" data-end=\"280\"><strong data-start=\"179\" data-end=\"194\">Holdbarhet:<\/strong> Laget av rustfritt st\u00e5l av h\u00f8y kvalitet, bygget for \u00e5 t\u00e5le de t\u00f8ffeste forhold.<\/p>\n<\/li>\n<li data-start=\"281\" data-end=\"386\">\n<p data-start=\"283\" data-end=\"386\"><strong data-start=\"283\" data-end=\"302\">Montering av lys:<\/strong> Ekstra lys kan enkelt monteres takket v\u00e6re de to sveiste lysbrakettene.<\/p>\n<\/li>\n<li data-start=\"387\" data-end=\"491\">\n<p data-start=\"389\" data-end=\"491\"><strong data-start=\"389\" data-end=\"400\">Sikkerhet:<\/strong> Det m\u00f8nstrede trinnet gir sikkert fotfeste ved vedlikeholdsarbeid foran f\u00f8rerhuset.<\/p>\n<\/li>\n<\/ul>\n<p data-start=\"493\" data-end=\"607\">RST-Steel-trinn produseres i Finland av rustfritt st\u00e5l og er premium N\u00f8kkelflagg-produkter.<\/p>\n<p data-start=\"609\" data-end=\"819\">Et stilfullt trinn fullf\u00f8rer maskinens utseende samtidig som det er praktisk \u2013 det gj\u00f8r vedlikeholdsarbeid enklere og kan ogs\u00e5 utstyres med arbeids- eller ekstralys for bedre synlighet i m\u00f8rke forhold.<\/p>\n<p data-start=\"821\" data-end=\"888\">The work light panel shown in the picture is the OZZ WB1 P20&#8243; 65.<\/p>\n<p data-start=\"890\" data-end=\"913\"><span style=\"font-weight: bold;\">Hvorfor velge RST-Steel?<\/span><\/p>\n<ul data-start=\"915\" data-end=\"1272\">\n<li data-start=\"915\" data-end=\"1058\">\n<p data-start=\"917\" data-end=\"1058\"><strong data-start=\"917\" data-end=\"937\">Laget in Finalnd<\/strong> Ved \u00e5 velge RST-Steel st\u00f8tter du finsk h\u00e5ndverk \u2013 alle produkter produseres i v\u00e5r egen fabrikk i Nivala.<\/p>\n<\/li>\n<li data-start=\"1059\" data-end=\"1172\">\n<p data-start=\"1061\" data-end=\"1172\"><strong data-start=\"1061\" data-end=\"1077\">Reliability:<\/strong> Mange \u00e5rs erfaring og ekspertise garanterer h\u00f8y kvalitet og lang levetid for produktene v\u00e5re.<\/p>\n<\/li>\n<li data-start=\"1173\" data-end=\"1272\">\n<p data-start=\"1175\" data-end=\"1272\"><strong data-start=\"1175\" data-end=\"1201\">Kundetilfredshet:<\/strong> Tusenvis av forn\u00f8yde kunder over hele verden stoler p\u00e5 RST-Steel-produkter.<\/p>\n<\/li>\n<\/ul>\n<ul data-start=\"915\" data-end=\"1272\">\n<li data-start=\"1173\" data-end=\"1272\"><\/li>\n<\/ul>\n<p data-start=\"1274\" data-end=\"1301\"><span style=\"font-weight: bold;\">Tekniske spesifikasjoner:<\/span><\/p>\n<ul data-start=\"1303\" data-end=\"1463\">\n<li data-start=\"1303\" data-end=\"1379\">\n<p data-start=\"1305\" data-end=\"1379\">Farge: Speilpolert rustfritt st\u00e5l eller lakkert i standard RAL-farger<\/p>\n<\/li>\n<li data-start=\"1380\" data-end=\"1404\">\n<p data-start=\"1382\" data-end=\"1404\">R\u00f8rdiameter: 60 mm<\/p>\n<\/li>\n<li data-start=\"1405\" data-end=\"1463\">\n<p data-start=\"1407\" data-end=\"1463\">Sveiste lysbraketter (2 stk) \u2013 avstand mellom braketter 240 mm<\/p>\n<\/li>\n<\/ul>\n<ul data-start=\"1303\" data-end=\"1463\">\n<li data-start=\"1405\" data-end=\"1463\"><\/li>\n<\/ul>\n<p data-start=\"1465\" data-end=\"1484\"><span style=\"font-weight: bold;\">Pakken inneholder:<\/span><\/p>\n<ul data-start=\"1486\" data-end=\"1563\" data-is-last-node=\"\" data-is-only-node=\"\">\n<li data-start=\"1486\" data-end=\"1504\">\n<p data-start=\"1488\" data-end=\"1504\">Frontkabinsteg<\/p>\n<\/li>\n<li data-start=\"1505\" data-end=\"1535\">\n<p data-start=\"1507\" data-end=\"1535\">N\u00f8dvendig monteringsutstyr<\/p>\n<\/li>\n<li data-start=\"1536\" data-end=\"1563\" data-is-last-node=\"\">\n<p data-start=\"1538\" data-end=\"1563\" data-is-last-node=\"\">Installasjonsinstruksjoner<\/p>\n<\/li>\n<\/ul>","protected":false},"excerpt":{"rendered":"<p>Praktisk trapp \/ lysbjelke for montering p\u00e5 originalr\u00f8ret!<\/p>","protected":false},"featured_media":122364,"comment_status":"open","ping_status":"closed","template":"","meta":{"_improvement_type_select":"improve_an_existing","_thumb_yes_seoaic":false,"_frame_yes_seoaic":false,"seoaic_generate_description":"","seoaic_improve_instructions_prompt":"","seoaic_rollback_content_improvement":"","seoaic_idea_thumbnail_generator":"","thumbnail_generated":false,"thumbnail_generate_prompt":"","seoaic_article_description":""},"make_fuel_type":[],"make_model":[],"make_brand":[],"make_year":[6465],"pwb-brand":[8334],"product_brand":[],"product_cat":[6057,6070],"product_tag":[],"class_list":{"0":"post-122366","1":"product","2":"type-product","3":"status-publish","4":"has-post-thumbnail","6":"make_year-workmachines","7":"pwb-brand-brand_rststeel","8":"product_cat-lightbars","9":"product_cat-roofbars-for-forest-machines","10":"product_shipping_class-lightbars","12":"first","13":"instock","14":"taxable","15":"shipping-taxable","16":"purchasable","17":"product-type-variable"},"yoast_head":"<!-- This site is optimized with the Yoast SEO plugin v25.7 - https:\/\/yoast.com\/wordpress\/plugins\/seo\/ -->\n<title>Front Cab Step Komatsu Harvester 2016- RST-Steel<\/title>\n<meta name=\"description\" content=\"Front cab step for Komatsu Harvester 2016\u2011on, durable stainless steel, easy to install, with welded light mounts for added safety and visibility.\" \/>\n<meta name=\"robots\" content=\"index, follow, max-snippet:-1, max-image-preview:large, max-video-preview:-1\" \/>\n<link rel=\"canonical\" href=\"https:\/\/rst-steel.com\/nb\/produkt\/front-cab-step-komatsu-harvester-2016-_prm_78023\/\" \/>\n<meta property=\"og:locale\" content=\"nb_NO\" \/>\n<meta property=\"og:type\" content=\"article\" \/>\n<meta property=\"og:title\" content=\"Front Cab Step Komatsu Harvester 2016- RST-Steel\" \/>\n<meta property=\"og:description\" content=\"Front cab step for Komatsu Harvester 2016\u2011on, durable stainless steel, easy to install, with welded light mounts for added safety and visibility.\" \/>\n<meta property=\"og:url\" content=\"https:\/\/rst-steel.com\/nb\/produkt\/front-cab-step-komatsu-harvester-2016-_prm_78023\/\" \/>\n<meta property=\"og:site_name\" content=\"RST-Steel\" \/>\n<meta property=\"article:publisher\" content=\"https:\/\/www.facebook.com\/rststeel\" \/>\n<meta property=\"article:modified_time\" content=\"2026-03-16T06:20:20+00:00\" \/>\n<meta property=\"og:image\" content=\"https:\/\/rst-steel.com\/wp-content\/uploads\/2026\/02\/612adb021b869dc64f614f74a0ac48bee98bb3f6_TKOM212AM_web.jpg\" \/>\n\t<meta property=\"og:image:width\" content=\"1200\" \/>\n\t<meta property=\"og:image:height\" content=\"900\" \/>\n\t<meta property=\"og:image:type\" content=\"image\/jpeg\" \/>\n<meta name=\"twitter:card\" content=\"summary_large_image\" \/>\n<meta name=\"twitter:label1\" content=\"Ansl. lesetid\" \/>\n\t<meta name=\"twitter:data1\" content=\"2 minutter\" \/>\n<script type=\"application\/ld+json\" class=\"yoast-schema-graph\">{\"@context\":\"https:\/\/schema.org\",\"@graph\":[{\"@type\":\"WebPage\",\"@id\":\"https:\/\/rst-steel.com\/product\/front-cab-step-komatsu-harvester-2016-_prm_78023\/\",\"url\":\"https:\/\/rst-steel.com\/product\/front-cab-step-komatsu-harvester-2016-_prm_78023\/\",\"name\":\"Front Cab Step Komatsu Harvester 2016- RST-Steel\",\"isPartOf\":{\"@id\":\"https:\/\/rst-steel.com\/#website\"},\"primaryImageOfPage\":{\"@id\":\"https:\/\/rst-steel.com\/product\/front-cab-step-komatsu-harvester-2016-_prm_78023\/#primaryimage\"},\"image\":{\"@id\":\"https:\/\/rst-steel.com\/product\/front-cab-step-komatsu-harvester-2016-_prm_78023\/#primaryimage\"},\"thumbnailUrl\":\"https:\/\/rst-steel.com\/wp-content\/uploads\/2026\/02\/612adb021b869dc64f614f74a0ac48bee98bb3f6_TKOM212AM_web.jpg\",\"datePublished\":\"2026-02-24T07:01:01+00:00\",\"dateModified\":\"2026-03-16T06:20:20+00:00\",\"description\":\"Front cab step for Komatsu Harvester 2016\u2011on, durable stainless steel, easy to install, with welded light mounts for added safety and visibility.\",\"breadcrumb\":{\"@id\":\"https:\/\/rst-steel.com\/product\/front-cab-step-komatsu-harvester-2016-_prm_78023\/#breadcrumb\"},\"inLanguage\":\"nb-NO\",\"potentialAction\":[{\"@type\":\"ReadAction\",\"target\":[\"https:\/\/rst-steel.com\/product\/front-cab-step-komatsu-harvester-2016-_prm_78023\/\"]}]},{\"@type\":\"ImageObject\",\"inLanguage\":\"nb-NO\",\"@id\":\"https:\/\/rst-steel.com\/product\/front-cab-step-komatsu-harvester-2016-_prm_78023\/#primaryimage\",\"url\":\"https:\/\/rst-steel.com\/wp-content\/uploads\/2026\/02\/612adb021b869dc64f614f74a0ac48bee98bb3f6_TKOM212AM_web.jpg\",\"contentUrl\":\"https:\/\/rst-steel.com\/wp-content\/uploads\/2026\/02\/612adb021b869dc64f614f74a0ac48bee98bb3f6_TKOM212AM_web.jpg\",\"width\":1200,\"height\":900,\"caption\":\"Front Cab Step Komatsu Harvester 2016-\"},{\"@type\":\"BreadcrumbList\",\"@id\":\"https:\/\/rst-steel.com\/product\/front-cab-step-komatsu-harvester-2016-_prm_78023\/#breadcrumb\",\"itemListElement\":[{\"@type\":\"ListItem\",\"position\":1,\"name\":\"Home\",\"item\":\"https:\/\/rst-steel.com\/\"},{\"@type\":\"ListItem\",\"position\":2,\"name\":\"RST-Steel Shop\",\"item\":\"https:\/\/rst-steel.com\/shop\/\"},{\"@type\":\"ListItem\",\"position\":3,\"name\":\"Front Cab Step Komatsu Harvester 2016-\"}]},{\"@type\":\"WebSite\",\"@id\":\"https:\/\/rst-steel.com\/#website\",\"url\":\"https:\/\/rst-steel.com\/\",\"name\":\"RST-Steel.com\",\"description\":\"Finnish quality steel, for quality-conscious drivers\",\"publisher\":{\"@id\":\"https:\/\/rst-steel.com\/#organization\"},\"alternateName\":\"Safe and stylish RST-Steel quality\",\"potentialAction\":[{\"@type\":\"SearchAction\",\"target\":{\"@type\":\"EntryPoint\",\"urlTemplate\":\"https:\/\/rst-steel.com\/?s={search_term_string}\"},\"query-input\":{\"@type\":\"PropertyValueSpecification\",\"valueRequired\":true,\"valueName\":\"search_term_string\"}}],\"inLanguage\":\"nb-NO\"},{\"@type\":\"Organization\",\"@id\":\"https:\/\/rst-steel.com\/#organization\",\"name\":\"RST-Steel Oy\",\"url\":\"https:\/\/rst-steel.com\/\",\"logo\":{\"@type\":\"ImageObject\",\"inLanguage\":\"nb-NO\",\"@id\":\"https:\/\/rst-steel.com\/#\/schema\/logo\/image\/\",\"url\":\"https:\/\/rst-steel.com\/wp-content\/uploads\/2023\/04\/cropped-Rst-logo-valkoinen-teksti-3.png\",\"contentUrl\":\"https:\/\/rst-steel.com\/wp-content\/uploads\/2023\/04\/cropped-Rst-logo-valkoinen-teksti-3.png\",\"width\":512,\"height\":115,\"caption\":\"RST-Steel Oy\"},\"image\":{\"@id\":\"https:\/\/rst-steel.com\/#\/schema\/logo\/image\/\"},\"sameAs\":[\"https:\/\/www.facebook.com\/rststeel\",\"https:\/\/www.instagram.com\/rststeeloy\/\"]}]}<\/script>\n<!-- \/ Yoast SEO plugin. -->","yoast_head_json":{"title":"Front Cab Step Komatsu Harvester 2016- RST-Steel","description":"Front cab step for Komatsu Harvester 2016\u2011on, durable stainless steel, easy to install, with welded light mounts for added safety and visibility.","robots":{"index":"index","follow":"follow","max-snippet":"max-snippet:-1","max-image-preview":"max-image-preview:large","max-video-preview":"max-video-preview:-1"},"canonical":"https:\/\/rst-steel.com\/nb\/produkt\/front-cab-step-komatsu-harvester-2016-_prm_78023\/","og_locale":"nb_NO","og_type":"article","og_title":"Front Cab Step Komatsu Harvester 2016- RST-Steel","og_description":"Front cab step for Komatsu Harvester 2016\u2011on, durable stainless steel, easy to install, with welded light mounts for added safety and visibility.","og_url":"https:\/\/rst-steel.com\/nb\/produkt\/front-cab-step-komatsu-harvester-2016-_prm_78023\/","og_site_name":"RST-Steel","article_publisher":"https:\/\/www.facebook.com\/rststeel","article_modified_time":"2026-03-16T06:20:20+00:00","og_image":[{"width":1200,"height":900,"url":"https:\/\/rst-steel.com\/wp-content\/uploads\/2026\/02\/612adb021b869dc64f614f74a0ac48bee98bb3f6_TKOM212AM_web.jpg","type":"image\/jpeg"}],"twitter_card":"summary_large_image","twitter_misc":{"Ansl. lesetid":"2 minutter"},"schema":{"@context":"https:\/\/schema.org","@graph":[{"@type":"WebPage","@id":"https:\/\/rst-steel.com\/product\/front-cab-step-komatsu-harvester-2016-_prm_78023\/","url":"https:\/\/rst-steel.com\/product\/front-cab-step-komatsu-harvester-2016-_prm_78023\/","name":"Front Cab Step Komatsu Harvester 2016- RST-Steel","isPartOf":{"@id":"https:\/\/rst-steel.com\/#website"},"primaryImageOfPage":{"@id":"https:\/\/rst-steel.com\/product\/front-cab-step-komatsu-harvester-2016-_prm_78023\/#primaryimage"},"image":{"@id":"https:\/\/rst-steel.com\/product\/front-cab-step-komatsu-harvester-2016-_prm_78023\/#primaryimage"},"thumbnailUrl":"https:\/\/rst-steel.com\/wp-content\/uploads\/2026\/02\/612adb021b869dc64f614f74a0ac48bee98bb3f6_TKOM212AM_web.jpg","datePublished":"2026-02-24T07:01:01+00:00","dateModified":"2026-03-16T06:20:20+00:00","description":"Front cab step for Komatsu Harvester 2016\u2011on, durable stainless steel, easy to install, with welded light mounts for added safety and visibility.","breadcrumb":{"@id":"https:\/\/rst-steel.com\/product\/front-cab-step-komatsu-harvester-2016-_prm_78023\/#breadcrumb"},"inLanguage":"nb-NO","potentialAction":[{"@type":"ReadAction","target":["https:\/\/rst-steel.com\/product\/front-cab-step-komatsu-harvester-2016-_prm_78023\/"]}]},{"@type":"ImageObject","inLanguage":"nb-NO","@id":"https:\/\/rst-steel.com\/product\/front-cab-step-komatsu-harvester-2016-_prm_78023\/#primaryimage","url":"https:\/\/rst-steel.com\/wp-content\/uploads\/2026\/02\/612adb021b869dc64f614f74a0ac48bee98bb3f6_TKOM212AM_web.jpg","contentUrl":"https:\/\/rst-steel.com\/wp-content\/uploads\/2026\/02\/612adb021b869dc64f614f74a0ac48bee98bb3f6_TKOM212AM_web.jpg","width":1200,"height":900,"caption":"Front Cab Step Komatsu Harvester 2016-"},{"@type":"BreadcrumbList","@id":"https:\/\/rst-steel.com\/product\/front-cab-step-komatsu-harvester-2016-_prm_78023\/#breadcrumb","itemListElement":[{"@type":"ListItem","position":1,"name":"Home","item":"https:\/\/rst-steel.com\/"},{"@type":"ListItem","position":2,"name":"RST-Steel Shop","item":"https:\/\/rst-steel.com\/shop\/"},{"@type":"ListItem","position":3,"name":"Front Cab Step Komatsu Harvester 2016-"}]},{"@type":"WebSite","@id":"https:\/\/rst-steel.com\/#website","url":"https:\/\/rst-steel.com\/","name":"RST-Steel.com","description":"Finsk kvalitetsst\u00e5l, for kvalitetsbevisste sj\u00e5f\u00f8rer","publisher":{"@id":"https:\/\/rst-steel.com\/#organization"},"alternateName":"Safe and stylish RST-Steel quality","potentialAction":[{"@type":"SearchAction","target":{"@type":"EntryPoint","urlTemplate":"https:\/\/rst-steel.com\/?s={search_term_string}"},"query-input":{"@type":"PropertyValueSpecification","valueRequired":true,"valueName":"search_term_string"}}],"inLanguage":"nb-NO"},{"@type":"Organization","@id":"https:\/\/rst-steel.com\/#organization","name":"RST-Steel Oy","url":"https:\/\/rst-steel.com\/","logo":{"@type":"ImageObject","inLanguage":"nb-NO","@id":"https:\/\/rst-steel.com\/#\/schema\/logo\/image\/","url":"https:\/\/rst-steel.com\/wp-content\/uploads\/2023\/04\/cropped-Rst-logo-valkoinen-teksti-3.png","contentUrl":"https:\/\/rst-steel.com\/wp-content\/uploads\/2023\/04\/cropped-Rst-logo-valkoinen-teksti-3.png","width":512,"height":115,"caption":"RST-Steel Oy"},"image":{"@id":"https:\/\/rst-steel.com\/#\/schema\/logo\/image\/"},"sameAs":["https:\/\/www.facebook.com\/rststeel","https:\/\/www.instagram.com\/rststeeloy\/"]}]}},"brands":[{"id":8334,"name":"RST-Steel","slug":"brand_rststeel"}],"_links":{"self":[{"href":"https:\/\/rst-steel.com\/nb\/wp-json\/wp\/v2\/product\/122366","targetHints":{"allow":["GET"]}}],"collection":[{"href":"https:\/\/rst-steel.com\/nb\/wp-json\/wp\/v2\/product"}],"about":[{"href":"https:\/\/rst-steel.com\/nb\/wp-json\/wp\/v2\/types\/product"}],"replies":[{"embeddable":true,"href":"https:\/\/rst-steel.com\/nb\/wp-json\/wp\/v2\/comments?post=122366"}],"version-history":[{"count":0,"href":"https:\/\/rst-steel.com\/nb\/wp-json\/wp\/v2\/product\/122366\/revisions"}],"wp:featuredmedia":[{"embeddable":true,"href":"https:\/\/rst-steel.com\/nb\/wp-json\/wp\/v2\/media\/122364"}],"wp:attachment":[{"href":"https:\/\/rst-steel.com\/nb\/wp-json\/wp\/v2\/media?parent=122366"}],"wp:term":[{"taxonomy":"make_fuel_type","embeddable":true,"href":"https:\/\/rst-steel.com\/nb\/wp-json\/wp\/v2\/make_fuel_type?post=122366"},{"taxonomy":"make_model","embeddable":true,"href":"https:\/\/rst-steel.com\/nb\/wp-json\/wp\/v2\/make_model?post=122366"},{"taxonomy":"make_brand","embeddable":true,"href":"https:\/\/rst-steel.com\/nb\/wp-json\/wp\/v2\/make_brand?post=122366"},{"taxonomy":"make_year","embeddable":true,"href":"https:\/\/rst-steel.com\/nb\/wp-json\/wp\/v2\/make_year?post=122366"},{"taxonomy":"pwb-brand","embeddable":true,"href":"https:\/\/rst-steel.com\/nb\/wp-json\/wp\/v2\/pwb-brand?post=122366"},{"taxonomy":"product_brand","embeddable":true,"href":"https:\/\/rst-steel.com\/nb\/wp-json\/wp\/v2\/product_brand?post=122366"},{"taxonomy":"product_cat","embeddable":true,"href":"https:\/\/rst-steel.com\/nb\/wp-json\/wp\/v2\/product_cat?post=122366"},{"taxonomy":"product_tag","embeddable":true,"href":"https:\/\/rst-steel.com\/nb\/wp-json\/wp\/v2\/product_tag?post=122366"}],"curies":[{"name":"wp","href":"https:\/\/api.w.org\/{rel}","templated":true}]}}