{"id":122445,"date":"2026-02-24T14:32:02","date_gmt":"2026-02-24T11:32:02","guid":{"rendered":"https:\/\/rst-steel.com\/product\/valoteline-taakse-perapuntin-paalle-jcb-140x-150x-2019-_prm_77812\/"},"modified":"2026-03-19T09:55:04","modified_gmt":"2026-03-19T06:55:04","slug":"counterweight-bar-jcb-140x-150x-2019-_prm_77812","status":"publish","type":"product","link":"https:\/\/rst-steel.com\/nb\/produkt\/counterweight-bar-jcb-140x-150x-2019-_prm_77812\/","title":{"rendered":"Counterweight Bar JCB 140X \/ 150X 2019-"},"content":{"rendered":"<p data-start=\"0\" data-end=\"72\"><strong>Counterweight Bar JCB 140X \/ 150X 2019-<\/strong><\/p>\n<p data-start=\"0\" data-end=\"72\">RST-Steel counterweight bars are manufactured in Finland from high-quality stainless steel and are premium Key Flag (Avainlippu) products.<\/p>\n<p data-start=\"208\" data-end=\"409\">A stylish counterweight bar completes the look of your machine while adding practicality \u2013 it can be equipped with marker lights, strobe lights, and work lights to make you even more visible on the job site.<\/p>\n<ul>\n<li><\/li>\n<\/ul>\n<p data-start=\"411\" data-end=\"434\"><span style=\"font-weight: bold;\">Hvorfor velge RST-Steel?<\/span><\/p>\n<ul data-start=\"436\" data-end=\"804\">\n<li data-start=\"436\" data-end=\"583\">\n<p data-start=\"438\" data-end=\"583\"><strong data-start=\"438\" data-end=\"458\">Laget in Finalnd<\/strong> Ved \u00e5 velge RST-Steel st\u00f8tter du finsk h\u00e5ndverk \u2013 alle v\u00e5re produkter produseres i v\u00e5r egen fabrikk i Nivala.<\/p>\n<\/li>\n<li data-start=\"584\" data-end=\"697\">\n<p data-start=\"586\" data-end=\"697\"><strong data-start=\"586\" data-end=\"602\">Reliability:<\/strong> Mange \u00e5rs erfaring og ekspertise garanterer h\u00f8y kvalitet og lang levetid for produktene v\u00e5re.<\/p>\n<\/li>\n<li data-start=\"698\" data-end=\"804\">\n<p data-start=\"700\" data-end=\"804\"><strong data-start=\"700\" data-end=\"726\">Kundetilfredshet:<\/strong> Thousands of satisfied customers around the world trust RST-Steel products.<\/p>\n<\/li>\n<\/ul>\n<p data-start=\"806\" data-end=\"833\"><span style=\"font-weight: bold;\">Tekniske spesifikasjoner:<\/span><\/p>\n<ul data-start=\"835\" data-end=\"961\">\n<li data-start=\"835\" data-end=\"911\">\n<p data-start=\"837\" data-end=\"911\">Farge: Speilpolert rustfritt st\u00e5l eller lakkert i standard RAL-farger<\/p>\n<\/li>\n<li data-start=\"912\" data-end=\"936\">\n<p data-start=\"914\" data-end=\"936\">R\u00f8rdiameter: 60 mm<\/p>\n<\/li>\n<li data-start=\"937\" data-end=\"961\">\n<p data-start=\"939\" data-end=\"961\">2 stk lysfester<\/p>\n<\/li>\n<\/ul>\n<p data-start=\"963\" data-end=\"982\"><span style=\"font-weight: bold;\">Pakken inneholder:<\/span><\/p>\n<ul data-start=\"984\" data-end=\"1097\" data-is-last-node=\"\" data-is-only-node=\"\">\n<li data-start=\"984\" data-end=\"1038\">\n<p data-start=\"986\" data-end=\"1038\">Counterweight bar JCB 140X 150X 2019-<\/p>\n<\/li>\n<li data-start=\"1039\" data-end=\"1069\">\n<p data-start=\"1041\" data-end=\"1069\">N\u00f8dvendig monteringsutstyr<\/p>\n<\/li>\n<li data-start=\"1070\" data-end=\"1097\" data-is-last-node=\"\">\n<p data-start=\"1072\" data-end=\"1097\" data-is-last-node=\"\">Installasjonsinstruksjoner<\/p>\n<\/li>\n<\/ul>","protected":false},"excerpt":{"rendered":"<p>Flere ulike modeller finnes tilgjengelig<\/p>","protected":false},"featured_media":122443,"comment_status":"open","ping_status":"closed","template":"","meta":{"_improvement_type_select":"improve_an_existing","_thumb_yes_seoaic":false,"_frame_yes_seoaic":false,"seoaic_generate_description":"","seoaic_improve_instructions_prompt":"","seoaic_rollback_content_improvement":"","seoaic_idea_thumbnail_generator":"","thumbnail_generated":false,"thumbnail_generate_prompt":"","seoaic_article_description":""},"make_fuel_type":[],"make_model":[],"make_brand":[],"make_year":[6465],"pwb-brand":[8334],"product_brand":[],"product_cat":[6057,6069,7284],"product_tag":[],"class_list":{"0":"post-122445","1":"product","2":"type-product","3":"status-publish","4":"has-post-thumbnail","6":"make_year-workmachines","7":"pwb-brand-brand_rststeel","8":"product_cat-lightbars","9":"product_cat-rearbars-for-excavators","10":"product_cat-jcb-vr-kkp","11":"product_shipping_class-lightbars","13":"first","14":"onbackorder","15":"taxable","16":"shipping-taxable","17":"purchasable","18":"product-type-variable"},"yoast_head":"<!-- This site is optimized with the Yoast SEO plugin v25.7 - https:\/\/yoast.com\/wordpress\/plugins\/seo\/ -->\n<title>Counterweight Bar JCB 140X \/ 150X 2019- RST-Steel<\/title>\n<meta name=\"description\" content=\"Counterweight Bar JCB 140X \/ 150X 2019-, high-quality stainless steel, easy to install, compatible with marker lights, strobe lights, and work lights.\" \/>\n<meta name=\"robots\" content=\"index, follow, max-snippet:-1, max-image-preview:large, max-video-preview:-1\" \/>\n<link rel=\"canonical\" href=\"https:\/\/rst-steel.com\/nb\/produkt\/counterweight-bar-jcb-140x-150x-2019-_prm_77812\/\" \/>\n<meta property=\"og:locale\" content=\"nb_NO\" \/>\n<meta property=\"og:type\" content=\"article\" \/>\n<meta property=\"og:title\" content=\"Counterweight Bar JCB 140X \/ 150X 2019- RST-Steel\" \/>\n<meta property=\"og:description\" content=\"Counterweight Bar JCB 140X \/ 150X 2019-, high-quality stainless steel, easy to install, compatible with marker lights, strobe lights, and work lights.\" \/>\n<meta property=\"og:url\" content=\"https:\/\/rst-steel.com\/nb\/produkt\/counterweight-bar-jcb-140x-150x-2019-_prm_77812\/\" \/>\n<meta property=\"og:site_name\" content=\"RST-Steel\" \/>\n<meta property=\"article:publisher\" content=\"https:\/\/www.facebook.com\/rststeel\" \/>\n<meta property=\"article:modified_time\" content=\"2026-03-19T06:55:04+00:00\" \/>\n<meta property=\"og:image\" content=\"https:\/\/rst-steel.com\/wp-content\/uploads\/2026\/02\/899f06f5477da9dca54ca9545a50cb608a2db363_TJC207A.1__1_.jpeg\" \/>\n\t<meta property=\"og:image:width\" content=\"1500\" \/>\n\t<meta property=\"og:image:height\" content=\"2000\" \/>\n\t<meta property=\"og:image:type\" content=\"image\/jpeg\" \/>\n<meta name=\"twitter:card\" content=\"summary_large_image\" \/>\n<meta name=\"twitter:label1\" content=\"Ansl. lesetid\" \/>\n\t<meta name=\"twitter:data1\" content=\"1 minutt\" \/>\n<script type=\"application\/ld+json\" class=\"yoast-schema-graph\">{\"@context\":\"https:\/\/schema.org\",\"@graph\":[{\"@type\":\"WebPage\",\"@id\":\"https:\/\/rst-steel.com\/product\/counterweight-bar-jcb-140x-150x-2019-_prm_77812\/\",\"url\":\"https:\/\/rst-steel.com\/product\/counterweight-bar-jcb-140x-150x-2019-_prm_77812\/\",\"name\":\"Counterweight Bar JCB 140X \/ 150X 2019- RST-Steel\",\"isPartOf\":{\"@id\":\"https:\/\/rst-steel.com\/#website\"},\"primaryImageOfPage\":{\"@id\":\"https:\/\/rst-steel.com\/product\/counterweight-bar-jcb-140x-150x-2019-_prm_77812\/#primaryimage\"},\"image\":{\"@id\":\"https:\/\/rst-steel.com\/product\/counterweight-bar-jcb-140x-150x-2019-_prm_77812\/#primaryimage\"},\"thumbnailUrl\":\"https:\/\/rst-steel.com\/wp-content\/uploads\/2026\/02\/899f06f5477da9dca54ca9545a50cb608a2db363_TJC207A.1__1_.jpeg\",\"datePublished\":\"2026-02-24T11:32:02+00:00\",\"dateModified\":\"2026-03-19T06:55:04+00:00\",\"description\":\"Counterweight Bar JCB 140X \/ 150X 2019-, high-quality stainless steel, easy to install, compatible with marker lights, strobe lights, and work lights.\",\"breadcrumb\":{\"@id\":\"https:\/\/rst-steel.com\/product\/counterweight-bar-jcb-140x-150x-2019-_prm_77812\/#breadcrumb\"},\"inLanguage\":\"nb-NO\",\"potentialAction\":[{\"@type\":\"ReadAction\",\"target\":[\"https:\/\/rst-steel.com\/product\/counterweight-bar-jcb-140x-150x-2019-_prm_77812\/\"]}]},{\"@type\":\"ImageObject\",\"inLanguage\":\"nb-NO\",\"@id\":\"https:\/\/rst-steel.com\/product\/counterweight-bar-jcb-140x-150x-2019-_prm_77812\/#primaryimage\",\"url\":\"https:\/\/rst-steel.com\/wp-content\/uploads\/2026\/02\/899f06f5477da9dca54ca9545a50cb608a2db363_TJC207A.1__1_.jpeg\",\"contentUrl\":\"https:\/\/rst-steel.com\/wp-content\/uploads\/2026\/02\/899f06f5477da9dca54ca9545a50cb608a2db363_TJC207A.1__1_.jpeg\",\"width\":1500,\"height\":2000,\"caption\":\"Counterweight Bar JCB 140X \/ 150X 2019-\"},{\"@type\":\"BreadcrumbList\",\"@id\":\"https:\/\/rst-steel.com\/product\/counterweight-bar-jcb-140x-150x-2019-_prm_77812\/#breadcrumb\",\"itemListElement\":[{\"@type\":\"ListItem\",\"position\":1,\"name\":\"Home\",\"item\":\"https:\/\/rst-steel.com\/\"},{\"@type\":\"ListItem\",\"position\":2,\"name\":\"RST-Steel Shop\",\"item\":\"https:\/\/rst-steel.com\/shop\/\"},{\"@type\":\"ListItem\",\"position\":3,\"name\":\"Counterweight Bar JCB 140X \/ 150X 2019-\"}]},{\"@type\":\"WebSite\",\"@id\":\"https:\/\/rst-steel.com\/#website\",\"url\":\"https:\/\/rst-steel.com\/\",\"name\":\"RST-Steel.com\",\"description\":\"Finnish quality steel, for quality-conscious drivers\",\"publisher\":{\"@id\":\"https:\/\/rst-steel.com\/#organization\"},\"alternateName\":\"Safe and stylish RST-Steel quality\",\"potentialAction\":[{\"@type\":\"SearchAction\",\"target\":{\"@type\":\"EntryPoint\",\"urlTemplate\":\"https:\/\/rst-steel.com\/?s={search_term_string}\"},\"query-input\":{\"@type\":\"PropertyValueSpecification\",\"valueRequired\":true,\"valueName\":\"search_term_string\"}}],\"inLanguage\":\"nb-NO\"},{\"@type\":\"Organization\",\"@id\":\"https:\/\/rst-steel.com\/#organization\",\"name\":\"RST-Steel Oy\",\"url\":\"https:\/\/rst-steel.com\/\",\"logo\":{\"@type\":\"ImageObject\",\"inLanguage\":\"nb-NO\",\"@id\":\"https:\/\/rst-steel.com\/#\/schema\/logo\/image\/\",\"url\":\"https:\/\/rst-steel.com\/wp-content\/uploads\/2023\/04\/cropped-Rst-logo-valkoinen-teksti-3.png\",\"contentUrl\":\"https:\/\/rst-steel.com\/wp-content\/uploads\/2023\/04\/cropped-Rst-logo-valkoinen-teksti-3.png\",\"width\":512,\"height\":115,\"caption\":\"RST-Steel Oy\"},\"image\":{\"@id\":\"https:\/\/rst-steel.com\/#\/schema\/logo\/image\/\"},\"sameAs\":[\"https:\/\/www.facebook.com\/rststeel\",\"https:\/\/www.instagram.com\/rststeeloy\/\"]}]}<\/script>\n<!-- \/ Yoast SEO plugin. -->","yoast_head_json":{"title":"Counterweight Bar JCB 140X \/ 150X 2019- RST-Steel","description":"Counterweight Bar JCB 140X \/ 150X 2019-, high-quality stainless steel, easy to install, compatible with marker lights, strobe lights, and work lights.","robots":{"index":"index","follow":"follow","max-snippet":"max-snippet:-1","max-image-preview":"max-image-preview:large","max-video-preview":"max-video-preview:-1"},"canonical":"https:\/\/rst-steel.com\/nb\/produkt\/counterweight-bar-jcb-140x-150x-2019-_prm_77812\/","og_locale":"nb_NO","og_type":"article","og_title":"Counterweight Bar JCB 140X \/ 150X 2019- RST-Steel","og_description":"Counterweight Bar JCB 140X \/ 150X 2019-, high-quality stainless steel, easy to install, compatible with marker lights, strobe lights, and work lights.","og_url":"https:\/\/rst-steel.com\/nb\/produkt\/counterweight-bar-jcb-140x-150x-2019-_prm_77812\/","og_site_name":"RST-Steel","article_publisher":"https:\/\/www.facebook.com\/rststeel","article_modified_time":"2026-03-19T06:55:04+00:00","og_image":[{"width":1500,"height":2000,"url":"https:\/\/rst-steel.com\/wp-content\/uploads\/2026\/02\/899f06f5477da9dca54ca9545a50cb608a2db363_TJC207A.1__1_.jpeg","type":"image\/jpeg"}],"twitter_card":"summary_large_image","twitter_misc":{"Ansl. lesetid":"1 minutt"},"schema":{"@context":"https:\/\/schema.org","@graph":[{"@type":"WebPage","@id":"https:\/\/rst-steel.com\/product\/counterweight-bar-jcb-140x-150x-2019-_prm_77812\/","url":"https:\/\/rst-steel.com\/product\/counterweight-bar-jcb-140x-150x-2019-_prm_77812\/","name":"Counterweight Bar JCB 140X \/ 150X 2019- RST-Steel","isPartOf":{"@id":"https:\/\/rst-steel.com\/#website"},"primaryImageOfPage":{"@id":"https:\/\/rst-steel.com\/product\/counterweight-bar-jcb-140x-150x-2019-_prm_77812\/#primaryimage"},"image":{"@id":"https:\/\/rst-steel.com\/product\/counterweight-bar-jcb-140x-150x-2019-_prm_77812\/#primaryimage"},"thumbnailUrl":"https:\/\/rst-steel.com\/wp-content\/uploads\/2026\/02\/899f06f5477da9dca54ca9545a50cb608a2db363_TJC207A.1__1_.jpeg","datePublished":"2026-02-24T11:32:02+00:00","dateModified":"2026-03-19T06:55:04+00:00","description":"Counterweight Bar JCB 140X \/ 150X 2019-, high-quality stainless steel, easy to install, compatible with marker lights, strobe lights, and work lights.","breadcrumb":{"@id":"https:\/\/rst-steel.com\/product\/counterweight-bar-jcb-140x-150x-2019-_prm_77812\/#breadcrumb"},"inLanguage":"nb-NO","potentialAction":[{"@type":"ReadAction","target":["https:\/\/rst-steel.com\/product\/counterweight-bar-jcb-140x-150x-2019-_prm_77812\/"]}]},{"@type":"ImageObject","inLanguage":"nb-NO","@id":"https:\/\/rst-steel.com\/product\/counterweight-bar-jcb-140x-150x-2019-_prm_77812\/#primaryimage","url":"https:\/\/rst-steel.com\/wp-content\/uploads\/2026\/02\/899f06f5477da9dca54ca9545a50cb608a2db363_TJC207A.1__1_.jpeg","contentUrl":"https:\/\/rst-steel.com\/wp-content\/uploads\/2026\/02\/899f06f5477da9dca54ca9545a50cb608a2db363_TJC207A.1__1_.jpeg","width":1500,"height":2000,"caption":"Counterweight Bar JCB 140X \/ 150X 2019-"},{"@type":"BreadcrumbList","@id":"https:\/\/rst-steel.com\/product\/counterweight-bar-jcb-140x-150x-2019-_prm_77812\/#breadcrumb","itemListElement":[{"@type":"ListItem","position":1,"name":"Home","item":"https:\/\/rst-steel.com\/"},{"@type":"ListItem","position":2,"name":"RST-Steel Shop","item":"https:\/\/rst-steel.com\/shop\/"},{"@type":"ListItem","position":3,"name":"Counterweight Bar JCB 140X \/ 150X 2019-"}]},{"@type":"WebSite","@id":"https:\/\/rst-steel.com\/#website","url":"https:\/\/rst-steel.com\/","name":"RST-Steel.com","description":"Finsk kvalitetsst\u00e5l, for kvalitetsbevisste sj\u00e5f\u00f8rer","publisher":{"@id":"https:\/\/rst-steel.com\/#organization"},"alternateName":"Safe and stylish RST-Steel quality","potentialAction":[{"@type":"SearchAction","target":{"@type":"EntryPoint","urlTemplate":"https:\/\/rst-steel.com\/?s={search_term_string}"},"query-input":{"@type":"PropertyValueSpecification","valueRequired":true,"valueName":"search_term_string"}}],"inLanguage":"nb-NO"},{"@type":"Organization","@id":"https:\/\/rst-steel.com\/#organization","name":"RST-Steel Oy","url":"https:\/\/rst-steel.com\/","logo":{"@type":"ImageObject","inLanguage":"nb-NO","@id":"https:\/\/rst-steel.com\/#\/schema\/logo\/image\/","url":"https:\/\/rst-steel.com\/wp-content\/uploads\/2023\/04\/cropped-Rst-logo-valkoinen-teksti-3.png","contentUrl":"https:\/\/rst-steel.com\/wp-content\/uploads\/2023\/04\/cropped-Rst-logo-valkoinen-teksti-3.png","width":512,"height":115,"caption":"RST-Steel Oy"},"image":{"@id":"https:\/\/rst-steel.com\/#\/schema\/logo\/image\/"},"sameAs":["https:\/\/www.facebook.com\/rststeel","https:\/\/www.instagram.com\/rststeeloy\/"]}]}},"brands":[{"id":8334,"name":"RST-Steel","slug":"brand_rststeel"}],"_links":{"self":[{"href":"https:\/\/rst-steel.com\/nb\/wp-json\/wp\/v2\/product\/122445","targetHints":{"allow":["GET"]}}],"collection":[{"href":"https:\/\/rst-steel.com\/nb\/wp-json\/wp\/v2\/product"}],"about":[{"href":"https:\/\/rst-steel.com\/nb\/wp-json\/wp\/v2\/types\/product"}],"replies":[{"embeddable":true,"href":"https:\/\/rst-steel.com\/nb\/wp-json\/wp\/v2\/comments?post=122445"}],"version-history":[{"count":0,"href":"https:\/\/rst-steel.com\/nb\/wp-json\/wp\/v2\/product\/122445\/revisions"}],"wp:featuredmedia":[{"embeddable":true,"href":"https:\/\/rst-steel.com\/nb\/wp-json\/wp\/v2\/media\/122443"}],"wp:attachment":[{"href":"https:\/\/rst-steel.com\/nb\/wp-json\/wp\/v2\/media?parent=122445"}],"wp:term":[{"taxonomy":"make_fuel_type","embeddable":true,"href":"https:\/\/rst-steel.com\/nb\/wp-json\/wp\/v2\/make_fuel_type?post=122445"},{"taxonomy":"make_model","embeddable":true,"href":"https:\/\/rst-steel.com\/nb\/wp-json\/wp\/v2\/make_model?post=122445"},{"taxonomy":"make_brand","embeddable":true,"href":"https:\/\/rst-steel.com\/nb\/wp-json\/wp\/v2\/make_brand?post=122445"},{"taxonomy":"make_year","embeddable":true,"href":"https:\/\/rst-steel.com\/nb\/wp-json\/wp\/v2\/make_year?post=122445"},{"taxonomy":"pwb-brand","embeddable":true,"href":"https:\/\/rst-steel.com\/nb\/wp-json\/wp\/v2\/pwb-brand?post=122445"},{"taxonomy":"product_brand","embeddable":true,"href":"https:\/\/rst-steel.com\/nb\/wp-json\/wp\/v2\/product_brand?post=122445"},{"taxonomy":"product_cat","embeddable":true,"href":"https:\/\/rst-steel.com\/nb\/wp-json\/wp\/v2\/product_cat?post=122445"},{"taxonomy":"product_tag","embeddable":true,"href":"https:\/\/rst-steel.com\/nb\/wp-json\/wp\/v2\/product_tag?post=122445"}],"curies":[{"name":"wp","href":"https:\/\/api.w.org\/{rel}","templated":true}]}}