{"id":190420,"date":"2026-03-20T09:48:45","date_gmt":"2026-03-20T07:48:45","guid":{"rendered":"https:\/\/rst-steel.com\/tuote-osasto\/Ei-luokiteltu\/roof-bar-mercedes-benz-actros-25m-gigaspace\/"},"modified":"2026-04-15T09:10:54","modified_gmt":"2026-04-15T06:10:54","slug":"roof-bar-mercedes-benz-actros-25m-gigaspace","status":"publish","type":"product","link":"https:\/\/rst-steel.com\/nb\/produktkategori\/light-bars\/roof-bars-for-trucks\/roof-bar-mercedes-benz-actros-25m-gigaspace\/","title":{"rendered":"Roof Bar Mercedes-Benz Actros 2,5m (GigaSpace)"},"content":{"rendered":"<p>Roof Bar Mercedes-Benz Actros 2,5m (GigaSpace)<\/p>\n<p>RST-Steel&#8217;s roof bars are high-quality products made of stainless steel.<\/p>\n<p>Gives the car a neat and elegant appearance, it also turns eyes and can arouse iron fever, making you and your company stand out.<\/p>\n<p>The roof bars can be equipped with auxiliary lights and position lights, which improve your visibility in traffic, and at the same time increase safety for yourself and others in traffic.<\/p>\n<p>Bar can be equipped with: 3pcs Lazer Triple-R 1000 or 6pcs 9\u2019\u2019 Lazer Sentinel<\/p>\n<p><span style=\"font-weight: bold\">Technical information:<\/span><\/p>\n<ul>\n<li>Color: Polished stainless steel or powdercoated with RAL-color code<\/li>\n<li>Pipe diameter: 76 mm<\/li>\n<li>Welded lamp brackets rail<\/li>\n<\/ul>\n<p><span style=\"font-weight: bold\">Delivery contents:<\/span><\/p>\n<ul>\n<li>Roof bar<\/li>\n<li>Fasteners required for installation<\/li>\n<li>Installation instructions<\/li>\n<\/ul>","protected":false},"excerpt":{"rendered":"<p>Roof Bar Mercedes-Benz Actros 2,5m (GigaSpace) RST-Steel&#8217;s roof bars are high-quality products made of stainless steel. Gives the car a&#8230;<\/p>","protected":false},"featured_media":190418,"template":"","meta":[],"make_year":[10907],"make_brand":[10927],"make_model":[10959],"make_fuel_type":[],"product_brand":[9443],"product_cat":[10508,10512,10509],"product_tag":[],"class_list":{"0":"post-190420","1":"product","2":"type-product","3":"status-publish","4":"has-post-thumbnail","6":"make_year-trucks","7":"make_brand-mercedes-benz","8":"make_model-actros-mp4-mp5","9":"make_engine-mp4-5-gigaspace-2-5","10":"make_engine-pro-cabin-giga-space","11":"product_brand-brand_rststeel","12":"product_cat-light-bars","13":"product_cat-mercedes-benz-roof-bars","14":"product_cat-roof-bars-for-trucks","15":"product_shipping_class-lightbars","17":"first","18":"instock","19":"taxable","20":"shipping-taxable","21":"purchasable","22":"product-type-variable"},"yoast_head":"<!-- This site is optimized with the Yoast SEO plugin v27.1.1 - https:\/\/yoast.com\/product\/yoast-seo-wordpress\/ -->\n<title>Roof Bar Mercedes-Benz Actros 2,5m (GigaSpace) - RST-Steel<\/title>\n<meta name=\"description\" content=\"Roof Bar Mercedes-Benz Actros 2,5m, suitable for GigaSpace cab. Several model options available! Chech the products in our online store!\" \/>\n<meta name=\"robots\" content=\"index, follow, max-snippet:-1, max-image-preview:large, max-video-preview:-1\" \/>\n<link rel=\"canonical\" href=\"https:\/\/rst-steel.com\/nb\/produktkategori\/light-bars\/roof-bars-for-trucks\/roof-bar-mercedes-benz-actros-25m-gigaspace\/\" \/>\n<meta property=\"og:locale\" content=\"nb_NO\" \/>\n<meta property=\"og:type\" content=\"article\" \/>\n<meta property=\"og:title\" content=\"Roof Bar Mercedes-Benz Actros 2,5m (GigaSpace) - RST-Steel\" \/>\n<meta property=\"og:description\" content=\"Roof Bar Mercedes-Benz Actros 2,5m, suitable for GigaSpace cab. Several model options available! Chech the products in our online store!\" \/>\n<meta property=\"og:url\" content=\"https:\/\/rst-steel.com\/nb\/produktkategori\/light-bars\/roof-bars-for-trucks\/roof-bar-mercedes-benz-actros-25m-gigaspace\/\" \/>\n<meta property=\"og:site_name\" content=\"RST-Steel\" \/>\n<meta property=\"article:modified_time\" content=\"2026-04-15T06:10:54+00:00\" \/>\n<meta property=\"og:image\" content=\"https:\/\/rst-steel.com\/wp-content\/uploads\/2026\/03\/345bedab5f5204660b4e67f4a7e835a0849c111a_40bff4d0271d5a593a42c23e00c21880-3.jpg\" \/>\n\t<meta property=\"og:image:width\" content=\"768\" \/>\n\t<meta property=\"og:image:height\" content=\"1024\" \/>\n\t<meta property=\"og:image:type\" content=\"image\/jpeg\" \/>\n<meta name=\"twitter:card\" content=\"summary_large_image\" \/>\n<meta name=\"twitter:label1\" content=\"Ansl. lesetid\" \/>\n\t<meta name=\"twitter:data1\" content=\"1 minutt\" \/>\n<script type=\"application\/ld+json\" class=\"yoast-schema-graph\">{\"@context\":\"https:\/\/schema.org\",\"@graph\":[{\"@type\":\"WebPage\",\"@id\":\"https:\/\/rst-steel.com\/product-category\/light-bars\/roof-bars-for-trucks\/roof-bar-mercedes-benz-actros-25m-gigaspace\/\",\"url\":\"https:\/\/rst-steel.com\/product-category\/light-bars\/roof-bars-for-trucks\/roof-bar-mercedes-benz-actros-25m-gigaspace\/\",\"name\":\"Roof Bar Mercedes-Benz Actros 2,5m (GigaSpace) - RST-Steel\",\"isPartOf\":{\"@id\":\"https:\/\/rst-steel.com\/#website\"},\"primaryImageOfPage\":{\"@id\":\"https:\/\/rst-steel.com\/product-category\/light-bars\/roof-bars-for-trucks\/roof-bar-mercedes-benz-actros-25m-gigaspace\/#primaryimage\"},\"image\":{\"@id\":\"https:\/\/rst-steel.com\/product-category\/light-bars\/roof-bars-for-trucks\/roof-bar-mercedes-benz-actros-25m-gigaspace\/#primaryimage\"},\"thumbnailUrl\":\"https:\/\/rst-steel.com\/wp-content\/uploads\/2026\/03\/345bedab5f5204660b4e67f4a7e835a0849c111a_40bff4d0271d5a593a42c23e00c21880-3.jpg\",\"datePublished\":\"2026-03-20T07:48:45+00:00\",\"dateModified\":\"2026-04-15T06:10:54+00:00\",\"description\":\"Roof Bar Mercedes-Benz Actros 2,5m, suitable for GigaSpace cab. Several model options available! Chech the products in our online store!\",\"breadcrumb\":{\"@id\":\"https:\/\/rst-steel.com\/product-category\/light-bars\/roof-bars-for-trucks\/roof-bar-mercedes-benz-actros-25m-gigaspace\/#breadcrumb\"},\"inLanguage\":\"nb-NO\",\"potentialAction\":[{\"@type\":\"ReadAction\",\"target\":[\"https:\/\/rst-steel.com\/product-category\/light-bars\/roof-bars-for-trucks\/roof-bar-mercedes-benz-actros-25m-gigaspace\/\"]}]},{\"@type\":\"ImageObject\",\"inLanguage\":\"nb-NO\",\"@id\":\"https:\/\/rst-steel.com\/product-category\/light-bars\/roof-bars-for-trucks\/roof-bar-mercedes-benz-actros-25m-gigaspace\/#primaryimage\",\"url\":\"https:\/\/rst-steel.com\/wp-content\/uploads\/2026\/03\/345bedab5f5204660b4e67f4a7e835a0849c111a_40bff4d0271d5a593a42c23e00c21880-3.jpg\",\"contentUrl\":\"https:\/\/rst-steel.com\/wp-content\/uploads\/2026\/03\/345bedab5f5204660b4e67f4a7e835a0849c111a_40bff4d0271d5a593a42c23e00c21880-3.jpg\",\"width\":768,\"height\":1024,\"caption\":\"prm_10019\"},{\"@type\":\"BreadcrumbList\",\"@id\":\"https:\/\/rst-steel.com\/product-category\/light-bars\/roof-bars-for-trucks\/roof-bar-mercedes-benz-actros-25m-gigaspace\/#breadcrumb\",\"itemListElement\":[{\"@type\":\"ListItem\",\"position\":1,\"name\":\"Home\",\"item\":\"https:\/\/rst-steel.com\/\"},{\"@type\":\"ListItem\",\"position\":2,\"name\":\"RST-Steel Verkkokauppa\",\"item\":\"https:\/\/rst-steel.com\/shop\/\"},{\"@type\":\"ListItem\",\"position\":3,\"name\":\"Roof Bar Mercedes-Benz Actros 2,5m (GigaSpace)\"}]},{\"@type\":\"WebSite\",\"@id\":\"https:\/\/rst-steel.com\/#website\",\"url\":\"https:\/\/rst-steel.com\/\",\"name\":\"RST-Steel Oy - Turvallista, tyylik\u00e4st\u00e4, ter\u00e4st\u00e4\",\"description\":\"Finnish quality for discerning drivers\",\"publisher\":{\"@id\":\"https:\/\/rst-steel.com\/#organization\"},\"potentialAction\":[{\"@type\":\"SearchAction\",\"target\":{\"@type\":\"EntryPoint\",\"urlTemplate\":\"https:\/\/rst-steel.com\/?s={search_term_string}\"},\"query-input\":{\"@type\":\"PropertyValueSpecification\",\"valueRequired\":true,\"valueName\":\"search_term_string\"}}],\"inLanguage\":\"nb-NO\"},{\"@type\":\"Organization\",\"@id\":\"https:\/\/rst-steel.com\/#organization\",\"name\":\"RST-Steel Oy\",\"alternateName\":\"RST-Steel Oy - Turvallista, tyylik\u00e4st\u00e4, ter\u00e4st\u00e4\",\"url\":\"https:\/\/rst-steel.com\/\",\"logo\":{\"@type\":\"ImageObject\",\"inLanguage\":\"nb-NO\",\"@id\":\"https:\/\/rst-steel.com\/#\/schema\/logo\/image\/\",\"url\":\"https:\/\/rst-steel.com\/wp-content\/uploads\/2025\/02\/cropped-rst-valkoinen-ilman-taustaa-02.png\",\"contentUrl\":\"https:\/\/rst-steel.com\/wp-content\/uploads\/2025\/02\/cropped-rst-valkoinen-ilman-taustaa-02.png\",\"width\":2319,\"height\":690,\"caption\":\"RST-Steel Oy\"},\"image\":{\"@id\":\"https:\/\/rst-steel.com\/#\/schema\/logo\/image\/\"}}]}<\/script>\n<!-- \/ Yoast SEO plugin. -->","yoast_head_json":{"title":"Roof Bar Mercedes-Benz Actros 2,5m (GigaSpace) - RST-Steel","description":"Roof Bar Mercedes-Benz Actros 2,5m, suitable for GigaSpace cab. Several model options available! Chech the products in our online store!","robots":{"index":"index","follow":"follow","max-snippet":"max-snippet:-1","max-image-preview":"max-image-preview:large","max-video-preview":"max-video-preview:-1"},"canonical":"https:\/\/rst-steel.com\/nb\/produktkategori\/light-bars\/roof-bars-for-trucks\/roof-bar-mercedes-benz-actros-25m-gigaspace\/","og_locale":"nb_NO","og_type":"article","og_title":"Roof Bar Mercedes-Benz Actros 2,5m (GigaSpace) - RST-Steel","og_description":"Roof Bar Mercedes-Benz Actros 2,5m, suitable for GigaSpace cab. Several model options available! Chech the products in our online store!","og_url":"https:\/\/rst-steel.com\/nb\/produktkategori\/light-bars\/roof-bars-for-trucks\/roof-bar-mercedes-benz-actros-25m-gigaspace\/","og_site_name":"RST-Steel","article_modified_time":"2026-04-15T06:10:54+00:00","og_image":[{"width":768,"height":1024,"url":"https:\/\/rst-steel.com\/wp-content\/uploads\/2026\/03\/345bedab5f5204660b4e67f4a7e835a0849c111a_40bff4d0271d5a593a42c23e00c21880-3.jpg","type":"image\/jpeg"}],"twitter_card":"summary_large_image","twitter_misc":{"Ansl. lesetid":"1 minutt"},"schema":{"@context":"https:\/\/schema.org","@graph":[{"@type":"WebPage","@id":"https:\/\/rst-steel.com\/product-category\/light-bars\/roof-bars-for-trucks\/roof-bar-mercedes-benz-actros-25m-gigaspace\/","url":"https:\/\/rst-steel.com\/product-category\/light-bars\/roof-bars-for-trucks\/roof-bar-mercedes-benz-actros-25m-gigaspace\/","name":"Roof Bar Mercedes-Benz Actros 2,5m (GigaSpace) - RST-Steel","isPartOf":{"@id":"https:\/\/rst-steel.com\/#website"},"primaryImageOfPage":{"@id":"https:\/\/rst-steel.com\/product-category\/light-bars\/roof-bars-for-trucks\/roof-bar-mercedes-benz-actros-25m-gigaspace\/#primaryimage"},"image":{"@id":"https:\/\/rst-steel.com\/product-category\/light-bars\/roof-bars-for-trucks\/roof-bar-mercedes-benz-actros-25m-gigaspace\/#primaryimage"},"thumbnailUrl":"https:\/\/rst-steel.com\/wp-content\/uploads\/2026\/03\/345bedab5f5204660b4e67f4a7e835a0849c111a_40bff4d0271d5a593a42c23e00c21880-3.jpg","datePublished":"2026-03-20T07:48:45+00:00","dateModified":"2026-04-15T06:10:54+00:00","description":"Roof Bar Mercedes-Benz Actros 2,5m, suitable for GigaSpace cab. Several model options available! Chech the products in our online store!","breadcrumb":{"@id":"https:\/\/rst-steel.com\/product-category\/light-bars\/roof-bars-for-trucks\/roof-bar-mercedes-benz-actros-25m-gigaspace\/#breadcrumb"},"inLanguage":"nb-NO","potentialAction":[{"@type":"ReadAction","target":["https:\/\/rst-steel.com\/product-category\/light-bars\/roof-bars-for-trucks\/roof-bar-mercedes-benz-actros-25m-gigaspace\/"]}]},{"@type":"ImageObject","inLanguage":"nb-NO","@id":"https:\/\/rst-steel.com\/product-category\/light-bars\/roof-bars-for-trucks\/roof-bar-mercedes-benz-actros-25m-gigaspace\/#primaryimage","url":"https:\/\/rst-steel.com\/wp-content\/uploads\/2026\/03\/345bedab5f5204660b4e67f4a7e835a0849c111a_40bff4d0271d5a593a42c23e00c21880-3.jpg","contentUrl":"https:\/\/rst-steel.com\/wp-content\/uploads\/2026\/03\/345bedab5f5204660b4e67f4a7e835a0849c111a_40bff4d0271d5a593a42c23e00c21880-3.jpg","width":768,"height":1024,"caption":"prm_10019"},{"@type":"BreadcrumbList","@id":"https:\/\/rst-steel.com\/product-category\/light-bars\/roof-bars-for-trucks\/roof-bar-mercedes-benz-actros-25m-gigaspace\/#breadcrumb","itemListElement":[{"@type":"ListItem","position":1,"name":"Home","item":"https:\/\/rst-steel.com\/"},{"@type":"ListItem","position":2,"name":"RST-Steel Verkkokauppa","item":"https:\/\/rst-steel.com\/shop\/"},{"@type":"ListItem","position":3,"name":"Roof Bar Mercedes-Benz Actros 2,5m (GigaSpace)"}]},{"@type":"WebSite","@id":"https:\/\/rst-steel.com\/#website","url":"https:\/\/rst-steel.com\/","name":"RST-Steel Oy - Turvallista, tyylik\u00e4st\u00e4, ter\u00e4st\u00e4","description":"Finsk kvalitet for kvalitetsbevisste sj\u00e5f\u00f8rer","publisher":{"@id":"https:\/\/rst-steel.com\/#organization"},"potentialAction":[{"@type":"SearchAction","target":{"@type":"EntryPoint","urlTemplate":"https:\/\/rst-steel.com\/?s={search_term_string}"},"query-input":{"@type":"PropertyValueSpecification","valueRequired":true,"valueName":"search_term_string"}}],"inLanguage":"nb-NO"},{"@type":"Organization","@id":"https:\/\/rst-steel.com\/#organization","name":"Administrer alternativer","alternateName":"RST-Steel Oy - Turvallista, tyylik\u00e4st\u00e4, ter\u00e4st\u00e4","url":"https:\/\/rst-steel.com\/","logo":{"@type":"ImageObject","inLanguage":"nb-NO","@id":"https:\/\/rst-steel.com\/#\/schema\/logo\/image\/","url":"https:\/\/rst-steel.com\/wp-content\/uploads\/2025\/02\/cropped-rst-valkoinen-ilman-taustaa-02.png","contentUrl":"https:\/\/rst-steel.com\/wp-content\/uploads\/2025\/02\/cropped-rst-valkoinen-ilman-taustaa-02.png","width":2319,"height":690,"caption":"RST-Steel Oy"},"image":{"@id":"https:\/\/rst-steel.com\/#\/schema\/logo\/image\/"}}]}},"_links":{"self":[{"href":"https:\/\/rst-steel.com\/nb\/wp-json\/wp\/v2\/product\/190420","targetHints":{"allow":["GET"]}}],"collection":[{"href":"https:\/\/rst-steel.com\/nb\/wp-json\/wp\/v2\/product"}],"about":[{"href":"https:\/\/rst-steel.com\/nb\/wp-json\/wp\/v2\/types\/product"}],"version-history":[{"count":1,"href":"https:\/\/rst-steel.com\/nb\/wp-json\/wp\/v2\/product\/190420\/revisions"}],"predecessor-version":[{"id":199110,"href":"https:\/\/rst-steel.com\/nb\/wp-json\/wp\/v2\/product\/190420\/revisions\/199110"}],"wp:featuredmedia":[{"embeddable":true,"href":"https:\/\/rst-steel.com\/nb\/wp-json\/wp\/v2\/media\/190418"}],"wp:attachment":[{"href":"https:\/\/rst-steel.com\/nb\/wp-json\/wp\/v2\/media?parent=190420"}],"wp:term":[{"taxonomy":"make_year","embeddable":true,"href":"https:\/\/rst-steel.com\/nb\/wp-json\/wp\/v2\/make_year?post=190420"},{"taxonomy":"make_brand","embeddable":true,"href":"https:\/\/rst-steel.com\/nb\/wp-json\/wp\/v2\/make_brand?post=190420"},{"taxonomy":"make_model","embeddable":true,"href":"https:\/\/rst-steel.com\/nb\/wp-json\/wp\/v2\/make_model?post=190420"},{"taxonomy":"make_fuel_type","embeddable":true,"href":"https:\/\/rst-steel.com\/nb\/wp-json\/wp\/v2\/make_fuel_type?post=190420"},{"taxonomy":"product_brand","embeddable":true,"href":"https:\/\/rst-steel.com\/nb\/wp-json\/wp\/v2\/product_brand?post=190420"},{"taxonomy":"product_cat","embeddable":true,"href":"https:\/\/rst-steel.com\/nb\/wp-json\/wp\/v2\/product_cat?post=190420"},{"taxonomy":"product_tag","embeddable":true,"href":"https:\/\/rst-steel.com\/nb\/wp-json\/wp\/v2\/product_tag?post=190420"}],"curies":[{"name":"wp","href":"https:\/\/api.w.org\/{rel}","templated":true}]}}