{"id":190523,"date":"2026-03-20T09:50:46","date_gmt":"2026-03-20T07:50:46","guid":{"rendered":"https:\/\/rst-steel.com\/tuote-osasto\/Ei-luokiteltu\/roof-bar-jcb-x-series\/"},"modified":"2026-04-24T13:57:09","modified_gmt":"2026-04-24T10:57:09","slug":"roof-bar-jcb-x-series","status":"publish","type":"product","link":"https:\/\/rst-steel.com\/nb\/produktkategori\/light-bars\/roof-bars-for-excavators\/jcb-roof-bars\/roof-bar-jcb-x-series\/","title":{"rendered":"Roof Bar JCB X-Series"},"content":{"rendered":"<p>Roof Bar for\u00a0 JCB X-Series excavators.<\/p>\n<p>RST-Steel\u2019s roof bars are high-quality products made of stainless steel.<\/p>\n<p>The roof bars can be equipped with work lights and position lights, which improve your visibility in traffic, and at the same time increase safety for yourself and others in traffic.<\/p>\n<p><strong>Technical information:<\/strong><\/p>\n<ul>\n<li>Color: Polished stainless steel or painting with RAL-basic colors<\/li>\n<li>Pipes diameter: 60 mm<\/li>\n<li>Delivery contents:<\/li>\n<li>Roof bar<\/li>\n<li>Fasteners required for installation<\/li>\n<li>Installation instructions<\/li>\n<\/ul>","protected":false},"excerpt":{"rendered":"<p>Roof Bar for\u00a0 JCB X-Series excavators. RST-Steel\u2019s roof bars are high-quality products made of stainless steel. The roof bars can&#8230;<\/p>","protected":false},"featured_media":190520,"template":"","meta":[],"make_year":[10909],"make_brand":[],"make_model":[],"make_fuel_type":[],"product_brand":[9443],"product_cat":[10553,10508,10550],"product_tag":[],"class_list":{"0":"post-190523","1":"product","2":"type-product","3":"status-publish","4":"has-post-thumbnail","6":"make_year-workmachines","7":"product_brand-brand_rststeel","8":"product_cat-jcb-roof-bars","9":"product_cat-light-bars","10":"product_cat-roof-bars-for-excavators","11":"product_shipping_class-lightbars","13":"first","14":"onbackorder","15":"taxable","16":"shipping-taxable","17":"purchasable","18":"product-type-variable"},"yoast_head":"<!-- This site is optimized with the Yoast SEO plugin v27.1.1 - https:\/\/yoast.com\/product\/yoast-seo-wordpress\/ -->\n<title>Roof Bar JCB X-Series - RST-Steel<\/title>\n<meta name=\"description\" content=\"Roof Bar JCB X-Series. Several model options availalbe! Check out the products and order now! RST-Steel&#039;s products are made in Finland!\" \/>\n<meta name=\"robots\" content=\"index, follow, max-snippet:-1, max-image-preview:large, max-video-preview:-1\" \/>\n<link rel=\"canonical\" href=\"https:\/\/rst-steel.com\/nb\/produktkategori\/light-bars\/roof-bars-for-excavators\/jcb-roof-bars\/roof-bar-jcb-x-series\/\" \/>\n<meta property=\"og:locale\" content=\"nb_NO\" \/>\n<meta property=\"og:type\" content=\"article\" \/>\n<meta property=\"og:title\" content=\"Roof Bar JCB X-Series - RST-Steel\" \/>\n<meta property=\"og:description\" content=\"Roof Bar JCB X-Series. Several model options availalbe! Check out the products and order now! RST-Steel&#039;s products are made in Finland!\" \/>\n<meta property=\"og:url\" content=\"https:\/\/rst-steel.com\/nb\/produktkategori\/light-bars\/roof-bars-for-excavators\/jcb-roof-bars\/roof-bar-jcb-x-series\/\" \/>\n<meta property=\"og:site_name\" content=\"RST-Steel\" \/>\n<meta property=\"article:modified_time\" content=\"2026-04-24T10:57:09+00:00\" \/>\n<meta property=\"og:image\" content=\"https:\/\/rst-steel.com\/wp-content\/uploads\/2026\/03\/167947954f977bbb9ce3e6e9145c60e61b5c6c0c_0cd0720fdddf9fd57b7cadcfa0876238.jpg\" \/>\n\t<meta property=\"og:image:width\" content=\"1440\" \/>\n\t<meta property=\"og:image:height\" content=\"960\" \/>\n\t<meta property=\"og:image:type\" content=\"image\/jpeg\" \/>\n<meta name=\"twitter:card\" content=\"summary_large_image\" \/>\n<meta name=\"twitter:label1\" content=\"Ansl. lesetid\" \/>\n\t<meta name=\"twitter:data1\" content=\"1 minutt\" \/>\n<script type=\"application\/ld+json\" class=\"yoast-schema-graph\">{\"@context\":\"https:\/\/schema.org\",\"@graph\":[{\"@type\":\"WebPage\",\"@id\":\"https:\/\/rst-steel.com\/product-category\/light-bars\/roof-bars-for-excavators\/jcb-roof-bars\/roof-bar-jcb-x-series\/\",\"url\":\"https:\/\/rst-steel.com\/product-category\/light-bars\/roof-bars-for-excavators\/jcb-roof-bars\/roof-bar-jcb-x-series\/\",\"name\":\"Roof Bar JCB X-Series - RST-Steel\",\"isPartOf\":{\"@id\":\"https:\/\/rst-steel.com\/#website\"},\"primaryImageOfPage\":{\"@id\":\"https:\/\/rst-steel.com\/product-category\/light-bars\/roof-bars-for-excavators\/jcb-roof-bars\/roof-bar-jcb-x-series\/#primaryimage\"},\"image\":{\"@id\":\"https:\/\/rst-steel.com\/product-category\/light-bars\/roof-bars-for-excavators\/jcb-roof-bars\/roof-bar-jcb-x-series\/#primaryimage\"},\"thumbnailUrl\":\"https:\/\/rst-steel.com\/wp-content\/uploads\/2026\/03\/167947954f977bbb9ce3e6e9145c60e61b5c6c0c_0cd0720fdddf9fd57b7cadcfa0876238.jpg\",\"datePublished\":\"2026-03-20T07:50:46+00:00\",\"dateModified\":\"2026-04-24T10:57:09+00:00\",\"description\":\"Roof Bar JCB X-Series. Several model options availalbe! Check out the products and order now! RST-Steel's products are made in Finland!\",\"breadcrumb\":{\"@id\":\"https:\/\/rst-steel.com\/product-category\/light-bars\/roof-bars-for-excavators\/jcb-roof-bars\/roof-bar-jcb-x-series\/#breadcrumb\"},\"inLanguage\":\"nb-NO\",\"potentialAction\":[{\"@type\":\"ReadAction\",\"target\":[\"https:\/\/rst-steel.com\/product-category\/light-bars\/roof-bars-for-excavators\/jcb-roof-bars\/roof-bar-jcb-x-series\/\"]}]},{\"@type\":\"ImageObject\",\"inLanguage\":\"nb-NO\",\"@id\":\"https:\/\/rst-steel.com\/product-category\/light-bars\/roof-bars-for-excavators\/jcb-roof-bars\/roof-bar-jcb-x-series\/#primaryimage\",\"url\":\"https:\/\/rst-steel.com\/wp-content\/uploads\/2026\/03\/167947954f977bbb9ce3e6e9145c60e61b5c6c0c_0cd0720fdddf9fd57b7cadcfa0876238.jpg\",\"contentUrl\":\"https:\/\/rst-steel.com\/wp-content\/uploads\/2026\/03\/167947954f977bbb9ce3e6e9145c60e61b5c6c0c_0cd0720fdddf9fd57b7cadcfa0876238.jpg\",\"width\":1440,\"height\":960,\"caption\":\"Roof Bar JCB X-Series\"},{\"@type\":\"BreadcrumbList\",\"@id\":\"https:\/\/rst-steel.com\/product-category\/light-bars\/roof-bars-for-excavators\/jcb-roof-bars\/roof-bar-jcb-x-series\/#breadcrumb\",\"itemListElement\":[{\"@type\":\"ListItem\",\"position\":1,\"name\":\"Home\",\"item\":\"https:\/\/rst-steel.com\/\"},{\"@type\":\"ListItem\",\"position\":2,\"name\":\"RST-Steel Verkkokauppa\",\"item\":\"https:\/\/rst-steel.com\/shop\/\"},{\"@type\":\"ListItem\",\"position\":3,\"name\":\"Roof Bar JCB X-Series\"}]},{\"@type\":\"WebSite\",\"@id\":\"https:\/\/rst-steel.com\/#website\",\"url\":\"https:\/\/rst-steel.com\/\",\"name\":\"RST-Steel Oy - Turvallista, tyylik\u00e4st\u00e4, ter\u00e4st\u00e4\",\"description\":\"Finnish quality for discerning drivers\",\"publisher\":{\"@id\":\"https:\/\/rst-steel.com\/#organization\"},\"potentialAction\":[{\"@type\":\"SearchAction\",\"target\":{\"@type\":\"EntryPoint\",\"urlTemplate\":\"https:\/\/rst-steel.com\/?s={search_term_string}\"},\"query-input\":{\"@type\":\"PropertyValueSpecification\",\"valueRequired\":true,\"valueName\":\"search_term_string\"}}],\"inLanguage\":\"nb-NO\"},{\"@type\":\"Organization\",\"@id\":\"https:\/\/rst-steel.com\/#organization\",\"name\":\"RST-Steel Oy\",\"alternateName\":\"RST-Steel Oy - Turvallista, tyylik\u00e4st\u00e4, ter\u00e4st\u00e4\",\"url\":\"https:\/\/rst-steel.com\/\",\"logo\":{\"@type\":\"ImageObject\",\"inLanguage\":\"nb-NO\",\"@id\":\"https:\/\/rst-steel.com\/#\/schema\/logo\/image\/\",\"url\":\"https:\/\/rst-steel.com\/wp-content\/uploads\/2025\/02\/cropped-rst-valkoinen-ilman-taustaa-02.png\",\"contentUrl\":\"https:\/\/rst-steel.com\/wp-content\/uploads\/2025\/02\/cropped-rst-valkoinen-ilman-taustaa-02.png\",\"width\":2319,\"height\":690,\"caption\":\"RST-Steel Oy\"},\"image\":{\"@id\":\"https:\/\/rst-steel.com\/#\/schema\/logo\/image\/\"}}]}<\/script>\n<!-- \/ Yoast SEO plugin. -->","yoast_head_json":{"title":"Roof Bar JCB X-Series - RST-Steel","description":"Roof Bar JCB X-Series. Several model options availalbe! Check out the products and order now! RST-Steel's products are made in Finland!","robots":{"index":"index","follow":"follow","max-snippet":"max-snippet:-1","max-image-preview":"max-image-preview:large","max-video-preview":"max-video-preview:-1"},"canonical":"https:\/\/rst-steel.com\/nb\/produktkategori\/light-bars\/roof-bars-for-excavators\/jcb-roof-bars\/roof-bar-jcb-x-series\/","og_locale":"nb_NO","og_type":"article","og_title":"Roof Bar JCB X-Series - RST-Steel","og_description":"Roof Bar JCB X-Series. Several model options availalbe! Check out the products and order now! RST-Steel's products are made in Finland!","og_url":"https:\/\/rst-steel.com\/nb\/produktkategori\/light-bars\/roof-bars-for-excavators\/jcb-roof-bars\/roof-bar-jcb-x-series\/","og_site_name":"RST-Steel","article_modified_time":"2026-04-24T10:57:09+00:00","og_image":[{"width":1440,"height":960,"url":"https:\/\/rst-steel.com\/wp-content\/uploads\/2026\/03\/167947954f977bbb9ce3e6e9145c60e61b5c6c0c_0cd0720fdddf9fd57b7cadcfa0876238.jpg","type":"image\/jpeg"}],"twitter_card":"summary_large_image","twitter_misc":{"Ansl. lesetid":"1 minutt"},"schema":{"@context":"https:\/\/schema.org","@graph":[{"@type":"WebPage","@id":"https:\/\/rst-steel.com\/product-category\/light-bars\/roof-bars-for-excavators\/jcb-roof-bars\/roof-bar-jcb-x-series\/","url":"https:\/\/rst-steel.com\/product-category\/light-bars\/roof-bars-for-excavators\/jcb-roof-bars\/roof-bar-jcb-x-series\/","name":"Roof Bar JCB X-Series - RST-Steel","isPartOf":{"@id":"https:\/\/rst-steel.com\/#website"},"primaryImageOfPage":{"@id":"https:\/\/rst-steel.com\/product-category\/light-bars\/roof-bars-for-excavators\/jcb-roof-bars\/roof-bar-jcb-x-series\/#primaryimage"},"image":{"@id":"https:\/\/rst-steel.com\/product-category\/light-bars\/roof-bars-for-excavators\/jcb-roof-bars\/roof-bar-jcb-x-series\/#primaryimage"},"thumbnailUrl":"https:\/\/rst-steel.com\/wp-content\/uploads\/2026\/03\/167947954f977bbb9ce3e6e9145c60e61b5c6c0c_0cd0720fdddf9fd57b7cadcfa0876238.jpg","datePublished":"2026-03-20T07:50:46+00:00","dateModified":"2026-04-24T10:57:09+00:00","description":"Roof Bar JCB X-Series. Several model options availalbe! Check out the products and order now! RST-Steel's products are made in Finland!","breadcrumb":{"@id":"https:\/\/rst-steel.com\/product-category\/light-bars\/roof-bars-for-excavators\/jcb-roof-bars\/roof-bar-jcb-x-series\/#breadcrumb"},"inLanguage":"nb-NO","potentialAction":[{"@type":"ReadAction","target":["https:\/\/rst-steel.com\/product-category\/light-bars\/roof-bars-for-excavators\/jcb-roof-bars\/roof-bar-jcb-x-series\/"]}]},{"@type":"ImageObject","inLanguage":"nb-NO","@id":"https:\/\/rst-steel.com\/product-category\/light-bars\/roof-bars-for-excavators\/jcb-roof-bars\/roof-bar-jcb-x-series\/#primaryimage","url":"https:\/\/rst-steel.com\/wp-content\/uploads\/2026\/03\/167947954f977bbb9ce3e6e9145c60e61b5c6c0c_0cd0720fdddf9fd57b7cadcfa0876238.jpg","contentUrl":"https:\/\/rst-steel.com\/wp-content\/uploads\/2026\/03\/167947954f977bbb9ce3e6e9145c60e61b5c6c0c_0cd0720fdddf9fd57b7cadcfa0876238.jpg","width":1440,"height":960,"caption":"Roof Bar JCB X-Series"},{"@type":"BreadcrumbList","@id":"https:\/\/rst-steel.com\/product-category\/light-bars\/roof-bars-for-excavators\/jcb-roof-bars\/roof-bar-jcb-x-series\/#breadcrumb","itemListElement":[{"@type":"ListItem","position":1,"name":"Home","item":"https:\/\/rst-steel.com\/"},{"@type":"ListItem","position":2,"name":"RST-Steel Verkkokauppa","item":"https:\/\/rst-steel.com\/shop\/"},{"@type":"ListItem","position":3,"name":"Roof Bar JCB X-Series"}]},{"@type":"WebSite","@id":"https:\/\/rst-steel.com\/#website","url":"https:\/\/rst-steel.com\/","name":"RST-Steel Oy - Turvallista, tyylik\u00e4st\u00e4, ter\u00e4st\u00e4","description":"Finsk kvalitet for kvalitetsbevisste sj\u00e5f\u00f8rer","publisher":{"@id":"https:\/\/rst-steel.com\/#organization"},"potentialAction":[{"@type":"SearchAction","target":{"@type":"EntryPoint","urlTemplate":"https:\/\/rst-steel.com\/?s={search_term_string}"},"query-input":{"@type":"PropertyValueSpecification","valueRequired":true,"valueName":"search_term_string"}}],"inLanguage":"nb-NO"},{"@type":"Organization","@id":"https:\/\/rst-steel.com\/#organization","name":"RST-Steel Oy","alternateName":"RST-Steel Oy - Turvallista, tyylik\u00e4st\u00e4, ter\u00e4st\u00e4","url":"https:\/\/rst-steel.com\/","logo":{"@type":"ImageObject","inLanguage":"nb-NO","@id":"https:\/\/rst-steel.com\/#\/schema\/logo\/image\/","url":"https:\/\/rst-steel.com\/wp-content\/uploads\/2025\/02\/cropped-rst-valkoinen-ilman-taustaa-02.png","contentUrl":"https:\/\/rst-steel.com\/wp-content\/uploads\/2025\/02\/cropped-rst-valkoinen-ilman-taustaa-02.png","width":2319,"height":690,"caption":"RST-Steel Oy"},"image":{"@id":"https:\/\/rst-steel.com\/#\/schema\/logo\/image\/"}}]}},"_links":{"self":[{"href":"https:\/\/rst-steel.com\/nb\/wp-json\/wp\/v2\/product\/190523","targetHints":{"allow":["GET"]}}],"collection":[{"href":"https:\/\/rst-steel.com\/nb\/wp-json\/wp\/v2\/product"}],"about":[{"href":"https:\/\/rst-steel.com\/nb\/wp-json\/wp\/v2\/types\/product"}],"version-history":[{"count":3,"href":"https:\/\/rst-steel.com\/nb\/wp-json\/wp\/v2\/product\/190523\/revisions"}],"predecessor-version":[{"id":201608,"href":"https:\/\/rst-steel.com\/nb\/wp-json\/wp\/v2\/product\/190523\/revisions\/201608"}],"wp:featuredmedia":[{"embeddable":true,"href":"https:\/\/rst-steel.com\/nb\/wp-json\/wp\/v2\/media\/190520"}],"wp:attachment":[{"href":"https:\/\/rst-steel.com\/nb\/wp-json\/wp\/v2\/media?parent=190523"}],"wp:term":[{"taxonomy":"make_year","embeddable":true,"href":"https:\/\/rst-steel.com\/nb\/wp-json\/wp\/v2\/make_year?post=190523"},{"taxonomy":"make_brand","embeddable":true,"href":"https:\/\/rst-steel.com\/nb\/wp-json\/wp\/v2\/make_brand?post=190523"},{"taxonomy":"make_model","embeddable":true,"href":"https:\/\/rst-steel.com\/nb\/wp-json\/wp\/v2\/make_model?post=190523"},{"taxonomy":"make_fuel_type","embeddable":true,"href":"https:\/\/rst-steel.com\/nb\/wp-json\/wp\/v2\/make_fuel_type?post=190523"},{"taxonomy":"product_brand","embeddable":true,"href":"https:\/\/rst-steel.com\/nb\/wp-json\/wp\/v2\/product_brand?post=190523"},{"taxonomy":"product_cat","embeddable":true,"href":"https:\/\/rst-steel.com\/nb\/wp-json\/wp\/v2\/product_cat?post=190523"},{"taxonomy":"product_tag","embeddable":true,"href":"https:\/\/rst-steel.com\/nb\/wp-json\/wp\/v2\/product_tag?post=190523"}],"curies":[{"name":"wp","href":"https:\/\/api.w.org\/{rel}","templated":true}]}}