{"id":190631,"date":"2026-03-20T09:52:46","date_gmt":"2026-03-20T07:52:46","guid":{"rendered":"https:\/\/rst-steel.com\/tuote-osasto\/Ei-luokiteltu\/rear-bar-counter-weight-bar-volvo-ec180el-2016\/"},"modified":"2026-04-17T08:59:42","modified_gmt":"2026-04-17T05:59:42","slug":"rear-bar-counter-weight-bar-volvo-ec180el-2016","status":"publish","type":"product","link":"https:\/\/rst-steel.com\/nb\/produktkategori\/light-bars\/rear-bars-for-excavators\/volvo-rear-bars\/rear-bar-counter-weight-bar-volvo-ec180el-2016\/","title":{"rendered":"Rear Bar \/ Counter Weight Bar Volvo EC180EL  2016-"},"content":{"rendered":"<p>Rear Bar \/ Counter Weight Bar Volvo EC180EL&nbsp; 2016-<\/p>\n<p>RST-Steel\u2019s rear bars are high-quality products made of stainless steel.&nbsp;<\/p>\n<p>The rear bars can be equipped with work lights and position lights, which improve your visibility in traffic, and at the same time increase safety for yourself and others in traffic.<\/p>\n<p><span style=\"font-weight: bold\">Technical information:<\/span><\/p>\n<ul>\n<li>Color: Polished stainless steel or Powdercoated with RAL-colors<\/li>\n<li>Pipes diameter: 76 mm<\/li>\n<li>Easy to install<\/li>\n<li>4 pcs. Welded lamp brackets<\/li>\n<\/ul>\n<p><span style=\"font-weight: bold\">Delivery contents:<\/span><\/p>\n<ul>\n<li>Rear bar<\/li>\n<li>Fasteners required for installation<\/li>\n<li>Installation instructions<\/li>\n<\/ul>","protected":false},"excerpt":{"rendered":"<p>Rear Bar \/ Counter Weight Bar Volvo EC180EL&nbsp; 2016- RST-Steel\u2019s rear bars are high-quality products made of stainless steel.&nbsp; The&#8230;<\/p>","protected":false},"featured_media":190629,"template":"","meta":[],"make_year":[10909],"make_brand":[10940],"make_model":[11033],"make_fuel_type":[],"product_brand":[9443],"product_cat":[10562,10508,10565],"product_tag":[],"class_list":{"0":"post-190631","1":"product","2":"type-product","3":"status-publish","4":"has-post-thumbnail","6":"make_year-workmachines","7":"make_brand-volvo-workmachines","8":"make_model-volvo-excavators","9":"make_engine-volvo-ec-180-e","10":"product_brand-brand_rststeel","11":"product_cat-rear-bars-for-excavators","12":"product_cat-light-bars","13":"product_cat-volvo-rear-bars","14":"product_shipping_class-lightbars","16":"first","17":"onbackorder","18":"taxable","19":"shipping-taxable","20":"purchasable","21":"product-type-variable"},"yoast_head":"<!-- This site is optimized with the Yoast SEO plugin v27.1.1 - https:\/\/yoast.com\/product\/yoast-seo-wordpress\/ -->\n<title>Rear Bar \/ Counter Weight Bar Volvo EC180EL 2016- RST-Steel<\/title>\n<meta name=\"description\" content=\"Counterweight Bar Volvo EC180EL 2016- models. Suitable for models from 2016 to newer. Check out the product variants in our online store!\" \/>\n<meta name=\"robots\" content=\"index, follow, max-snippet:-1, max-image-preview:large, max-video-preview:-1\" \/>\n<link rel=\"canonical\" href=\"https:\/\/rst-steel.com\/nb\/produktkategori\/light-bars\/rear-bars-for-excavators\/volvo-rear-bars\/rear-bar-counter-weight-bar-volvo-ec180el-2016\/\" \/>\n<meta property=\"og:locale\" content=\"nb_NO\" \/>\n<meta property=\"og:type\" content=\"article\" \/>\n<meta property=\"og:title\" content=\"Rear Bar \/ Counter Weight Bar Volvo EC180EL 2016- RST-Steel\" \/>\n<meta property=\"og:description\" content=\"Counterweight Bar Volvo EC180EL 2016- models. Suitable for models from 2016 to newer. Check out the product variants in our online store!\" \/>\n<meta property=\"og:url\" content=\"https:\/\/rst-steel.com\/nb\/produktkategori\/light-bars\/rear-bars-for-excavators\/volvo-rear-bars\/rear-bar-counter-weight-bar-volvo-ec180el-2016\/\" \/>\n<meta property=\"og:site_name\" content=\"RST-Steel\" \/>\n<meta property=\"article:modified_time\" content=\"2026-04-17T05:59:42+00:00\" \/>\n<meta property=\"og:image\" content=\"https:\/\/rst-steel.com\/wp-content\/uploads\/2026\/03\/f7541c2db411cb3b537ec6367c4a2a9ee9eb3a01_04555374cae4b66f52c2f81f9b784e04.png\" \/>\n\t<meta property=\"og:image:width\" content=\"1920\" \/>\n\t<meta property=\"og:image:height\" content=\"1080\" \/>\n\t<meta property=\"og:image:type\" content=\"image\/png\" \/>\n<meta name=\"twitter:card\" content=\"summary_large_image\" \/>\n<meta name=\"twitter:label1\" content=\"Ansl. lesetid\" \/>\n\t<meta name=\"twitter:data1\" content=\"1 minutt\" \/>\n<script type=\"application\/ld+json\" class=\"yoast-schema-graph\">{\"@context\":\"https:\/\/schema.org\",\"@graph\":[{\"@type\":\"WebPage\",\"@id\":\"https:\/\/rst-steel.com\/product-category\/light-bars\/rear-bars-for-excavators\/volvo-rear-bars\/rear-bar-counter-weight-bar-volvo-ec180el-2016\/\",\"url\":\"https:\/\/rst-steel.com\/product-category\/light-bars\/rear-bars-for-excavators\/volvo-rear-bars\/rear-bar-counter-weight-bar-volvo-ec180el-2016\/\",\"name\":\"Rear Bar \/ Counter Weight Bar Volvo EC180EL 2016- RST-Steel\",\"isPartOf\":{\"@id\":\"https:\/\/rst-steel.com\/#website\"},\"primaryImageOfPage\":{\"@id\":\"https:\/\/rst-steel.com\/product-category\/light-bars\/rear-bars-for-excavators\/volvo-rear-bars\/rear-bar-counter-weight-bar-volvo-ec180el-2016\/#primaryimage\"},\"image\":{\"@id\":\"https:\/\/rst-steel.com\/product-category\/light-bars\/rear-bars-for-excavators\/volvo-rear-bars\/rear-bar-counter-weight-bar-volvo-ec180el-2016\/#primaryimage\"},\"thumbnailUrl\":\"https:\/\/rst-steel.com\/wp-content\/uploads\/2026\/03\/f7541c2db411cb3b537ec6367c4a2a9ee9eb3a01_04555374cae4b66f52c2f81f9b784e04.png\",\"datePublished\":\"2026-03-20T07:52:46+00:00\",\"dateModified\":\"2026-04-17T05:59:42+00:00\",\"description\":\"Counterweight Bar Volvo EC180EL 2016- models. Suitable for models from 2016 to newer. Check out the product variants in our online store!\",\"breadcrumb\":{\"@id\":\"https:\/\/rst-steel.com\/product-category\/light-bars\/rear-bars-for-excavators\/volvo-rear-bars\/rear-bar-counter-weight-bar-volvo-ec180el-2016\/#breadcrumb\"},\"inLanguage\":\"nb-NO\",\"potentialAction\":[{\"@type\":\"ReadAction\",\"target\":[\"https:\/\/rst-steel.com\/product-category\/light-bars\/rear-bars-for-excavators\/volvo-rear-bars\/rear-bar-counter-weight-bar-volvo-ec180el-2016\/\"]}]},{\"@type\":\"ImageObject\",\"inLanguage\":\"nb-NO\",\"@id\":\"https:\/\/rst-steel.com\/product-category\/light-bars\/rear-bars-for-excavators\/volvo-rear-bars\/rear-bar-counter-weight-bar-volvo-ec180el-2016\/#primaryimage\",\"url\":\"https:\/\/rst-steel.com\/wp-content\/uploads\/2026\/03\/f7541c2db411cb3b537ec6367c4a2a9ee9eb3a01_04555374cae4b66f52c2f81f9b784e04.png\",\"contentUrl\":\"https:\/\/rst-steel.com\/wp-content\/uploads\/2026\/03\/f7541c2db411cb3b537ec6367c4a2a9ee9eb3a01_04555374cae4b66f52c2f81f9b784e04.png\",\"width\":1920,\"height\":1080,\"caption\":\"prm_64060\"},{\"@type\":\"BreadcrumbList\",\"@id\":\"https:\/\/rst-steel.com\/product-category\/light-bars\/rear-bars-for-excavators\/volvo-rear-bars\/rear-bar-counter-weight-bar-volvo-ec180el-2016\/#breadcrumb\",\"itemListElement\":[{\"@type\":\"ListItem\",\"position\":1,\"name\":\"Home\",\"item\":\"https:\/\/rst-steel.com\/\"},{\"@type\":\"ListItem\",\"position\":2,\"name\":\"RST-Steel Verkkokauppa\",\"item\":\"https:\/\/rst-steel.com\/shop\/\"},{\"@type\":\"ListItem\",\"position\":3,\"name\":\"Rear Bar \/ Counter Weight Bar Volvo EC180EL 2016-\"}]},{\"@type\":\"WebSite\",\"@id\":\"https:\/\/rst-steel.com\/#website\",\"url\":\"https:\/\/rst-steel.com\/\",\"name\":\"RST-Steel Oy - Turvallista, tyylik\u00e4st\u00e4, ter\u00e4st\u00e4\",\"description\":\"Finnish quality for discerning drivers\",\"publisher\":{\"@id\":\"https:\/\/rst-steel.com\/#organization\"},\"potentialAction\":[{\"@type\":\"SearchAction\",\"target\":{\"@type\":\"EntryPoint\",\"urlTemplate\":\"https:\/\/rst-steel.com\/?s={search_term_string}\"},\"query-input\":{\"@type\":\"PropertyValueSpecification\",\"valueRequired\":true,\"valueName\":\"search_term_string\"}}],\"inLanguage\":\"nb-NO\"},{\"@type\":\"Organization\",\"@id\":\"https:\/\/rst-steel.com\/#organization\",\"name\":\"RST-Steel Oy\",\"alternateName\":\"RST-Steel Oy - Turvallista, tyylik\u00e4st\u00e4, ter\u00e4st\u00e4\",\"url\":\"https:\/\/rst-steel.com\/\",\"logo\":{\"@type\":\"ImageObject\",\"inLanguage\":\"nb-NO\",\"@id\":\"https:\/\/rst-steel.com\/#\/schema\/logo\/image\/\",\"url\":\"https:\/\/rst-steel.com\/wp-content\/uploads\/2025\/02\/cropped-rst-valkoinen-ilman-taustaa-02.png\",\"contentUrl\":\"https:\/\/rst-steel.com\/wp-content\/uploads\/2025\/02\/cropped-rst-valkoinen-ilman-taustaa-02.png\",\"width\":2319,\"height\":690,\"caption\":\"RST-Steel Oy\"},\"image\":{\"@id\":\"https:\/\/rst-steel.com\/#\/schema\/logo\/image\/\"}}]}<\/script>\n<!-- \/ Yoast SEO plugin. -->","yoast_head_json":{"title":"Rear Bar \/ Counter Weight Bar Volvo EC180EL 2016- RST-Steel","description":"Counterweight Bar Volvo EC180EL 2016- models. Suitable for models from 2016 to newer. Check out the product variants in our online store!","robots":{"index":"index","follow":"follow","max-snippet":"max-snippet:-1","max-image-preview":"max-image-preview:large","max-video-preview":"max-video-preview:-1"},"canonical":"https:\/\/rst-steel.com\/nb\/produktkategori\/light-bars\/rear-bars-for-excavators\/volvo-rear-bars\/rear-bar-counter-weight-bar-volvo-ec180el-2016\/","og_locale":"nb_NO","og_type":"article","og_title":"Rear Bar \/ Counter Weight Bar Volvo EC180EL 2016- RST-Steel","og_description":"Counterweight Bar Volvo EC180EL 2016- models. Suitable for models from 2016 to newer. Check out the product variants in our online store!","og_url":"https:\/\/rst-steel.com\/nb\/produktkategori\/light-bars\/rear-bars-for-excavators\/volvo-rear-bars\/rear-bar-counter-weight-bar-volvo-ec180el-2016\/","og_site_name":"RST-Steel","article_modified_time":"2026-04-17T05:59:42+00:00","og_image":[{"width":1920,"height":1080,"url":"https:\/\/rst-steel.com\/wp-content\/uploads\/2026\/03\/f7541c2db411cb3b537ec6367c4a2a9ee9eb3a01_04555374cae4b66f52c2f81f9b784e04.png","type":"image\/png"}],"twitter_card":"summary_large_image","twitter_misc":{"Ansl. lesetid":"1 minutt"},"schema":{"@context":"https:\/\/schema.org","@graph":[{"@type":"WebPage","@id":"https:\/\/rst-steel.com\/product-category\/light-bars\/rear-bars-for-excavators\/volvo-rear-bars\/rear-bar-counter-weight-bar-volvo-ec180el-2016\/","url":"https:\/\/rst-steel.com\/product-category\/light-bars\/rear-bars-for-excavators\/volvo-rear-bars\/rear-bar-counter-weight-bar-volvo-ec180el-2016\/","name":"Rear Bar \/ Counter Weight Bar Volvo EC180EL 2016- RST-Steel","isPartOf":{"@id":"https:\/\/rst-steel.com\/#website"},"primaryImageOfPage":{"@id":"https:\/\/rst-steel.com\/product-category\/light-bars\/rear-bars-for-excavators\/volvo-rear-bars\/rear-bar-counter-weight-bar-volvo-ec180el-2016\/#primaryimage"},"image":{"@id":"https:\/\/rst-steel.com\/product-category\/light-bars\/rear-bars-for-excavators\/volvo-rear-bars\/rear-bar-counter-weight-bar-volvo-ec180el-2016\/#primaryimage"},"thumbnailUrl":"https:\/\/rst-steel.com\/wp-content\/uploads\/2026\/03\/f7541c2db411cb3b537ec6367c4a2a9ee9eb3a01_04555374cae4b66f52c2f81f9b784e04.png","datePublished":"2026-03-20T07:52:46+00:00","dateModified":"2026-04-17T05:59:42+00:00","description":"Counterweight Bar Volvo EC180EL 2016- models. Suitable for models from 2016 to newer. Check out the product variants in our online store!","breadcrumb":{"@id":"https:\/\/rst-steel.com\/product-category\/light-bars\/rear-bars-for-excavators\/volvo-rear-bars\/rear-bar-counter-weight-bar-volvo-ec180el-2016\/#breadcrumb"},"inLanguage":"nb-NO","potentialAction":[{"@type":"ReadAction","target":["https:\/\/rst-steel.com\/product-category\/light-bars\/rear-bars-for-excavators\/volvo-rear-bars\/rear-bar-counter-weight-bar-volvo-ec180el-2016\/"]}]},{"@type":"ImageObject","inLanguage":"nb-NO","@id":"https:\/\/rst-steel.com\/product-category\/light-bars\/rear-bars-for-excavators\/volvo-rear-bars\/rear-bar-counter-weight-bar-volvo-ec180el-2016\/#primaryimage","url":"https:\/\/rst-steel.com\/wp-content\/uploads\/2026\/03\/f7541c2db411cb3b537ec6367c4a2a9ee9eb3a01_04555374cae4b66f52c2f81f9b784e04.png","contentUrl":"https:\/\/rst-steel.com\/wp-content\/uploads\/2026\/03\/f7541c2db411cb3b537ec6367c4a2a9ee9eb3a01_04555374cae4b66f52c2f81f9b784e04.png","width":1920,"height":1080,"caption":"prm_64060"},{"@type":"BreadcrumbList","@id":"https:\/\/rst-steel.com\/product-category\/light-bars\/rear-bars-for-excavators\/volvo-rear-bars\/rear-bar-counter-weight-bar-volvo-ec180el-2016\/#breadcrumb","itemListElement":[{"@type":"ListItem","position":1,"name":"Home","item":"https:\/\/rst-steel.com\/"},{"@type":"ListItem","position":2,"name":"RST-Steel Verkkokauppa","item":"https:\/\/rst-steel.com\/shop\/"},{"@type":"ListItem","position":3,"name":"Rear Bar \/ Counter Weight Bar Volvo EC180EL 2016-"}]},{"@type":"WebSite","@id":"https:\/\/rst-steel.com\/#website","url":"https:\/\/rst-steel.com\/","name":"RST-Steel Oy - Turvallista, tyylik\u00e4st\u00e4, ter\u00e4st\u00e4","description":"Finsk kvalitet for kvalitetsbevisste sj\u00e5f\u00f8rer","publisher":{"@id":"https:\/\/rst-steel.com\/#organization"},"potentialAction":[{"@type":"SearchAction","target":{"@type":"EntryPoint","urlTemplate":"https:\/\/rst-steel.com\/?s={search_term_string}"},"query-input":{"@type":"PropertyValueSpecification","valueRequired":true,"valueName":"search_term_string"}}],"inLanguage":"nb-NO"},{"@type":"Organization","@id":"https:\/\/rst-steel.com\/#organization","name":"RST-Steel Oy","alternateName":"RST-Steel Oy - Turvallista, tyylik\u00e4st\u00e4, ter\u00e4st\u00e4","url":"https:\/\/rst-steel.com\/","logo":{"@type":"ImageObject","inLanguage":"nb-NO","@id":"https:\/\/rst-steel.com\/#\/schema\/logo\/image\/","url":"https:\/\/rst-steel.com\/wp-content\/uploads\/2025\/02\/cropped-rst-valkoinen-ilman-taustaa-02.png","contentUrl":"https:\/\/rst-steel.com\/wp-content\/uploads\/2025\/02\/cropped-rst-valkoinen-ilman-taustaa-02.png","width":2319,"height":690,"caption":"RST-Steel Oy"},"image":{"@id":"https:\/\/rst-steel.com\/#\/schema\/logo\/image\/"}}]}},"_links":{"self":[{"href":"https:\/\/rst-steel.com\/nb\/wp-json\/wp\/v2\/product\/190631","targetHints":{"allow":["GET"]}}],"collection":[{"href":"https:\/\/rst-steel.com\/nb\/wp-json\/wp\/v2\/product"}],"about":[{"href":"https:\/\/rst-steel.com\/nb\/wp-json\/wp\/v2\/types\/product"}],"version-history":[{"count":1,"href":"https:\/\/rst-steel.com\/nb\/wp-json\/wp\/v2\/product\/190631\/revisions"}],"predecessor-version":[{"id":199090,"href":"https:\/\/rst-steel.com\/nb\/wp-json\/wp\/v2\/product\/190631\/revisions\/199090"}],"wp:featuredmedia":[{"embeddable":true,"href":"https:\/\/rst-steel.com\/nb\/wp-json\/wp\/v2\/media\/190629"}],"wp:attachment":[{"href":"https:\/\/rst-steel.com\/nb\/wp-json\/wp\/v2\/media?parent=190631"}],"wp:term":[{"taxonomy":"make_year","embeddable":true,"href":"https:\/\/rst-steel.com\/nb\/wp-json\/wp\/v2\/make_year?post=190631"},{"taxonomy":"make_brand","embeddable":true,"href":"https:\/\/rst-steel.com\/nb\/wp-json\/wp\/v2\/make_brand?post=190631"},{"taxonomy":"make_model","embeddable":true,"href":"https:\/\/rst-steel.com\/nb\/wp-json\/wp\/v2\/make_model?post=190631"},{"taxonomy":"make_fuel_type","embeddable":true,"href":"https:\/\/rst-steel.com\/nb\/wp-json\/wp\/v2\/make_fuel_type?post=190631"},{"taxonomy":"product_brand","embeddable":true,"href":"https:\/\/rst-steel.com\/nb\/wp-json\/wp\/v2\/product_brand?post=190631"},{"taxonomy":"product_cat","embeddable":true,"href":"https:\/\/rst-steel.com\/nb\/wp-json\/wp\/v2\/product_cat?post=190631"},{"taxonomy":"product_tag","embeddable":true,"href":"https:\/\/rst-steel.com\/nb\/wp-json\/wp\/v2\/product_tag?post=190631"}],"curies":[{"name":"wp","href":"https:\/\/api.w.org\/{rel}","templated":true}]}}