{"id":190700,"date":"2026-03-20T09:53:59","date_gmt":"2026-03-20T07:53:59","guid":{"rendered":"https:\/\/rst-steel.com\/tuote-osasto\/Ei-luokiteltu\/rear-decoration-bar-volvo-l60h-l90h\/"},"modified":"2026-04-27T10:58:57","modified_gmt":"2026-04-27T07:58:57","slug":"rear-decoration-bar-volvo-l60h-l90h","status":"publish","type":"product","link":"https:\/\/rst-steel.com\/nb\/produktkategori\/light-bars\/rear-bars-for-excavators\/volvo-rear-bars\/rear-decoration-bar-volvo-l60h-l90h\/","title":{"rendered":"Grill Bar Volvo L60H-L90H"},"content":{"rendered":"<p>Rear Decoration Bar Volvo L60H-L90H<\/p>\n<p>RST-Steel\u2019s rear bars are high-quality products made of stainless steel.<\/p>\n<p>The rear bars can be equipped with work lights and position lights, which improve your visibility in traffic, and at the same time increase safety for yourself and others in traffic.<\/p>\n<p><span style=\"font-weight: bold;\">Technical information:<\/span><\/p>\n<ul>\n<li>Color: Polished stainless steel or Powdercoated with RAL-color<\/li>\n<li>Pipes diameter: 60 mm<\/li>\n<\/ul>\n<p><span style=\"font-weight: bold;\">Delivery contents:<\/span><\/p>\n<ul>\n<li>Rear Decoration Bar<\/li>\n<li>Fasteners required for installation<\/li>\n<li>Installation instructions<\/li>\n<\/ul>","protected":false},"excerpt":{"rendered":"<p>Rear Decoration Bar Volvo L60H-L90H RST-Steel\u2019s rear bars are high-quality products made of stainless steel. The rear bars can be&#8230;<\/p>","protected":false},"featured_media":190699,"template":"","meta":[],"make_year":[10909],"make_brand":[10940],"make_model":[11034],"make_fuel_type":[],"product_brand":[9443],"product_cat":[10590,10508,10565],"product_tag":[],"class_list":{"0":"post-190700","1":"product","2":"type-product","3":"status-publish","4":"has-post-thumbnail","6":"make_year-workmachines","7":"make_brand-volvo-workmachines","8":"make_model-volvo-wheelloaders","9":"make_engine-volvo-l-60-h","10":"make_engine-volvo-l-70-h","11":"make_engine-volvo-l-90-h","12":"product_brand-brand_rststeel","13":"product_cat-rear-bars-for-wheel-loaders","14":"product_cat-light-bars","15":"product_cat-volvo-rear-bars","16":"product_shipping_class-lightbars","18":"first","19":"onbackorder","20":"taxable","21":"shipping-taxable","22":"purchasable","23":"product-type-variable"},"yoast_head":"<!-- This site is optimized with the Yoast SEO plugin v27.1.1 - https:\/\/yoast.com\/product\/yoast-seo-wordpress\/ -->\n<title>Grill Bar Volvo L60H-L90H - RST-Steel<\/title>\n<meta name=\"description\" content=\"Grillbar Volvo L60H, L70H, L90H models. rear bars are high-quality products made of stainless steel.\u00a0Check out the product variants in our online store!\" \/>\n<meta name=\"robots\" content=\"index, follow, max-snippet:-1, max-image-preview:large, max-video-preview:-1\" \/>\n<link rel=\"canonical\" href=\"https:\/\/rst-steel.com\/nb\/produktkategori\/light-bars\/rear-bars-for-excavators\/volvo-rear-bars\/rear-decoration-bar-volvo-l60h-l90h\/\" \/>\n<meta property=\"og:locale\" content=\"nb_NO\" \/>\n<meta property=\"og:type\" content=\"article\" \/>\n<meta property=\"og:title\" content=\"Grill Bar Volvo L60H-L90H - RST-Steel\" \/>\n<meta property=\"og:description\" content=\"Grillbar Volvo L60H, L70H, L90H models. rear bars are high-quality products made of stainless steel.\u00a0Check out the product variants in our online store!\" \/>\n<meta property=\"og:url\" content=\"https:\/\/rst-steel.com\/nb\/produktkategori\/light-bars\/rear-bars-for-excavators\/volvo-rear-bars\/rear-decoration-bar-volvo-l60h-l90h\/\" \/>\n<meta property=\"og:site_name\" content=\"RST-Steel\" \/>\n<meta property=\"article:modified_time\" content=\"2026-04-27T07:58:57+00:00\" \/>\n<meta property=\"og:image\" content=\"https:\/\/rst-steel.com\/wp-content\/uploads\/2026\/03\/2674d1ce92b9b0090c33f5bcf23717bf407f5bc0_57eae69cd7d67a76b0b5e31a984da067-scaled.png\" \/>\n\t<meta property=\"og:image:width\" content=\"2560\" \/>\n\t<meta property=\"og:image:height\" content=\"1269\" \/>\n\t<meta property=\"og:image:type\" content=\"image\/png\" \/>\n<meta name=\"twitter:card\" content=\"summary_large_image\" \/>\n<meta name=\"twitter:label1\" content=\"Ansl. lesetid\" \/>\n\t<meta name=\"twitter:data1\" content=\"1 minutt\" \/>\n<script type=\"application\/ld+json\" class=\"yoast-schema-graph\">{\"@context\":\"https:\/\/schema.org\",\"@graph\":[{\"@type\":\"WebPage\",\"@id\":\"https:\/\/rst-steel.com\/product-category\/light-bars\/rear-bars-for-excavators\/volvo-rear-bars\/rear-decoration-bar-volvo-l60h-l90h\/\",\"url\":\"https:\/\/rst-steel.com\/product-category\/light-bars\/rear-bars-for-excavators\/volvo-rear-bars\/rear-decoration-bar-volvo-l60h-l90h\/\",\"name\":\"Grill Bar Volvo L60H-L90H - RST-Steel\",\"isPartOf\":{\"@id\":\"https:\/\/rst-steel.com\/#website\"},\"primaryImageOfPage\":{\"@id\":\"https:\/\/rst-steel.com\/product-category\/light-bars\/rear-bars-for-excavators\/volvo-rear-bars\/rear-decoration-bar-volvo-l60h-l90h\/#primaryimage\"},\"image\":{\"@id\":\"https:\/\/rst-steel.com\/product-category\/light-bars\/rear-bars-for-excavators\/volvo-rear-bars\/rear-decoration-bar-volvo-l60h-l90h\/#primaryimage\"},\"thumbnailUrl\":\"https:\/\/rst-steel.com\/wp-content\/uploads\/2026\/03\/2674d1ce92b9b0090c33f5bcf23717bf407f5bc0_57eae69cd7d67a76b0b5e31a984da067-scaled.png\",\"datePublished\":\"2026-03-20T07:53:59+00:00\",\"dateModified\":\"2026-04-27T07:58:57+00:00\",\"description\":\"Grillbar Volvo L60H, L70H, L90H models. rear bars are high-quality products made of stainless steel.\u00a0Check out the product variants in our online store!\",\"breadcrumb\":{\"@id\":\"https:\/\/rst-steel.com\/product-category\/light-bars\/rear-bars-for-excavators\/volvo-rear-bars\/rear-decoration-bar-volvo-l60h-l90h\/#breadcrumb\"},\"inLanguage\":\"nb-NO\",\"potentialAction\":[{\"@type\":\"ReadAction\",\"target\":[\"https:\/\/rst-steel.com\/product-category\/light-bars\/rear-bars-for-excavators\/volvo-rear-bars\/rear-decoration-bar-volvo-l60h-l90h\/\"]}]},{\"@type\":\"ImageObject\",\"inLanguage\":\"nb-NO\",\"@id\":\"https:\/\/rst-steel.com\/product-category\/light-bars\/rear-bars-for-excavators\/volvo-rear-bars\/rear-decoration-bar-volvo-l60h-l90h\/#primaryimage\",\"url\":\"https:\/\/rst-steel.com\/wp-content\/uploads\/2026\/03\/2674d1ce92b9b0090c33f5bcf23717bf407f5bc0_57eae69cd7d67a76b0b5e31a984da067-scaled.png\",\"contentUrl\":\"https:\/\/rst-steel.com\/wp-content\/uploads\/2026\/03\/2674d1ce92b9b0090c33f5bcf23717bf407f5bc0_57eae69cd7d67a76b0b5e31a984da067-scaled.png\",\"width\":2560,\"height\":1269,\"caption\":\"Grill Bar Volvo L60H-L90H\"},{\"@type\":\"BreadcrumbList\",\"@id\":\"https:\/\/rst-steel.com\/product-category\/light-bars\/rear-bars-for-excavators\/volvo-rear-bars\/rear-decoration-bar-volvo-l60h-l90h\/#breadcrumb\",\"itemListElement\":[{\"@type\":\"ListItem\",\"position\":1,\"name\":\"Home\",\"item\":\"https:\/\/rst-steel.com\/\"},{\"@type\":\"ListItem\",\"position\":2,\"name\":\"RST-Steel Verkkokauppa\",\"item\":\"https:\/\/rst-steel.com\/shop\/\"},{\"@type\":\"ListItem\",\"position\":3,\"name\":\"Grill Bar Volvo L60H-L90H\"}]},{\"@type\":\"WebSite\",\"@id\":\"https:\/\/rst-steel.com\/#website\",\"url\":\"https:\/\/rst-steel.com\/\",\"name\":\"RST-Steel Oy - Turvallista, tyylik\u00e4st\u00e4, ter\u00e4st\u00e4\",\"description\":\"Finnish quality for discerning drivers\",\"publisher\":{\"@id\":\"https:\/\/rst-steel.com\/#organization\"},\"potentialAction\":[{\"@type\":\"SearchAction\",\"target\":{\"@type\":\"EntryPoint\",\"urlTemplate\":\"https:\/\/rst-steel.com\/?s={search_term_string}\"},\"query-input\":{\"@type\":\"PropertyValueSpecification\",\"valueRequired\":true,\"valueName\":\"search_term_string\"}}],\"inLanguage\":\"nb-NO\"},{\"@type\":\"Organization\",\"@id\":\"https:\/\/rst-steel.com\/#organization\",\"name\":\"RST-Steel Oy\",\"alternateName\":\"RST-Steel Oy - Turvallista, tyylik\u00e4st\u00e4, ter\u00e4st\u00e4\",\"url\":\"https:\/\/rst-steel.com\/\",\"logo\":{\"@type\":\"ImageObject\",\"inLanguage\":\"nb-NO\",\"@id\":\"https:\/\/rst-steel.com\/#\/schema\/logo\/image\/\",\"url\":\"https:\/\/rst-steel.com\/wp-content\/uploads\/2025\/02\/cropped-rst-valkoinen-ilman-taustaa-02.png\",\"contentUrl\":\"https:\/\/rst-steel.com\/wp-content\/uploads\/2025\/02\/cropped-rst-valkoinen-ilman-taustaa-02.png\",\"width\":2319,\"height\":690,\"caption\":\"RST-Steel Oy\"},\"image\":{\"@id\":\"https:\/\/rst-steel.com\/#\/schema\/logo\/image\/\"}}]}<\/script>\n<!-- \/ Yoast SEO plugin. -->","yoast_head_json":{"title":"Grill Bar Volvo L60H-L90H - RST-Steel","description":"Grillbar Volvo L60H, L70H, L90H models. rear bars are high-quality products made of stainless steel.\u00a0Check out the product variants in our online store!","robots":{"index":"index","follow":"follow","max-snippet":"max-snippet:-1","max-image-preview":"max-image-preview:large","max-video-preview":"max-video-preview:-1"},"canonical":"https:\/\/rst-steel.com\/nb\/produktkategori\/light-bars\/rear-bars-for-excavators\/volvo-rear-bars\/rear-decoration-bar-volvo-l60h-l90h\/","og_locale":"nb_NO","og_type":"article","og_title":"Grill Bar Volvo L60H-L90H - RST-Steel","og_description":"Grillbar Volvo L60H, L70H, L90H models. rear bars are high-quality products made of stainless steel.\u00a0Check out the product variants in our online store!","og_url":"https:\/\/rst-steel.com\/nb\/produktkategori\/light-bars\/rear-bars-for-excavators\/volvo-rear-bars\/rear-decoration-bar-volvo-l60h-l90h\/","og_site_name":"RST-Steel","article_modified_time":"2026-04-27T07:58:57+00:00","og_image":[{"width":2560,"height":1269,"url":"https:\/\/rst-steel.com\/wp-content\/uploads\/2026\/03\/2674d1ce92b9b0090c33f5bcf23717bf407f5bc0_57eae69cd7d67a76b0b5e31a984da067-scaled.png","type":"image\/png"}],"twitter_card":"summary_large_image","twitter_misc":{"Ansl. lesetid":"1 minutt"},"schema":{"@context":"https:\/\/schema.org","@graph":[{"@type":"WebPage","@id":"https:\/\/rst-steel.com\/product-category\/light-bars\/rear-bars-for-excavators\/volvo-rear-bars\/rear-decoration-bar-volvo-l60h-l90h\/","url":"https:\/\/rst-steel.com\/product-category\/light-bars\/rear-bars-for-excavators\/volvo-rear-bars\/rear-decoration-bar-volvo-l60h-l90h\/","name":"Grill Bar Volvo L60H-L90H - RST-Steel","isPartOf":{"@id":"https:\/\/rst-steel.com\/#website"},"primaryImageOfPage":{"@id":"https:\/\/rst-steel.com\/product-category\/light-bars\/rear-bars-for-excavators\/volvo-rear-bars\/rear-decoration-bar-volvo-l60h-l90h\/#primaryimage"},"image":{"@id":"https:\/\/rst-steel.com\/product-category\/light-bars\/rear-bars-for-excavators\/volvo-rear-bars\/rear-decoration-bar-volvo-l60h-l90h\/#primaryimage"},"thumbnailUrl":"https:\/\/rst-steel.com\/wp-content\/uploads\/2026\/03\/2674d1ce92b9b0090c33f5bcf23717bf407f5bc0_57eae69cd7d67a76b0b5e31a984da067-scaled.png","datePublished":"2026-03-20T07:53:59+00:00","dateModified":"2026-04-27T07:58:57+00:00","description":"Grillbar Volvo L60H, L70H, L90H models. rear bars are high-quality products made of stainless steel.\u00a0Check out the product variants in our online store!","breadcrumb":{"@id":"https:\/\/rst-steel.com\/product-category\/light-bars\/rear-bars-for-excavators\/volvo-rear-bars\/rear-decoration-bar-volvo-l60h-l90h\/#breadcrumb"},"inLanguage":"nb-NO","potentialAction":[{"@type":"ReadAction","target":["https:\/\/rst-steel.com\/product-category\/light-bars\/rear-bars-for-excavators\/volvo-rear-bars\/rear-decoration-bar-volvo-l60h-l90h\/"]}]},{"@type":"ImageObject","inLanguage":"nb-NO","@id":"https:\/\/rst-steel.com\/product-category\/light-bars\/rear-bars-for-excavators\/volvo-rear-bars\/rear-decoration-bar-volvo-l60h-l90h\/#primaryimage","url":"https:\/\/rst-steel.com\/wp-content\/uploads\/2026\/03\/2674d1ce92b9b0090c33f5bcf23717bf407f5bc0_57eae69cd7d67a76b0b5e31a984da067-scaled.png","contentUrl":"https:\/\/rst-steel.com\/wp-content\/uploads\/2026\/03\/2674d1ce92b9b0090c33f5bcf23717bf407f5bc0_57eae69cd7d67a76b0b5e31a984da067-scaled.png","width":2560,"height":1269,"caption":"Grill Bar Volvo L60H-L90H"},{"@type":"BreadcrumbList","@id":"https:\/\/rst-steel.com\/product-category\/light-bars\/rear-bars-for-excavators\/volvo-rear-bars\/rear-decoration-bar-volvo-l60h-l90h\/#breadcrumb","itemListElement":[{"@type":"ListItem","position":1,"name":"Home","item":"https:\/\/rst-steel.com\/"},{"@type":"ListItem","position":2,"name":"RST-Steel Verkkokauppa","item":"https:\/\/rst-steel.com\/shop\/"},{"@type":"ListItem","position":3,"name":"Grill Bar Volvo L60H-L90H"}]},{"@type":"WebSite","@id":"https:\/\/rst-steel.com\/#website","url":"https:\/\/rst-steel.com\/","name":"RST-Steel Oy - Turvallista, tyylik\u00e4st\u00e4, ter\u00e4st\u00e4","description":"Finsk kvalitet for kvalitetsbevisste sj\u00e5f\u00f8rer","publisher":{"@id":"https:\/\/rst-steel.com\/#organization"},"potentialAction":[{"@type":"SearchAction","target":{"@type":"EntryPoint","urlTemplate":"https:\/\/rst-steel.com\/?s={search_term_string}"},"query-input":{"@type":"PropertyValueSpecification","valueRequired":true,"valueName":"search_term_string"}}],"inLanguage":"nb-NO"},{"@type":"Organization","@id":"https:\/\/rst-steel.com\/#organization","name":"RST-Steel Oy","alternateName":"RST-Steel Oy - Turvallista, tyylik\u00e4st\u00e4, ter\u00e4st\u00e4","url":"https:\/\/rst-steel.com\/","logo":{"@type":"ImageObject","inLanguage":"nb-NO","@id":"https:\/\/rst-steel.com\/#\/schema\/logo\/image\/","url":"https:\/\/rst-steel.com\/wp-content\/uploads\/2025\/02\/cropped-rst-valkoinen-ilman-taustaa-02.png","contentUrl":"https:\/\/rst-steel.com\/wp-content\/uploads\/2025\/02\/cropped-rst-valkoinen-ilman-taustaa-02.png","width":2319,"height":690,"caption":"RST-Steel Oy"},"image":{"@id":"https:\/\/rst-steel.com\/#\/schema\/logo\/image\/"}}]}},"_links":{"self":[{"href":"https:\/\/rst-steel.com\/nb\/wp-json\/wp\/v2\/product\/190700","targetHints":{"allow":["GET"]}}],"collection":[{"href":"https:\/\/rst-steel.com\/nb\/wp-json\/wp\/v2\/product"}],"about":[{"href":"https:\/\/rst-steel.com\/nb\/wp-json\/wp\/v2\/types\/product"}],"version-history":[{"count":3,"href":"https:\/\/rst-steel.com\/nb\/wp-json\/wp\/v2\/product\/190700\/revisions"}],"predecessor-version":[{"id":201709,"href":"https:\/\/rst-steel.com\/nb\/wp-json\/wp\/v2\/product\/190700\/revisions\/201709"}],"wp:featuredmedia":[{"embeddable":true,"href":"https:\/\/rst-steel.com\/nb\/wp-json\/wp\/v2\/media\/190699"}],"wp:attachment":[{"href":"https:\/\/rst-steel.com\/nb\/wp-json\/wp\/v2\/media?parent=190700"}],"wp:term":[{"taxonomy":"make_year","embeddable":true,"href":"https:\/\/rst-steel.com\/nb\/wp-json\/wp\/v2\/make_year?post=190700"},{"taxonomy":"make_brand","embeddable":true,"href":"https:\/\/rst-steel.com\/nb\/wp-json\/wp\/v2\/make_brand?post=190700"},{"taxonomy":"make_model","embeddable":true,"href":"https:\/\/rst-steel.com\/nb\/wp-json\/wp\/v2\/make_model?post=190700"},{"taxonomy":"make_fuel_type","embeddable":true,"href":"https:\/\/rst-steel.com\/nb\/wp-json\/wp\/v2\/make_fuel_type?post=190700"},{"taxonomy":"product_brand","embeddable":true,"href":"https:\/\/rst-steel.com\/nb\/wp-json\/wp\/v2\/product_brand?post=190700"},{"taxonomy":"product_cat","embeddable":true,"href":"https:\/\/rst-steel.com\/nb\/wp-json\/wp\/v2\/product_cat?post=190700"},{"taxonomy":"product_tag","embeddable":true,"href":"https:\/\/rst-steel.com\/nb\/wp-json\/wp\/v2\/product_tag?post=190700"}],"curies":[{"name":"wp","href":"https:\/\/api.w.org\/{rel}","templated":true}]}}