{"id":190731,"date":"2026-03-20T09:54:43","date_gmt":"2026-03-20T07:54:43","guid":{"rendered":"https:\/\/rst-steel.com\/tuote-osasto\/Ei-luokiteltu\/rear-bar-jcb-245xr\/"},"modified":"2026-04-17T08:59:40","modified_gmt":"2026-04-17T05:59:40","slug":"rear-bar-jcb-245xr","status":"publish","type":"product","link":"https:\/\/rst-steel.com\/nb\/produktkategori\/light-bars\/rear-bars-for-excavators\/jcb-rear-bars\/rear-bar-jcb-245xr\/","title":{"rendered":"Rear Bar JCB 245XR"},"content":{"rendered":"<p>Rear Bar for&nbsp; JCB 245XR.<\/p>\n<p>RST-Steel\u2019s rear bars are high-quality products made of stainless steel.&nbsp;<\/p>\n<p>The rear bars can be equipped with work lights and position lights, which improve your visibility in traffic, and at the same time increase safety for yourself and others in traffic.<\/p>\n<p><span style=\"font-weight: bold\">NOTE: If the machine has a grease gun, as in the last picture, it must be moved away from the front!<\/span><\/p>\n<p>additionally, a<a href=\"https:\/\/rst-steel.com\/nb\/produkt\/roof-bar-jcb-x-series-_prm_17429\/\"> roof bar<\/a> is available for this excavator<\/p>\n<p><span><br \/><\/span>Technical information:<\/p>\n<p>Color: Polished stainless steel or painting with RAL-basic colors<\/p>\n<p>Pipes diameter: 60 mm<\/p>\n<p>3-part<\/p>\n<p>The Rear bar has 2 welded work light brackets<\/p>\n<p>Delivery contents:<\/p>\n<p>Rear bar<\/p>\n<p>Fasteners required for installation<\/p>\n<p>Installation instructions<\/p>","protected":false},"excerpt":{"rendered":"<p>Rear Bar for&nbsp; JCB 245XR. RST-Steel\u2019s rear bars are high-quality products made of stainless steel.&nbsp; The rear bars can be&#8230;<\/p>","protected":false},"featured_media":190726,"template":"","meta":[],"make_year":[10909],"make_brand":[],"make_model":[],"make_fuel_type":[],"product_brand":[9443],"product_cat":[10562,10566,10508],"product_tag":[],"class_list":{"0":"post-190731","1":"product","2":"type-product","3":"status-publish","4":"has-post-thumbnail","6":"make_year-workmachines","7":"product_brand-brand_rststeel","8":"product_cat-rear-bars-for-excavators","9":"product_cat-jcb-rear-bars","10":"product_cat-light-bars","11":"product_shipping_class-lightbars","13":"first","14":"onbackorder","15":"taxable","16":"shipping-taxable","17":"purchasable","18":"product-type-variable"},"yoast_head":"<!-- This site is optimized with the Yoast SEO plugin v27.1.1 - https:\/\/yoast.com\/product\/yoast-seo-wordpress\/ -->\n<title>Rear Bar JCB 245XR - RST-Steel<\/title>\n<meta name=\"description\" content=\"Counterweight Bar JCB 245XR. Several model options available! Check out the products and order now! RST-Steel&#039;s products are made in Finland!\" \/>\n<meta name=\"robots\" content=\"index, follow, max-snippet:-1, max-image-preview:large, max-video-preview:-1\" \/>\n<link rel=\"canonical\" href=\"https:\/\/rst-steel.com\/nb\/produktkategori\/light-bars\/rear-bars-for-excavators\/jcb-rear-bars\/rear-bar-jcb-245xr\/\" \/>\n<meta property=\"og:locale\" content=\"nb_NO\" \/>\n<meta property=\"og:type\" content=\"article\" \/>\n<meta property=\"og:title\" content=\"Rear Bar JCB 245XR - RST-Steel\" \/>\n<meta property=\"og:description\" content=\"Counterweight Bar JCB 245XR. Several model options available! Check out the products and order now! RST-Steel&#039;s products are made in Finland!\" \/>\n<meta property=\"og:url\" content=\"https:\/\/rst-steel.com\/nb\/produktkategori\/light-bars\/rear-bars-for-excavators\/jcb-rear-bars\/rear-bar-jcb-245xr\/\" \/>\n<meta property=\"og:site_name\" content=\"RST-Steel\" \/>\n<meta property=\"article:modified_time\" content=\"2026-04-17T05:59:40+00:00\" \/>\n<meta property=\"og:image\" content=\"https:\/\/rst-steel.com\/wp-content\/uploads\/2026\/03\/4c28422cc5db35f2cce7b8c43a7dfd9fea3ae6ba_336d088f2c19dad4dc2de11240553bcf-scaled.jpg\" \/>\n\t<meta property=\"og:image:width\" content=\"2560\" \/>\n\t<meta property=\"og:image:height\" content=\"1707\" \/>\n\t<meta property=\"og:image:type\" content=\"image\/jpeg\" \/>\n<meta name=\"twitter:card\" content=\"summary_large_image\" \/>\n<meta name=\"twitter:label1\" content=\"Ansl. lesetid\" \/>\n\t<meta name=\"twitter:data1\" content=\"1 minutt\" \/>\n<script type=\"application\/ld+json\" class=\"yoast-schema-graph\">{\"@context\":\"https:\/\/schema.org\",\"@graph\":[{\"@type\":\"WebPage\",\"@id\":\"https:\/\/rst-steel.com\/product-category\/light-bars\/rear-bars-for-excavators\/jcb-rear-bars\/rear-bar-jcb-245xr\/\",\"url\":\"https:\/\/rst-steel.com\/product-category\/light-bars\/rear-bars-for-excavators\/jcb-rear-bars\/rear-bar-jcb-245xr\/\",\"name\":\"Rear Bar JCB 245XR - RST-Steel\",\"isPartOf\":{\"@id\":\"https:\/\/rst-steel.com\/#website\"},\"primaryImageOfPage\":{\"@id\":\"https:\/\/rst-steel.com\/product-category\/light-bars\/rear-bars-for-excavators\/jcb-rear-bars\/rear-bar-jcb-245xr\/#primaryimage\"},\"image\":{\"@id\":\"https:\/\/rst-steel.com\/product-category\/light-bars\/rear-bars-for-excavators\/jcb-rear-bars\/rear-bar-jcb-245xr\/#primaryimage\"},\"thumbnailUrl\":\"https:\/\/rst-steel.com\/wp-content\/uploads\/2026\/03\/4c28422cc5db35f2cce7b8c43a7dfd9fea3ae6ba_336d088f2c19dad4dc2de11240553bcf-scaled.jpg\",\"datePublished\":\"2026-03-20T07:54:43+00:00\",\"dateModified\":\"2026-04-17T05:59:40+00:00\",\"description\":\"Counterweight Bar JCB 245XR. Several model options available! Check out the products and order now! RST-Steel's products are made in Finland!\",\"breadcrumb\":{\"@id\":\"https:\/\/rst-steel.com\/product-category\/light-bars\/rear-bars-for-excavators\/jcb-rear-bars\/rear-bar-jcb-245xr\/#breadcrumb\"},\"inLanguage\":\"nb-NO\",\"potentialAction\":[{\"@type\":\"ReadAction\",\"target\":[\"https:\/\/rst-steel.com\/product-category\/light-bars\/rear-bars-for-excavators\/jcb-rear-bars\/rear-bar-jcb-245xr\/\"]}]},{\"@type\":\"ImageObject\",\"inLanguage\":\"nb-NO\",\"@id\":\"https:\/\/rst-steel.com\/product-category\/light-bars\/rear-bars-for-excavators\/jcb-rear-bars\/rear-bar-jcb-245xr\/#primaryimage\",\"url\":\"https:\/\/rst-steel.com\/wp-content\/uploads\/2026\/03\/4c28422cc5db35f2cce7b8c43a7dfd9fea3ae6ba_336d088f2c19dad4dc2de11240553bcf-scaled.jpg\",\"contentUrl\":\"https:\/\/rst-steel.com\/wp-content\/uploads\/2026\/03\/4c28422cc5db35f2cce7b8c43a7dfd9fea3ae6ba_336d088f2c19dad4dc2de11240553bcf-scaled.jpg\",\"width\":2560,\"height\":1707,\"caption\":\"prm_65280\"},{\"@type\":\"BreadcrumbList\",\"@id\":\"https:\/\/rst-steel.com\/product-category\/light-bars\/rear-bars-for-excavators\/jcb-rear-bars\/rear-bar-jcb-245xr\/#breadcrumb\",\"itemListElement\":[{\"@type\":\"ListItem\",\"position\":1,\"name\":\"Home\",\"item\":\"https:\/\/rst-steel.com\/\"},{\"@type\":\"ListItem\",\"position\":2,\"name\":\"RST-Steel Verkkokauppa\",\"item\":\"https:\/\/rst-steel.com\/shop\/\"},{\"@type\":\"ListItem\",\"position\":3,\"name\":\"Rear Bar JCB 245XR\"}]},{\"@type\":\"WebSite\",\"@id\":\"https:\/\/rst-steel.com\/#website\",\"url\":\"https:\/\/rst-steel.com\/\",\"name\":\"RST-Steel Oy - Turvallista, tyylik\u00e4st\u00e4, ter\u00e4st\u00e4\",\"description\":\"Finnish quality for discerning drivers\",\"publisher\":{\"@id\":\"https:\/\/rst-steel.com\/#organization\"},\"potentialAction\":[{\"@type\":\"SearchAction\",\"target\":{\"@type\":\"EntryPoint\",\"urlTemplate\":\"https:\/\/rst-steel.com\/?s={search_term_string}\"},\"query-input\":{\"@type\":\"PropertyValueSpecification\",\"valueRequired\":true,\"valueName\":\"search_term_string\"}}],\"inLanguage\":\"nb-NO\"},{\"@type\":\"Organization\",\"@id\":\"https:\/\/rst-steel.com\/#organization\",\"name\":\"RST-Steel Oy\",\"alternateName\":\"RST-Steel Oy - Turvallista, tyylik\u00e4st\u00e4, ter\u00e4st\u00e4\",\"url\":\"https:\/\/rst-steel.com\/\",\"logo\":{\"@type\":\"ImageObject\",\"inLanguage\":\"nb-NO\",\"@id\":\"https:\/\/rst-steel.com\/#\/schema\/logo\/image\/\",\"url\":\"https:\/\/rst-steel.com\/wp-content\/uploads\/2025\/02\/cropped-rst-valkoinen-ilman-taustaa-02.png\",\"contentUrl\":\"https:\/\/rst-steel.com\/wp-content\/uploads\/2025\/02\/cropped-rst-valkoinen-ilman-taustaa-02.png\",\"width\":2319,\"height\":690,\"caption\":\"RST-Steel Oy\"},\"image\":{\"@id\":\"https:\/\/rst-steel.com\/#\/schema\/logo\/image\/\"}}]}<\/script>\n<!-- \/ Yoast SEO plugin. -->","yoast_head_json":{"title":"Rear Bar JCB 245XR - RST-Steel","description":"Counterweight Bar JCB 245XR. Several model options available! Check out the products and order now! RST-Steel's products are made in Finland!","robots":{"index":"index","follow":"follow","max-snippet":"max-snippet:-1","max-image-preview":"max-image-preview:large","max-video-preview":"max-video-preview:-1"},"canonical":"https:\/\/rst-steel.com\/nb\/produktkategori\/light-bars\/rear-bars-for-excavators\/jcb-rear-bars\/rear-bar-jcb-245xr\/","og_locale":"nb_NO","og_type":"article","og_title":"Rear Bar JCB 245XR - RST-Steel","og_description":"Counterweight Bar JCB 245XR. Several model options available! Check out the products and order now! RST-Steel's products are made in Finland!","og_url":"https:\/\/rst-steel.com\/nb\/produktkategori\/light-bars\/rear-bars-for-excavators\/jcb-rear-bars\/rear-bar-jcb-245xr\/","og_site_name":"RST-Steel","article_modified_time":"2026-04-17T05:59:40+00:00","og_image":[{"width":2560,"height":1707,"url":"https:\/\/rst-steel.com\/wp-content\/uploads\/2026\/03\/4c28422cc5db35f2cce7b8c43a7dfd9fea3ae6ba_336d088f2c19dad4dc2de11240553bcf-scaled.jpg","type":"image\/jpeg"}],"twitter_card":"summary_large_image","twitter_misc":{"Ansl. lesetid":"1 minutt"},"schema":{"@context":"https:\/\/schema.org","@graph":[{"@type":"WebPage","@id":"https:\/\/rst-steel.com\/product-category\/light-bars\/rear-bars-for-excavators\/jcb-rear-bars\/rear-bar-jcb-245xr\/","url":"https:\/\/rst-steel.com\/product-category\/light-bars\/rear-bars-for-excavators\/jcb-rear-bars\/rear-bar-jcb-245xr\/","name":"Rear Bar JCB 245XR - RST-Steel","isPartOf":{"@id":"https:\/\/rst-steel.com\/#website"},"primaryImageOfPage":{"@id":"https:\/\/rst-steel.com\/product-category\/light-bars\/rear-bars-for-excavators\/jcb-rear-bars\/rear-bar-jcb-245xr\/#primaryimage"},"image":{"@id":"https:\/\/rst-steel.com\/product-category\/light-bars\/rear-bars-for-excavators\/jcb-rear-bars\/rear-bar-jcb-245xr\/#primaryimage"},"thumbnailUrl":"https:\/\/rst-steel.com\/wp-content\/uploads\/2026\/03\/4c28422cc5db35f2cce7b8c43a7dfd9fea3ae6ba_336d088f2c19dad4dc2de11240553bcf-scaled.jpg","datePublished":"2026-03-20T07:54:43+00:00","dateModified":"2026-04-17T05:59:40+00:00","description":"Counterweight Bar JCB 245XR. Several model options available! Check out the products and order now! RST-Steel's products are made in Finland!","breadcrumb":{"@id":"https:\/\/rst-steel.com\/product-category\/light-bars\/rear-bars-for-excavators\/jcb-rear-bars\/rear-bar-jcb-245xr\/#breadcrumb"},"inLanguage":"nb-NO","potentialAction":[{"@type":"ReadAction","target":["https:\/\/rst-steel.com\/product-category\/light-bars\/rear-bars-for-excavators\/jcb-rear-bars\/rear-bar-jcb-245xr\/"]}]},{"@type":"ImageObject","inLanguage":"nb-NO","@id":"https:\/\/rst-steel.com\/product-category\/light-bars\/rear-bars-for-excavators\/jcb-rear-bars\/rear-bar-jcb-245xr\/#primaryimage","url":"https:\/\/rst-steel.com\/wp-content\/uploads\/2026\/03\/4c28422cc5db35f2cce7b8c43a7dfd9fea3ae6ba_336d088f2c19dad4dc2de11240553bcf-scaled.jpg","contentUrl":"https:\/\/rst-steel.com\/wp-content\/uploads\/2026\/03\/4c28422cc5db35f2cce7b8c43a7dfd9fea3ae6ba_336d088f2c19dad4dc2de11240553bcf-scaled.jpg","width":2560,"height":1707,"caption":"prm_65280"},{"@type":"BreadcrumbList","@id":"https:\/\/rst-steel.com\/product-category\/light-bars\/rear-bars-for-excavators\/jcb-rear-bars\/rear-bar-jcb-245xr\/#breadcrumb","itemListElement":[{"@type":"ListItem","position":1,"name":"Home","item":"https:\/\/rst-steel.com\/"},{"@type":"ListItem","position":2,"name":"RST-Steel Verkkokauppa","item":"https:\/\/rst-steel.com\/shop\/"},{"@type":"ListItem","position":3,"name":"Rear Bar JCB 245XR"}]},{"@type":"WebSite","@id":"https:\/\/rst-steel.com\/#website","url":"https:\/\/rst-steel.com\/","name":"RST-Steel Oy - Turvallista, tyylik\u00e4st\u00e4, ter\u00e4st\u00e4","description":"Finsk kvalitet for kvalitetsbevisste sj\u00e5f\u00f8rer","publisher":{"@id":"https:\/\/rst-steel.com\/#organization"},"potentialAction":[{"@type":"SearchAction","target":{"@type":"EntryPoint","urlTemplate":"https:\/\/rst-steel.com\/?s={search_term_string}"},"query-input":{"@type":"PropertyValueSpecification","valueRequired":true,"valueName":"search_term_string"}}],"inLanguage":"nb-NO"},{"@type":"Organization","@id":"https:\/\/rst-steel.com\/#organization","name":"RST-Steel Oy","alternateName":"RST-Steel Oy - Turvallista, tyylik\u00e4st\u00e4, ter\u00e4st\u00e4","url":"https:\/\/rst-steel.com\/","logo":{"@type":"ImageObject","inLanguage":"nb-NO","@id":"https:\/\/rst-steel.com\/#\/schema\/logo\/image\/","url":"https:\/\/rst-steel.com\/wp-content\/uploads\/2025\/02\/cropped-rst-valkoinen-ilman-taustaa-02.png","contentUrl":"https:\/\/rst-steel.com\/wp-content\/uploads\/2025\/02\/cropped-rst-valkoinen-ilman-taustaa-02.png","width":2319,"height":690,"caption":"RST-Steel Oy"},"image":{"@id":"https:\/\/rst-steel.com\/#\/schema\/logo\/image\/"}}]}},"_links":{"self":[{"href":"https:\/\/rst-steel.com\/nb\/wp-json\/wp\/v2\/product\/190731","targetHints":{"allow":["GET"]}}],"collection":[{"href":"https:\/\/rst-steel.com\/nb\/wp-json\/wp\/v2\/product"}],"about":[{"href":"https:\/\/rst-steel.com\/nb\/wp-json\/wp\/v2\/types\/product"}],"version-history":[{"count":1,"href":"https:\/\/rst-steel.com\/nb\/wp-json\/wp\/v2\/product\/190731\/revisions"}],"predecessor-version":[{"id":199079,"href":"https:\/\/rst-steel.com\/nb\/wp-json\/wp\/v2\/product\/190731\/revisions\/199079"}],"wp:featuredmedia":[{"embeddable":true,"href":"https:\/\/rst-steel.com\/nb\/wp-json\/wp\/v2\/media\/190726"}],"wp:attachment":[{"href":"https:\/\/rst-steel.com\/nb\/wp-json\/wp\/v2\/media?parent=190731"}],"wp:term":[{"taxonomy":"make_year","embeddable":true,"href":"https:\/\/rst-steel.com\/nb\/wp-json\/wp\/v2\/make_year?post=190731"},{"taxonomy":"make_brand","embeddable":true,"href":"https:\/\/rst-steel.com\/nb\/wp-json\/wp\/v2\/make_brand?post=190731"},{"taxonomy":"make_model","embeddable":true,"href":"https:\/\/rst-steel.com\/nb\/wp-json\/wp\/v2\/make_model?post=190731"},{"taxonomy":"make_fuel_type","embeddable":true,"href":"https:\/\/rst-steel.com\/nb\/wp-json\/wp\/v2\/make_fuel_type?post=190731"},{"taxonomy":"product_brand","embeddable":true,"href":"https:\/\/rst-steel.com\/nb\/wp-json\/wp\/v2\/product_brand?post=190731"},{"taxonomy":"product_cat","embeddable":true,"href":"https:\/\/rst-steel.com\/nb\/wp-json\/wp\/v2\/product_cat?post=190731"},{"taxonomy":"product_tag","embeddable":true,"href":"https:\/\/rst-steel.com\/nb\/wp-json\/wp\/v2\/product_tag?post=190731"}],"curies":[{"name":"wp","href":"https:\/\/api.w.org\/{rel}","templated":true}]}}