{"id":190765,"date":"2026-03-20T09:55:11","date_gmt":"2026-03-20T07:55:11","guid":{"rendered":"https:\/\/rst-steel.com\/tuote-osasto\/Ei-luokiteltu\/center-table-volvo-fm-fmx-2013\/"},"modified":"2026-04-17T08:59:40","modified_gmt":"2026-04-17T05:59:40","slug":"center-table-volvo-fm-fmx-2013","status":"publish","type":"product","link":"https:\/\/rst-steel.com\/nb\/produktkategori\/interior\/truck-tables\/volvo-tables\/center-table-volvo-fm-fmx-2013\/","title":{"rendered":"Center table Volvo FM \/ FMX 2013-"},"content":{"rendered":"<p>Center table Volvo FM \/ FMX 2013-<\/p>\n<p>High-quality center table made of poplar plywood, covered with artificial leather, soft edges, non-slip bottom plate<\/p>\n<p>Easy to install and fits well.<\/p>\n<p>Suitable for models:<\/p>\n<div>-Volvo FMX Euro 6 SLP, 2013 -2021<\/div>\n<div>&#8211; Volvo FM Euro 6 Day, 2013 &#8211; 2021<\/div>\n<div>&#8211; Volvo FM Euro 6 SLP, 2013 -2021<\/div>\n<div>&#8211; Volvo FM Euro 6 LSLP, 2013 -2021<\/div>\n<div>&#8211; Volvo FM Euro 6 HSLP Globetrotter, 2013 -2021<\/div>\n<div>&#8211; Volvo FM Euro 6 XHSL Globetrotter XL, 2013 &#8211; 2021<\/div>\n<div>&#8211; Volvo FMX Euro 6 Day, 2013 -2021<\/div>\n<div>&#8211; Volvo FMX Euro 6 HSLP Globetrotter, 2013 -2021<\/div>","protected":false},"excerpt":{"rendered":"<p>Center table Volvo FM \/ FMX 2013- High-quality center table made of poplar plywood, covered with artificial leather, soft edges,&#8230;<\/p>","protected":false},"featured_media":190763,"template":"","meta":[],"make_year":[10907],"make_brand":[10939],"make_model":[10982,10983],"make_fuel_type":[],"product_brand":[],"product_cat":[10679,10683,10685],"product_tag":[],"class_list":{"0":"post-190765","1":"product","2":"type-product","3":"status-publish","4":"has-post-thumbnail","6":"make_year-trucks","7":"make_brand-volvo","8":"make_model-volvo-fm4","9":"make_model-fmx-2013","10":"product_cat-interior","11":"product_cat-truck-tables","12":"product_cat-volvo-tables","14":"first","15":"instock","16":"taxable","17":"shipping-taxable","18":"purchasable","19":"product-type-variable"},"yoast_head":"<!-- This site is optimized with the Yoast SEO plugin v27.1.1 - https:\/\/yoast.com\/product\/yoast-seo-wordpress\/ -->\n<title>Center table Volvo FM \/ FMX 2013- RST-Steel<\/title>\n<meta name=\"description\" content=\"Center table for Volvo FM \/ FMX (2013\u2013). Stylish and practical accessory for added comfort and storage in your truck&#039;s cabin. Easy to install and durable.\" \/>\n<meta name=\"robots\" content=\"index, follow, max-snippet:-1, max-image-preview:large, max-video-preview:-1\" \/>\n<link rel=\"canonical\" href=\"https:\/\/rst-steel.com\/nb\/produktkategori\/interior\/truck-tables\/volvo-tables\/center-table-volvo-fm-fmx-2013\/\" \/>\n<meta property=\"og:locale\" content=\"nb_NO\" \/>\n<meta property=\"og:type\" content=\"article\" \/>\n<meta property=\"og:title\" content=\"Center table Volvo FM \/ FMX 2013- RST-Steel\" \/>\n<meta property=\"og:description\" content=\"Center table for Volvo FM \/ FMX (2013\u2013). Stylish and practical accessory for added comfort and storage in your truck&#039;s cabin. Easy to install and durable.\" \/>\n<meta property=\"og:url\" content=\"https:\/\/rst-steel.com\/nb\/produktkategori\/interior\/truck-tables\/volvo-tables\/center-table-volvo-fm-fmx-2013\/\" \/>\n<meta property=\"og:site_name\" content=\"RST-Steel\" \/>\n<meta property=\"article:modified_time\" content=\"2026-04-17T05:59:40+00:00\" \/>\n<meta property=\"og:image\" content=\"https:\/\/rst-steel.com\/wp-content\/uploads\/2026\/03\/6f0e270d202ced965122938e83ab98e15c0c3fbd_53b4fbb167763e857a8caa3e8b067974.jpg\" \/>\n\t<meta property=\"og:image:width\" content=\"1280\" \/>\n\t<meta property=\"og:image:height\" content=\"787\" \/>\n\t<meta property=\"og:image:type\" content=\"image\/jpeg\" \/>\n<meta name=\"twitter:card\" content=\"summary_large_image\" \/>\n<meta name=\"twitter:label1\" content=\"Ansl. lesetid\" \/>\n\t<meta name=\"twitter:data1\" content=\"1 minutt\" \/>\n<script type=\"application\/ld+json\" class=\"yoast-schema-graph\">{\"@context\":\"https:\/\/schema.org\",\"@graph\":[{\"@type\":\"WebPage\",\"@id\":\"https:\/\/rst-steel.com\/product-category\/interior\/truck-tables\/volvo-tables\/center-table-volvo-fm-fmx-2013\/\",\"url\":\"https:\/\/rst-steel.com\/product-category\/interior\/truck-tables\/volvo-tables\/center-table-volvo-fm-fmx-2013\/\",\"name\":\"Center table Volvo FM \/ FMX 2013- RST-Steel\",\"isPartOf\":{\"@id\":\"https:\/\/rst-steel.com\/#website\"},\"primaryImageOfPage\":{\"@id\":\"https:\/\/rst-steel.com\/product-category\/interior\/truck-tables\/volvo-tables\/center-table-volvo-fm-fmx-2013\/#primaryimage\"},\"image\":{\"@id\":\"https:\/\/rst-steel.com\/product-category\/interior\/truck-tables\/volvo-tables\/center-table-volvo-fm-fmx-2013\/#primaryimage\"},\"thumbnailUrl\":\"https:\/\/rst-steel.com\/wp-content\/uploads\/2026\/03\/6f0e270d202ced965122938e83ab98e15c0c3fbd_53b4fbb167763e857a8caa3e8b067974.jpg\",\"datePublished\":\"2026-03-20T07:55:11+00:00\",\"dateModified\":\"2026-04-17T05:59:40+00:00\",\"description\":\"Center table for Volvo FM \/ FMX (2013\u2013). Stylish and practical accessory for added comfort and storage in your truck's cabin. Easy to install and durable.\",\"breadcrumb\":{\"@id\":\"https:\/\/rst-steel.com\/product-category\/interior\/truck-tables\/volvo-tables\/center-table-volvo-fm-fmx-2013\/#breadcrumb\"},\"inLanguage\":\"nb-NO\",\"potentialAction\":[{\"@type\":\"ReadAction\",\"target\":[\"https:\/\/rst-steel.com\/product-category\/interior\/truck-tables\/volvo-tables\/center-table-volvo-fm-fmx-2013\/\"]}]},{\"@type\":\"ImageObject\",\"inLanguage\":\"nb-NO\",\"@id\":\"https:\/\/rst-steel.com\/product-category\/interior\/truck-tables\/volvo-tables\/center-table-volvo-fm-fmx-2013\/#primaryimage\",\"url\":\"https:\/\/rst-steel.com\/wp-content\/uploads\/2026\/03\/6f0e270d202ced965122938e83ab98e15c0c3fbd_53b4fbb167763e857a8caa3e8b067974.jpg\",\"contentUrl\":\"https:\/\/rst-steel.com\/wp-content\/uploads\/2026\/03\/6f0e270d202ced965122938e83ab98e15c0c3fbd_53b4fbb167763e857a8caa3e8b067974.jpg\",\"width\":1280,\"height\":787,\"caption\":\"prm_65362\"},{\"@type\":\"BreadcrumbList\",\"@id\":\"https:\/\/rst-steel.com\/product-category\/interior\/truck-tables\/volvo-tables\/center-table-volvo-fm-fmx-2013\/#breadcrumb\",\"itemListElement\":[{\"@type\":\"ListItem\",\"position\":1,\"name\":\"Home\",\"item\":\"https:\/\/rst-steel.com\/\"},{\"@type\":\"ListItem\",\"position\":2,\"name\":\"RST-Steel Verkkokauppa\",\"item\":\"https:\/\/rst-steel.com\/shop\/\"},{\"@type\":\"ListItem\",\"position\":3,\"name\":\"Center table Volvo FM \/ FMX 2013-\"}]},{\"@type\":\"WebSite\",\"@id\":\"https:\/\/rst-steel.com\/#website\",\"url\":\"https:\/\/rst-steel.com\/\",\"name\":\"RST-Steel Oy - Turvallista, tyylik\u00e4st\u00e4, ter\u00e4st\u00e4\",\"description\":\"Finnish quality for discerning drivers\",\"publisher\":{\"@id\":\"https:\/\/rst-steel.com\/#organization\"},\"potentialAction\":[{\"@type\":\"SearchAction\",\"target\":{\"@type\":\"EntryPoint\",\"urlTemplate\":\"https:\/\/rst-steel.com\/?s={search_term_string}\"},\"query-input\":{\"@type\":\"PropertyValueSpecification\",\"valueRequired\":true,\"valueName\":\"search_term_string\"}}],\"inLanguage\":\"nb-NO\"},{\"@type\":\"Organization\",\"@id\":\"https:\/\/rst-steel.com\/#organization\",\"name\":\"RST-Steel Oy\",\"alternateName\":\"RST-Steel Oy - Turvallista, tyylik\u00e4st\u00e4, ter\u00e4st\u00e4\",\"url\":\"https:\/\/rst-steel.com\/\",\"logo\":{\"@type\":\"ImageObject\",\"inLanguage\":\"nb-NO\",\"@id\":\"https:\/\/rst-steel.com\/#\/schema\/logo\/image\/\",\"url\":\"https:\/\/rst-steel.com\/wp-content\/uploads\/2025\/02\/cropped-rst-valkoinen-ilman-taustaa-02.png\",\"contentUrl\":\"https:\/\/rst-steel.com\/wp-content\/uploads\/2025\/02\/cropped-rst-valkoinen-ilman-taustaa-02.png\",\"width\":2319,\"height\":690,\"caption\":\"RST-Steel Oy\"},\"image\":{\"@id\":\"https:\/\/rst-steel.com\/#\/schema\/logo\/image\/\"}}]}<\/script>\n<!-- \/ Yoast SEO plugin. -->","yoast_head_json":{"title":"Center table Volvo FM \/ FMX 2013- RST-Steel","description":"Center table for Volvo FM \/ FMX (2013\u2013). Stylish and practical accessory for added comfort and storage in your truck's cabin. Easy to install and durable.","robots":{"index":"index","follow":"follow","max-snippet":"max-snippet:-1","max-image-preview":"max-image-preview:large","max-video-preview":"max-video-preview:-1"},"canonical":"https:\/\/rst-steel.com\/nb\/produktkategori\/interior\/truck-tables\/volvo-tables\/center-table-volvo-fm-fmx-2013\/","og_locale":"nb_NO","og_type":"article","og_title":"Center table Volvo FM \/ FMX 2013- RST-Steel","og_description":"Center table for Volvo FM \/ FMX (2013\u2013). Stylish and practical accessory for added comfort and storage in your truck's cabin. Easy to install and durable.","og_url":"https:\/\/rst-steel.com\/nb\/produktkategori\/interior\/truck-tables\/volvo-tables\/center-table-volvo-fm-fmx-2013\/","og_site_name":"RST-Steel","article_modified_time":"2026-04-17T05:59:40+00:00","og_image":[{"width":1280,"height":787,"url":"https:\/\/rst-steel.com\/wp-content\/uploads\/2026\/03\/6f0e270d202ced965122938e83ab98e15c0c3fbd_53b4fbb167763e857a8caa3e8b067974.jpg","type":"image\/jpeg"}],"twitter_card":"summary_large_image","twitter_misc":{"Ansl. lesetid":"1 minutt"},"schema":{"@context":"https:\/\/schema.org","@graph":[{"@type":"WebPage","@id":"https:\/\/rst-steel.com\/product-category\/interior\/truck-tables\/volvo-tables\/center-table-volvo-fm-fmx-2013\/","url":"https:\/\/rst-steel.com\/product-category\/interior\/truck-tables\/volvo-tables\/center-table-volvo-fm-fmx-2013\/","name":"Center table Volvo FM \/ FMX 2013- RST-Steel","isPartOf":{"@id":"https:\/\/rst-steel.com\/#website"},"primaryImageOfPage":{"@id":"https:\/\/rst-steel.com\/product-category\/interior\/truck-tables\/volvo-tables\/center-table-volvo-fm-fmx-2013\/#primaryimage"},"image":{"@id":"https:\/\/rst-steel.com\/product-category\/interior\/truck-tables\/volvo-tables\/center-table-volvo-fm-fmx-2013\/#primaryimage"},"thumbnailUrl":"https:\/\/rst-steel.com\/wp-content\/uploads\/2026\/03\/6f0e270d202ced965122938e83ab98e15c0c3fbd_53b4fbb167763e857a8caa3e8b067974.jpg","datePublished":"2026-03-20T07:55:11+00:00","dateModified":"2026-04-17T05:59:40+00:00","description":"Center table for Volvo FM \/ FMX (2013\u2013). Stylish and practical accessory for added comfort and storage in your truck's cabin. Easy to install and durable.","breadcrumb":{"@id":"https:\/\/rst-steel.com\/product-category\/interior\/truck-tables\/volvo-tables\/center-table-volvo-fm-fmx-2013\/#breadcrumb"},"inLanguage":"nb-NO","potentialAction":[{"@type":"ReadAction","target":["https:\/\/rst-steel.com\/product-category\/interior\/truck-tables\/volvo-tables\/center-table-volvo-fm-fmx-2013\/"]}]},{"@type":"ImageObject","inLanguage":"nb-NO","@id":"https:\/\/rst-steel.com\/product-category\/interior\/truck-tables\/volvo-tables\/center-table-volvo-fm-fmx-2013\/#primaryimage","url":"https:\/\/rst-steel.com\/wp-content\/uploads\/2026\/03\/6f0e270d202ced965122938e83ab98e15c0c3fbd_53b4fbb167763e857a8caa3e8b067974.jpg","contentUrl":"https:\/\/rst-steel.com\/wp-content\/uploads\/2026\/03\/6f0e270d202ced965122938e83ab98e15c0c3fbd_53b4fbb167763e857a8caa3e8b067974.jpg","width":1280,"height":787,"caption":"prm_65362"},{"@type":"BreadcrumbList","@id":"https:\/\/rst-steel.com\/product-category\/interior\/truck-tables\/volvo-tables\/center-table-volvo-fm-fmx-2013\/#breadcrumb","itemListElement":[{"@type":"ListItem","position":1,"name":"Home","item":"https:\/\/rst-steel.com\/"},{"@type":"ListItem","position":2,"name":"RST-Steel Verkkokauppa","item":"https:\/\/rst-steel.com\/shop\/"},{"@type":"ListItem","position":3,"name":"Center table Volvo FM \/ FMX 2013-"}]},{"@type":"WebSite","@id":"https:\/\/rst-steel.com\/#website","url":"https:\/\/rst-steel.com\/","name":"RST-Steel Oy - Turvallista, tyylik\u00e4st\u00e4, ter\u00e4st\u00e4","description":"Finsk kvalitet for kvalitetsbevisste sj\u00e5f\u00f8rer","publisher":{"@id":"https:\/\/rst-steel.com\/#organization"},"potentialAction":[{"@type":"SearchAction","target":{"@type":"EntryPoint","urlTemplate":"https:\/\/rst-steel.com\/?s={search_term_string}"},"query-input":{"@type":"PropertyValueSpecification","valueRequired":true,"valueName":"search_term_string"}}],"inLanguage":"nb-NO"},{"@type":"Organization","@id":"https:\/\/rst-steel.com\/#organization","name":"RST-Steel Oy","alternateName":"RST-Steel Oy - Turvallista, tyylik\u00e4st\u00e4, ter\u00e4st\u00e4","url":"https:\/\/rst-steel.com\/","logo":{"@type":"ImageObject","inLanguage":"nb-NO","@id":"https:\/\/rst-steel.com\/#\/schema\/logo\/image\/","url":"https:\/\/rst-steel.com\/wp-content\/uploads\/2025\/02\/cropped-rst-valkoinen-ilman-taustaa-02.png","contentUrl":"https:\/\/rst-steel.com\/wp-content\/uploads\/2025\/02\/cropped-rst-valkoinen-ilman-taustaa-02.png","width":2319,"height":690,"caption":"RST-Steel Oy"},"image":{"@id":"https:\/\/rst-steel.com\/#\/schema\/logo\/image\/"}}]}},"_links":{"self":[{"href":"https:\/\/rst-steel.com\/nb\/wp-json\/wp\/v2\/product\/190765","targetHints":{"allow":["GET"]}}],"collection":[{"href":"https:\/\/rst-steel.com\/nb\/wp-json\/wp\/v2\/product"}],"about":[{"href":"https:\/\/rst-steel.com\/nb\/wp-json\/wp\/v2\/types\/product"}],"version-history":[{"count":1,"href":"https:\/\/rst-steel.com\/nb\/wp-json\/wp\/v2\/product\/190765\/revisions"}],"predecessor-version":[{"id":199076,"href":"https:\/\/rst-steel.com\/nb\/wp-json\/wp\/v2\/product\/190765\/revisions\/199076"}],"wp:featuredmedia":[{"embeddable":true,"href":"https:\/\/rst-steel.com\/nb\/wp-json\/wp\/v2\/media\/190763"}],"wp:attachment":[{"href":"https:\/\/rst-steel.com\/nb\/wp-json\/wp\/v2\/media?parent=190765"}],"wp:term":[{"taxonomy":"make_year","embeddable":true,"href":"https:\/\/rst-steel.com\/nb\/wp-json\/wp\/v2\/make_year?post=190765"},{"taxonomy":"make_brand","embeddable":true,"href":"https:\/\/rst-steel.com\/nb\/wp-json\/wp\/v2\/make_brand?post=190765"},{"taxonomy":"make_model","embeddable":true,"href":"https:\/\/rst-steel.com\/nb\/wp-json\/wp\/v2\/make_model?post=190765"},{"taxonomy":"make_fuel_type","embeddable":true,"href":"https:\/\/rst-steel.com\/nb\/wp-json\/wp\/v2\/make_fuel_type?post=190765"},{"taxonomy":"product_brand","embeddable":true,"href":"https:\/\/rst-steel.com\/nb\/wp-json\/wp\/v2\/product_brand?post=190765"},{"taxonomy":"product_cat","embeddable":true,"href":"https:\/\/rst-steel.com\/nb\/wp-json\/wp\/v2\/product_cat?post=190765"},{"taxonomy":"product_tag","embeddable":true,"href":"https:\/\/rst-steel.com\/nb\/wp-json\/wp\/v2\/product_tag?post=190765"}],"curies":[{"name":"wp","href":"https:\/\/api.w.org\/{rel}","templated":true}]}}