{"id":190822,"date":"2026-03-20T09:55:53","date_gmt":"2026-03-20T07:55:53","guid":{"rendered":"https:\/\/rst-steel.com\/tuote-osasto\/Ei-luokiteltu\/leather-floor-mat-scania-nextgen-s-series-2017-automatic-transmission-flat-floor-suspension-passenger-seat\/"},"modified":"2026-04-15T09:10:44","modified_gmt":"2026-04-15T06:10:44","slug":"leather-floor-mat-scania-nextgen-s-series-2017-automatic-transmission-flat-floor-suspension-passenger-seat","status":"publish","type":"product","link":"https:\/\/rst-steel.com\/nb\/produktkategori\/interior\/truck-floormats\/scania-floormats\/leather-floor-mat-scania-nextgen-s-series-2017-automatic-transmission-flat-floor-suspension-passenger-seat\/","title":{"rendered":"Leather Floor Mat Scania NextGen S-Series 2017- Automatic transmission \/ flat floor \/ Suspension passenger seat"},"content":{"rendered":"<p>Leather Floor Mat Scania NextGen S-Series 2017- Automatic transmission \/&nbsp;flat floor \/&nbsp;Suspension passenger seat<\/p>\n<p><\/p>\n<div>\n<p style=\"margin: 0cm 0cm 7.5pt;background-image: initial;background-position: initial;background-size: initial;background-repeat: initial;background-attachment: initial\"><span lang=\"EN-US\" style=\"font-size: 10pt;font-family: Lato, sans-serif\">Easy to install, covers the entire cabin floor. Durable Eco-leather as surface material.<\/span><\/p>\n<p style=\"margin: 0cm 0cm 7.5pt;background-image: initial;background-position: initial;background-size: initial;background-repeat: initial;background-attachment: initial\"><span lang=\"EN-US\" style=\"font-size: 10pt;font-family: Lato, sans-serif\">&nbsp;<\/span><\/p>\n<p style=\"margin: 0cm 0cm 7.5pt;background-image: initial;background-position: initial;background-size: initial;background-repeat: initial;background-attachment: initial\"><span lang=\"EN-US\" style=\"font-size: 10pt;font-family: Lato, sans-serif\">Stays in place and easy to clean. Gives a stylish look to the car, protects from the cold<\/span><\/p>\n<p style=\"margin: 0cm 0cm 7.5pt;background-image: initial;background-position: initial;background-size: initial;background-repeat: initial;background-attachment: initial\"><span lang=\"EN-US\" style=\"font-size: 10pt;font-family: Lato, sans-serif\">&nbsp;<\/span><\/p>\n<p style=\"margin: 0cm 0cm 7.5pt;background-image: initial;background-position: initial;background-size: initial;background-repeat: initial;background-attachment: initial\"><span lang=\"EN-US\" style=\"font-size: 10pt;font-family: Lato, sans-serif\">Also isolates the sounds of the engine and the chassis.<\/span><\/p>\n<\/div>","protected":false},"excerpt":{"rendered":"<p>Leather Floor Mat Scania NextGen S-Series 2017- Automatic transmission \/&nbsp;flat floor \/&nbsp;Suspension passenger seat Easy to install, covers the entire&#8230;<\/p>","protected":false},"featured_media":190817,"template":"","meta":[],"make_year":[10907],"make_brand":[10935],"make_model":[10995],"make_fuel_type":[],"product_brand":[],"product_cat":[10679,10699,10696],"product_tag":[],"class_list":{"0":"post-190822","1":"product","2":"type-product","3":"status-publish","4":"has-post-thumbnail","6":"make_year-trucks","7":"make_brand-scania","8":"make_model-nextgen-s-2017","9":"make_engine-scng-makuuohjaamo-highline-cs20h","10":"make_engine-scng-makuuohjaamo-normaali-cs20n","11":"product_cat-interior","12":"product_cat-scania-floormats","13":"product_cat-truck-floormats","15":"first","16":"instock","17":"taxable","18":"shipping-taxable","19":"purchasable","20":"product-type-variable"},"yoast_head":"<!-- This site is optimized with the Yoast SEO plugin v27.1.1 - https:\/\/yoast.com\/product\/yoast-seo-wordpress\/ -->\n<title>Leather Floor Mat Scania NextGen S-Series 2017- Automatic transmission \/ flat floor \/ Suspension passenger seat - RST-Steel<\/title>\n<meta name=\"description\" content=\"Leather floor mat for Scania NextGen S-series (2017+), automatic, flat floor, with suspension passenger seat. Durable and custom-fit for optimal protection.\" \/>\n<meta name=\"robots\" content=\"index, follow, max-snippet:-1, max-image-preview:large, max-video-preview:-1\" \/>\n<link rel=\"canonical\" href=\"https:\/\/rst-steel.com\/nb\/produktkategori\/interior\/truck-floormats\/scania-floormats\/leather-floor-mat-scania-nextgen-s-series-2017-automatic-transmission-flat-floor-suspension-passenger-seat\/\" \/>\n<meta property=\"og:locale\" content=\"nb_NO\" \/>\n<meta property=\"og:type\" content=\"article\" \/>\n<meta property=\"og:title\" content=\"Leather Floor Mat Scania NextGen S-Series 2017- Automatic transmission \/ flat floor \/ Suspension passenger seat - RST-Steel\" \/>\n<meta property=\"og:description\" content=\"Leather floor mat for Scania NextGen S-series (2017+), automatic, flat floor, with suspension passenger seat. Durable and custom-fit for optimal protection.\" \/>\n<meta property=\"og:url\" content=\"https:\/\/rst-steel.com\/nb\/produktkategori\/interior\/truck-floormats\/scania-floormats\/leather-floor-mat-scania-nextgen-s-series-2017-automatic-transmission-flat-floor-suspension-passenger-seat\/\" \/>\n<meta property=\"og:site_name\" content=\"RST-Steel\" \/>\n<meta property=\"article:modified_time\" content=\"2026-04-15T06:10:44+00:00\" \/>\n<meta property=\"og:image\" content=\"https:\/\/rst-steel.com\/wp-content\/uploads\/2026\/03\/46a672ed8440e22f61b89007fc487aa2b08cb41b_6bcab6e3f271c01d3d08215084158bd9.jpg\" \/>\n\t<meta property=\"og:image:width\" content=\"1000\" \/>\n\t<meta property=\"og:image:height\" content=\"667\" \/>\n\t<meta property=\"og:image:type\" content=\"image\/jpeg\" \/>\n<meta name=\"twitter:card\" content=\"summary_large_image\" \/>\n<meta name=\"twitter:label1\" content=\"Ansl. lesetid\" \/>\n\t<meta name=\"twitter:data1\" content=\"1 minutt\" \/>\n<script type=\"application\/ld+json\" class=\"yoast-schema-graph\">{\"@context\":\"https:\/\/schema.org\",\"@graph\":[{\"@type\":\"WebPage\",\"@id\":\"https:\/\/rst-steel.com\/product-category\/interior\/truck-floormats\/scania-floormats\/leather-floor-mat-scania-nextgen-s-series-2017-automatic-transmission-flat-floor-suspension-passenger-seat\/\",\"url\":\"https:\/\/rst-steel.com\/product-category\/interior\/truck-floormats\/scania-floormats\/leather-floor-mat-scania-nextgen-s-series-2017-automatic-transmission-flat-floor-suspension-passenger-seat\/\",\"name\":\"Leather Floor Mat Scania NextGen S-Series 2017- Automatic transmission \/ flat floor \/ Suspension passenger seat - RST-Steel\",\"isPartOf\":{\"@id\":\"https:\/\/rst-steel.com\/#website\"},\"primaryImageOfPage\":{\"@id\":\"https:\/\/rst-steel.com\/product-category\/interior\/truck-floormats\/scania-floormats\/leather-floor-mat-scania-nextgen-s-series-2017-automatic-transmission-flat-floor-suspension-passenger-seat\/#primaryimage\"},\"image\":{\"@id\":\"https:\/\/rst-steel.com\/product-category\/interior\/truck-floormats\/scania-floormats\/leather-floor-mat-scania-nextgen-s-series-2017-automatic-transmission-flat-floor-suspension-passenger-seat\/#primaryimage\"},\"thumbnailUrl\":\"https:\/\/rst-steel.com\/wp-content\/uploads\/2026\/03\/46a672ed8440e22f61b89007fc487aa2b08cb41b_6bcab6e3f271c01d3d08215084158bd9.jpg\",\"datePublished\":\"2026-03-20T07:55:53+00:00\",\"dateModified\":\"2026-04-15T06:10:44+00:00\",\"description\":\"Leather floor mat for Scania NextGen S-series (2017+), automatic, flat floor, with suspension passenger seat. Durable and custom-fit for optimal protection.\",\"breadcrumb\":{\"@id\":\"https:\/\/rst-steel.com\/product-category\/interior\/truck-floormats\/scania-floormats\/leather-floor-mat-scania-nextgen-s-series-2017-automatic-transmission-flat-floor-suspension-passenger-seat\/#breadcrumb\"},\"inLanguage\":\"nb-NO\",\"potentialAction\":[{\"@type\":\"ReadAction\",\"target\":[\"https:\/\/rst-steel.com\/product-category\/interior\/truck-floormats\/scania-floormats\/leather-floor-mat-scania-nextgen-s-series-2017-automatic-transmission-flat-floor-suspension-passenger-seat\/\"]}]},{\"@type\":\"ImageObject\",\"inLanguage\":\"nb-NO\",\"@id\":\"https:\/\/rst-steel.com\/product-category\/interior\/truck-floormats\/scania-floormats\/leather-floor-mat-scania-nextgen-s-series-2017-automatic-transmission-flat-floor-suspension-passenger-seat\/#primaryimage\",\"url\":\"https:\/\/rst-steel.com\/wp-content\/uploads\/2026\/03\/46a672ed8440e22f61b89007fc487aa2b08cb41b_6bcab6e3f271c01d3d08215084158bd9.jpg\",\"contentUrl\":\"https:\/\/rst-steel.com\/wp-content\/uploads\/2026\/03\/46a672ed8440e22f61b89007fc487aa2b08cb41b_6bcab6e3f271c01d3d08215084158bd9.jpg\",\"width\":1000,\"height\":667,\"caption\":\"prm_65377\"},{\"@type\":\"BreadcrumbList\",\"@id\":\"https:\/\/rst-steel.com\/product-category\/interior\/truck-floormats\/scania-floormats\/leather-floor-mat-scania-nextgen-s-series-2017-automatic-transmission-flat-floor-suspension-passenger-seat\/#breadcrumb\",\"itemListElement\":[{\"@type\":\"ListItem\",\"position\":1,\"name\":\"Home\",\"item\":\"https:\/\/rst-steel.com\/\"},{\"@type\":\"ListItem\",\"position\":2,\"name\":\"RST-Steel Verkkokauppa\",\"item\":\"https:\/\/rst-steel.com\/shop\/\"},{\"@type\":\"ListItem\",\"position\":3,\"name\":\"Leather Floor Mat Scania NextGen S-Series 2017- Automatic transmission \/ flat floor \/ Suspension passenger seat\"}]},{\"@type\":\"WebSite\",\"@id\":\"https:\/\/rst-steel.com\/#website\",\"url\":\"https:\/\/rst-steel.com\/\",\"name\":\"RST-Steel Oy - Turvallista, tyylik\u00e4st\u00e4, ter\u00e4st\u00e4\",\"description\":\"Finnish quality for discerning drivers\",\"publisher\":{\"@id\":\"https:\/\/rst-steel.com\/#organization\"},\"potentialAction\":[{\"@type\":\"SearchAction\",\"target\":{\"@type\":\"EntryPoint\",\"urlTemplate\":\"https:\/\/rst-steel.com\/?s={search_term_string}\"},\"query-input\":{\"@type\":\"PropertyValueSpecification\",\"valueRequired\":true,\"valueName\":\"search_term_string\"}}],\"inLanguage\":\"nb-NO\"},{\"@type\":\"Organization\",\"@id\":\"https:\/\/rst-steel.com\/#organization\",\"name\":\"RST-Steel Oy\",\"alternateName\":\"RST-Steel Oy - Turvallista, tyylik\u00e4st\u00e4, ter\u00e4st\u00e4\",\"url\":\"https:\/\/rst-steel.com\/\",\"logo\":{\"@type\":\"ImageObject\",\"inLanguage\":\"nb-NO\",\"@id\":\"https:\/\/rst-steel.com\/#\/schema\/logo\/image\/\",\"url\":\"https:\/\/rst-steel.com\/wp-content\/uploads\/2025\/02\/cropped-rst-valkoinen-ilman-taustaa-02.png\",\"contentUrl\":\"https:\/\/rst-steel.com\/wp-content\/uploads\/2025\/02\/cropped-rst-valkoinen-ilman-taustaa-02.png\",\"width\":2319,\"height\":690,\"caption\":\"RST-Steel Oy\"},\"image\":{\"@id\":\"https:\/\/rst-steel.com\/#\/schema\/logo\/image\/\"}}]}<\/script>\n<!-- \/ Yoast SEO plugin. -->","yoast_head_json":{"title":"Leather Floor Mat Scania NextGen S-Series 2017- Automatic transmission \/ flat floor \/ Suspension passenger seat - RST-Steel","description":"Leather floor mat for Scania NextGen S-series (2017+), automatic, flat floor, with suspension passenger seat. Durable and custom-fit for optimal protection.","robots":{"index":"index","follow":"follow","max-snippet":"max-snippet:-1","max-image-preview":"max-image-preview:large","max-video-preview":"max-video-preview:-1"},"canonical":"https:\/\/rst-steel.com\/nb\/produktkategori\/interior\/truck-floormats\/scania-floormats\/leather-floor-mat-scania-nextgen-s-series-2017-automatic-transmission-flat-floor-suspension-passenger-seat\/","og_locale":"nb_NO","og_type":"article","og_title":"Leather Floor Mat Scania NextGen S-Series 2017- Automatic transmission \/ flat floor \/ Suspension passenger seat - RST-Steel","og_description":"Leather floor mat for Scania NextGen S-series (2017+), automatic, flat floor, with suspension passenger seat. Durable and custom-fit for optimal protection.","og_url":"https:\/\/rst-steel.com\/nb\/produktkategori\/interior\/truck-floormats\/scania-floormats\/leather-floor-mat-scania-nextgen-s-series-2017-automatic-transmission-flat-floor-suspension-passenger-seat\/","og_site_name":"RST-Steel","article_modified_time":"2026-04-15T06:10:44+00:00","og_image":[{"width":1000,"height":667,"url":"https:\/\/rst-steel.com\/wp-content\/uploads\/2026\/03\/46a672ed8440e22f61b89007fc487aa2b08cb41b_6bcab6e3f271c01d3d08215084158bd9.jpg","type":"image\/jpeg"}],"twitter_card":"summary_large_image","twitter_misc":{"Ansl. lesetid":"1 minutt"},"schema":{"@context":"https:\/\/schema.org","@graph":[{"@type":"WebPage","@id":"https:\/\/rst-steel.com\/product-category\/interior\/truck-floormats\/scania-floormats\/leather-floor-mat-scania-nextgen-s-series-2017-automatic-transmission-flat-floor-suspension-passenger-seat\/","url":"https:\/\/rst-steel.com\/product-category\/interior\/truck-floormats\/scania-floormats\/leather-floor-mat-scania-nextgen-s-series-2017-automatic-transmission-flat-floor-suspension-passenger-seat\/","name":"Leather Floor Mat Scania NextGen S-Series 2017- Automatic transmission \/ flat floor \/ Suspension passenger seat - RST-Steel","isPartOf":{"@id":"https:\/\/rst-steel.com\/#website"},"primaryImageOfPage":{"@id":"https:\/\/rst-steel.com\/product-category\/interior\/truck-floormats\/scania-floormats\/leather-floor-mat-scania-nextgen-s-series-2017-automatic-transmission-flat-floor-suspension-passenger-seat\/#primaryimage"},"image":{"@id":"https:\/\/rst-steel.com\/product-category\/interior\/truck-floormats\/scania-floormats\/leather-floor-mat-scania-nextgen-s-series-2017-automatic-transmission-flat-floor-suspension-passenger-seat\/#primaryimage"},"thumbnailUrl":"https:\/\/rst-steel.com\/wp-content\/uploads\/2026\/03\/46a672ed8440e22f61b89007fc487aa2b08cb41b_6bcab6e3f271c01d3d08215084158bd9.jpg","datePublished":"2026-03-20T07:55:53+00:00","dateModified":"2026-04-15T06:10:44+00:00","description":"Leather floor mat for Scania NextGen S-series (2017+), automatic, flat floor, with suspension passenger seat. Durable and custom-fit for optimal protection.","breadcrumb":{"@id":"https:\/\/rst-steel.com\/product-category\/interior\/truck-floormats\/scania-floormats\/leather-floor-mat-scania-nextgen-s-series-2017-automatic-transmission-flat-floor-suspension-passenger-seat\/#breadcrumb"},"inLanguage":"nb-NO","potentialAction":[{"@type":"ReadAction","target":["https:\/\/rst-steel.com\/product-category\/interior\/truck-floormats\/scania-floormats\/leather-floor-mat-scania-nextgen-s-series-2017-automatic-transmission-flat-floor-suspension-passenger-seat\/"]}]},{"@type":"ImageObject","inLanguage":"nb-NO","@id":"https:\/\/rst-steel.com\/product-category\/interior\/truck-floormats\/scania-floormats\/leather-floor-mat-scania-nextgen-s-series-2017-automatic-transmission-flat-floor-suspension-passenger-seat\/#primaryimage","url":"https:\/\/rst-steel.com\/wp-content\/uploads\/2026\/03\/46a672ed8440e22f61b89007fc487aa2b08cb41b_6bcab6e3f271c01d3d08215084158bd9.jpg","contentUrl":"https:\/\/rst-steel.com\/wp-content\/uploads\/2026\/03\/46a672ed8440e22f61b89007fc487aa2b08cb41b_6bcab6e3f271c01d3d08215084158bd9.jpg","width":1000,"height":667,"caption":"prm_65377"},{"@type":"BreadcrumbList","@id":"https:\/\/rst-steel.com\/product-category\/interior\/truck-floormats\/scania-floormats\/leather-floor-mat-scania-nextgen-s-series-2017-automatic-transmission-flat-floor-suspension-passenger-seat\/#breadcrumb","itemListElement":[{"@type":"ListItem","position":1,"name":"Home","item":"https:\/\/rst-steel.com\/"},{"@type":"ListItem","position":2,"name":"RST-Steel Verkkokauppa","item":"https:\/\/rst-steel.com\/shop\/"},{"@type":"ListItem","position":3,"name":"Leather Floor Mat Scania NextGen S-Series 2017- Automatic transmission \/ flat floor \/ Suspension passenger seat"}]},{"@type":"WebSite","@id":"https:\/\/rst-steel.com\/#website","url":"https:\/\/rst-steel.com\/","name":"RST-Steel Oy - Turvallista, tyylik\u00e4st\u00e4, ter\u00e4st\u00e4","description":"Finsk kvalitet for kvalitetsbevisste sj\u00e5f\u00f8rer","publisher":{"@id":"https:\/\/rst-steel.com\/#organization"},"potentialAction":[{"@type":"SearchAction","target":{"@type":"EntryPoint","urlTemplate":"https:\/\/rst-steel.com\/?s={search_term_string}"},"query-input":{"@type":"PropertyValueSpecification","valueRequired":true,"valueName":"search_term_string"}}],"inLanguage":"nb-NO"},{"@type":"Organization","@id":"https:\/\/rst-steel.com\/#organization","name":"Administrer alternativer","alternateName":"RST-Steel Oy - Turvallista, tyylik\u00e4st\u00e4, ter\u00e4st\u00e4","url":"https:\/\/rst-steel.com\/","logo":{"@type":"ImageObject","inLanguage":"nb-NO","@id":"https:\/\/rst-steel.com\/#\/schema\/logo\/image\/","url":"https:\/\/rst-steel.com\/wp-content\/uploads\/2025\/02\/cropped-rst-valkoinen-ilman-taustaa-02.png","contentUrl":"https:\/\/rst-steel.com\/wp-content\/uploads\/2025\/02\/cropped-rst-valkoinen-ilman-taustaa-02.png","width":2319,"height":690,"caption":"RST-Steel Oy"},"image":{"@id":"https:\/\/rst-steel.com\/#\/schema\/logo\/image\/"}}]}},"_links":{"self":[{"href":"https:\/\/rst-steel.com\/nb\/wp-json\/wp\/v2\/product\/190822","targetHints":{"allow":["GET"]}}],"collection":[{"href":"https:\/\/rst-steel.com\/nb\/wp-json\/wp\/v2\/product"}],"about":[{"href":"https:\/\/rst-steel.com\/nb\/wp-json\/wp\/v2\/types\/product"}],"version-history":[{"count":1,"href":"https:\/\/rst-steel.com\/nb\/wp-json\/wp\/v2\/product\/190822\/revisions"}],"predecessor-version":[{"id":199071,"href":"https:\/\/rst-steel.com\/nb\/wp-json\/wp\/v2\/product\/190822\/revisions\/199071"}],"wp:featuredmedia":[{"embeddable":true,"href":"https:\/\/rst-steel.com\/nb\/wp-json\/wp\/v2\/media\/190817"}],"wp:attachment":[{"href":"https:\/\/rst-steel.com\/nb\/wp-json\/wp\/v2\/media?parent=190822"}],"wp:term":[{"taxonomy":"make_year","embeddable":true,"href":"https:\/\/rst-steel.com\/nb\/wp-json\/wp\/v2\/make_year?post=190822"},{"taxonomy":"make_brand","embeddable":true,"href":"https:\/\/rst-steel.com\/nb\/wp-json\/wp\/v2\/make_brand?post=190822"},{"taxonomy":"make_model","embeddable":true,"href":"https:\/\/rst-steel.com\/nb\/wp-json\/wp\/v2\/make_model?post=190822"},{"taxonomy":"make_fuel_type","embeddable":true,"href":"https:\/\/rst-steel.com\/nb\/wp-json\/wp\/v2\/make_fuel_type?post=190822"},{"taxonomy":"product_brand","embeddable":true,"href":"https:\/\/rst-steel.com\/nb\/wp-json\/wp\/v2\/product_brand?post=190822"},{"taxonomy":"product_cat","embeddable":true,"href":"https:\/\/rst-steel.com\/nb\/wp-json\/wp\/v2\/product_cat?post=190822"},{"taxonomy":"product_tag","embeddable":true,"href":"https:\/\/rst-steel.com\/nb\/wp-json\/wp\/v2\/product_tag?post=190822"}],"curies":[{"name":"wp","href":"https:\/\/api.w.org\/{rel}","templated":true}]}}