{"id":190915,"date":"2026-03-20T09:57:07","date_gmt":"2026-03-20T07:57:07","guid":{"rendered":"https:\/\/rst-steel.com\/tuote-osasto\/Ei-luokiteltu\/roof-bar-caterpillar-306-310-nextgen-2020\/"},"modified":"2026-04-27T10:58:12","modified_gmt":"2026-04-27T07:58:12","slug":"roof-bar-caterpillar-306-310-nextgen-2020","status":"publish","type":"product","link":"https:\/\/rst-steel.com\/nb\/produktkategori\/light-bars\/roof-bars-for-excavators\/caterpillar-roof-bars\/roof-bar-caterpillar-306-310-nextgen-2020\/","title":{"rendered":"Roof Bar Caterpillar 306-310 NextGen 2020-"},"content":{"rendered":"<p>Roof Bar Caterpillar 306-310 2020-<\/p>\n<p>RST-Steel\u2019s roof bars are high-quality products made of stainless steel. The roof bars can be equipped with auxiliary lights and position lights, which improve your visibility in traffic, and at the same time increase safety for yourself and others in traffic.<\/p>\n<p><span style=\"font-weight: bold;\">Technical information:<\/span><\/p>\n<ul>\n<li>Color: Polished stainless steel<\/li>\n<li>Pipes diameter: 76 mm<\/li>\n<\/ul>\n<p><span style=\"font-weight: bold;\">Delivery contents:<\/span><\/p>\n<ul>\n<li>Roof bar<\/li>\n<li>Fasteners required for installation<\/li>\n<li>Installation instructions<\/li>\n<\/ul>","protected":false},"excerpt":{"rendered":"<p>Roof Bar Caterpillar 306-310 2020- RST-Steel\u2019s roof bars are high-quality products made of stainless steel. The roof bars can be&#8230;<\/p>","protected":false},"featured_media":190911,"template":"","meta":[],"make_year":[10909],"make_brand":[10911],"make_model":[10966],"make_fuel_type":[],"product_brand":[9443],"product_cat":[10552,10508,10550],"product_tag":[],"class_list":{"0":"post-190915","1":"product","2":"type-product","3":"status-publish","4":"has-post-thumbnail","6":"make_year-workmachines","7":"make_brand-caterpillar","8":"make_model-caterpillar-excavators","9":"product_brand-brand_rststeel","10":"product_cat-caterpillar-roof-bars","11":"product_cat-light-bars","12":"product_cat-roof-bars-for-excavators","13":"product_shipping_class-lightbars","15":"first","16":"instock","17":"taxable","18":"shipping-taxable","19":"purchasable","20":"product-type-variable"},"yoast_head":"<!-- This site is optimized with the Yoast SEO plugin v27.1.1 - https:\/\/yoast.com\/product\/yoast-seo-wordpress\/ -->\n<title>Roof Bar Caterpillar 306-310 NextGen 2020- RST-Steel<\/title>\n<meta name=\"description\" content=\"Roof Bar Caterpillar 306-310 2020-models. RST-Steel\u2019s roof bars are high-quality products made of stainless steel. Several model options available!\" \/>\n<meta name=\"robots\" content=\"index, follow, max-snippet:-1, max-image-preview:large, max-video-preview:-1\" \/>\n<link rel=\"canonical\" href=\"https:\/\/rst-steel.com\/nb\/produktkategori\/light-bars\/roof-bars-for-excavators\/caterpillar-roof-bars\/roof-bar-caterpillar-306-310-nextgen-2020\/\" \/>\n<meta property=\"og:locale\" content=\"nb_NO\" \/>\n<meta property=\"og:type\" content=\"article\" \/>\n<meta property=\"og:title\" content=\"Roof Bar Caterpillar 306-310 NextGen 2020- RST-Steel\" \/>\n<meta property=\"og:description\" content=\"Roof Bar Caterpillar 306-310 2020-models. RST-Steel\u2019s roof bars are high-quality products made of stainless steel. Several model options available!\" \/>\n<meta property=\"og:url\" content=\"https:\/\/rst-steel.com\/nb\/produktkategori\/light-bars\/roof-bars-for-excavators\/caterpillar-roof-bars\/roof-bar-caterpillar-306-310-nextgen-2020\/\" \/>\n<meta property=\"og:site_name\" content=\"RST-Steel\" \/>\n<meta property=\"article:modified_time\" content=\"2026-04-27T07:58:12+00:00\" \/>\n<meta property=\"og:image\" content=\"https:\/\/rst-steel.com\/wp-content\/uploads\/2026\/03\/9f55dce278aebd22e6f755e1e42af7f8772db30b_e0860f125a79c84eacd09c08cc017ece.png\" \/>\n\t<meta property=\"og:image:width\" content=\"1280\" \/>\n\t<meta property=\"og:image:height\" content=\"1024\" \/>\n\t<meta property=\"og:image:type\" content=\"image\/png\" \/>\n<meta name=\"twitter:card\" content=\"summary_large_image\" \/>\n<meta name=\"twitter:label1\" content=\"Ansl. lesetid\" \/>\n\t<meta name=\"twitter:data1\" content=\"1 minutt\" \/>\n<script type=\"application\/ld+json\" class=\"yoast-schema-graph\">{\"@context\":\"https:\/\/schema.org\",\"@graph\":[{\"@type\":\"WebPage\",\"@id\":\"https:\/\/rst-steel.com\/product-category\/light-bars\/roof-bars-for-excavators\/caterpillar-roof-bars\/roof-bar-caterpillar-306-310-nextgen-2020\/\",\"url\":\"https:\/\/rst-steel.com\/product-category\/light-bars\/roof-bars-for-excavators\/caterpillar-roof-bars\/roof-bar-caterpillar-306-310-nextgen-2020\/\",\"name\":\"Roof Bar Caterpillar 306-310 NextGen 2020- RST-Steel\",\"isPartOf\":{\"@id\":\"https:\/\/rst-steel.com\/#website\"},\"primaryImageOfPage\":{\"@id\":\"https:\/\/rst-steel.com\/product-category\/light-bars\/roof-bars-for-excavators\/caterpillar-roof-bars\/roof-bar-caterpillar-306-310-nextgen-2020\/#primaryimage\"},\"image\":{\"@id\":\"https:\/\/rst-steel.com\/product-category\/light-bars\/roof-bars-for-excavators\/caterpillar-roof-bars\/roof-bar-caterpillar-306-310-nextgen-2020\/#primaryimage\"},\"thumbnailUrl\":\"https:\/\/rst-steel.com\/wp-content\/uploads\/2026\/03\/9f55dce278aebd22e6f755e1e42af7f8772db30b_e0860f125a79c84eacd09c08cc017ece.png\",\"datePublished\":\"2026-03-20T07:57:07+00:00\",\"dateModified\":\"2026-04-27T07:58:12+00:00\",\"description\":\"Roof Bar Caterpillar 306-310 2020-models. RST-Steel\u2019s roof bars are high-quality products made of stainless steel. Several model options available!\",\"breadcrumb\":{\"@id\":\"https:\/\/rst-steel.com\/product-category\/light-bars\/roof-bars-for-excavators\/caterpillar-roof-bars\/roof-bar-caterpillar-306-310-nextgen-2020\/#breadcrumb\"},\"inLanguage\":\"nb-NO\",\"potentialAction\":[{\"@type\":\"ReadAction\",\"target\":[\"https:\/\/rst-steel.com\/product-category\/light-bars\/roof-bars-for-excavators\/caterpillar-roof-bars\/roof-bar-caterpillar-306-310-nextgen-2020\/\"]}]},{\"@type\":\"ImageObject\",\"inLanguage\":\"nb-NO\",\"@id\":\"https:\/\/rst-steel.com\/product-category\/light-bars\/roof-bars-for-excavators\/caterpillar-roof-bars\/roof-bar-caterpillar-306-310-nextgen-2020\/#primaryimage\",\"url\":\"https:\/\/rst-steel.com\/wp-content\/uploads\/2026\/03\/9f55dce278aebd22e6f755e1e42af7f8772db30b_e0860f125a79c84eacd09c08cc017ece.png\",\"contentUrl\":\"https:\/\/rst-steel.com\/wp-content\/uploads\/2026\/03\/9f55dce278aebd22e6f755e1e42af7f8772db30b_e0860f125a79c84eacd09c08cc017ece.png\",\"width\":1280,\"height\":1024,\"caption\":\"Roof Bar Caterpillar 306-310 NextGen 2020-\"},{\"@type\":\"BreadcrumbList\",\"@id\":\"https:\/\/rst-steel.com\/product-category\/light-bars\/roof-bars-for-excavators\/caterpillar-roof-bars\/roof-bar-caterpillar-306-310-nextgen-2020\/#breadcrumb\",\"itemListElement\":[{\"@type\":\"ListItem\",\"position\":1,\"name\":\"Home\",\"item\":\"https:\/\/rst-steel.com\/\"},{\"@type\":\"ListItem\",\"position\":2,\"name\":\"RST-Steel Verkkokauppa\",\"item\":\"https:\/\/rst-steel.com\/shop\/\"},{\"@type\":\"ListItem\",\"position\":3,\"name\":\"Roof Bar Caterpillar 306-310 NextGen 2020-\"}]},{\"@type\":\"WebSite\",\"@id\":\"https:\/\/rst-steel.com\/#website\",\"url\":\"https:\/\/rst-steel.com\/\",\"name\":\"RST-Steel Oy - Turvallista, tyylik\u00e4st\u00e4, ter\u00e4st\u00e4\",\"description\":\"Finnish quality for discerning drivers\",\"publisher\":{\"@id\":\"https:\/\/rst-steel.com\/#organization\"},\"potentialAction\":[{\"@type\":\"SearchAction\",\"target\":{\"@type\":\"EntryPoint\",\"urlTemplate\":\"https:\/\/rst-steel.com\/?s={search_term_string}\"},\"query-input\":{\"@type\":\"PropertyValueSpecification\",\"valueRequired\":true,\"valueName\":\"search_term_string\"}}],\"inLanguage\":\"nb-NO\"},{\"@type\":\"Organization\",\"@id\":\"https:\/\/rst-steel.com\/#organization\",\"name\":\"RST-Steel Oy\",\"alternateName\":\"RST-Steel Oy - Turvallista, tyylik\u00e4st\u00e4, ter\u00e4st\u00e4\",\"url\":\"https:\/\/rst-steel.com\/\",\"logo\":{\"@type\":\"ImageObject\",\"inLanguage\":\"nb-NO\",\"@id\":\"https:\/\/rst-steel.com\/#\/schema\/logo\/image\/\",\"url\":\"https:\/\/rst-steel.com\/wp-content\/uploads\/2025\/02\/cropped-rst-valkoinen-ilman-taustaa-02.png\",\"contentUrl\":\"https:\/\/rst-steel.com\/wp-content\/uploads\/2025\/02\/cropped-rst-valkoinen-ilman-taustaa-02.png\",\"width\":2319,\"height\":690,\"caption\":\"RST-Steel Oy\"},\"image\":{\"@id\":\"https:\/\/rst-steel.com\/#\/schema\/logo\/image\/\"}}]}<\/script>\n<!-- \/ Yoast SEO plugin. -->","yoast_head_json":{"title":"Roof Bar Caterpillar 306-310 NextGen 2020- RST-Steel","description":"Roof Bar Caterpillar 306-310 2020-models. RST-Steel\u2019s roof bars are high-quality products made of stainless steel. Several model options available!","robots":{"index":"index","follow":"follow","max-snippet":"max-snippet:-1","max-image-preview":"max-image-preview:large","max-video-preview":"max-video-preview:-1"},"canonical":"https:\/\/rst-steel.com\/nb\/produktkategori\/light-bars\/roof-bars-for-excavators\/caterpillar-roof-bars\/roof-bar-caterpillar-306-310-nextgen-2020\/","og_locale":"nb_NO","og_type":"article","og_title":"Roof Bar Caterpillar 306-310 NextGen 2020- RST-Steel","og_description":"Roof Bar Caterpillar 306-310 2020-models. RST-Steel\u2019s roof bars are high-quality products made of stainless steel. Several model options available!","og_url":"https:\/\/rst-steel.com\/nb\/produktkategori\/light-bars\/roof-bars-for-excavators\/caterpillar-roof-bars\/roof-bar-caterpillar-306-310-nextgen-2020\/","og_site_name":"RST-Steel","article_modified_time":"2026-04-27T07:58:12+00:00","og_image":[{"width":1280,"height":1024,"url":"https:\/\/rst-steel.com\/wp-content\/uploads\/2026\/03\/9f55dce278aebd22e6f755e1e42af7f8772db30b_e0860f125a79c84eacd09c08cc017ece.png","type":"image\/png"}],"twitter_card":"summary_large_image","twitter_misc":{"Ansl. lesetid":"1 minutt"},"schema":{"@context":"https:\/\/schema.org","@graph":[{"@type":"WebPage","@id":"https:\/\/rst-steel.com\/product-category\/light-bars\/roof-bars-for-excavators\/caterpillar-roof-bars\/roof-bar-caterpillar-306-310-nextgen-2020\/","url":"https:\/\/rst-steel.com\/product-category\/light-bars\/roof-bars-for-excavators\/caterpillar-roof-bars\/roof-bar-caterpillar-306-310-nextgen-2020\/","name":"Roof Bar Caterpillar 306-310 NextGen 2020- RST-Steel","isPartOf":{"@id":"https:\/\/rst-steel.com\/#website"},"primaryImageOfPage":{"@id":"https:\/\/rst-steel.com\/product-category\/light-bars\/roof-bars-for-excavators\/caterpillar-roof-bars\/roof-bar-caterpillar-306-310-nextgen-2020\/#primaryimage"},"image":{"@id":"https:\/\/rst-steel.com\/product-category\/light-bars\/roof-bars-for-excavators\/caterpillar-roof-bars\/roof-bar-caterpillar-306-310-nextgen-2020\/#primaryimage"},"thumbnailUrl":"https:\/\/rst-steel.com\/wp-content\/uploads\/2026\/03\/9f55dce278aebd22e6f755e1e42af7f8772db30b_e0860f125a79c84eacd09c08cc017ece.png","datePublished":"2026-03-20T07:57:07+00:00","dateModified":"2026-04-27T07:58:12+00:00","description":"Roof Bar Caterpillar 306-310 2020-models. RST-Steel\u2019s roof bars are high-quality products made of stainless steel. Several model options available!","breadcrumb":{"@id":"https:\/\/rst-steel.com\/product-category\/light-bars\/roof-bars-for-excavators\/caterpillar-roof-bars\/roof-bar-caterpillar-306-310-nextgen-2020\/#breadcrumb"},"inLanguage":"nb-NO","potentialAction":[{"@type":"ReadAction","target":["https:\/\/rst-steel.com\/product-category\/light-bars\/roof-bars-for-excavators\/caterpillar-roof-bars\/roof-bar-caterpillar-306-310-nextgen-2020\/"]}]},{"@type":"ImageObject","inLanguage":"nb-NO","@id":"https:\/\/rst-steel.com\/product-category\/light-bars\/roof-bars-for-excavators\/caterpillar-roof-bars\/roof-bar-caterpillar-306-310-nextgen-2020\/#primaryimage","url":"https:\/\/rst-steel.com\/wp-content\/uploads\/2026\/03\/9f55dce278aebd22e6f755e1e42af7f8772db30b_e0860f125a79c84eacd09c08cc017ece.png","contentUrl":"https:\/\/rst-steel.com\/wp-content\/uploads\/2026\/03\/9f55dce278aebd22e6f755e1e42af7f8772db30b_e0860f125a79c84eacd09c08cc017ece.png","width":1280,"height":1024,"caption":"Roof Bar Caterpillar 306-310 NextGen 2020-"},{"@type":"BreadcrumbList","@id":"https:\/\/rst-steel.com\/product-category\/light-bars\/roof-bars-for-excavators\/caterpillar-roof-bars\/roof-bar-caterpillar-306-310-nextgen-2020\/#breadcrumb","itemListElement":[{"@type":"ListItem","position":1,"name":"Home","item":"https:\/\/rst-steel.com\/"},{"@type":"ListItem","position":2,"name":"RST-Steel Verkkokauppa","item":"https:\/\/rst-steel.com\/shop\/"},{"@type":"ListItem","position":3,"name":"Roof Bar Caterpillar 306-310 NextGen 2020-"}]},{"@type":"WebSite","@id":"https:\/\/rst-steel.com\/#website","url":"https:\/\/rst-steel.com\/","name":"RST-Steel Oy - Turvallista, tyylik\u00e4st\u00e4, ter\u00e4st\u00e4","description":"Finsk kvalitet for kvalitetsbevisste sj\u00e5f\u00f8rer","publisher":{"@id":"https:\/\/rst-steel.com\/#organization"},"potentialAction":[{"@type":"SearchAction","target":{"@type":"EntryPoint","urlTemplate":"https:\/\/rst-steel.com\/?s={search_term_string}"},"query-input":{"@type":"PropertyValueSpecification","valueRequired":true,"valueName":"search_term_string"}}],"inLanguage":"nb-NO"},{"@type":"Organization","@id":"https:\/\/rst-steel.com\/#organization","name":"RST-Steel Oy","alternateName":"RST-Steel Oy - Turvallista, tyylik\u00e4st\u00e4, ter\u00e4st\u00e4","url":"https:\/\/rst-steel.com\/","logo":{"@type":"ImageObject","inLanguage":"nb-NO","@id":"https:\/\/rst-steel.com\/#\/schema\/logo\/image\/","url":"https:\/\/rst-steel.com\/wp-content\/uploads\/2025\/02\/cropped-rst-valkoinen-ilman-taustaa-02.png","contentUrl":"https:\/\/rst-steel.com\/wp-content\/uploads\/2025\/02\/cropped-rst-valkoinen-ilman-taustaa-02.png","width":2319,"height":690,"caption":"RST-Steel Oy"},"image":{"@id":"https:\/\/rst-steel.com\/#\/schema\/logo\/image\/"}}]}},"_links":{"self":[{"href":"https:\/\/rst-steel.com\/nb\/wp-json\/wp\/v2\/product\/190915","targetHints":{"allow":["GET"]}}],"collection":[{"href":"https:\/\/rst-steel.com\/nb\/wp-json\/wp\/v2\/product"}],"about":[{"href":"https:\/\/rst-steel.com\/nb\/wp-json\/wp\/v2\/types\/product"}],"version-history":[{"count":2,"href":"https:\/\/rst-steel.com\/nb\/wp-json\/wp\/v2\/product\/190915\/revisions"}],"predecessor-version":[{"id":201708,"href":"https:\/\/rst-steel.com\/nb\/wp-json\/wp\/v2\/product\/190915\/revisions\/201708"}],"wp:featuredmedia":[{"embeddable":true,"href":"https:\/\/rst-steel.com\/nb\/wp-json\/wp\/v2\/media\/190911"}],"wp:attachment":[{"href":"https:\/\/rst-steel.com\/nb\/wp-json\/wp\/v2\/media?parent=190915"}],"wp:term":[{"taxonomy":"make_year","embeddable":true,"href":"https:\/\/rst-steel.com\/nb\/wp-json\/wp\/v2\/make_year?post=190915"},{"taxonomy":"make_brand","embeddable":true,"href":"https:\/\/rst-steel.com\/nb\/wp-json\/wp\/v2\/make_brand?post=190915"},{"taxonomy":"make_model","embeddable":true,"href":"https:\/\/rst-steel.com\/nb\/wp-json\/wp\/v2\/make_model?post=190915"},{"taxonomy":"make_fuel_type","embeddable":true,"href":"https:\/\/rst-steel.com\/nb\/wp-json\/wp\/v2\/make_fuel_type?post=190915"},{"taxonomy":"product_brand","embeddable":true,"href":"https:\/\/rst-steel.com\/nb\/wp-json\/wp\/v2\/product_brand?post=190915"},{"taxonomy":"product_cat","embeddable":true,"href":"https:\/\/rst-steel.com\/nb\/wp-json\/wp\/v2\/product_cat?post=190915"},{"taxonomy":"product_tag","embeddable":true,"href":"https:\/\/rst-steel.com\/nb\/wp-json\/wp\/v2\/product_tag?post=190915"}],"curies":[{"name":"wp","href":"https:\/\/api.w.org\/{rel}","templated":true}]}}