{"id":190947,"date":"2026-03-20T09:57:36","date_gmt":"2026-03-20T07:57:36","guid":{"rendered":"https:\/\/rst-steel.com\/tuote-osasto\/Ei-luokiteltu\/rear-bar-counter-weight-bar-volvo-ecr235el-2016\/"},"modified":"2026-04-10T10:17:28","modified_gmt":"2026-04-10T07:17:28","slug":"rear-bar-counter-weight-bar-volvo-ecr235el-2016","status":"publish","type":"product","link":"https:\/\/rst-steel.com\/nb\/produktkategori\/light-bars\/rear-bars-for-excavators\/volvo-rear-bars\/rear-bar-counter-weight-bar-volvo-ecr235el-2016\/","title":{"rendered":"Rear Bar \/ Counter Weight Bar Volvo ECR235EL  2016-"},"content":{"rendered":"<p>Rear Bar \/ Counter Weight Bar Volvo ECR235EL&nbsp; 2016-<\/p>\n<p><\/p>\n<p>RST-Steel\u2019s rear bars are high-quality products made of stainless steel.&nbsp;<\/p>\n<p>The rear bars can be equipped with work lights and position lights, which improve your visibility in traffic, and at the same time increase safety for yourself and others in traffic.<\/p>\n<p><\/p>\n<p><span style=\"font-weight: bold\">Technical information:<\/span><\/p>\n<ul>\n<li>Color: Polished stainless steel or Powdercoated with RAL-colors<\/li>\n<li>Pipes diameter: 76 mm<\/li>\n<li>2 pcs. Welded lamp brackets<\/li>\n<\/ul>\n<p><\/p>\n<p><span style=\"font-weight: bold\">Delivery contents:<\/span><\/p>\n<ul>\n<li>Rear bar<\/li>\n<li>Fasteners required for installation<\/li>\n<li>Installation instructions<\/li>\n<\/ul>","protected":false},"excerpt":{"rendered":"<p>Rear Bar \/ Counter Weight Bar Volvo ECR235EL&nbsp; 2016- RST-Steel\u2019s rear bars are high-quality products made of stainless steel.&nbsp; The&#8230;<\/p>","protected":false},"featured_media":190946,"template":"","meta":{"_improvement_type_select":"improve_an_existing","_thumb_yes_seoaic":false,"_frame_yes_seoaic":false,"seoaic_generate_description":"","seoaic_improve_instructions_prompt":"","seoaic_rollback_content_improvement":"","seoaic_idea_thumbnail_generator":"","thumbnail_generated":false,"thumbnail_generate_prompt":"","seoaic_article_description":""},"make_year":[10909],"make_brand":[10940],"make_model":[11033],"make_fuel_type":[],"product_brand":[9443],"product_cat":[10562,10508,10565],"product_tag":[],"class_list":{"0":"post-190947","1":"product","2":"type-product","3":"status-publish","4":"has-post-thumbnail","6":"make_year-workmachines","7":"make_brand-volvo-workmachines","8":"make_model-volvo-excavators","9":"make_engine-volvo-ecr-235-e","10":"product_brand-brand_rststeel","11":"product_cat-rear-bars-for-excavators","12":"product_cat-light-bars","13":"product_cat-volvo-rear-bars","14":"product_shipping_class-lightbars","16":"first","17":"onbackorder","18":"taxable","19":"shipping-taxable","20":"purchasable","21":"product-type-variable"},"yoast_head":"<!-- This site is optimized with the Yoast SEO plugin v27.1.1 - https:\/\/yoast.com\/product\/yoast-seo-wordpress\/ -->\n<title>Rear Bar \/ Counter Weight Bar Volvo ECR235EL 2016- RST-Steel<\/title>\n<meta name=\"description\" content=\"Counterweight Bar Volvo ECR235EL 2016-. Several model options available! Check out the products and order now! RST-Steel&#039;s products are made in Finland!\" \/>\n<meta name=\"robots\" content=\"index, follow, max-snippet:-1, max-image-preview:large, max-video-preview:-1\" \/>\n<link rel=\"canonical\" href=\"https:\/\/rst-steel.com\/nb\/produktkategori\/light-bars\/rear-bars-for-excavators\/volvo-rear-bars\/rear-bar-counter-weight-bar-volvo-ecr235el-2016\/\" \/>\n<meta property=\"og:locale\" content=\"nb_NO\" \/>\n<meta property=\"og:type\" content=\"article\" \/>\n<meta property=\"og:title\" content=\"Rear Bar \/ Counter Weight Bar Volvo ECR235EL 2016- RST-Steel\" \/>\n<meta property=\"og:description\" content=\"Counterweight Bar Volvo ECR235EL 2016-. Several model options available! Check out the products and order now! RST-Steel&#039;s products are made in Finland!\" \/>\n<meta property=\"og:url\" content=\"https:\/\/rst-steel.com\/nb\/produktkategori\/light-bars\/rear-bars-for-excavators\/volvo-rear-bars\/rear-bar-counter-weight-bar-volvo-ecr235el-2016\/\" \/>\n<meta property=\"og:site_name\" content=\"RST-Steel\" \/>\n<meta property=\"article:modified_time\" content=\"2026-04-10T07:17:28+00:00\" \/>\n<meta property=\"og:image\" content=\"https:\/\/rst-steel.com\/wp-content\/uploads\/2026\/03\/db26b267cdd276ddd519f4810b09be91a0722bf7_cde49a3d5f69c7e8507967276d115eb1.jpg\" \/>\n\t<meta property=\"og:image:width\" content=\"1200\" \/>\n\t<meta property=\"og:image:height\" content=\"1299\" \/>\n\t<meta property=\"og:image:type\" content=\"image\/jpeg\" \/>\n<meta name=\"twitter:card\" content=\"summary_large_image\" \/>\n<meta name=\"twitter:label1\" content=\"Ansl. lesetid\" \/>\n\t<meta name=\"twitter:data1\" content=\"1 minutt\" \/>\n<script type=\"application\/ld+json\" class=\"yoast-schema-graph\">{\"@context\":\"https:\/\/schema.org\",\"@graph\":[{\"@type\":\"WebPage\",\"@id\":\"https:\/\/rst-steel.com\/product-category\/light-bars\/rear-bars-for-excavators\/volvo-rear-bars\/rear-bar-counter-weight-bar-volvo-ecr235el-2016\/\",\"url\":\"https:\/\/rst-steel.com\/product-category\/light-bars\/rear-bars-for-excavators\/volvo-rear-bars\/rear-bar-counter-weight-bar-volvo-ecr235el-2016\/\",\"name\":\"Rear Bar \/ Counter Weight Bar Volvo ECR235EL 2016- RST-Steel\",\"isPartOf\":{\"@id\":\"https:\/\/rst-steel.com\/#website\"},\"primaryImageOfPage\":{\"@id\":\"https:\/\/rst-steel.com\/product-category\/light-bars\/rear-bars-for-excavators\/volvo-rear-bars\/rear-bar-counter-weight-bar-volvo-ecr235el-2016\/#primaryimage\"},\"image\":{\"@id\":\"https:\/\/rst-steel.com\/product-category\/light-bars\/rear-bars-for-excavators\/volvo-rear-bars\/rear-bar-counter-weight-bar-volvo-ecr235el-2016\/#primaryimage\"},\"thumbnailUrl\":\"https:\/\/rst-steel.com\/wp-content\/uploads\/2026\/03\/db26b267cdd276ddd519f4810b09be91a0722bf7_cde49a3d5f69c7e8507967276d115eb1.jpg\",\"datePublished\":\"2026-03-20T07:57:36+00:00\",\"dateModified\":\"2026-04-10T07:17:28+00:00\",\"description\":\"Counterweight Bar Volvo ECR235EL 2016-. Several model options available! Check out the products and order now! RST-Steel's products are made in Finland!\",\"breadcrumb\":{\"@id\":\"https:\/\/rst-steel.com\/product-category\/light-bars\/rear-bars-for-excavators\/volvo-rear-bars\/rear-bar-counter-weight-bar-volvo-ecr235el-2016\/#breadcrumb\"},\"inLanguage\":\"nb-NO\",\"potentialAction\":[{\"@type\":\"ReadAction\",\"target\":[\"https:\/\/rst-steel.com\/product-category\/light-bars\/rear-bars-for-excavators\/volvo-rear-bars\/rear-bar-counter-weight-bar-volvo-ecr235el-2016\/\"]}]},{\"@type\":\"ImageObject\",\"inLanguage\":\"nb-NO\",\"@id\":\"https:\/\/rst-steel.com\/product-category\/light-bars\/rear-bars-for-excavators\/volvo-rear-bars\/rear-bar-counter-weight-bar-volvo-ecr235el-2016\/#primaryimage\",\"url\":\"https:\/\/rst-steel.com\/wp-content\/uploads\/2026\/03\/db26b267cdd276ddd519f4810b09be91a0722bf7_cde49a3d5f69c7e8507967276d115eb1.jpg\",\"contentUrl\":\"https:\/\/rst-steel.com\/wp-content\/uploads\/2026\/03\/db26b267cdd276ddd519f4810b09be91a0722bf7_cde49a3d5f69c7e8507967276d115eb1.jpg\",\"width\":1200,\"height\":1299,\"caption\":\"prm_65619\"},{\"@type\":\"BreadcrumbList\",\"@id\":\"https:\/\/rst-steel.com\/product-category\/light-bars\/rear-bars-for-excavators\/volvo-rear-bars\/rear-bar-counter-weight-bar-volvo-ecr235el-2016\/#breadcrumb\",\"itemListElement\":[{\"@type\":\"ListItem\",\"position\":1,\"name\":\"Home\",\"item\":\"https:\/\/rst-steel.com\/\"},{\"@type\":\"ListItem\",\"position\":2,\"name\":\"RST-Steel Verkkokauppa\",\"item\":\"https:\/\/rst-steel.com\/shop\/\"},{\"@type\":\"ListItem\",\"position\":3,\"name\":\"Rear Bar \/ Counter Weight Bar Volvo ECR235EL 2016-\"}]},{\"@type\":\"WebSite\",\"@id\":\"https:\/\/rst-steel.com\/#website\",\"url\":\"https:\/\/rst-steel.com\/\",\"name\":\"RST-Steel Oy - Turvallista, tyylik\u00e4st\u00e4, ter\u00e4st\u00e4\",\"description\":\"Finnish quality for discerning drivers\",\"publisher\":{\"@id\":\"https:\/\/rst-steel.com\/#organization\"},\"potentialAction\":[{\"@type\":\"SearchAction\",\"target\":{\"@type\":\"EntryPoint\",\"urlTemplate\":\"https:\/\/rst-steel.com\/?s={search_term_string}\"},\"query-input\":{\"@type\":\"PropertyValueSpecification\",\"valueRequired\":true,\"valueName\":\"search_term_string\"}}],\"inLanguage\":\"nb-NO\"},{\"@type\":\"Organization\",\"@id\":\"https:\/\/rst-steel.com\/#organization\",\"name\":\"RST-Steel Oy\",\"alternateName\":\"RST-Steel Oy - Turvallista, tyylik\u00e4st\u00e4, ter\u00e4st\u00e4\",\"url\":\"https:\/\/rst-steel.com\/\",\"logo\":{\"@type\":\"ImageObject\",\"inLanguage\":\"nb-NO\",\"@id\":\"https:\/\/rst-steel.com\/#\/schema\/logo\/image\/\",\"url\":\"https:\/\/rst-steel.com\/wp-content\/uploads\/2025\/02\/cropped-rst-valkoinen-ilman-taustaa-02.png\",\"contentUrl\":\"https:\/\/rst-steel.com\/wp-content\/uploads\/2025\/02\/cropped-rst-valkoinen-ilman-taustaa-02.png\",\"width\":2319,\"height\":690,\"caption\":\"RST-Steel Oy\"},\"image\":{\"@id\":\"https:\/\/rst-steel.com\/#\/schema\/logo\/image\/\"}}]}<\/script>\n<!-- \/ Yoast SEO plugin. -->","yoast_head_json":{"title":"Rear Bar \/ Counter Weight Bar Volvo ECR235EL 2016- RST-Steel","description":"Counterweight Bar Volvo ECR235EL 2016-. Several model options available! Check out the products and order now! RST-Steel's products are made in Finland!","robots":{"index":"index","follow":"follow","max-snippet":"max-snippet:-1","max-image-preview":"max-image-preview:large","max-video-preview":"max-video-preview:-1"},"canonical":"https:\/\/rst-steel.com\/nb\/produktkategori\/light-bars\/rear-bars-for-excavators\/volvo-rear-bars\/rear-bar-counter-weight-bar-volvo-ecr235el-2016\/","og_locale":"nb_NO","og_type":"article","og_title":"Rear Bar \/ Counter Weight Bar Volvo ECR235EL 2016- RST-Steel","og_description":"Counterweight Bar Volvo ECR235EL 2016-. Several model options available! Check out the products and order now! RST-Steel's products are made in Finland!","og_url":"https:\/\/rst-steel.com\/nb\/produktkategori\/light-bars\/rear-bars-for-excavators\/volvo-rear-bars\/rear-bar-counter-weight-bar-volvo-ecr235el-2016\/","og_site_name":"RST-Steel","article_modified_time":"2026-04-10T07:17:28+00:00","og_image":[{"width":1200,"height":1299,"url":"https:\/\/rst-steel.com\/wp-content\/uploads\/2026\/03\/db26b267cdd276ddd519f4810b09be91a0722bf7_cde49a3d5f69c7e8507967276d115eb1.jpg","type":"image\/jpeg"}],"twitter_card":"summary_large_image","twitter_misc":{"Ansl. lesetid":"1 minutt"},"schema":{"@context":"https:\/\/schema.org","@graph":[{"@type":"WebPage","@id":"https:\/\/rst-steel.com\/product-category\/light-bars\/rear-bars-for-excavators\/volvo-rear-bars\/rear-bar-counter-weight-bar-volvo-ecr235el-2016\/","url":"https:\/\/rst-steel.com\/product-category\/light-bars\/rear-bars-for-excavators\/volvo-rear-bars\/rear-bar-counter-weight-bar-volvo-ecr235el-2016\/","name":"Rear Bar \/ Counter Weight Bar Volvo ECR235EL 2016- RST-Steel","isPartOf":{"@id":"https:\/\/rst-steel.com\/#website"},"primaryImageOfPage":{"@id":"https:\/\/rst-steel.com\/product-category\/light-bars\/rear-bars-for-excavators\/volvo-rear-bars\/rear-bar-counter-weight-bar-volvo-ecr235el-2016\/#primaryimage"},"image":{"@id":"https:\/\/rst-steel.com\/product-category\/light-bars\/rear-bars-for-excavators\/volvo-rear-bars\/rear-bar-counter-weight-bar-volvo-ecr235el-2016\/#primaryimage"},"thumbnailUrl":"https:\/\/rst-steel.com\/wp-content\/uploads\/2026\/03\/db26b267cdd276ddd519f4810b09be91a0722bf7_cde49a3d5f69c7e8507967276d115eb1.jpg","datePublished":"2026-03-20T07:57:36+00:00","dateModified":"2026-04-10T07:17:28+00:00","description":"Counterweight Bar Volvo ECR235EL 2016-. Several model options available! Check out the products and order now! RST-Steel's products are made in Finland!","breadcrumb":{"@id":"https:\/\/rst-steel.com\/product-category\/light-bars\/rear-bars-for-excavators\/volvo-rear-bars\/rear-bar-counter-weight-bar-volvo-ecr235el-2016\/#breadcrumb"},"inLanguage":"nb-NO","potentialAction":[{"@type":"ReadAction","target":["https:\/\/rst-steel.com\/product-category\/light-bars\/rear-bars-for-excavators\/volvo-rear-bars\/rear-bar-counter-weight-bar-volvo-ecr235el-2016\/"]}]},{"@type":"ImageObject","inLanguage":"nb-NO","@id":"https:\/\/rst-steel.com\/product-category\/light-bars\/rear-bars-for-excavators\/volvo-rear-bars\/rear-bar-counter-weight-bar-volvo-ecr235el-2016\/#primaryimage","url":"https:\/\/rst-steel.com\/wp-content\/uploads\/2026\/03\/db26b267cdd276ddd519f4810b09be91a0722bf7_cde49a3d5f69c7e8507967276d115eb1.jpg","contentUrl":"https:\/\/rst-steel.com\/wp-content\/uploads\/2026\/03\/db26b267cdd276ddd519f4810b09be91a0722bf7_cde49a3d5f69c7e8507967276d115eb1.jpg","width":1200,"height":1299,"caption":"prm_65619"},{"@type":"BreadcrumbList","@id":"https:\/\/rst-steel.com\/product-category\/light-bars\/rear-bars-for-excavators\/volvo-rear-bars\/rear-bar-counter-weight-bar-volvo-ecr235el-2016\/#breadcrumb","itemListElement":[{"@type":"ListItem","position":1,"name":"Home","item":"https:\/\/rst-steel.com\/"},{"@type":"ListItem","position":2,"name":"RST-Steel Verkkokauppa","item":"https:\/\/rst-steel.com\/shop\/"},{"@type":"ListItem","position":3,"name":"Rear Bar \/ Counter Weight Bar Volvo ECR235EL 2016-"}]},{"@type":"WebSite","@id":"https:\/\/rst-steel.com\/#website","url":"https:\/\/rst-steel.com\/","name":"RST-Steel Oy - Turvallista, tyylik\u00e4st\u00e4, ter\u00e4st\u00e4","description":"Finsk kvalitet for kvalitetsbevisste sj\u00e5f\u00f8rer","publisher":{"@id":"https:\/\/rst-steel.com\/#organization"},"potentialAction":[{"@type":"SearchAction","target":{"@type":"EntryPoint","urlTemplate":"https:\/\/rst-steel.com\/?s={search_term_string}"},"query-input":{"@type":"PropertyValueSpecification","valueRequired":true,"valueName":"search_term_string"}}],"inLanguage":"nb-NO"},{"@type":"Organization","@id":"https:\/\/rst-steel.com\/#organization","name":"Administrer alternativer","alternateName":"RST-Steel Oy - Turvallista, tyylik\u00e4st\u00e4, ter\u00e4st\u00e4","url":"https:\/\/rst-steel.com\/","logo":{"@type":"ImageObject","inLanguage":"nb-NO","@id":"https:\/\/rst-steel.com\/#\/schema\/logo\/image\/","url":"https:\/\/rst-steel.com\/wp-content\/uploads\/2025\/02\/cropped-rst-valkoinen-ilman-taustaa-02.png","contentUrl":"https:\/\/rst-steel.com\/wp-content\/uploads\/2025\/02\/cropped-rst-valkoinen-ilman-taustaa-02.png","width":2319,"height":690,"caption":"RST-Steel Oy"},"image":{"@id":"https:\/\/rst-steel.com\/#\/schema\/logo\/image\/"}}]}},"_links":{"self":[{"href":"https:\/\/rst-steel.com\/nb\/wp-json\/wp\/v2\/product\/190947","targetHints":{"allow":["GET"]}}],"collection":[{"href":"https:\/\/rst-steel.com\/nb\/wp-json\/wp\/v2\/product"}],"about":[{"href":"https:\/\/rst-steel.com\/nb\/wp-json\/wp\/v2\/types\/product"}],"version-history":[{"count":0,"href":"https:\/\/rst-steel.com\/nb\/wp-json\/wp\/v2\/product\/190947\/revisions"}],"wp:featuredmedia":[{"embeddable":true,"href":"https:\/\/rst-steel.com\/nb\/wp-json\/wp\/v2\/media\/190946"}],"wp:attachment":[{"href":"https:\/\/rst-steel.com\/nb\/wp-json\/wp\/v2\/media?parent=190947"}],"wp:term":[{"taxonomy":"make_year","embeddable":true,"href":"https:\/\/rst-steel.com\/nb\/wp-json\/wp\/v2\/make_year?post=190947"},{"taxonomy":"make_brand","embeddable":true,"href":"https:\/\/rst-steel.com\/nb\/wp-json\/wp\/v2\/make_brand?post=190947"},{"taxonomy":"make_model","embeddable":true,"href":"https:\/\/rst-steel.com\/nb\/wp-json\/wp\/v2\/make_model?post=190947"},{"taxonomy":"make_fuel_type","embeddable":true,"href":"https:\/\/rst-steel.com\/nb\/wp-json\/wp\/v2\/make_fuel_type?post=190947"},{"taxonomy":"product_brand","embeddable":true,"href":"https:\/\/rst-steel.com\/nb\/wp-json\/wp\/v2\/product_brand?post=190947"},{"taxonomy":"product_cat","embeddable":true,"href":"https:\/\/rst-steel.com\/nb\/wp-json\/wp\/v2\/product_cat?post=190947"},{"taxonomy":"product_tag","embeddable":true,"href":"https:\/\/rst-steel.com\/nb\/wp-json\/wp\/v2\/product_tag?post=190947"}],"curies":[{"name":"wp","href":"https:\/\/api.w.org\/{rel}","templated":true}]}}