{"id":191085,"date":"2026-03-20T09:59:59","date_gmt":"2026-03-20T07:59:59","guid":{"rendered":"https:\/\/rst-steel.com\/tuote-osasto\/Ei-luokiteltu\/rear-spoiler-mb-sprinter-2006\/"},"modified":"2026-04-17T08:57:48","modified_gmt":"2026-04-17T05:57:48","slug":"rear-spoiler-mb-sprinter-2006","status":"publish","type":"product","link":"https:\/\/rst-steel.com\/nb\/produktkategori\/spoilers-guards-chrome-accessories\/mec-one-spoilers-for-vans\/mercedes-benz-mec-one-spoilers\/rear-spoiler-mb-sprinter-2006\/","title":{"rendered":"Rear Spoiler MB Sprinter 2006-"},"content":{"rendered":"<p>Rear spoiler MB Sprinter 2006- W906 Facelift, W907 and W910<\/p>\n<p>Also fits Volkswagen Crafter 2006-2017<\/p>\n<p>Available for H1 \/ H2 \/ H3 roof height models with and without camera.<\/p>\n<p>Excluding the W906, which have a reversing camera.<\/p>\n<p>The body of the spoiler is a shiny stainless steel bar. The shaped cover of the spoiler is black semi-gloss UV-protected ABS plastic. The mounting parts are stainless.<\/p>\n<p>The spoiler has 2 red LED position lights behind as standard. It is also easy to equip the spoiler with, for example, work lights or LED warning lights<\/p>\n<p><strong>Delivery contents:<\/strong><\/p>\n<ul>\n<li>Rear Spoiler<\/li>\n<li>Fasteners required for installation<\/li>\n<li>Position lights<\/li>\n<\/ul>","protected":false},"excerpt":{"rendered":"<p>Rear spoiler MB Sprinter 2006- W906 Facelift, W907 and W910 Also fits Volkswagen Crafter 2006-2017 Available for H1 \/ H2&#8230;<\/p>","protected":false},"featured_media":191083,"template":"","meta":[],"make_year":[10908],"make_brand":[10928],"make_model":[10956,10957,10958],"make_fuel_type":[],"product_brand":[],"product_cat":[10747,10746,10738],"product_tag":[],"class_list":{"0":"post-191085","1":"product","2":"type-product","3":"status-publish","4":"has-post-thumbnail","6":"make_year-van","7":"make_brand-mb-van","8":"make_model-w906-facelift-sprinter","9":"make_model-w906-sprinter","10":"make_model-w907-w910-sprinter","11":"make_engine-crafter-2006-2017-l2-h1-akselivali-3665mm","12":"make_engine-crafter-2006-2017-l2-h2-akselivali-3665mm","13":"make_engine-crafter-2006-2017-l3-h2-akselivali-4325mm","14":"make_engine-crafter-2006-2017-l4-h2-akselivali-4325mm","15":"make_engine-sprinter-l1-h1-etuveto-akselivali-3259mm","16":"make_engine-sprinter-l2-h1-akselivali-3665mm","17":"make_engine-sprinter-l2-h2-etuveto-akselivali-3924mm","18":"make_engine-sprinter-l2-h2-akselivali-3665mm","19":"make_engine-sprinter-l3-h2-akselivali-4325mm","20":"make_engine-sprinter-l3-h3-akselivali-4325mm","21":"make_engine-sprinter-l4-h2-akselivali-4325mm","22":"make_engine-sprinter-l4-h3-akselivali-4325mm","23":"product_cat-mercedes-benz-mec-one-spoilers","24":"product_cat-mec-one-spoilers-for-vans","25":"product_cat-spoilers-guards-chrome-accessories","26":"product_shipping_class-lightbars","28":"first","29":"instock","30":"taxable","31":"shipping-taxable","32":"purchasable","33":"product-type-variable"},"yoast_head":"<!-- This site is optimized with the Yoast SEO plugin v27.1.1 - https:\/\/yoast.com\/product\/yoast-seo-wordpress\/ -->\n<title>Rear spoiler Mercedes-Benz Sprinter - RST-Steel<\/title>\n<meta name=\"description\" content=\"Rear spoiler Mercedes-Benz Sprinter. Several model options available! Check out the products and order now! Fast shipping!\" \/>\n<meta name=\"robots\" content=\"index, follow, max-snippet:-1, max-image-preview:large, max-video-preview:-1\" \/>\n<link rel=\"canonical\" href=\"https:\/\/rst-steel.com\/nb\/produktkategori\/spoilers-guards-chrome-accessories\/mec-one-spoilers-for-vans\/mercedes-benz-mec-one-spoilers\/rear-spoiler-mb-sprinter-2006\/\" \/>\n<meta property=\"og:locale\" content=\"nb_NO\" \/>\n<meta property=\"og:type\" content=\"article\" \/>\n<meta property=\"og:title\" content=\"Rear spoiler Mercedes-Benz Sprinter - RST-Steel\" \/>\n<meta property=\"og:description\" content=\"Rear spoiler Mercedes-Benz Sprinter. Several model options available! Check out the products and order now! Fast shipping!\" \/>\n<meta property=\"og:url\" content=\"https:\/\/rst-steel.com\/nb\/produktkategori\/spoilers-guards-chrome-accessories\/mec-one-spoilers-for-vans\/mercedes-benz-mec-one-spoilers\/rear-spoiler-mb-sprinter-2006\/\" \/>\n<meta property=\"og:site_name\" content=\"RST-Steel\" \/>\n<meta property=\"article:modified_time\" content=\"2026-04-17T05:57:48+00:00\" \/>\n<meta property=\"og:image\" content=\"https:\/\/rst-steel.com\/wp-content\/uploads\/2026\/03\/75c965a6a70d4a51dfbfa097380ac85d8a861c01_2f88cebfd95b8d31f386d3170643275a.jpg\" \/>\n\t<meta property=\"og:image:width\" content=\"1536\" \/>\n\t<meta property=\"og:image:height\" content=\"2048\" \/>\n\t<meta property=\"og:image:type\" content=\"image\/jpeg\" \/>\n<meta name=\"twitter:card\" content=\"summary_large_image\" \/>\n<meta name=\"twitter:label1\" content=\"Ansl. lesetid\" \/>\n\t<meta name=\"twitter:data1\" content=\"1 minutt\" \/>\n<script type=\"application\/ld+json\" class=\"yoast-schema-graph\">{\"@context\":\"https:\/\/schema.org\",\"@graph\":[{\"@type\":\"WebPage\",\"@id\":\"https:\/\/rst-steel.com\/product-category\/spoilers-guards-chrome-accessories\/mec-one-spoilers-for-vans\/mercedes-benz-mec-one-spoilers\/rear-spoiler-mb-sprinter-2006\/\",\"url\":\"https:\/\/rst-steel.com\/product-category\/spoilers-guards-chrome-accessories\/mec-one-spoilers-for-vans\/mercedes-benz-mec-one-spoilers\/rear-spoiler-mb-sprinter-2006\/\",\"name\":\"Rear spoiler Mercedes-Benz Sprinter - RST-Steel\",\"isPartOf\":{\"@id\":\"https:\/\/rst-steel.com\/#website\"},\"primaryImageOfPage\":{\"@id\":\"https:\/\/rst-steel.com\/product-category\/spoilers-guards-chrome-accessories\/mec-one-spoilers-for-vans\/mercedes-benz-mec-one-spoilers\/rear-spoiler-mb-sprinter-2006\/#primaryimage\"},\"image\":{\"@id\":\"https:\/\/rst-steel.com\/product-category\/spoilers-guards-chrome-accessories\/mec-one-spoilers-for-vans\/mercedes-benz-mec-one-spoilers\/rear-spoiler-mb-sprinter-2006\/#primaryimage\"},\"thumbnailUrl\":\"https:\/\/rst-steel.com\/wp-content\/uploads\/2026\/03\/75c965a6a70d4a51dfbfa097380ac85d8a861c01_2f88cebfd95b8d31f386d3170643275a.jpg\",\"datePublished\":\"2026-03-20T07:59:59+00:00\",\"dateModified\":\"2026-04-17T05:57:48+00:00\",\"description\":\"Rear spoiler Mercedes-Benz Sprinter. Several model options available! Check out the products and order now! Fast shipping!\",\"breadcrumb\":{\"@id\":\"https:\/\/rst-steel.com\/product-category\/spoilers-guards-chrome-accessories\/mec-one-spoilers-for-vans\/mercedes-benz-mec-one-spoilers\/rear-spoiler-mb-sprinter-2006\/#breadcrumb\"},\"inLanguage\":\"nb-NO\",\"potentialAction\":[{\"@type\":\"ReadAction\",\"target\":[\"https:\/\/rst-steel.com\/product-category\/spoilers-guards-chrome-accessories\/mec-one-spoilers-for-vans\/mercedes-benz-mec-one-spoilers\/rear-spoiler-mb-sprinter-2006\/\"]}]},{\"@type\":\"ImageObject\",\"inLanguage\":\"nb-NO\",\"@id\":\"https:\/\/rst-steel.com\/product-category\/spoilers-guards-chrome-accessories\/mec-one-spoilers-for-vans\/mercedes-benz-mec-one-spoilers\/rear-spoiler-mb-sprinter-2006\/#primaryimage\",\"url\":\"https:\/\/rst-steel.com\/wp-content\/uploads\/2026\/03\/75c965a6a70d4a51dfbfa097380ac85d8a861c01_2f88cebfd95b8d31f386d3170643275a.jpg\",\"contentUrl\":\"https:\/\/rst-steel.com\/wp-content\/uploads\/2026\/03\/75c965a6a70d4a51dfbfa097380ac85d8a861c01_2f88cebfd95b8d31f386d3170643275a.jpg\",\"width\":1536,\"height\":2048,\"caption\":\"prm_65902\"},{\"@type\":\"BreadcrumbList\",\"@id\":\"https:\/\/rst-steel.com\/product-category\/spoilers-guards-chrome-accessories\/mec-one-spoilers-for-vans\/mercedes-benz-mec-one-spoilers\/rear-spoiler-mb-sprinter-2006\/#breadcrumb\",\"itemListElement\":[{\"@type\":\"ListItem\",\"position\":1,\"name\":\"Home\",\"item\":\"https:\/\/rst-steel.com\/\"},{\"@type\":\"ListItem\",\"position\":2,\"name\":\"RST-Steel Verkkokauppa\",\"item\":\"https:\/\/rst-steel.com\/shop\/\"},{\"@type\":\"ListItem\",\"position\":3,\"name\":\"Rear Spoiler MB Sprinter 2006-\"}]},{\"@type\":\"WebSite\",\"@id\":\"https:\/\/rst-steel.com\/#website\",\"url\":\"https:\/\/rst-steel.com\/\",\"name\":\"RST-Steel Oy - Turvallista, tyylik\u00e4st\u00e4, ter\u00e4st\u00e4\",\"description\":\"Finnish quality for discerning drivers\",\"publisher\":{\"@id\":\"https:\/\/rst-steel.com\/#organization\"},\"potentialAction\":[{\"@type\":\"SearchAction\",\"target\":{\"@type\":\"EntryPoint\",\"urlTemplate\":\"https:\/\/rst-steel.com\/?s={search_term_string}\"},\"query-input\":{\"@type\":\"PropertyValueSpecification\",\"valueRequired\":true,\"valueName\":\"search_term_string\"}}],\"inLanguage\":\"nb-NO\"},{\"@type\":\"Organization\",\"@id\":\"https:\/\/rst-steel.com\/#organization\",\"name\":\"RST-Steel Oy\",\"alternateName\":\"RST-Steel Oy - Turvallista, tyylik\u00e4st\u00e4, ter\u00e4st\u00e4\",\"url\":\"https:\/\/rst-steel.com\/\",\"logo\":{\"@type\":\"ImageObject\",\"inLanguage\":\"nb-NO\",\"@id\":\"https:\/\/rst-steel.com\/#\/schema\/logo\/image\/\",\"url\":\"https:\/\/rst-steel.com\/wp-content\/uploads\/2025\/02\/cropped-rst-valkoinen-ilman-taustaa-02.png\",\"contentUrl\":\"https:\/\/rst-steel.com\/wp-content\/uploads\/2025\/02\/cropped-rst-valkoinen-ilman-taustaa-02.png\",\"width\":2319,\"height\":690,\"caption\":\"RST-Steel Oy\"},\"image\":{\"@id\":\"https:\/\/rst-steel.com\/#\/schema\/logo\/image\/\"}}]}<\/script>\n<!-- \/ Yoast SEO plugin. -->","yoast_head_json":{"title":"Rear spoiler Mercedes-Benz Sprinter - RST-Steel","description":"Rear spoiler Mercedes-Benz Sprinter. Several model options available! Check out the products and order now! Fast shipping!","robots":{"index":"index","follow":"follow","max-snippet":"max-snippet:-1","max-image-preview":"max-image-preview:large","max-video-preview":"max-video-preview:-1"},"canonical":"https:\/\/rst-steel.com\/nb\/produktkategori\/spoilers-guards-chrome-accessories\/mec-one-spoilers-for-vans\/mercedes-benz-mec-one-spoilers\/rear-spoiler-mb-sprinter-2006\/","og_locale":"nb_NO","og_type":"article","og_title":"Rear spoiler Mercedes-Benz Sprinter - RST-Steel","og_description":"Rear spoiler Mercedes-Benz Sprinter. Several model options available! Check out the products and order now! Fast shipping!","og_url":"https:\/\/rst-steel.com\/nb\/produktkategori\/spoilers-guards-chrome-accessories\/mec-one-spoilers-for-vans\/mercedes-benz-mec-one-spoilers\/rear-spoiler-mb-sprinter-2006\/","og_site_name":"RST-Steel","article_modified_time":"2026-04-17T05:57:48+00:00","og_image":[{"width":1536,"height":2048,"url":"https:\/\/rst-steel.com\/wp-content\/uploads\/2026\/03\/75c965a6a70d4a51dfbfa097380ac85d8a861c01_2f88cebfd95b8d31f386d3170643275a.jpg","type":"image\/jpeg"}],"twitter_card":"summary_large_image","twitter_misc":{"Ansl. lesetid":"1 minutt"},"schema":{"@context":"https:\/\/schema.org","@graph":[{"@type":"WebPage","@id":"https:\/\/rst-steel.com\/product-category\/spoilers-guards-chrome-accessories\/mec-one-spoilers-for-vans\/mercedes-benz-mec-one-spoilers\/rear-spoiler-mb-sprinter-2006\/","url":"https:\/\/rst-steel.com\/product-category\/spoilers-guards-chrome-accessories\/mec-one-spoilers-for-vans\/mercedes-benz-mec-one-spoilers\/rear-spoiler-mb-sprinter-2006\/","name":"Rear spoiler Mercedes-Benz Sprinter - RST-Steel","isPartOf":{"@id":"https:\/\/rst-steel.com\/#website"},"primaryImageOfPage":{"@id":"https:\/\/rst-steel.com\/product-category\/spoilers-guards-chrome-accessories\/mec-one-spoilers-for-vans\/mercedes-benz-mec-one-spoilers\/rear-spoiler-mb-sprinter-2006\/#primaryimage"},"image":{"@id":"https:\/\/rst-steel.com\/product-category\/spoilers-guards-chrome-accessories\/mec-one-spoilers-for-vans\/mercedes-benz-mec-one-spoilers\/rear-spoiler-mb-sprinter-2006\/#primaryimage"},"thumbnailUrl":"https:\/\/rst-steel.com\/wp-content\/uploads\/2026\/03\/75c965a6a70d4a51dfbfa097380ac85d8a861c01_2f88cebfd95b8d31f386d3170643275a.jpg","datePublished":"2026-03-20T07:59:59+00:00","dateModified":"2026-04-17T05:57:48+00:00","description":"Rear spoiler Mercedes-Benz Sprinter. Several model options available! Check out the products and order now! Fast shipping!","breadcrumb":{"@id":"https:\/\/rst-steel.com\/product-category\/spoilers-guards-chrome-accessories\/mec-one-spoilers-for-vans\/mercedes-benz-mec-one-spoilers\/rear-spoiler-mb-sprinter-2006\/#breadcrumb"},"inLanguage":"nb-NO","potentialAction":[{"@type":"ReadAction","target":["https:\/\/rst-steel.com\/product-category\/spoilers-guards-chrome-accessories\/mec-one-spoilers-for-vans\/mercedes-benz-mec-one-spoilers\/rear-spoiler-mb-sprinter-2006\/"]}]},{"@type":"ImageObject","inLanguage":"nb-NO","@id":"https:\/\/rst-steel.com\/product-category\/spoilers-guards-chrome-accessories\/mec-one-spoilers-for-vans\/mercedes-benz-mec-one-spoilers\/rear-spoiler-mb-sprinter-2006\/#primaryimage","url":"https:\/\/rst-steel.com\/wp-content\/uploads\/2026\/03\/75c965a6a70d4a51dfbfa097380ac85d8a861c01_2f88cebfd95b8d31f386d3170643275a.jpg","contentUrl":"https:\/\/rst-steel.com\/wp-content\/uploads\/2026\/03\/75c965a6a70d4a51dfbfa097380ac85d8a861c01_2f88cebfd95b8d31f386d3170643275a.jpg","width":1536,"height":2048,"caption":"prm_65902"},{"@type":"BreadcrumbList","@id":"https:\/\/rst-steel.com\/product-category\/spoilers-guards-chrome-accessories\/mec-one-spoilers-for-vans\/mercedes-benz-mec-one-spoilers\/rear-spoiler-mb-sprinter-2006\/#breadcrumb","itemListElement":[{"@type":"ListItem","position":1,"name":"Home","item":"https:\/\/rst-steel.com\/"},{"@type":"ListItem","position":2,"name":"RST-Steel Verkkokauppa","item":"https:\/\/rst-steel.com\/shop\/"},{"@type":"ListItem","position":3,"name":"Rear Spoiler MB Sprinter 2006-"}]},{"@type":"WebSite","@id":"https:\/\/rst-steel.com\/#website","url":"https:\/\/rst-steel.com\/","name":"RST-Steel Oy - Turvallista, tyylik\u00e4st\u00e4, ter\u00e4st\u00e4","description":"Finsk kvalitet for kvalitetsbevisste sj\u00e5f\u00f8rer","publisher":{"@id":"https:\/\/rst-steel.com\/#organization"},"potentialAction":[{"@type":"SearchAction","target":{"@type":"EntryPoint","urlTemplate":"https:\/\/rst-steel.com\/?s={search_term_string}"},"query-input":{"@type":"PropertyValueSpecification","valueRequired":true,"valueName":"search_term_string"}}],"inLanguage":"nb-NO"},{"@type":"Organization","@id":"https:\/\/rst-steel.com\/#organization","name":"RST-Steel Oy","alternateName":"RST-Steel Oy - Turvallista, tyylik\u00e4st\u00e4, ter\u00e4st\u00e4","url":"https:\/\/rst-steel.com\/","logo":{"@type":"ImageObject","inLanguage":"nb-NO","@id":"https:\/\/rst-steel.com\/#\/schema\/logo\/image\/","url":"https:\/\/rst-steel.com\/wp-content\/uploads\/2025\/02\/cropped-rst-valkoinen-ilman-taustaa-02.png","contentUrl":"https:\/\/rst-steel.com\/wp-content\/uploads\/2025\/02\/cropped-rst-valkoinen-ilman-taustaa-02.png","width":2319,"height":690,"caption":"RST-Steel Oy"},"image":{"@id":"https:\/\/rst-steel.com\/#\/schema\/logo\/image\/"}}]}},"_links":{"self":[{"href":"https:\/\/rst-steel.com\/nb\/wp-json\/wp\/v2\/product\/191085","targetHints":{"allow":["GET"]}}],"collection":[{"href":"https:\/\/rst-steel.com\/nb\/wp-json\/wp\/v2\/product"}],"about":[{"href":"https:\/\/rst-steel.com\/nb\/wp-json\/wp\/v2\/types\/product"}],"version-history":[{"count":1,"href":"https:\/\/rst-steel.com\/nb\/wp-json\/wp\/v2\/product\/191085\/revisions"}],"predecessor-version":[{"id":199047,"href":"https:\/\/rst-steel.com\/nb\/wp-json\/wp\/v2\/product\/191085\/revisions\/199047"}],"wp:featuredmedia":[{"embeddable":true,"href":"https:\/\/rst-steel.com\/nb\/wp-json\/wp\/v2\/media\/191083"}],"wp:attachment":[{"href":"https:\/\/rst-steel.com\/nb\/wp-json\/wp\/v2\/media?parent=191085"}],"wp:term":[{"taxonomy":"make_year","embeddable":true,"href":"https:\/\/rst-steel.com\/nb\/wp-json\/wp\/v2\/make_year?post=191085"},{"taxonomy":"make_brand","embeddable":true,"href":"https:\/\/rst-steel.com\/nb\/wp-json\/wp\/v2\/make_brand?post=191085"},{"taxonomy":"make_model","embeddable":true,"href":"https:\/\/rst-steel.com\/nb\/wp-json\/wp\/v2\/make_model?post=191085"},{"taxonomy":"make_fuel_type","embeddable":true,"href":"https:\/\/rst-steel.com\/nb\/wp-json\/wp\/v2\/make_fuel_type?post=191085"},{"taxonomy":"product_brand","embeddable":true,"href":"https:\/\/rst-steel.com\/nb\/wp-json\/wp\/v2\/product_brand?post=191085"},{"taxonomy":"product_cat","embeddable":true,"href":"https:\/\/rst-steel.com\/nb\/wp-json\/wp\/v2\/product_cat?post=191085"},{"taxonomy":"product_tag","embeddable":true,"href":"https:\/\/rst-steel.com\/nb\/wp-json\/wp\/v2\/product_tag?post=191085"}],"curies":[{"name":"wp","href":"https:\/\/api.w.org\/{rel}","templated":true}]}}