{"id":191152,"date":"2026-03-20T10:01:04","date_gmt":"2026-03-20T08:01:04","guid":{"rendered":"https:\/\/rst-steel.com\/tuote-osasto\/Ei-luokiteltu\/front-spoiler-bar-lowline-v03-scania-nextgen-xt\/"},"modified":"2026-04-15T09:10:37","modified_gmt":"2026-04-15T06:10:37","slug":"front-spoiler-bar-lowline-v03-scania-nextgen-xt","status":"publish","type":"product","link":"https:\/\/rst-steel.com\/nb\/produktkategori\/front-spoiler-bars\/front-spoiler-bars-for-trucks\/scania-front-spoiler-bars\/front-spoiler-bar-lowline-v03-scania-nextgen-xt\/","title":{"rendered":"Front Spoiler Bar Lowline V03 Scania Nextgen XT"},"content":{"rendered":"<p><b><span lang=\"EN-US\">RST-Steel\u2019s front spoiler bars<\/span><\/b><span lang=\"EN-US\">&nbsp;are&nbsp;<b>Laget i Finland<\/b>, crafted from high-quality stainless steel, and proudly representing Finnish quality and craftsmanship.<\/span><\/p>\n<p class=\"MsoNormal\"><span lang=\"EN-US\">Lowline front spoiler bar is a stylish accessory to protect the front bumper of your car. Hitting curbs, speed bumps or snow clods on the road can cause damage to the front of the car.&nbsp;<\/span>Repairing the damage can be expensive and time-consuming. By preparing for these dangers, the journey continues with a safe mind and the business is secured in these respects.<\/p>\n<p class=\"MsoNormal\"><span lang=\"EN-US\">This front spoiler bar feature a 76 mm diameter, combined with a hand-finished design, ensuring durability for years rather than just a single season.<\/span><\/p>\n<p class=\"MsoNormal\"><span lang=\"EN-US\">Included with the product is a stainless steel mounting kit specifically for your car, along with straightforward installation instructions.<\/span><\/p>\n<p class=\"MsoNormal\"><span style=\"font-weight: bold\">Quick and easy installation!<br \/><\/span><\/p>\n<p><span style=\"font-weight: bold\">Features:<\/span><\/p>\n<ul>\n<li>Compatibility: Fits Scania NextGen XT 2017- models<\/li>\n<li>Durability: Made from high-quality stainless steel, capable of withstanding the toughest conditions.<\/li>\n<li>Easy Installation: Includes installation instructions and necessary hardware, ensuring you can install the front spoiler bars yourself.<\/li>\n<li>Stylish Appearance: This front spoiler bar gives your truck a modern and dynamic look. Its sleek design and polished or powdercoated steel finish make your truck stand out and look impressive.<\/li>\n<li>Maximum Protection: Protects the front bumper from dents, scratches, and other damage, extending the lifespan of your vehicle.<\/li>\n<\/ul>\n<p class=\"MsoNormal\"><b>Why Choose RST-Steel?<\/b><\/p>\n<ul type=\"disc\" style=\"margin-top: 0cm\">\n<li class=\"MsoNormal\"><b><span lang=\"EN-US\">Laget i Finland<\/span><\/b><span lang=\"EN-US\">:&nbsp;All RST-Steel products are manufactured in our own factory in Nivala, Finland.<\/span><\/li>\n<li class=\"MsoNormal\"><b><span lang=\"EN-US\">Reliability<\/span><\/b><span lang=\"EN-US\">: Years of experience and expertise ensure the high quality and durability of our products.<\/span><\/li>\n<li class=\"MsoNormal\"><b><span lang=\"EN-US\">Customer Satisfaction<\/span><\/b><span lang=\"EN-US\">: Thousands of satisfied customers worldwide trust RST-Steel products.<\/span><\/li>\n<\/ul>\n<p><span style=\"font-weight: bold\">Tekniske spesifikasjoner:<\/span><\/p>\n<ul>\n<li>Color: Mirror-polished stainless steel or Powdercoated with RAL colors<\/li>\n<li>Pipe Diameter: 76 mm<\/li>\n<li>Easy Installation\n<p><\/li>\n<\/ul>\n<p><span style=\"font-weight: bold\">Delivery Contents:<\/span><\/p>\n<ul>\n<li>Front Spoiler Bar<\/li>\n<li>Fasteners required for installation<\/li>\n<li>Installation instructions<\/li>\n<\/ul>","protected":false},"excerpt":{"rendered":"<p>RST-Steel\u2019s front spoiler bars&nbsp;are&nbsp;Made in Finland, crafted from high-quality stainless steel, and proudly representing Finnish quality and craftsmanship. Lowline front&#8230;<\/p>","protected":false},"featured_media":191150,"template":"","meta":[],"make_year":[10907],"make_brand":[10935],"make_model":[10996],"make_fuel_type":[],"product_brand":[9443],"product_cat":[10784,10825,10826],"product_tag":[],"class_list":{"0":"post-191152","1":"product","2":"type-product","3":"status-publish","4":"has-post-thumbnail","6":"make_year-trucks","7":"make_brand-scania","8":"make_model-nextgen-xt-2017","9":"product_brand-brand_rststeel","10":"product_cat-front-spoiler-bars","11":"product_cat-front-spoiler-bars-for-trucks","12":"product_cat-scania-front-spoiler-bars","13":"product_shipping_class-erikoispitka","15":"first","16":"instock","17":"taxable","18":"shipping-taxable","19":"purchasable","20":"product-type-variable"},"yoast_head":"<!-- This site is optimized with the Yoast SEO plugin v27.1.1 - https:\/\/yoast.com\/product\/yoast-seo-wordpress\/ -->\n<title>Front Spoiler Bar Lowline V03 Scania Nextgen XT - RST-Steel<\/title>\n<meta name=\"description\" content=\"Front Spoiler Bar Lowline V03 Scania Nextgen XT. Durable, precision-fit design that enhances protection, style, and functionality for daily heavy-duty use.\" \/>\n<meta name=\"robots\" content=\"index, follow, max-snippet:-1, max-image-preview:large, max-video-preview:-1\" \/>\n<link rel=\"canonical\" href=\"https:\/\/rst-steel.com\/nb\/produktkategori\/front-spoiler-bars\/front-spoiler-bars-for-trucks\/scania-front-spoiler-bars\/front-spoiler-bar-lowline-v03-scania-nextgen-xt\/\" \/>\n<meta property=\"og:locale\" content=\"nb_NO\" \/>\n<meta property=\"og:type\" content=\"article\" \/>\n<meta property=\"og:title\" content=\"Front Spoiler Bar Lowline V03 Scania Nextgen XT - RST-Steel\" \/>\n<meta property=\"og:description\" content=\"Front Spoiler Bar Lowline V03 Scania Nextgen XT. Durable, precision-fit design that enhances protection, style, and functionality for daily heavy-duty use.\" \/>\n<meta property=\"og:url\" content=\"https:\/\/rst-steel.com\/nb\/produktkategori\/front-spoiler-bars\/front-spoiler-bars-for-trucks\/scania-front-spoiler-bars\/front-spoiler-bar-lowline-v03-scania-nextgen-xt\/\" \/>\n<meta property=\"og:site_name\" content=\"RST-Steel\" \/>\n<meta property=\"article:modified_time\" content=\"2026-04-15T06:10:37+00:00\" \/>\n<meta property=\"og:image\" content=\"https:\/\/rst-steel.com\/wp-content\/uploads\/2026\/03\/1dc860ae9d4d25330f4509ca60297d6d8a1a6565_64e8852a6b50dea2624a54ef4ef4066d.jpg\" \/>\n\t<meta property=\"og:image:width\" content=\"2000\" \/>\n\t<meta property=\"og:image:height\" content=\"1499\" \/>\n\t<meta property=\"og:image:type\" content=\"image\/jpeg\" \/>\n<meta name=\"twitter:card\" content=\"summary_large_image\" \/>\n<meta name=\"twitter:label1\" content=\"Ansl. lesetid\" \/>\n\t<meta name=\"twitter:data1\" content=\"2 minutter\" \/>\n<script type=\"application\/ld+json\" class=\"yoast-schema-graph\">{\"@context\":\"https:\/\/schema.org\",\"@graph\":[{\"@type\":\"WebPage\",\"@id\":\"https:\/\/rst-steel.com\/product-category\/front-spoiler-bars\/front-spoiler-bars-for-trucks\/scania-front-spoiler-bars\/front-spoiler-bar-lowline-v03-scania-nextgen-xt\/\",\"url\":\"https:\/\/rst-steel.com\/product-category\/front-spoiler-bars\/front-spoiler-bars-for-trucks\/scania-front-spoiler-bars\/front-spoiler-bar-lowline-v03-scania-nextgen-xt\/\",\"name\":\"Front Spoiler Bar Lowline V03 Scania Nextgen XT - RST-Steel\",\"isPartOf\":{\"@id\":\"https:\/\/rst-steel.com\/#website\"},\"primaryImageOfPage\":{\"@id\":\"https:\/\/rst-steel.com\/product-category\/front-spoiler-bars\/front-spoiler-bars-for-trucks\/scania-front-spoiler-bars\/front-spoiler-bar-lowline-v03-scania-nextgen-xt\/#primaryimage\"},\"image\":{\"@id\":\"https:\/\/rst-steel.com\/product-category\/front-spoiler-bars\/front-spoiler-bars-for-trucks\/scania-front-spoiler-bars\/front-spoiler-bar-lowline-v03-scania-nextgen-xt\/#primaryimage\"},\"thumbnailUrl\":\"https:\/\/rst-steel.com\/wp-content\/uploads\/2026\/03\/1dc860ae9d4d25330f4509ca60297d6d8a1a6565_64e8852a6b50dea2624a54ef4ef4066d.jpg\",\"datePublished\":\"2026-03-20T08:01:04+00:00\",\"dateModified\":\"2026-04-15T06:10:37+00:00\",\"description\":\"Front Spoiler Bar Lowline V03 Scania Nextgen XT. Durable, precision-fit design that enhances protection, style, and functionality for daily heavy-duty use.\",\"breadcrumb\":{\"@id\":\"https:\/\/rst-steel.com\/product-category\/front-spoiler-bars\/front-spoiler-bars-for-trucks\/scania-front-spoiler-bars\/front-spoiler-bar-lowline-v03-scania-nextgen-xt\/#breadcrumb\"},\"inLanguage\":\"nb-NO\",\"potentialAction\":[{\"@type\":\"ReadAction\",\"target\":[\"https:\/\/rst-steel.com\/product-category\/front-spoiler-bars\/front-spoiler-bars-for-trucks\/scania-front-spoiler-bars\/front-spoiler-bar-lowline-v03-scania-nextgen-xt\/\"]}]},{\"@type\":\"ImageObject\",\"inLanguage\":\"nb-NO\",\"@id\":\"https:\/\/rst-steel.com\/product-category\/front-spoiler-bars\/front-spoiler-bars-for-trucks\/scania-front-spoiler-bars\/front-spoiler-bar-lowline-v03-scania-nextgen-xt\/#primaryimage\",\"url\":\"https:\/\/rst-steel.com\/wp-content\/uploads\/2026\/03\/1dc860ae9d4d25330f4509ca60297d6d8a1a6565_64e8852a6b50dea2624a54ef4ef4066d.jpg\",\"contentUrl\":\"https:\/\/rst-steel.com\/wp-content\/uploads\/2026\/03\/1dc860ae9d4d25330f4509ca60297d6d8a1a6565_64e8852a6b50dea2624a54ef4ef4066d.jpg\",\"width\":2000,\"height\":1499,\"caption\":\"prm_65980\"},{\"@type\":\"BreadcrumbList\",\"@id\":\"https:\/\/rst-steel.com\/product-category\/front-spoiler-bars\/front-spoiler-bars-for-trucks\/scania-front-spoiler-bars\/front-spoiler-bar-lowline-v03-scania-nextgen-xt\/#breadcrumb\",\"itemListElement\":[{\"@type\":\"ListItem\",\"position\":1,\"name\":\"Home\",\"item\":\"https:\/\/rst-steel.com\/\"},{\"@type\":\"ListItem\",\"position\":2,\"name\":\"RST-Steel Verkkokauppa\",\"item\":\"https:\/\/rst-steel.com\/shop\/\"},{\"@type\":\"ListItem\",\"position\":3,\"name\":\"Front Spoiler Bar Lowline V03 Scania Nextgen XT\"}]},{\"@type\":\"WebSite\",\"@id\":\"https:\/\/rst-steel.com\/#website\",\"url\":\"https:\/\/rst-steel.com\/\",\"name\":\"RST-Steel Oy - Turvallista, tyylik\u00e4st\u00e4, ter\u00e4st\u00e4\",\"description\":\"Finnish quality for discerning drivers\",\"publisher\":{\"@id\":\"https:\/\/rst-steel.com\/#organization\"},\"potentialAction\":[{\"@type\":\"SearchAction\",\"target\":{\"@type\":\"EntryPoint\",\"urlTemplate\":\"https:\/\/rst-steel.com\/?s={search_term_string}\"},\"query-input\":{\"@type\":\"PropertyValueSpecification\",\"valueRequired\":true,\"valueName\":\"search_term_string\"}}],\"inLanguage\":\"nb-NO\"},{\"@type\":\"Organization\",\"@id\":\"https:\/\/rst-steel.com\/#organization\",\"name\":\"RST-Steel Oy\",\"alternateName\":\"RST-Steel Oy - Turvallista, tyylik\u00e4st\u00e4, ter\u00e4st\u00e4\",\"url\":\"https:\/\/rst-steel.com\/\",\"logo\":{\"@type\":\"ImageObject\",\"inLanguage\":\"nb-NO\",\"@id\":\"https:\/\/rst-steel.com\/#\/schema\/logo\/image\/\",\"url\":\"https:\/\/rst-steel.com\/wp-content\/uploads\/2025\/02\/cropped-rst-valkoinen-ilman-taustaa-02.png\",\"contentUrl\":\"https:\/\/rst-steel.com\/wp-content\/uploads\/2025\/02\/cropped-rst-valkoinen-ilman-taustaa-02.png\",\"width\":2319,\"height\":690,\"caption\":\"RST-Steel Oy\"},\"image\":{\"@id\":\"https:\/\/rst-steel.com\/#\/schema\/logo\/image\/\"}}]}<\/script>\n<!-- \/ Yoast SEO plugin. -->","yoast_head_json":{"title":"Front Spoiler Bar Lowline V03 Scania Nextgen XT - RST-Steel","description":"Front Spoiler Bar Lowline V03 Scania Nextgen XT. Durable, precision-fit design that enhances protection, style, and functionality for daily heavy-duty use.","robots":{"index":"index","follow":"follow","max-snippet":"max-snippet:-1","max-image-preview":"max-image-preview:large","max-video-preview":"max-video-preview:-1"},"canonical":"https:\/\/rst-steel.com\/nb\/produktkategori\/front-spoiler-bars\/front-spoiler-bars-for-trucks\/scania-front-spoiler-bars\/front-spoiler-bar-lowline-v03-scania-nextgen-xt\/","og_locale":"nb_NO","og_type":"article","og_title":"Front Spoiler Bar Lowline V03 Scania Nextgen XT - RST-Steel","og_description":"Front Spoiler Bar Lowline V03 Scania Nextgen XT. Durable, precision-fit design that enhances protection, style, and functionality for daily heavy-duty use.","og_url":"https:\/\/rst-steel.com\/nb\/produktkategori\/front-spoiler-bars\/front-spoiler-bars-for-trucks\/scania-front-spoiler-bars\/front-spoiler-bar-lowline-v03-scania-nextgen-xt\/","og_site_name":"RST-Steel","article_modified_time":"2026-04-15T06:10:37+00:00","og_image":[{"width":2000,"height":1499,"url":"https:\/\/rst-steel.com\/wp-content\/uploads\/2026\/03\/1dc860ae9d4d25330f4509ca60297d6d8a1a6565_64e8852a6b50dea2624a54ef4ef4066d.jpg","type":"image\/jpeg"}],"twitter_card":"summary_large_image","twitter_misc":{"Ansl. lesetid":"2 minutter"},"schema":{"@context":"https:\/\/schema.org","@graph":[{"@type":"WebPage","@id":"https:\/\/rst-steel.com\/product-category\/front-spoiler-bars\/front-spoiler-bars-for-trucks\/scania-front-spoiler-bars\/front-spoiler-bar-lowline-v03-scania-nextgen-xt\/","url":"https:\/\/rst-steel.com\/product-category\/front-spoiler-bars\/front-spoiler-bars-for-trucks\/scania-front-spoiler-bars\/front-spoiler-bar-lowline-v03-scania-nextgen-xt\/","name":"Front Spoiler Bar Lowline V03 Scania Nextgen XT - RST-Steel","isPartOf":{"@id":"https:\/\/rst-steel.com\/#website"},"primaryImageOfPage":{"@id":"https:\/\/rst-steel.com\/product-category\/front-spoiler-bars\/front-spoiler-bars-for-trucks\/scania-front-spoiler-bars\/front-spoiler-bar-lowline-v03-scania-nextgen-xt\/#primaryimage"},"image":{"@id":"https:\/\/rst-steel.com\/product-category\/front-spoiler-bars\/front-spoiler-bars-for-trucks\/scania-front-spoiler-bars\/front-spoiler-bar-lowline-v03-scania-nextgen-xt\/#primaryimage"},"thumbnailUrl":"https:\/\/rst-steel.com\/wp-content\/uploads\/2026\/03\/1dc860ae9d4d25330f4509ca60297d6d8a1a6565_64e8852a6b50dea2624a54ef4ef4066d.jpg","datePublished":"2026-03-20T08:01:04+00:00","dateModified":"2026-04-15T06:10:37+00:00","description":"Front Spoiler Bar Lowline V03 Scania Nextgen XT. Durable, precision-fit design that enhances protection, style, and functionality for daily heavy-duty use.","breadcrumb":{"@id":"https:\/\/rst-steel.com\/product-category\/front-spoiler-bars\/front-spoiler-bars-for-trucks\/scania-front-spoiler-bars\/front-spoiler-bar-lowline-v03-scania-nextgen-xt\/#breadcrumb"},"inLanguage":"nb-NO","potentialAction":[{"@type":"ReadAction","target":["https:\/\/rst-steel.com\/product-category\/front-spoiler-bars\/front-spoiler-bars-for-trucks\/scania-front-spoiler-bars\/front-spoiler-bar-lowline-v03-scania-nextgen-xt\/"]}]},{"@type":"ImageObject","inLanguage":"nb-NO","@id":"https:\/\/rst-steel.com\/product-category\/front-spoiler-bars\/front-spoiler-bars-for-trucks\/scania-front-spoiler-bars\/front-spoiler-bar-lowline-v03-scania-nextgen-xt\/#primaryimage","url":"https:\/\/rst-steel.com\/wp-content\/uploads\/2026\/03\/1dc860ae9d4d25330f4509ca60297d6d8a1a6565_64e8852a6b50dea2624a54ef4ef4066d.jpg","contentUrl":"https:\/\/rst-steel.com\/wp-content\/uploads\/2026\/03\/1dc860ae9d4d25330f4509ca60297d6d8a1a6565_64e8852a6b50dea2624a54ef4ef4066d.jpg","width":2000,"height":1499,"caption":"prm_65980"},{"@type":"BreadcrumbList","@id":"https:\/\/rst-steel.com\/product-category\/front-spoiler-bars\/front-spoiler-bars-for-trucks\/scania-front-spoiler-bars\/front-spoiler-bar-lowline-v03-scania-nextgen-xt\/#breadcrumb","itemListElement":[{"@type":"ListItem","position":1,"name":"Home","item":"https:\/\/rst-steel.com\/"},{"@type":"ListItem","position":2,"name":"RST-Steel Verkkokauppa","item":"https:\/\/rst-steel.com\/shop\/"},{"@type":"ListItem","position":3,"name":"Front Spoiler Bar Lowline V03 Scania Nextgen XT"}]},{"@type":"WebSite","@id":"https:\/\/rst-steel.com\/#website","url":"https:\/\/rst-steel.com\/","name":"RST-Steel Oy - Turvallista, tyylik\u00e4st\u00e4, ter\u00e4st\u00e4","description":"Finsk kvalitet for kvalitetsbevisste sj\u00e5f\u00f8rer","publisher":{"@id":"https:\/\/rst-steel.com\/#organization"},"potentialAction":[{"@type":"SearchAction","target":{"@type":"EntryPoint","urlTemplate":"https:\/\/rst-steel.com\/?s={search_term_string}"},"query-input":{"@type":"PropertyValueSpecification","valueRequired":true,"valueName":"search_term_string"}}],"inLanguage":"nb-NO"},{"@type":"Organization","@id":"https:\/\/rst-steel.com\/#organization","name":"RST-Steel Oy","alternateName":"RST-Steel Oy - Turvallista, tyylik\u00e4st\u00e4, ter\u00e4st\u00e4","url":"https:\/\/rst-steel.com\/","logo":{"@type":"ImageObject","inLanguage":"nb-NO","@id":"https:\/\/rst-steel.com\/#\/schema\/logo\/image\/","url":"https:\/\/rst-steel.com\/wp-content\/uploads\/2025\/02\/cropped-rst-valkoinen-ilman-taustaa-02.png","contentUrl":"https:\/\/rst-steel.com\/wp-content\/uploads\/2025\/02\/cropped-rst-valkoinen-ilman-taustaa-02.png","width":2319,"height":690,"caption":"RST-Steel Oy"},"image":{"@id":"https:\/\/rst-steel.com\/#\/schema\/logo\/image\/"}}]}},"_links":{"self":[{"href":"https:\/\/rst-steel.com\/nb\/wp-json\/wp\/v2\/product\/191152","targetHints":{"allow":["GET"]}}],"collection":[{"href":"https:\/\/rst-steel.com\/nb\/wp-json\/wp\/v2\/product"}],"about":[{"href":"https:\/\/rst-steel.com\/nb\/wp-json\/wp\/v2\/types\/product"}],"version-history":[{"count":1,"href":"https:\/\/rst-steel.com\/nb\/wp-json\/wp\/v2\/product\/191152\/revisions"}],"predecessor-version":[{"id":199043,"href":"https:\/\/rst-steel.com\/nb\/wp-json\/wp\/v2\/product\/191152\/revisions\/199043"}],"wp:featuredmedia":[{"embeddable":true,"href":"https:\/\/rst-steel.com\/nb\/wp-json\/wp\/v2\/media\/191150"}],"wp:attachment":[{"href":"https:\/\/rst-steel.com\/nb\/wp-json\/wp\/v2\/media?parent=191152"}],"wp:term":[{"taxonomy":"make_year","embeddable":true,"href":"https:\/\/rst-steel.com\/nb\/wp-json\/wp\/v2\/make_year?post=191152"},{"taxonomy":"make_brand","embeddable":true,"href":"https:\/\/rst-steel.com\/nb\/wp-json\/wp\/v2\/make_brand?post=191152"},{"taxonomy":"make_model","embeddable":true,"href":"https:\/\/rst-steel.com\/nb\/wp-json\/wp\/v2\/make_model?post=191152"},{"taxonomy":"make_fuel_type","embeddable":true,"href":"https:\/\/rst-steel.com\/nb\/wp-json\/wp\/v2\/make_fuel_type?post=191152"},{"taxonomy":"product_brand","embeddable":true,"href":"https:\/\/rst-steel.com\/nb\/wp-json\/wp\/v2\/product_brand?post=191152"},{"taxonomy":"product_cat","embeddable":true,"href":"https:\/\/rst-steel.com\/nb\/wp-json\/wp\/v2\/product_cat?post=191152"},{"taxonomy":"product_tag","embeddable":true,"href":"https:\/\/rst-steel.com\/nb\/wp-json\/wp\/v2\/product_tag?post=191152"}],"curies":[{"name":"wp","href":"https:\/\/api.w.org\/{rel}","templated":true}]}}