{"id":191280,"date":"2026-03-20T10:03:26","date_gmt":"2026-03-20T08:03:26","guid":{"rendered":"https:\/\/rst-steel.com\/tuote-osasto\/Ei-luokiteltu\/scania-nextgen-r-s-bull-bar-freeway-v25-legalpro\/"},"modified":"2026-04-15T09:10:36","modified_gmt":"2026-04-15T06:10:36","slug":"scania-nextgen-r-s-bull-bar-freeway-v25-legalpro","status":"publish","type":"product","link":"https:\/\/rst-steel.com\/nb\/produktkategori\/bull-bars\/scania-bull-bars\/scania-nextgen-r-s-bull-bar-freeway-v25-legalpro\/","title":{"rendered":"Scania NextGen R\/S Bull Bar Freeway V25 (LegalPro)"},"content":{"rendered":"<p><span style=\"font-weight: bold\">Features<\/span><\/p>\n<ul>\n<li><span style=\"font-weight: bold\">Compatibility<\/span>: Fits Scania NextGen R\/S models<\/li>\n<li><span style=\"font-weight: bold\">Durability<\/span>: Manufactured from high-quality stainless steel designed to withstand even the toughest conditions.<\/li>\n<li><span style=\"font-weight: bold\">Easy installation<\/span>: Includes installation instructions and mounting hardware, allowing you to install the bullbar yourself.<\/li>\n<li><span style=\"font-weight: bold\">Stylish appearance:<\/span>&nbsp;This bull bar gives your vehicle a modern and dynamic look. Its sleek design and polished or painted steel finish make your truck stand out on the road.<\/li>\n<li><span style=\"font-weight: bold\">Maximum protection:<\/span>&nbsp;The bull bar provides effective protection for the front of your vehicle, helping to prevent damage in collisions. This reduces the risk of costly repairs and keeps your truck in better condition for longer.<\/li>\n<\/ul>\n<p><span style=\"font-weight: bold\">Note! I and J models are approved to be used all around Europe an in many other countries suchs as norway!<\/span><\/p>\n<ul>\n<li>Swedish Transport Agency TSFS 2017:10<\/li>\n<li>EU Directive 92\/114\/EEC<\/li>\n<li>ECE Regulation No. 61<\/li>\n<\/ul>\n<p>Based on this, Bull Bars have received official road traffic approval and can be legally used in all EU countries as well as in Norway. What does a road traffic-approved BullBar mean? A road traffic-approved BullBar means that the product is fully approved for road traffic use in Europe and Norway, and they can be installed on the vehicle even during inspection.<\/p>\n<p>RST-Steel\u2019s bull bars are premium&nbsp;<span style=\"font-weight: bold\">Finnish-made<\/span>&nbsp;products crafted from stainless steel.<\/p>\n<p>A bull bar protects the front of the truck in potential collision situations. It gives your vehicle a robust and stylish appearance, turns heads, and can spark admiration\u2014helping you and your company stand out.<\/p>\n<p>The bullbar can be equipped with auxiliary lights and position lights to improve visibility in traffic, adding safety for both you and others on the road.<\/p>\n<p><span style=\"font-weight: bold\">The bull bar is designed for quick and easy removal, for example during maintenance work.<\/span><\/p>\n<p><span style=\"font-weight: bold\">Why Choose RST-Steel?<\/span><\/p>\n<ul>\n<li><span style=\"font-weight: bold\">Made in Finland:<\/span>&nbsp;Every RST-Steel product is made in our own factory in Nivala.<\/li>\n<li><span style=\"font-weight: bold\">Reliability<\/span>: Years of experience and expertise ensure the high quality and durability of our products.<\/li>\n<li><span style=\"font-weight: bold\">Customer satisfaction:<\/span>&nbsp;Thousands of satisfied customers around the world trust RST-Steel products.<\/li>\n<\/ul>\n<p><span style=\"font-weight: bold\">Technical Specifications<\/span><\/p>\n<ul>\n<li>Color: Mirror-polished stainless steel or&nbsp;Powdercoated with RAL colors<\/li>\n<li>Pipe diameters: 76 mm \/ 60 mm<\/li>\n<\/ul>\n<p><span style=\"font-weight: bold\">Delivery Contents<\/span><\/p>\n<ul>\n<li>Bull bar<\/li>\n<li>Mounting brackets required for installation<\/li>\n<\/ul>\n<ul>\n<li>Installation instructions<\/li>\n<\/ul>","protected":false},"excerpt":{"rendered":"<p>Features Compatibility: Fits Scania NextGen R\/S models Durability: Manufactured from high-quality stainless steel designed to withstand even the toughest conditions&#8230;.<\/p>","protected":false},"featured_media":191278,"template":"","meta":[],"make_year":[10907],"make_brand":[10935],"make_model":[10994,10995],"make_fuel_type":[],"product_brand":[9443],"product_cat":[10670,10671],"product_tag":[],"class_list":{"0":"post-191280","1":"product","2":"type-product","3":"status-publish","4":"has-post-thumbnail","6":"make_year-trucks","7":"make_brand-scania","8":"make_model-nextgen-r-2017","9":"make_model-nextgen-s-2017","10":"make_engine-scng-paivaohjaamo-matala-cr17l","11":"make_engine-scng-paivaohjaamo-normaali-cr17n","12":"make_engine-scng-makuuohjaamo-highline-cr20h","13":"make_engine-scng-makuuohjaamo-highline-cs20h","14":"make_engine-scng-makuuohjaamo-matala-cr20l","15":"make_engine-scng-makuuohjaamo-normaali-cr20n","16":"make_engine-scng-makuuohjaamo-normaali-cs20n","17":"product_brand-brand_rststeel","18":"product_cat-bull-bars","19":"product_cat-scania-bull-bars","20":"product_shipping_class-bullbars","22":"first","23":"instock","24":"taxable","25":"shipping-taxable","26":"purchasable","27":"product-type-variable"},"yoast_head":"<!-- This site is optimized with the Yoast SEO plugin v27.1.1 - https:\/\/yoast.com\/product\/yoast-seo-wordpress\/ -->\n<title>Scania NextGen R\/S Bull Bar Freeway V25 (LegalPro) - RST-Steel<\/title>\n<meta name=\"description\" content=\"Freeway Bull Bar: Heavy-duty bull bar for Scania NextGen (2017+), offering superior front-end protection and a rugged design.\" \/>\n<meta name=\"robots\" content=\"index, follow, max-snippet:-1, max-image-preview:large, max-video-preview:-1\" \/>\n<link rel=\"canonical\" href=\"https:\/\/rst-steel.com\/nb\/produktkategori\/bull-bars\/scania-bull-bars\/scania-nextgen-r-s-bull-bar-freeway-v25-legalpro\/\" \/>\n<meta property=\"og:locale\" content=\"nb_NO\" \/>\n<meta property=\"og:type\" content=\"article\" \/>\n<meta property=\"og:title\" content=\"Scania NextGen R\/S Bull Bar Freeway V25 (LegalPro) - RST-Steel\" \/>\n<meta property=\"og:description\" content=\"Freeway Bull Bar: Heavy-duty bull bar for Scania NextGen (2017+), offering superior front-end protection and a rugged design.\" \/>\n<meta property=\"og:url\" content=\"https:\/\/rst-steel.com\/nb\/produktkategori\/bull-bars\/scania-bull-bars\/scania-nextgen-r-s-bull-bar-freeway-v25-legalpro\/\" \/>\n<meta property=\"og:site_name\" content=\"RST-Steel\" \/>\n<meta property=\"article:modified_time\" content=\"2026-04-15T06:10:36+00:00\" \/>\n<meta property=\"og:image\" content=\"https:\/\/rst-steel.com\/wp-content\/uploads\/2026\/03\/b0d35b1ae9ac9263842ac6aac10a2bb3a57769e8_ff25946e4038d2fd0f6ec0b660dbafb8.png\" \/>\n\t<meta property=\"og:image:width\" content=\"1024\" \/>\n\t<meta property=\"og:image:height\" content=\"1024\" \/>\n\t<meta property=\"og:image:type\" content=\"image\/png\" \/>\n<meta name=\"twitter:card\" content=\"summary_large_image\" \/>\n<meta name=\"twitter:label1\" content=\"Ansl. lesetid\" \/>\n\t<meta name=\"twitter:data1\" content=\"2 minutter\" \/>\n<script type=\"application\/ld+json\" class=\"yoast-schema-graph\">{\"@context\":\"https:\/\/schema.org\",\"@graph\":[{\"@type\":\"WebPage\",\"@id\":\"https:\/\/rst-steel.com\/product-category\/bull-bars\/scania-bull-bars\/scania-nextgen-r-s-bull-bar-freeway-v25-legalpro\/\",\"url\":\"https:\/\/rst-steel.com\/product-category\/bull-bars\/scania-bull-bars\/scania-nextgen-r-s-bull-bar-freeway-v25-legalpro\/\",\"name\":\"Scania NextGen R\/S Bull Bar Freeway V25 (LegalPro) - RST-Steel\",\"isPartOf\":{\"@id\":\"https:\/\/rst-steel.com\/#website\"},\"primaryImageOfPage\":{\"@id\":\"https:\/\/rst-steel.com\/product-category\/bull-bars\/scania-bull-bars\/scania-nextgen-r-s-bull-bar-freeway-v25-legalpro\/#primaryimage\"},\"image\":{\"@id\":\"https:\/\/rst-steel.com\/product-category\/bull-bars\/scania-bull-bars\/scania-nextgen-r-s-bull-bar-freeway-v25-legalpro\/#primaryimage\"},\"thumbnailUrl\":\"https:\/\/rst-steel.com\/wp-content\/uploads\/2026\/03\/b0d35b1ae9ac9263842ac6aac10a2bb3a57769e8_ff25946e4038d2fd0f6ec0b660dbafb8.png\",\"datePublished\":\"2026-03-20T08:03:26+00:00\",\"dateModified\":\"2026-04-15T06:10:36+00:00\",\"description\":\"Freeway Bull Bar: Heavy-duty bull bar for Scania NextGen (2017+), offering superior front-end protection and a rugged design.\",\"breadcrumb\":{\"@id\":\"https:\/\/rst-steel.com\/product-category\/bull-bars\/scania-bull-bars\/scania-nextgen-r-s-bull-bar-freeway-v25-legalpro\/#breadcrumb\"},\"inLanguage\":\"nb-NO\",\"potentialAction\":[{\"@type\":\"ReadAction\",\"target\":[\"https:\/\/rst-steel.com\/product-category\/bull-bars\/scania-bull-bars\/scania-nextgen-r-s-bull-bar-freeway-v25-legalpro\/\"]}]},{\"@type\":\"ImageObject\",\"inLanguage\":\"nb-NO\",\"@id\":\"https:\/\/rst-steel.com\/product-category\/bull-bars\/scania-bull-bars\/scania-nextgen-r-s-bull-bar-freeway-v25-legalpro\/#primaryimage\",\"url\":\"https:\/\/rst-steel.com\/wp-content\/uploads\/2026\/03\/b0d35b1ae9ac9263842ac6aac10a2bb3a57769e8_ff25946e4038d2fd0f6ec0b660dbafb8.png\",\"contentUrl\":\"https:\/\/rst-steel.com\/wp-content\/uploads\/2026\/03\/b0d35b1ae9ac9263842ac6aac10a2bb3a57769e8_ff25946e4038d2fd0f6ec0b660dbafb8.png\",\"width\":1024,\"height\":1024,\"caption\":\"prm_66045\"},{\"@type\":\"BreadcrumbList\",\"@id\":\"https:\/\/rst-steel.com\/product-category\/bull-bars\/scania-bull-bars\/scania-nextgen-r-s-bull-bar-freeway-v25-legalpro\/#breadcrumb\",\"itemListElement\":[{\"@type\":\"ListItem\",\"position\":1,\"name\":\"Home\",\"item\":\"https:\/\/rst-steel.com\/\"},{\"@type\":\"ListItem\",\"position\":2,\"name\":\"RST-Steel Verkkokauppa\",\"item\":\"https:\/\/rst-steel.com\/shop\/\"},{\"@type\":\"ListItem\",\"position\":3,\"name\":\"Scania NextGen R\/S Bull Bar Freeway V25 (LegalPro)\"}]},{\"@type\":\"WebSite\",\"@id\":\"https:\/\/rst-steel.com\/#website\",\"url\":\"https:\/\/rst-steel.com\/\",\"name\":\"RST-Steel Oy - Turvallista, tyylik\u00e4st\u00e4, ter\u00e4st\u00e4\",\"description\":\"Finnish quality for discerning drivers\",\"publisher\":{\"@id\":\"https:\/\/rst-steel.com\/#organization\"},\"potentialAction\":[{\"@type\":\"SearchAction\",\"target\":{\"@type\":\"EntryPoint\",\"urlTemplate\":\"https:\/\/rst-steel.com\/?s={search_term_string}\"},\"query-input\":{\"@type\":\"PropertyValueSpecification\",\"valueRequired\":true,\"valueName\":\"search_term_string\"}}],\"inLanguage\":\"nb-NO\"},{\"@type\":\"Organization\",\"@id\":\"https:\/\/rst-steel.com\/#organization\",\"name\":\"RST-Steel Oy\",\"alternateName\":\"RST-Steel Oy - Turvallista, tyylik\u00e4st\u00e4, ter\u00e4st\u00e4\",\"url\":\"https:\/\/rst-steel.com\/\",\"logo\":{\"@type\":\"ImageObject\",\"inLanguage\":\"nb-NO\",\"@id\":\"https:\/\/rst-steel.com\/#\/schema\/logo\/image\/\",\"url\":\"https:\/\/rst-steel.com\/wp-content\/uploads\/2025\/02\/cropped-rst-valkoinen-ilman-taustaa-02.png\",\"contentUrl\":\"https:\/\/rst-steel.com\/wp-content\/uploads\/2025\/02\/cropped-rst-valkoinen-ilman-taustaa-02.png\",\"width\":2319,\"height\":690,\"caption\":\"RST-Steel Oy\"},\"image\":{\"@id\":\"https:\/\/rst-steel.com\/#\/schema\/logo\/image\/\"}}]}<\/script>\n<!-- \/ Yoast SEO plugin. -->","yoast_head_json":{"title":"Scania NextGen R\/S Bull Bar Freeway V25 (LegalPro) - RST-Steel","description":"Freeway Bull Bar: Heavy-duty bull bar for Scania NextGen (2017+), offering superior front-end protection and a rugged design.","robots":{"index":"index","follow":"follow","max-snippet":"max-snippet:-1","max-image-preview":"max-image-preview:large","max-video-preview":"max-video-preview:-1"},"canonical":"https:\/\/rst-steel.com\/nb\/produktkategori\/bull-bars\/scania-bull-bars\/scania-nextgen-r-s-bull-bar-freeway-v25-legalpro\/","og_locale":"nb_NO","og_type":"article","og_title":"Scania NextGen R\/S Bull Bar Freeway V25 (LegalPro) - RST-Steel","og_description":"Freeway Bull Bar: Heavy-duty bull bar for Scania NextGen (2017+), offering superior front-end protection and a rugged design.","og_url":"https:\/\/rst-steel.com\/nb\/produktkategori\/bull-bars\/scania-bull-bars\/scania-nextgen-r-s-bull-bar-freeway-v25-legalpro\/","og_site_name":"RST-Steel","article_modified_time":"2026-04-15T06:10:36+00:00","og_image":[{"width":1024,"height":1024,"url":"https:\/\/rst-steel.com\/wp-content\/uploads\/2026\/03\/b0d35b1ae9ac9263842ac6aac10a2bb3a57769e8_ff25946e4038d2fd0f6ec0b660dbafb8.png","type":"image\/png"}],"twitter_card":"summary_large_image","twitter_misc":{"Ansl. lesetid":"2 minutter"},"schema":{"@context":"https:\/\/schema.org","@graph":[{"@type":"WebPage","@id":"https:\/\/rst-steel.com\/product-category\/bull-bars\/scania-bull-bars\/scania-nextgen-r-s-bull-bar-freeway-v25-legalpro\/","url":"https:\/\/rst-steel.com\/product-category\/bull-bars\/scania-bull-bars\/scania-nextgen-r-s-bull-bar-freeway-v25-legalpro\/","name":"Scania NextGen R\/S Bull Bar Freeway V25 (LegalPro) - RST-Steel","isPartOf":{"@id":"https:\/\/rst-steel.com\/#website"},"primaryImageOfPage":{"@id":"https:\/\/rst-steel.com\/product-category\/bull-bars\/scania-bull-bars\/scania-nextgen-r-s-bull-bar-freeway-v25-legalpro\/#primaryimage"},"image":{"@id":"https:\/\/rst-steel.com\/product-category\/bull-bars\/scania-bull-bars\/scania-nextgen-r-s-bull-bar-freeway-v25-legalpro\/#primaryimage"},"thumbnailUrl":"https:\/\/rst-steel.com\/wp-content\/uploads\/2026\/03\/b0d35b1ae9ac9263842ac6aac10a2bb3a57769e8_ff25946e4038d2fd0f6ec0b660dbafb8.png","datePublished":"2026-03-20T08:03:26+00:00","dateModified":"2026-04-15T06:10:36+00:00","description":"Freeway Bull Bar: Heavy-duty bull bar for Scania NextGen (2017+), offering superior front-end protection and a rugged design.","breadcrumb":{"@id":"https:\/\/rst-steel.com\/product-category\/bull-bars\/scania-bull-bars\/scania-nextgen-r-s-bull-bar-freeway-v25-legalpro\/#breadcrumb"},"inLanguage":"nb-NO","potentialAction":[{"@type":"ReadAction","target":["https:\/\/rst-steel.com\/product-category\/bull-bars\/scania-bull-bars\/scania-nextgen-r-s-bull-bar-freeway-v25-legalpro\/"]}]},{"@type":"ImageObject","inLanguage":"nb-NO","@id":"https:\/\/rst-steel.com\/product-category\/bull-bars\/scania-bull-bars\/scania-nextgen-r-s-bull-bar-freeway-v25-legalpro\/#primaryimage","url":"https:\/\/rst-steel.com\/wp-content\/uploads\/2026\/03\/b0d35b1ae9ac9263842ac6aac10a2bb3a57769e8_ff25946e4038d2fd0f6ec0b660dbafb8.png","contentUrl":"https:\/\/rst-steel.com\/wp-content\/uploads\/2026\/03\/b0d35b1ae9ac9263842ac6aac10a2bb3a57769e8_ff25946e4038d2fd0f6ec0b660dbafb8.png","width":1024,"height":1024,"caption":"prm_66045"},{"@type":"BreadcrumbList","@id":"https:\/\/rst-steel.com\/product-category\/bull-bars\/scania-bull-bars\/scania-nextgen-r-s-bull-bar-freeway-v25-legalpro\/#breadcrumb","itemListElement":[{"@type":"ListItem","position":1,"name":"Home","item":"https:\/\/rst-steel.com\/"},{"@type":"ListItem","position":2,"name":"RST-Steel Verkkokauppa","item":"https:\/\/rst-steel.com\/shop\/"},{"@type":"ListItem","position":3,"name":"Scania NextGen R\/S Bull Bar Freeway V25 (LegalPro)"}]},{"@type":"WebSite","@id":"https:\/\/rst-steel.com\/#website","url":"https:\/\/rst-steel.com\/","name":"RST-Steel Oy - Turvallista, tyylik\u00e4st\u00e4, ter\u00e4st\u00e4","description":"Finsk kvalitet for kvalitetsbevisste sj\u00e5f\u00f8rer","publisher":{"@id":"https:\/\/rst-steel.com\/#organization"},"potentialAction":[{"@type":"SearchAction","target":{"@type":"EntryPoint","urlTemplate":"https:\/\/rst-steel.com\/?s={search_term_string}"},"query-input":{"@type":"PropertyValueSpecification","valueRequired":true,"valueName":"search_term_string"}}],"inLanguage":"nb-NO"},{"@type":"Organization","@id":"https:\/\/rst-steel.com\/#organization","name":"Administrer alternativer","alternateName":"RST-Steel Oy - Turvallista, tyylik\u00e4st\u00e4, ter\u00e4st\u00e4","url":"https:\/\/rst-steel.com\/","logo":{"@type":"ImageObject","inLanguage":"nb-NO","@id":"https:\/\/rst-steel.com\/#\/schema\/logo\/image\/","url":"https:\/\/rst-steel.com\/wp-content\/uploads\/2025\/02\/cropped-rst-valkoinen-ilman-taustaa-02.png","contentUrl":"https:\/\/rst-steel.com\/wp-content\/uploads\/2025\/02\/cropped-rst-valkoinen-ilman-taustaa-02.png","width":2319,"height":690,"caption":"RST-Steel Oy"},"image":{"@id":"https:\/\/rst-steel.com\/#\/schema\/logo\/image\/"}}]}},"_links":{"self":[{"href":"https:\/\/rst-steel.com\/nb\/wp-json\/wp\/v2\/product\/191280","targetHints":{"allow":["GET"]}}],"collection":[{"href":"https:\/\/rst-steel.com\/nb\/wp-json\/wp\/v2\/product"}],"about":[{"href":"https:\/\/rst-steel.com\/nb\/wp-json\/wp\/v2\/types\/product"}],"version-history":[{"count":1,"href":"https:\/\/rst-steel.com\/nb\/wp-json\/wp\/v2\/product\/191280\/revisions"}],"predecessor-version":[{"id":199038,"href":"https:\/\/rst-steel.com\/nb\/wp-json\/wp\/v2\/product\/191280\/revisions\/199038"}],"wp:featuredmedia":[{"embeddable":true,"href":"https:\/\/rst-steel.com\/nb\/wp-json\/wp\/v2\/media\/191278"}],"wp:attachment":[{"href":"https:\/\/rst-steel.com\/nb\/wp-json\/wp\/v2\/media?parent=191280"}],"wp:term":[{"taxonomy":"make_year","embeddable":true,"href":"https:\/\/rst-steel.com\/nb\/wp-json\/wp\/v2\/make_year?post=191280"},{"taxonomy":"make_brand","embeddable":true,"href":"https:\/\/rst-steel.com\/nb\/wp-json\/wp\/v2\/make_brand?post=191280"},{"taxonomy":"make_model","embeddable":true,"href":"https:\/\/rst-steel.com\/nb\/wp-json\/wp\/v2\/make_model?post=191280"},{"taxonomy":"make_fuel_type","embeddable":true,"href":"https:\/\/rst-steel.com\/nb\/wp-json\/wp\/v2\/make_fuel_type?post=191280"},{"taxonomy":"product_brand","embeddable":true,"href":"https:\/\/rst-steel.com\/nb\/wp-json\/wp\/v2\/product_brand?post=191280"},{"taxonomy":"product_cat","embeddable":true,"href":"https:\/\/rst-steel.com\/nb\/wp-json\/wp\/v2\/product_cat?post=191280"},{"taxonomy":"product_tag","embeddable":true,"href":"https:\/\/rst-steel.com\/nb\/wp-json\/wp\/v2\/product_tag?post=191280"}],"curies":[{"name":"wp","href":"https:\/\/api.w.org\/{rel}","templated":true}]}}