{"id":191323,"date":"2026-03-20T10:04:13","date_gmt":"2026-03-20T08:04:13","guid":{"rendered":"https:\/\/rst-steel.com\/tuote-osasto\/Ei-luokiteltu\/scania-nextgen-r-s-bull-bar-freeway-v02\/"},"modified":"2026-04-15T09:10:35","modified_gmt":"2026-04-15T06:10:35","slug":"scania-nextgen-r-s-bull-bar-freeway-v02","status":"publish","type":"product","link":"https:\/\/rst-steel.com\/nb\/produktkategori\/bull-bars\/scania-bull-bars\/scania-nextgen-r-s-bull-bar-freeway-v02\/","title":{"rendered":"Scania NextGen R\/S Bull Bar Freeway V02"},"content":{"rendered":"<div><span style=\"font-weight: bold\">Features:<\/span><\/div>\n<ul>\n<li><span style=\"font-weight: bold\">Compatibility<\/span>: Fits Scania NextGen R\/S models with a big or medium bumper from 2017 onwards.<\/li>\n<li><span style=\"font-weight: bold\">Durability<\/span>: Made from high-quality stainless steel, built to withstand the toughest conditions.<\/li>\n<li><span style=\"font-weight: bold\">Easy Installation<\/span>: Includes installation instructions and hardware, allowing you to install the bull bar yourself.<\/li>\n<li><span style=\"font-weight: bold\">Stylish Design:<\/span>&nbsp;Gives your truck a modern and dynamic appearance. Its sleek design and polished or painted steel finish make your truck stand out and look impressive.<\/li>\n<li><span style=\"font-weight: bold\">Maximum Protection:<\/span>&nbsp;The bull bar provides effective protection for the front of your vehicle, safeguarding it from collisions and damage. This reduces the risk of repairs and helps keep your truck in excellent condition for longer.<\/li>\n<\/ul>\n<p>RST-Steel&#8217;s Bull bars are high-quality products&nbsp;<span style=\"font-weight: bold\">made in Finland<\/span>&nbsp;from stainless steel.<\/p>\n<p>This high-quality bull bar is designed to provide maximum protection and durability, while also adding a touch of elegance and prestige to your vehicle.<\/p>\n<p>The bull bar protects the front of the vehicle in potential collision situations. It gives the truck a robust and stylish look, drawing attention and making you and your company stand out.<\/p>\n<p><span style=\"font-weight: bold\">Removing the bumper is made as easy as possible for maintenance work.<\/span><\/p>\n<p><span style=\"font-weight: bold\">Why Choose RST-Steel?<\/span><\/p>\n<ul>\n<li><span style=\"font-weight: bold\">Made in Finland:<\/span>&nbsp;All our products are manufactured in our own production facility in Nivala, Finland.<\/li>\n<li><span style=\"font-weight: bold\">Reliability<\/span>: Years of experience and expertise ensure the high quality and durability of our products.<\/li>\n<li><span style=\"font-weight: bold\">Customer Satisfaction:<\/span>&nbsp;Thousands of satisfied customers worldwide trust RST-Steel products.<\/li>\n<\/ul>\n<p><span style=\"font-weight: bold\">Technical information:<\/span><\/p>\n<ul>\n<li>Color: Polished stainless steel or Powdercoated with RAL colors<\/li>\n<li>Pipes diameters: 76 mm \/ 60 mm<\/li>\n<\/ul>\n<p><span style=\"font-weight: bold\">Delivery contents:<\/span><\/p>\n<ul>\n<li>Bull Bar<\/li>\n<li>Fasteners required for installation<\/li>\n<li>Installation instructions<\/li>\n<\/ul>","protected":false},"excerpt":{"rendered":"<p>Features: Compatibility: Fits Scania NextGen R\/S models with a big or medium bumper from 2017 onwards. Durability: Made from high-quality&#8230;<\/p>","protected":false},"featured_media":191320,"template":"","meta":[],"make_year":[10907],"make_brand":[10935],"make_model":[10994,10995],"make_fuel_type":[],"product_brand":[9443],"product_cat":[10670,10671],"product_tag":[],"class_list":{"0":"post-191323","1":"product","2":"type-product","3":"status-publish","4":"has-post-thumbnail","6":"make_year-trucks","7":"make_brand-scania","8":"make_model-nextgen-r-2017","9":"make_model-nextgen-s-2017","10":"make_engine-scng-paivaohjaamo-matala-cr17l","11":"make_engine-scng-paivaohjaamo-normaali-cr17n","12":"make_engine-scng-makuuohjaamo-highline-cr20h","13":"make_engine-scng-makuuohjaamo-highline-cs20h","14":"make_engine-scng-makuuohjaamo-matala-cr20l","15":"make_engine-scng-makuuohjaamo-normaali-cr20n","16":"make_engine-scng-makuuohjaamo-normaali-cs20n","17":"product_brand-brand_rststeel","18":"product_cat-bull-bars","19":"product_cat-scania-bull-bars","20":"product_shipping_class-bullbars","22":"first","23":"instock","24":"taxable","25":"shipping-taxable","26":"purchasable","27":"product-type-variable"},"yoast_head":"<!-- This site is optimized with the Yoast SEO plugin v27.1.1 - https:\/\/yoast.com\/product\/yoast-seo-wordpress\/ -->\n<title>Scania NextGen R\/S Bull Bar Freeway V02 RST-Steel<\/title>\n<meta name=\"description\" content=\"Bull Bar Freeway Scania NextGen R\/S 2017- models. Several model options available! Check out the products in our online store!\" \/>\n<meta name=\"robots\" content=\"index, follow, max-snippet:-1, max-image-preview:large, max-video-preview:-1\" \/>\n<link rel=\"canonical\" href=\"https:\/\/rst-steel.com\/nb\/produktkategori\/bull-bars\/scania-bull-bars\/scania-nextgen-r-s-bull-bar-freeway-v02\/\" \/>\n<meta property=\"og:locale\" content=\"nb_NO\" \/>\n<meta property=\"og:type\" content=\"article\" \/>\n<meta property=\"og:title\" content=\"Scania NextGen R\/S Bull Bar Freeway V02 RST-Steel\" \/>\n<meta property=\"og:description\" content=\"Bull Bar Freeway Scania NextGen R\/S 2017- models. Several model options available! Check out the products in our online store!\" \/>\n<meta property=\"og:url\" content=\"https:\/\/rst-steel.com\/nb\/produktkategori\/bull-bars\/scania-bull-bars\/scania-nextgen-r-s-bull-bar-freeway-v02\/\" \/>\n<meta property=\"og:site_name\" content=\"RST-Steel\" \/>\n<meta property=\"article:modified_time\" content=\"2026-04-15T06:10:35+00:00\" \/>\n<meta property=\"og:image\" content=\"https:\/\/rst-steel.com\/wp-content\/uploads\/2026\/03\/d39bbb4e7cdf23518bc29d63bb7a1a00144d7ead_58e35d5b0969e8699af345463f132b94.png\" \/>\n\t<meta property=\"og:image:width\" content=\"1024\" \/>\n\t<meta property=\"og:image:height\" content=\"1024\" \/>\n\t<meta property=\"og:image:type\" content=\"image\/png\" \/>\n<meta name=\"twitter:card\" content=\"summary_large_image\" \/>\n<meta name=\"twitter:label1\" content=\"Ansl. lesetid\" \/>\n\t<meta name=\"twitter:data1\" content=\"2 minutter\" \/>\n<script type=\"application\/ld+json\" class=\"yoast-schema-graph\">{\"@context\":\"https:\/\/schema.org\",\"@graph\":[{\"@type\":\"WebPage\",\"@id\":\"https:\/\/rst-steel.com\/product-category\/bull-bars\/scania-bull-bars\/scania-nextgen-r-s-bull-bar-freeway-v02\/\",\"url\":\"https:\/\/rst-steel.com\/product-category\/bull-bars\/scania-bull-bars\/scania-nextgen-r-s-bull-bar-freeway-v02\/\",\"name\":\"Scania NextGen R\/S Bull Bar Freeway V02 RST-Steel\",\"isPartOf\":{\"@id\":\"https:\/\/rst-steel.com\/#website\"},\"primaryImageOfPage\":{\"@id\":\"https:\/\/rst-steel.com\/product-category\/bull-bars\/scania-bull-bars\/scania-nextgen-r-s-bull-bar-freeway-v02\/#primaryimage\"},\"image\":{\"@id\":\"https:\/\/rst-steel.com\/product-category\/bull-bars\/scania-bull-bars\/scania-nextgen-r-s-bull-bar-freeway-v02\/#primaryimage\"},\"thumbnailUrl\":\"https:\/\/rst-steel.com\/wp-content\/uploads\/2026\/03\/d39bbb4e7cdf23518bc29d63bb7a1a00144d7ead_58e35d5b0969e8699af345463f132b94.png\",\"datePublished\":\"2026-03-20T08:04:13+00:00\",\"dateModified\":\"2026-04-15T06:10:35+00:00\",\"description\":\"Bull Bar Freeway Scania NextGen R\/S 2017- models. Several model options available! Check out the products in our online store!\",\"breadcrumb\":{\"@id\":\"https:\/\/rst-steel.com\/product-category\/bull-bars\/scania-bull-bars\/scania-nextgen-r-s-bull-bar-freeway-v02\/#breadcrumb\"},\"inLanguage\":\"nb-NO\",\"potentialAction\":[{\"@type\":\"ReadAction\",\"target\":[\"https:\/\/rst-steel.com\/product-category\/bull-bars\/scania-bull-bars\/scania-nextgen-r-s-bull-bar-freeway-v02\/\"]}]},{\"@type\":\"ImageObject\",\"inLanguage\":\"nb-NO\",\"@id\":\"https:\/\/rst-steel.com\/product-category\/bull-bars\/scania-bull-bars\/scania-nextgen-r-s-bull-bar-freeway-v02\/#primaryimage\",\"url\":\"https:\/\/rst-steel.com\/wp-content\/uploads\/2026\/03\/d39bbb4e7cdf23518bc29d63bb7a1a00144d7ead_58e35d5b0969e8699af345463f132b94.png\",\"contentUrl\":\"https:\/\/rst-steel.com\/wp-content\/uploads\/2026\/03\/d39bbb4e7cdf23518bc29d63bb7a1a00144d7ead_58e35d5b0969e8699af345463f132b94.png\",\"width\":1024,\"height\":1024,\"caption\":\"prm_66057\"},{\"@type\":\"BreadcrumbList\",\"@id\":\"https:\/\/rst-steel.com\/product-category\/bull-bars\/scania-bull-bars\/scania-nextgen-r-s-bull-bar-freeway-v02\/#breadcrumb\",\"itemListElement\":[{\"@type\":\"ListItem\",\"position\":1,\"name\":\"Home\",\"item\":\"https:\/\/rst-steel.com\/\"},{\"@type\":\"ListItem\",\"position\":2,\"name\":\"RST-Steel Verkkokauppa\",\"item\":\"https:\/\/rst-steel.com\/shop\/\"},{\"@type\":\"ListItem\",\"position\":3,\"name\":\"Scania NextGen R\/S Bull Bar Freeway V02\"}]},{\"@type\":\"WebSite\",\"@id\":\"https:\/\/rst-steel.com\/#website\",\"url\":\"https:\/\/rst-steel.com\/\",\"name\":\"RST-Steel Oy - Turvallista, tyylik\u00e4st\u00e4, ter\u00e4st\u00e4\",\"description\":\"Finnish quality for discerning drivers\",\"publisher\":{\"@id\":\"https:\/\/rst-steel.com\/#organization\"},\"potentialAction\":[{\"@type\":\"SearchAction\",\"target\":{\"@type\":\"EntryPoint\",\"urlTemplate\":\"https:\/\/rst-steel.com\/?s={search_term_string}\"},\"query-input\":{\"@type\":\"PropertyValueSpecification\",\"valueRequired\":true,\"valueName\":\"search_term_string\"}}],\"inLanguage\":\"nb-NO\"},{\"@type\":\"Organization\",\"@id\":\"https:\/\/rst-steel.com\/#organization\",\"name\":\"RST-Steel Oy\",\"alternateName\":\"RST-Steel Oy - Turvallista, tyylik\u00e4st\u00e4, ter\u00e4st\u00e4\",\"url\":\"https:\/\/rst-steel.com\/\",\"logo\":{\"@type\":\"ImageObject\",\"inLanguage\":\"nb-NO\",\"@id\":\"https:\/\/rst-steel.com\/#\/schema\/logo\/image\/\",\"url\":\"https:\/\/rst-steel.com\/wp-content\/uploads\/2025\/02\/cropped-rst-valkoinen-ilman-taustaa-02.png\",\"contentUrl\":\"https:\/\/rst-steel.com\/wp-content\/uploads\/2025\/02\/cropped-rst-valkoinen-ilman-taustaa-02.png\",\"width\":2319,\"height\":690,\"caption\":\"RST-Steel Oy\"},\"image\":{\"@id\":\"https:\/\/rst-steel.com\/#\/schema\/logo\/image\/\"}}]}<\/script>\n<!-- \/ Yoast SEO plugin. -->","yoast_head_json":{"title":"Scania NextGen R\/S Bull Bar Freeway V02 RST-Steel","description":"Bull Bar Freeway Scania NextGen R\/S 2017- models. Several model options available! Check out the products in our online store!","robots":{"index":"index","follow":"follow","max-snippet":"max-snippet:-1","max-image-preview":"max-image-preview:large","max-video-preview":"max-video-preview:-1"},"canonical":"https:\/\/rst-steel.com\/nb\/produktkategori\/bull-bars\/scania-bull-bars\/scania-nextgen-r-s-bull-bar-freeway-v02\/","og_locale":"nb_NO","og_type":"article","og_title":"Scania NextGen R\/S Bull Bar Freeway V02 RST-Steel","og_description":"Bull Bar Freeway Scania NextGen R\/S 2017- models. Several model options available! Check out the products in our online store!","og_url":"https:\/\/rst-steel.com\/nb\/produktkategori\/bull-bars\/scania-bull-bars\/scania-nextgen-r-s-bull-bar-freeway-v02\/","og_site_name":"RST-Steel","article_modified_time":"2026-04-15T06:10:35+00:00","og_image":[{"width":1024,"height":1024,"url":"https:\/\/rst-steel.com\/wp-content\/uploads\/2026\/03\/d39bbb4e7cdf23518bc29d63bb7a1a00144d7ead_58e35d5b0969e8699af345463f132b94.png","type":"image\/png"}],"twitter_card":"summary_large_image","twitter_misc":{"Ansl. lesetid":"2 minutter"},"schema":{"@context":"https:\/\/schema.org","@graph":[{"@type":"WebPage","@id":"https:\/\/rst-steel.com\/product-category\/bull-bars\/scania-bull-bars\/scania-nextgen-r-s-bull-bar-freeway-v02\/","url":"https:\/\/rst-steel.com\/product-category\/bull-bars\/scania-bull-bars\/scania-nextgen-r-s-bull-bar-freeway-v02\/","name":"Scania NextGen R\/S Bull Bar Freeway V02 RST-Steel","isPartOf":{"@id":"https:\/\/rst-steel.com\/#website"},"primaryImageOfPage":{"@id":"https:\/\/rst-steel.com\/product-category\/bull-bars\/scania-bull-bars\/scania-nextgen-r-s-bull-bar-freeway-v02\/#primaryimage"},"image":{"@id":"https:\/\/rst-steel.com\/product-category\/bull-bars\/scania-bull-bars\/scania-nextgen-r-s-bull-bar-freeway-v02\/#primaryimage"},"thumbnailUrl":"https:\/\/rst-steel.com\/wp-content\/uploads\/2026\/03\/d39bbb4e7cdf23518bc29d63bb7a1a00144d7ead_58e35d5b0969e8699af345463f132b94.png","datePublished":"2026-03-20T08:04:13+00:00","dateModified":"2026-04-15T06:10:35+00:00","description":"Bull Bar Freeway Scania NextGen R\/S 2017- models. Several model options available! Check out the products in our online store!","breadcrumb":{"@id":"https:\/\/rst-steel.com\/product-category\/bull-bars\/scania-bull-bars\/scania-nextgen-r-s-bull-bar-freeway-v02\/#breadcrumb"},"inLanguage":"nb-NO","potentialAction":[{"@type":"ReadAction","target":["https:\/\/rst-steel.com\/product-category\/bull-bars\/scania-bull-bars\/scania-nextgen-r-s-bull-bar-freeway-v02\/"]}]},{"@type":"ImageObject","inLanguage":"nb-NO","@id":"https:\/\/rst-steel.com\/product-category\/bull-bars\/scania-bull-bars\/scania-nextgen-r-s-bull-bar-freeway-v02\/#primaryimage","url":"https:\/\/rst-steel.com\/wp-content\/uploads\/2026\/03\/d39bbb4e7cdf23518bc29d63bb7a1a00144d7ead_58e35d5b0969e8699af345463f132b94.png","contentUrl":"https:\/\/rst-steel.com\/wp-content\/uploads\/2026\/03\/d39bbb4e7cdf23518bc29d63bb7a1a00144d7ead_58e35d5b0969e8699af345463f132b94.png","width":1024,"height":1024,"caption":"prm_66057"},{"@type":"BreadcrumbList","@id":"https:\/\/rst-steel.com\/product-category\/bull-bars\/scania-bull-bars\/scania-nextgen-r-s-bull-bar-freeway-v02\/#breadcrumb","itemListElement":[{"@type":"ListItem","position":1,"name":"Home","item":"https:\/\/rst-steel.com\/"},{"@type":"ListItem","position":2,"name":"RST-Steel Verkkokauppa","item":"https:\/\/rst-steel.com\/shop\/"},{"@type":"ListItem","position":3,"name":"Scania NextGen R\/S Bull Bar Freeway V02"}]},{"@type":"WebSite","@id":"https:\/\/rst-steel.com\/#website","url":"https:\/\/rst-steel.com\/","name":"RST-Steel Oy - Turvallista, tyylik\u00e4st\u00e4, ter\u00e4st\u00e4","description":"Finsk kvalitet for kvalitetsbevisste sj\u00e5f\u00f8rer","publisher":{"@id":"https:\/\/rst-steel.com\/#organization"},"potentialAction":[{"@type":"SearchAction","target":{"@type":"EntryPoint","urlTemplate":"https:\/\/rst-steel.com\/?s={search_term_string}"},"query-input":{"@type":"PropertyValueSpecification","valueRequired":true,"valueName":"search_term_string"}}],"inLanguage":"nb-NO"},{"@type":"Organization","@id":"https:\/\/rst-steel.com\/#organization","name":"Administrer alternativer","alternateName":"RST-Steel Oy - Turvallista, tyylik\u00e4st\u00e4, ter\u00e4st\u00e4","url":"https:\/\/rst-steel.com\/","logo":{"@type":"ImageObject","inLanguage":"nb-NO","@id":"https:\/\/rst-steel.com\/#\/schema\/logo\/image\/","url":"https:\/\/rst-steel.com\/wp-content\/uploads\/2025\/02\/cropped-rst-valkoinen-ilman-taustaa-02.png","contentUrl":"https:\/\/rst-steel.com\/wp-content\/uploads\/2025\/02\/cropped-rst-valkoinen-ilman-taustaa-02.png","width":2319,"height":690,"caption":"RST-Steel Oy"},"image":{"@id":"https:\/\/rst-steel.com\/#\/schema\/logo\/image\/"}}]}},"_links":{"self":[{"href":"https:\/\/rst-steel.com\/nb\/wp-json\/wp\/v2\/product\/191323","targetHints":{"allow":["GET"]}}],"collection":[{"href":"https:\/\/rst-steel.com\/nb\/wp-json\/wp\/v2\/product"}],"about":[{"href":"https:\/\/rst-steel.com\/nb\/wp-json\/wp\/v2\/types\/product"}],"version-history":[{"count":1,"href":"https:\/\/rst-steel.com\/nb\/wp-json\/wp\/v2\/product\/191323\/revisions"}],"predecessor-version":[{"id":199036,"href":"https:\/\/rst-steel.com\/nb\/wp-json\/wp\/v2\/product\/191323\/revisions\/199036"}],"wp:featuredmedia":[{"embeddable":true,"href":"https:\/\/rst-steel.com\/nb\/wp-json\/wp\/v2\/media\/191320"}],"wp:attachment":[{"href":"https:\/\/rst-steel.com\/nb\/wp-json\/wp\/v2\/media?parent=191323"}],"wp:term":[{"taxonomy":"make_year","embeddable":true,"href":"https:\/\/rst-steel.com\/nb\/wp-json\/wp\/v2\/make_year?post=191323"},{"taxonomy":"make_brand","embeddable":true,"href":"https:\/\/rst-steel.com\/nb\/wp-json\/wp\/v2\/make_brand?post=191323"},{"taxonomy":"make_model","embeddable":true,"href":"https:\/\/rst-steel.com\/nb\/wp-json\/wp\/v2\/make_model?post=191323"},{"taxonomy":"make_fuel_type","embeddable":true,"href":"https:\/\/rst-steel.com\/nb\/wp-json\/wp\/v2\/make_fuel_type?post=191323"},{"taxonomy":"product_brand","embeddable":true,"href":"https:\/\/rst-steel.com\/nb\/wp-json\/wp\/v2\/product_brand?post=191323"},{"taxonomy":"product_cat","embeddable":true,"href":"https:\/\/rst-steel.com\/nb\/wp-json\/wp\/v2\/product_cat?post=191323"},{"taxonomy":"product_tag","embeddable":true,"href":"https:\/\/rst-steel.com\/nb\/wp-json\/wp\/v2\/product_tag?post=191323"}],"curies":[{"name":"wp","href":"https:\/\/api.w.org\/{rel}","templated":true}]}}