{"id":191408,"date":"2026-03-20T10:05:48","date_gmt":"2026-03-20T08:05:48","guid":{"rendered":"https:\/\/rst-steel.com\/tuote-osasto\/Ei-luokiteltu\/front-bar-man-tgx-2021\/"},"modified":"2026-04-17T08:59:37","modified_gmt":"2026-04-17T05:59:37","slug":"front-bar-man-tgx-2021","status":"publish","type":"product","link":"https:\/\/rst-steel.com\/nb\/produktkategori\/light-bars\/front-bars-for-trucks\/man-front-bars\/front-bar-man-tgx-2021\/","title":{"rendered":"Front Bar Man TGX 2021-"},"content":{"rendered":"<p>Front Bar Man TGX 2021-<\/p>\n<p>Need a reliable and stylish solution for installing auxiliary lights on your MAN TGX 2021 truck? Our front bar is designed specifically for your needs!<\/p>\n<p>RST-Steel&#8217;s front bars are high-quality products made of stainless steel, proudly carrying the Finnish Key Flag symbol. The front bar accentuates the sleek lines of the cabin and can be equipped with Lazer auxiliary lights to enhance safety. <\/p>\n<p><span style=\"font-weight: bold\">This model can fit either 2 pcs. Lazer Triple-R 1000 or 4 pcs. Lazer Sentinel 9&#8221; lights.<\/span><\/p>\n<div class=\"flex flex-grow flex-col max-w-full\">\n<div data-message-author-role=\"assistant\" data-message-id=\"4e329049-9ec7-48bd-90a3-ce58fdeb3690\" dir=\"auto\" class=\"min-h-[20px] text-message flex flex-col items-start whitespace-pre-wrap break-words [.text-message+&amp;]:mt-5 juice:w-full juice:items-end overflow-x-auto gap-2\">\n<div class=\"flex w-full flex-col gap-1 juice:empty:hidden juice:first:pt-[3px]\">\n<div class=\"markdown prose w-full break-words dark:prose-invert light\">\n<p><strong>Key Features:<\/strong><\/p>\n<ul>\n<li><strong>Compatibility:<\/strong> Designed specifically for MAN TGX 2021 models, ensuring quick and easy installation.<\/li>\n<li><strong>Materials:<\/strong> Made of durable stainless steel, providing long-lasting use and excellent weather resistance.<\/li>\n<li><strong>Stylish Design:<\/strong> Polished or powdercoated finish and elegant design enhance the appearance of your truck.<\/li>\n<li><strong>Light Installation:<\/strong> Easily mount multiple additional lights to the bar, significantly improving your vehicle&#8217;s illumination.<\/li>\n<li><strong>Safety:<\/strong> Enhances visibility in dark and challenging driving conditions, increasing safety for both the driver and other road users.<\/li>\n<\/ul>\n<p><strong>Why Choose RST-Steel?<\/strong><\/p>\n<ul>\n<li><strong>Reliability:<\/strong> Years of experience and expertise ensure the high quality and durability of our products.<\/li>\n<li><strong>Customer Satisfaction:<\/strong> Thousands of satisfied customers around the world trust RST-Steel products.<\/li>\n<\/ul>\n<p><strong>Tekniske spesifikasjoner:<\/strong><\/p>\n<ul>\n<li><strong>Color:<\/strong> Mirror-polished stainless steel or Powdercoated with RAL colors<\/li>\n<li><strong>Pipe Diameter:<\/strong> 60 mm<\/li>\n<li>4pcs. Light Mounts Included<\/li>\n<\/ul>\n<p><strong>Contents:<\/strong><\/p>\n<ul>\n<li>Front bar<\/li>\n<li>Mounting brackets required for installation<\/li>\n<li>Installation instructions<\/li>\n<\/ul>\n<p>Get your front bar for the MAN TGX 2021 today and elevate your truck&#8217;s functionality and appearance to a new level! Order now from RST-Steel&#8217;s online store and take advantage of fast delivery.<\/p>\n<p><strong>RST-Steel \u2013 Your Reliable Partner on the Road<\/strong><\/p>\n<\/div>\n<\/div>\n<\/div>\n<\/div>","protected":false},"excerpt":{"rendered":"<p>Front Bar Man TGX 2021- Need a reliable and stylish solution for installing auxiliary lights on your MAN TGX 2021&#8230;<\/p>","protected":false},"featured_media":191406,"template":"","meta":[],"make_year":[10907],"make_brand":[10925],"make_model":[11017],"make_fuel_type":[],"product_brand":[9443],"product_cat":[10518,10508,10524],"product_tag":[],"class_list":{"0":"post-191408","1":"product","2":"type-product","3":"status-publish","4":"has-post-thumbnail","6":"make_year-trucks","7":"make_brand-man-truck","8":"make_model-tgx-2021","9":"make_engine-ma21-gm-ohjaamo","10":"make_engine-ma21-gn-ohjaamo","11":"make_engine-ma21-gx-ohjaamo","12":"product_brand-brand_rststeel","13":"product_cat-front-bars-for-trucks","14":"product_cat-light-bars","15":"product_cat-man-front-bars","16":"product_shipping_class-lightbars","18":"first","19":"onbackorder","20":"taxable","21":"shipping-taxable","22":"purchasable","23":"product-type-variable"},"yoast_head":"<!-- This site is optimized with the Yoast SEO plugin v27.1.1 - https:\/\/yoast.com\/product\/yoast-seo-wordpress\/ -->\n<title>Front Bar Man TGX 2021- RST-Steel<\/title>\n<meta name=\"description\" content=\"Front Bar Man TGX 2021- models. Get your front bar for the MAN TGX 2021- today and elevate your truck&#039;s functionality and appearance to a new level!\" \/>\n<meta name=\"robots\" content=\"index, follow, max-snippet:-1, max-image-preview:large, max-video-preview:-1\" \/>\n<link rel=\"canonical\" href=\"https:\/\/rst-steel.com\/nb\/produktkategori\/light-bars\/front-bars-for-trucks\/man-front-bars\/front-bar-man-tgx-2021\/\" \/>\n<meta property=\"og:locale\" content=\"nb_NO\" \/>\n<meta property=\"og:type\" content=\"article\" \/>\n<meta property=\"og:title\" content=\"Front Bar Man TGX 2021- RST-Steel\" \/>\n<meta property=\"og:description\" content=\"Front Bar Man TGX 2021- models. Get your front bar for the MAN TGX 2021- today and elevate your truck&#039;s functionality and appearance to a new level!\" \/>\n<meta property=\"og:url\" content=\"https:\/\/rst-steel.com\/nb\/produktkategori\/light-bars\/front-bars-for-trucks\/man-front-bars\/front-bar-man-tgx-2021\/\" \/>\n<meta property=\"og:site_name\" content=\"RST-Steel\" \/>\n<meta property=\"article:modified_time\" content=\"2026-04-17T05:59:37+00:00\" \/>\n<meta property=\"og:image\" content=\"https:\/\/rst-steel.com\/wp-content\/uploads\/2026\/03\/1f96a09b5b03ee996d30fa2ffb6e19cebebf08f1_d225c1cc40973e7a54f96a403d1ad900.jpg\" \/>\n\t<meta property=\"og:image:width\" content=\"1536\" \/>\n\t<meta property=\"og:image:height\" content=\"2048\" \/>\n\t<meta property=\"og:image:type\" content=\"image\/jpeg\" \/>\n<meta name=\"twitter:card\" content=\"summary_large_image\" \/>\n<meta name=\"twitter:label1\" content=\"Ansl. lesetid\" \/>\n\t<meta name=\"twitter:data1\" content=\"2 minutter\" \/>\n<script type=\"application\/ld+json\" class=\"yoast-schema-graph\">{\"@context\":\"https:\/\/schema.org\",\"@graph\":[{\"@type\":\"WebPage\",\"@id\":\"https:\/\/rst-steel.com\/product-category\/light-bars\/front-bars-for-trucks\/man-front-bars\/front-bar-man-tgx-2021\/\",\"url\":\"https:\/\/rst-steel.com\/product-category\/light-bars\/front-bars-for-trucks\/man-front-bars\/front-bar-man-tgx-2021\/\",\"name\":\"Front Bar Man TGX 2021- RST-Steel\",\"isPartOf\":{\"@id\":\"https:\/\/rst-steel.com\/#website\"},\"primaryImageOfPage\":{\"@id\":\"https:\/\/rst-steel.com\/product-category\/light-bars\/front-bars-for-trucks\/man-front-bars\/front-bar-man-tgx-2021\/#primaryimage\"},\"image\":{\"@id\":\"https:\/\/rst-steel.com\/product-category\/light-bars\/front-bars-for-trucks\/man-front-bars\/front-bar-man-tgx-2021\/#primaryimage\"},\"thumbnailUrl\":\"https:\/\/rst-steel.com\/wp-content\/uploads\/2026\/03\/1f96a09b5b03ee996d30fa2ffb6e19cebebf08f1_d225c1cc40973e7a54f96a403d1ad900.jpg\",\"datePublished\":\"2026-03-20T08:05:48+00:00\",\"dateModified\":\"2026-04-17T05:59:37+00:00\",\"description\":\"Front Bar Man TGX 2021- models. Get your front bar for the MAN TGX 2021- today and elevate your truck's functionality and appearance to a new level!\",\"breadcrumb\":{\"@id\":\"https:\/\/rst-steel.com\/product-category\/light-bars\/front-bars-for-trucks\/man-front-bars\/front-bar-man-tgx-2021\/#breadcrumb\"},\"inLanguage\":\"nb-NO\",\"potentialAction\":[{\"@type\":\"ReadAction\",\"target\":[\"https:\/\/rst-steel.com\/product-category\/light-bars\/front-bars-for-trucks\/man-front-bars\/front-bar-man-tgx-2021\/\"]}]},{\"@type\":\"ImageObject\",\"inLanguage\":\"nb-NO\",\"@id\":\"https:\/\/rst-steel.com\/product-category\/light-bars\/front-bars-for-trucks\/man-front-bars\/front-bar-man-tgx-2021\/#primaryimage\",\"url\":\"https:\/\/rst-steel.com\/wp-content\/uploads\/2026\/03\/1f96a09b5b03ee996d30fa2ffb6e19cebebf08f1_d225c1cc40973e7a54f96a403d1ad900.jpg\",\"contentUrl\":\"https:\/\/rst-steel.com\/wp-content\/uploads\/2026\/03\/1f96a09b5b03ee996d30fa2ffb6e19cebebf08f1_d225c1cc40973e7a54f96a403d1ad900.jpg\",\"width\":1536,\"height\":2048,\"caption\":\"prm_66083\"},{\"@type\":\"BreadcrumbList\",\"@id\":\"https:\/\/rst-steel.com\/product-category\/light-bars\/front-bars-for-trucks\/man-front-bars\/front-bar-man-tgx-2021\/#breadcrumb\",\"itemListElement\":[{\"@type\":\"ListItem\",\"position\":1,\"name\":\"Home\",\"item\":\"https:\/\/rst-steel.com\/\"},{\"@type\":\"ListItem\",\"position\":2,\"name\":\"RST-Steel Verkkokauppa\",\"item\":\"https:\/\/rst-steel.com\/shop\/\"},{\"@type\":\"ListItem\",\"position\":3,\"name\":\"Front Bar Man TGX 2021-\"}]},{\"@type\":\"WebSite\",\"@id\":\"https:\/\/rst-steel.com\/#website\",\"url\":\"https:\/\/rst-steel.com\/\",\"name\":\"RST-Steel Oy - Turvallista, tyylik\u00e4st\u00e4, ter\u00e4st\u00e4\",\"description\":\"Finnish quality for discerning drivers\",\"publisher\":{\"@id\":\"https:\/\/rst-steel.com\/#organization\"},\"potentialAction\":[{\"@type\":\"SearchAction\",\"target\":{\"@type\":\"EntryPoint\",\"urlTemplate\":\"https:\/\/rst-steel.com\/?s={search_term_string}\"},\"query-input\":{\"@type\":\"PropertyValueSpecification\",\"valueRequired\":true,\"valueName\":\"search_term_string\"}}],\"inLanguage\":\"nb-NO\"},{\"@type\":\"Organization\",\"@id\":\"https:\/\/rst-steel.com\/#organization\",\"name\":\"RST-Steel Oy\",\"alternateName\":\"RST-Steel Oy - Turvallista, tyylik\u00e4st\u00e4, ter\u00e4st\u00e4\",\"url\":\"https:\/\/rst-steel.com\/\",\"logo\":{\"@type\":\"ImageObject\",\"inLanguage\":\"nb-NO\",\"@id\":\"https:\/\/rst-steel.com\/#\/schema\/logo\/image\/\",\"url\":\"https:\/\/rst-steel.com\/wp-content\/uploads\/2025\/02\/cropped-rst-valkoinen-ilman-taustaa-02.png\",\"contentUrl\":\"https:\/\/rst-steel.com\/wp-content\/uploads\/2025\/02\/cropped-rst-valkoinen-ilman-taustaa-02.png\",\"width\":2319,\"height\":690,\"caption\":\"RST-Steel Oy\"},\"image\":{\"@id\":\"https:\/\/rst-steel.com\/#\/schema\/logo\/image\/\"}}]}<\/script>\n<!-- \/ Yoast SEO plugin. -->","yoast_head_json":{"title":"Front Bar Man TGX 2021- RST-Steel","description":"Front Bar Man TGX 2021- models. Get your front bar for the MAN TGX 2021- today and elevate your truck's functionality and appearance to a new level!","robots":{"index":"index","follow":"follow","max-snippet":"max-snippet:-1","max-image-preview":"max-image-preview:large","max-video-preview":"max-video-preview:-1"},"canonical":"https:\/\/rst-steel.com\/nb\/produktkategori\/light-bars\/front-bars-for-trucks\/man-front-bars\/front-bar-man-tgx-2021\/","og_locale":"nb_NO","og_type":"article","og_title":"Front Bar Man TGX 2021- RST-Steel","og_description":"Front Bar Man TGX 2021- models. Get your front bar for the MAN TGX 2021- today and elevate your truck's functionality and appearance to a new level!","og_url":"https:\/\/rst-steel.com\/nb\/produktkategori\/light-bars\/front-bars-for-trucks\/man-front-bars\/front-bar-man-tgx-2021\/","og_site_name":"RST-Steel","article_modified_time":"2026-04-17T05:59:37+00:00","og_image":[{"width":1536,"height":2048,"url":"https:\/\/rst-steel.com\/wp-content\/uploads\/2026\/03\/1f96a09b5b03ee996d30fa2ffb6e19cebebf08f1_d225c1cc40973e7a54f96a403d1ad900.jpg","type":"image\/jpeg"}],"twitter_card":"summary_large_image","twitter_misc":{"Ansl. lesetid":"2 minutter"},"schema":{"@context":"https:\/\/schema.org","@graph":[{"@type":"WebPage","@id":"https:\/\/rst-steel.com\/product-category\/light-bars\/front-bars-for-trucks\/man-front-bars\/front-bar-man-tgx-2021\/","url":"https:\/\/rst-steel.com\/product-category\/light-bars\/front-bars-for-trucks\/man-front-bars\/front-bar-man-tgx-2021\/","name":"Front Bar Man TGX 2021- RST-Steel","isPartOf":{"@id":"https:\/\/rst-steel.com\/#website"},"primaryImageOfPage":{"@id":"https:\/\/rst-steel.com\/product-category\/light-bars\/front-bars-for-trucks\/man-front-bars\/front-bar-man-tgx-2021\/#primaryimage"},"image":{"@id":"https:\/\/rst-steel.com\/product-category\/light-bars\/front-bars-for-trucks\/man-front-bars\/front-bar-man-tgx-2021\/#primaryimage"},"thumbnailUrl":"https:\/\/rst-steel.com\/wp-content\/uploads\/2026\/03\/1f96a09b5b03ee996d30fa2ffb6e19cebebf08f1_d225c1cc40973e7a54f96a403d1ad900.jpg","datePublished":"2026-03-20T08:05:48+00:00","dateModified":"2026-04-17T05:59:37+00:00","description":"Front Bar Man TGX 2021- models. Get your front bar for the MAN TGX 2021- today and elevate your truck's functionality and appearance to a new level!","breadcrumb":{"@id":"https:\/\/rst-steel.com\/product-category\/light-bars\/front-bars-for-trucks\/man-front-bars\/front-bar-man-tgx-2021\/#breadcrumb"},"inLanguage":"nb-NO","potentialAction":[{"@type":"ReadAction","target":["https:\/\/rst-steel.com\/product-category\/light-bars\/front-bars-for-trucks\/man-front-bars\/front-bar-man-tgx-2021\/"]}]},{"@type":"ImageObject","inLanguage":"nb-NO","@id":"https:\/\/rst-steel.com\/product-category\/light-bars\/front-bars-for-trucks\/man-front-bars\/front-bar-man-tgx-2021\/#primaryimage","url":"https:\/\/rst-steel.com\/wp-content\/uploads\/2026\/03\/1f96a09b5b03ee996d30fa2ffb6e19cebebf08f1_d225c1cc40973e7a54f96a403d1ad900.jpg","contentUrl":"https:\/\/rst-steel.com\/wp-content\/uploads\/2026\/03\/1f96a09b5b03ee996d30fa2ffb6e19cebebf08f1_d225c1cc40973e7a54f96a403d1ad900.jpg","width":1536,"height":2048,"caption":"prm_66083"},{"@type":"BreadcrumbList","@id":"https:\/\/rst-steel.com\/product-category\/light-bars\/front-bars-for-trucks\/man-front-bars\/front-bar-man-tgx-2021\/#breadcrumb","itemListElement":[{"@type":"ListItem","position":1,"name":"Home","item":"https:\/\/rst-steel.com\/"},{"@type":"ListItem","position":2,"name":"RST-Steel Verkkokauppa","item":"https:\/\/rst-steel.com\/shop\/"},{"@type":"ListItem","position":3,"name":"Front Bar Man TGX 2021-"}]},{"@type":"WebSite","@id":"https:\/\/rst-steel.com\/#website","url":"https:\/\/rst-steel.com\/","name":"RST-Steel Oy - Turvallista, tyylik\u00e4st\u00e4, ter\u00e4st\u00e4","description":"Finsk kvalitet for kvalitetsbevisste sj\u00e5f\u00f8rer","publisher":{"@id":"https:\/\/rst-steel.com\/#organization"},"potentialAction":[{"@type":"SearchAction","target":{"@type":"EntryPoint","urlTemplate":"https:\/\/rst-steel.com\/?s={search_term_string}"},"query-input":{"@type":"PropertyValueSpecification","valueRequired":true,"valueName":"search_term_string"}}],"inLanguage":"nb-NO"},{"@type":"Organization","@id":"https:\/\/rst-steel.com\/#organization","name":"RST-Steel Oy","alternateName":"RST-Steel Oy - Turvallista, tyylik\u00e4st\u00e4, ter\u00e4st\u00e4","url":"https:\/\/rst-steel.com\/","logo":{"@type":"ImageObject","inLanguage":"nb-NO","@id":"https:\/\/rst-steel.com\/#\/schema\/logo\/image\/","url":"https:\/\/rst-steel.com\/wp-content\/uploads\/2025\/02\/cropped-rst-valkoinen-ilman-taustaa-02.png","contentUrl":"https:\/\/rst-steel.com\/wp-content\/uploads\/2025\/02\/cropped-rst-valkoinen-ilman-taustaa-02.png","width":2319,"height":690,"caption":"RST-Steel Oy"},"image":{"@id":"https:\/\/rst-steel.com\/#\/schema\/logo\/image\/"}}]}},"_links":{"self":[{"href":"https:\/\/rst-steel.com\/nb\/wp-json\/wp\/v2\/product\/191408","targetHints":{"allow":["GET"]}}],"collection":[{"href":"https:\/\/rst-steel.com\/nb\/wp-json\/wp\/v2\/product"}],"about":[{"href":"https:\/\/rst-steel.com\/nb\/wp-json\/wp\/v2\/types\/product"}],"version-history":[{"count":1,"href":"https:\/\/rst-steel.com\/nb\/wp-json\/wp\/v2\/product\/191408\/revisions"}],"predecessor-version":[{"id":199034,"href":"https:\/\/rst-steel.com\/nb\/wp-json\/wp\/v2\/product\/191408\/revisions\/199034"}],"wp:featuredmedia":[{"embeddable":true,"href":"https:\/\/rst-steel.com\/nb\/wp-json\/wp\/v2\/media\/191406"}],"wp:attachment":[{"href":"https:\/\/rst-steel.com\/nb\/wp-json\/wp\/v2\/media?parent=191408"}],"wp:term":[{"taxonomy":"make_year","embeddable":true,"href":"https:\/\/rst-steel.com\/nb\/wp-json\/wp\/v2\/make_year?post=191408"},{"taxonomy":"make_brand","embeddable":true,"href":"https:\/\/rst-steel.com\/nb\/wp-json\/wp\/v2\/make_brand?post=191408"},{"taxonomy":"make_model","embeddable":true,"href":"https:\/\/rst-steel.com\/nb\/wp-json\/wp\/v2\/make_model?post=191408"},{"taxonomy":"make_fuel_type","embeddable":true,"href":"https:\/\/rst-steel.com\/nb\/wp-json\/wp\/v2\/make_fuel_type?post=191408"},{"taxonomy":"product_brand","embeddable":true,"href":"https:\/\/rst-steel.com\/nb\/wp-json\/wp\/v2\/product_brand?post=191408"},{"taxonomy":"product_cat","embeddable":true,"href":"https:\/\/rst-steel.com\/nb\/wp-json\/wp\/v2\/product_cat?post=191408"},{"taxonomy":"product_tag","embeddable":true,"href":"https:\/\/rst-steel.com\/nb\/wp-json\/wp\/v2\/product_tag?post=191408"}],"curies":[{"name":"wp","href":"https:\/\/api.w.org\/{rel}","templated":true}]}}