{"id":191802,"date":"2026-03-20T10:13:05","date_gmt":"2026-03-20T08:13:05","guid":{"rendered":"https:\/\/rst-steel.com\/tuote-osasto\/Ei-luokiteltu\/roof-bar-volvo-dumpper\/"},"modified":"2026-04-22T11:17:20","modified_gmt":"2026-04-22T08:17:20","slug":"roof-bar-volvo-dumpper","status":"publish","type":"product","link":"https:\/\/rst-steel.com\/nb\/produktkategori\/light-bars\/roof-bars-for-wheel-loaders\/roof-bar-volvo-dumpper\/","title":{"rendered":"Roof Bar Volvo Dumpper"},"content":{"rendered":"<p>Roof Bar Volvo Dumpper<\/p>\n<p>RST-Steel\u2019s roof bars are high-quality products made of stainless steel.&nbsp;<\/p>\n<p>The roof bars can be equipped with work lights and position lights, which improve your visibility in traffic, and at the same time increase safety for yourself and others in traffic.<\/p>\n<p>Technical information:<\/p>\n<p>Color: Polished stainless steel or painting with RAL-basic colors<\/p>\n<p>Pipes diameter: 60 mm<\/p>\n<p>Delivery contents:<\/p>\n<p>Roof bar<\/p>\n<p>Fasteners required for installation<\/p>\n<p>Installation instructions<\/p>","protected":false},"excerpt":{"rendered":"<p>Roof Bar Volvo Dumpper RST-Steel\u2019s roof bars are high-quality products made of stainless steel.&nbsp; The roof bars can be equipped&#8230;<\/p>","protected":false},"featured_media":191799,"template":"","meta":[],"make_year":[10909],"make_brand":[10940],"make_model":[11032],"make_fuel_type":[],"product_brand":[9443],"product_cat":[10508,10588],"product_tag":[],"class_list":{"0":"post-191802","1":"product","2":"type-product","3":"status-publish","4":"has-post-thumbnail","6":"make_year-workmachines","7":"make_brand-volvo-workmachines","8":"make_model-volvo-dumptrucks","9":"make_engine-volvo-a-25-g","10":"make_engine-volvo-a-30-g","11":"make_engine-volvo-a-35-g","12":"make_engine-volvo-a-40-g","13":"make_engine-volvo-a-45-g","14":"make_engine-volvo-a-45-g-fs","15":"make_engine-volvo-a-60-h","16":"product_brand-brand_rststeel","17":"product_cat-light-bars","18":"product_cat-roof-bars-for-wheel-loaders","19":"product_shipping_class-lightbars","21":"first","22":"onbackorder","23":"taxable","24":"shipping-taxable","25":"purchasable","26":"product-type-variable"},"yoast_head":"<!-- This site is optimized with the Yoast SEO plugin v27.1.1 - https:\/\/yoast.com\/product\/yoast-seo-wordpress\/ -->\n<title>Roof Bar Volvo Dumpper - RST-Steel<\/title>\n<meta name=\"description\" content=\"Roof Bar Volvo Dumpers. Several model options available. Check out the product selection and order now! RST-Steel&#039;s products are made in Finland!\" \/>\n<meta name=\"robots\" content=\"index, follow, max-snippet:-1, max-image-preview:large, max-video-preview:-1\" \/>\n<link rel=\"canonical\" href=\"https:\/\/rst-steel.com\/nb\/produktkategori\/light-bars\/roof-bars-for-wheel-loaders\/roof-bar-volvo-dumpper\/\" \/>\n<meta property=\"og:locale\" content=\"nb_NO\" \/>\n<meta property=\"og:type\" content=\"article\" \/>\n<meta property=\"og:title\" content=\"Roof Bar Volvo Dumpper - RST-Steel\" \/>\n<meta property=\"og:description\" content=\"Roof Bar Volvo Dumpers. Several model options available. Check out the product selection and order now! RST-Steel&#039;s products are made in Finland!\" \/>\n<meta property=\"og:url\" content=\"https:\/\/rst-steel.com\/nb\/produktkategori\/light-bars\/roof-bars-for-wheel-loaders\/roof-bar-volvo-dumpper\/\" \/>\n<meta property=\"og:site_name\" content=\"RST-Steel\" \/>\n<meta property=\"article:modified_time\" content=\"2026-04-22T08:17:20+00:00\" \/>\n<meta property=\"og:image\" content=\"https:\/\/rst-steel.com\/wp-content\/uploads\/2026\/03\/5cd13f96f97df1a2a7ff56316e840d04c9f8aaea_7f4275b2cec9f594e55998983d964bc4.jpg\" \/>\n\t<meta property=\"og:image:width\" content=\"900\" \/>\n\t<meta property=\"og:image:height\" content=\"1600\" \/>\n\t<meta property=\"og:image:type\" content=\"image\/jpeg\" \/>\n<meta name=\"twitter:card\" content=\"summary_large_image\" \/>\n<meta name=\"twitter:label1\" content=\"Ansl. lesetid\" \/>\n\t<meta name=\"twitter:data1\" content=\"1 minutt\" \/>\n<script type=\"application\/ld+json\" class=\"yoast-schema-graph\">{\"@context\":\"https:\/\/schema.org\",\"@graph\":[{\"@type\":\"WebPage\",\"@id\":\"https:\/\/rst-steel.com\/product-category\/light-bars\/roof-bars-for-wheel-loaders\/roof-bar-volvo-dumpper\/\",\"url\":\"https:\/\/rst-steel.com\/product-category\/light-bars\/roof-bars-for-wheel-loaders\/roof-bar-volvo-dumpper\/\",\"name\":\"Roof Bar Volvo Dumpper - RST-Steel\",\"isPartOf\":{\"@id\":\"https:\/\/rst-steel.com\/#website\"},\"primaryImageOfPage\":{\"@id\":\"https:\/\/rst-steel.com\/product-category\/light-bars\/roof-bars-for-wheel-loaders\/roof-bar-volvo-dumpper\/#primaryimage\"},\"image\":{\"@id\":\"https:\/\/rst-steel.com\/product-category\/light-bars\/roof-bars-for-wheel-loaders\/roof-bar-volvo-dumpper\/#primaryimage\"},\"thumbnailUrl\":\"https:\/\/rst-steel.com\/wp-content\/uploads\/2026\/03\/5cd13f96f97df1a2a7ff56316e840d04c9f8aaea_7f4275b2cec9f594e55998983d964bc4.jpg\",\"datePublished\":\"2026-03-20T08:13:05+00:00\",\"dateModified\":\"2026-04-22T08:17:20+00:00\",\"description\":\"Roof Bar Volvo Dumpers. Several model options available. Check out the product selection and order now! RST-Steel's products are made in Finland!\",\"breadcrumb\":{\"@id\":\"https:\/\/rst-steel.com\/product-category\/light-bars\/roof-bars-for-wheel-loaders\/roof-bar-volvo-dumpper\/#breadcrumb\"},\"inLanguage\":\"nb-NO\",\"potentialAction\":[{\"@type\":\"ReadAction\",\"target\":[\"https:\/\/rst-steel.com\/product-category\/light-bars\/roof-bars-for-wheel-loaders\/roof-bar-volvo-dumpper\/\"]}]},{\"@type\":\"ImageObject\",\"inLanguage\":\"nb-NO\",\"@id\":\"https:\/\/rst-steel.com\/product-category\/light-bars\/roof-bars-for-wheel-loaders\/roof-bar-volvo-dumpper\/#primaryimage\",\"url\":\"https:\/\/rst-steel.com\/wp-content\/uploads\/2026\/03\/5cd13f96f97df1a2a7ff56316e840d04c9f8aaea_7f4275b2cec9f594e55998983d964bc4.jpg\",\"contentUrl\":\"https:\/\/rst-steel.com\/wp-content\/uploads\/2026\/03\/5cd13f96f97df1a2a7ff56316e840d04c9f8aaea_7f4275b2cec9f594e55998983d964bc4.jpg\",\"width\":900,\"height\":1600,\"caption\":\"prm_68924\"},{\"@type\":\"BreadcrumbList\",\"@id\":\"https:\/\/rst-steel.com\/product-category\/light-bars\/roof-bars-for-wheel-loaders\/roof-bar-volvo-dumpper\/#breadcrumb\",\"itemListElement\":[{\"@type\":\"ListItem\",\"position\":1,\"name\":\"Home\",\"item\":\"https:\/\/rst-steel.com\/\"},{\"@type\":\"ListItem\",\"position\":2,\"name\":\"RST-Steel Verkkokauppa\",\"item\":\"https:\/\/rst-steel.com\/shop\/\"},{\"@type\":\"ListItem\",\"position\":3,\"name\":\"Roof Bar Volvo Dumpper\"}]},{\"@type\":\"WebSite\",\"@id\":\"https:\/\/rst-steel.com\/#website\",\"url\":\"https:\/\/rst-steel.com\/\",\"name\":\"RST-Steel Oy - Turvallista, tyylik\u00e4st\u00e4, ter\u00e4st\u00e4\",\"description\":\"Finnish quality for discerning drivers\",\"publisher\":{\"@id\":\"https:\/\/rst-steel.com\/#organization\"},\"potentialAction\":[{\"@type\":\"SearchAction\",\"target\":{\"@type\":\"EntryPoint\",\"urlTemplate\":\"https:\/\/rst-steel.com\/?s={search_term_string}\"},\"query-input\":{\"@type\":\"PropertyValueSpecification\",\"valueRequired\":true,\"valueName\":\"search_term_string\"}}],\"inLanguage\":\"nb-NO\"},{\"@type\":\"Organization\",\"@id\":\"https:\/\/rst-steel.com\/#organization\",\"name\":\"RST-Steel Oy\",\"alternateName\":\"RST-Steel Oy - Turvallista, tyylik\u00e4st\u00e4, ter\u00e4st\u00e4\",\"url\":\"https:\/\/rst-steel.com\/\",\"logo\":{\"@type\":\"ImageObject\",\"inLanguage\":\"nb-NO\",\"@id\":\"https:\/\/rst-steel.com\/#\/schema\/logo\/image\/\",\"url\":\"https:\/\/rst-steel.com\/wp-content\/uploads\/2025\/02\/cropped-rst-valkoinen-ilman-taustaa-02.png\",\"contentUrl\":\"https:\/\/rst-steel.com\/wp-content\/uploads\/2025\/02\/cropped-rst-valkoinen-ilman-taustaa-02.png\",\"width\":2319,\"height\":690,\"caption\":\"RST-Steel Oy\"},\"image\":{\"@id\":\"https:\/\/rst-steel.com\/#\/schema\/logo\/image\/\"}}]}<\/script>\n<!-- \/ Yoast SEO plugin. -->","yoast_head_json":{"title":"Roof Bar Volvo Dumpper - RST-Steel","description":"Roof Bar Volvo Dumpers. Several model options available. Check out the product selection and order now! RST-Steel's products are made in Finland!","robots":{"index":"index","follow":"follow","max-snippet":"max-snippet:-1","max-image-preview":"max-image-preview:large","max-video-preview":"max-video-preview:-1"},"canonical":"https:\/\/rst-steel.com\/nb\/produktkategori\/light-bars\/roof-bars-for-wheel-loaders\/roof-bar-volvo-dumpper\/","og_locale":"nb_NO","og_type":"article","og_title":"Roof Bar Volvo Dumpper - RST-Steel","og_description":"Roof Bar Volvo Dumpers. Several model options available. Check out the product selection and order now! RST-Steel's products are made in Finland!","og_url":"https:\/\/rst-steel.com\/nb\/produktkategori\/light-bars\/roof-bars-for-wheel-loaders\/roof-bar-volvo-dumpper\/","og_site_name":"RST-Steel","article_modified_time":"2026-04-22T08:17:20+00:00","og_image":[{"width":900,"height":1600,"url":"https:\/\/rst-steel.com\/wp-content\/uploads\/2026\/03\/5cd13f96f97df1a2a7ff56316e840d04c9f8aaea_7f4275b2cec9f594e55998983d964bc4.jpg","type":"image\/jpeg"}],"twitter_card":"summary_large_image","twitter_misc":{"Ansl. lesetid":"1 minutt"},"schema":{"@context":"https:\/\/schema.org","@graph":[{"@type":"WebPage","@id":"https:\/\/rst-steel.com\/product-category\/light-bars\/roof-bars-for-wheel-loaders\/roof-bar-volvo-dumpper\/","url":"https:\/\/rst-steel.com\/product-category\/light-bars\/roof-bars-for-wheel-loaders\/roof-bar-volvo-dumpper\/","name":"Roof Bar Volvo Dumpper - RST-Steel","isPartOf":{"@id":"https:\/\/rst-steel.com\/#website"},"primaryImageOfPage":{"@id":"https:\/\/rst-steel.com\/product-category\/light-bars\/roof-bars-for-wheel-loaders\/roof-bar-volvo-dumpper\/#primaryimage"},"image":{"@id":"https:\/\/rst-steel.com\/product-category\/light-bars\/roof-bars-for-wheel-loaders\/roof-bar-volvo-dumpper\/#primaryimage"},"thumbnailUrl":"https:\/\/rst-steel.com\/wp-content\/uploads\/2026\/03\/5cd13f96f97df1a2a7ff56316e840d04c9f8aaea_7f4275b2cec9f594e55998983d964bc4.jpg","datePublished":"2026-03-20T08:13:05+00:00","dateModified":"2026-04-22T08:17:20+00:00","description":"Roof Bar Volvo Dumpers. Several model options available. Check out the product selection and order now! RST-Steel's products are made in Finland!","breadcrumb":{"@id":"https:\/\/rst-steel.com\/product-category\/light-bars\/roof-bars-for-wheel-loaders\/roof-bar-volvo-dumpper\/#breadcrumb"},"inLanguage":"nb-NO","potentialAction":[{"@type":"ReadAction","target":["https:\/\/rst-steel.com\/product-category\/light-bars\/roof-bars-for-wheel-loaders\/roof-bar-volvo-dumpper\/"]}]},{"@type":"ImageObject","inLanguage":"nb-NO","@id":"https:\/\/rst-steel.com\/product-category\/light-bars\/roof-bars-for-wheel-loaders\/roof-bar-volvo-dumpper\/#primaryimage","url":"https:\/\/rst-steel.com\/wp-content\/uploads\/2026\/03\/5cd13f96f97df1a2a7ff56316e840d04c9f8aaea_7f4275b2cec9f594e55998983d964bc4.jpg","contentUrl":"https:\/\/rst-steel.com\/wp-content\/uploads\/2026\/03\/5cd13f96f97df1a2a7ff56316e840d04c9f8aaea_7f4275b2cec9f594e55998983d964bc4.jpg","width":900,"height":1600,"caption":"prm_68924"},{"@type":"BreadcrumbList","@id":"https:\/\/rst-steel.com\/product-category\/light-bars\/roof-bars-for-wheel-loaders\/roof-bar-volvo-dumpper\/#breadcrumb","itemListElement":[{"@type":"ListItem","position":1,"name":"Home","item":"https:\/\/rst-steel.com\/"},{"@type":"ListItem","position":2,"name":"RST-Steel Verkkokauppa","item":"https:\/\/rst-steel.com\/shop\/"},{"@type":"ListItem","position":3,"name":"Roof Bar Volvo Dumpper"}]},{"@type":"WebSite","@id":"https:\/\/rst-steel.com\/#website","url":"https:\/\/rst-steel.com\/","name":"RST-Steel Oy - Turvallista, tyylik\u00e4st\u00e4, ter\u00e4st\u00e4","description":"Finsk kvalitet for kvalitetsbevisste sj\u00e5f\u00f8rer","publisher":{"@id":"https:\/\/rst-steel.com\/#organization"},"potentialAction":[{"@type":"SearchAction","target":{"@type":"EntryPoint","urlTemplate":"https:\/\/rst-steel.com\/?s={search_term_string}"},"query-input":{"@type":"PropertyValueSpecification","valueRequired":true,"valueName":"search_term_string"}}],"inLanguage":"nb-NO"},{"@type":"Organization","@id":"https:\/\/rst-steel.com\/#organization","name":"RST-Steel Oy","alternateName":"RST-Steel Oy - Turvallista, tyylik\u00e4st\u00e4, ter\u00e4st\u00e4","url":"https:\/\/rst-steel.com\/","logo":{"@type":"ImageObject","inLanguage":"nb-NO","@id":"https:\/\/rst-steel.com\/#\/schema\/logo\/image\/","url":"https:\/\/rst-steel.com\/wp-content\/uploads\/2025\/02\/cropped-rst-valkoinen-ilman-taustaa-02.png","contentUrl":"https:\/\/rst-steel.com\/wp-content\/uploads\/2025\/02\/cropped-rst-valkoinen-ilman-taustaa-02.png","width":2319,"height":690,"caption":"RST-Steel Oy"},"image":{"@id":"https:\/\/rst-steel.com\/#\/schema\/logo\/image\/"}}]}},"_links":{"self":[{"href":"https:\/\/rst-steel.com\/nb\/wp-json\/wp\/v2\/product\/191802","targetHints":{"allow":["GET"]}}],"collection":[{"href":"https:\/\/rst-steel.com\/nb\/wp-json\/wp\/v2\/product"}],"about":[{"href":"https:\/\/rst-steel.com\/nb\/wp-json\/wp\/v2\/types\/product"}],"version-history":[{"count":1,"href":"https:\/\/rst-steel.com\/nb\/wp-json\/wp\/v2\/product\/191802\/revisions"}],"predecessor-version":[{"id":199003,"href":"https:\/\/rst-steel.com\/nb\/wp-json\/wp\/v2\/product\/191802\/revisions\/199003"}],"wp:featuredmedia":[{"embeddable":true,"href":"https:\/\/rst-steel.com\/nb\/wp-json\/wp\/v2\/media\/191799"}],"wp:attachment":[{"href":"https:\/\/rst-steel.com\/nb\/wp-json\/wp\/v2\/media?parent=191802"}],"wp:term":[{"taxonomy":"make_year","embeddable":true,"href":"https:\/\/rst-steel.com\/nb\/wp-json\/wp\/v2\/make_year?post=191802"},{"taxonomy":"make_brand","embeddable":true,"href":"https:\/\/rst-steel.com\/nb\/wp-json\/wp\/v2\/make_brand?post=191802"},{"taxonomy":"make_model","embeddable":true,"href":"https:\/\/rst-steel.com\/nb\/wp-json\/wp\/v2\/make_model?post=191802"},{"taxonomy":"make_fuel_type","embeddable":true,"href":"https:\/\/rst-steel.com\/nb\/wp-json\/wp\/v2\/make_fuel_type?post=191802"},{"taxonomy":"product_brand","embeddable":true,"href":"https:\/\/rst-steel.com\/nb\/wp-json\/wp\/v2\/product_brand?post=191802"},{"taxonomy":"product_cat","embeddable":true,"href":"https:\/\/rst-steel.com\/nb\/wp-json\/wp\/v2\/product_cat?post=191802"},{"taxonomy":"product_tag","embeddable":true,"href":"https:\/\/rst-steel.com\/nb\/wp-json\/wp\/v2\/product_tag?post=191802"}],"curies":[{"name":"wp","href":"https:\/\/api.w.org\/{rel}","templated":true}]}}