{"id":192051,"date":"2026-03-20T10:19:12","date_gmt":"2026-03-20T08:19:12","guid":{"rendered":"https:\/\/rst-steel.com\/tuote-osasto\/Ei-luokiteltu\/floor-mats-volvo-ecr145-235-cl\/"},"modified":"2026-04-17T08:59:30","modified_gmt":"2026-04-17T05:59:30","slug":"floor-mats-volvo-ecr145-235-cl","status":"publish","type":"product","link":"https:\/\/rst-steel.com\/nb\/produktkategori\/interior\/excavator-floor-mats\/volvo-ce-floor-mats\/floor-mats-volvo-ecr145-235-cl\/","title":{"rendered":"Floor Mats Volvo ECR145-235 CL"},"content":{"rendered":"<p>Floor mats for Volvo ECR145 &#8211; 235 CL<\/p>\n<p>As well as other machines with the same cab.<\/p>\n<p>Mat set in very fine quality as adapted for machine driving without shoes.<\/p>\n<p>Diamond pattern with padding, as shown. In addition, the mats have a stylish RST-Steel Logo!<\/p>","protected":false},"excerpt":{"rendered":"<p>Floor mats for Volvo ECR145 &#8211; 235 CL As well as other machines with the same cab. Mat set in&#8230;<\/p>","protected":false},"featured_media":192048,"template":"","meta":[],"make_year":[10909],"make_brand":[10940],"make_model":[11033],"make_fuel_type":[],"product_brand":[],"product_cat":[10708,10679,10709],"product_tag":[],"class_list":{"0":"post-192051","1":"product","2":"type-product","3":"status-publish","4":"has-post-thumbnail","6":"make_year-workmachines","7":"make_brand-volvo-workmachines","8":"make_model-volvo-excavators","9":"make_engine-volvo-ecr-145-e","10":"make_engine-volvo-ecr-235-e","11":"product_cat-excavator-floor-mats","12":"product_cat-interior","13":"product_cat-volvo-ce-floor-mats","15":"first","16":"onbackorder","17":"taxable","18":"shipping-taxable","19":"purchasable","20":"product-type-variable"},"yoast_head":"<!-- This site is optimized with the Yoast SEO plugin v27.1.1 - https:\/\/yoast.com\/product\/yoast-seo-wordpress\/ -->\n<title>Floor Mats Volvo ECR145-235 CL - RST-Steel<\/title>\n<meta name=\"description\" content=\"Floor Mats Volvo ECR145-235 CL models. Several color options available! Check out the products and order now! Fast shipping!\" \/>\n<meta name=\"robots\" content=\"index, follow, max-snippet:-1, max-image-preview:large, max-video-preview:-1\" \/>\n<link rel=\"canonical\" href=\"https:\/\/rst-steel.com\/nb\/produktkategori\/interior\/excavator-floor-mats\/volvo-ce-floor-mats\/floor-mats-volvo-ecr145-235-cl\/\" \/>\n<meta property=\"og:locale\" content=\"nb_NO\" \/>\n<meta property=\"og:type\" content=\"article\" \/>\n<meta property=\"og:title\" content=\"Floor Mats Volvo ECR145-235 CL - RST-Steel\" \/>\n<meta property=\"og:description\" content=\"Floor Mats Volvo ECR145-235 CL models. Several color options available! Check out the products and order now! Fast shipping!\" \/>\n<meta property=\"og:url\" content=\"https:\/\/rst-steel.com\/nb\/produktkategori\/interior\/excavator-floor-mats\/volvo-ce-floor-mats\/floor-mats-volvo-ecr145-235-cl\/\" \/>\n<meta property=\"og:site_name\" content=\"RST-Steel\" \/>\n<meta property=\"article:modified_time\" content=\"2026-04-17T05:59:30+00:00\" \/>\n<meta property=\"og:image\" content=\"https:\/\/rst-steel.com\/wp-content\/uploads\/2026\/03\/b7a57f932395010f06a08552644cf8133b5751a8_7fd244f975c1ced51a34966a6af6ea4a-scaled.jpg\" \/>\n\t<meta property=\"og:image:width\" content=\"2560\" \/>\n\t<meta property=\"og:image:height\" content=\"2560\" \/>\n\t<meta property=\"og:image:type\" content=\"image\/jpeg\" \/>\n<meta name=\"twitter:card\" content=\"summary_large_image\" \/>\n<meta name=\"twitter:label1\" content=\"Ansl. lesetid\" \/>\n\t<meta name=\"twitter:data1\" content=\"1 minutt\" \/>\n<script type=\"application\/ld+json\" class=\"yoast-schema-graph\">{\"@context\":\"https:\/\/schema.org\",\"@graph\":[{\"@type\":\"WebPage\",\"@id\":\"https:\/\/rst-steel.com\/product-category\/interior\/excavator-floor-mats\/volvo-ce-floor-mats\/floor-mats-volvo-ecr145-235-cl\/\",\"url\":\"https:\/\/rst-steel.com\/product-category\/interior\/excavator-floor-mats\/volvo-ce-floor-mats\/floor-mats-volvo-ecr145-235-cl\/\",\"name\":\"Floor Mats Volvo ECR145-235 CL - RST-Steel\",\"isPartOf\":{\"@id\":\"https:\/\/rst-steel.com\/#website\"},\"primaryImageOfPage\":{\"@id\":\"https:\/\/rst-steel.com\/product-category\/interior\/excavator-floor-mats\/volvo-ce-floor-mats\/floor-mats-volvo-ecr145-235-cl\/#primaryimage\"},\"image\":{\"@id\":\"https:\/\/rst-steel.com\/product-category\/interior\/excavator-floor-mats\/volvo-ce-floor-mats\/floor-mats-volvo-ecr145-235-cl\/#primaryimage\"},\"thumbnailUrl\":\"https:\/\/rst-steel.com\/wp-content\/uploads\/2026\/03\/b7a57f932395010f06a08552644cf8133b5751a8_7fd244f975c1ced51a34966a6af6ea4a-scaled.jpg\",\"datePublished\":\"2026-03-20T08:19:12+00:00\",\"dateModified\":\"2026-04-17T05:59:30+00:00\",\"description\":\"Floor Mats Volvo ECR145-235 CL models. Several color options available! Check out the products and order now! Fast shipping!\",\"breadcrumb\":{\"@id\":\"https:\/\/rst-steel.com\/product-category\/interior\/excavator-floor-mats\/volvo-ce-floor-mats\/floor-mats-volvo-ecr145-235-cl\/#breadcrumb\"},\"inLanguage\":\"nb-NO\",\"potentialAction\":[{\"@type\":\"ReadAction\",\"target\":[\"https:\/\/rst-steel.com\/product-category\/interior\/excavator-floor-mats\/volvo-ce-floor-mats\/floor-mats-volvo-ecr145-235-cl\/\"]}]},{\"@type\":\"ImageObject\",\"inLanguage\":\"nb-NO\",\"@id\":\"https:\/\/rst-steel.com\/product-category\/interior\/excavator-floor-mats\/volvo-ce-floor-mats\/floor-mats-volvo-ecr145-235-cl\/#primaryimage\",\"url\":\"https:\/\/rst-steel.com\/wp-content\/uploads\/2026\/03\/b7a57f932395010f06a08552644cf8133b5751a8_7fd244f975c1ced51a34966a6af6ea4a-scaled.jpg\",\"contentUrl\":\"https:\/\/rst-steel.com\/wp-content\/uploads\/2026\/03\/b7a57f932395010f06a08552644cf8133b5751a8_7fd244f975c1ced51a34966a6af6ea4a-scaled.jpg\",\"width\":2560,\"height\":2560,\"caption\":\"prm_69551\"},{\"@type\":\"BreadcrumbList\",\"@id\":\"https:\/\/rst-steel.com\/product-category\/interior\/excavator-floor-mats\/volvo-ce-floor-mats\/floor-mats-volvo-ecr145-235-cl\/#breadcrumb\",\"itemListElement\":[{\"@type\":\"ListItem\",\"position\":1,\"name\":\"Home\",\"item\":\"https:\/\/rst-steel.com\/\"},{\"@type\":\"ListItem\",\"position\":2,\"name\":\"RST-Steel Verkkokauppa\",\"item\":\"https:\/\/rst-steel.com\/shop\/\"},{\"@type\":\"ListItem\",\"position\":3,\"name\":\"Floor Mats Volvo ECR145-235 CL\"}]},{\"@type\":\"WebSite\",\"@id\":\"https:\/\/rst-steel.com\/#website\",\"url\":\"https:\/\/rst-steel.com\/\",\"name\":\"RST-Steel Oy - Turvallista, tyylik\u00e4st\u00e4, ter\u00e4st\u00e4\",\"description\":\"Finnish quality for discerning drivers\",\"publisher\":{\"@id\":\"https:\/\/rst-steel.com\/#organization\"},\"potentialAction\":[{\"@type\":\"SearchAction\",\"target\":{\"@type\":\"EntryPoint\",\"urlTemplate\":\"https:\/\/rst-steel.com\/?s={search_term_string}\"},\"query-input\":{\"@type\":\"PropertyValueSpecification\",\"valueRequired\":true,\"valueName\":\"search_term_string\"}}],\"inLanguage\":\"nb-NO\"},{\"@type\":\"Organization\",\"@id\":\"https:\/\/rst-steel.com\/#organization\",\"name\":\"RST-Steel Oy\",\"alternateName\":\"RST-Steel Oy - Turvallista, tyylik\u00e4st\u00e4, ter\u00e4st\u00e4\",\"url\":\"https:\/\/rst-steel.com\/\",\"logo\":{\"@type\":\"ImageObject\",\"inLanguage\":\"nb-NO\",\"@id\":\"https:\/\/rst-steel.com\/#\/schema\/logo\/image\/\",\"url\":\"https:\/\/rst-steel.com\/wp-content\/uploads\/2025\/02\/cropped-rst-valkoinen-ilman-taustaa-02.png\",\"contentUrl\":\"https:\/\/rst-steel.com\/wp-content\/uploads\/2025\/02\/cropped-rst-valkoinen-ilman-taustaa-02.png\",\"width\":2319,\"height\":690,\"caption\":\"RST-Steel Oy\"},\"image\":{\"@id\":\"https:\/\/rst-steel.com\/#\/schema\/logo\/image\/\"}}]}<\/script>\n<!-- \/ Yoast SEO plugin. -->","yoast_head_json":{"title":"Floor Mats Volvo ECR145-235 CL - RST-Steel","description":"Floor Mats Volvo ECR145-235 CL models. Several color options available! Check out the products and order now! Fast shipping!","robots":{"index":"index","follow":"follow","max-snippet":"max-snippet:-1","max-image-preview":"max-image-preview:large","max-video-preview":"max-video-preview:-1"},"canonical":"https:\/\/rst-steel.com\/nb\/produktkategori\/interior\/excavator-floor-mats\/volvo-ce-floor-mats\/floor-mats-volvo-ecr145-235-cl\/","og_locale":"nb_NO","og_type":"article","og_title":"Floor Mats Volvo ECR145-235 CL - RST-Steel","og_description":"Floor Mats Volvo ECR145-235 CL models. Several color options available! Check out the products and order now! Fast shipping!","og_url":"https:\/\/rst-steel.com\/nb\/produktkategori\/interior\/excavator-floor-mats\/volvo-ce-floor-mats\/floor-mats-volvo-ecr145-235-cl\/","og_site_name":"RST-Steel","article_modified_time":"2026-04-17T05:59:30+00:00","og_image":[{"width":2560,"height":2560,"url":"https:\/\/rst-steel.com\/wp-content\/uploads\/2026\/03\/b7a57f932395010f06a08552644cf8133b5751a8_7fd244f975c1ced51a34966a6af6ea4a-scaled.jpg","type":"image\/jpeg"}],"twitter_card":"summary_large_image","twitter_misc":{"Ansl. lesetid":"1 minutt"},"schema":{"@context":"https:\/\/schema.org","@graph":[{"@type":"WebPage","@id":"https:\/\/rst-steel.com\/product-category\/interior\/excavator-floor-mats\/volvo-ce-floor-mats\/floor-mats-volvo-ecr145-235-cl\/","url":"https:\/\/rst-steel.com\/product-category\/interior\/excavator-floor-mats\/volvo-ce-floor-mats\/floor-mats-volvo-ecr145-235-cl\/","name":"Floor Mats Volvo ECR145-235 CL - RST-Steel","isPartOf":{"@id":"https:\/\/rst-steel.com\/#website"},"primaryImageOfPage":{"@id":"https:\/\/rst-steel.com\/product-category\/interior\/excavator-floor-mats\/volvo-ce-floor-mats\/floor-mats-volvo-ecr145-235-cl\/#primaryimage"},"image":{"@id":"https:\/\/rst-steel.com\/product-category\/interior\/excavator-floor-mats\/volvo-ce-floor-mats\/floor-mats-volvo-ecr145-235-cl\/#primaryimage"},"thumbnailUrl":"https:\/\/rst-steel.com\/wp-content\/uploads\/2026\/03\/b7a57f932395010f06a08552644cf8133b5751a8_7fd244f975c1ced51a34966a6af6ea4a-scaled.jpg","datePublished":"2026-03-20T08:19:12+00:00","dateModified":"2026-04-17T05:59:30+00:00","description":"Floor Mats Volvo ECR145-235 CL models. Several color options available! Check out the products and order now! Fast shipping!","breadcrumb":{"@id":"https:\/\/rst-steel.com\/product-category\/interior\/excavator-floor-mats\/volvo-ce-floor-mats\/floor-mats-volvo-ecr145-235-cl\/#breadcrumb"},"inLanguage":"nb-NO","potentialAction":[{"@type":"ReadAction","target":["https:\/\/rst-steel.com\/product-category\/interior\/excavator-floor-mats\/volvo-ce-floor-mats\/floor-mats-volvo-ecr145-235-cl\/"]}]},{"@type":"ImageObject","inLanguage":"nb-NO","@id":"https:\/\/rst-steel.com\/product-category\/interior\/excavator-floor-mats\/volvo-ce-floor-mats\/floor-mats-volvo-ecr145-235-cl\/#primaryimage","url":"https:\/\/rst-steel.com\/wp-content\/uploads\/2026\/03\/b7a57f932395010f06a08552644cf8133b5751a8_7fd244f975c1ced51a34966a6af6ea4a-scaled.jpg","contentUrl":"https:\/\/rst-steel.com\/wp-content\/uploads\/2026\/03\/b7a57f932395010f06a08552644cf8133b5751a8_7fd244f975c1ced51a34966a6af6ea4a-scaled.jpg","width":2560,"height":2560,"caption":"prm_69551"},{"@type":"BreadcrumbList","@id":"https:\/\/rst-steel.com\/product-category\/interior\/excavator-floor-mats\/volvo-ce-floor-mats\/floor-mats-volvo-ecr145-235-cl\/#breadcrumb","itemListElement":[{"@type":"ListItem","position":1,"name":"Home","item":"https:\/\/rst-steel.com\/"},{"@type":"ListItem","position":2,"name":"RST-Steel Verkkokauppa","item":"https:\/\/rst-steel.com\/shop\/"},{"@type":"ListItem","position":3,"name":"Floor Mats Volvo ECR145-235 CL"}]},{"@type":"WebSite","@id":"https:\/\/rst-steel.com\/#website","url":"https:\/\/rst-steel.com\/","name":"RST-Steel Oy - Turvallista, tyylik\u00e4st\u00e4, ter\u00e4st\u00e4","description":"Finsk kvalitet for kvalitetsbevisste sj\u00e5f\u00f8rer","publisher":{"@id":"https:\/\/rst-steel.com\/#organization"},"potentialAction":[{"@type":"SearchAction","target":{"@type":"EntryPoint","urlTemplate":"https:\/\/rst-steel.com\/?s={search_term_string}"},"query-input":{"@type":"PropertyValueSpecification","valueRequired":true,"valueName":"search_term_string"}}],"inLanguage":"nb-NO"},{"@type":"Organization","@id":"https:\/\/rst-steel.com\/#organization","name":"Administrer alternativer","alternateName":"RST-Steel Oy - Turvallista, tyylik\u00e4st\u00e4, ter\u00e4st\u00e4","url":"https:\/\/rst-steel.com\/","logo":{"@type":"ImageObject","inLanguage":"nb-NO","@id":"https:\/\/rst-steel.com\/#\/schema\/logo\/image\/","url":"https:\/\/rst-steel.com\/wp-content\/uploads\/2025\/02\/cropped-rst-valkoinen-ilman-taustaa-02.png","contentUrl":"https:\/\/rst-steel.com\/wp-content\/uploads\/2025\/02\/cropped-rst-valkoinen-ilman-taustaa-02.png","width":2319,"height":690,"caption":"RST-Steel Oy"},"image":{"@id":"https:\/\/rst-steel.com\/#\/schema\/logo\/image\/"}}]}},"_links":{"self":[{"href":"https:\/\/rst-steel.com\/nb\/wp-json\/wp\/v2\/product\/192051","targetHints":{"allow":["GET"]}}],"collection":[{"href":"https:\/\/rst-steel.com\/nb\/wp-json\/wp\/v2\/product"}],"about":[{"href":"https:\/\/rst-steel.com\/nb\/wp-json\/wp\/v2\/types\/product"}],"version-history":[{"count":1,"href":"https:\/\/rst-steel.com\/nb\/wp-json\/wp\/v2\/product\/192051\/revisions"}],"predecessor-version":[{"id":198993,"href":"https:\/\/rst-steel.com\/nb\/wp-json\/wp\/v2\/product\/192051\/revisions\/198993"}],"wp:featuredmedia":[{"embeddable":true,"href":"https:\/\/rst-steel.com\/nb\/wp-json\/wp\/v2\/media\/192048"}],"wp:attachment":[{"href":"https:\/\/rst-steel.com\/nb\/wp-json\/wp\/v2\/media?parent=192051"}],"wp:term":[{"taxonomy":"make_year","embeddable":true,"href":"https:\/\/rst-steel.com\/nb\/wp-json\/wp\/v2\/make_year?post=192051"},{"taxonomy":"make_brand","embeddable":true,"href":"https:\/\/rst-steel.com\/nb\/wp-json\/wp\/v2\/make_brand?post=192051"},{"taxonomy":"make_model","embeddable":true,"href":"https:\/\/rst-steel.com\/nb\/wp-json\/wp\/v2\/make_model?post=192051"},{"taxonomy":"make_fuel_type","embeddable":true,"href":"https:\/\/rst-steel.com\/nb\/wp-json\/wp\/v2\/make_fuel_type?post=192051"},{"taxonomy":"product_brand","embeddable":true,"href":"https:\/\/rst-steel.com\/nb\/wp-json\/wp\/v2\/product_brand?post=192051"},{"taxonomy":"product_cat","embeddable":true,"href":"https:\/\/rst-steel.com\/nb\/wp-json\/wp\/v2\/product_cat?post=192051"},{"taxonomy":"product_tag","embeddable":true,"href":"https:\/\/rst-steel.com\/nb\/wp-json\/wp\/v2\/product_tag?post=192051"}],"curies":[{"name":"wp","href":"https:\/\/api.w.org\/{rel}","templated":true}]}}