{"id":192824,"date":"2026-03-20T10:40:43","date_gmt":"2026-03-20T08:40:43","guid":{"rendered":"https:\/\/rst-steel.com\/tuote-osasto\/Ei-luokiteltu\/leather-floor-mat-scania-ng-r-2017-with-folding-passenger-seat\/"},"modified":"2026-04-15T09:10:04","modified_gmt":"2026-04-15T06:10:04","slug":"leather-floor-mat-scania-ng-r-2017-with-folding-passenger-seat","status":"publish","type":"product","link":"https:\/\/rst-steel.com\/nb\/produktkategori\/interior\/truck-floormats\/scania-floormats\/leather-floor-mat-scania-ng-r-2017-with-folding-passenger-seat\/","title":{"rendered":"Leather Floor Mat Scania NG R 2017- with folding passenger seat"},"content":{"rendered":"<p>Leather Floor Mat Scania NG R 2017- with folding passenger seat.<\/p>\n<p>Fits: Scania Next Generation R with Automatic- \/ Opticruise gearbox<\/p>\n<div>\n<p style=\"margin: 0cm 0cm 7.5pt;background-image: initial;background-position: initial;background-size: initial;background-repeat: initial;background-attachment: initial\"><span style=\"font-family: Lato, sans-serif;font-size: 10pt\">Stays in place and easy to clean. Gives a stylish look to the car, protects from the cold.<\/span><\/p>\n<p style=\"margin: 0cm 0cm 7.5pt;background-image: initial;background-position: initial;background-size: initial;background-repeat: initial;background-attachment: initial\"><span style=\"font-family: Lato, sans-serif;font-size: 13.3333px\">Mat set in very fine quality that is adapted for machine driving without shoes.<\/span><\/p>\n<p style=\"margin: 0cm 0cm 7.5pt;background-image: initial;background-position: initial;background-size: initial;background-repeat: initial;background-attachment: initial\"><span style=\"font-family: Lato, sans-serif;font-size: 13.3333px\">Diamond pattern with padding.<\/span><\/p>\n<p style=\"margin: 0cm 0cm 7.5pt;background-image: initial;background-position: initial;background-size: initial;background-repeat: initial;background-attachment: initial\"><span style=\"font-family: Lato, sans-serif;font-size: 13.3333px\">Mats have a stylish RST-Steel logo!<\/span><\/p>\n<p style=\"margin: 0cm 0cm 7.5pt;background-image: initial;background-position: initial;background-size: initial;background-repeat: initial;background-attachment: initial\">Also available for air-\/reclining passenger seats!<\/p>\n<\/div>","protected":false},"excerpt":{"rendered":"<p>Leather Floor Mat Scania NG R 2017- with folding passenger seat. Fits: Scania Next Generation R with Automatic- \/ Opticruise&#8230;<\/p>","protected":false},"featured_media":192821,"template":"","meta":[],"make_year":[10907],"make_brand":[10935],"make_model":[10994],"make_fuel_type":[],"product_brand":[],"product_cat":[10679,10699,10696],"product_tag":[],"class_list":{"0":"post-192824","1":"product","2":"type-product","3":"status-publish","4":"has-post-thumbnail","6":"make_year-trucks","7":"make_brand-scania","8":"make_model-nextgen-r-2017","9":"make_engine-scng-paivaohjaamo-matala-cr17l","10":"make_engine-scng-paivaohjaamo-normaali-cr17n","11":"make_engine-scng-makuuohjaamo-highline-cr20h","12":"make_engine-scng-makuuohjaamo-matala-cr20l","13":"make_engine-scng-makuuohjaamo-normaali-cr20n","14":"product_cat-interior","15":"product_cat-scania-floormats","16":"product_cat-truck-floormats","18":"first","19":"instock","20":"taxable","21":"shipping-taxable","22":"purchasable","23":"product-type-variable"},"yoast_head":"<!-- This site is optimized with the Yoast SEO plugin v27.1.1 - https:\/\/yoast.com\/product\/yoast-seo-wordpress\/ -->\n<title>Leather Floor Mat Scania NG R 2017- RST-Steel<\/title>\n<meta name=\"description\" content=\"Leather Floor Mat Scania NG R 2017- with folding passenger seat. Several color options available! Check out the product and make order now!\" \/>\n<meta name=\"robots\" content=\"index, follow, max-snippet:-1, max-image-preview:large, max-video-preview:-1\" \/>\n<link rel=\"canonical\" href=\"https:\/\/rst-steel.com\/nb\/produktkategori\/interior\/truck-floormats\/scania-floormats\/leather-floor-mat-scania-ng-r-2017-with-folding-passenger-seat\/\" \/>\n<meta property=\"og:locale\" content=\"nb_NO\" \/>\n<meta property=\"og:type\" content=\"article\" \/>\n<meta property=\"og:title\" content=\"Leather Floor Mat Scania NG R 2017- RST-Steel\" \/>\n<meta property=\"og:description\" content=\"Leather Floor Mat Scania NG R 2017- with folding passenger seat. Several color options available! Check out the product and make order now!\" \/>\n<meta property=\"og:url\" content=\"https:\/\/rst-steel.com\/nb\/produktkategori\/interior\/truck-floormats\/scania-floormats\/leather-floor-mat-scania-ng-r-2017-with-folding-passenger-seat\/\" \/>\n<meta property=\"og:site_name\" content=\"RST-Steel\" \/>\n<meta property=\"article:modified_time\" content=\"2026-04-15T06:10:04+00:00\" \/>\n<meta property=\"og:image\" content=\"https:\/\/rst-steel.com\/wp-content\/uploads\/2026\/03\/58fe89c3b45dc7b0e1d3dac94626b5bec07e274f_41fb9c113dfbfbfaf3ea224a79c55bd6-scaled.jpg\" \/>\n\t<meta property=\"og:image:width\" content=\"2560\" \/>\n\t<meta property=\"og:image:height\" content=\"2560\" \/>\n\t<meta property=\"og:image:type\" content=\"image\/jpeg\" \/>\n<meta name=\"twitter:card\" content=\"summary_large_image\" \/>\n<meta name=\"twitter:label1\" content=\"Ansl. lesetid\" \/>\n\t<meta name=\"twitter:data1\" content=\"1 minutt\" \/>\n<script type=\"application\/ld+json\" class=\"yoast-schema-graph\">{\"@context\":\"https:\/\/schema.org\",\"@graph\":[{\"@type\":\"WebPage\",\"@id\":\"https:\/\/rst-steel.com\/product-category\/interior\/truck-floormats\/scania-floormats\/leather-floor-mat-scania-ng-r-2017-with-folding-passenger-seat\/\",\"url\":\"https:\/\/rst-steel.com\/product-category\/interior\/truck-floormats\/scania-floormats\/leather-floor-mat-scania-ng-r-2017-with-folding-passenger-seat\/\",\"name\":\"Leather Floor Mat Scania NG R 2017- RST-Steel\",\"isPartOf\":{\"@id\":\"https:\/\/rst-steel.com\/#website\"},\"primaryImageOfPage\":{\"@id\":\"https:\/\/rst-steel.com\/product-category\/interior\/truck-floormats\/scania-floormats\/leather-floor-mat-scania-ng-r-2017-with-folding-passenger-seat\/#primaryimage\"},\"image\":{\"@id\":\"https:\/\/rst-steel.com\/product-category\/interior\/truck-floormats\/scania-floormats\/leather-floor-mat-scania-ng-r-2017-with-folding-passenger-seat\/#primaryimage\"},\"thumbnailUrl\":\"https:\/\/rst-steel.com\/wp-content\/uploads\/2026\/03\/58fe89c3b45dc7b0e1d3dac94626b5bec07e274f_41fb9c113dfbfbfaf3ea224a79c55bd6-scaled.jpg\",\"datePublished\":\"2026-03-20T08:40:43+00:00\",\"dateModified\":\"2026-04-15T06:10:04+00:00\",\"description\":\"Leather Floor Mat Scania NG R 2017- with folding passenger seat. Several color options available! Check out the product and make order now!\",\"breadcrumb\":{\"@id\":\"https:\/\/rst-steel.com\/product-category\/interior\/truck-floormats\/scania-floormats\/leather-floor-mat-scania-ng-r-2017-with-folding-passenger-seat\/#breadcrumb\"},\"inLanguage\":\"nb-NO\",\"potentialAction\":[{\"@type\":\"ReadAction\",\"target\":[\"https:\/\/rst-steel.com\/product-category\/interior\/truck-floormats\/scania-floormats\/leather-floor-mat-scania-ng-r-2017-with-folding-passenger-seat\/\"]}]},{\"@type\":\"ImageObject\",\"inLanguage\":\"nb-NO\",\"@id\":\"https:\/\/rst-steel.com\/product-category\/interior\/truck-floormats\/scania-floormats\/leather-floor-mat-scania-ng-r-2017-with-folding-passenger-seat\/#primaryimage\",\"url\":\"https:\/\/rst-steel.com\/wp-content\/uploads\/2026\/03\/58fe89c3b45dc7b0e1d3dac94626b5bec07e274f_41fb9c113dfbfbfaf3ea224a79c55bd6-scaled.jpg\",\"contentUrl\":\"https:\/\/rst-steel.com\/wp-content\/uploads\/2026\/03\/58fe89c3b45dc7b0e1d3dac94626b5bec07e274f_41fb9c113dfbfbfaf3ea224a79c55bd6-scaled.jpg\",\"width\":2560,\"height\":2560,\"caption\":\"prm_69639\"},{\"@type\":\"BreadcrumbList\",\"@id\":\"https:\/\/rst-steel.com\/product-category\/interior\/truck-floormats\/scania-floormats\/leather-floor-mat-scania-ng-r-2017-with-folding-passenger-seat\/#breadcrumb\",\"itemListElement\":[{\"@type\":\"ListItem\",\"position\":1,\"name\":\"Home\",\"item\":\"https:\/\/rst-steel.com\/\"},{\"@type\":\"ListItem\",\"position\":2,\"name\":\"RST-Steel Verkkokauppa\",\"item\":\"https:\/\/rst-steel.com\/shop\/\"},{\"@type\":\"ListItem\",\"position\":3,\"name\":\"Leather Floor Mat Scania NG R 2017- with folding passenger seat\"}]},{\"@type\":\"WebSite\",\"@id\":\"https:\/\/rst-steel.com\/#website\",\"url\":\"https:\/\/rst-steel.com\/\",\"name\":\"RST-Steel Oy - Turvallista, tyylik\u00e4st\u00e4, ter\u00e4st\u00e4\",\"description\":\"Finnish quality for discerning drivers\",\"publisher\":{\"@id\":\"https:\/\/rst-steel.com\/#organization\"},\"potentialAction\":[{\"@type\":\"SearchAction\",\"target\":{\"@type\":\"EntryPoint\",\"urlTemplate\":\"https:\/\/rst-steel.com\/?s={search_term_string}\"},\"query-input\":{\"@type\":\"PropertyValueSpecification\",\"valueRequired\":true,\"valueName\":\"search_term_string\"}}],\"inLanguage\":\"nb-NO\"},{\"@type\":\"Organization\",\"@id\":\"https:\/\/rst-steel.com\/#organization\",\"name\":\"RST-Steel Oy\",\"alternateName\":\"RST-Steel Oy - Turvallista, tyylik\u00e4st\u00e4, ter\u00e4st\u00e4\",\"url\":\"https:\/\/rst-steel.com\/\",\"logo\":{\"@type\":\"ImageObject\",\"inLanguage\":\"nb-NO\",\"@id\":\"https:\/\/rst-steel.com\/#\/schema\/logo\/image\/\",\"url\":\"https:\/\/rst-steel.com\/wp-content\/uploads\/2025\/02\/cropped-rst-valkoinen-ilman-taustaa-02.png\",\"contentUrl\":\"https:\/\/rst-steel.com\/wp-content\/uploads\/2025\/02\/cropped-rst-valkoinen-ilman-taustaa-02.png\",\"width\":2319,\"height\":690,\"caption\":\"RST-Steel Oy\"},\"image\":{\"@id\":\"https:\/\/rst-steel.com\/#\/schema\/logo\/image\/\"}}]}<\/script>\n<!-- \/ Yoast SEO plugin. -->","yoast_head_json":{"title":"Leather Floor Mat Scania NG R 2017- RST-Steel","description":"Leather Floor Mat Scania NG R 2017- with folding passenger seat. Several color options available! Check out the product and make order now!","robots":{"index":"index","follow":"follow","max-snippet":"max-snippet:-1","max-image-preview":"max-image-preview:large","max-video-preview":"max-video-preview:-1"},"canonical":"https:\/\/rst-steel.com\/nb\/produktkategori\/interior\/truck-floormats\/scania-floormats\/leather-floor-mat-scania-ng-r-2017-with-folding-passenger-seat\/","og_locale":"nb_NO","og_type":"article","og_title":"Leather Floor Mat Scania NG R 2017- RST-Steel","og_description":"Leather Floor Mat Scania NG R 2017- with folding passenger seat. Several color options available! Check out the product and make order now!","og_url":"https:\/\/rst-steel.com\/nb\/produktkategori\/interior\/truck-floormats\/scania-floormats\/leather-floor-mat-scania-ng-r-2017-with-folding-passenger-seat\/","og_site_name":"RST-Steel","article_modified_time":"2026-04-15T06:10:04+00:00","og_image":[{"width":2560,"height":2560,"url":"https:\/\/rst-steel.com\/wp-content\/uploads\/2026\/03\/58fe89c3b45dc7b0e1d3dac94626b5bec07e274f_41fb9c113dfbfbfaf3ea224a79c55bd6-scaled.jpg","type":"image\/jpeg"}],"twitter_card":"summary_large_image","twitter_misc":{"Ansl. lesetid":"1 minutt"},"schema":{"@context":"https:\/\/schema.org","@graph":[{"@type":"WebPage","@id":"https:\/\/rst-steel.com\/product-category\/interior\/truck-floormats\/scania-floormats\/leather-floor-mat-scania-ng-r-2017-with-folding-passenger-seat\/","url":"https:\/\/rst-steel.com\/product-category\/interior\/truck-floormats\/scania-floormats\/leather-floor-mat-scania-ng-r-2017-with-folding-passenger-seat\/","name":"Leather Floor Mat Scania NG R 2017- RST-Steel","isPartOf":{"@id":"https:\/\/rst-steel.com\/#website"},"primaryImageOfPage":{"@id":"https:\/\/rst-steel.com\/product-category\/interior\/truck-floormats\/scania-floormats\/leather-floor-mat-scania-ng-r-2017-with-folding-passenger-seat\/#primaryimage"},"image":{"@id":"https:\/\/rst-steel.com\/product-category\/interior\/truck-floormats\/scania-floormats\/leather-floor-mat-scania-ng-r-2017-with-folding-passenger-seat\/#primaryimage"},"thumbnailUrl":"https:\/\/rst-steel.com\/wp-content\/uploads\/2026\/03\/58fe89c3b45dc7b0e1d3dac94626b5bec07e274f_41fb9c113dfbfbfaf3ea224a79c55bd6-scaled.jpg","datePublished":"2026-03-20T08:40:43+00:00","dateModified":"2026-04-15T06:10:04+00:00","description":"Leather Floor Mat Scania NG R 2017- with folding passenger seat. Several color options available! Check out the product and make order now!","breadcrumb":{"@id":"https:\/\/rst-steel.com\/product-category\/interior\/truck-floormats\/scania-floormats\/leather-floor-mat-scania-ng-r-2017-with-folding-passenger-seat\/#breadcrumb"},"inLanguage":"nb-NO","potentialAction":[{"@type":"ReadAction","target":["https:\/\/rst-steel.com\/product-category\/interior\/truck-floormats\/scania-floormats\/leather-floor-mat-scania-ng-r-2017-with-folding-passenger-seat\/"]}]},{"@type":"ImageObject","inLanguage":"nb-NO","@id":"https:\/\/rst-steel.com\/product-category\/interior\/truck-floormats\/scania-floormats\/leather-floor-mat-scania-ng-r-2017-with-folding-passenger-seat\/#primaryimage","url":"https:\/\/rst-steel.com\/wp-content\/uploads\/2026\/03\/58fe89c3b45dc7b0e1d3dac94626b5bec07e274f_41fb9c113dfbfbfaf3ea224a79c55bd6-scaled.jpg","contentUrl":"https:\/\/rst-steel.com\/wp-content\/uploads\/2026\/03\/58fe89c3b45dc7b0e1d3dac94626b5bec07e274f_41fb9c113dfbfbfaf3ea224a79c55bd6-scaled.jpg","width":2560,"height":2560,"caption":"prm_69639"},{"@type":"BreadcrumbList","@id":"https:\/\/rst-steel.com\/product-category\/interior\/truck-floormats\/scania-floormats\/leather-floor-mat-scania-ng-r-2017-with-folding-passenger-seat\/#breadcrumb","itemListElement":[{"@type":"ListItem","position":1,"name":"Home","item":"https:\/\/rst-steel.com\/"},{"@type":"ListItem","position":2,"name":"RST-Steel Verkkokauppa","item":"https:\/\/rst-steel.com\/shop\/"},{"@type":"ListItem","position":3,"name":"Leather Floor Mat Scania NG R 2017- with folding passenger seat"}]},{"@type":"WebSite","@id":"https:\/\/rst-steel.com\/#website","url":"https:\/\/rst-steel.com\/","name":"RST-Steel Oy - Turvallista, tyylik\u00e4st\u00e4, ter\u00e4st\u00e4","description":"Finsk kvalitet for kvalitetsbevisste sj\u00e5f\u00f8rer","publisher":{"@id":"https:\/\/rst-steel.com\/#organization"},"potentialAction":[{"@type":"SearchAction","target":{"@type":"EntryPoint","urlTemplate":"https:\/\/rst-steel.com\/?s={search_term_string}"},"query-input":{"@type":"PropertyValueSpecification","valueRequired":true,"valueName":"search_term_string"}}],"inLanguage":"nb-NO"},{"@type":"Organization","@id":"https:\/\/rst-steel.com\/#organization","name":"Administrer alternativer","alternateName":"RST-Steel Oy - Turvallista, tyylik\u00e4st\u00e4, ter\u00e4st\u00e4","url":"https:\/\/rst-steel.com\/","logo":{"@type":"ImageObject","inLanguage":"nb-NO","@id":"https:\/\/rst-steel.com\/#\/schema\/logo\/image\/","url":"https:\/\/rst-steel.com\/wp-content\/uploads\/2025\/02\/cropped-rst-valkoinen-ilman-taustaa-02.png","contentUrl":"https:\/\/rst-steel.com\/wp-content\/uploads\/2025\/02\/cropped-rst-valkoinen-ilman-taustaa-02.png","width":2319,"height":690,"caption":"RST-Steel Oy"},"image":{"@id":"https:\/\/rst-steel.com\/#\/schema\/logo\/image\/"}}]}},"_links":{"self":[{"href":"https:\/\/rst-steel.com\/nb\/wp-json\/wp\/v2\/product\/192824","targetHints":{"allow":["GET"]}}],"collection":[{"href":"https:\/\/rst-steel.com\/nb\/wp-json\/wp\/v2\/product"}],"about":[{"href":"https:\/\/rst-steel.com\/nb\/wp-json\/wp\/v2\/types\/product"}],"version-history":[{"count":1,"href":"https:\/\/rst-steel.com\/nb\/wp-json\/wp\/v2\/product\/192824\/revisions"}],"predecessor-version":[{"id":198976,"href":"https:\/\/rst-steel.com\/nb\/wp-json\/wp\/v2\/product\/192824\/revisions\/198976"}],"wp:featuredmedia":[{"embeddable":true,"href":"https:\/\/rst-steel.com\/nb\/wp-json\/wp\/v2\/media\/192821"}],"wp:attachment":[{"href":"https:\/\/rst-steel.com\/nb\/wp-json\/wp\/v2\/media?parent=192824"}],"wp:term":[{"taxonomy":"make_year","embeddable":true,"href":"https:\/\/rst-steel.com\/nb\/wp-json\/wp\/v2\/make_year?post=192824"},{"taxonomy":"make_brand","embeddable":true,"href":"https:\/\/rst-steel.com\/nb\/wp-json\/wp\/v2\/make_brand?post=192824"},{"taxonomy":"make_model","embeddable":true,"href":"https:\/\/rst-steel.com\/nb\/wp-json\/wp\/v2\/make_model?post=192824"},{"taxonomy":"make_fuel_type","embeddable":true,"href":"https:\/\/rst-steel.com\/nb\/wp-json\/wp\/v2\/make_fuel_type?post=192824"},{"taxonomy":"product_brand","embeddable":true,"href":"https:\/\/rst-steel.com\/nb\/wp-json\/wp\/v2\/product_brand?post=192824"},{"taxonomy":"product_cat","embeddable":true,"href":"https:\/\/rst-steel.com\/nb\/wp-json\/wp\/v2\/product_cat?post=192824"},{"taxonomy":"product_tag","embeddable":true,"href":"https:\/\/rst-steel.com\/nb\/wp-json\/wp\/v2\/product_tag?post=192824"}],"curies":[{"name":"wp","href":"https:\/\/api.w.org\/{rel}","templated":true}]}}