{"id":193216,"date":"2026-03-20T10:52:15","date_gmt":"2026-03-20T08:52:15","guid":{"rendered":"https:\/\/rst-steel.com\/tuote-osasto\/Ei-luokiteltu\/leather-floor-mat-volvo-fh4-2013-2021\/"},"modified":"2026-04-17T08:59:11","modified_gmt":"2026-04-17T05:59:11","slug":"leather-floor-mat-volvo-fh4-2013-2021","status":"publish","type":"product","link":"https:\/\/rst-steel.com\/nb\/produktkategori\/interior\/truck-floormats\/volvo-floormats\/leather-floor-mat-volvo-fh4-2013-2021\/","title":{"rendered":"Leather Floor Mat Volvo FH4 2013-2021"},"content":{"rendered":"<p>Leather Floor Mat Volvo FH4 2013-2021<\/p>\n<p>Fits Volvo FH4 \u200b\u200bwith standard passenger seat.<\/p>\n<div>\n<p style=\"margin: 0cm 0cm 7.5pt;background-image: initial;background-position: initial;background-size: initial;background-repeat: initial;background-attachment: initial\"><span style=\"font-family: Lato, sans-serif;font-size: 10pt\">Stays in place and easy to clean. Gives a stylish look to the car, protects from the cold.<\/span><\/p>\n<p style=\"margin: 0cm 0cm 7.5pt;background-image: initial;background-position: initial;background-size: initial;background-repeat: initial;background-attachment: initial\"><span style=\"font-family: Lato, sans-serif;font-size: 13.3333px\">Mat set in very fine quality that is adapted for machine driving without shoes.<\/span><\/p>\n<p style=\"margin: 0cm 0cm 7.5pt;background-image: initial;background-position: initial;background-size: initial;background-repeat: initial;background-attachment: initial\"><span style=\"font-family: Lato, sans-serif;font-size: 13.3333px\">Diamond pattern with padding.<\/span><\/p>\n<p style=\"margin: 0cm 0cm 7.5pt;background-image: initial;background-position: initial;background-size: initial;background-repeat: initial;background-attachment: initial\"><span style=\"font-family: Lato, sans-serif;font-size: 13.3333px\">Mats have a stylish RST-Steel logo!<\/span><\/p>\n<\/div>","protected":false},"excerpt":{"rendered":"<p>Leather Floor Mat Volvo FH4 2013-2021 Fits Volvo FH4 \u200b\u200bwith standard passenger seat. Stays in place and easy to clean&#8230;.<\/p>","protected":false},"featured_media":193213,"template":"","meta":[],"make_year":[10907],"make_brand":[10939],"make_model":[10978],"make_fuel_type":[],"product_brand":[],"product_cat":[10679,10696,10698],"product_tag":[],"class_list":{"0":"post-193216","1":"product","2":"type-product","3":"status-publish","4":"has-post-thumbnail","6":"make_year-trucks","7":"make_brand-volvo","8":"make_model-fh4","9":"product_cat-interior","10":"product_cat-truck-floormats","11":"product_cat-volvo-floormats","13":"first","14":"onbackorder","15":"taxable","16":"shipping-taxable","17":"purchasable","18":"product-type-variable"},"yoast_head":"<!-- This site is optimized with the Yoast SEO plugin v27.1.1 - https:\/\/yoast.com\/product\/yoast-seo-wordpress\/ -->\n<title>Leather Floor Mat Volvo FH4 2013-2021 - RST-Steel<\/title>\n<meta name=\"description\" content=\"Leather Floor Mat Volvo FH4 2013-2021. Several color options available! Check out the product and make order now! Fast Shipping!\" \/>\n<meta name=\"robots\" content=\"index, follow, max-snippet:-1, max-image-preview:large, max-video-preview:-1\" \/>\n<link rel=\"canonical\" href=\"https:\/\/rst-steel.com\/nb\/produktkategori\/interior\/truck-floormats\/volvo-floormats\/leather-floor-mat-volvo-fh4-2013-2021\/\" \/>\n<meta property=\"og:locale\" content=\"nb_NO\" \/>\n<meta property=\"og:type\" content=\"article\" \/>\n<meta property=\"og:title\" content=\"Leather Floor Mat Volvo FH4 2013-2021 - RST-Steel\" \/>\n<meta property=\"og:description\" content=\"Leather Floor Mat Volvo FH4 2013-2021. Several color options available! Check out the product and make order now! Fast Shipping!\" \/>\n<meta property=\"og:url\" content=\"https:\/\/rst-steel.com\/nb\/produktkategori\/interior\/truck-floormats\/volvo-floormats\/leather-floor-mat-volvo-fh4-2013-2021\/\" \/>\n<meta property=\"og:site_name\" content=\"RST-Steel\" \/>\n<meta property=\"article:modified_time\" content=\"2026-04-17T05:59:11+00:00\" \/>\n<meta property=\"og:image\" content=\"https:\/\/rst-steel.com\/wp-content\/uploads\/2026\/03\/c31ced182ae62f18932a1adc87458d98edb9579f_43dc68f98b8ad8bf2bc481ab4bbcbf27-scaled.jpg\" \/>\n\t<meta property=\"og:image:width\" content=\"2560\" \/>\n\t<meta property=\"og:image:height\" content=\"2560\" \/>\n\t<meta property=\"og:image:type\" content=\"image\/jpeg\" \/>\n<meta name=\"twitter:card\" content=\"summary_large_image\" \/>\n<meta name=\"twitter:label1\" content=\"Ansl. lesetid\" \/>\n\t<meta name=\"twitter:data1\" content=\"1 minutt\" \/>\n<script type=\"application\/ld+json\" class=\"yoast-schema-graph\">{\"@context\":\"https:\/\/schema.org\",\"@graph\":[{\"@type\":\"WebPage\",\"@id\":\"https:\/\/rst-steel.com\/product-category\/interior\/truck-floormats\/volvo-floormats\/leather-floor-mat-volvo-fh4-2013-2021\/\",\"url\":\"https:\/\/rst-steel.com\/product-category\/interior\/truck-floormats\/volvo-floormats\/leather-floor-mat-volvo-fh4-2013-2021\/\",\"name\":\"Leather Floor Mat Volvo FH4 2013-2021 - RST-Steel\",\"isPartOf\":{\"@id\":\"https:\/\/rst-steel.com\/#website\"},\"primaryImageOfPage\":{\"@id\":\"https:\/\/rst-steel.com\/product-category\/interior\/truck-floormats\/volvo-floormats\/leather-floor-mat-volvo-fh4-2013-2021\/#primaryimage\"},\"image\":{\"@id\":\"https:\/\/rst-steel.com\/product-category\/interior\/truck-floormats\/volvo-floormats\/leather-floor-mat-volvo-fh4-2013-2021\/#primaryimage\"},\"thumbnailUrl\":\"https:\/\/rst-steel.com\/wp-content\/uploads\/2026\/03\/c31ced182ae62f18932a1adc87458d98edb9579f_43dc68f98b8ad8bf2bc481ab4bbcbf27-scaled.jpg\",\"datePublished\":\"2026-03-20T08:52:15+00:00\",\"dateModified\":\"2026-04-17T05:59:11+00:00\",\"description\":\"Leather Floor Mat Volvo FH4 2013-2021. Several color options available! Check out the product and make order now! Fast Shipping!\",\"breadcrumb\":{\"@id\":\"https:\/\/rst-steel.com\/product-category\/interior\/truck-floormats\/volvo-floormats\/leather-floor-mat-volvo-fh4-2013-2021\/#breadcrumb\"},\"inLanguage\":\"nb-NO\",\"potentialAction\":[{\"@type\":\"ReadAction\",\"target\":[\"https:\/\/rst-steel.com\/product-category\/interior\/truck-floormats\/volvo-floormats\/leather-floor-mat-volvo-fh4-2013-2021\/\"]}]},{\"@type\":\"ImageObject\",\"inLanguage\":\"nb-NO\",\"@id\":\"https:\/\/rst-steel.com\/product-category\/interior\/truck-floormats\/volvo-floormats\/leather-floor-mat-volvo-fh4-2013-2021\/#primaryimage\",\"url\":\"https:\/\/rst-steel.com\/wp-content\/uploads\/2026\/03\/c31ced182ae62f18932a1adc87458d98edb9579f_43dc68f98b8ad8bf2bc481ab4bbcbf27-scaled.jpg\",\"contentUrl\":\"https:\/\/rst-steel.com\/wp-content\/uploads\/2026\/03\/c31ced182ae62f18932a1adc87458d98edb9579f_43dc68f98b8ad8bf2bc481ab4bbcbf27-scaled.jpg\",\"width\":2560,\"height\":2560,\"caption\":\"prm_69851\"},{\"@type\":\"BreadcrumbList\",\"@id\":\"https:\/\/rst-steel.com\/product-category\/interior\/truck-floormats\/volvo-floormats\/leather-floor-mat-volvo-fh4-2013-2021\/#breadcrumb\",\"itemListElement\":[{\"@type\":\"ListItem\",\"position\":1,\"name\":\"Home\",\"item\":\"https:\/\/rst-steel.com\/\"},{\"@type\":\"ListItem\",\"position\":2,\"name\":\"RST-Steel Verkkokauppa\",\"item\":\"https:\/\/rst-steel.com\/shop\/\"},{\"@type\":\"ListItem\",\"position\":3,\"name\":\"Leather Floor Mat Volvo FH4 2013-2021\"}]},{\"@type\":\"WebSite\",\"@id\":\"https:\/\/rst-steel.com\/#website\",\"url\":\"https:\/\/rst-steel.com\/\",\"name\":\"RST-Steel Oy - Turvallista, tyylik\u00e4st\u00e4, ter\u00e4st\u00e4\",\"description\":\"Finnish quality for discerning drivers\",\"publisher\":{\"@id\":\"https:\/\/rst-steel.com\/#organization\"},\"potentialAction\":[{\"@type\":\"SearchAction\",\"target\":{\"@type\":\"EntryPoint\",\"urlTemplate\":\"https:\/\/rst-steel.com\/?s={search_term_string}\"},\"query-input\":{\"@type\":\"PropertyValueSpecification\",\"valueRequired\":true,\"valueName\":\"search_term_string\"}}],\"inLanguage\":\"nb-NO\"},{\"@type\":\"Organization\",\"@id\":\"https:\/\/rst-steel.com\/#organization\",\"name\":\"RST-Steel Oy\",\"alternateName\":\"RST-Steel Oy - Turvallista, tyylik\u00e4st\u00e4, ter\u00e4st\u00e4\",\"url\":\"https:\/\/rst-steel.com\/\",\"logo\":{\"@type\":\"ImageObject\",\"inLanguage\":\"nb-NO\",\"@id\":\"https:\/\/rst-steel.com\/#\/schema\/logo\/image\/\",\"url\":\"https:\/\/rst-steel.com\/wp-content\/uploads\/2025\/02\/cropped-rst-valkoinen-ilman-taustaa-02.png\",\"contentUrl\":\"https:\/\/rst-steel.com\/wp-content\/uploads\/2025\/02\/cropped-rst-valkoinen-ilman-taustaa-02.png\",\"width\":2319,\"height\":690,\"caption\":\"RST-Steel Oy\"},\"image\":{\"@id\":\"https:\/\/rst-steel.com\/#\/schema\/logo\/image\/\"}}]}<\/script>\n<!-- \/ Yoast SEO plugin. -->","yoast_head_json":{"title":"Leather Floor Mat Volvo FH4 2013-2021 - RST-Steel","description":"Leather Floor Mat Volvo FH4 2013-2021. Several color options available! Check out the product and make order now! Fast Shipping!","robots":{"index":"index","follow":"follow","max-snippet":"max-snippet:-1","max-image-preview":"max-image-preview:large","max-video-preview":"max-video-preview:-1"},"canonical":"https:\/\/rst-steel.com\/nb\/produktkategori\/interior\/truck-floormats\/volvo-floormats\/leather-floor-mat-volvo-fh4-2013-2021\/","og_locale":"nb_NO","og_type":"article","og_title":"Leather Floor Mat Volvo FH4 2013-2021 - RST-Steel","og_description":"Leather Floor Mat Volvo FH4 2013-2021. Several color options available! Check out the product and make order now! Fast Shipping!","og_url":"https:\/\/rst-steel.com\/nb\/produktkategori\/interior\/truck-floormats\/volvo-floormats\/leather-floor-mat-volvo-fh4-2013-2021\/","og_site_name":"RST-Steel","article_modified_time":"2026-04-17T05:59:11+00:00","og_image":[{"width":2560,"height":2560,"url":"https:\/\/rst-steel.com\/wp-content\/uploads\/2026\/03\/c31ced182ae62f18932a1adc87458d98edb9579f_43dc68f98b8ad8bf2bc481ab4bbcbf27-scaled.jpg","type":"image\/jpeg"}],"twitter_card":"summary_large_image","twitter_misc":{"Ansl. lesetid":"1 minutt"},"schema":{"@context":"https:\/\/schema.org","@graph":[{"@type":"WebPage","@id":"https:\/\/rst-steel.com\/product-category\/interior\/truck-floormats\/volvo-floormats\/leather-floor-mat-volvo-fh4-2013-2021\/","url":"https:\/\/rst-steel.com\/product-category\/interior\/truck-floormats\/volvo-floormats\/leather-floor-mat-volvo-fh4-2013-2021\/","name":"Leather Floor Mat Volvo FH4 2013-2021 - RST-Steel","isPartOf":{"@id":"https:\/\/rst-steel.com\/#website"},"primaryImageOfPage":{"@id":"https:\/\/rst-steel.com\/product-category\/interior\/truck-floormats\/volvo-floormats\/leather-floor-mat-volvo-fh4-2013-2021\/#primaryimage"},"image":{"@id":"https:\/\/rst-steel.com\/product-category\/interior\/truck-floormats\/volvo-floormats\/leather-floor-mat-volvo-fh4-2013-2021\/#primaryimage"},"thumbnailUrl":"https:\/\/rst-steel.com\/wp-content\/uploads\/2026\/03\/c31ced182ae62f18932a1adc87458d98edb9579f_43dc68f98b8ad8bf2bc481ab4bbcbf27-scaled.jpg","datePublished":"2026-03-20T08:52:15+00:00","dateModified":"2026-04-17T05:59:11+00:00","description":"Leather Floor Mat Volvo FH4 2013-2021. Several color options available! Check out the product and make order now! Fast Shipping!","breadcrumb":{"@id":"https:\/\/rst-steel.com\/product-category\/interior\/truck-floormats\/volvo-floormats\/leather-floor-mat-volvo-fh4-2013-2021\/#breadcrumb"},"inLanguage":"nb-NO","potentialAction":[{"@type":"ReadAction","target":["https:\/\/rst-steel.com\/product-category\/interior\/truck-floormats\/volvo-floormats\/leather-floor-mat-volvo-fh4-2013-2021\/"]}]},{"@type":"ImageObject","inLanguage":"nb-NO","@id":"https:\/\/rst-steel.com\/product-category\/interior\/truck-floormats\/volvo-floormats\/leather-floor-mat-volvo-fh4-2013-2021\/#primaryimage","url":"https:\/\/rst-steel.com\/wp-content\/uploads\/2026\/03\/c31ced182ae62f18932a1adc87458d98edb9579f_43dc68f98b8ad8bf2bc481ab4bbcbf27-scaled.jpg","contentUrl":"https:\/\/rst-steel.com\/wp-content\/uploads\/2026\/03\/c31ced182ae62f18932a1adc87458d98edb9579f_43dc68f98b8ad8bf2bc481ab4bbcbf27-scaled.jpg","width":2560,"height":2560,"caption":"prm_69851"},{"@type":"BreadcrumbList","@id":"https:\/\/rst-steel.com\/product-category\/interior\/truck-floormats\/volvo-floormats\/leather-floor-mat-volvo-fh4-2013-2021\/#breadcrumb","itemListElement":[{"@type":"ListItem","position":1,"name":"Home","item":"https:\/\/rst-steel.com\/"},{"@type":"ListItem","position":2,"name":"RST-Steel Verkkokauppa","item":"https:\/\/rst-steel.com\/shop\/"},{"@type":"ListItem","position":3,"name":"Leather Floor Mat Volvo FH4 2013-2021"}]},{"@type":"WebSite","@id":"https:\/\/rst-steel.com\/#website","url":"https:\/\/rst-steel.com\/","name":"RST-Steel Oy - Turvallista, tyylik\u00e4st\u00e4, ter\u00e4st\u00e4","description":"Finsk kvalitet for kvalitetsbevisste sj\u00e5f\u00f8rer","publisher":{"@id":"https:\/\/rst-steel.com\/#organization"},"potentialAction":[{"@type":"SearchAction","target":{"@type":"EntryPoint","urlTemplate":"https:\/\/rst-steel.com\/?s={search_term_string}"},"query-input":{"@type":"PropertyValueSpecification","valueRequired":true,"valueName":"search_term_string"}}],"inLanguage":"nb-NO"},{"@type":"Organization","@id":"https:\/\/rst-steel.com\/#organization","name":"RST-Steel Oy","alternateName":"RST-Steel Oy - Turvallista, tyylik\u00e4st\u00e4, ter\u00e4st\u00e4","url":"https:\/\/rst-steel.com\/","logo":{"@type":"ImageObject","inLanguage":"nb-NO","@id":"https:\/\/rst-steel.com\/#\/schema\/logo\/image\/","url":"https:\/\/rst-steel.com\/wp-content\/uploads\/2025\/02\/cropped-rst-valkoinen-ilman-taustaa-02.png","contentUrl":"https:\/\/rst-steel.com\/wp-content\/uploads\/2025\/02\/cropped-rst-valkoinen-ilman-taustaa-02.png","width":2319,"height":690,"caption":"RST-Steel Oy"},"image":{"@id":"https:\/\/rst-steel.com\/#\/schema\/logo\/image\/"}}]}},"_links":{"self":[{"href":"https:\/\/rst-steel.com\/nb\/wp-json\/wp\/v2\/product\/193216","targetHints":{"allow":["GET"]}}],"collection":[{"href":"https:\/\/rst-steel.com\/nb\/wp-json\/wp\/v2\/product"}],"about":[{"href":"https:\/\/rst-steel.com\/nb\/wp-json\/wp\/v2\/types\/product"}],"version-history":[{"count":1,"href":"https:\/\/rst-steel.com\/nb\/wp-json\/wp\/v2\/product\/193216\/revisions"}],"predecessor-version":[{"id":198968,"href":"https:\/\/rst-steel.com\/nb\/wp-json\/wp\/v2\/product\/193216\/revisions\/198968"}],"wp:featuredmedia":[{"embeddable":true,"href":"https:\/\/rst-steel.com\/nb\/wp-json\/wp\/v2\/media\/193213"}],"wp:attachment":[{"href":"https:\/\/rst-steel.com\/nb\/wp-json\/wp\/v2\/media?parent=193216"}],"wp:term":[{"taxonomy":"make_year","embeddable":true,"href":"https:\/\/rst-steel.com\/nb\/wp-json\/wp\/v2\/make_year?post=193216"},{"taxonomy":"make_brand","embeddable":true,"href":"https:\/\/rst-steel.com\/nb\/wp-json\/wp\/v2\/make_brand?post=193216"},{"taxonomy":"make_model","embeddable":true,"href":"https:\/\/rst-steel.com\/nb\/wp-json\/wp\/v2\/make_model?post=193216"},{"taxonomy":"make_fuel_type","embeddable":true,"href":"https:\/\/rst-steel.com\/nb\/wp-json\/wp\/v2\/make_fuel_type?post=193216"},{"taxonomy":"product_brand","embeddable":true,"href":"https:\/\/rst-steel.com\/nb\/wp-json\/wp\/v2\/product_brand?post=193216"},{"taxonomy":"product_cat","embeddable":true,"href":"https:\/\/rst-steel.com\/nb\/wp-json\/wp\/v2\/product_cat?post=193216"},{"taxonomy":"product_tag","embeddable":true,"href":"https:\/\/rst-steel.com\/nb\/wp-json\/wp\/v2\/product_tag?post=193216"}],"curies":[{"name":"wp","href":"https:\/\/api.w.org\/{rel}","templated":true}]}}