{"id":193663,"date":"2026-03-20T11:04:02","date_gmt":"2026-03-20T09:04:02","guid":{"rendered":"https:\/\/rst-steel.com\/tuote-osasto\/Ei-luokiteltu\/roof-bar-with-side-extensions-daf-xd-day-cab-2023\/"},"modified":"2026-04-15T09:09:49","modified_gmt":"2026-04-15T06:09:49","slug":"roof-bar-with-side-extensions-daf-xd-day-cab-2023","status":"publish","type":"product","link":"https:\/\/rst-steel.com\/nb\/produktkategori\/light-bars\/roof-bars-for-trucks\/daf-roof-bars\/roof-bar-with-side-extensions-daf-xd-day-cab-2023\/","title":{"rendered":"Roof Bar With Side Extensions DAF XD Day Cab 2023-"},"content":{"rendered":"<p>Roof Bar With Side Extensions DAF XD Day Cab 2023-<\/p>\n<p><span style=\"font-weight: bold\">Note<\/span>! Only suitable for models with a Day Cab!<\/p>\n<p>RST-Steel&#8217;s roof bars are high-quality products made of stainless steel.&nbsp;<\/p>\n<p>Gives the car a neat and elegant appearance, it also turns eyes and can arouse iron fever, making you and your company stand out.<\/p>\n<p>The roof bars can be equipped with auxiliary lights and position lights, which improve your visibility in traffic, and at the same time increase safety for yourself and others in traffic.<\/p>\n<p>Compatible with 3pcs Lazer Triple-R 1000 or 6pcs 9\u2019\u2019 round lamps<\/p>\n<p>Suitable for a truck with the big roof spoiler!<\/p>\n<p><span style=\"font-weight: bold\">Technical information:<\/span><\/p>\n<ul>\n<li>Color: Polished stainless steel or painting with RAL-basic colors<\/li>\n<li>Pipe diameter: 60 mm<\/li>\n<\/ul>\n<p><span style=\"font-weight: bold\">Delivery contents:<\/span><\/p>\n<ul>\n<li>Roof bar<\/li>\n<li>Fasteners required for installation<\/li>\n<li>Installation instructions<\/li>\n<\/ul>","protected":false},"excerpt":{"rendered":"<p>Roof Bar With Side Extensions DAF XD Day Cab 2023- Note! Only suitable for models with a Day Cab! RST-Steel&#8217;s&#8230;<\/p>","protected":false},"featured_media":193662,"template":"","meta":[],"make_year":[10907],"make_brand":[10913],"make_model":[10943],"make_fuel_type":[],"product_brand":[9443],"product_cat":[10513,10508,10509],"product_tag":[],"class_list":{"0":"post-193663","1":"product","2":"type-product","3":"status-publish","4":"has-post-thumbnail","6":"make_year-trucks","7":"make_brand-daf","8":"make_model-xd-2022","9":"product_brand-brand_rststeel","10":"product_cat-daf-roof-bars","11":"product_cat-light-bars","12":"product_cat-roof-bars-for-trucks","13":"product_shipping_class-lightbars","15":"first","16":"onbackorder","17":"taxable","18":"shipping-taxable","19":"purchasable","20":"product-type-variable"},"yoast_head":"<!-- This site is optimized with the Yoast SEO plugin v27.1.1 - https:\/\/yoast.com\/product\/yoast-seo-wordpress\/ -->\n<title>Roof Bar With Side Extensions DAF XD Day Cab 2023- RST-Steel<\/title>\n<meta name=\"description\" content=\"Roof Bar With Side Extensions DAF XD 2023- models. Suitable for a truck with the big roof spoiler! Check the products and place your order now!\" \/>\n<meta name=\"robots\" content=\"index, follow, max-snippet:-1, max-image-preview:large, max-video-preview:-1\" \/>\n<link rel=\"canonical\" href=\"https:\/\/rst-steel.com\/nb\/produktkategori\/light-bars\/roof-bars-for-trucks\/daf-roof-bars\/roof-bar-with-side-extensions-daf-xd-day-cab-2023\/\" \/>\n<meta property=\"og:locale\" content=\"nb_NO\" \/>\n<meta property=\"og:type\" content=\"article\" \/>\n<meta property=\"og:title\" content=\"Roof Bar With Side Extensions DAF XD Day Cab 2023- RST-Steel\" \/>\n<meta property=\"og:description\" content=\"Roof Bar With Side Extensions DAF XD 2023- models. Suitable for a truck with the big roof spoiler! Check the products and place your order now!\" \/>\n<meta property=\"og:url\" content=\"https:\/\/rst-steel.com\/nb\/produktkategori\/light-bars\/roof-bars-for-trucks\/daf-roof-bars\/roof-bar-with-side-extensions-daf-xd-day-cab-2023\/\" \/>\n<meta property=\"og:site_name\" content=\"RST-Steel\" \/>\n<meta property=\"article:modified_time\" content=\"2026-04-15T06:09:49+00:00\" \/>\n<meta property=\"og:image\" content=\"https:\/\/rst-steel.com\/wp-content\/uploads\/2026\/03\/01f668720dc12795c25ec710b35ed8f411ad58ac_4227f159f1fb1cf6ea90f5f4a942f786.png\" \/>\n\t<meta property=\"og:image:width\" content=\"1920\" \/>\n\t<meta property=\"og:image:height\" content=\"1080\" \/>\n\t<meta property=\"og:image:type\" content=\"image\/png\" \/>\n<meta name=\"twitter:card\" content=\"summary_large_image\" \/>\n<meta name=\"twitter:label1\" content=\"Ansl. lesetid\" \/>\n\t<meta name=\"twitter:data1\" content=\"1 minutt\" \/>\n<script type=\"application\/ld+json\" class=\"yoast-schema-graph\">{\"@context\":\"https:\/\/schema.org\",\"@graph\":[{\"@type\":\"WebPage\",\"@id\":\"https:\/\/rst-steel.com\/product-category\/light-bars\/roof-bars-for-trucks\/daf-roof-bars\/roof-bar-with-side-extensions-daf-xd-day-cab-2023\/\",\"url\":\"https:\/\/rst-steel.com\/product-category\/light-bars\/roof-bars-for-trucks\/daf-roof-bars\/roof-bar-with-side-extensions-daf-xd-day-cab-2023\/\",\"name\":\"Roof Bar With Side Extensions DAF XD Day Cab 2023- RST-Steel\",\"isPartOf\":{\"@id\":\"https:\/\/rst-steel.com\/#website\"},\"primaryImageOfPage\":{\"@id\":\"https:\/\/rst-steel.com\/product-category\/light-bars\/roof-bars-for-trucks\/daf-roof-bars\/roof-bar-with-side-extensions-daf-xd-day-cab-2023\/#primaryimage\"},\"image\":{\"@id\":\"https:\/\/rst-steel.com\/product-category\/light-bars\/roof-bars-for-trucks\/daf-roof-bars\/roof-bar-with-side-extensions-daf-xd-day-cab-2023\/#primaryimage\"},\"thumbnailUrl\":\"https:\/\/rst-steel.com\/wp-content\/uploads\/2026\/03\/01f668720dc12795c25ec710b35ed8f411ad58ac_4227f159f1fb1cf6ea90f5f4a942f786.png\",\"datePublished\":\"2026-03-20T09:04:02+00:00\",\"dateModified\":\"2026-04-15T06:09:49+00:00\",\"description\":\"Roof Bar With Side Extensions DAF XD 2023- models. Suitable for a truck with the big roof spoiler! Check the products and place your order now!\",\"breadcrumb\":{\"@id\":\"https:\/\/rst-steel.com\/product-category\/light-bars\/roof-bars-for-trucks\/daf-roof-bars\/roof-bar-with-side-extensions-daf-xd-day-cab-2023\/#breadcrumb\"},\"inLanguage\":\"nb-NO\",\"potentialAction\":[{\"@type\":\"ReadAction\",\"target\":[\"https:\/\/rst-steel.com\/product-category\/light-bars\/roof-bars-for-trucks\/daf-roof-bars\/roof-bar-with-side-extensions-daf-xd-day-cab-2023\/\"]}]},{\"@type\":\"ImageObject\",\"inLanguage\":\"nb-NO\",\"@id\":\"https:\/\/rst-steel.com\/product-category\/light-bars\/roof-bars-for-trucks\/daf-roof-bars\/roof-bar-with-side-extensions-daf-xd-day-cab-2023\/#primaryimage\",\"url\":\"https:\/\/rst-steel.com\/wp-content\/uploads\/2026\/03\/01f668720dc12795c25ec710b35ed8f411ad58ac_4227f159f1fb1cf6ea90f5f4a942f786.png\",\"contentUrl\":\"https:\/\/rst-steel.com\/wp-content\/uploads\/2026\/03\/01f668720dc12795c25ec710b35ed8f411ad58ac_4227f159f1fb1cf6ea90f5f4a942f786.png\",\"width\":1920,\"height\":1080,\"caption\":\"prm_70982\"},{\"@type\":\"BreadcrumbList\",\"@id\":\"https:\/\/rst-steel.com\/product-category\/light-bars\/roof-bars-for-trucks\/daf-roof-bars\/roof-bar-with-side-extensions-daf-xd-day-cab-2023\/#breadcrumb\",\"itemListElement\":[{\"@type\":\"ListItem\",\"position\":1,\"name\":\"Home\",\"item\":\"https:\/\/rst-steel.com\/\"},{\"@type\":\"ListItem\",\"position\":2,\"name\":\"RST-Steel Verkkokauppa\",\"item\":\"https:\/\/rst-steel.com\/shop\/\"},{\"@type\":\"ListItem\",\"position\":3,\"name\":\"Roof Bar With Side Extensions DAF XD Day Cab 2023-\"}]},{\"@type\":\"WebSite\",\"@id\":\"https:\/\/rst-steel.com\/#website\",\"url\":\"https:\/\/rst-steel.com\/\",\"name\":\"RST-Steel Oy - Turvallista, tyylik\u00e4st\u00e4, ter\u00e4st\u00e4\",\"description\":\"Finnish quality for discerning drivers\",\"publisher\":{\"@id\":\"https:\/\/rst-steel.com\/#organization\"},\"potentialAction\":[{\"@type\":\"SearchAction\",\"target\":{\"@type\":\"EntryPoint\",\"urlTemplate\":\"https:\/\/rst-steel.com\/?s={search_term_string}\"},\"query-input\":{\"@type\":\"PropertyValueSpecification\",\"valueRequired\":true,\"valueName\":\"search_term_string\"}}],\"inLanguage\":\"nb-NO\"},{\"@type\":\"Organization\",\"@id\":\"https:\/\/rst-steel.com\/#organization\",\"name\":\"RST-Steel Oy\",\"alternateName\":\"RST-Steel Oy - Turvallista, tyylik\u00e4st\u00e4, ter\u00e4st\u00e4\",\"url\":\"https:\/\/rst-steel.com\/\",\"logo\":{\"@type\":\"ImageObject\",\"inLanguage\":\"nb-NO\",\"@id\":\"https:\/\/rst-steel.com\/#\/schema\/logo\/image\/\",\"url\":\"https:\/\/rst-steel.com\/wp-content\/uploads\/2025\/02\/cropped-rst-valkoinen-ilman-taustaa-02.png\",\"contentUrl\":\"https:\/\/rst-steel.com\/wp-content\/uploads\/2025\/02\/cropped-rst-valkoinen-ilman-taustaa-02.png\",\"width\":2319,\"height\":690,\"caption\":\"RST-Steel Oy\"},\"image\":{\"@id\":\"https:\/\/rst-steel.com\/#\/schema\/logo\/image\/\"}}]}<\/script>\n<!-- \/ Yoast SEO plugin. -->","yoast_head_json":{"title":"Roof Bar With Side Extensions DAF XD Day Cab 2023- RST-Steel","description":"Roof Bar With Side Extensions DAF XD 2023- models. Suitable for a truck with the big roof spoiler! Check the products and place your order now!","robots":{"index":"index","follow":"follow","max-snippet":"max-snippet:-1","max-image-preview":"max-image-preview:large","max-video-preview":"max-video-preview:-1"},"canonical":"https:\/\/rst-steel.com\/nb\/produktkategori\/light-bars\/roof-bars-for-trucks\/daf-roof-bars\/roof-bar-with-side-extensions-daf-xd-day-cab-2023\/","og_locale":"nb_NO","og_type":"article","og_title":"Roof Bar With Side Extensions DAF XD Day Cab 2023- RST-Steel","og_description":"Roof Bar With Side Extensions DAF XD 2023- models. Suitable for a truck with the big roof spoiler! Check the products and place your order now!","og_url":"https:\/\/rst-steel.com\/nb\/produktkategori\/light-bars\/roof-bars-for-trucks\/daf-roof-bars\/roof-bar-with-side-extensions-daf-xd-day-cab-2023\/","og_site_name":"RST-Steel","article_modified_time":"2026-04-15T06:09:49+00:00","og_image":[{"width":1920,"height":1080,"url":"https:\/\/rst-steel.com\/wp-content\/uploads\/2026\/03\/01f668720dc12795c25ec710b35ed8f411ad58ac_4227f159f1fb1cf6ea90f5f4a942f786.png","type":"image\/png"}],"twitter_card":"summary_large_image","twitter_misc":{"Ansl. lesetid":"1 minutt"},"schema":{"@context":"https:\/\/schema.org","@graph":[{"@type":"WebPage","@id":"https:\/\/rst-steel.com\/product-category\/light-bars\/roof-bars-for-trucks\/daf-roof-bars\/roof-bar-with-side-extensions-daf-xd-day-cab-2023\/","url":"https:\/\/rst-steel.com\/product-category\/light-bars\/roof-bars-for-trucks\/daf-roof-bars\/roof-bar-with-side-extensions-daf-xd-day-cab-2023\/","name":"Roof Bar With Side Extensions DAF XD Day Cab 2023- RST-Steel","isPartOf":{"@id":"https:\/\/rst-steel.com\/#website"},"primaryImageOfPage":{"@id":"https:\/\/rst-steel.com\/product-category\/light-bars\/roof-bars-for-trucks\/daf-roof-bars\/roof-bar-with-side-extensions-daf-xd-day-cab-2023\/#primaryimage"},"image":{"@id":"https:\/\/rst-steel.com\/product-category\/light-bars\/roof-bars-for-trucks\/daf-roof-bars\/roof-bar-with-side-extensions-daf-xd-day-cab-2023\/#primaryimage"},"thumbnailUrl":"https:\/\/rst-steel.com\/wp-content\/uploads\/2026\/03\/01f668720dc12795c25ec710b35ed8f411ad58ac_4227f159f1fb1cf6ea90f5f4a942f786.png","datePublished":"2026-03-20T09:04:02+00:00","dateModified":"2026-04-15T06:09:49+00:00","description":"Roof Bar With Side Extensions DAF XD 2023- models. Suitable for a truck with the big roof spoiler! Check the products and place your order now!","breadcrumb":{"@id":"https:\/\/rst-steel.com\/product-category\/light-bars\/roof-bars-for-trucks\/daf-roof-bars\/roof-bar-with-side-extensions-daf-xd-day-cab-2023\/#breadcrumb"},"inLanguage":"nb-NO","potentialAction":[{"@type":"ReadAction","target":["https:\/\/rst-steel.com\/product-category\/light-bars\/roof-bars-for-trucks\/daf-roof-bars\/roof-bar-with-side-extensions-daf-xd-day-cab-2023\/"]}]},{"@type":"ImageObject","inLanguage":"nb-NO","@id":"https:\/\/rst-steel.com\/product-category\/light-bars\/roof-bars-for-trucks\/daf-roof-bars\/roof-bar-with-side-extensions-daf-xd-day-cab-2023\/#primaryimage","url":"https:\/\/rst-steel.com\/wp-content\/uploads\/2026\/03\/01f668720dc12795c25ec710b35ed8f411ad58ac_4227f159f1fb1cf6ea90f5f4a942f786.png","contentUrl":"https:\/\/rst-steel.com\/wp-content\/uploads\/2026\/03\/01f668720dc12795c25ec710b35ed8f411ad58ac_4227f159f1fb1cf6ea90f5f4a942f786.png","width":1920,"height":1080,"caption":"prm_70982"},{"@type":"BreadcrumbList","@id":"https:\/\/rst-steel.com\/product-category\/light-bars\/roof-bars-for-trucks\/daf-roof-bars\/roof-bar-with-side-extensions-daf-xd-day-cab-2023\/#breadcrumb","itemListElement":[{"@type":"ListItem","position":1,"name":"Home","item":"https:\/\/rst-steel.com\/"},{"@type":"ListItem","position":2,"name":"RST-Steel Verkkokauppa","item":"https:\/\/rst-steel.com\/shop\/"},{"@type":"ListItem","position":3,"name":"Roof Bar With Side Extensions DAF XD Day Cab 2023-"}]},{"@type":"WebSite","@id":"https:\/\/rst-steel.com\/#website","url":"https:\/\/rst-steel.com\/","name":"RST-Steel Oy - Turvallista, tyylik\u00e4st\u00e4, ter\u00e4st\u00e4","description":"Finsk kvalitet for kvalitetsbevisste sj\u00e5f\u00f8rer","publisher":{"@id":"https:\/\/rst-steel.com\/#organization"},"potentialAction":[{"@type":"SearchAction","target":{"@type":"EntryPoint","urlTemplate":"https:\/\/rst-steel.com\/?s={search_term_string}"},"query-input":{"@type":"PropertyValueSpecification","valueRequired":true,"valueName":"search_term_string"}}],"inLanguage":"nb-NO"},{"@type":"Organization","@id":"https:\/\/rst-steel.com\/#organization","name":"Administrer alternativer","alternateName":"RST-Steel Oy - Turvallista, tyylik\u00e4st\u00e4, ter\u00e4st\u00e4","url":"https:\/\/rst-steel.com\/","logo":{"@type":"ImageObject","inLanguage":"nb-NO","@id":"https:\/\/rst-steel.com\/#\/schema\/logo\/image\/","url":"https:\/\/rst-steel.com\/wp-content\/uploads\/2025\/02\/cropped-rst-valkoinen-ilman-taustaa-02.png","contentUrl":"https:\/\/rst-steel.com\/wp-content\/uploads\/2025\/02\/cropped-rst-valkoinen-ilman-taustaa-02.png","width":2319,"height":690,"caption":"RST-Steel Oy"},"image":{"@id":"https:\/\/rst-steel.com\/#\/schema\/logo\/image\/"}}]}},"_links":{"self":[{"href":"https:\/\/rst-steel.com\/nb\/wp-json\/wp\/v2\/product\/193663","targetHints":{"allow":["GET"]}}],"collection":[{"href":"https:\/\/rst-steel.com\/nb\/wp-json\/wp\/v2\/product"}],"about":[{"href":"https:\/\/rst-steel.com\/nb\/wp-json\/wp\/v2\/types\/product"}],"version-history":[{"count":1,"href":"https:\/\/rst-steel.com\/nb\/wp-json\/wp\/v2\/product\/193663\/revisions"}],"predecessor-version":[{"id":198954,"href":"https:\/\/rst-steel.com\/nb\/wp-json\/wp\/v2\/product\/193663\/revisions\/198954"}],"wp:featuredmedia":[{"embeddable":true,"href":"https:\/\/rst-steel.com\/nb\/wp-json\/wp\/v2\/media\/193662"}],"wp:attachment":[{"href":"https:\/\/rst-steel.com\/nb\/wp-json\/wp\/v2\/media?parent=193663"}],"wp:term":[{"taxonomy":"make_year","embeddable":true,"href":"https:\/\/rst-steel.com\/nb\/wp-json\/wp\/v2\/make_year?post=193663"},{"taxonomy":"make_brand","embeddable":true,"href":"https:\/\/rst-steel.com\/nb\/wp-json\/wp\/v2\/make_brand?post=193663"},{"taxonomy":"make_model","embeddable":true,"href":"https:\/\/rst-steel.com\/nb\/wp-json\/wp\/v2\/make_model?post=193663"},{"taxonomy":"make_fuel_type","embeddable":true,"href":"https:\/\/rst-steel.com\/nb\/wp-json\/wp\/v2\/make_fuel_type?post=193663"},{"taxonomy":"product_brand","embeddable":true,"href":"https:\/\/rst-steel.com\/nb\/wp-json\/wp\/v2\/product_brand?post=193663"},{"taxonomy":"product_cat","embeddable":true,"href":"https:\/\/rst-steel.com\/nb\/wp-json\/wp\/v2\/product_cat?post=193663"},{"taxonomy":"product_tag","embeddable":true,"href":"https:\/\/rst-steel.com\/nb\/wp-json\/wp\/v2\/product_tag?post=193663"}],"curies":[{"name":"wp","href":"https:\/\/api.w.org\/{rel}","templated":true}]}}