{"id":193678,"date":"2026-03-20T11:04:16","date_gmt":"2026-03-20T09:04:16","guid":{"rendered":"https:\/\/rst-steel.com\/tuote-osasto\/Ei-luokiteltu\/small-front-bar-daf-xd-2023\/"},"modified":"2026-04-27T10:44:22","modified_gmt":"2026-04-27T07:44:22","slug":"small-front-bar-daf-xd-2023","status":"publish","type":"product","link":"https:\/\/rst-steel.com\/nb\/produktkategori\/light-bars\/front-bars-for-trucks\/daf-front-bars\/small-front-bar-daf-xd-2023\/","title":{"rendered":"Small Front Bar DAF XD 2023-"},"content":{"rendered":"<p>Small Front Bar DAF XD 2023-<\/p>\n<p>RST-Steel\u2019s front bars are high-quality products made of stainless steel.<\/p>\n<p>The front bar can be equipped with auxiliary lights and position lights, which improve your visibility in traffic, and at the same time increase safety for yourself and others in traffic.<\/p>\n<p>Compatible with 2pcs Lazer Triple-R 1000 or 4pcs 7\u2019\u2019 round lamps<\/p>\n<p><span style=\"font-weight: bold;\">Technical information:<\/span><\/p>\n<ul>\n<li>Color: Mirror polished stainless steel or painting with RAL-basic colors<\/li>\n<li>Pipe diameter: 60 mm<\/li>\n<li>Easy to install<\/li>\n<\/ul>\n<p><span style=\"font-weight: bold;\">Delivery contents:<\/span><\/p>\n<ul>\n<li>Front bar<\/li>\n<li>Fasteners required for installation<\/li>\n<li>Installation instructions<\/li>\n<\/ul>","protected":false},"excerpt":{"rendered":"<p>Small Front Bar DAF XD 2023- RST-Steel\u2019s front bars are high-quality products made of stainless steel. The front bar can&#8230;<\/p>","protected":false},"featured_media":193675,"template":"","meta":[],"make_year":[10907],"make_brand":[10913],"make_model":[10943],"make_fuel_type":[],"product_brand":[9443],"product_cat":[10522,10518,10508],"product_tag":[],"class_list":{"0":"post-193678","1":"product","2":"type-product","3":"status-publish","4":"has-post-thumbnail","6":"make_year-trucks","7":"make_brand-daf","8":"make_model-xd-2022","9":"product_brand-brand_rststeel","10":"product_cat-daf-front-bars","11":"product_cat-front-bars-for-trucks","12":"product_cat-light-bars","13":"product_shipping_class-lightbars","15":"first","16":"instock","17":"taxable","18":"shipping-taxable","19":"purchasable","20":"product-type-variable"},"yoast_head":"<!-- This site is optimized with the Yoast SEO plugin v27.1.1 - https:\/\/yoast.com\/product\/yoast-seo-wordpress\/ -->\n<title>Small Front Bar DAF XD 2023- RST-Steel<\/title>\n<meta name=\"description\" content=\"Small Front Bar DAF XD 2023- models. RST-Steel\u2019s front bars are high-quality products made of stainless steel. Check the products and place your order now!\" \/>\n<meta name=\"robots\" content=\"index, follow, max-snippet:-1, max-image-preview:large, max-video-preview:-1\" \/>\n<link rel=\"canonical\" href=\"https:\/\/rst-steel.com\/nb\/produktkategori\/light-bars\/front-bars-for-trucks\/daf-front-bars\/small-front-bar-daf-xd-2023\/\" \/>\n<meta property=\"og:locale\" content=\"nb_NO\" \/>\n<meta property=\"og:type\" content=\"article\" \/>\n<meta property=\"og:title\" content=\"Small Front Bar DAF XD 2023- RST-Steel\" \/>\n<meta property=\"og:description\" content=\"Small Front Bar DAF XD 2023- models. RST-Steel\u2019s front bars are high-quality products made of stainless steel. Check the products and place your order now!\" \/>\n<meta property=\"og:url\" content=\"https:\/\/rst-steel.com\/nb\/produktkategori\/light-bars\/front-bars-for-trucks\/daf-front-bars\/small-front-bar-daf-xd-2023\/\" \/>\n<meta property=\"og:site_name\" content=\"RST-Steel\" \/>\n<meta property=\"article:modified_time\" content=\"2026-04-27T07:44:22+00:00\" \/>\n<meta property=\"og:image\" content=\"https:\/\/rst-steel.com\/wp-content\/uploads\/2026\/03\/c3360e8e8d3b85443ab629275e53cd04a9242387_d8814f67416435ca2fa8196d36a9ce8b.png\" \/>\n\t<meta property=\"og:image:width\" content=\"1453\" \/>\n\t<meta property=\"og:image:height\" content=\"868\" \/>\n\t<meta property=\"og:image:type\" content=\"image\/png\" \/>\n<meta name=\"twitter:card\" content=\"summary_large_image\" \/>\n<meta name=\"twitter:label1\" content=\"Ansl. lesetid\" \/>\n\t<meta name=\"twitter:data1\" content=\"1 minutt\" \/>\n<script type=\"application\/ld+json\" class=\"yoast-schema-graph\">{\"@context\":\"https:\/\/schema.org\",\"@graph\":[{\"@type\":\"WebPage\",\"@id\":\"https:\/\/rst-steel.com\/product-category\/light-bars\/front-bars-for-trucks\/daf-front-bars\/small-front-bar-daf-xd-2023\/\",\"url\":\"https:\/\/rst-steel.com\/product-category\/light-bars\/front-bars-for-trucks\/daf-front-bars\/small-front-bar-daf-xd-2023\/\",\"name\":\"Small Front Bar DAF XD 2023- RST-Steel\",\"isPartOf\":{\"@id\":\"https:\/\/rst-steel.com\/#website\"},\"primaryImageOfPage\":{\"@id\":\"https:\/\/rst-steel.com\/product-category\/light-bars\/front-bars-for-trucks\/daf-front-bars\/small-front-bar-daf-xd-2023\/#primaryimage\"},\"image\":{\"@id\":\"https:\/\/rst-steel.com\/product-category\/light-bars\/front-bars-for-trucks\/daf-front-bars\/small-front-bar-daf-xd-2023\/#primaryimage\"},\"thumbnailUrl\":\"https:\/\/rst-steel.com\/wp-content\/uploads\/2026\/03\/c3360e8e8d3b85443ab629275e53cd04a9242387_d8814f67416435ca2fa8196d36a9ce8b.png\",\"datePublished\":\"2026-03-20T09:04:16+00:00\",\"dateModified\":\"2026-04-27T07:44:22+00:00\",\"description\":\"Small Front Bar DAF XD 2023- models. RST-Steel\u2019s front bars are high-quality products made of stainless steel. Check the products and place your order now!\",\"breadcrumb\":{\"@id\":\"https:\/\/rst-steel.com\/product-category\/light-bars\/front-bars-for-trucks\/daf-front-bars\/small-front-bar-daf-xd-2023\/#breadcrumb\"},\"inLanguage\":\"nb-NO\",\"potentialAction\":[{\"@type\":\"ReadAction\",\"target\":[\"https:\/\/rst-steel.com\/product-category\/light-bars\/front-bars-for-trucks\/daf-front-bars\/small-front-bar-daf-xd-2023\/\"]}]},{\"@type\":\"ImageObject\",\"inLanguage\":\"nb-NO\",\"@id\":\"https:\/\/rst-steel.com\/product-category\/light-bars\/front-bars-for-trucks\/daf-front-bars\/small-front-bar-daf-xd-2023\/#primaryimage\",\"url\":\"https:\/\/rst-steel.com\/wp-content\/uploads\/2026\/03\/c3360e8e8d3b85443ab629275e53cd04a9242387_d8814f67416435ca2fa8196d36a9ce8b.png\",\"contentUrl\":\"https:\/\/rst-steel.com\/wp-content\/uploads\/2026\/03\/c3360e8e8d3b85443ab629275e53cd04a9242387_d8814f67416435ca2fa8196d36a9ce8b.png\",\"width\":1453,\"height\":868,\"caption\":\"Small Front Bar DAF XD 2023-\"},{\"@type\":\"BreadcrumbList\",\"@id\":\"https:\/\/rst-steel.com\/product-category\/light-bars\/front-bars-for-trucks\/daf-front-bars\/small-front-bar-daf-xd-2023\/#breadcrumb\",\"itemListElement\":[{\"@type\":\"ListItem\",\"position\":1,\"name\":\"Home\",\"item\":\"https:\/\/rst-steel.com\/\"},{\"@type\":\"ListItem\",\"position\":2,\"name\":\"RST-Steel Verkkokauppa\",\"item\":\"https:\/\/rst-steel.com\/shop\/\"},{\"@type\":\"ListItem\",\"position\":3,\"name\":\"Small Front Bar DAF XD 2023-\"}]},{\"@type\":\"WebSite\",\"@id\":\"https:\/\/rst-steel.com\/#website\",\"url\":\"https:\/\/rst-steel.com\/\",\"name\":\"RST-Steel Oy - Turvallista, tyylik\u00e4st\u00e4, ter\u00e4st\u00e4\",\"description\":\"Finnish quality for discerning drivers\",\"publisher\":{\"@id\":\"https:\/\/rst-steel.com\/#organization\"},\"potentialAction\":[{\"@type\":\"SearchAction\",\"target\":{\"@type\":\"EntryPoint\",\"urlTemplate\":\"https:\/\/rst-steel.com\/?s={search_term_string}\"},\"query-input\":{\"@type\":\"PropertyValueSpecification\",\"valueRequired\":true,\"valueName\":\"search_term_string\"}}],\"inLanguage\":\"nb-NO\"},{\"@type\":\"Organization\",\"@id\":\"https:\/\/rst-steel.com\/#organization\",\"name\":\"RST-Steel Oy\",\"alternateName\":\"RST-Steel Oy - Turvallista, tyylik\u00e4st\u00e4, ter\u00e4st\u00e4\",\"url\":\"https:\/\/rst-steel.com\/\",\"logo\":{\"@type\":\"ImageObject\",\"inLanguage\":\"nb-NO\",\"@id\":\"https:\/\/rst-steel.com\/#\/schema\/logo\/image\/\",\"url\":\"https:\/\/rst-steel.com\/wp-content\/uploads\/2025\/02\/cropped-rst-valkoinen-ilman-taustaa-02.png\",\"contentUrl\":\"https:\/\/rst-steel.com\/wp-content\/uploads\/2025\/02\/cropped-rst-valkoinen-ilman-taustaa-02.png\",\"width\":2319,\"height\":690,\"caption\":\"RST-Steel Oy\"},\"image\":{\"@id\":\"https:\/\/rst-steel.com\/#\/schema\/logo\/image\/\"}}]}<\/script>\n<!-- \/ Yoast SEO plugin. -->","yoast_head_json":{"title":"Small Front Bar DAF XD 2023- RST-Steel","description":"Small Front Bar DAF XD 2023- models. RST-Steel\u2019s front bars are high-quality products made of stainless steel. Check the products and place your order now!","robots":{"index":"index","follow":"follow","max-snippet":"max-snippet:-1","max-image-preview":"max-image-preview:large","max-video-preview":"max-video-preview:-1"},"canonical":"https:\/\/rst-steel.com\/nb\/produktkategori\/light-bars\/front-bars-for-trucks\/daf-front-bars\/small-front-bar-daf-xd-2023\/","og_locale":"nb_NO","og_type":"article","og_title":"Small Front Bar DAF XD 2023- RST-Steel","og_description":"Small Front Bar DAF XD 2023- models. RST-Steel\u2019s front bars are high-quality products made of stainless steel. Check the products and place your order now!","og_url":"https:\/\/rst-steel.com\/nb\/produktkategori\/light-bars\/front-bars-for-trucks\/daf-front-bars\/small-front-bar-daf-xd-2023\/","og_site_name":"RST-Steel","article_modified_time":"2026-04-27T07:44:22+00:00","og_image":[{"width":1453,"height":868,"url":"https:\/\/rst-steel.com\/wp-content\/uploads\/2026\/03\/c3360e8e8d3b85443ab629275e53cd04a9242387_d8814f67416435ca2fa8196d36a9ce8b.png","type":"image\/png"}],"twitter_card":"summary_large_image","twitter_misc":{"Ansl. lesetid":"1 minutt"},"schema":{"@context":"https:\/\/schema.org","@graph":[{"@type":"WebPage","@id":"https:\/\/rst-steel.com\/product-category\/light-bars\/front-bars-for-trucks\/daf-front-bars\/small-front-bar-daf-xd-2023\/","url":"https:\/\/rst-steel.com\/product-category\/light-bars\/front-bars-for-trucks\/daf-front-bars\/small-front-bar-daf-xd-2023\/","name":"Small Front Bar DAF XD 2023- RST-Steel","isPartOf":{"@id":"https:\/\/rst-steel.com\/#website"},"primaryImageOfPage":{"@id":"https:\/\/rst-steel.com\/product-category\/light-bars\/front-bars-for-trucks\/daf-front-bars\/small-front-bar-daf-xd-2023\/#primaryimage"},"image":{"@id":"https:\/\/rst-steel.com\/product-category\/light-bars\/front-bars-for-trucks\/daf-front-bars\/small-front-bar-daf-xd-2023\/#primaryimage"},"thumbnailUrl":"https:\/\/rst-steel.com\/wp-content\/uploads\/2026\/03\/c3360e8e8d3b85443ab629275e53cd04a9242387_d8814f67416435ca2fa8196d36a9ce8b.png","datePublished":"2026-03-20T09:04:16+00:00","dateModified":"2026-04-27T07:44:22+00:00","description":"Small Front Bar DAF XD 2023- models. RST-Steel\u2019s front bars are high-quality products made of stainless steel. Check the products and place your order now!","breadcrumb":{"@id":"https:\/\/rst-steel.com\/product-category\/light-bars\/front-bars-for-trucks\/daf-front-bars\/small-front-bar-daf-xd-2023\/#breadcrumb"},"inLanguage":"nb-NO","potentialAction":[{"@type":"ReadAction","target":["https:\/\/rst-steel.com\/product-category\/light-bars\/front-bars-for-trucks\/daf-front-bars\/small-front-bar-daf-xd-2023\/"]}]},{"@type":"ImageObject","inLanguage":"nb-NO","@id":"https:\/\/rst-steel.com\/product-category\/light-bars\/front-bars-for-trucks\/daf-front-bars\/small-front-bar-daf-xd-2023\/#primaryimage","url":"https:\/\/rst-steel.com\/wp-content\/uploads\/2026\/03\/c3360e8e8d3b85443ab629275e53cd04a9242387_d8814f67416435ca2fa8196d36a9ce8b.png","contentUrl":"https:\/\/rst-steel.com\/wp-content\/uploads\/2026\/03\/c3360e8e8d3b85443ab629275e53cd04a9242387_d8814f67416435ca2fa8196d36a9ce8b.png","width":1453,"height":868,"caption":"Small Front Bar DAF XD 2023-"},{"@type":"BreadcrumbList","@id":"https:\/\/rst-steel.com\/product-category\/light-bars\/front-bars-for-trucks\/daf-front-bars\/small-front-bar-daf-xd-2023\/#breadcrumb","itemListElement":[{"@type":"ListItem","position":1,"name":"Home","item":"https:\/\/rst-steel.com\/"},{"@type":"ListItem","position":2,"name":"RST-Steel Verkkokauppa","item":"https:\/\/rst-steel.com\/shop\/"},{"@type":"ListItem","position":3,"name":"Small Front Bar DAF XD 2023-"}]},{"@type":"WebSite","@id":"https:\/\/rst-steel.com\/#website","url":"https:\/\/rst-steel.com\/","name":"RST-Steel Oy - Turvallista, tyylik\u00e4st\u00e4, ter\u00e4st\u00e4","description":"Finsk kvalitet for kvalitetsbevisste sj\u00e5f\u00f8rer","publisher":{"@id":"https:\/\/rst-steel.com\/#organization"},"potentialAction":[{"@type":"SearchAction","target":{"@type":"EntryPoint","urlTemplate":"https:\/\/rst-steel.com\/?s={search_term_string}"},"query-input":{"@type":"PropertyValueSpecification","valueRequired":true,"valueName":"search_term_string"}}],"inLanguage":"nb-NO"},{"@type":"Organization","@id":"https:\/\/rst-steel.com\/#organization","name":"RST-Steel Oy","alternateName":"RST-Steel Oy - Turvallista, tyylik\u00e4st\u00e4, ter\u00e4st\u00e4","url":"https:\/\/rst-steel.com\/","logo":{"@type":"ImageObject","inLanguage":"nb-NO","@id":"https:\/\/rst-steel.com\/#\/schema\/logo\/image\/","url":"https:\/\/rst-steel.com\/wp-content\/uploads\/2025\/02\/cropped-rst-valkoinen-ilman-taustaa-02.png","contentUrl":"https:\/\/rst-steel.com\/wp-content\/uploads\/2025\/02\/cropped-rst-valkoinen-ilman-taustaa-02.png","width":2319,"height":690,"caption":"RST-Steel Oy"},"image":{"@id":"https:\/\/rst-steel.com\/#\/schema\/logo\/image\/"}}]}},"_links":{"self":[{"href":"https:\/\/rst-steel.com\/nb\/wp-json\/wp\/v2\/product\/193678","targetHints":{"allow":["GET"]}}],"collection":[{"href":"https:\/\/rst-steel.com\/nb\/wp-json\/wp\/v2\/product"}],"about":[{"href":"https:\/\/rst-steel.com\/nb\/wp-json\/wp\/v2\/types\/product"}],"version-history":[{"count":2,"href":"https:\/\/rst-steel.com\/nb\/wp-json\/wp\/v2\/product\/193678\/revisions"}],"predecessor-version":[{"id":201668,"href":"https:\/\/rst-steel.com\/nb\/wp-json\/wp\/v2\/product\/193678\/revisions\/201668"}],"wp:featuredmedia":[{"embeddable":true,"href":"https:\/\/rst-steel.com\/nb\/wp-json\/wp\/v2\/media\/193675"}],"wp:attachment":[{"href":"https:\/\/rst-steel.com\/nb\/wp-json\/wp\/v2\/media?parent=193678"}],"wp:term":[{"taxonomy":"make_year","embeddable":true,"href":"https:\/\/rst-steel.com\/nb\/wp-json\/wp\/v2\/make_year?post=193678"},{"taxonomy":"make_brand","embeddable":true,"href":"https:\/\/rst-steel.com\/nb\/wp-json\/wp\/v2\/make_brand?post=193678"},{"taxonomy":"make_model","embeddable":true,"href":"https:\/\/rst-steel.com\/nb\/wp-json\/wp\/v2\/make_model?post=193678"},{"taxonomy":"make_fuel_type","embeddable":true,"href":"https:\/\/rst-steel.com\/nb\/wp-json\/wp\/v2\/make_fuel_type?post=193678"},{"taxonomy":"product_brand","embeddable":true,"href":"https:\/\/rst-steel.com\/nb\/wp-json\/wp\/v2\/product_brand?post=193678"},{"taxonomy":"product_cat","embeddable":true,"href":"https:\/\/rst-steel.com\/nb\/wp-json\/wp\/v2\/product_cat?post=193678"},{"taxonomy":"product_tag","embeddable":true,"href":"https:\/\/rst-steel.com\/nb\/wp-json\/wp\/v2\/product_tag?post=193678"}],"curies":[{"name":"wp","href":"https:\/\/api.w.org\/{rel}","templated":true}]}}