{"id":193731,"date":"2026-03-20T11:05:19","date_gmt":"2026-03-20T09:05:19","guid":{"rendered":"https:\/\/rst-steel.com\/tuote-osasto\/Ei-luokiteltu\/roof-bar-volvo-l30-35g-wheel-loaders\/"},"modified":"2026-04-17T08:59:05","modified_gmt":"2026-04-17T05:59:05","slug":"roof-bar-volvo-l30-35g-wheel-loaders","status":"publish","type":"product","link":"https:\/\/rst-steel.com\/nb\/produktkategori\/light-bars\/roof-bars-for-wheel-loaders\/roof-bar-volvo-l30-35g-wheel-loaders\/","title":{"rendered":"Roof Bar Volvo L30-35G Wheel Loaders"},"content":{"rendered":"<p>Roof Bar Volvo L30-35G Wheel Loaders<\/p>\n<p>RST-Steel\u2019s roof bars are high-quality products made of stainless steel.&nbsp;<\/p>\n<p>The roof bars can be equipped with work lights and position lights, which improve your visibility in traffic, and at the same time increase safety for yourself and others in traffic.<\/p>\n<p><span style=\"font-weight: bold\">Technical information:<\/span><\/p>\n<ul>\n<li>Color: Polished stainless steel or Powdercoated with RAL-color code<\/li>\n<li>Pipes diameter: 42 mm<\/li>\n<li>2 pcs. Welded lamp brackets on front<\/li>\n<li>The brackets can fit a auxiliary light about 450 mm long<\/li>\n<\/ul>\n<p><span style=\"font-weight: bold\">Delivery contents:<\/span><\/p>\n<p><span style=\"font-weight: bold\"><\/span><\/p>\n<ul>\n<li>Roof bar<\/li>\n<li>Fasteners required for installation<\/li>\n<li>Installation instructions<\/li>\n<\/ul>","protected":false},"excerpt":{"rendered":"<p>Roof Bar Volvo L30-35G Wheel Loaders RST-Steel\u2019s roof bars are high-quality products made of stainless steel.&nbsp; The roof bars can&#8230;<\/p>","protected":false},"featured_media":193728,"template":"","meta":[],"make_year":[10909],"make_brand":[10940],"make_model":[11034],"make_fuel_type":[],"product_brand":[9443],"product_cat":[10508,10588],"product_tag":[],"class_list":{"0":"post-193731","1":"product","2":"type-product","3":"status-publish","4":"has-post-thumbnail","6":"make_year-workmachines","7":"make_brand-volvo-workmachines","8":"make_model-volvo-wheelloaders","9":"product_brand-brand_rststeel","10":"product_cat-light-bars","11":"product_cat-roof-bars-for-wheel-loaders","12":"product_shipping_class-lightbars","14":"first","15":"onbackorder","16":"taxable","17":"shipping-taxable","18":"purchasable","19":"product-type-variable"},"yoast_head":"<!-- This site is optimized with the Yoast SEO plugin v27.1.1 - https:\/\/yoast.com\/product\/yoast-seo-wordpress\/ -->\n<title>Roof Bar Volvo L30-35G Wheel Loaders - RST-Steel<\/title>\n<meta name=\"description\" content=\"Roof Bar Volvo L30-35G Wheel Loader models. Roof bars are high-quality products made of stainless steel.\u00a0Check out the product variants in our online store!\" \/>\n<meta name=\"robots\" content=\"index, follow, max-snippet:-1, max-image-preview:large, max-video-preview:-1\" \/>\n<link rel=\"canonical\" href=\"https:\/\/rst-steel.com\/nb\/produktkategori\/light-bars\/roof-bars-for-wheel-loaders\/roof-bar-volvo-l30-35g-wheel-loaders\/\" \/>\n<meta property=\"og:locale\" content=\"nb_NO\" \/>\n<meta property=\"og:type\" content=\"article\" \/>\n<meta property=\"og:title\" content=\"Roof Bar Volvo L30-35G Wheel Loaders - RST-Steel\" \/>\n<meta property=\"og:description\" content=\"Roof Bar Volvo L30-35G Wheel Loader models. Roof bars are high-quality products made of stainless steel.\u00a0Check out the product variants in our online store!\" \/>\n<meta property=\"og:url\" content=\"https:\/\/rst-steel.com\/nb\/produktkategori\/light-bars\/roof-bars-for-wheel-loaders\/roof-bar-volvo-l30-35g-wheel-loaders\/\" \/>\n<meta property=\"og:site_name\" content=\"RST-Steel\" \/>\n<meta property=\"article:modified_time\" content=\"2026-04-17T05:59:05+00:00\" \/>\n<meta property=\"og:image\" content=\"https:\/\/rst-steel.com\/wp-content\/uploads\/2026\/03\/739ec6206d04465d4e8db76001375c84c1b76353_d56351decfd74ffb7d0070506661591c.jpg\" \/>\n\t<meta property=\"og:image:width\" content=\"1600\" \/>\n\t<meta property=\"og:image:height\" content=\"1200\" \/>\n\t<meta property=\"og:image:type\" content=\"image\/jpeg\" \/>\n<meta name=\"twitter:card\" content=\"summary_large_image\" \/>\n<meta name=\"twitter:label1\" content=\"Ansl. lesetid\" \/>\n\t<meta name=\"twitter:data1\" content=\"1 minutt\" \/>\n<script type=\"application\/ld+json\" class=\"yoast-schema-graph\">{\"@context\":\"https:\/\/schema.org\",\"@graph\":[{\"@type\":\"WebPage\",\"@id\":\"https:\/\/rst-steel.com\/product-category\/light-bars\/roof-bars-for-wheel-loaders\/roof-bar-volvo-l30-35g-wheel-loaders\/\",\"url\":\"https:\/\/rst-steel.com\/product-category\/light-bars\/roof-bars-for-wheel-loaders\/roof-bar-volvo-l30-35g-wheel-loaders\/\",\"name\":\"Roof Bar Volvo L30-35G Wheel Loaders - RST-Steel\",\"isPartOf\":{\"@id\":\"https:\/\/rst-steel.com\/#website\"},\"primaryImageOfPage\":{\"@id\":\"https:\/\/rst-steel.com\/product-category\/light-bars\/roof-bars-for-wheel-loaders\/roof-bar-volvo-l30-35g-wheel-loaders\/#primaryimage\"},\"image\":{\"@id\":\"https:\/\/rst-steel.com\/product-category\/light-bars\/roof-bars-for-wheel-loaders\/roof-bar-volvo-l30-35g-wheel-loaders\/#primaryimage\"},\"thumbnailUrl\":\"https:\/\/rst-steel.com\/wp-content\/uploads\/2026\/03\/739ec6206d04465d4e8db76001375c84c1b76353_d56351decfd74ffb7d0070506661591c.jpg\",\"datePublished\":\"2026-03-20T09:05:19+00:00\",\"dateModified\":\"2026-04-17T05:59:05+00:00\",\"description\":\"Roof Bar Volvo L30-35G Wheel Loader models. Roof bars are high-quality products made of stainless steel.\u00a0Check out the product variants in our online store!\",\"breadcrumb\":{\"@id\":\"https:\/\/rst-steel.com\/product-category\/light-bars\/roof-bars-for-wheel-loaders\/roof-bar-volvo-l30-35g-wheel-loaders\/#breadcrumb\"},\"inLanguage\":\"nb-NO\",\"potentialAction\":[{\"@type\":\"ReadAction\",\"target\":[\"https:\/\/rst-steel.com\/product-category\/light-bars\/roof-bars-for-wheel-loaders\/roof-bar-volvo-l30-35g-wheel-loaders\/\"]}]},{\"@type\":\"ImageObject\",\"inLanguage\":\"nb-NO\",\"@id\":\"https:\/\/rst-steel.com\/product-category\/light-bars\/roof-bars-for-wheel-loaders\/roof-bar-volvo-l30-35g-wheel-loaders\/#primaryimage\",\"url\":\"https:\/\/rst-steel.com\/wp-content\/uploads\/2026\/03\/739ec6206d04465d4e8db76001375c84c1b76353_d56351decfd74ffb7d0070506661591c.jpg\",\"contentUrl\":\"https:\/\/rst-steel.com\/wp-content\/uploads\/2026\/03\/739ec6206d04465d4e8db76001375c84c1b76353_d56351decfd74ffb7d0070506661591c.jpg\",\"width\":1600,\"height\":1200,\"caption\":\"prm_71513\"},{\"@type\":\"BreadcrumbList\",\"@id\":\"https:\/\/rst-steel.com\/product-category\/light-bars\/roof-bars-for-wheel-loaders\/roof-bar-volvo-l30-35g-wheel-loaders\/#breadcrumb\",\"itemListElement\":[{\"@type\":\"ListItem\",\"position\":1,\"name\":\"Home\",\"item\":\"https:\/\/rst-steel.com\/\"},{\"@type\":\"ListItem\",\"position\":2,\"name\":\"RST-Steel Verkkokauppa\",\"item\":\"https:\/\/rst-steel.com\/shop\/\"},{\"@type\":\"ListItem\",\"position\":3,\"name\":\"Roof Bar Volvo L30-35G Wheel Loaders\"}]},{\"@type\":\"WebSite\",\"@id\":\"https:\/\/rst-steel.com\/#website\",\"url\":\"https:\/\/rst-steel.com\/\",\"name\":\"RST-Steel Oy - Turvallista, tyylik\u00e4st\u00e4, ter\u00e4st\u00e4\",\"description\":\"Finnish quality for discerning drivers\",\"publisher\":{\"@id\":\"https:\/\/rst-steel.com\/#organization\"},\"potentialAction\":[{\"@type\":\"SearchAction\",\"target\":{\"@type\":\"EntryPoint\",\"urlTemplate\":\"https:\/\/rst-steel.com\/?s={search_term_string}\"},\"query-input\":{\"@type\":\"PropertyValueSpecification\",\"valueRequired\":true,\"valueName\":\"search_term_string\"}}],\"inLanguage\":\"nb-NO\"},{\"@type\":\"Organization\",\"@id\":\"https:\/\/rst-steel.com\/#organization\",\"name\":\"RST-Steel Oy\",\"alternateName\":\"RST-Steel Oy - Turvallista, tyylik\u00e4st\u00e4, ter\u00e4st\u00e4\",\"url\":\"https:\/\/rst-steel.com\/\",\"logo\":{\"@type\":\"ImageObject\",\"inLanguage\":\"nb-NO\",\"@id\":\"https:\/\/rst-steel.com\/#\/schema\/logo\/image\/\",\"url\":\"https:\/\/rst-steel.com\/wp-content\/uploads\/2025\/02\/cropped-rst-valkoinen-ilman-taustaa-02.png\",\"contentUrl\":\"https:\/\/rst-steel.com\/wp-content\/uploads\/2025\/02\/cropped-rst-valkoinen-ilman-taustaa-02.png\",\"width\":2319,\"height\":690,\"caption\":\"RST-Steel Oy\"},\"image\":{\"@id\":\"https:\/\/rst-steel.com\/#\/schema\/logo\/image\/\"}}]}<\/script>\n<!-- \/ Yoast SEO plugin. -->","yoast_head_json":{"title":"Roof Bar Volvo L30-35G Wheel Loaders - RST-Steel","description":"Roof Bar Volvo L30-35G Wheel Loader models. Roof bars are high-quality products made of stainless steel.\u00a0Check out the product variants in our online store!","robots":{"index":"index","follow":"follow","max-snippet":"max-snippet:-1","max-image-preview":"max-image-preview:large","max-video-preview":"max-video-preview:-1"},"canonical":"https:\/\/rst-steel.com\/nb\/produktkategori\/light-bars\/roof-bars-for-wheel-loaders\/roof-bar-volvo-l30-35g-wheel-loaders\/","og_locale":"nb_NO","og_type":"article","og_title":"Roof Bar Volvo L30-35G Wheel Loaders - RST-Steel","og_description":"Roof Bar Volvo L30-35G Wheel Loader models. Roof bars are high-quality products made of stainless steel.\u00a0Check out the product variants in our online store!","og_url":"https:\/\/rst-steel.com\/nb\/produktkategori\/light-bars\/roof-bars-for-wheel-loaders\/roof-bar-volvo-l30-35g-wheel-loaders\/","og_site_name":"RST-Steel","article_modified_time":"2026-04-17T05:59:05+00:00","og_image":[{"width":1600,"height":1200,"url":"https:\/\/rst-steel.com\/wp-content\/uploads\/2026\/03\/739ec6206d04465d4e8db76001375c84c1b76353_d56351decfd74ffb7d0070506661591c.jpg","type":"image\/jpeg"}],"twitter_card":"summary_large_image","twitter_misc":{"Ansl. lesetid":"1 minutt"},"schema":{"@context":"https:\/\/schema.org","@graph":[{"@type":"WebPage","@id":"https:\/\/rst-steel.com\/product-category\/light-bars\/roof-bars-for-wheel-loaders\/roof-bar-volvo-l30-35g-wheel-loaders\/","url":"https:\/\/rst-steel.com\/product-category\/light-bars\/roof-bars-for-wheel-loaders\/roof-bar-volvo-l30-35g-wheel-loaders\/","name":"Roof Bar Volvo L30-35G Wheel Loaders - RST-Steel","isPartOf":{"@id":"https:\/\/rst-steel.com\/#website"},"primaryImageOfPage":{"@id":"https:\/\/rst-steel.com\/product-category\/light-bars\/roof-bars-for-wheel-loaders\/roof-bar-volvo-l30-35g-wheel-loaders\/#primaryimage"},"image":{"@id":"https:\/\/rst-steel.com\/product-category\/light-bars\/roof-bars-for-wheel-loaders\/roof-bar-volvo-l30-35g-wheel-loaders\/#primaryimage"},"thumbnailUrl":"https:\/\/rst-steel.com\/wp-content\/uploads\/2026\/03\/739ec6206d04465d4e8db76001375c84c1b76353_d56351decfd74ffb7d0070506661591c.jpg","datePublished":"2026-03-20T09:05:19+00:00","dateModified":"2026-04-17T05:59:05+00:00","description":"Roof Bar Volvo L30-35G Wheel Loader models. Roof bars are high-quality products made of stainless steel.\u00a0Check out the product variants in our online store!","breadcrumb":{"@id":"https:\/\/rst-steel.com\/product-category\/light-bars\/roof-bars-for-wheel-loaders\/roof-bar-volvo-l30-35g-wheel-loaders\/#breadcrumb"},"inLanguage":"nb-NO","potentialAction":[{"@type":"ReadAction","target":["https:\/\/rst-steel.com\/product-category\/light-bars\/roof-bars-for-wheel-loaders\/roof-bar-volvo-l30-35g-wheel-loaders\/"]}]},{"@type":"ImageObject","inLanguage":"nb-NO","@id":"https:\/\/rst-steel.com\/product-category\/light-bars\/roof-bars-for-wheel-loaders\/roof-bar-volvo-l30-35g-wheel-loaders\/#primaryimage","url":"https:\/\/rst-steel.com\/wp-content\/uploads\/2026\/03\/739ec6206d04465d4e8db76001375c84c1b76353_d56351decfd74ffb7d0070506661591c.jpg","contentUrl":"https:\/\/rst-steel.com\/wp-content\/uploads\/2026\/03\/739ec6206d04465d4e8db76001375c84c1b76353_d56351decfd74ffb7d0070506661591c.jpg","width":1600,"height":1200,"caption":"prm_71513"},{"@type":"BreadcrumbList","@id":"https:\/\/rst-steel.com\/product-category\/light-bars\/roof-bars-for-wheel-loaders\/roof-bar-volvo-l30-35g-wheel-loaders\/#breadcrumb","itemListElement":[{"@type":"ListItem","position":1,"name":"Home","item":"https:\/\/rst-steel.com\/"},{"@type":"ListItem","position":2,"name":"RST-Steel Verkkokauppa","item":"https:\/\/rst-steel.com\/shop\/"},{"@type":"ListItem","position":3,"name":"Roof Bar Volvo L30-35G Wheel Loaders"}]},{"@type":"WebSite","@id":"https:\/\/rst-steel.com\/#website","url":"https:\/\/rst-steel.com\/","name":"RST-Steel Oy - Turvallista, tyylik\u00e4st\u00e4, ter\u00e4st\u00e4","description":"Finsk kvalitet for kvalitetsbevisste sj\u00e5f\u00f8rer","publisher":{"@id":"https:\/\/rst-steel.com\/#organization"},"potentialAction":[{"@type":"SearchAction","target":{"@type":"EntryPoint","urlTemplate":"https:\/\/rst-steel.com\/?s={search_term_string}"},"query-input":{"@type":"PropertyValueSpecification","valueRequired":true,"valueName":"search_term_string"}}],"inLanguage":"nb-NO"},{"@type":"Organization","@id":"https:\/\/rst-steel.com\/#organization","name":"Administrer alternativer","alternateName":"RST-Steel Oy - Turvallista, tyylik\u00e4st\u00e4, ter\u00e4st\u00e4","url":"https:\/\/rst-steel.com\/","logo":{"@type":"ImageObject","inLanguage":"nb-NO","@id":"https:\/\/rst-steel.com\/#\/schema\/logo\/image\/","url":"https:\/\/rst-steel.com\/wp-content\/uploads\/2025\/02\/cropped-rst-valkoinen-ilman-taustaa-02.png","contentUrl":"https:\/\/rst-steel.com\/wp-content\/uploads\/2025\/02\/cropped-rst-valkoinen-ilman-taustaa-02.png","width":2319,"height":690,"caption":"RST-Steel Oy"},"image":{"@id":"https:\/\/rst-steel.com\/#\/schema\/logo\/image\/"}}]}},"_links":{"self":[{"href":"https:\/\/rst-steel.com\/nb\/wp-json\/wp\/v2\/product\/193731","targetHints":{"allow":["GET"]}}],"collection":[{"href":"https:\/\/rst-steel.com\/nb\/wp-json\/wp\/v2\/product"}],"about":[{"href":"https:\/\/rst-steel.com\/nb\/wp-json\/wp\/v2\/types\/product"}],"version-history":[{"count":1,"href":"https:\/\/rst-steel.com\/nb\/wp-json\/wp\/v2\/product\/193731\/revisions"}],"predecessor-version":[{"id":198947,"href":"https:\/\/rst-steel.com\/nb\/wp-json\/wp\/v2\/product\/193731\/revisions\/198947"}],"wp:featuredmedia":[{"embeddable":true,"href":"https:\/\/rst-steel.com\/nb\/wp-json\/wp\/v2\/media\/193728"}],"wp:attachment":[{"href":"https:\/\/rst-steel.com\/nb\/wp-json\/wp\/v2\/media?parent=193731"}],"wp:term":[{"taxonomy":"make_year","embeddable":true,"href":"https:\/\/rst-steel.com\/nb\/wp-json\/wp\/v2\/make_year?post=193731"},{"taxonomy":"make_brand","embeddable":true,"href":"https:\/\/rst-steel.com\/nb\/wp-json\/wp\/v2\/make_brand?post=193731"},{"taxonomy":"make_model","embeddable":true,"href":"https:\/\/rst-steel.com\/nb\/wp-json\/wp\/v2\/make_model?post=193731"},{"taxonomy":"make_fuel_type","embeddable":true,"href":"https:\/\/rst-steel.com\/nb\/wp-json\/wp\/v2\/make_fuel_type?post=193731"},{"taxonomy":"product_brand","embeddable":true,"href":"https:\/\/rst-steel.com\/nb\/wp-json\/wp\/v2\/product_brand?post=193731"},{"taxonomy":"product_cat","embeddable":true,"href":"https:\/\/rst-steel.com\/nb\/wp-json\/wp\/v2\/product_cat?post=193731"},{"taxonomy":"product_tag","embeddable":true,"href":"https:\/\/rst-steel.com\/nb\/wp-json\/wp\/v2\/product_tag?post=193731"}],"curies":[{"name":"wp","href":"https:\/\/api.w.org\/{rel}","templated":true}]}}