{"id":193805,"date":"2026-03-20T11:06:31","date_gmt":"2026-03-20T09:06:31","guid":{"rendered":"https:\/\/rst-steel.com\/tuote-osasto\/Ei-luokiteltu\/sun-visor-volvo-fh4-5-fwc\/"},"modified":"2026-04-27T10:42:29","modified_gmt":"2026-04-27T07:42:29","slug":"sun-visor-volvo-fh4-5-fwc","status":"publish","type":"product","link":"https:\/\/rst-steel.com\/nb\/produktkategori\/sun-visors-and-wind-deflectors\/sun-visors-for-trucks\/volvo-sun-visors\/sun-visor-volvo-fh4-5-fwc\/","title":{"rendered":"Sun Visor Volvo FH4\/5 (FWC)"},"content":{"rendered":"<p>Sun Visor Volvo FH4\/5 (FWC)<\/p>\n<p>A new sun visor, specifically designed for Volvo FH4\/5 models. Perfect fit with beautifully flowing lines.<\/p>\n<p>Designed for durability and made from sturdy polyester, which provides strength and a clean, smooth surface. The shaped outer edges of the visor give it a stunning appearance from every angle!<\/p>\n<p><span style=\"font-weight: bold;\">Features:<\/span><\/p>\n<p>&nbsp;<\/p>\n<ul>\n<li>Perfect Flowing Lines<\/li>\n<li>High End Polyester Product<\/li>\n<li>Suitable for trucks with FWC\/Camera<\/li>\n<li>Corners wrap around the cab<\/li>\n<li>Easy to install<\/li>\n<li>Stylish appearance<\/li>\n<\/ul>\n<p><span style=\"font-weight: bold;\">Available with multiple light options<\/span><\/p>\n<p>Remember to order the mirror extension if your truck is equipped with a blind-spot mirror! You can find compatible accessories for the visor in the recommended section!<\/p>\n<p><span style=\"font-weight: bold;\">Note! Unpainted.<\/span><\/p>","protected":false},"excerpt":{"rendered":"<p>Sun Visor Volvo FH4\/5 (FWC) A new sun visor, specifically designed for Volvo FH4\/5 models. Perfect fit with beautifully flowing&#8230;<\/p>","protected":false},"featured_media":193802,"template":"","meta":[],"make_year":[10907],"make_brand":[10939],"make_model":[10975,10978],"make_fuel_type":[],"product_brand":[],"product_cat":[10872,10886,10887],"product_tag":[],"class_list":{"0":"post-193805","1":"product","2":"type-product","3":"status-publish","4":"has-post-thumbnail","6":"make_year-trucks","7":"make_brand-volvo","8":"make_model-fh-2021","9":"make_model-fh4","10":"make_engine-vo-normaali-ohjaamo","11":"make_engine-globetrotter","12":"make_engine-globetrotter-xl-ohjaamo","13":"product_cat-sun-visors-and-wind-deflectors","14":"product_cat-sun-visors-for-trucks","15":"product_cat-volvo-sun-visors","16":"product_shipping_class-erikoispitka","18":"first","19":"instock","20":"taxable","21":"shipping-taxable","22":"purchasable","23":"product-type-variable"},"yoast_head":"<!-- This site is optimized with the Yoast SEO plugin v27.1.1 - https:\/\/yoast.com\/product\/yoast-seo-wordpress\/ -->\n<title>Sun Visor Volvo FH4\/5 (FWC) - RST-Steel<\/title>\n<meta name=\"description\" content=\"Sun Visor Volvo FH4 and FH5 models. Suitable for trucks with FWC\/Camera! The shaped outer edges of the visor give it a stunning appearance from every angle!\" \/>\n<meta name=\"robots\" content=\"index, follow, max-snippet:-1, max-image-preview:large, max-video-preview:-1\" \/>\n<link rel=\"canonical\" href=\"https:\/\/rst-steel.com\/nb\/produktkategori\/sun-visors-and-wind-deflectors\/sun-visors-for-trucks\/volvo-sun-visors\/sun-visor-volvo-fh4-5-fwc\/\" \/>\n<meta property=\"og:locale\" content=\"nb_NO\" \/>\n<meta property=\"og:type\" content=\"article\" \/>\n<meta property=\"og:title\" content=\"Sun Visor Volvo FH4\/5 (FWC) - RST-Steel\" \/>\n<meta property=\"og:description\" content=\"Sun Visor Volvo FH4 and FH5 models. Suitable for trucks with FWC\/Camera! The shaped outer edges of the visor give it a stunning appearance from every angle!\" \/>\n<meta property=\"og:url\" content=\"https:\/\/rst-steel.com\/nb\/produktkategori\/sun-visors-and-wind-deflectors\/sun-visors-for-trucks\/volvo-sun-visors\/sun-visor-volvo-fh4-5-fwc\/\" \/>\n<meta property=\"og:site_name\" content=\"RST-Steel\" \/>\n<meta property=\"article:modified_time\" content=\"2026-04-27T07:42:29+00:00\" \/>\n<meta property=\"og:image\" content=\"https:\/\/rst-steel.com\/wp-content\/uploads\/2026\/03\/c13a38b7d821f364c8564fb25c9de43fa4e7d7f4_6a555ab23ace0bb1b84e41226c6f9042.png\" \/>\n\t<meta property=\"og:image:width\" content=\"616\" \/>\n\t<meta property=\"og:image:height\" content=\"836\" \/>\n\t<meta property=\"og:image:type\" content=\"image\/png\" \/>\n<meta name=\"twitter:card\" content=\"summary_large_image\" \/>\n<meta name=\"twitter:label1\" content=\"Ansl. lesetid\" \/>\n\t<meta name=\"twitter:data1\" content=\"1 minutt\" \/>\n<script type=\"application\/ld+json\" class=\"yoast-schema-graph\">{\"@context\":\"https:\/\/schema.org\",\"@graph\":[{\"@type\":\"WebPage\",\"@id\":\"https:\/\/rst-steel.com\/product-category\/sun-visors-and-wind-deflectors\/sun-visors-for-trucks\/volvo-sun-visors\/sun-visor-volvo-fh4-5-fwc\/\",\"url\":\"https:\/\/rst-steel.com\/product-category\/sun-visors-and-wind-deflectors\/sun-visors-for-trucks\/volvo-sun-visors\/sun-visor-volvo-fh4-5-fwc\/\",\"name\":\"Sun Visor Volvo FH4\/5 (FWC) - RST-Steel\",\"isPartOf\":{\"@id\":\"https:\/\/rst-steel.com\/#website\"},\"primaryImageOfPage\":{\"@id\":\"https:\/\/rst-steel.com\/product-category\/sun-visors-and-wind-deflectors\/sun-visors-for-trucks\/volvo-sun-visors\/sun-visor-volvo-fh4-5-fwc\/#primaryimage\"},\"image\":{\"@id\":\"https:\/\/rst-steel.com\/product-category\/sun-visors-and-wind-deflectors\/sun-visors-for-trucks\/volvo-sun-visors\/sun-visor-volvo-fh4-5-fwc\/#primaryimage\"},\"thumbnailUrl\":\"https:\/\/rst-steel.com\/wp-content\/uploads\/2026\/03\/c13a38b7d821f364c8564fb25c9de43fa4e7d7f4_6a555ab23ace0bb1b84e41226c6f9042.png\",\"datePublished\":\"2026-03-20T09:06:31+00:00\",\"dateModified\":\"2026-04-27T07:42:29+00:00\",\"description\":\"Sun Visor Volvo FH4 and FH5 models. Suitable for trucks with FWC\/Camera! The shaped outer edges of the visor give it a stunning appearance from every angle!\",\"breadcrumb\":{\"@id\":\"https:\/\/rst-steel.com\/product-category\/sun-visors-and-wind-deflectors\/sun-visors-for-trucks\/volvo-sun-visors\/sun-visor-volvo-fh4-5-fwc\/#breadcrumb\"},\"inLanguage\":\"nb-NO\",\"potentialAction\":[{\"@type\":\"ReadAction\",\"target\":[\"https:\/\/rst-steel.com\/product-category\/sun-visors-and-wind-deflectors\/sun-visors-for-trucks\/volvo-sun-visors\/sun-visor-volvo-fh4-5-fwc\/\"]}]},{\"@type\":\"ImageObject\",\"inLanguage\":\"nb-NO\",\"@id\":\"https:\/\/rst-steel.com\/product-category\/sun-visors-and-wind-deflectors\/sun-visors-for-trucks\/volvo-sun-visors\/sun-visor-volvo-fh4-5-fwc\/#primaryimage\",\"url\":\"https:\/\/rst-steel.com\/wp-content\/uploads\/2026\/03\/c13a38b7d821f364c8564fb25c9de43fa4e7d7f4_6a555ab23ace0bb1b84e41226c6f9042.png\",\"contentUrl\":\"https:\/\/rst-steel.com\/wp-content\/uploads\/2026\/03\/c13a38b7d821f364c8564fb25c9de43fa4e7d7f4_6a555ab23ace0bb1b84e41226c6f9042.png\",\"width\":616,\"height\":836,\"caption\":\"Sun Visor Volvo FH4\/5 (FWC)\"},{\"@type\":\"BreadcrumbList\",\"@id\":\"https:\/\/rst-steel.com\/product-category\/sun-visors-and-wind-deflectors\/sun-visors-for-trucks\/volvo-sun-visors\/sun-visor-volvo-fh4-5-fwc\/#breadcrumb\",\"itemListElement\":[{\"@type\":\"ListItem\",\"position\":1,\"name\":\"Home\",\"item\":\"https:\/\/rst-steel.com\/\"},{\"@type\":\"ListItem\",\"position\":2,\"name\":\"RST-Steel Verkkokauppa\",\"item\":\"https:\/\/rst-steel.com\/shop\/\"},{\"@type\":\"ListItem\",\"position\":3,\"name\":\"Sun Visor Volvo FH4\/5 (FWC)\"}]},{\"@type\":\"WebSite\",\"@id\":\"https:\/\/rst-steel.com\/#website\",\"url\":\"https:\/\/rst-steel.com\/\",\"name\":\"RST-Steel Oy - Turvallista, tyylik\u00e4st\u00e4, ter\u00e4st\u00e4\",\"description\":\"Finnish quality for discerning drivers\",\"publisher\":{\"@id\":\"https:\/\/rst-steel.com\/#organization\"},\"potentialAction\":[{\"@type\":\"SearchAction\",\"target\":{\"@type\":\"EntryPoint\",\"urlTemplate\":\"https:\/\/rst-steel.com\/?s={search_term_string}\"},\"query-input\":{\"@type\":\"PropertyValueSpecification\",\"valueRequired\":true,\"valueName\":\"search_term_string\"}}],\"inLanguage\":\"nb-NO\"},{\"@type\":\"Organization\",\"@id\":\"https:\/\/rst-steel.com\/#organization\",\"name\":\"RST-Steel Oy\",\"alternateName\":\"RST-Steel Oy - Turvallista, tyylik\u00e4st\u00e4, ter\u00e4st\u00e4\",\"url\":\"https:\/\/rst-steel.com\/\",\"logo\":{\"@type\":\"ImageObject\",\"inLanguage\":\"nb-NO\",\"@id\":\"https:\/\/rst-steel.com\/#\/schema\/logo\/image\/\",\"url\":\"https:\/\/rst-steel.com\/wp-content\/uploads\/2025\/02\/cropped-rst-valkoinen-ilman-taustaa-02.png\",\"contentUrl\":\"https:\/\/rst-steel.com\/wp-content\/uploads\/2025\/02\/cropped-rst-valkoinen-ilman-taustaa-02.png\",\"width\":2319,\"height\":690,\"caption\":\"RST-Steel Oy\"},\"image\":{\"@id\":\"https:\/\/rst-steel.com\/#\/schema\/logo\/image\/\"}}]}<\/script>\n<!-- \/ Yoast SEO plugin. -->","yoast_head_json":{"title":"Sun Visor Volvo FH4\/5 (FWC) - RST-Steel","description":"Sun Visor Volvo FH4 and FH5 models. Suitable for trucks with FWC\/Camera! The shaped outer edges of the visor give it a stunning appearance from every angle!","robots":{"index":"index","follow":"follow","max-snippet":"max-snippet:-1","max-image-preview":"max-image-preview:large","max-video-preview":"max-video-preview:-1"},"canonical":"https:\/\/rst-steel.com\/nb\/produktkategori\/sun-visors-and-wind-deflectors\/sun-visors-for-trucks\/volvo-sun-visors\/sun-visor-volvo-fh4-5-fwc\/","og_locale":"nb_NO","og_type":"article","og_title":"Sun Visor Volvo FH4\/5 (FWC) - RST-Steel","og_description":"Sun Visor Volvo FH4 and FH5 models. Suitable for trucks with FWC\/Camera! The shaped outer edges of the visor give it a stunning appearance from every angle!","og_url":"https:\/\/rst-steel.com\/nb\/produktkategori\/sun-visors-and-wind-deflectors\/sun-visors-for-trucks\/volvo-sun-visors\/sun-visor-volvo-fh4-5-fwc\/","og_site_name":"RST-Steel","article_modified_time":"2026-04-27T07:42:29+00:00","og_image":[{"width":616,"height":836,"url":"https:\/\/rst-steel.com\/wp-content\/uploads\/2026\/03\/c13a38b7d821f364c8564fb25c9de43fa4e7d7f4_6a555ab23ace0bb1b84e41226c6f9042.png","type":"image\/png"}],"twitter_card":"summary_large_image","twitter_misc":{"Ansl. lesetid":"1 minutt"},"schema":{"@context":"https:\/\/schema.org","@graph":[{"@type":"WebPage","@id":"https:\/\/rst-steel.com\/product-category\/sun-visors-and-wind-deflectors\/sun-visors-for-trucks\/volvo-sun-visors\/sun-visor-volvo-fh4-5-fwc\/","url":"https:\/\/rst-steel.com\/product-category\/sun-visors-and-wind-deflectors\/sun-visors-for-trucks\/volvo-sun-visors\/sun-visor-volvo-fh4-5-fwc\/","name":"Sun Visor Volvo FH4\/5 (FWC) - RST-Steel","isPartOf":{"@id":"https:\/\/rst-steel.com\/#website"},"primaryImageOfPage":{"@id":"https:\/\/rst-steel.com\/product-category\/sun-visors-and-wind-deflectors\/sun-visors-for-trucks\/volvo-sun-visors\/sun-visor-volvo-fh4-5-fwc\/#primaryimage"},"image":{"@id":"https:\/\/rst-steel.com\/product-category\/sun-visors-and-wind-deflectors\/sun-visors-for-trucks\/volvo-sun-visors\/sun-visor-volvo-fh4-5-fwc\/#primaryimage"},"thumbnailUrl":"https:\/\/rst-steel.com\/wp-content\/uploads\/2026\/03\/c13a38b7d821f364c8564fb25c9de43fa4e7d7f4_6a555ab23ace0bb1b84e41226c6f9042.png","datePublished":"2026-03-20T09:06:31+00:00","dateModified":"2026-04-27T07:42:29+00:00","description":"Sun Visor Volvo FH4 and FH5 models. Suitable for trucks with FWC\/Camera! The shaped outer edges of the visor give it a stunning appearance from every angle!","breadcrumb":{"@id":"https:\/\/rst-steel.com\/product-category\/sun-visors-and-wind-deflectors\/sun-visors-for-trucks\/volvo-sun-visors\/sun-visor-volvo-fh4-5-fwc\/#breadcrumb"},"inLanguage":"nb-NO","potentialAction":[{"@type":"ReadAction","target":["https:\/\/rst-steel.com\/product-category\/sun-visors-and-wind-deflectors\/sun-visors-for-trucks\/volvo-sun-visors\/sun-visor-volvo-fh4-5-fwc\/"]}]},{"@type":"ImageObject","inLanguage":"nb-NO","@id":"https:\/\/rst-steel.com\/product-category\/sun-visors-and-wind-deflectors\/sun-visors-for-trucks\/volvo-sun-visors\/sun-visor-volvo-fh4-5-fwc\/#primaryimage","url":"https:\/\/rst-steel.com\/wp-content\/uploads\/2026\/03\/c13a38b7d821f364c8564fb25c9de43fa4e7d7f4_6a555ab23ace0bb1b84e41226c6f9042.png","contentUrl":"https:\/\/rst-steel.com\/wp-content\/uploads\/2026\/03\/c13a38b7d821f364c8564fb25c9de43fa4e7d7f4_6a555ab23ace0bb1b84e41226c6f9042.png","width":616,"height":836,"caption":"Sun Visor Volvo FH4\/5 (FWC)"},{"@type":"BreadcrumbList","@id":"https:\/\/rst-steel.com\/product-category\/sun-visors-and-wind-deflectors\/sun-visors-for-trucks\/volvo-sun-visors\/sun-visor-volvo-fh4-5-fwc\/#breadcrumb","itemListElement":[{"@type":"ListItem","position":1,"name":"Home","item":"https:\/\/rst-steel.com\/"},{"@type":"ListItem","position":2,"name":"RST-Steel Verkkokauppa","item":"https:\/\/rst-steel.com\/shop\/"},{"@type":"ListItem","position":3,"name":"Sun Visor Volvo FH4\/5 (FWC)"}]},{"@type":"WebSite","@id":"https:\/\/rst-steel.com\/#website","url":"https:\/\/rst-steel.com\/","name":"RST-Steel Oy - Turvallista, tyylik\u00e4st\u00e4, ter\u00e4st\u00e4","description":"Finsk kvalitet for kvalitetsbevisste sj\u00e5f\u00f8rer","publisher":{"@id":"https:\/\/rst-steel.com\/#organization"},"potentialAction":[{"@type":"SearchAction","target":{"@type":"EntryPoint","urlTemplate":"https:\/\/rst-steel.com\/?s={search_term_string}"},"query-input":{"@type":"PropertyValueSpecification","valueRequired":true,"valueName":"search_term_string"}}],"inLanguage":"nb-NO"},{"@type":"Organization","@id":"https:\/\/rst-steel.com\/#organization","name":"RST-Steel Oy","alternateName":"RST-Steel Oy - Turvallista, tyylik\u00e4st\u00e4, ter\u00e4st\u00e4","url":"https:\/\/rst-steel.com\/","logo":{"@type":"ImageObject","inLanguage":"nb-NO","@id":"https:\/\/rst-steel.com\/#\/schema\/logo\/image\/","url":"https:\/\/rst-steel.com\/wp-content\/uploads\/2025\/02\/cropped-rst-valkoinen-ilman-taustaa-02.png","contentUrl":"https:\/\/rst-steel.com\/wp-content\/uploads\/2025\/02\/cropped-rst-valkoinen-ilman-taustaa-02.png","width":2319,"height":690,"caption":"RST-Steel Oy"},"image":{"@id":"https:\/\/rst-steel.com\/#\/schema\/logo\/image\/"}}]}},"_links":{"self":[{"href":"https:\/\/rst-steel.com\/nb\/wp-json\/wp\/v2\/product\/193805","targetHints":{"allow":["GET"]}}],"collection":[{"href":"https:\/\/rst-steel.com\/nb\/wp-json\/wp\/v2\/product"}],"about":[{"href":"https:\/\/rst-steel.com\/nb\/wp-json\/wp\/v2\/types\/product"}],"version-history":[{"count":2,"href":"https:\/\/rst-steel.com\/nb\/wp-json\/wp\/v2\/product\/193805\/revisions"}],"predecessor-version":[{"id":201697,"href":"https:\/\/rst-steel.com\/nb\/wp-json\/wp\/v2\/product\/193805\/revisions\/201697"}],"wp:featuredmedia":[{"embeddable":true,"href":"https:\/\/rst-steel.com\/nb\/wp-json\/wp\/v2\/media\/193802"}],"wp:attachment":[{"href":"https:\/\/rst-steel.com\/nb\/wp-json\/wp\/v2\/media?parent=193805"}],"wp:term":[{"taxonomy":"make_year","embeddable":true,"href":"https:\/\/rst-steel.com\/nb\/wp-json\/wp\/v2\/make_year?post=193805"},{"taxonomy":"make_brand","embeddable":true,"href":"https:\/\/rst-steel.com\/nb\/wp-json\/wp\/v2\/make_brand?post=193805"},{"taxonomy":"make_model","embeddable":true,"href":"https:\/\/rst-steel.com\/nb\/wp-json\/wp\/v2\/make_model?post=193805"},{"taxonomy":"make_fuel_type","embeddable":true,"href":"https:\/\/rst-steel.com\/nb\/wp-json\/wp\/v2\/make_fuel_type?post=193805"},{"taxonomy":"product_brand","embeddable":true,"href":"https:\/\/rst-steel.com\/nb\/wp-json\/wp\/v2\/product_brand?post=193805"},{"taxonomy":"product_cat","embeddable":true,"href":"https:\/\/rst-steel.com\/nb\/wp-json\/wp\/v2\/product_cat?post=193805"},{"taxonomy":"product_tag","embeddable":true,"href":"https:\/\/rst-steel.com\/nb\/wp-json\/wp\/v2\/product_tag?post=193805"}],"curies":[{"name":"wp","href":"https:\/\/api.w.org\/{rel}","templated":true}]}}