{"id":193845,"date":"2026-03-20T11:07:12","date_gmt":"2026-03-20T09:07:12","guid":{"rendered":"https:\/\/rst-steel.com\/tuote-osasto\/Ei-luokiteltu\/roof-bar-valtra-s-4-series-2014-2023\/"},"modified":"2026-04-15T10:31:53","modified_gmt":"2026-04-15T07:31:53","slug":"roof-bar-valtra-s-4-series-2014-2023","status":"publish","type":"product","link":"https:\/\/rst-steel.com\/nb\/produktkategori\/light-bars\/roof-bars-for-tractors\/valtra-roof-bars\/roof-bar-valtra-s-4-series-2014-2023\/","title":{"rendered":"Roof Bar Valtra S (4-series)  2014-2023"},"content":{"rendered":"<p>Roof Bar Valtra S (4-series)\u00a0 2014-2023<\/p>\n<p><span style=\"font-weight: bold;\">Do you need a reliable and stylish solution for mounting auxiliary light on your tractor?<\/span><\/p>\n<p>Our roof bar is designed specifically to meet your needs!<\/p>\n<p>RST-Steel\u2019s roof\u00a0 bars are high-quality products made from stainless steel. The roof bar accentuates the stylish lines of the cab and allows you to install auxiliary light for enhanced safety.<\/p>\n<p>&nbsp;<\/p>\n<p><span style=\"font-weight: bold;\">Features:<\/span><\/p>\n<ul>\n<li>Compatibility: Specifically designed for Valtra S (4-Series) 2014-2023 models, ensuring quick and effortless installation.<\/li>\n<li>Materials: Made from durable stainless steel, guaranteeing long service life and excellent weather resistance.<\/li>\n<li>Stylish Design: Polished or painted finish and elegant design enhance the appearance of your tractor.<\/li>\n<li>Light Installation: The roof bar easily accommodates auxiliary light, significantly improving your tractor\u2019s lighting.<\/li>\n<li>Safety: Enhances visibility in dark and challenging driving conditions, increasing safety for both the driver and other road users.<\/li>\n<\/ul>\n<p>&nbsp;<\/p>\n<p><span style=\"font-weight: bold;\">Why Choose RST-Steel?<\/span><\/p>\n<ul>\n<li>Reliability: Years of experience and expertise ensure the high quality and durability of our products.<\/li>\n<li>Customer Satisfaction: Thousands of satisfied customers worldwide trust RST-Steel products.<\/li>\n<\/ul>\n<p>&nbsp;<\/p>\n<p><span style=\"font-weight: bold;\">Tekniske spesifikasjoner:<\/span><\/p>\n<ul>\n<li>Color: Mirror-polished stainless steel or Powdercoated with RAL colors<\/li>\n<li>Pipe Diameter: 60mm<\/li>\n<li>In front 2 pcs. light brackets (bracket space = 354 mm)<\/li>\n<li>The brackets are suitable for a light fixture approximately 660 mm wide<\/li>\n<\/ul>\n<p>&nbsp;<\/p>\n<p><span style=\"font-weight: bold;\">Package Includes:<\/span><\/p>\n<ul>\n<li>Roof Bar Valtra S<\/li>\n<li>Mounting brackets required for installation<\/li>\n<li>Installation instructions<\/li>\n<\/ul>\n<p>&nbsp;<\/p>\n<p><span style=\"font-weight: bold;\">Buy now and enhance visibility and safety with a high-quality roof bar!<\/span><\/p>","protected":false},"excerpt":{"rendered":"<p>Roof Bar Valtra S (4-series)\u00a0 2014-2023 Do you need a reliable and stylish solution for mounting auxiliary light on your&#8230;<\/p>","protected":false},"featured_media":193843,"template":"","meta":[],"make_year":[10906],"make_brand":[10936],"make_model":[11030,12762],"make_fuel_type":[],"product_brand":[9443],"product_cat":[10508,10574,10578],"product_tag":[],"class_list":{"0":"post-193845","1":"product","2":"type-product","3":"status-publish","4":"has-post-thumbnail","6":"make_year-tractor-com","7":"make_brand-valtra-rstcom","8":"make_model-valtra-4-series","9":"make_model-valtra-s-series","10":"product_brand-brand_rststeel","11":"product_cat-light-bars","12":"product_cat-roof-bars-for-tractors","13":"product_cat-valtra-roof-bars","14":"product_shipping_class-lightbars","16":"first","17":"onbackorder","18":"taxable","19":"shipping-taxable","20":"purchasable","21":"product-type-variable"},"yoast_head":"<!-- This site is optimized with the Yoast SEO plugin v27.1.1 - https:\/\/yoast.com\/product\/yoast-seo-wordpress\/ -->\n<title>Roof Bar Valtra S (4-series) 2014-2023 - RST-Steel<\/title>\n<meta name=\"description\" content=\"Roof Bar Valtra S (4-series) 2014-2023 models. Several model options available. Enhance visibility and safety with a high-quality roof bar!\" \/>\n<meta name=\"robots\" content=\"index, follow, max-snippet:-1, max-image-preview:large, max-video-preview:-1\" \/>\n<link rel=\"canonical\" href=\"https:\/\/rst-steel.com\/nb\/produktkategori\/light-bars\/roof-bars-for-tractors\/valtra-roof-bars\/roof-bar-valtra-s-4-series-2014-2023\/\" \/>\n<meta property=\"og:locale\" content=\"nb_NO\" \/>\n<meta property=\"og:type\" content=\"article\" \/>\n<meta property=\"og:title\" content=\"Roof Bar Valtra S (4-series) 2014-2023 - RST-Steel\" \/>\n<meta property=\"og:description\" content=\"Roof Bar Valtra S (4-series) 2014-2023 models. Several model options available. Enhance visibility and safety with a high-quality roof bar!\" \/>\n<meta property=\"og:url\" content=\"https:\/\/rst-steel.com\/nb\/produktkategori\/light-bars\/roof-bars-for-tractors\/valtra-roof-bars\/roof-bar-valtra-s-4-series-2014-2023\/\" \/>\n<meta property=\"og:site_name\" content=\"RST-Steel\" \/>\n<meta property=\"article:modified_time\" content=\"2026-04-15T07:31:53+00:00\" \/>\n<meta property=\"og:image\" content=\"https:\/\/rst-steel.com\/wp-content\/uploads\/2026\/03\/3abb51c3e48ddd3e03fdef8e2becf34c52e28f01_5f61f2454398760640d4c5b3fba3630d.jpg\" \/>\n\t<meta property=\"og:image:width\" content=\"1200\" \/>\n\t<meta property=\"og:image:height\" content=\"1406\" \/>\n\t<meta property=\"og:image:type\" content=\"image\/jpeg\" \/>\n<meta name=\"twitter:card\" content=\"summary_large_image\" \/>\n<meta name=\"twitter:label1\" content=\"Ansl. lesetid\" \/>\n\t<meta name=\"twitter:data1\" content=\"2 minutter\" \/>\n<script type=\"application\/ld+json\" class=\"yoast-schema-graph\">{\"@context\":\"https:\/\/schema.org\",\"@graph\":[{\"@type\":\"WebPage\",\"@id\":\"https:\/\/rst-steel.com\/product-category\/light-bars\/roof-bars-for-tractors\/valtra-roof-bars\/roof-bar-valtra-s-4-series-2014-2023\/\",\"url\":\"https:\/\/rst-steel.com\/product-category\/light-bars\/roof-bars-for-tractors\/valtra-roof-bars\/roof-bar-valtra-s-4-series-2014-2023\/\",\"name\":\"Roof Bar Valtra S (4-series) 2014-2023 - RST-Steel\",\"isPartOf\":{\"@id\":\"https:\/\/rst-steel.com\/#website\"},\"primaryImageOfPage\":{\"@id\":\"https:\/\/rst-steel.com\/product-category\/light-bars\/roof-bars-for-tractors\/valtra-roof-bars\/roof-bar-valtra-s-4-series-2014-2023\/#primaryimage\"},\"image\":{\"@id\":\"https:\/\/rst-steel.com\/product-category\/light-bars\/roof-bars-for-tractors\/valtra-roof-bars\/roof-bar-valtra-s-4-series-2014-2023\/#primaryimage\"},\"thumbnailUrl\":\"https:\/\/rst-steel.com\/wp-content\/uploads\/2026\/03\/3abb51c3e48ddd3e03fdef8e2becf34c52e28f01_5f61f2454398760640d4c5b3fba3630d.jpg\",\"datePublished\":\"2026-03-20T09:07:12+00:00\",\"dateModified\":\"2026-04-15T07:31:53+00:00\",\"description\":\"Roof Bar Valtra S (4-series) 2014-2023 models. Several model options available. Enhance visibility and safety with a high-quality roof bar!\",\"breadcrumb\":{\"@id\":\"https:\/\/rst-steel.com\/product-category\/light-bars\/roof-bars-for-tractors\/valtra-roof-bars\/roof-bar-valtra-s-4-series-2014-2023\/#breadcrumb\"},\"inLanguage\":\"nb-NO\",\"potentialAction\":[{\"@type\":\"ReadAction\",\"target\":[\"https:\/\/rst-steel.com\/product-category\/light-bars\/roof-bars-for-tractors\/valtra-roof-bars\/roof-bar-valtra-s-4-series-2014-2023\/\"]}]},{\"@type\":\"ImageObject\",\"inLanguage\":\"nb-NO\",\"@id\":\"https:\/\/rst-steel.com\/product-category\/light-bars\/roof-bars-for-tractors\/valtra-roof-bars\/roof-bar-valtra-s-4-series-2014-2023\/#primaryimage\",\"url\":\"https:\/\/rst-steel.com\/wp-content\/uploads\/2026\/03\/3abb51c3e48ddd3e03fdef8e2becf34c52e28f01_5f61f2454398760640d4c5b3fba3630d.jpg\",\"contentUrl\":\"https:\/\/rst-steel.com\/wp-content\/uploads\/2026\/03\/3abb51c3e48ddd3e03fdef8e2becf34c52e28f01_5f61f2454398760640d4c5b3fba3630d.jpg\",\"width\":1200,\"height\":1406,\"caption\":\"Roof Bar Valtra S (4-series) 2014-2023\"},{\"@type\":\"BreadcrumbList\",\"@id\":\"https:\/\/rst-steel.com\/product-category\/light-bars\/roof-bars-for-tractors\/valtra-roof-bars\/roof-bar-valtra-s-4-series-2014-2023\/#breadcrumb\",\"itemListElement\":[{\"@type\":\"ListItem\",\"position\":1,\"name\":\"Home\",\"item\":\"https:\/\/rst-steel.com\/\"},{\"@type\":\"ListItem\",\"position\":2,\"name\":\"RST-Steel Verkkokauppa\",\"item\":\"https:\/\/rst-steel.com\/shop\/\"},{\"@type\":\"ListItem\",\"position\":3,\"name\":\"Roof Bar Valtra S (4-series) 2014-2023\"}]},{\"@type\":\"WebSite\",\"@id\":\"https:\/\/rst-steel.com\/#website\",\"url\":\"https:\/\/rst-steel.com\/\",\"name\":\"RST-Steel Oy - Turvallista, tyylik\u00e4st\u00e4, ter\u00e4st\u00e4\",\"description\":\"Finnish quality for discerning drivers\",\"publisher\":{\"@id\":\"https:\/\/rst-steel.com\/#organization\"},\"potentialAction\":[{\"@type\":\"SearchAction\",\"target\":{\"@type\":\"EntryPoint\",\"urlTemplate\":\"https:\/\/rst-steel.com\/?s={search_term_string}\"},\"query-input\":{\"@type\":\"PropertyValueSpecification\",\"valueRequired\":true,\"valueName\":\"search_term_string\"}}],\"inLanguage\":\"nb-NO\"},{\"@type\":\"Organization\",\"@id\":\"https:\/\/rst-steel.com\/#organization\",\"name\":\"RST-Steel Oy\",\"alternateName\":\"RST-Steel Oy - Turvallista, tyylik\u00e4st\u00e4, ter\u00e4st\u00e4\",\"url\":\"https:\/\/rst-steel.com\/\",\"logo\":{\"@type\":\"ImageObject\",\"inLanguage\":\"nb-NO\",\"@id\":\"https:\/\/rst-steel.com\/#\/schema\/logo\/image\/\",\"url\":\"https:\/\/rst-steel.com\/wp-content\/uploads\/2025\/02\/cropped-rst-valkoinen-ilman-taustaa-02.png\",\"contentUrl\":\"https:\/\/rst-steel.com\/wp-content\/uploads\/2025\/02\/cropped-rst-valkoinen-ilman-taustaa-02.png\",\"width\":2319,\"height\":690,\"caption\":\"RST-Steel Oy\"},\"image\":{\"@id\":\"https:\/\/rst-steel.com\/#\/schema\/logo\/image\/\"}}]}<\/script>\n<!-- \/ Yoast SEO plugin. -->","yoast_head_json":{"title":"Roof Bar Valtra S (4-series) 2014-2023 - RST-Steel","description":"Roof Bar Valtra S (4-series) 2014-2023 models. Several model options available. Enhance visibility and safety with a high-quality roof bar!","robots":{"index":"index","follow":"follow","max-snippet":"max-snippet:-1","max-image-preview":"max-image-preview:large","max-video-preview":"max-video-preview:-1"},"canonical":"https:\/\/rst-steel.com\/nb\/produktkategori\/light-bars\/roof-bars-for-tractors\/valtra-roof-bars\/roof-bar-valtra-s-4-series-2014-2023\/","og_locale":"nb_NO","og_type":"article","og_title":"Roof Bar Valtra S (4-series) 2014-2023 - RST-Steel","og_description":"Roof Bar Valtra S (4-series) 2014-2023 models. Several model options available. Enhance visibility and safety with a high-quality roof bar!","og_url":"https:\/\/rst-steel.com\/nb\/produktkategori\/light-bars\/roof-bars-for-tractors\/valtra-roof-bars\/roof-bar-valtra-s-4-series-2014-2023\/","og_site_name":"RST-Steel","article_modified_time":"2026-04-15T07:31:53+00:00","og_image":[{"width":1200,"height":1406,"url":"https:\/\/rst-steel.com\/wp-content\/uploads\/2026\/03\/3abb51c3e48ddd3e03fdef8e2becf34c52e28f01_5f61f2454398760640d4c5b3fba3630d.jpg","type":"image\/jpeg"}],"twitter_card":"summary_large_image","twitter_misc":{"Ansl. lesetid":"2 minutter"},"schema":{"@context":"https:\/\/schema.org","@graph":[{"@type":"WebPage","@id":"https:\/\/rst-steel.com\/product-category\/light-bars\/roof-bars-for-tractors\/valtra-roof-bars\/roof-bar-valtra-s-4-series-2014-2023\/","url":"https:\/\/rst-steel.com\/product-category\/light-bars\/roof-bars-for-tractors\/valtra-roof-bars\/roof-bar-valtra-s-4-series-2014-2023\/","name":"Roof Bar Valtra S (4-series) 2014-2023 - RST-Steel","isPartOf":{"@id":"https:\/\/rst-steel.com\/#website"},"primaryImageOfPage":{"@id":"https:\/\/rst-steel.com\/product-category\/light-bars\/roof-bars-for-tractors\/valtra-roof-bars\/roof-bar-valtra-s-4-series-2014-2023\/#primaryimage"},"image":{"@id":"https:\/\/rst-steel.com\/product-category\/light-bars\/roof-bars-for-tractors\/valtra-roof-bars\/roof-bar-valtra-s-4-series-2014-2023\/#primaryimage"},"thumbnailUrl":"https:\/\/rst-steel.com\/wp-content\/uploads\/2026\/03\/3abb51c3e48ddd3e03fdef8e2becf34c52e28f01_5f61f2454398760640d4c5b3fba3630d.jpg","datePublished":"2026-03-20T09:07:12+00:00","dateModified":"2026-04-15T07:31:53+00:00","description":"Roof Bar Valtra S (4-series) 2014-2023 models. Several model options available. Enhance visibility and safety with a high-quality roof bar!","breadcrumb":{"@id":"https:\/\/rst-steel.com\/product-category\/light-bars\/roof-bars-for-tractors\/valtra-roof-bars\/roof-bar-valtra-s-4-series-2014-2023\/#breadcrumb"},"inLanguage":"nb-NO","potentialAction":[{"@type":"ReadAction","target":["https:\/\/rst-steel.com\/product-category\/light-bars\/roof-bars-for-tractors\/valtra-roof-bars\/roof-bar-valtra-s-4-series-2014-2023\/"]}]},{"@type":"ImageObject","inLanguage":"nb-NO","@id":"https:\/\/rst-steel.com\/product-category\/light-bars\/roof-bars-for-tractors\/valtra-roof-bars\/roof-bar-valtra-s-4-series-2014-2023\/#primaryimage","url":"https:\/\/rst-steel.com\/wp-content\/uploads\/2026\/03\/3abb51c3e48ddd3e03fdef8e2becf34c52e28f01_5f61f2454398760640d4c5b3fba3630d.jpg","contentUrl":"https:\/\/rst-steel.com\/wp-content\/uploads\/2026\/03\/3abb51c3e48ddd3e03fdef8e2becf34c52e28f01_5f61f2454398760640d4c5b3fba3630d.jpg","width":1200,"height":1406,"caption":"Roof Bar Valtra S (4-series) 2014-2023"},{"@type":"BreadcrumbList","@id":"https:\/\/rst-steel.com\/product-category\/light-bars\/roof-bars-for-tractors\/valtra-roof-bars\/roof-bar-valtra-s-4-series-2014-2023\/#breadcrumb","itemListElement":[{"@type":"ListItem","position":1,"name":"Home","item":"https:\/\/rst-steel.com\/"},{"@type":"ListItem","position":2,"name":"RST-Steel Verkkokauppa","item":"https:\/\/rst-steel.com\/shop\/"},{"@type":"ListItem","position":3,"name":"Roof Bar Valtra S (4-series) 2014-2023"}]},{"@type":"WebSite","@id":"https:\/\/rst-steel.com\/#website","url":"https:\/\/rst-steel.com\/","name":"RST-Steel Oy - Turvallista, tyylik\u00e4st\u00e4, ter\u00e4st\u00e4","description":"Finsk kvalitet for kvalitetsbevisste sj\u00e5f\u00f8rer","publisher":{"@id":"https:\/\/rst-steel.com\/#organization"},"potentialAction":[{"@type":"SearchAction","target":{"@type":"EntryPoint","urlTemplate":"https:\/\/rst-steel.com\/?s={search_term_string}"},"query-input":{"@type":"PropertyValueSpecification","valueRequired":true,"valueName":"search_term_string"}}],"inLanguage":"nb-NO"},{"@type":"Organization","@id":"https:\/\/rst-steel.com\/#organization","name":"Administrer alternativer","alternateName":"RST-Steel Oy - Turvallista, tyylik\u00e4st\u00e4, ter\u00e4st\u00e4","url":"https:\/\/rst-steel.com\/","logo":{"@type":"ImageObject","inLanguage":"nb-NO","@id":"https:\/\/rst-steel.com\/#\/schema\/logo\/image\/","url":"https:\/\/rst-steel.com\/wp-content\/uploads\/2025\/02\/cropped-rst-valkoinen-ilman-taustaa-02.png","contentUrl":"https:\/\/rst-steel.com\/wp-content\/uploads\/2025\/02\/cropped-rst-valkoinen-ilman-taustaa-02.png","width":2319,"height":690,"caption":"RST-Steel Oy"},"image":{"@id":"https:\/\/rst-steel.com\/#\/schema\/logo\/image\/"}}]}},"_links":{"self":[{"href":"https:\/\/rst-steel.com\/nb\/wp-json\/wp\/v2\/product\/193845","targetHints":{"allow":["GET"]}}],"collection":[{"href":"https:\/\/rst-steel.com\/nb\/wp-json\/wp\/v2\/product"}],"about":[{"href":"https:\/\/rst-steel.com\/nb\/wp-json\/wp\/v2\/types\/product"}],"version-history":[{"count":2,"href":"https:\/\/rst-steel.com\/nb\/wp-json\/wp\/v2\/product\/193845\/revisions"}],"predecessor-version":[{"id":199310,"href":"https:\/\/rst-steel.com\/nb\/wp-json\/wp\/v2\/product\/193845\/revisions\/199310"}],"wp:featuredmedia":[{"embeddable":true,"href":"https:\/\/rst-steel.com\/nb\/wp-json\/wp\/v2\/media\/193843"}],"wp:attachment":[{"href":"https:\/\/rst-steel.com\/nb\/wp-json\/wp\/v2\/media?parent=193845"}],"wp:term":[{"taxonomy":"make_year","embeddable":true,"href":"https:\/\/rst-steel.com\/nb\/wp-json\/wp\/v2\/make_year?post=193845"},{"taxonomy":"make_brand","embeddable":true,"href":"https:\/\/rst-steel.com\/nb\/wp-json\/wp\/v2\/make_brand?post=193845"},{"taxonomy":"make_model","embeddable":true,"href":"https:\/\/rst-steel.com\/nb\/wp-json\/wp\/v2\/make_model?post=193845"},{"taxonomy":"make_fuel_type","embeddable":true,"href":"https:\/\/rst-steel.com\/nb\/wp-json\/wp\/v2\/make_fuel_type?post=193845"},{"taxonomy":"product_brand","embeddable":true,"href":"https:\/\/rst-steel.com\/nb\/wp-json\/wp\/v2\/product_brand?post=193845"},{"taxonomy":"product_cat","embeddable":true,"href":"https:\/\/rst-steel.com\/nb\/wp-json\/wp\/v2\/product_cat?post=193845"},{"taxonomy":"product_tag","embeddable":true,"href":"https:\/\/rst-steel.com\/nb\/wp-json\/wp\/v2\/product_tag?post=193845"}],"curies":[{"name":"wp","href":"https:\/\/api.w.org\/{rel}","templated":true}]}}