{"id":193879,"date":"2026-03-20T11:07:47","date_gmt":"2026-03-20T09:07:47","guid":{"rendered":"https:\/\/rst-steel.com\/tuote-osasto\/Ei-luokiteltu\/rear-bar-ford-transit-custom-2023\/"},"modified":"2026-04-28T12:22:41","modified_gmt":"2026-04-28T09:22:41","slug":"rear-bar-ford-transit-custom-2023","status":"publish","type":"product","link":"https:\/\/rst-steel.com\/nb\/produktkategori\/side-bars-and-side-steps\/rear-corner-bars-for-vans\/ford-rear-corner-bars\/rear-bar-ford-transit-custom-2023\/","title":{"rendered":"Rear Bar Ford Transit Custom 2023-"},"content":{"rendered":"<p>Rear Bar Ford Transit Custom 2023-<\/p>\n<p>&nbsp;<\/p>\n<p>RST-Steel&#8217;s rear bars are high-quality products, made in Finland from stainless steel.<\/p>\n<p>Rear bar is a stylish accessory with which you protect your car from extra bumps. The rear bar can also be equipped with position lights, which improves visibility in traffic even more. Quick and easy installation, installation in ready-made places.<\/p>\n<p>Crafted from stainless steel, this rear bar feature a 76 mm diameter, combined with a hand-finished design, ensuring durability for years rather than just a single season.<\/p>\n<p>Included with the product is a stainless steel mounting kit specifically for your car, along with straightforward installation instructions.<\/p>\n<p>Quick and easy installation, installation in ready-made places.<\/p>\n<p>&nbsp;<\/p>\n<p><span style=\"font-weight: bold;\">Technical information:<\/span><\/p>\n<ul>\n<li>Color: Mirror polished stainless steel or Powdercoated with RAL-colors<\/li>\n<li>Bar diameter: 76 mm<\/li>\n<\/ul>\n<p>&nbsp;<\/p>\n<p><span style=\"font-weight: bold;\">Delivery contents:<\/span><\/p>\n<ul>\n<li>Rear bar<\/li>\n<li>Fasteners required for installation<\/li>\n<li>Installation instructions<\/li>\n<\/ul>","protected":false},"excerpt":{"rendered":"<p>Rear Bar Ford Transit Custom 2023- &nbsp; RST-Steel&#8217;s rear bars are high-quality products, made in Finland from stainless steel. Rear&#8230;<\/p>","protected":false},"featured_media":202004,"template":"","meta":[],"make_year":[10908],"make_brand":[10918],"make_model":[11023],"make_fuel_type":[],"product_brand":[9443],"product_cat":[10848,10844,10843],"product_tag":[],"class_list":{"0":"post-193879","1":"product","2":"type-product","3":"status-publish","4":"has-post-thumbnail","6":"make_year-van","7":"make_brand-ford-van","8":"make_model-transit-custom-23","9":"make_engine-transit-custom-l1-h1","10":"make_engine-transit-custom-l1-h2","11":"make_engine-transit-custom-l2-h1","12":"make_engine-transit-custom-l2-h2","13":"make_engine-transporter-l1-h1-akselivali-3000mm","14":"make_engine-transporter-l2h1-akselivali-3400mm","15":"make_engine-transporter-l2-h2-akselivali-3400mm","16":"product_brand-brand_rststeel","17":"product_cat-ford-rear-corner-bars","18":"product_cat-rear-corner-bars-for-vans","19":"product_cat-side-bars-and-side-steps","20":"product_shipping_class-lightbars","22":"first","23":"onbackorder","24":"sale","25":"taxable","26":"shipping-taxable","27":"purchasable","28":"product-type-variable"},"yoast_head":"<!-- This site is optimized with the Yoast SEO plugin v27.1.1 - https:\/\/yoast.com\/product\/yoast-seo-wordpress\/ -->\n<title>Rear Bar Ford Transit Custom 2023- RST-Steel<\/title>\n<meta name=\"description\" content=\"High-Quality Rear Bar for Ford Transit Custom 2024- and newe models. Several model options available. Check out this product and get yours today!\" \/>\n<meta name=\"robots\" content=\"index, follow, max-snippet:-1, max-image-preview:large, max-video-preview:-1\" \/>\n<link rel=\"canonical\" href=\"https:\/\/rst-steel.com\/nb\/produktkategori\/side-bars-and-side-steps\/rear-corner-bars-for-vans\/ford-rear-corner-bars\/rear-bar-ford-transit-custom-2023\/\" \/>\n<meta property=\"og:locale\" content=\"nb_NO\" \/>\n<meta property=\"og:type\" content=\"article\" \/>\n<meta property=\"og:title\" content=\"Rear Bar Ford Transit Custom 2023- RST-Steel\" \/>\n<meta property=\"og:description\" content=\"High-Quality Rear Bar for Ford Transit Custom 2024- and newe models. Several model options available. Check out this product and get yours today!\" \/>\n<meta property=\"og:url\" content=\"https:\/\/rst-steel.com\/nb\/produktkategori\/side-bars-and-side-steps\/rear-corner-bars-for-vans\/ford-rear-corner-bars\/rear-bar-ford-transit-custom-2023\/\" \/>\n<meta property=\"og:site_name\" content=\"RST-Steel\" \/>\n<meta property=\"article:modified_time\" content=\"2026-04-28T09:22:41+00:00\" \/>\n<meta property=\"og:image\" content=\"https:\/\/rst-steel.com\/wp-content\/uploads\/2026\/04\/88a1e356f01155fbbf3f78871a2ee7503f07541d_TRA06806_web_2.jpg\" \/>\n\t<meta property=\"og:image:width\" content=\"1024\" \/>\n\t<meta property=\"og:image:height\" content=\"1024\" \/>\n\t<meta property=\"og:image:type\" content=\"image\/jpeg\" \/>\n<meta name=\"twitter:card\" content=\"summary_large_image\" \/>\n<meta name=\"twitter:label1\" content=\"Ansl. lesetid\" \/>\n\t<meta name=\"twitter:data1\" content=\"1 minutt\" \/>\n<script type=\"application\/ld+json\" class=\"yoast-schema-graph\">{\"@context\":\"https:\/\/schema.org\",\"@graph\":[{\"@type\":\"WebPage\",\"@id\":\"https:\/\/rst-steel.com\/product-category\/side-bars-and-side-steps\/rear-corner-bars-for-vans\/ford-rear-corner-bars\/rear-bar-ford-transit-custom-2023\/\",\"url\":\"https:\/\/rst-steel.com\/product-category\/side-bars-and-side-steps\/rear-corner-bars-for-vans\/ford-rear-corner-bars\/rear-bar-ford-transit-custom-2023\/\",\"name\":\"Rear Bar Ford Transit Custom 2023- RST-Steel\",\"isPartOf\":{\"@id\":\"https:\/\/rst-steel.com\/#website\"},\"primaryImageOfPage\":{\"@id\":\"https:\/\/rst-steel.com\/product-category\/side-bars-and-side-steps\/rear-corner-bars-for-vans\/ford-rear-corner-bars\/rear-bar-ford-transit-custom-2023\/#primaryimage\"},\"image\":{\"@id\":\"https:\/\/rst-steel.com\/product-category\/side-bars-and-side-steps\/rear-corner-bars-for-vans\/ford-rear-corner-bars\/rear-bar-ford-transit-custom-2023\/#primaryimage\"},\"thumbnailUrl\":\"https:\/\/rst-steel.com\/wp-content\/uploads\/2026\/04\/88a1e356f01155fbbf3f78871a2ee7503f07541d_TRA06806_web_2.jpg\",\"datePublished\":\"2026-03-20T09:07:47+00:00\",\"dateModified\":\"2026-04-28T09:22:41+00:00\",\"description\":\"High-Quality Rear Bar for Ford Transit Custom 2024- and newe models. Several model options available. Check out this product and get yours today!\",\"breadcrumb\":{\"@id\":\"https:\/\/rst-steel.com\/product-category\/side-bars-and-side-steps\/rear-corner-bars-for-vans\/ford-rear-corner-bars\/rear-bar-ford-transit-custom-2023\/#breadcrumb\"},\"inLanguage\":\"nb-NO\",\"potentialAction\":[{\"@type\":\"ReadAction\",\"target\":[\"https:\/\/rst-steel.com\/product-category\/side-bars-and-side-steps\/rear-corner-bars-for-vans\/ford-rear-corner-bars\/rear-bar-ford-transit-custom-2023\/\"]}]},{\"@type\":\"ImageObject\",\"inLanguage\":\"nb-NO\",\"@id\":\"https:\/\/rst-steel.com\/product-category\/side-bars-and-side-steps\/rear-corner-bars-for-vans\/ford-rear-corner-bars\/rear-bar-ford-transit-custom-2023\/#primaryimage\",\"url\":\"https:\/\/rst-steel.com\/wp-content\/uploads\/2026\/04\/88a1e356f01155fbbf3f78871a2ee7503f07541d_TRA06806_web_2.jpg\",\"contentUrl\":\"https:\/\/rst-steel.com\/wp-content\/uploads\/2026\/04\/88a1e356f01155fbbf3f78871a2ee7503f07541d_TRA06806_web_2.jpg\",\"width\":1024,\"height\":1024,\"caption\":\"TRA06806\"},{\"@type\":\"BreadcrumbList\",\"@id\":\"https:\/\/rst-steel.com\/product-category\/side-bars-and-side-steps\/rear-corner-bars-for-vans\/ford-rear-corner-bars\/rear-bar-ford-transit-custom-2023\/#breadcrumb\",\"itemListElement\":[{\"@type\":\"ListItem\",\"position\":1,\"name\":\"Home\",\"item\":\"https:\/\/rst-steel.com\/\"},{\"@type\":\"ListItem\",\"position\":2,\"name\":\"RST-Steel Verkkokauppa\",\"item\":\"https:\/\/rst-steel.com\/shop\/\"},{\"@type\":\"ListItem\",\"position\":3,\"name\":\"Rear Bar Ford Transit Custom 2023-\"}]},{\"@type\":\"WebSite\",\"@id\":\"https:\/\/rst-steel.com\/#website\",\"url\":\"https:\/\/rst-steel.com\/\",\"name\":\"RST-Steel Oy - Turvallista, tyylik\u00e4st\u00e4, ter\u00e4st\u00e4\",\"description\":\"Finnish quality for discerning drivers\",\"publisher\":{\"@id\":\"https:\/\/rst-steel.com\/#organization\"},\"potentialAction\":[{\"@type\":\"SearchAction\",\"target\":{\"@type\":\"EntryPoint\",\"urlTemplate\":\"https:\/\/rst-steel.com\/?s={search_term_string}\"},\"query-input\":{\"@type\":\"PropertyValueSpecification\",\"valueRequired\":true,\"valueName\":\"search_term_string\"}}],\"inLanguage\":\"nb-NO\"},{\"@type\":\"Organization\",\"@id\":\"https:\/\/rst-steel.com\/#organization\",\"name\":\"RST-Steel Oy\",\"alternateName\":\"RST-Steel Oy - Turvallista, tyylik\u00e4st\u00e4, ter\u00e4st\u00e4\",\"url\":\"https:\/\/rst-steel.com\/\",\"logo\":{\"@type\":\"ImageObject\",\"inLanguage\":\"nb-NO\",\"@id\":\"https:\/\/rst-steel.com\/#\/schema\/logo\/image\/\",\"url\":\"https:\/\/rst-steel.com\/wp-content\/uploads\/2025\/02\/cropped-rst-valkoinen-ilman-taustaa-02.png\",\"contentUrl\":\"https:\/\/rst-steel.com\/wp-content\/uploads\/2025\/02\/cropped-rst-valkoinen-ilman-taustaa-02.png\",\"width\":2319,\"height\":690,\"caption\":\"RST-Steel Oy\"},\"image\":{\"@id\":\"https:\/\/rst-steel.com\/#\/schema\/logo\/image\/\"}}]}<\/script>\n<!-- \/ Yoast SEO plugin. -->","yoast_head_json":{"title":"Rear Bar Ford Transit Custom 2023- RST-Steel","description":"High-Quality Rear Bar for Ford Transit Custom 2024- and newe models. Several model options available. Check out this product and get yours today!","robots":{"index":"index","follow":"follow","max-snippet":"max-snippet:-1","max-image-preview":"max-image-preview:large","max-video-preview":"max-video-preview:-1"},"canonical":"https:\/\/rst-steel.com\/nb\/produktkategori\/side-bars-and-side-steps\/rear-corner-bars-for-vans\/ford-rear-corner-bars\/rear-bar-ford-transit-custom-2023\/","og_locale":"nb_NO","og_type":"article","og_title":"Rear Bar Ford Transit Custom 2023- RST-Steel","og_description":"High-Quality Rear Bar for Ford Transit Custom 2024- and newe models. Several model options available. Check out this product and get yours today!","og_url":"https:\/\/rst-steel.com\/nb\/produktkategori\/side-bars-and-side-steps\/rear-corner-bars-for-vans\/ford-rear-corner-bars\/rear-bar-ford-transit-custom-2023\/","og_site_name":"RST-Steel","article_modified_time":"2026-04-28T09:22:41+00:00","og_image":[{"width":1024,"height":1024,"url":"https:\/\/rst-steel.com\/wp-content\/uploads\/2026\/04\/88a1e356f01155fbbf3f78871a2ee7503f07541d_TRA06806_web_2.jpg","type":"image\/jpeg"}],"twitter_card":"summary_large_image","twitter_misc":{"Ansl. lesetid":"1 minutt"},"schema":{"@context":"https:\/\/schema.org","@graph":[{"@type":"WebPage","@id":"https:\/\/rst-steel.com\/product-category\/side-bars-and-side-steps\/rear-corner-bars-for-vans\/ford-rear-corner-bars\/rear-bar-ford-transit-custom-2023\/","url":"https:\/\/rst-steel.com\/product-category\/side-bars-and-side-steps\/rear-corner-bars-for-vans\/ford-rear-corner-bars\/rear-bar-ford-transit-custom-2023\/","name":"Rear Bar Ford Transit Custom 2023- RST-Steel","isPartOf":{"@id":"https:\/\/rst-steel.com\/#website"},"primaryImageOfPage":{"@id":"https:\/\/rst-steel.com\/product-category\/side-bars-and-side-steps\/rear-corner-bars-for-vans\/ford-rear-corner-bars\/rear-bar-ford-transit-custom-2023\/#primaryimage"},"image":{"@id":"https:\/\/rst-steel.com\/product-category\/side-bars-and-side-steps\/rear-corner-bars-for-vans\/ford-rear-corner-bars\/rear-bar-ford-transit-custom-2023\/#primaryimage"},"thumbnailUrl":"https:\/\/rst-steel.com\/wp-content\/uploads\/2026\/04\/88a1e356f01155fbbf3f78871a2ee7503f07541d_TRA06806_web_2.jpg","datePublished":"2026-03-20T09:07:47+00:00","dateModified":"2026-04-28T09:22:41+00:00","description":"High-Quality Rear Bar for Ford Transit Custom 2024- and newe models. Several model options available. Check out this product and get yours today!","breadcrumb":{"@id":"https:\/\/rst-steel.com\/product-category\/side-bars-and-side-steps\/rear-corner-bars-for-vans\/ford-rear-corner-bars\/rear-bar-ford-transit-custom-2023\/#breadcrumb"},"inLanguage":"nb-NO","potentialAction":[{"@type":"ReadAction","target":["https:\/\/rst-steel.com\/product-category\/side-bars-and-side-steps\/rear-corner-bars-for-vans\/ford-rear-corner-bars\/rear-bar-ford-transit-custom-2023\/"]}]},{"@type":"ImageObject","inLanguage":"nb-NO","@id":"https:\/\/rst-steel.com\/product-category\/side-bars-and-side-steps\/rear-corner-bars-for-vans\/ford-rear-corner-bars\/rear-bar-ford-transit-custom-2023\/#primaryimage","url":"https:\/\/rst-steel.com\/wp-content\/uploads\/2026\/04\/88a1e356f01155fbbf3f78871a2ee7503f07541d_TRA06806_web_2.jpg","contentUrl":"https:\/\/rst-steel.com\/wp-content\/uploads\/2026\/04\/88a1e356f01155fbbf3f78871a2ee7503f07541d_TRA06806_web_2.jpg","width":1024,"height":1024,"caption":"TRA06806"},{"@type":"BreadcrumbList","@id":"https:\/\/rst-steel.com\/product-category\/side-bars-and-side-steps\/rear-corner-bars-for-vans\/ford-rear-corner-bars\/rear-bar-ford-transit-custom-2023\/#breadcrumb","itemListElement":[{"@type":"ListItem","position":1,"name":"Home","item":"https:\/\/rst-steel.com\/"},{"@type":"ListItem","position":2,"name":"RST-Steel Verkkokauppa","item":"https:\/\/rst-steel.com\/shop\/"},{"@type":"ListItem","position":3,"name":"Rear Bar Ford Transit Custom 2023-"}]},{"@type":"WebSite","@id":"https:\/\/rst-steel.com\/#website","url":"https:\/\/rst-steel.com\/","name":"RST-Steel Oy - Turvallista, tyylik\u00e4st\u00e4, ter\u00e4st\u00e4","description":"Finsk kvalitet for kvalitetsbevisste sj\u00e5f\u00f8rer","publisher":{"@id":"https:\/\/rst-steel.com\/#organization"},"potentialAction":[{"@type":"SearchAction","target":{"@type":"EntryPoint","urlTemplate":"https:\/\/rst-steel.com\/?s={search_term_string}"},"query-input":{"@type":"PropertyValueSpecification","valueRequired":true,"valueName":"search_term_string"}}],"inLanguage":"nb-NO"},{"@type":"Organization","@id":"https:\/\/rst-steel.com\/#organization","name":"RST-Steel Oy","alternateName":"RST-Steel Oy - Turvallista, tyylik\u00e4st\u00e4, ter\u00e4st\u00e4","url":"https:\/\/rst-steel.com\/","logo":{"@type":"ImageObject","inLanguage":"nb-NO","@id":"https:\/\/rst-steel.com\/#\/schema\/logo\/image\/","url":"https:\/\/rst-steel.com\/wp-content\/uploads\/2025\/02\/cropped-rst-valkoinen-ilman-taustaa-02.png","contentUrl":"https:\/\/rst-steel.com\/wp-content\/uploads\/2025\/02\/cropped-rst-valkoinen-ilman-taustaa-02.png","width":2319,"height":690,"caption":"RST-Steel Oy"},"image":{"@id":"https:\/\/rst-steel.com\/#\/schema\/logo\/image\/"}}]}},"_links":{"self":[{"href":"https:\/\/rst-steel.com\/nb\/wp-json\/wp\/v2\/product\/193879","targetHints":{"allow":["GET"]}}],"collection":[{"href":"https:\/\/rst-steel.com\/nb\/wp-json\/wp\/v2\/product"}],"about":[{"href":"https:\/\/rst-steel.com\/nb\/wp-json\/wp\/v2\/types\/product"}],"version-history":[{"count":2,"href":"https:\/\/rst-steel.com\/nb\/wp-json\/wp\/v2\/product\/193879\/revisions"}],"predecessor-version":[{"id":202014,"href":"https:\/\/rst-steel.com\/nb\/wp-json\/wp\/v2\/product\/193879\/revisions\/202014"}],"wp:featuredmedia":[{"embeddable":true,"href":"https:\/\/rst-steel.com\/nb\/wp-json\/wp\/v2\/media\/202004"}],"wp:attachment":[{"href":"https:\/\/rst-steel.com\/nb\/wp-json\/wp\/v2\/media?parent=193879"}],"wp:term":[{"taxonomy":"make_year","embeddable":true,"href":"https:\/\/rst-steel.com\/nb\/wp-json\/wp\/v2\/make_year?post=193879"},{"taxonomy":"make_brand","embeddable":true,"href":"https:\/\/rst-steel.com\/nb\/wp-json\/wp\/v2\/make_brand?post=193879"},{"taxonomy":"make_model","embeddable":true,"href":"https:\/\/rst-steel.com\/nb\/wp-json\/wp\/v2\/make_model?post=193879"},{"taxonomy":"make_fuel_type","embeddable":true,"href":"https:\/\/rst-steel.com\/nb\/wp-json\/wp\/v2\/make_fuel_type?post=193879"},{"taxonomy":"product_brand","embeddable":true,"href":"https:\/\/rst-steel.com\/nb\/wp-json\/wp\/v2\/product_brand?post=193879"},{"taxonomy":"product_cat","embeddable":true,"href":"https:\/\/rst-steel.com\/nb\/wp-json\/wp\/v2\/product_cat?post=193879"},{"taxonomy":"product_tag","embeddable":true,"href":"https:\/\/rst-steel.com\/nb\/wp-json\/wp\/v2\/product_tag?post=193879"}],"curies":[{"name":"wp","href":"https:\/\/api.w.org\/{rel}","templated":true}]}}