{"id":194031,"date":"2026-03-20T11:10:42","date_gmt":"2026-03-20T09:10:42","guid":{"rendered":"https:\/\/rst-steel.com\/tuote-osasto\/Ei-luokiteltu\/roof-bar-daf-xf-high-cab-2022-short-roof-spoiler-without\/"},"modified":"2026-04-15T09:09:42","modified_gmt":"2026-04-15T06:09:42","slug":"roof-bar-daf-xf-high-cab-2022-short-roof-spoiler-without","status":"publish","type":"product","link":"https:\/\/rst-steel.com\/nb\/produktkategori\/light-bars\/roof-bars-for-trucks\/daf-roof-bars\/roof-bar-daf-xf-high-cab-2022-short-roof-spoiler-without\/","title":{"rendered":"Roof Bar DAF XF High Cab 2022- (short roof spoiler\/without)"},"content":{"rendered":"<p>Roof Bar DAF XF High Cab 2022- (short roof spoiler\/without)<\/p>\n<p><span style=\"font-weight: bold\">Do you need a reliable and stylish solution for mounting auxiliary lights on your truck?<\/span><\/p>\n<p>Our roof bar is designed specifically to meet your needs!<\/p>\n<p>RST-Steel\u2019s roof&nbsp; bars are high-quality products made from stainless steel. The roof bar accentuates the stylish lines of the cab and allows you to install Lazer auxiliary lights for enhanced safety.<\/p>\n<p><span style=\"font-weight: bold\">Note! Fits vehicles which have sun visor and shortest model roof spoiler or without roof soiler!<\/span><\/p>\n<p><span style=\"font-weight: bold\">Features:<\/span><\/p>\n<ul>\n<li>Compatibility: Specifically designed for DAF XF 2023- models with High Cab, ensuring quick and effortless installation.<\/li>\n<li>Materials: Made from durable stainless steel, guaranteeing long service life and excellent weather resistance.<\/li>\n<li>Stylish Design: Polished or painted finish and elegant design enhance the appearance of your truck.<\/li>\n<li>Light Installation: The roof bar easily accommodates multiple auxiliary lights, significantly improving your vehicle\u2019s lighting.<\/li>\n<li>Safety: Enhances visibility in dark and challenging driving conditions, increasing safety for both the driver and other road users.<\/li>\n<\/ul>\n<p><span style=\"font-weight: bold\">Why Choose RST-Steel?<\/span><\/p>\n<ul>\n<li>Reliability: Years of experience and expertise ensure the high quality and durability of our products.<\/li>\n<li>Customer Satisfaction: Thousands of satisfied customers worldwide trust RST-Steel products.<\/li>\n<\/ul>\n<p><span style=\"font-weight: bold\">Tekniske spesifikasjoner:<\/span><\/p>\n<ul>\n<li>Color: Mirror-polished stainless steel or Powdercoated with RAL colors<\/li>\n<li>Pipe Diameter: 60 mm<\/li>\n<li>4 pcs. Lamp brackets<\/li>\n<\/ul>\n<p><span style=\"font-weight: bold\">Package Includes:<\/span><\/p>\n<ul>\n<li>Roof Bar<\/li>\n<li>Mounting brackets required for installation<\/li>\n<li>Installation instructions<\/li>\n<\/ul>\n<p><span style=\"font-weight: bold\">Buy now and enhance visibility and safety with a high-quality roof bar!<\/span><\/p>\n<p>Get the roof bar for DAF XF 2022- models today and elevate the functionality and appearance of your truck to a new level! Order now from RST-Steel online store and take advantage of fast delivery.<\/p>\n<p><span style=\"font-weight: bold\">RST-Steel \u2013 Your reliable partner on the road<\/span><\/p>","protected":false},"excerpt":{"rendered":"<p>Roof Bar DAF XF High Cab 2022- (short roof spoiler\/without) Do you need a reliable and stylish solution for mounting&#8230;<\/p>","protected":false},"featured_media":194030,"template":"","meta":[],"make_year":[10907],"make_brand":[10913],"make_model":[10944],"make_fuel_type":[],"product_brand":[9443],"product_cat":[10513,10508,10515,10509],"product_tag":[],"class_list":{"0":"post-194031","1":"product","2":"type-product","3":"status-publish","4":"has-post-thumbnail","6":"make_year-trucks","7":"make_brand-daf","8":"make_model-xf-2021","9":"product_brand-brand_rststeel","10":"product_cat-daf-roof-bars","11":"product_cat-light-bars","12":"product_cat-man-roof-bars","13":"product_cat-roof-bars-for-trucks","14":"product_shipping_class-lightbars","16":"first","17":"instock","18":"taxable","19":"shipping-taxable","20":"purchasable","21":"product-type-variable"},"yoast_head":"<!-- This site is optimized with the Yoast SEO plugin v27.1.1 - https:\/\/yoast.com\/product\/yoast-seo-wordpress\/ -->\n<title>Roof Bar DAF XF High Cab 2022- (short roof spoiler\/without) - RST-Steel<\/title>\n<meta name=\"description\" content=\"Roof Bar DAF XF 2022- models with high cab and short foor spoiler \/ without. Buy now and enhance visibility and safety with a high-quality roof bar!\" \/>\n<meta name=\"robots\" content=\"index, follow, max-snippet:-1, max-image-preview:large, max-video-preview:-1\" \/>\n<link rel=\"canonical\" href=\"https:\/\/rst-steel.com\/nb\/produktkategori\/light-bars\/roof-bars-for-trucks\/daf-roof-bars\/roof-bar-daf-xf-high-cab-2022-short-roof-spoiler-without\/\" \/>\n<meta property=\"og:locale\" content=\"nb_NO\" \/>\n<meta property=\"og:type\" content=\"article\" \/>\n<meta property=\"og:title\" content=\"Roof Bar DAF XF High Cab 2022- (short roof spoiler\/without) - RST-Steel\" \/>\n<meta property=\"og:description\" content=\"Roof Bar DAF XF 2022- models with high cab and short foor spoiler \/ without. Buy now and enhance visibility and safety with a high-quality roof bar!\" \/>\n<meta property=\"og:url\" content=\"https:\/\/rst-steel.com\/nb\/produktkategori\/light-bars\/roof-bars-for-trucks\/daf-roof-bars\/roof-bar-daf-xf-high-cab-2022-short-roof-spoiler-without\/\" \/>\n<meta property=\"og:site_name\" content=\"RST-Steel\" \/>\n<meta property=\"article:modified_time\" content=\"2026-04-15T06:09:42+00:00\" \/>\n<meta property=\"og:image\" content=\"https:\/\/rst-steel.com\/wp-content\/uploads\/2026\/03\/b2f72158b5a0cf7b6f4d48350ab7a860a1526603_9c14f18abc18d01489cd58f57dcb9dbc.png\" \/>\n\t<meta property=\"og:image:width\" content=\"1350\" \/>\n\t<meta property=\"og:image:height\" content=\"1080\" \/>\n\t<meta property=\"og:image:type\" content=\"image\/png\" \/>\n<meta name=\"twitter:card\" content=\"summary_large_image\" \/>\n<meta name=\"twitter:label1\" content=\"Ansl. lesetid\" \/>\n\t<meta name=\"twitter:data1\" content=\"2 minutter\" \/>\n<script type=\"application\/ld+json\" class=\"yoast-schema-graph\">{\"@context\":\"https:\/\/schema.org\",\"@graph\":[{\"@type\":\"WebPage\",\"@id\":\"https:\/\/rst-steel.com\/product-category\/light-bars\/roof-bars-for-trucks\/daf-roof-bars\/roof-bar-daf-xf-high-cab-2022-short-roof-spoiler-without\/\",\"url\":\"https:\/\/rst-steel.com\/product-category\/light-bars\/roof-bars-for-trucks\/daf-roof-bars\/roof-bar-daf-xf-high-cab-2022-short-roof-spoiler-without\/\",\"name\":\"Roof Bar DAF XF High Cab 2022- (short roof spoiler\/without) - RST-Steel\",\"isPartOf\":{\"@id\":\"https:\/\/rst-steel.com\/#website\"},\"primaryImageOfPage\":{\"@id\":\"https:\/\/rst-steel.com\/product-category\/light-bars\/roof-bars-for-trucks\/daf-roof-bars\/roof-bar-daf-xf-high-cab-2022-short-roof-spoiler-without\/#primaryimage\"},\"image\":{\"@id\":\"https:\/\/rst-steel.com\/product-category\/light-bars\/roof-bars-for-trucks\/daf-roof-bars\/roof-bar-daf-xf-high-cab-2022-short-roof-spoiler-without\/#primaryimage\"},\"thumbnailUrl\":\"https:\/\/rst-steel.com\/wp-content\/uploads\/2026\/03\/b2f72158b5a0cf7b6f4d48350ab7a860a1526603_9c14f18abc18d01489cd58f57dcb9dbc.png\",\"datePublished\":\"2026-03-20T09:10:42+00:00\",\"dateModified\":\"2026-04-15T06:09:42+00:00\",\"description\":\"Roof Bar DAF XF 2022- models with high cab and short foor spoiler \/ without. Buy now and enhance visibility and safety with a high-quality roof bar!\",\"breadcrumb\":{\"@id\":\"https:\/\/rst-steel.com\/product-category\/light-bars\/roof-bars-for-trucks\/daf-roof-bars\/roof-bar-daf-xf-high-cab-2022-short-roof-spoiler-without\/#breadcrumb\"},\"inLanguage\":\"nb-NO\",\"potentialAction\":[{\"@type\":\"ReadAction\",\"target\":[\"https:\/\/rst-steel.com\/product-category\/light-bars\/roof-bars-for-trucks\/daf-roof-bars\/roof-bar-daf-xf-high-cab-2022-short-roof-spoiler-without\/\"]}]},{\"@type\":\"ImageObject\",\"inLanguage\":\"nb-NO\",\"@id\":\"https:\/\/rst-steel.com\/product-category\/light-bars\/roof-bars-for-trucks\/daf-roof-bars\/roof-bar-daf-xf-high-cab-2022-short-roof-spoiler-without\/#primaryimage\",\"url\":\"https:\/\/rst-steel.com\/wp-content\/uploads\/2026\/03\/b2f72158b5a0cf7b6f4d48350ab7a860a1526603_9c14f18abc18d01489cd58f57dcb9dbc.png\",\"contentUrl\":\"https:\/\/rst-steel.com\/wp-content\/uploads\/2026\/03\/b2f72158b5a0cf7b6f4d48350ab7a860a1526603_9c14f18abc18d01489cd58f57dcb9dbc.png\",\"width\":1350,\"height\":1080,\"caption\":\"prm_75066\"},{\"@type\":\"BreadcrumbList\",\"@id\":\"https:\/\/rst-steel.com\/product-category\/light-bars\/roof-bars-for-trucks\/daf-roof-bars\/roof-bar-daf-xf-high-cab-2022-short-roof-spoiler-without\/#breadcrumb\",\"itemListElement\":[{\"@type\":\"ListItem\",\"position\":1,\"name\":\"Home\",\"item\":\"https:\/\/rst-steel.com\/\"},{\"@type\":\"ListItem\",\"position\":2,\"name\":\"RST-Steel Verkkokauppa\",\"item\":\"https:\/\/rst-steel.com\/shop\/\"},{\"@type\":\"ListItem\",\"position\":3,\"name\":\"Roof Bar DAF XF High Cab 2022- (short roof spoiler\/without)\"}]},{\"@type\":\"WebSite\",\"@id\":\"https:\/\/rst-steel.com\/#website\",\"url\":\"https:\/\/rst-steel.com\/\",\"name\":\"RST-Steel Oy - Turvallista, tyylik\u00e4st\u00e4, ter\u00e4st\u00e4\",\"description\":\"Finnish quality for discerning drivers\",\"publisher\":{\"@id\":\"https:\/\/rst-steel.com\/#organization\"},\"potentialAction\":[{\"@type\":\"SearchAction\",\"target\":{\"@type\":\"EntryPoint\",\"urlTemplate\":\"https:\/\/rst-steel.com\/?s={search_term_string}\"},\"query-input\":{\"@type\":\"PropertyValueSpecification\",\"valueRequired\":true,\"valueName\":\"search_term_string\"}}],\"inLanguage\":\"nb-NO\"},{\"@type\":\"Organization\",\"@id\":\"https:\/\/rst-steel.com\/#organization\",\"name\":\"RST-Steel Oy\",\"alternateName\":\"RST-Steel Oy - Turvallista, tyylik\u00e4st\u00e4, ter\u00e4st\u00e4\",\"url\":\"https:\/\/rst-steel.com\/\",\"logo\":{\"@type\":\"ImageObject\",\"inLanguage\":\"nb-NO\",\"@id\":\"https:\/\/rst-steel.com\/#\/schema\/logo\/image\/\",\"url\":\"https:\/\/rst-steel.com\/wp-content\/uploads\/2025\/02\/cropped-rst-valkoinen-ilman-taustaa-02.png\",\"contentUrl\":\"https:\/\/rst-steel.com\/wp-content\/uploads\/2025\/02\/cropped-rst-valkoinen-ilman-taustaa-02.png\",\"width\":2319,\"height\":690,\"caption\":\"RST-Steel Oy\"},\"image\":{\"@id\":\"https:\/\/rst-steel.com\/#\/schema\/logo\/image\/\"}}]}<\/script>\n<!-- \/ Yoast SEO plugin. -->","yoast_head_json":{"title":"Roof Bar DAF XF High Cab 2022- (short roof spoiler\/without) - RST-Steel","description":"Roof Bar DAF XF 2022- models with high cab and short foor spoiler \/ without. Buy now and enhance visibility and safety with a high-quality roof bar!","robots":{"index":"index","follow":"follow","max-snippet":"max-snippet:-1","max-image-preview":"max-image-preview:large","max-video-preview":"max-video-preview:-1"},"canonical":"https:\/\/rst-steel.com\/nb\/produktkategori\/light-bars\/roof-bars-for-trucks\/daf-roof-bars\/roof-bar-daf-xf-high-cab-2022-short-roof-spoiler-without\/","og_locale":"nb_NO","og_type":"article","og_title":"Roof Bar DAF XF High Cab 2022- (short roof spoiler\/without) - RST-Steel","og_description":"Roof Bar DAF XF 2022- models with high cab and short foor spoiler \/ without. Buy now and enhance visibility and safety with a high-quality roof bar!","og_url":"https:\/\/rst-steel.com\/nb\/produktkategori\/light-bars\/roof-bars-for-trucks\/daf-roof-bars\/roof-bar-daf-xf-high-cab-2022-short-roof-spoiler-without\/","og_site_name":"RST-Steel","article_modified_time":"2026-04-15T06:09:42+00:00","og_image":[{"width":1350,"height":1080,"url":"https:\/\/rst-steel.com\/wp-content\/uploads\/2026\/03\/b2f72158b5a0cf7b6f4d48350ab7a860a1526603_9c14f18abc18d01489cd58f57dcb9dbc.png","type":"image\/png"}],"twitter_card":"summary_large_image","twitter_misc":{"Ansl. lesetid":"2 minutter"},"schema":{"@context":"https:\/\/schema.org","@graph":[{"@type":"WebPage","@id":"https:\/\/rst-steel.com\/product-category\/light-bars\/roof-bars-for-trucks\/daf-roof-bars\/roof-bar-daf-xf-high-cab-2022-short-roof-spoiler-without\/","url":"https:\/\/rst-steel.com\/product-category\/light-bars\/roof-bars-for-trucks\/daf-roof-bars\/roof-bar-daf-xf-high-cab-2022-short-roof-spoiler-without\/","name":"Roof Bar DAF XF High Cab 2022- (short roof spoiler\/without) - RST-Steel","isPartOf":{"@id":"https:\/\/rst-steel.com\/#website"},"primaryImageOfPage":{"@id":"https:\/\/rst-steel.com\/product-category\/light-bars\/roof-bars-for-trucks\/daf-roof-bars\/roof-bar-daf-xf-high-cab-2022-short-roof-spoiler-without\/#primaryimage"},"image":{"@id":"https:\/\/rst-steel.com\/product-category\/light-bars\/roof-bars-for-trucks\/daf-roof-bars\/roof-bar-daf-xf-high-cab-2022-short-roof-spoiler-without\/#primaryimage"},"thumbnailUrl":"https:\/\/rst-steel.com\/wp-content\/uploads\/2026\/03\/b2f72158b5a0cf7b6f4d48350ab7a860a1526603_9c14f18abc18d01489cd58f57dcb9dbc.png","datePublished":"2026-03-20T09:10:42+00:00","dateModified":"2026-04-15T06:09:42+00:00","description":"Roof Bar DAF XF 2022- models with high cab and short foor spoiler \/ without. Buy now and enhance visibility and safety with a high-quality roof bar!","breadcrumb":{"@id":"https:\/\/rst-steel.com\/product-category\/light-bars\/roof-bars-for-trucks\/daf-roof-bars\/roof-bar-daf-xf-high-cab-2022-short-roof-spoiler-without\/#breadcrumb"},"inLanguage":"nb-NO","potentialAction":[{"@type":"ReadAction","target":["https:\/\/rst-steel.com\/product-category\/light-bars\/roof-bars-for-trucks\/daf-roof-bars\/roof-bar-daf-xf-high-cab-2022-short-roof-spoiler-without\/"]}]},{"@type":"ImageObject","inLanguage":"nb-NO","@id":"https:\/\/rst-steel.com\/product-category\/light-bars\/roof-bars-for-trucks\/daf-roof-bars\/roof-bar-daf-xf-high-cab-2022-short-roof-spoiler-without\/#primaryimage","url":"https:\/\/rst-steel.com\/wp-content\/uploads\/2026\/03\/b2f72158b5a0cf7b6f4d48350ab7a860a1526603_9c14f18abc18d01489cd58f57dcb9dbc.png","contentUrl":"https:\/\/rst-steel.com\/wp-content\/uploads\/2026\/03\/b2f72158b5a0cf7b6f4d48350ab7a860a1526603_9c14f18abc18d01489cd58f57dcb9dbc.png","width":1350,"height":1080,"caption":"prm_75066"},{"@type":"BreadcrumbList","@id":"https:\/\/rst-steel.com\/product-category\/light-bars\/roof-bars-for-trucks\/daf-roof-bars\/roof-bar-daf-xf-high-cab-2022-short-roof-spoiler-without\/#breadcrumb","itemListElement":[{"@type":"ListItem","position":1,"name":"Home","item":"https:\/\/rst-steel.com\/"},{"@type":"ListItem","position":2,"name":"RST-Steel Verkkokauppa","item":"https:\/\/rst-steel.com\/shop\/"},{"@type":"ListItem","position":3,"name":"Roof Bar DAF XF High Cab 2022- (short roof spoiler\/without)"}]},{"@type":"WebSite","@id":"https:\/\/rst-steel.com\/#website","url":"https:\/\/rst-steel.com\/","name":"RST-Steel Oy - Turvallista, tyylik\u00e4st\u00e4, ter\u00e4st\u00e4","description":"Finsk kvalitet for kvalitetsbevisste sj\u00e5f\u00f8rer","publisher":{"@id":"https:\/\/rst-steel.com\/#organization"},"potentialAction":[{"@type":"SearchAction","target":{"@type":"EntryPoint","urlTemplate":"https:\/\/rst-steel.com\/?s={search_term_string}"},"query-input":{"@type":"PropertyValueSpecification","valueRequired":true,"valueName":"search_term_string"}}],"inLanguage":"nb-NO"},{"@type":"Organization","@id":"https:\/\/rst-steel.com\/#organization","name":"Administrer alternativer","alternateName":"RST-Steel Oy - Turvallista, tyylik\u00e4st\u00e4, ter\u00e4st\u00e4","url":"https:\/\/rst-steel.com\/","logo":{"@type":"ImageObject","inLanguage":"nb-NO","@id":"https:\/\/rst-steel.com\/#\/schema\/logo\/image\/","url":"https:\/\/rst-steel.com\/wp-content\/uploads\/2025\/02\/cropped-rst-valkoinen-ilman-taustaa-02.png","contentUrl":"https:\/\/rst-steel.com\/wp-content\/uploads\/2025\/02\/cropped-rst-valkoinen-ilman-taustaa-02.png","width":2319,"height":690,"caption":"RST-Steel Oy"},"image":{"@id":"https:\/\/rst-steel.com\/#\/schema\/logo\/image\/"}}]}},"_links":{"self":[{"href":"https:\/\/rst-steel.com\/nb\/wp-json\/wp\/v2\/product\/194031","targetHints":{"allow":["GET"]}}],"collection":[{"href":"https:\/\/rst-steel.com\/nb\/wp-json\/wp\/v2\/product"}],"about":[{"href":"https:\/\/rst-steel.com\/nb\/wp-json\/wp\/v2\/types\/product"}],"version-history":[{"count":1,"href":"https:\/\/rst-steel.com\/nb\/wp-json\/wp\/v2\/product\/194031\/revisions"}],"predecessor-version":[{"id":198926,"href":"https:\/\/rst-steel.com\/nb\/wp-json\/wp\/v2\/product\/194031\/revisions\/198926"}],"wp:featuredmedia":[{"embeddable":true,"href":"https:\/\/rst-steel.com\/nb\/wp-json\/wp\/v2\/media\/194030"}],"wp:attachment":[{"href":"https:\/\/rst-steel.com\/nb\/wp-json\/wp\/v2\/media?parent=194031"}],"wp:term":[{"taxonomy":"make_year","embeddable":true,"href":"https:\/\/rst-steel.com\/nb\/wp-json\/wp\/v2\/make_year?post=194031"},{"taxonomy":"make_brand","embeddable":true,"href":"https:\/\/rst-steel.com\/nb\/wp-json\/wp\/v2\/make_brand?post=194031"},{"taxonomy":"make_model","embeddable":true,"href":"https:\/\/rst-steel.com\/nb\/wp-json\/wp\/v2\/make_model?post=194031"},{"taxonomy":"make_fuel_type","embeddable":true,"href":"https:\/\/rst-steel.com\/nb\/wp-json\/wp\/v2\/make_fuel_type?post=194031"},{"taxonomy":"product_brand","embeddable":true,"href":"https:\/\/rst-steel.com\/nb\/wp-json\/wp\/v2\/product_brand?post=194031"},{"taxonomy":"product_cat","embeddable":true,"href":"https:\/\/rst-steel.com\/nb\/wp-json\/wp\/v2\/product_cat?post=194031"},{"taxonomy":"product_tag","embeddable":true,"href":"https:\/\/rst-steel.com\/nb\/wp-json\/wp\/v2\/product_tag?post=194031"}],"curies":[{"name":"wp","href":"https:\/\/api.w.org\/{rel}","templated":true}]}}