{"id":194075,"date":"2026-03-20T11:11:29","date_gmt":"2026-03-20T09:11:29","guid":{"rendered":"https:\/\/rst-steel.com\/tuote-osasto\/Ei-luokiteltu\/lazer-grille-kit-mb-vito-2024-triple-r-750\/"},"modified":"2026-04-17T08:57:14","modified_gmt":"2026-04-17T05:57:14","slug":"lazer-grille-kit-mb-vito-2024-triple-r-750","status":"publish","type":"product","link":"https:\/\/rst-steel.com\/nb\/produktkategori\/lighting\/auxiliary-lights\/lazer-vehicle-specific-driving-light-kits\/lazer-grille-kit-mb-vito-2024-triple-r-750\/","title":{"rendered":"Lazer Grille Kit MB Vito 2024- (Triple-R 750)"},"content":{"rendered":"<p>Lazer Grille Kit MB Vito 2024- (Triple-R 750)<\/p>\n<p>Lazer Grille Integration Kits include bespoke mounting brackets which allow for quick and easy fitting of Lazer High Performance LED Spotlights within the front grille of the most popular road cars, pick-up trucks, and light commercial vehicles.<\/p>\n<p>Designed to blend seamlessly within the original styling of each vehicle, the resulting lighting setup remains fully robust and secure, with extra protection against theft.<\/p>\n<p>The Vito kit, designed for 2024- vehicles onwards, includes a pair of Triple-R 750 High Performance LED driving lights, plus wiring kit, alongside 4x brackets precision-engineered to engage perfectly with the standard centre grille on the vehicle.&nbsp;<\/p>\n<p><span style=\"font-weight: bold\">NOTE<\/span>! Installing the set requires the removal of a small part from the grille and behind it. The work is easier if the vehicle&#8217;s bumper is temporarily removed.<\/p>\n<p><span style=\"font-weight: bold\">Product Features:<\/span><\/p>\n<ul>\n<li>Custom fit for Mercedes-Benz Vito 2024- models<\/li>\n<li>Designed for use with Triple-R 750 High Performance LED Spotlights<\/li>\n<li>Added option for white or amber position\/side light function (Standard model only)<\/li>\n<li>Kit also includes bespoke mounting brackets and two-lamp wiring kit<\/li>\n<li>Brackets made from high strength, UV-stable, composite material<\/li>\n<li>Installation completed with grille left in-situ on vehicle<\/li>\n<li>Fully road-legal<\/li>\n<li>5-year warranty<\/li>\n<\/ul>\n<p><span style=\"font-weight: bold\">Technical Specifications: Elite \/ STD \/ Wide\/Beacon<\/span><\/p>\n<ul>\n<li>Voltage range: 10-32V<\/li>\n<li>Weight: 3 Kg<\/li>\n<li>Total luminous: 10136 Lm \/ 9240 Lm \/ 9240 Lm \/ 10800Lm<\/li>\n<li>Colour temperature: 5000K<\/li>\n<li>Power consumption: 104 W \/ 88 W \/ 88 W \/ 104 W<\/li>\n<li>Current draw: 7,2A \/ 6,2A \/ 6,2A \/ 7,4A<\/li>\n<li>High beam (E9 approval): ECE R112 \/ ECE R112 \/ ECE R149 \/ ECE R149<\/li>\n<li>Reference: 12,5 x 2 (E-mode) \/ 35 x 2 \/ 20 x 2 \/ 10 x 2&nbsp;<\/li>\n<li>Position light: No \/ Yes \/ No \/ Yes<\/li>\n<\/ul>\n<p><span style=\"font-weight: bold\">Photometric data:<\/span><\/p>\n<ul>\n<li>Horisontal \/ Vertical beam angle : 42\u00b0\/13\u00b0&nbsp; \/ 19\u00b0\/18\u00b0&nbsp;\/ 40\u00b0\/20\u00b0 \/&nbsp;28\u00b0\/16\u00b0<\/li>\n<li>0,25 Lux: 1358m \/ 1225m \/ 829m \/ 1249m<\/li>\n<li>0,5 Lux: 960m \/ 866m \/ 587m \/ 883m<\/li>\n<li>1 Lux: 679m \/ 612m \/ 415m \/ 624m<\/li>\n<li>3 Lux: 392m \/ 354m \/ 239m \/ 361m<\/li>\n<\/ul>\n<p><span style=\"font-weight: bold\">What&#8217;s Included:<\/span><\/p>\n<ul>\n<li>Grille Mounting Kit<\/li>\n<li>2x Triple-R 750 LED Lamps<\/li>\n<li>Two-Lamps Wiring Kit<\/li>\n<li>Installation Instructions<\/li>\n<\/ul>","protected":false},"excerpt":{"rendered":"<p>Lazer Grille Kit MB Vito 2024- (Triple-R 750) Lazer Grille Integration Kits include bespoke mounting brackets which allow for quick&#8230;<\/p>","protected":false},"featured_media":194071,"template":"","meta":[],"make_year":[10908],"make_brand":[10928],"make_model":[10952],"make_fuel_type":[],"product_brand":[9442],"product_cat":[10604,10620,10603],"product_tag":[],"class_list":{"0":"post-194075","1":"product","2":"type-product","3":"status-publish","4":"has-post-thumbnail","6":"make_year-van","7":"make_brand-mb-van","8":"make_model-vito-facelift-2","9":"make_engine-vito-l1-h1-akselivali-3200mm","10":"make_engine-vito-l2-h1-akselivali-3200mm","11":"make_engine-vito-l3-h1-akselivali-3430mm","12":"product_brand-brand_lazer_lamps","13":"product_cat-auxiliary-lights","14":"product_cat-lazer-vehicle-specific-driving-light-kits","15":"product_cat-lighting","17":"first","18":"instock","19":"taxable","20":"shipping-taxable","21":"purchasable","22":"product-type-variable"},"yoast_head":"<!-- This site is optimized with the Yoast SEO plugin v27.1.1 - https:\/\/yoast.com\/product\/yoast-seo-wordpress\/ -->\n<title>Lazer Grille Kit MB Vito 2024- (Triple-R 750) - RST-Steel<\/title>\n<meta name=\"description\" content=\"Lazer Grille Kit MB Vito 2024 and newer models with Triple-R 750 auxiliary lights. Kit also includes bespoke mounting brackets and two-lamp wiring kit.\" \/>\n<meta name=\"robots\" content=\"index, follow, max-snippet:-1, max-image-preview:large, max-video-preview:-1\" \/>\n<link rel=\"canonical\" href=\"https:\/\/rst-steel.com\/nb\/produktkategori\/lighting\/auxiliary-lights\/lazer-vehicle-specific-driving-light-kits\/lazer-grille-kit-mb-vito-2024-triple-r-750\/\" \/>\n<meta property=\"og:locale\" content=\"nb_NO\" \/>\n<meta property=\"og:type\" content=\"article\" \/>\n<meta property=\"og:title\" content=\"Lazer Grille Kit MB Vito 2024- (Triple-R 750) - RST-Steel\" \/>\n<meta property=\"og:description\" content=\"Lazer Grille Kit MB Vito 2024 and newer models with Triple-R 750 auxiliary lights. Kit also includes bespoke mounting brackets and two-lamp wiring kit.\" \/>\n<meta property=\"og:url\" content=\"https:\/\/rst-steel.com\/nb\/produktkategori\/lighting\/auxiliary-lights\/lazer-vehicle-specific-driving-light-kits\/lazer-grille-kit-mb-vito-2024-triple-r-750\/\" \/>\n<meta property=\"og:site_name\" content=\"RST-Steel\" \/>\n<meta property=\"article:modified_time\" content=\"2026-04-17T05:57:14+00:00\" \/>\n<meta property=\"og:image\" content=\"https:\/\/rst-steel.com\/wp-content\/uploads\/2026\/03\/447605e9aeaa051ba4307600353971e517ed9cc1_321d27a579c442b6a6a059fedfc1c2d2.jpg\" \/>\n\t<meta property=\"og:image:width\" content=\"1000\" \/>\n\t<meta property=\"og:image:height\" content=\"750\" \/>\n\t<meta property=\"og:image:type\" content=\"image\/jpeg\" \/>\n<meta name=\"twitter:card\" content=\"summary_large_image\" \/>\n<meta name=\"twitter:label1\" content=\"Ansl. lesetid\" \/>\n\t<meta name=\"twitter:data1\" content=\"2 minutter\" \/>\n<script type=\"application\/ld+json\" class=\"yoast-schema-graph\">{\"@context\":\"https:\/\/schema.org\",\"@graph\":[{\"@type\":\"WebPage\",\"@id\":\"https:\/\/rst-steel.com\/product-category\/lighting\/auxiliary-lights\/lazer-vehicle-specific-driving-light-kits\/lazer-grille-kit-mb-vito-2024-triple-r-750\/\",\"url\":\"https:\/\/rst-steel.com\/product-category\/lighting\/auxiliary-lights\/lazer-vehicle-specific-driving-light-kits\/lazer-grille-kit-mb-vito-2024-triple-r-750\/\",\"name\":\"Lazer Grille Kit MB Vito 2024- (Triple-R 750) - RST-Steel\",\"isPartOf\":{\"@id\":\"https:\/\/rst-steel.com\/#website\"},\"primaryImageOfPage\":{\"@id\":\"https:\/\/rst-steel.com\/product-category\/lighting\/auxiliary-lights\/lazer-vehicle-specific-driving-light-kits\/lazer-grille-kit-mb-vito-2024-triple-r-750\/#primaryimage\"},\"image\":{\"@id\":\"https:\/\/rst-steel.com\/product-category\/lighting\/auxiliary-lights\/lazer-vehicle-specific-driving-light-kits\/lazer-grille-kit-mb-vito-2024-triple-r-750\/#primaryimage\"},\"thumbnailUrl\":\"https:\/\/rst-steel.com\/wp-content\/uploads\/2026\/03\/447605e9aeaa051ba4307600353971e517ed9cc1_321d27a579c442b6a6a059fedfc1c2d2.jpg\",\"datePublished\":\"2026-03-20T09:11:29+00:00\",\"dateModified\":\"2026-04-17T05:57:14+00:00\",\"description\":\"Lazer Grille Kit MB Vito 2024 and newer models with Triple-R 750 auxiliary lights. Kit also includes bespoke mounting brackets and two-lamp wiring kit.\",\"breadcrumb\":{\"@id\":\"https:\/\/rst-steel.com\/product-category\/lighting\/auxiliary-lights\/lazer-vehicle-specific-driving-light-kits\/lazer-grille-kit-mb-vito-2024-triple-r-750\/#breadcrumb\"},\"inLanguage\":\"nb-NO\",\"potentialAction\":[{\"@type\":\"ReadAction\",\"target\":[\"https:\/\/rst-steel.com\/product-category\/lighting\/auxiliary-lights\/lazer-vehicle-specific-driving-light-kits\/lazer-grille-kit-mb-vito-2024-triple-r-750\/\"]}]},{\"@type\":\"ImageObject\",\"inLanguage\":\"nb-NO\",\"@id\":\"https:\/\/rst-steel.com\/product-category\/lighting\/auxiliary-lights\/lazer-vehicle-specific-driving-light-kits\/lazer-grille-kit-mb-vito-2024-triple-r-750\/#primaryimage\",\"url\":\"https:\/\/rst-steel.com\/wp-content\/uploads\/2026\/03\/447605e9aeaa051ba4307600353971e517ed9cc1_321d27a579c442b6a6a059fedfc1c2d2.jpg\",\"contentUrl\":\"https:\/\/rst-steel.com\/wp-content\/uploads\/2026\/03\/447605e9aeaa051ba4307600353971e517ed9cc1_321d27a579c442b6a6a059fedfc1c2d2.jpg\",\"width\":1000,\"height\":750,\"caption\":\"prm_75113\"},{\"@type\":\"BreadcrumbList\",\"@id\":\"https:\/\/rst-steel.com\/product-category\/lighting\/auxiliary-lights\/lazer-vehicle-specific-driving-light-kits\/lazer-grille-kit-mb-vito-2024-triple-r-750\/#breadcrumb\",\"itemListElement\":[{\"@type\":\"ListItem\",\"position\":1,\"name\":\"Home\",\"item\":\"https:\/\/rst-steel.com\/\"},{\"@type\":\"ListItem\",\"position\":2,\"name\":\"RST-Steel Verkkokauppa\",\"item\":\"https:\/\/rst-steel.com\/shop\/\"},{\"@type\":\"ListItem\",\"position\":3,\"name\":\"Lazer Grille Kit MB Vito 2024- (Triple-R 750)\"}]},{\"@type\":\"WebSite\",\"@id\":\"https:\/\/rst-steel.com\/#website\",\"url\":\"https:\/\/rst-steel.com\/\",\"name\":\"RST-Steel Oy - Turvallista, tyylik\u00e4st\u00e4, ter\u00e4st\u00e4\",\"description\":\"Finnish quality for discerning drivers\",\"publisher\":{\"@id\":\"https:\/\/rst-steel.com\/#organization\"},\"potentialAction\":[{\"@type\":\"SearchAction\",\"target\":{\"@type\":\"EntryPoint\",\"urlTemplate\":\"https:\/\/rst-steel.com\/?s={search_term_string}\"},\"query-input\":{\"@type\":\"PropertyValueSpecification\",\"valueRequired\":true,\"valueName\":\"search_term_string\"}}],\"inLanguage\":\"nb-NO\"},{\"@type\":\"Organization\",\"@id\":\"https:\/\/rst-steel.com\/#organization\",\"name\":\"RST-Steel Oy\",\"alternateName\":\"RST-Steel Oy - Turvallista, tyylik\u00e4st\u00e4, ter\u00e4st\u00e4\",\"url\":\"https:\/\/rst-steel.com\/\",\"logo\":{\"@type\":\"ImageObject\",\"inLanguage\":\"nb-NO\",\"@id\":\"https:\/\/rst-steel.com\/#\/schema\/logo\/image\/\",\"url\":\"https:\/\/rst-steel.com\/wp-content\/uploads\/2025\/02\/cropped-rst-valkoinen-ilman-taustaa-02.png\",\"contentUrl\":\"https:\/\/rst-steel.com\/wp-content\/uploads\/2025\/02\/cropped-rst-valkoinen-ilman-taustaa-02.png\",\"width\":2319,\"height\":690,\"caption\":\"RST-Steel Oy\"},\"image\":{\"@id\":\"https:\/\/rst-steel.com\/#\/schema\/logo\/image\/\"}}]}<\/script>\n<!-- \/ Yoast SEO plugin. -->","yoast_head_json":{"title":"Lazer Grille Kit MB Vito 2024- (Triple-R 750) - RST-Steel","description":"Lazer Grille Kit MB Vito 2024 and newer models with Triple-R 750 auxiliary lights. Kit also includes bespoke mounting brackets and two-lamp wiring kit.","robots":{"index":"index","follow":"follow","max-snippet":"max-snippet:-1","max-image-preview":"max-image-preview:large","max-video-preview":"max-video-preview:-1"},"canonical":"https:\/\/rst-steel.com\/nb\/produktkategori\/lighting\/auxiliary-lights\/lazer-vehicle-specific-driving-light-kits\/lazer-grille-kit-mb-vito-2024-triple-r-750\/","og_locale":"nb_NO","og_type":"article","og_title":"Lazer Grille Kit MB Vito 2024- (Triple-R 750) - RST-Steel","og_description":"Lazer Grille Kit MB Vito 2024 and newer models with Triple-R 750 auxiliary lights. Kit also includes bespoke mounting brackets and two-lamp wiring kit.","og_url":"https:\/\/rst-steel.com\/nb\/produktkategori\/lighting\/auxiliary-lights\/lazer-vehicle-specific-driving-light-kits\/lazer-grille-kit-mb-vito-2024-triple-r-750\/","og_site_name":"RST-Steel","article_modified_time":"2026-04-17T05:57:14+00:00","og_image":[{"width":1000,"height":750,"url":"https:\/\/rst-steel.com\/wp-content\/uploads\/2026\/03\/447605e9aeaa051ba4307600353971e517ed9cc1_321d27a579c442b6a6a059fedfc1c2d2.jpg","type":"image\/jpeg"}],"twitter_card":"summary_large_image","twitter_misc":{"Ansl. lesetid":"2 minutter"},"schema":{"@context":"https:\/\/schema.org","@graph":[{"@type":"WebPage","@id":"https:\/\/rst-steel.com\/product-category\/lighting\/auxiliary-lights\/lazer-vehicle-specific-driving-light-kits\/lazer-grille-kit-mb-vito-2024-triple-r-750\/","url":"https:\/\/rst-steel.com\/product-category\/lighting\/auxiliary-lights\/lazer-vehicle-specific-driving-light-kits\/lazer-grille-kit-mb-vito-2024-triple-r-750\/","name":"Lazer Grille Kit MB Vito 2024- (Triple-R 750) - RST-Steel","isPartOf":{"@id":"https:\/\/rst-steel.com\/#website"},"primaryImageOfPage":{"@id":"https:\/\/rst-steel.com\/product-category\/lighting\/auxiliary-lights\/lazer-vehicle-specific-driving-light-kits\/lazer-grille-kit-mb-vito-2024-triple-r-750\/#primaryimage"},"image":{"@id":"https:\/\/rst-steel.com\/product-category\/lighting\/auxiliary-lights\/lazer-vehicle-specific-driving-light-kits\/lazer-grille-kit-mb-vito-2024-triple-r-750\/#primaryimage"},"thumbnailUrl":"https:\/\/rst-steel.com\/wp-content\/uploads\/2026\/03\/447605e9aeaa051ba4307600353971e517ed9cc1_321d27a579c442b6a6a059fedfc1c2d2.jpg","datePublished":"2026-03-20T09:11:29+00:00","dateModified":"2026-04-17T05:57:14+00:00","description":"Lazer Grille Kit MB Vito 2024 and newer models with Triple-R 750 auxiliary lights. Kit also includes bespoke mounting brackets and two-lamp wiring kit.","breadcrumb":{"@id":"https:\/\/rst-steel.com\/product-category\/lighting\/auxiliary-lights\/lazer-vehicle-specific-driving-light-kits\/lazer-grille-kit-mb-vito-2024-triple-r-750\/#breadcrumb"},"inLanguage":"nb-NO","potentialAction":[{"@type":"ReadAction","target":["https:\/\/rst-steel.com\/product-category\/lighting\/auxiliary-lights\/lazer-vehicle-specific-driving-light-kits\/lazer-grille-kit-mb-vito-2024-triple-r-750\/"]}]},{"@type":"ImageObject","inLanguage":"nb-NO","@id":"https:\/\/rst-steel.com\/product-category\/lighting\/auxiliary-lights\/lazer-vehicle-specific-driving-light-kits\/lazer-grille-kit-mb-vito-2024-triple-r-750\/#primaryimage","url":"https:\/\/rst-steel.com\/wp-content\/uploads\/2026\/03\/447605e9aeaa051ba4307600353971e517ed9cc1_321d27a579c442b6a6a059fedfc1c2d2.jpg","contentUrl":"https:\/\/rst-steel.com\/wp-content\/uploads\/2026\/03\/447605e9aeaa051ba4307600353971e517ed9cc1_321d27a579c442b6a6a059fedfc1c2d2.jpg","width":1000,"height":750,"caption":"prm_75113"},{"@type":"BreadcrumbList","@id":"https:\/\/rst-steel.com\/product-category\/lighting\/auxiliary-lights\/lazer-vehicle-specific-driving-light-kits\/lazer-grille-kit-mb-vito-2024-triple-r-750\/#breadcrumb","itemListElement":[{"@type":"ListItem","position":1,"name":"Home","item":"https:\/\/rst-steel.com\/"},{"@type":"ListItem","position":2,"name":"RST-Steel Verkkokauppa","item":"https:\/\/rst-steel.com\/shop\/"},{"@type":"ListItem","position":3,"name":"Lazer Grille Kit MB Vito 2024- (Triple-R 750)"}]},{"@type":"WebSite","@id":"https:\/\/rst-steel.com\/#website","url":"https:\/\/rst-steel.com\/","name":"RST-Steel Oy - Turvallista, tyylik\u00e4st\u00e4, ter\u00e4st\u00e4","description":"Finsk kvalitet for kvalitetsbevisste sj\u00e5f\u00f8rer","publisher":{"@id":"https:\/\/rst-steel.com\/#organization"},"potentialAction":[{"@type":"SearchAction","target":{"@type":"EntryPoint","urlTemplate":"https:\/\/rst-steel.com\/?s={search_term_string}"},"query-input":{"@type":"PropertyValueSpecification","valueRequired":true,"valueName":"search_term_string"}}],"inLanguage":"nb-NO"},{"@type":"Organization","@id":"https:\/\/rst-steel.com\/#organization","name":"Administrer alternativer","alternateName":"RST-Steel Oy - Turvallista, tyylik\u00e4st\u00e4, ter\u00e4st\u00e4","url":"https:\/\/rst-steel.com\/","logo":{"@type":"ImageObject","inLanguage":"nb-NO","@id":"https:\/\/rst-steel.com\/#\/schema\/logo\/image\/","url":"https:\/\/rst-steel.com\/wp-content\/uploads\/2025\/02\/cropped-rst-valkoinen-ilman-taustaa-02.png","contentUrl":"https:\/\/rst-steel.com\/wp-content\/uploads\/2025\/02\/cropped-rst-valkoinen-ilman-taustaa-02.png","width":2319,"height":690,"caption":"RST-Steel Oy"},"image":{"@id":"https:\/\/rst-steel.com\/#\/schema\/logo\/image\/"}}]}},"_links":{"self":[{"href":"https:\/\/rst-steel.com\/nb\/wp-json\/wp\/v2\/product\/194075","targetHints":{"allow":["GET"]}}],"collection":[{"href":"https:\/\/rst-steel.com\/nb\/wp-json\/wp\/v2\/product"}],"about":[{"href":"https:\/\/rst-steel.com\/nb\/wp-json\/wp\/v2\/types\/product"}],"version-history":[{"count":1,"href":"https:\/\/rst-steel.com\/nb\/wp-json\/wp\/v2\/product\/194075\/revisions"}],"predecessor-version":[{"id":198923,"href":"https:\/\/rst-steel.com\/nb\/wp-json\/wp\/v2\/product\/194075\/revisions\/198923"}],"wp:featuredmedia":[{"embeddable":true,"href":"https:\/\/rst-steel.com\/nb\/wp-json\/wp\/v2\/media\/194071"}],"wp:attachment":[{"href":"https:\/\/rst-steel.com\/nb\/wp-json\/wp\/v2\/media?parent=194075"}],"wp:term":[{"taxonomy":"make_year","embeddable":true,"href":"https:\/\/rst-steel.com\/nb\/wp-json\/wp\/v2\/make_year?post=194075"},{"taxonomy":"make_brand","embeddable":true,"href":"https:\/\/rst-steel.com\/nb\/wp-json\/wp\/v2\/make_brand?post=194075"},{"taxonomy":"make_model","embeddable":true,"href":"https:\/\/rst-steel.com\/nb\/wp-json\/wp\/v2\/make_model?post=194075"},{"taxonomy":"make_fuel_type","embeddable":true,"href":"https:\/\/rst-steel.com\/nb\/wp-json\/wp\/v2\/make_fuel_type?post=194075"},{"taxonomy":"product_brand","embeddable":true,"href":"https:\/\/rst-steel.com\/nb\/wp-json\/wp\/v2\/product_brand?post=194075"},{"taxonomy":"product_cat","embeddable":true,"href":"https:\/\/rst-steel.com\/nb\/wp-json\/wp\/v2\/product_cat?post=194075"},{"taxonomy":"product_tag","embeddable":true,"href":"https:\/\/rst-steel.com\/nb\/wp-json\/wp\/v2\/product_tag?post=194075"}],"curies":[{"name":"wp","href":"https:\/\/api.w.org\/{rel}","templated":true}]}}