{"id":194485,"date":"2026-03-20T11:18:50","date_gmt":"2026-03-20T09:18:50","guid":{"rendered":"https:\/\/rst-steel.com\/tuote-osasto\/Ei-luokiteltu\/snowplow-bar-daf-lf-2021\/"},"modified":"2026-04-15T09:09:34","modified_gmt":"2026-04-15T06:09:34","slug":"snowplow-bar-daf-lf-2021","status":"publish","type":"product","link":"https:\/\/rst-steel.com\/nb\/produktkategori\/light-bars\/plow-bars-for-trucks\/daf-plow-bars\/snowplow-bar-daf-lf-2021\/","title":{"rendered":"Snowplow Bar DAF LF 2021-"},"content":{"rendered":"<p>Snowplow Bar DAF LF 2021-<\/p>\n<p>RST-Steel&#8217;s snowplow bars are high-quality products made of stainless steel.&nbsp;<\/p>\n<p>The snowplow bars can be equipped with auxiliary lights and position lights, which improve your visibility in traffic, and at the same time increase safety for yourself and others in traffic.<\/p>\n<p>Compatible with 2pcs Lazer Triple-R 1000<\/p>\n<p><span style=\"font-weight: bold\">Technical information:<\/span><\/p>\n<ul>\n<li>Color: Mirror polished stainless steel or painting with RAL-basic colors<\/li>\n<li>Pipe diameter: 60 mm<\/li>\n<\/ul>\n<p><span style=\"font-weight: bold\">Delivery contents:<\/span><\/p>\n<ul>\n<li>Snowplow bar<\/li>\n<li>Fasteners required for installation<\/li>\n<li>Installation instructions<\/li>\n<\/ul>","protected":false},"excerpt":{"rendered":"<p>Snowplow Bar DAF LF 2021- RST-Steel&#8217;s snowplow bars are high-quality products made of stainless steel.&nbsp; The snowplow bars can be&#8230;<\/p>","protected":false},"featured_media":194484,"template":"","meta":{"_improvement_type_select":"improve_an_existing","_thumb_yes_seoaic":false,"_frame_yes_seoaic":false,"seoaic_generate_description":"","seoaic_improve_instructions_prompt":"","seoaic_rollback_content_improvement":"","seoaic_idea_thumbnail_generator":"","thumbnail_generated":false,"thumbnail_generate_prompt":"","seoaic_article_description":""},"make_year":[10907],"make_brand":[10913],"make_model":[10988],"make_fuel_type":[],"product_brand":[9443],"product_cat":[10531,10508,10527],"product_tag":[],"class_list":{"0":"post-194485","1":"product","2":"type-product","3":"status-publish","4":"has-post-thumbnail","6":"make_year-trucks","7":"make_brand-daf","8":"make_model-lf-sarja","9":"product_brand-brand_rststeel","10":"product_cat-daf-plow-bars","11":"product_cat-light-bars","12":"product_cat-plow-bars-for-trucks","13":"product_shipping_class-lightbars","15":"first","16":"onbackorder","17":"taxable","18":"shipping-taxable","19":"purchasable","20":"product-type-variable"},"yoast_head":"<!-- This site is optimized with the Yoast SEO plugin v27.1.1 - https:\/\/yoast.com\/product\/yoast-seo-wordpress\/ -->\n<title>Snowplow Bar DAF LF 2021- RST-Steel<\/title>\n<meta name=\"description\" content=\"Snowplow Bar DAF LF 2021- models. RST-Steel&#039;s snowplow bars are high-quality products made of stainless steel.\u00a0Check the products and place your order now!\" \/>\n<meta name=\"robots\" content=\"index, follow, max-snippet:-1, max-image-preview:large, max-video-preview:-1\" \/>\n<link rel=\"canonical\" href=\"https:\/\/rst-steel.com\/nb\/produktkategori\/light-bars\/plow-bars-for-trucks\/daf-plow-bars\/snowplow-bar-daf-lf-2021\/\" \/>\n<meta property=\"og:locale\" content=\"nb_NO\" \/>\n<meta property=\"og:type\" content=\"article\" \/>\n<meta property=\"og:title\" content=\"Snowplow Bar DAF LF 2021- RST-Steel\" \/>\n<meta property=\"og:description\" content=\"Snowplow Bar DAF LF 2021- models. RST-Steel&#039;s snowplow bars are high-quality products made of stainless steel.\u00a0Check the products and place your order now!\" \/>\n<meta property=\"og:url\" content=\"https:\/\/rst-steel.com\/nb\/produktkategori\/light-bars\/plow-bars-for-trucks\/daf-plow-bars\/snowplow-bar-daf-lf-2021\/\" \/>\n<meta property=\"og:site_name\" content=\"RST-Steel\" \/>\n<meta property=\"article:modified_time\" content=\"2026-04-15T06:09:34+00:00\" \/>\n<meta property=\"og:image\" content=\"https:\/\/rst-steel.com\/wp-content\/uploads\/2026\/03\/c5d1d78b1e8ba5409d68f411b2d3a71acd08618e_a10e028fe2ec9a1053194f58bb3cb79d.jpg\" \/>\n\t<meta property=\"og:image:width\" content=\"1274\" \/>\n\t<meta property=\"og:image:height\" content=\"750\" \/>\n\t<meta property=\"og:image:type\" content=\"image\/jpeg\" \/>\n<meta name=\"twitter:card\" content=\"summary_large_image\" \/>\n<meta name=\"twitter:label1\" content=\"Ansl. lesetid\" \/>\n\t<meta name=\"twitter:data1\" content=\"1 minutt\" \/>\n<script type=\"application\/ld+json\" class=\"yoast-schema-graph\">{\"@context\":\"https:\/\/schema.org\",\"@graph\":[{\"@type\":\"WebPage\",\"@id\":\"https:\/\/rst-steel.com\/product-category\/light-bars\/plow-bars-for-trucks\/daf-plow-bars\/snowplow-bar-daf-lf-2021\/\",\"url\":\"https:\/\/rst-steel.com\/product-category\/light-bars\/plow-bars-for-trucks\/daf-plow-bars\/snowplow-bar-daf-lf-2021\/\",\"name\":\"Snowplow Bar DAF LF 2021- RST-Steel\",\"isPartOf\":{\"@id\":\"https:\/\/rst-steel.com\/#website\"},\"primaryImageOfPage\":{\"@id\":\"https:\/\/rst-steel.com\/product-category\/light-bars\/plow-bars-for-trucks\/daf-plow-bars\/snowplow-bar-daf-lf-2021\/#primaryimage\"},\"image\":{\"@id\":\"https:\/\/rst-steel.com\/product-category\/light-bars\/plow-bars-for-trucks\/daf-plow-bars\/snowplow-bar-daf-lf-2021\/#primaryimage\"},\"thumbnailUrl\":\"https:\/\/rst-steel.com\/wp-content\/uploads\/2026\/03\/c5d1d78b1e8ba5409d68f411b2d3a71acd08618e_a10e028fe2ec9a1053194f58bb3cb79d.jpg\",\"datePublished\":\"2026-03-20T09:18:50+00:00\",\"dateModified\":\"2026-04-15T06:09:34+00:00\",\"description\":\"Snowplow Bar DAF LF 2021- models. RST-Steel's snowplow bars are high-quality products made of stainless steel.\u00a0Check the products and place your order now!\",\"breadcrumb\":{\"@id\":\"https:\/\/rst-steel.com\/product-category\/light-bars\/plow-bars-for-trucks\/daf-plow-bars\/snowplow-bar-daf-lf-2021\/#breadcrumb\"},\"inLanguage\":\"nb-NO\",\"potentialAction\":[{\"@type\":\"ReadAction\",\"target\":[\"https:\/\/rst-steel.com\/product-category\/light-bars\/plow-bars-for-trucks\/daf-plow-bars\/snowplow-bar-daf-lf-2021\/\"]}]},{\"@type\":\"ImageObject\",\"inLanguage\":\"nb-NO\",\"@id\":\"https:\/\/rst-steel.com\/product-category\/light-bars\/plow-bars-for-trucks\/daf-plow-bars\/snowplow-bar-daf-lf-2021\/#primaryimage\",\"url\":\"https:\/\/rst-steel.com\/wp-content\/uploads\/2026\/03\/c5d1d78b1e8ba5409d68f411b2d3a71acd08618e_a10e028fe2ec9a1053194f58bb3cb79d.jpg\",\"contentUrl\":\"https:\/\/rst-steel.com\/wp-content\/uploads\/2026\/03\/c5d1d78b1e8ba5409d68f411b2d3a71acd08618e_a10e028fe2ec9a1053194f58bb3cb79d.jpg\",\"width\":1274,\"height\":750,\"caption\":\"prm_9470\"},{\"@type\":\"BreadcrumbList\",\"@id\":\"https:\/\/rst-steel.com\/product-category\/light-bars\/plow-bars-for-trucks\/daf-plow-bars\/snowplow-bar-daf-lf-2021\/#breadcrumb\",\"itemListElement\":[{\"@type\":\"ListItem\",\"position\":1,\"name\":\"Home\",\"item\":\"https:\/\/rst-steel.com\/\"},{\"@type\":\"ListItem\",\"position\":2,\"name\":\"RST-Steel Verkkokauppa\",\"item\":\"https:\/\/rst-steel.com\/shop\/\"},{\"@type\":\"ListItem\",\"position\":3,\"name\":\"Snowplow Bar DAF LF 2021-\"}]},{\"@type\":\"WebSite\",\"@id\":\"https:\/\/rst-steel.com\/#website\",\"url\":\"https:\/\/rst-steel.com\/\",\"name\":\"RST-Steel Oy - Turvallista, tyylik\u00e4st\u00e4, ter\u00e4st\u00e4\",\"description\":\"Finnish quality for discerning drivers\",\"publisher\":{\"@id\":\"https:\/\/rst-steel.com\/#organization\"},\"potentialAction\":[{\"@type\":\"SearchAction\",\"target\":{\"@type\":\"EntryPoint\",\"urlTemplate\":\"https:\/\/rst-steel.com\/?s={search_term_string}\"},\"query-input\":{\"@type\":\"PropertyValueSpecification\",\"valueRequired\":true,\"valueName\":\"search_term_string\"}}],\"inLanguage\":\"nb-NO\"},{\"@type\":\"Organization\",\"@id\":\"https:\/\/rst-steel.com\/#organization\",\"name\":\"RST-Steel Oy\",\"alternateName\":\"RST-Steel Oy - Turvallista, tyylik\u00e4st\u00e4, ter\u00e4st\u00e4\",\"url\":\"https:\/\/rst-steel.com\/\",\"logo\":{\"@type\":\"ImageObject\",\"inLanguage\":\"nb-NO\",\"@id\":\"https:\/\/rst-steel.com\/#\/schema\/logo\/image\/\",\"url\":\"https:\/\/rst-steel.com\/wp-content\/uploads\/2025\/02\/cropped-rst-valkoinen-ilman-taustaa-02.png\",\"contentUrl\":\"https:\/\/rst-steel.com\/wp-content\/uploads\/2025\/02\/cropped-rst-valkoinen-ilman-taustaa-02.png\",\"width\":2319,\"height\":690,\"caption\":\"RST-Steel Oy\"},\"image\":{\"@id\":\"https:\/\/rst-steel.com\/#\/schema\/logo\/image\/\"}}]}<\/script>\n<!-- \/ Yoast SEO plugin. -->","yoast_head_json":{"title":"Snowplow Bar DAF LF 2021- RST-Steel","description":"Snowplow Bar DAF LF 2021- models. RST-Steel's snowplow bars are high-quality products made of stainless steel.\u00a0Check the products and place your order now!","robots":{"index":"index","follow":"follow","max-snippet":"max-snippet:-1","max-image-preview":"max-image-preview:large","max-video-preview":"max-video-preview:-1"},"canonical":"https:\/\/rst-steel.com\/nb\/produktkategori\/light-bars\/plow-bars-for-trucks\/daf-plow-bars\/snowplow-bar-daf-lf-2021\/","og_locale":"nb_NO","og_type":"article","og_title":"Snowplow Bar DAF LF 2021- RST-Steel","og_description":"Snowplow Bar DAF LF 2021- models. RST-Steel's snowplow bars are high-quality products made of stainless steel.\u00a0Check the products and place your order now!","og_url":"https:\/\/rst-steel.com\/nb\/produktkategori\/light-bars\/plow-bars-for-trucks\/daf-plow-bars\/snowplow-bar-daf-lf-2021\/","og_site_name":"RST-Steel","article_modified_time":"2026-04-15T06:09:34+00:00","og_image":[{"width":1274,"height":750,"url":"https:\/\/rst-steel.com\/wp-content\/uploads\/2026\/03\/c5d1d78b1e8ba5409d68f411b2d3a71acd08618e_a10e028fe2ec9a1053194f58bb3cb79d.jpg","type":"image\/jpeg"}],"twitter_card":"summary_large_image","twitter_misc":{"Ansl. lesetid":"1 minutt"},"schema":{"@context":"https:\/\/schema.org","@graph":[{"@type":"WebPage","@id":"https:\/\/rst-steel.com\/product-category\/light-bars\/plow-bars-for-trucks\/daf-plow-bars\/snowplow-bar-daf-lf-2021\/","url":"https:\/\/rst-steel.com\/product-category\/light-bars\/plow-bars-for-trucks\/daf-plow-bars\/snowplow-bar-daf-lf-2021\/","name":"Snowplow Bar DAF LF 2021- RST-Steel","isPartOf":{"@id":"https:\/\/rst-steel.com\/#website"},"primaryImageOfPage":{"@id":"https:\/\/rst-steel.com\/product-category\/light-bars\/plow-bars-for-trucks\/daf-plow-bars\/snowplow-bar-daf-lf-2021\/#primaryimage"},"image":{"@id":"https:\/\/rst-steel.com\/product-category\/light-bars\/plow-bars-for-trucks\/daf-plow-bars\/snowplow-bar-daf-lf-2021\/#primaryimage"},"thumbnailUrl":"https:\/\/rst-steel.com\/wp-content\/uploads\/2026\/03\/c5d1d78b1e8ba5409d68f411b2d3a71acd08618e_a10e028fe2ec9a1053194f58bb3cb79d.jpg","datePublished":"2026-03-20T09:18:50+00:00","dateModified":"2026-04-15T06:09:34+00:00","description":"Snowplow Bar DAF LF 2021- models. RST-Steel's snowplow bars are high-quality products made of stainless steel.\u00a0Check the products and place your order now!","breadcrumb":{"@id":"https:\/\/rst-steel.com\/product-category\/light-bars\/plow-bars-for-trucks\/daf-plow-bars\/snowplow-bar-daf-lf-2021\/#breadcrumb"},"inLanguage":"nb-NO","potentialAction":[{"@type":"ReadAction","target":["https:\/\/rst-steel.com\/product-category\/light-bars\/plow-bars-for-trucks\/daf-plow-bars\/snowplow-bar-daf-lf-2021\/"]}]},{"@type":"ImageObject","inLanguage":"nb-NO","@id":"https:\/\/rst-steel.com\/product-category\/light-bars\/plow-bars-for-trucks\/daf-plow-bars\/snowplow-bar-daf-lf-2021\/#primaryimage","url":"https:\/\/rst-steel.com\/wp-content\/uploads\/2026\/03\/c5d1d78b1e8ba5409d68f411b2d3a71acd08618e_a10e028fe2ec9a1053194f58bb3cb79d.jpg","contentUrl":"https:\/\/rst-steel.com\/wp-content\/uploads\/2026\/03\/c5d1d78b1e8ba5409d68f411b2d3a71acd08618e_a10e028fe2ec9a1053194f58bb3cb79d.jpg","width":1274,"height":750,"caption":"prm_9470"},{"@type":"BreadcrumbList","@id":"https:\/\/rst-steel.com\/product-category\/light-bars\/plow-bars-for-trucks\/daf-plow-bars\/snowplow-bar-daf-lf-2021\/#breadcrumb","itemListElement":[{"@type":"ListItem","position":1,"name":"Home","item":"https:\/\/rst-steel.com\/"},{"@type":"ListItem","position":2,"name":"RST-Steel Verkkokauppa","item":"https:\/\/rst-steel.com\/shop\/"},{"@type":"ListItem","position":3,"name":"Snowplow Bar DAF LF 2021-"}]},{"@type":"WebSite","@id":"https:\/\/rst-steel.com\/#website","url":"https:\/\/rst-steel.com\/","name":"RST-Steel Oy - Turvallista, tyylik\u00e4st\u00e4, ter\u00e4st\u00e4","description":"Finsk kvalitet for kvalitetsbevisste sj\u00e5f\u00f8rer","publisher":{"@id":"https:\/\/rst-steel.com\/#organization"},"potentialAction":[{"@type":"SearchAction","target":{"@type":"EntryPoint","urlTemplate":"https:\/\/rst-steel.com\/?s={search_term_string}"},"query-input":{"@type":"PropertyValueSpecification","valueRequired":true,"valueName":"search_term_string"}}],"inLanguage":"nb-NO"},{"@type":"Organization","@id":"https:\/\/rst-steel.com\/#organization","name":"Administrer alternativer","alternateName":"RST-Steel Oy - Turvallista, tyylik\u00e4st\u00e4, ter\u00e4st\u00e4","url":"https:\/\/rst-steel.com\/","logo":{"@type":"ImageObject","inLanguage":"nb-NO","@id":"https:\/\/rst-steel.com\/#\/schema\/logo\/image\/","url":"https:\/\/rst-steel.com\/wp-content\/uploads\/2025\/02\/cropped-rst-valkoinen-ilman-taustaa-02.png","contentUrl":"https:\/\/rst-steel.com\/wp-content\/uploads\/2025\/02\/cropped-rst-valkoinen-ilman-taustaa-02.png","width":2319,"height":690,"caption":"RST-Steel Oy"},"image":{"@id":"https:\/\/rst-steel.com\/#\/schema\/logo\/image\/"}}]}},"_links":{"self":[{"href":"https:\/\/rst-steel.com\/nb\/wp-json\/wp\/v2\/product\/194485","targetHints":{"allow":["GET"]}}],"collection":[{"href":"https:\/\/rst-steel.com\/nb\/wp-json\/wp\/v2\/product"}],"about":[{"href":"https:\/\/rst-steel.com\/nb\/wp-json\/wp\/v2\/types\/product"}],"version-history":[{"count":1,"href":"https:\/\/rst-steel.com\/nb\/wp-json\/wp\/v2\/product\/194485\/revisions"}],"predecessor-version":[{"id":198893,"href":"https:\/\/rst-steel.com\/nb\/wp-json\/wp\/v2\/product\/194485\/revisions\/198893"}],"wp:featuredmedia":[{"embeddable":true,"href":"https:\/\/rst-steel.com\/nb\/wp-json\/wp\/v2\/media\/194484"}],"wp:attachment":[{"href":"https:\/\/rst-steel.com\/nb\/wp-json\/wp\/v2\/media?parent=194485"}],"wp:term":[{"taxonomy":"make_year","embeddable":true,"href":"https:\/\/rst-steel.com\/nb\/wp-json\/wp\/v2\/make_year?post=194485"},{"taxonomy":"make_brand","embeddable":true,"href":"https:\/\/rst-steel.com\/nb\/wp-json\/wp\/v2\/make_brand?post=194485"},{"taxonomy":"make_model","embeddable":true,"href":"https:\/\/rst-steel.com\/nb\/wp-json\/wp\/v2\/make_model?post=194485"},{"taxonomy":"make_fuel_type","embeddable":true,"href":"https:\/\/rst-steel.com\/nb\/wp-json\/wp\/v2\/make_fuel_type?post=194485"},{"taxonomy":"product_brand","embeddable":true,"href":"https:\/\/rst-steel.com\/nb\/wp-json\/wp\/v2\/product_brand?post=194485"},{"taxonomy":"product_cat","embeddable":true,"href":"https:\/\/rst-steel.com\/nb\/wp-json\/wp\/v2\/product_cat?post=194485"},{"taxonomy":"product_tag","embeddable":true,"href":"https:\/\/rst-steel.com\/nb\/wp-json\/wp\/v2\/product_tag?post=194485"}],"curies":[{"name":"wp","href":"https:\/\/api.w.org\/{rel}","templated":true}]}}