{"id":194730,"date":"2026-03-20T11:24:07","date_gmt":"2026-03-20T09:24:07","guid":{"rendered":"https:\/\/rst-steel.com\/tuote-osasto\/Ei-luokiteltu\/bull-bar-freeway-volvo-fh-2021\/"},"modified":"2026-04-17T08:59:01","modified_gmt":"2026-04-17T05:59:01","slug":"bull-bar-freeway-volvo-fh-2021","status":"publish","type":"product","link":"https:\/\/rst-steel.com\/nb\/produktkategori\/bull-bars\/volvo-bull-bars\/bull-bar-freeway-volvo-fh-2021\/","title":{"rendered":"Bull Bar Freeway Volvo FH 2021-"},"content":{"rendered":"<p style=\"margin: 0cm 0cm 7.5pt;background-image: initial;background-position: initial;background-size: initial;background-repeat: initial;background-attachment: initial\"><span lang=\"EN-US\"><span style=\"font-family: Helvetica, sans-serif;font-size: 13.3333px\">Bull Bar Freeway Volvo FH 2021-<\/span><\/span><\/p>\n<p style=\"margin: 0cm 0cm 7.5pt;background-image: initial;background-position: initial;background-size: initial;background-repeat: initial;background-attachment: initial\"><span lang=\"EN-US\"><span style=\"font-family: Helvetica, sans-serif;font-size: 13.3333px\"><br \/><\/span><br \/><\/span><\/p>\n<p style=\"margin: 0cm 0cm 7.5pt;background-image: initial;background-position: initial;background-size: initial;background-repeat: initial;background-attachment: initial\"><span lang=\"EN-US\" style=\"font-size: 10pt;font-family: Helvetica, sans-serif\">RST-Steel&#8217;s bull bars are high-quality products made of stainless steel.&nbsp;<\/span><\/p>\n<p style=\"margin: 0cm 0cm 7.5pt;background-image: initial;background-position: initial;background-size: initial;background-repeat: initial;background-attachment: initial\"><span lang=\"EN-US\" style=\"font-size: 10pt;font-family: Helvetica, sans-serif\">The bull bar protects the front of the car in possible collision situations. Gives the car a neat and elegant appearance, it also turns eyes and can arouse iron fever, making you and your company stand out.<\/span><\/p>\n<p style=\"margin: 0cm 0cm 7.5pt;background-image: initial;background-position: initial;background-size: initial;background-repeat: initial;background-attachment: initial\"><span lang=\"EN-US\" style=\"font-size: 10pt;font-family: Helvetica, sans-serif\">The bull bars can be equipped with auxiliary lights and position lights, which improve your visibility in traffic, and at the same time increase safety for yourself and others in traffic.<\/span><\/p>\n<p style=\"margin: 0cm 0cm 7.5pt;background-image: initial;background-position: initial;background-size: initial;background-repeat: initial;background-attachment: initial\"><span lang=\"EN-US\" style=\"font-size: 10pt;font-family: Helvetica, sans-serif\">When ordering, the model of the car&#8217;s bumper must be stated.<\/span><\/p>\n<p style=\"margin: 0cm 0cm 7.5pt;background-image: initial;background-position: initial;background-size: initial;background-repeat: initial;background-attachment: initial\"><span lang=\"EN-US\" style=\"font-size: 10pt;font-family: Helvetica, sans-serif\">&nbsp;<\/span><\/p>\n<p><span style=\"font-family: Helvetica, sans-serif;font-size: 13.3333px\">In this model, the bottom tube of the bull bar remains at the same height as the car&#8217;s own bumper.<\/span><\/p>\n<p><span style=\"font-family: Helvetica, sans-serif;font-size: 13.3333px\"><br \/><\/span><\/p>\n<p><span style=\"font-family: Helvetica, sans-serif;font-size: 13.3333px\">It is well suited, for example, to cars driving timber, thanks to the higher ground clearance<\/span><\/p>\n<p style=\"margin: 0cm 0cm 7.5pt;background-image: initial;background-position: initial;background-size: initial;background-repeat: initial;background-attachment: initial\"><span lang=\"EN-US\" style=\"font-size: 10pt;font-family: Helvetica, sans-serif\">&nbsp;<\/span><\/p>\n<p style=\"margin: 0cm 0cm 7.5pt;background-image: initial;background-position: initial;background-size: initial;background-repeat: initial;background-attachment: initial\"><span lang=\"EN-US\" style=\"font-size: 10pt;font-family: Helvetica, sans-serif\">&nbsp;<\/span><\/p>\n<p style=\"margin: 0cm 0cm 7.5pt;background-image: initial;background-position: initial;background-size: initial;background-repeat: initial;background-attachment: initial\"><span lang=\"EN-US\" style=\"font-size: 10pt;font-family: Helvetica, sans-serif\">&nbsp;<\/span><\/p>\n<p style=\"margin: 0cm 0cm 7.5pt;background-image: initial;background-position: initial;background-size: initial;background-repeat: initial;background-attachment: initial\"><span lang=\"EN-US\" style=\"font-size: 10pt;font-family: Helvetica, sans-serif\">Technical information:<\/span><\/p>\n<p style=\"margin: 0cm 0cm 7.5pt;background-image: initial;background-position: initial;background-size: initial;background-repeat: initial;background-attachment: initial\"><span lang=\"EN-US\" style=\"font-size: 10pt;font-family: Helvetica, sans-serif\">&nbsp;<\/span><\/p>\n<p style=\"margin: 0cm 0cm 7.5pt;background-image: initial;background-position: initial;background-size: initial;background-repeat: initial;background-attachment: initial\"><span lang=\"EN-US\" style=\"font-size: 10pt;font-family: Helvetica, sans-serif\">Color: Mirror polished stainless steel or painting with RAL basic colors<\/span><\/p>\n<p style=\"margin: 0cm 0cm 7.5pt;background-image: initial;background-position: initial;background-size: initial;background-repeat: initial;background-attachment: initial\"><span lang=\"EN-US\" style=\"font-size: 10pt;font-family: Helvetica, sans-serif\">Pipe diameters: 76 mm \/ 60 mm<\/span><\/p>\n<p style=\"margin: 0cm 0cm 7.5pt;background-image: initial;background-position: initial;background-size: initial;background-repeat: initial;background-attachment: initial\"><span lang=\"EN-US\" style=\"font-size: 10pt;font-family: Helvetica, sans-serif\">&nbsp;<\/span><\/p>\n<p style=\"margin: 0cm 0cm 7.5pt;background-image: initial;background-position: initial;background-size: initial;background-repeat: initial;background-attachment: initial\"><span lang=\"EN-US\" style=\"font-size: 10pt;font-family: Helvetica, sans-serif\">&nbsp;<\/span><\/p>\n<p style=\"margin: 0cm 0cm 7.5pt;background-image: initial;background-position: initial;background-size: initial;background-repeat: initial;background-attachment: initial\"><span lang=\"EN-US\" style=\"font-size: 10pt;font-family: Helvetica, sans-serif\">&nbsp;<\/span><\/p>\n<p style=\"margin: 0cm 0cm 7.5pt;background-image: initial;background-position: initial;background-size: initial;background-repeat: initial;background-attachment: initial\"><span lang=\"EN-US\" style=\"font-size: 10pt;font-family: Helvetica, sans-serif\">Delivery contents:<\/span><\/p>\n<p style=\"margin: 0cm 0cm 7.5pt;background-image: initial;background-position: initial;background-size: initial;background-repeat: initial;background-attachment: initial\"><span lang=\"EN-US\" style=\"font-size: 10pt;font-family: Helvetica, sans-serif\">&nbsp;<\/span><\/p>\n<p style=\"margin: 0cm 0cm 7.5pt;background-image: initial;background-position: initial;background-size: initial;background-repeat: initial;background-attachment: initial\"><span style=\"font-size: 10pt;font-family: Helvetica, sans-serif\">Bull bar<\/span><\/p>\n<p style=\"margin: 0cm 0cm 7.5pt;background-image: initial;background-position: initial;background-size: initial;background-repeat: initial;background-attachment: initial\"><span style=\"font-size: 10pt;font-family: Helvetica, sans-serif\">Fasteners required for installation<\/span><\/p>\n<p style=\"margin: 0cm 0cm 7.5pt;background-image: initial;background-position: initial;background-size: initial;background-repeat: initial;background-attachment: initial\"><span style=\"font-size: 10pt;font-family: Helvetica, sans-serif\">Installation instructions<\/span><\/p>","protected":false},"excerpt":{"rendered":"<p>Bull Bar Freeway Volvo FH 2021- RST-Steel&#8217;s bull bars are high-quality products made of stainless steel.&nbsp; The bull bar protects&#8230;<\/p>","protected":false},"featured_media":194729,"template":"","meta":[],"make_year":[10907],"make_brand":[10939],"make_model":[10975,10978],"make_fuel_type":[],"product_brand":[9443],"product_cat":[10670,10672],"product_tag":[],"class_list":{"0":"post-194730","1":"product","2":"type-product","3":"status-publish","4":"has-post-thumbnail","6":"make_year-trucks","7":"make_brand-volvo","8":"make_model-fh-2021","9":"make_model-fh4","10":"make_engine-vo-normaali-ohjaamo","11":"make_engine-globetrotter","12":"make_engine-globetrotter-xl-ohjaamo","13":"product_brand-brand_rststeel","14":"product_cat-bull-bars","15":"product_cat-volvo-bull-bars","16":"product_shipping_class-bullbars","18":"first","19":"onbackorder","20":"taxable","21":"shipping-taxable","22":"purchasable","23":"product-type-variable"},"yoast_head":"<!-- This site is optimized with the Yoast SEO plugin v27.1.1 - https:\/\/yoast.com\/product\/yoast-seo-wordpress\/ -->\n<title>Bull Bar Freeway Volvo FH 2021- RST-Steel<\/title>\n<meta name=\"description\" content=\"Bull Bar Freeway Volvo FH 2021- and FH4 models. RST-Steel&#039;s bull bars are high-quality products made of stainless steel.\u00a0Get to know the products!\" \/>\n<meta name=\"robots\" content=\"index, follow, max-snippet:-1, max-image-preview:large, max-video-preview:-1\" \/>\n<link rel=\"canonical\" href=\"https:\/\/rst-steel.com\/nb\/produktkategori\/bull-bars\/volvo-bull-bars\/bull-bar-freeway-volvo-fh-2021\/\" \/>\n<meta property=\"og:locale\" content=\"nb_NO\" \/>\n<meta property=\"og:type\" content=\"article\" \/>\n<meta property=\"og:title\" content=\"Bull Bar Freeway Volvo FH 2021- RST-Steel\" \/>\n<meta property=\"og:description\" content=\"Bull Bar Freeway Volvo FH 2021- and FH4 models. RST-Steel&#039;s bull bars are high-quality products made of stainless steel.\u00a0Get to know the products!\" \/>\n<meta property=\"og:url\" content=\"https:\/\/rst-steel.com\/nb\/produktkategori\/bull-bars\/volvo-bull-bars\/bull-bar-freeway-volvo-fh-2021\/\" \/>\n<meta property=\"og:site_name\" content=\"RST-Steel\" \/>\n<meta property=\"article:modified_time\" content=\"2026-04-17T05:59:01+00:00\" \/>\n<meta property=\"og:image\" content=\"https:\/\/rst-steel.com\/wp-content\/uploads\/2026\/03\/3b4f17c842312cfd005aae9fa6726b5cad7f0bf8_1dcb5e1f342890e9653e4f3ae314d305.png\" \/>\n\t<meta property=\"og:image:width\" content=\"663\" \/>\n\t<meta property=\"og:image:height\" content=\"814\" \/>\n\t<meta property=\"og:image:type\" content=\"image\/png\" \/>\n<meta name=\"twitter:card\" content=\"summary_large_image\" \/>\n<meta name=\"twitter:label1\" content=\"Ansl. lesetid\" \/>\n\t<meta name=\"twitter:data1\" content=\"1 minutt\" \/>\n<script type=\"application\/ld+json\" class=\"yoast-schema-graph\">{\"@context\":\"https:\/\/schema.org\",\"@graph\":[{\"@type\":\"WebPage\",\"@id\":\"https:\/\/rst-steel.com\/product-category\/bull-bars\/volvo-bull-bars\/bull-bar-freeway-volvo-fh-2021\/\",\"url\":\"https:\/\/rst-steel.com\/product-category\/bull-bars\/volvo-bull-bars\/bull-bar-freeway-volvo-fh-2021\/\",\"name\":\"Bull Bar Freeway Volvo FH 2021- RST-Steel\",\"isPartOf\":{\"@id\":\"https:\/\/rst-steel.com\/#website\"},\"primaryImageOfPage\":{\"@id\":\"https:\/\/rst-steel.com\/product-category\/bull-bars\/volvo-bull-bars\/bull-bar-freeway-volvo-fh-2021\/#primaryimage\"},\"image\":{\"@id\":\"https:\/\/rst-steel.com\/product-category\/bull-bars\/volvo-bull-bars\/bull-bar-freeway-volvo-fh-2021\/#primaryimage\"},\"thumbnailUrl\":\"https:\/\/rst-steel.com\/wp-content\/uploads\/2026\/03\/3b4f17c842312cfd005aae9fa6726b5cad7f0bf8_1dcb5e1f342890e9653e4f3ae314d305.png\",\"datePublished\":\"2026-03-20T09:24:07+00:00\",\"dateModified\":\"2026-04-17T05:59:01+00:00\",\"description\":\"Bull Bar Freeway Volvo FH 2021- and FH4 models. RST-Steel's bull bars are high-quality products made of stainless steel.\u00a0Get to know the products!\",\"breadcrumb\":{\"@id\":\"https:\/\/rst-steel.com\/product-category\/bull-bars\/volvo-bull-bars\/bull-bar-freeway-volvo-fh-2021\/#breadcrumb\"},\"inLanguage\":\"nb-NO\",\"potentialAction\":[{\"@type\":\"ReadAction\",\"target\":[\"https:\/\/rst-steel.com\/product-category\/bull-bars\/volvo-bull-bars\/bull-bar-freeway-volvo-fh-2021\/\"]}]},{\"@type\":\"ImageObject\",\"inLanguage\":\"nb-NO\",\"@id\":\"https:\/\/rst-steel.com\/product-category\/bull-bars\/volvo-bull-bars\/bull-bar-freeway-volvo-fh-2021\/#primaryimage\",\"url\":\"https:\/\/rst-steel.com\/wp-content\/uploads\/2026\/03\/3b4f17c842312cfd005aae9fa6726b5cad7f0bf8_1dcb5e1f342890e9653e4f3ae314d305.png\",\"contentUrl\":\"https:\/\/rst-steel.com\/wp-content\/uploads\/2026\/03\/3b4f17c842312cfd005aae9fa6726b5cad7f0bf8_1dcb5e1f342890e9653e4f3ae314d305.png\",\"width\":663,\"height\":814,\"caption\":\"prm_9858\"},{\"@type\":\"BreadcrumbList\",\"@id\":\"https:\/\/rst-steel.com\/product-category\/bull-bars\/volvo-bull-bars\/bull-bar-freeway-volvo-fh-2021\/#breadcrumb\",\"itemListElement\":[{\"@type\":\"ListItem\",\"position\":1,\"name\":\"Home\",\"item\":\"https:\/\/rst-steel.com\/\"},{\"@type\":\"ListItem\",\"position\":2,\"name\":\"RST-Steel Verkkokauppa\",\"item\":\"https:\/\/rst-steel.com\/shop\/\"},{\"@type\":\"ListItem\",\"position\":3,\"name\":\"Bull Bar Freeway Volvo FH 2021-\"}]},{\"@type\":\"WebSite\",\"@id\":\"https:\/\/rst-steel.com\/#website\",\"url\":\"https:\/\/rst-steel.com\/\",\"name\":\"RST-Steel Oy - Turvallista, tyylik\u00e4st\u00e4, ter\u00e4st\u00e4\",\"description\":\"Finnish quality for discerning drivers\",\"publisher\":{\"@id\":\"https:\/\/rst-steel.com\/#organization\"},\"potentialAction\":[{\"@type\":\"SearchAction\",\"target\":{\"@type\":\"EntryPoint\",\"urlTemplate\":\"https:\/\/rst-steel.com\/?s={search_term_string}\"},\"query-input\":{\"@type\":\"PropertyValueSpecification\",\"valueRequired\":true,\"valueName\":\"search_term_string\"}}],\"inLanguage\":\"nb-NO\"},{\"@type\":\"Organization\",\"@id\":\"https:\/\/rst-steel.com\/#organization\",\"name\":\"RST-Steel Oy\",\"alternateName\":\"RST-Steel Oy - Turvallista, tyylik\u00e4st\u00e4, ter\u00e4st\u00e4\",\"url\":\"https:\/\/rst-steel.com\/\",\"logo\":{\"@type\":\"ImageObject\",\"inLanguage\":\"nb-NO\",\"@id\":\"https:\/\/rst-steel.com\/#\/schema\/logo\/image\/\",\"url\":\"https:\/\/rst-steel.com\/wp-content\/uploads\/2025\/02\/cropped-rst-valkoinen-ilman-taustaa-02.png\",\"contentUrl\":\"https:\/\/rst-steel.com\/wp-content\/uploads\/2025\/02\/cropped-rst-valkoinen-ilman-taustaa-02.png\",\"width\":2319,\"height\":690,\"caption\":\"RST-Steel Oy\"},\"image\":{\"@id\":\"https:\/\/rst-steel.com\/#\/schema\/logo\/image\/\"}}]}<\/script>\n<!-- \/ Yoast SEO plugin. -->","yoast_head_json":{"title":"Bull Bar Freeway Volvo FH 2021- RST-Steel","description":"Bull Bar Freeway Volvo FH 2021- and FH4 models. RST-Steel's bull bars are high-quality products made of stainless steel.\u00a0Get to know the products!","robots":{"index":"index","follow":"follow","max-snippet":"max-snippet:-1","max-image-preview":"max-image-preview:large","max-video-preview":"max-video-preview:-1"},"canonical":"https:\/\/rst-steel.com\/nb\/produktkategori\/bull-bars\/volvo-bull-bars\/bull-bar-freeway-volvo-fh-2021\/","og_locale":"nb_NO","og_type":"article","og_title":"Bull Bar Freeway Volvo FH 2021- RST-Steel","og_description":"Bull Bar Freeway Volvo FH 2021- and FH4 models. RST-Steel's bull bars are high-quality products made of stainless steel.\u00a0Get to know the products!","og_url":"https:\/\/rst-steel.com\/nb\/produktkategori\/bull-bars\/volvo-bull-bars\/bull-bar-freeway-volvo-fh-2021\/","og_site_name":"RST-Steel","article_modified_time":"2026-04-17T05:59:01+00:00","og_image":[{"width":663,"height":814,"url":"https:\/\/rst-steel.com\/wp-content\/uploads\/2026\/03\/3b4f17c842312cfd005aae9fa6726b5cad7f0bf8_1dcb5e1f342890e9653e4f3ae314d305.png","type":"image\/png"}],"twitter_card":"summary_large_image","twitter_misc":{"Ansl. lesetid":"1 minutt"},"schema":{"@context":"https:\/\/schema.org","@graph":[{"@type":"WebPage","@id":"https:\/\/rst-steel.com\/product-category\/bull-bars\/volvo-bull-bars\/bull-bar-freeway-volvo-fh-2021\/","url":"https:\/\/rst-steel.com\/product-category\/bull-bars\/volvo-bull-bars\/bull-bar-freeway-volvo-fh-2021\/","name":"Bull Bar Freeway Volvo FH 2021- RST-Steel","isPartOf":{"@id":"https:\/\/rst-steel.com\/#website"},"primaryImageOfPage":{"@id":"https:\/\/rst-steel.com\/product-category\/bull-bars\/volvo-bull-bars\/bull-bar-freeway-volvo-fh-2021\/#primaryimage"},"image":{"@id":"https:\/\/rst-steel.com\/product-category\/bull-bars\/volvo-bull-bars\/bull-bar-freeway-volvo-fh-2021\/#primaryimage"},"thumbnailUrl":"https:\/\/rst-steel.com\/wp-content\/uploads\/2026\/03\/3b4f17c842312cfd005aae9fa6726b5cad7f0bf8_1dcb5e1f342890e9653e4f3ae314d305.png","datePublished":"2026-03-20T09:24:07+00:00","dateModified":"2026-04-17T05:59:01+00:00","description":"Bull Bar Freeway Volvo FH 2021- and FH4 models. RST-Steel's bull bars are high-quality products made of stainless steel.\u00a0Get to know the products!","breadcrumb":{"@id":"https:\/\/rst-steel.com\/product-category\/bull-bars\/volvo-bull-bars\/bull-bar-freeway-volvo-fh-2021\/#breadcrumb"},"inLanguage":"nb-NO","potentialAction":[{"@type":"ReadAction","target":["https:\/\/rst-steel.com\/product-category\/bull-bars\/volvo-bull-bars\/bull-bar-freeway-volvo-fh-2021\/"]}]},{"@type":"ImageObject","inLanguage":"nb-NO","@id":"https:\/\/rst-steel.com\/product-category\/bull-bars\/volvo-bull-bars\/bull-bar-freeway-volvo-fh-2021\/#primaryimage","url":"https:\/\/rst-steel.com\/wp-content\/uploads\/2026\/03\/3b4f17c842312cfd005aae9fa6726b5cad7f0bf8_1dcb5e1f342890e9653e4f3ae314d305.png","contentUrl":"https:\/\/rst-steel.com\/wp-content\/uploads\/2026\/03\/3b4f17c842312cfd005aae9fa6726b5cad7f0bf8_1dcb5e1f342890e9653e4f3ae314d305.png","width":663,"height":814,"caption":"prm_9858"},{"@type":"BreadcrumbList","@id":"https:\/\/rst-steel.com\/product-category\/bull-bars\/volvo-bull-bars\/bull-bar-freeway-volvo-fh-2021\/#breadcrumb","itemListElement":[{"@type":"ListItem","position":1,"name":"Home","item":"https:\/\/rst-steel.com\/"},{"@type":"ListItem","position":2,"name":"RST-Steel Verkkokauppa","item":"https:\/\/rst-steel.com\/shop\/"},{"@type":"ListItem","position":3,"name":"Bull Bar Freeway Volvo FH 2021-"}]},{"@type":"WebSite","@id":"https:\/\/rst-steel.com\/#website","url":"https:\/\/rst-steel.com\/","name":"RST-Steel Oy - Turvallista, tyylik\u00e4st\u00e4, ter\u00e4st\u00e4","description":"Finsk kvalitet for kvalitetsbevisste sj\u00e5f\u00f8rer","publisher":{"@id":"https:\/\/rst-steel.com\/#organization"},"potentialAction":[{"@type":"SearchAction","target":{"@type":"EntryPoint","urlTemplate":"https:\/\/rst-steel.com\/?s={search_term_string}"},"query-input":{"@type":"PropertyValueSpecification","valueRequired":true,"valueName":"search_term_string"}}],"inLanguage":"nb-NO"},{"@type":"Organization","@id":"https:\/\/rst-steel.com\/#organization","name":"RST-Steel Oy","alternateName":"RST-Steel Oy - Turvallista, tyylik\u00e4st\u00e4, ter\u00e4st\u00e4","url":"https:\/\/rst-steel.com\/","logo":{"@type":"ImageObject","inLanguage":"nb-NO","@id":"https:\/\/rst-steel.com\/#\/schema\/logo\/image\/","url":"https:\/\/rst-steel.com\/wp-content\/uploads\/2025\/02\/cropped-rst-valkoinen-ilman-taustaa-02.png","contentUrl":"https:\/\/rst-steel.com\/wp-content\/uploads\/2025\/02\/cropped-rst-valkoinen-ilman-taustaa-02.png","width":2319,"height":690,"caption":"RST-Steel Oy"},"image":{"@id":"https:\/\/rst-steel.com\/#\/schema\/logo\/image\/"}}]}},"_links":{"self":[{"href":"https:\/\/rst-steel.com\/nb\/wp-json\/wp\/v2\/product\/194730","targetHints":{"allow":["GET"]}}],"collection":[{"href":"https:\/\/rst-steel.com\/nb\/wp-json\/wp\/v2\/product"}],"about":[{"href":"https:\/\/rst-steel.com\/nb\/wp-json\/wp\/v2\/types\/product"}],"version-history":[{"count":1,"href":"https:\/\/rst-steel.com\/nb\/wp-json\/wp\/v2\/product\/194730\/revisions"}],"predecessor-version":[{"id":198889,"href":"https:\/\/rst-steel.com\/nb\/wp-json\/wp\/v2\/product\/194730\/revisions\/198889"}],"wp:featuredmedia":[{"embeddable":true,"href":"https:\/\/rst-steel.com\/nb\/wp-json\/wp\/v2\/media\/194729"}],"wp:attachment":[{"href":"https:\/\/rst-steel.com\/nb\/wp-json\/wp\/v2\/media?parent=194730"}],"wp:term":[{"taxonomy":"make_year","embeddable":true,"href":"https:\/\/rst-steel.com\/nb\/wp-json\/wp\/v2\/make_year?post=194730"},{"taxonomy":"make_brand","embeddable":true,"href":"https:\/\/rst-steel.com\/nb\/wp-json\/wp\/v2\/make_brand?post=194730"},{"taxonomy":"make_model","embeddable":true,"href":"https:\/\/rst-steel.com\/nb\/wp-json\/wp\/v2\/make_model?post=194730"},{"taxonomy":"make_fuel_type","embeddable":true,"href":"https:\/\/rst-steel.com\/nb\/wp-json\/wp\/v2\/make_fuel_type?post=194730"},{"taxonomy":"product_brand","embeddable":true,"href":"https:\/\/rst-steel.com\/nb\/wp-json\/wp\/v2\/product_brand?post=194730"},{"taxonomy":"product_cat","embeddable":true,"href":"https:\/\/rst-steel.com\/nb\/wp-json\/wp\/v2\/product_cat?post=194730"},{"taxonomy":"product_tag","embeddable":true,"href":"https:\/\/rst-steel.com\/nb\/wp-json\/wp\/v2\/product_tag?post=194730"}],"curies":[{"name":"wp","href":"https:\/\/api.w.org\/{rel}","templated":true}]}}