{"id":195232,"date":"2026-03-20T11:29:37","date_gmt":"2026-03-20T09:29:37","guid":{"rendered":"https:\/\/rst-steel.com\/tuote-osasto\/Ei-luokiteltu\/michelin-man-old-school-19cm\/"},"modified":"2026-04-15T09:09:25","modified_gmt":"2026-04-15T06:09:25","slug":"michelin-man-old-school-19cm","status":"publish","type":"product","link":"https:\/\/rst-steel.com\/nb\/produktkategori\/interior\/decorations\/michelin-man-old-school-19cm\/","title":{"rendered":"Michelin Man (Old School) 19cm"},"content":{"rendered":"<p>Michelin Man (Old School) 19cm<\/p>\n<p>Add a touch of iconic style and fun atmosphere to your car with the Michelin Man! This globally recognizable mascot has always been popular and will likely continue to be for years to come!<\/p>\n<p><span style=\"font-weight: bold\">Each figure comes with its own Attachment.<\/span><\/p>\n<p><span style=\"font-weight: bold\">Tekniske spesifikasjoner:<\/span><\/p>\n<ul>\n<li>Height: 19cm<\/li>\n<li>Material: Plastic<\/li>\n<li>Color: White<\/li>\n<\/ul>","protected":false},"excerpt":{"rendered":"<p>Michelin Man (Old School) 19cm Add a touch of iconic style and fun atmosphere to your car with the Michelin&#8230;<\/p>","protected":false},"featured_media":195230,"template":"","meta":{"_improvement_type_select":"improve_an_existing","_thumb_yes_seoaic":false,"_frame_yes_seoaic":false,"seoaic_generate_description":"","seoaic_improve_instructions_prompt":"","seoaic_rollback_content_improvement":"","seoaic_idea_thumbnail_generator":"","thumbnail_generated":false,"thumbnail_generate_prompt":"","seoaic_article_description":""},"make_year":[],"make_brand":[],"make_model":[],"make_fuel_type":[],"product_brand":[],"product_cat":[10703,10679],"product_tag":[],"class_list":{"0":"post-195232","1":"product","2":"type-product","3":"status-publish","4":"has-post-thumbnail","6":"product_cat-decorations","7":"product_cat-interior","9":"first","10":"instock","11":"taxable","12":"shipping-taxable","13":"purchasable","14":"product-type-simple"},"yoast_head":"<!-- This site is optimized with the Yoast SEO plugin v27.1.1 - https:\/\/yoast.com\/product\/yoast-seo-wordpress\/ -->\n<title>Michelin Man (Old School) 19cm - RST-Steel<\/title>\n<meta name=\"description\" content=\"Legendary &quot;Old School&quot; Michelin Man 19cm with a stylish yellow\/black stripe! Add iconic style to your car with this Michelin Man!\" \/>\n<meta name=\"robots\" content=\"index, follow, max-snippet:-1, max-image-preview:large, max-video-preview:-1\" \/>\n<link rel=\"canonical\" href=\"https:\/\/rst-steel.com\/nb\/produktkategori\/interior\/decorations\/michelin-man-old-school-19cm\/\" \/>\n<meta property=\"og:locale\" content=\"nb_NO\" \/>\n<meta property=\"og:type\" content=\"article\" \/>\n<meta property=\"og:title\" content=\"Michelin Man (Old School) 19cm - RST-Steel\" \/>\n<meta property=\"og:description\" content=\"Legendary &quot;Old School&quot; Michelin Man 19cm with a stylish yellow\/black stripe! Add iconic style to your car with this Michelin Man!\" \/>\n<meta property=\"og:url\" content=\"https:\/\/rst-steel.com\/nb\/produktkategori\/interior\/decorations\/michelin-man-old-school-19cm\/\" \/>\n<meta property=\"og:site_name\" content=\"RST-Steel\" \/>\n<meta property=\"article:modified_time\" content=\"2026-04-15T06:09:25+00:00\" \/>\n<meta property=\"og:image\" content=\"https:\/\/rst-steel.com\/wp-content\/uploads\/2026\/03\/3efa5662a9866d542c146c26fbb3fd4bd9a7846c_7a4509e0b4b680e83e93b4b0121b7f8a.jpg\" \/>\n\t<meta property=\"og:image:width\" content=\"800\" \/>\n\t<meta property=\"og:image:height\" content=\"800\" \/>\n\t<meta property=\"og:image:type\" content=\"image\/jpeg\" \/>\n<meta name=\"twitter:card\" content=\"summary_large_image\" \/>\n<meta name=\"twitter:label1\" content=\"Ansl. lesetid\" \/>\n\t<meta name=\"twitter:data1\" content=\"1 minutt\" \/>\n<script type=\"application\/ld+json\" class=\"yoast-schema-graph\">{\"@context\":\"https:\/\/schema.org\",\"@graph\":[{\"@type\":\"WebPage\",\"@id\":\"https:\/\/rst-steel.com\/product-category\/interior\/decorations\/michelin-man-old-school-19cm\/\",\"url\":\"https:\/\/rst-steel.com\/product-category\/interior\/decorations\/michelin-man-old-school-19cm\/\",\"name\":\"Michelin Man (Old School) 19cm - RST-Steel\",\"isPartOf\":{\"@id\":\"https:\/\/rst-steel.com\/#website\"},\"primaryImageOfPage\":{\"@id\":\"https:\/\/rst-steel.com\/product-category\/interior\/decorations\/michelin-man-old-school-19cm\/#primaryimage\"},\"image\":{\"@id\":\"https:\/\/rst-steel.com\/product-category\/interior\/decorations\/michelin-man-old-school-19cm\/#primaryimage\"},\"thumbnailUrl\":\"https:\/\/rst-steel.com\/wp-content\/uploads\/2026\/03\/3efa5662a9866d542c146c26fbb3fd4bd9a7846c_7a4509e0b4b680e83e93b4b0121b7f8a.jpg\",\"datePublished\":\"2026-03-20T09:29:37+00:00\",\"dateModified\":\"2026-04-15T06:09:25+00:00\",\"description\":\"Legendary \\\"Old School\\\" Michelin Man 19cm with a stylish yellow\/black stripe! Add iconic style to your car with this Michelin Man!\",\"breadcrumb\":{\"@id\":\"https:\/\/rst-steel.com\/product-category\/interior\/decorations\/michelin-man-old-school-19cm\/#breadcrumb\"},\"inLanguage\":\"nb-NO\",\"potentialAction\":[{\"@type\":\"ReadAction\",\"target\":[\"https:\/\/rst-steel.com\/product-category\/interior\/decorations\/michelin-man-old-school-19cm\/\"]}]},{\"@type\":\"ImageObject\",\"inLanguage\":\"nb-NO\",\"@id\":\"https:\/\/rst-steel.com\/product-category\/interior\/decorations\/michelin-man-old-school-19cm\/#primaryimage\",\"url\":\"https:\/\/rst-steel.com\/wp-content\/uploads\/2026\/03\/3efa5662a9866d542c146c26fbb3fd4bd9a7846c_7a4509e0b4b680e83e93b4b0121b7f8a.jpg\",\"contentUrl\":\"https:\/\/rst-steel.com\/wp-content\/uploads\/2026\/03\/3efa5662a9866d542c146c26fbb3fd4bd9a7846c_7a4509e0b4b680e83e93b4b0121b7f8a.jpg\",\"width\":800,\"height\":800,\"caption\":\"1081-0003\"},{\"@type\":\"BreadcrumbList\",\"@id\":\"https:\/\/rst-steel.com\/product-category\/interior\/decorations\/michelin-man-old-school-19cm\/#breadcrumb\",\"itemListElement\":[{\"@type\":\"ListItem\",\"position\":1,\"name\":\"Home\",\"item\":\"https:\/\/rst-steel.com\/\"},{\"@type\":\"ListItem\",\"position\":2,\"name\":\"RST-Steel Verkkokauppa\",\"item\":\"https:\/\/rst-steel.com\/shop\/\"},{\"@type\":\"ListItem\",\"position\":3,\"name\":\"Michelin Man (Old School) 19cm\"}]},{\"@type\":\"WebSite\",\"@id\":\"https:\/\/rst-steel.com\/#website\",\"url\":\"https:\/\/rst-steel.com\/\",\"name\":\"RST-Steel Oy - Turvallista, tyylik\u00e4st\u00e4, ter\u00e4st\u00e4\",\"description\":\"Finnish quality for discerning drivers\",\"publisher\":{\"@id\":\"https:\/\/rst-steel.com\/#organization\"},\"potentialAction\":[{\"@type\":\"SearchAction\",\"target\":{\"@type\":\"EntryPoint\",\"urlTemplate\":\"https:\/\/rst-steel.com\/?s={search_term_string}\"},\"query-input\":{\"@type\":\"PropertyValueSpecification\",\"valueRequired\":true,\"valueName\":\"search_term_string\"}}],\"inLanguage\":\"nb-NO\"},{\"@type\":\"Organization\",\"@id\":\"https:\/\/rst-steel.com\/#organization\",\"name\":\"RST-Steel Oy\",\"alternateName\":\"RST-Steel Oy - Turvallista, tyylik\u00e4st\u00e4, ter\u00e4st\u00e4\",\"url\":\"https:\/\/rst-steel.com\/\",\"logo\":{\"@type\":\"ImageObject\",\"inLanguage\":\"nb-NO\",\"@id\":\"https:\/\/rst-steel.com\/#\/schema\/logo\/image\/\",\"url\":\"https:\/\/rst-steel.com\/wp-content\/uploads\/2025\/02\/cropped-rst-valkoinen-ilman-taustaa-02.png\",\"contentUrl\":\"https:\/\/rst-steel.com\/wp-content\/uploads\/2025\/02\/cropped-rst-valkoinen-ilman-taustaa-02.png\",\"width\":2319,\"height\":690,\"caption\":\"RST-Steel Oy\"},\"image\":{\"@id\":\"https:\/\/rst-steel.com\/#\/schema\/logo\/image\/\"}}]}<\/script>\n<!-- \/ Yoast SEO plugin. -->","yoast_head_json":{"title":"Michelin Man (Old School) 19cm - RST-Steel","description":"Legendary \"Old School\" Michelin Man 19cm with a stylish yellow\/black stripe! Add iconic style to your car with this Michelin Man!","robots":{"index":"index","follow":"follow","max-snippet":"max-snippet:-1","max-image-preview":"max-image-preview:large","max-video-preview":"max-video-preview:-1"},"canonical":"https:\/\/rst-steel.com\/nb\/produktkategori\/interior\/decorations\/michelin-man-old-school-19cm\/","og_locale":"nb_NO","og_type":"article","og_title":"Michelin Man (Old School) 19cm - RST-Steel","og_description":"Legendary \"Old School\" Michelin Man 19cm with a stylish yellow\/black stripe! Add iconic style to your car with this Michelin Man!","og_url":"https:\/\/rst-steel.com\/nb\/produktkategori\/interior\/decorations\/michelin-man-old-school-19cm\/","og_site_name":"RST-Steel","article_modified_time":"2026-04-15T06:09:25+00:00","og_image":[{"width":800,"height":800,"url":"https:\/\/rst-steel.com\/wp-content\/uploads\/2026\/03\/3efa5662a9866d542c146c26fbb3fd4bd9a7846c_7a4509e0b4b680e83e93b4b0121b7f8a.jpg","type":"image\/jpeg"}],"twitter_card":"summary_large_image","twitter_misc":{"Ansl. lesetid":"1 minutt"},"schema":{"@context":"https:\/\/schema.org","@graph":[{"@type":"WebPage","@id":"https:\/\/rst-steel.com\/product-category\/interior\/decorations\/michelin-man-old-school-19cm\/","url":"https:\/\/rst-steel.com\/product-category\/interior\/decorations\/michelin-man-old-school-19cm\/","name":"Michelin Man (Old School) 19cm - RST-Steel","isPartOf":{"@id":"https:\/\/rst-steel.com\/#website"},"primaryImageOfPage":{"@id":"https:\/\/rst-steel.com\/product-category\/interior\/decorations\/michelin-man-old-school-19cm\/#primaryimage"},"image":{"@id":"https:\/\/rst-steel.com\/product-category\/interior\/decorations\/michelin-man-old-school-19cm\/#primaryimage"},"thumbnailUrl":"https:\/\/rst-steel.com\/wp-content\/uploads\/2026\/03\/3efa5662a9866d542c146c26fbb3fd4bd9a7846c_7a4509e0b4b680e83e93b4b0121b7f8a.jpg","datePublished":"2026-03-20T09:29:37+00:00","dateModified":"2026-04-15T06:09:25+00:00","description":"Legendary \"Old School\" Michelin Man 19cm with a stylish yellow\/black stripe! Add iconic style to your car with this Michelin Man!","breadcrumb":{"@id":"https:\/\/rst-steel.com\/product-category\/interior\/decorations\/michelin-man-old-school-19cm\/#breadcrumb"},"inLanguage":"nb-NO","potentialAction":[{"@type":"ReadAction","target":["https:\/\/rst-steel.com\/product-category\/interior\/decorations\/michelin-man-old-school-19cm\/"]}]},{"@type":"ImageObject","inLanguage":"nb-NO","@id":"https:\/\/rst-steel.com\/product-category\/interior\/decorations\/michelin-man-old-school-19cm\/#primaryimage","url":"https:\/\/rst-steel.com\/wp-content\/uploads\/2026\/03\/3efa5662a9866d542c146c26fbb3fd4bd9a7846c_7a4509e0b4b680e83e93b4b0121b7f8a.jpg","contentUrl":"https:\/\/rst-steel.com\/wp-content\/uploads\/2026\/03\/3efa5662a9866d542c146c26fbb3fd4bd9a7846c_7a4509e0b4b680e83e93b4b0121b7f8a.jpg","width":800,"height":800,"caption":"1081-0003"},{"@type":"BreadcrumbList","@id":"https:\/\/rst-steel.com\/product-category\/interior\/decorations\/michelin-man-old-school-19cm\/#breadcrumb","itemListElement":[{"@type":"ListItem","position":1,"name":"Home","item":"https:\/\/rst-steel.com\/"},{"@type":"ListItem","position":2,"name":"RST-Steel Verkkokauppa","item":"https:\/\/rst-steel.com\/shop\/"},{"@type":"ListItem","position":3,"name":"Michelin Man (Old School) 19cm"}]},{"@type":"WebSite","@id":"https:\/\/rst-steel.com\/#website","url":"https:\/\/rst-steel.com\/","name":"RST-Steel Oy - Turvallista, tyylik\u00e4st\u00e4, ter\u00e4st\u00e4","description":"Finsk kvalitet for kvalitetsbevisste sj\u00e5f\u00f8rer","publisher":{"@id":"https:\/\/rst-steel.com\/#organization"},"potentialAction":[{"@type":"SearchAction","target":{"@type":"EntryPoint","urlTemplate":"https:\/\/rst-steel.com\/?s={search_term_string}"},"query-input":{"@type":"PropertyValueSpecification","valueRequired":true,"valueName":"search_term_string"}}],"inLanguage":"nb-NO"},{"@type":"Organization","@id":"https:\/\/rst-steel.com\/#organization","name":"Administrer alternativer","alternateName":"RST-Steel Oy - Turvallista, tyylik\u00e4st\u00e4, ter\u00e4st\u00e4","url":"https:\/\/rst-steel.com\/","logo":{"@type":"ImageObject","inLanguage":"nb-NO","@id":"https:\/\/rst-steel.com\/#\/schema\/logo\/image\/","url":"https:\/\/rst-steel.com\/wp-content\/uploads\/2025\/02\/cropped-rst-valkoinen-ilman-taustaa-02.png","contentUrl":"https:\/\/rst-steel.com\/wp-content\/uploads\/2025\/02\/cropped-rst-valkoinen-ilman-taustaa-02.png","width":2319,"height":690,"caption":"RST-Steel Oy"},"image":{"@id":"https:\/\/rst-steel.com\/#\/schema\/logo\/image\/"}}]}},"_links":{"self":[{"href":"https:\/\/rst-steel.com\/nb\/wp-json\/wp\/v2\/product\/195232","targetHints":{"allow":["GET"]}}],"collection":[{"href":"https:\/\/rst-steel.com\/nb\/wp-json\/wp\/v2\/product"}],"about":[{"href":"https:\/\/rst-steel.com\/nb\/wp-json\/wp\/v2\/types\/product"}],"version-history":[{"count":1,"href":"https:\/\/rst-steel.com\/nb\/wp-json\/wp\/v2\/product\/195232\/revisions"}],"predecessor-version":[{"id":198814,"href":"https:\/\/rst-steel.com\/nb\/wp-json\/wp\/v2\/product\/195232\/revisions\/198814"}],"wp:featuredmedia":[{"embeddable":true,"href":"https:\/\/rst-steel.com\/nb\/wp-json\/wp\/v2\/media\/195230"}],"wp:attachment":[{"href":"https:\/\/rst-steel.com\/nb\/wp-json\/wp\/v2\/media?parent=195232"}],"wp:term":[{"taxonomy":"make_year","embeddable":true,"href":"https:\/\/rst-steel.com\/nb\/wp-json\/wp\/v2\/make_year?post=195232"},{"taxonomy":"make_brand","embeddable":true,"href":"https:\/\/rst-steel.com\/nb\/wp-json\/wp\/v2\/make_brand?post=195232"},{"taxonomy":"make_model","embeddable":true,"href":"https:\/\/rst-steel.com\/nb\/wp-json\/wp\/v2\/make_model?post=195232"},{"taxonomy":"make_fuel_type","embeddable":true,"href":"https:\/\/rst-steel.com\/nb\/wp-json\/wp\/v2\/make_fuel_type?post=195232"},{"taxonomy":"product_brand","embeddable":true,"href":"https:\/\/rst-steel.com\/nb\/wp-json\/wp\/v2\/product_brand?post=195232"},{"taxonomy":"product_cat","embeddable":true,"href":"https:\/\/rst-steel.com\/nb\/wp-json\/wp\/v2\/product_cat?post=195232"},{"taxonomy":"product_tag","embeddable":true,"href":"https:\/\/rst-steel.com\/nb\/wp-json\/wp\/v2\/product_tag?post=195232"}],"curies":[{"name":"wp","href":"https:\/\/api.w.org\/{rel}","templated":true}]}}