{"id":195239,"date":"2026-03-20T11:29:42","date_gmt":"2026-03-20T09:29:42","guid":{"rendered":"https:\/\/rst-steel.com\/tuote-osasto\/Ei-luokiteltu\/michelin-man-old-school-42cm\/"},"modified":"2026-04-17T08:56:14","modified_gmt":"2026-04-17T05:56:14","slug":"michelin-man-old-school-42cm","status":"publish","type":"product","link":"https:\/\/rst-steel.com\/nb\/produktkategori\/interior\/decorations\/michelin-man-old-school-42cm\/","title":{"rendered":"Michelin Man (Old School) 42cm"},"content":{"rendered":"<p>Michelin Man (Old School) 42cm<\/p>\n<p>Add a touch of iconic style and fun atmosphere to your car with the Michelin Man! This globally recognizable mascot has always been popular and will likely continue to be for years to come!<\/p>\n<p>The Michelin Man&#8217;s height is 42cm, which is 2 cm taller than the original Michelin Man with the blue stripe!<\/p>\n<p><span style=\"font-weight: bold\">Tekniske spesifikasjoner:<\/span><\/p>\n<ul>\n<li>Height: 42cm<\/li>\n<li>Material: Plastic<\/li>\n<li>Color: White<\/li>\n<\/ul>","protected":false},"excerpt":{"rendered":"<p>Michelin Man (Old School) 42cm Add a touch of iconic style and fun atmosphere to your car with the Michelin&#8230;<\/p>","protected":false},"featured_media":195238,"template":"","meta":[],"make_year":[],"make_brand":[],"make_model":[],"make_fuel_type":[],"product_brand":[],"product_cat":[10703,10679],"product_tag":[],"class_list":{"0":"post-195239","1":"product","2":"type-product","3":"status-publish","4":"has-post-thumbnail","6":"product_cat-decorations","7":"product_cat-interior","9":"first","10":"instock","11":"taxable","12":"shipping-taxable","13":"purchasable","14":"product-type-simple"},"yoast_head":"<!-- This site is optimized with the Yoast SEO plugin v27.1.1 - https:\/\/yoast.com\/product\/yoast-seo-wordpress\/ -->\n<title>Michelin Man (Old School) 42cm - RST-Steel<\/title>\n<meta name=\"description\" content=\"Legendary &quot;Old School&quot; Michelin Man 42cm with a stylish yellow\/black stripe! Add iconic style to your car with this Michelin Man!\" \/>\n<meta name=\"robots\" content=\"index, follow, max-snippet:-1, max-image-preview:large, max-video-preview:-1\" \/>\n<link rel=\"canonical\" href=\"https:\/\/rst-steel.com\/nb\/produktkategori\/interior\/decorations\/michelin-man-old-school-42cm\/\" \/>\n<meta property=\"og:locale\" content=\"nb_NO\" \/>\n<meta property=\"og:type\" content=\"article\" \/>\n<meta property=\"og:title\" content=\"Michelin Man (Old School) 42cm - RST-Steel\" \/>\n<meta property=\"og:description\" content=\"Legendary &quot;Old School&quot; Michelin Man 42cm with a stylish yellow\/black stripe! Add iconic style to your car with this Michelin Man!\" \/>\n<meta property=\"og:url\" content=\"https:\/\/rst-steel.com\/nb\/produktkategori\/interior\/decorations\/michelin-man-old-school-42cm\/\" \/>\n<meta property=\"og:site_name\" content=\"RST-Steel\" \/>\n<meta property=\"article:modified_time\" content=\"2026-04-17T05:56:14+00:00\" \/>\n<meta property=\"og:image\" content=\"https:\/\/rst-steel.com\/wp-content\/uploads\/2026\/03\/3963d1eeac6264d58447a6c03d9f0675c42227c4_7e295039964329ed4b52059fc55a9edc.jpg\" \/>\n\t<meta property=\"og:image:width\" content=\"600\" \/>\n\t<meta property=\"og:image:height\" content=\"450\" \/>\n\t<meta property=\"og:image:type\" content=\"image\/jpeg\" \/>\n<meta name=\"twitter:card\" content=\"summary_large_image\" \/>\n<meta name=\"twitter:label1\" content=\"Ansl. lesetid\" \/>\n\t<meta name=\"twitter:data1\" content=\"1 minutt\" \/>\n<script type=\"application\/ld+json\" class=\"yoast-schema-graph\">{\"@context\":\"https:\/\/schema.org\",\"@graph\":[{\"@type\":\"WebPage\",\"@id\":\"https:\/\/rst-steel.com\/product-category\/interior\/decorations\/michelin-man-old-school-42cm\/\",\"url\":\"https:\/\/rst-steel.com\/product-category\/interior\/decorations\/michelin-man-old-school-42cm\/\",\"name\":\"Michelin Man (Old School) 42cm - RST-Steel\",\"isPartOf\":{\"@id\":\"https:\/\/rst-steel.com\/#website\"},\"primaryImageOfPage\":{\"@id\":\"https:\/\/rst-steel.com\/product-category\/interior\/decorations\/michelin-man-old-school-42cm\/#primaryimage\"},\"image\":{\"@id\":\"https:\/\/rst-steel.com\/product-category\/interior\/decorations\/michelin-man-old-school-42cm\/#primaryimage\"},\"thumbnailUrl\":\"https:\/\/rst-steel.com\/wp-content\/uploads\/2026\/03\/3963d1eeac6264d58447a6c03d9f0675c42227c4_7e295039964329ed4b52059fc55a9edc.jpg\",\"datePublished\":\"2026-03-20T09:29:42+00:00\",\"dateModified\":\"2026-04-17T05:56:14+00:00\",\"description\":\"Legendary \\\"Old School\\\" Michelin Man 42cm with a stylish yellow\/black stripe! Add iconic style to your car with this Michelin Man!\",\"breadcrumb\":{\"@id\":\"https:\/\/rst-steel.com\/product-category\/interior\/decorations\/michelin-man-old-school-42cm\/#breadcrumb\"},\"inLanguage\":\"nb-NO\",\"potentialAction\":[{\"@type\":\"ReadAction\",\"target\":[\"https:\/\/rst-steel.com\/product-category\/interior\/decorations\/michelin-man-old-school-42cm\/\"]}]},{\"@type\":\"ImageObject\",\"inLanguage\":\"nb-NO\",\"@id\":\"https:\/\/rst-steel.com\/product-category\/interior\/decorations\/michelin-man-old-school-42cm\/#primaryimage\",\"url\":\"https:\/\/rst-steel.com\/wp-content\/uploads\/2026\/03\/3963d1eeac6264d58447a6c03d9f0675c42227c4_7e295039964329ed4b52059fc55a9edc.jpg\",\"contentUrl\":\"https:\/\/rst-steel.com\/wp-content\/uploads\/2026\/03\/3963d1eeac6264d58447a6c03d9f0675c42227c4_7e295039964329ed4b52059fc55a9edc.jpg\",\"width\":600,\"height\":450,\"caption\":\"1081-0004\"},{\"@type\":\"BreadcrumbList\",\"@id\":\"https:\/\/rst-steel.com\/product-category\/interior\/decorations\/michelin-man-old-school-42cm\/#breadcrumb\",\"itemListElement\":[{\"@type\":\"ListItem\",\"position\":1,\"name\":\"Home\",\"item\":\"https:\/\/rst-steel.com\/\"},{\"@type\":\"ListItem\",\"position\":2,\"name\":\"RST-Steel Verkkokauppa\",\"item\":\"https:\/\/rst-steel.com\/shop\/\"},{\"@type\":\"ListItem\",\"position\":3,\"name\":\"Michelin Man (Old School) 42cm\"}]},{\"@type\":\"WebSite\",\"@id\":\"https:\/\/rst-steel.com\/#website\",\"url\":\"https:\/\/rst-steel.com\/\",\"name\":\"RST-Steel Oy - Turvallista, tyylik\u00e4st\u00e4, ter\u00e4st\u00e4\",\"description\":\"Finnish quality for discerning drivers\",\"publisher\":{\"@id\":\"https:\/\/rst-steel.com\/#organization\"},\"potentialAction\":[{\"@type\":\"SearchAction\",\"target\":{\"@type\":\"EntryPoint\",\"urlTemplate\":\"https:\/\/rst-steel.com\/?s={search_term_string}\"},\"query-input\":{\"@type\":\"PropertyValueSpecification\",\"valueRequired\":true,\"valueName\":\"search_term_string\"}}],\"inLanguage\":\"nb-NO\"},{\"@type\":\"Organization\",\"@id\":\"https:\/\/rst-steel.com\/#organization\",\"name\":\"RST-Steel Oy\",\"alternateName\":\"RST-Steel Oy - Turvallista, tyylik\u00e4st\u00e4, ter\u00e4st\u00e4\",\"url\":\"https:\/\/rst-steel.com\/\",\"logo\":{\"@type\":\"ImageObject\",\"inLanguage\":\"nb-NO\",\"@id\":\"https:\/\/rst-steel.com\/#\/schema\/logo\/image\/\",\"url\":\"https:\/\/rst-steel.com\/wp-content\/uploads\/2025\/02\/cropped-rst-valkoinen-ilman-taustaa-02.png\",\"contentUrl\":\"https:\/\/rst-steel.com\/wp-content\/uploads\/2025\/02\/cropped-rst-valkoinen-ilman-taustaa-02.png\",\"width\":2319,\"height\":690,\"caption\":\"RST-Steel Oy\"},\"image\":{\"@id\":\"https:\/\/rst-steel.com\/#\/schema\/logo\/image\/\"}}]}<\/script>\n<!-- \/ Yoast SEO plugin. -->","yoast_head_json":{"title":"Michelin Man (Old School) 42cm - RST-Steel","description":"Legendary \"Old School\" Michelin Man 42cm with a stylish yellow\/black stripe! Add iconic style to your car with this Michelin Man!","robots":{"index":"index","follow":"follow","max-snippet":"max-snippet:-1","max-image-preview":"max-image-preview:large","max-video-preview":"max-video-preview:-1"},"canonical":"https:\/\/rst-steel.com\/nb\/produktkategori\/interior\/decorations\/michelin-man-old-school-42cm\/","og_locale":"nb_NO","og_type":"article","og_title":"Michelin Man (Old School) 42cm - RST-Steel","og_description":"Legendary \"Old School\" Michelin Man 42cm with a stylish yellow\/black stripe! Add iconic style to your car with this Michelin Man!","og_url":"https:\/\/rst-steel.com\/nb\/produktkategori\/interior\/decorations\/michelin-man-old-school-42cm\/","og_site_name":"RST-Steel","article_modified_time":"2026-04-17T05:56:14+00:00","og_image":[{"width":600,"height":450,"url":"https:\/\/rst-steel.com\/wp-content\/uploads\/2026\/03\/3963d1eeac6264d58447a6c03d9f0675c42227c4_7e295039964329ed4b52059fc55a9edc.jpg","type":"image\/jpeg"}],"twitter_card":"summary_large_image","twitter_misc":{"Ansl. lesetid":"1 minutt"},"schema":{"@context":"https:\/\/schema.org","@graph":[{"@type":"WebPage","@id":"https:\/\/rst-steel.com\/product-category\/interior\/decorations\/michelin-man-old-school-42cm\/","url":"https:\/\/rst-steel.com\/product-category\/interior\/decorations\/michelin-man-old-school-42cm\/","name":"Michelin Man (Old School) 42cm - RST-Steel","isPartOf":{"@id":"https:\/\/rst-steel.com\/#website"},"primaryImageOfPage":{"@id":"https:\/\/rst-steel.com\/product-category\/interior\/decorations\/michelin-man-old-school-42cm\/#primaryimage"},"image":{"@id":"https:\/\/rst-steel.com\/product-category\/interior\/decorations\/michelin-man-old-school-42cm\/#primaryimage"},"thumbnailUrl":"https:\/\/rst-steel.com\/wp-content\/uploads\/2026\/03\/3963d1eeac6264d58447a6c03d9f0675c42227c4_7e295039964329ed4b52059fc55a9edc.jpg","datePublished":"2026-03-20T09:29:42+00:00","dateModified":"2026-04-17T05:56:14+00:00","description":"Legendary \"Old School\" Michelin Man 42cm with a stylish yellow\/black stripe! Add iconic style to your car with this Michelin Man!","breadcrumb":{"@id":"https:\/\/rst-steel.com\/product-category\/interior\/decorations\/michelin-man-old-school-42cm\/#breadcrumb"},"inLanguage":"nb-NO","potentialAction":[{"@type":"ReadAction","target":["https:\/\/rst-steel.com\/product-category\/interior\/decorations\/michelin-man-old-school-42cm\/"]}]},{"@type":"ImageObject","inLanguage":"nb-NO","@id":"https:\/\/rst-steel.com\/product-category\/interior\/decorations\/michelin-man-old-school-42cm\/#primaryimage","url":"https:\/\/rst-steel.com\/wp-content\/uploads\/2026\/03\/3963d1eeac6264d58447a6c03d9f0675c42227c4_7e295039964329ed4b52059fc55a9edc.jpg","contentUrl":"https:\/\/rst-steel.com\/wp-content\/uploads\/2026\/03\/3963d1eeac6264d58447a6c03d9f0675c42227c4_7e295039964329ed4b52059fc55a9edc.jpg","width":600,"height":450,"caption":"1081-0004"},{"@type":"BreadcrumbList","@id":"https:\/\/rst-steel.com\/product-category\/interior\/decorations\/michelin-man-old-school-42cm\/#breadcrumb","itemListElement":[{"@type":"ListItem","position":1,"name":"Home","item":"https:\/\/rst-steel.com\/"},{"@type":"ListItem","position":2,"name":"RST-Steel Verkkokauppa","item":"https:\/\/rst-steel.com\/shop\/"},{"@type":"ListItem","position":3,"name":"Michelin Man (Old School) 42cm"}]},{"@type":"WebSite","@id":"https:\/\/rst-steel.com\/#website","url":"https:\/\/rst-steel.com\/","name":"RST-Steel Oy - Turvallista, tyylik\u00e4st\u00e4, ter\u00e4st\u00e4","description":"Finsk kvalitet for kvalitetsbevisste sj\u00e5f\u00f8rer","publisher":{"@id":"https:\/\/rst-steel.com\/#organization"},"potentialAction":[{"@type":"SearchAction","target":{"@type":"EntryPoint","urlTemplate":"https:\/\/rst-steel.com\/?s={search_term_string}"},"query-input":{"@type":"PropertyValueSpecification","valueRequired":true,"valueName":"search_term_string"}}],"inLanguage":"nb-NO"},{"@type":"Organization","@id":"https:\/\/rst-steel.com\/#organization","name":"RST-Steel Oy","alternateName":"RST-Steel Oy - Turvallista, tyylik\u00e4st\u00e4, ter\u00e4st\u00e4","url":"https:\/\/rst-steel.com\/","logo":{"@type":"ImageObject","inLanguage":"nb-NO","@id":"https:\/\/rst-steel.com\/#\/schema\/logo\/image\/","url":"https:\/\/rst-steel.com\/wp-content\/uploads\/2025\/02\/cropped-rst-valkoinen-ilman-taustaa-02.png","contentUrl":"https:\/\/rst-steel.com\/wp-content\/uploads\/2025\/02\/cropped-rst-valkoinen-ilman-taustaa-02.png","width":2319,"height":690,"caption":"RST-Steel Oy"},"image":{"@id":"https:\/\/rst-steel.com\/#\/schema\/logo\/image\/"}}]}},"_links":{"self":[{"href":"https:\/\/rst-steel.com\/nb\/wp-json\/wp\/v2\/product\/195239","targetHints":{"allow":["GET"]}}],"collection":[{"href":"https:\/\/rst-steel.com\/nb\/wp-json\/wp\/v2\/product"}],"about":[{"href":"https:\/\/rst-steel.com\/nb\/wp-json\/wp\/v2\/types\/product"}],"version-history":[{"count":1,"href":"https:\/\/rst-steel.com\/nb\/wp-json\/wp\/v2\/product\/195239\/revisions"}],"predecessor-version":[{"id":198811,"href":"https:\/\/rst-steel.com\/nb\/wp-json\/wp\/v2\/product\/195239\/revisions\/198811"}],"wp:featuredmedia":[{"embeddable":true,"href":"https:\/\/rst-steel.com\/nb\/wp-json\/wp\/v2\/media\/195238"}],"wp:attachment":[{"href":"https:\/\/rst-steel.com\/nb\/wp-json\/wp\/v2\/media?parent=195239"}],"wp:term":[{"taxonomy":"make_year","embeddable":true,"href":"https:\/\/rst-steel.com\/nb\/wp-json\/wp\/v2\/make_year?post=195239"},{"taxonomy":"make_brand","embeddable":true,"href":"https:\/\/rst-steel.com\/nb\/wp-json\/wp\/v2\/make_brand?post=195239"},{"taxonomy":"make_model","embeddable":true,"href":"https:\/\/rst-steel.com\/nb\/wp-json\/wp\/v2\/make_model?post=195239"},{"taxonomy":"make_fuel_type","embeddable":true,"href":"https:\/\/rst-steel.com\/nb\/wp-json\/wp\/v2\/make_fuel_type?post=195239"},{"taxonomy":"product_brand","embeddable":true,"href":"https:\/\/rst-steel.com\/nb\/wp-json\/wp\/v2\/product_brand?post=195239"},{"taxonomy":"product_cat","embeddable":true,"href":"https:\/\/rst-steel.com\/nb\/wp-json\/wp\/v2\/product_cat?post=195239"},{"taxonomy":"product_tag","embeddable":true,"href":"https:\/\/rst-steel.com\/nb\/wp-json\/wp\/v2\/product_tag?post=195239"}],"curies":[{"name":"wp","href":"https:\/\/api.w.org\/{rel}","templated":true}]}}