{"id":195853,"date":"2026-03-31T11:28:47","date_gmt":"2026-03-31T08:28:47","guid":{"rendered":"https:\/\/rst-steel.com\/product-category\/uncategorized\/lazer-neoprene-impact-cover-triple-r\/"},"modified":"2026-04-27T09:48:15","modified_gmt":"2026-04-27T06:48:15","slug":"lazer-neoprene-impact-cover-triple-r","status":"publish","type":"product","link":"https:\/\/rst-steel.com\/nb\/produktkategori\/lighting\/mounting-accessories\/lazer-accessories\/lazer-neoprene-impact-cover-triple-r\/","title":{"rendered":"Lazer Neoprene Impact Cover (TRIPLE-R)"},"content":{"rendered":"<p>Lazer Neoprene Impact Cover (Triple-R)<\/p>\n<p>Made from high-tech impact resistant &amp; washable neoprene, Lazer Lamps LED light bar neoprene covers are available for our Triple-R and Linear range. Secured using high strength Velcro pads, the covers are easy to fit and remove, ensuring your lighting investment remains in perfect condition whenever not in use. The cleverly designed covers also have the benefit of significantly reducing wind noise which can come from some bigger light bars when mounted above the windscreen.<\/p>\n<p>Available in 5 different sizes for Triple-R:<\/p>\n<p>4 LED \u2013 240mm wide<\/p>\n<p>8 LED \u2013 420mm wide<\/p>\n<p>16 LED \u2013 765mm wide<\/p>\n<p>24 LED \u2013 1125mm wide<\/p>\n<p>28 LED \u2013 1305mm wide<\/p>","protected":false},"excerpt":{"rendered":"<p>Lazer Neoprene Impact Cover (Triple-R) Made from high-tech impact resistant &amp; washable neoprene, Lazer Lamps LED light bar neoprene covers&#8230;<\/p>","protected":false},"featured_media":195852,"template":"","meta":[],"make_year":[],"make_brand":[],"make_model":[],"make_fuel_type":[],"product_brand":[9442],"product_cat":[10643,10603,10638],"product_tag":[],"class_list":{"0":"post-195853","1":"product","2":"type-product","3":"status-publish","4":"has-post-thumbnail","6":"product_brand-brand_lazer_lamps","7":"product_cat-lazer-accessories","8":"product_cat-lighting","9":"product_cat-mounting-accessories","11":"first","12":"instock","13":"taxable","14":"shipping-taxable","15":"purchasable","16":"product-type-variable"},"yoast_head":"<!-- This site is optimized with the Yoast SEO plugin v27.1.1 - https:\/\/yoast.com\/product\/yoast-seo-wordpress\/ -->\n<title>Lazer Neoprene Impact Cover (TRIPLE-R) - RST-Steel<\/title>\n<meta name=\"description\" content=\"Lazer Neoprene Impact Cover ( For Triple-R lights). Available in 5 different sizes! Check out the product selection and order now!\" \/>\n<meta name=\"robots\" content=\"index, follow, max-snippet:-1, max-image-preview:large, max-video-preview:-1\" \/>\n<link rel=\"canonical\" href=\"https:\/\/rst-steel.com\/nb\/produktkategori\/lighting\/mounting-accessories\/lazer-accessories\/lazer-neoprene-impact-cover-triple-r\/\" \/>\n<meta property=\"og:locale\" content=\"nb_NO\" \/>\n<meta property=\"og:type\" content=\"article\" \/>\n<meta property=\"og:title\" content=\"Lazer Neoprene Impact Cover (TRIPLE-R) - RST-Steel\" \/>\n<meta property=\"og:description\" content=\"Lazer Neoprene Impact Cover ( For Triple-R lights). Available in 5 different sizes! Check out the product selection and order now!\" \/>\n<meta property=\"og:url\" content=\"https:\/\/rst-steel.com\/nb\/produktkategori\/lighting\/mounting-accessories\/lazer-accessories\/lazer-neoprene-impact-cover-triple-r\/\" \/>\n<meta property=\"og:site_name\" content=\"RST-Steel\" \/>\n<meta property=\"article:modified_time\" content=\"2026-04-27T06:48:15+00:00\" \/>\n<meta property=\"og:image\" content=\"https:\/\/rst-steel.com\/wp-content\/uploads\/2026\/03\/3e1b4d6958c88ea9c3c08b313bebe0f607bdd2f6_cbfd479c93145083127b9185e497c03c.jpg\" \/>\n\t<meta property=\"og:image:width\" content=\"1500\" \/>\n\t<meta property=\"og:image:height\" content=\"1000\" \/>\n\t<meta property=\"og:image:type\" content=\"image\/jpeg\" \/>\n<meta name=\"twitter:card\" content=\"summary_large_image\" \/>\n<meta name=\"twitter:label1\" content=\"Ansl. lesetid\" \/>\n\t<meta name=\"twitter:data1\" content=\"1 minutt\" \/>\n<script type=\"application\/ld+json\" class=\"yoast-schema-graph\">{\"@context\":\"https:\/\/schema.org\",\"@graph\":[{\"@type\":\"WebPage\",\"@id\":\"https:\/\/rst-steel.com\/product-category\/lighting\/mounting-accessories\/lazer-accessories\/lazer-neoprene-impact-cover-triple-r\/\",\"url\":\"https:\/\/rst-steel.com\/product-category\/lighting\/mounting-accessories\/lazer-accessories\/lazer-neoprene-impact-cover-triple-r\/\",\"name\":\"Lazer Neoprene Impact Cover (TRIPLE-R) - RST-Steel\",\"isPartOf\":{\"@id\":\"https:\/\/rst-steel.com\/#website\"},\"primaryImageOfPage\":{\"@id\":\"https:\/\/rst-steel.com\/product-category\/lighting\/mounting-accessories\/lazer-accessories\/lazer-neoprene-impact-cover-triple-r\/#primaryimage\"},\"image\":{\"@id\":\"https:\/\/rst-steel.com\/product-category\/lighting\/mounting-accessories\/lazer-accessories\/lazer-neoprene-impact-cover-triple-r\/#primaryimage\"},\"thumbnailUrl\":\"https:\/\/rst-steel.com\/wp-content\/uploads\/2026\/03\/3e1b4d6958c88ea9c3c08b313bebe0f607bdd2f6_cbfd479c93145083127b9185e497c03c.jpg\",\"datePublished\":\"2026-03-31T08:28:47+00:00\",\"dateModified\":\"2026-04-27T06:48:15+00:00\",\"description\":\"Lazer Neoprene Impact Cover ( For Triple-R lights). Available in 5 different sizes! Check out the product selection and order now!\",\"breadcrumb\":{\"@id\":\"https:\/\/rst-steel.com\/product-category\/lighting\/mounting-accessories\/lazer-accessories\/lazer-neoprene-impact-cover-triple-r\/#breadcrumb\"},\"inLanguage\":\"nb-NO\",\"potentialAction\":[{\"@type\":\"ReadAction\",\"target\":[\"https:\/\/rst-steel.com\/product-category\/lighting\/mounting-accessories\/lazer-accessories\/lazer-neoprene-impact-cover-triple-r\/\"]}]},{\"@type\":\"ImageObject\",\"inLanguage\":\"nb-NO\",\"@id\":\"https:\/\/rst-steel.com\/product-category\/lighting\/mounting-accessories\/lazer-accessories\/lazer-neoprene-impact-cover-triple-r\/#primaryimage\",\"url\":\"https:\/\/rst-steel.com\/wp-content\/uploads\/2026\/03\/3e1b4d6958c88ea9c3c08b313bebe0f607bdd2f6_cbfd479c93145083127b9185e497c03c.jpg\",\"contentUrl\":\"https:\/\/rst-steel.com\/wp-content\/uploads\/2026\/03\/3e1b4d6958c88ea9c3c08b313bebe0f607bdd2f6_cbfd479c93145083127b9185e497c03c.jpg\",\"width\":1500,\"height\":1000,\"caption\":\"Lazer Neoprene Impact Cover (TRIPLE-R)\"},{\"@type\":\"BreadcrumbList\",\"@id\":\"https:\/\/rst-steel.com\/product-category\/lighting\/mounting-accessories\/lazer-accessories\/lazer-neoprene-impact-cover-triple-r\/#breadcrumb\",\"itemListElement\":[{\"@type\":\"ListItem\",\"position\":1,\"name\":\"Home\",\"item\":\"https:\/\/rst-steel.com\/\"},{\"@type\":\"ListItem\",\"position\":2,\"name\":\"RST-Steel Verkkokauppa\",\"item\":\"https:\/\/rst-steel.com\/shop\/\"},{\"@type\":\"ListItem\",\"position\":3,\"name\":\"Lazer Neoprene Impact Cover (TRIPLE-R)\"}]},{\"@type\":\"WebSite\",\"@id\":\"https:\/\/rst-steel.com\/#website\",\"url\":\"https:\/\/rst-steel.com\/\",\"name\":\"RST-Steel Oy - Turvallista, tyylik\u00e4st\u00e4, ter\u00e4st\u00e4\",\"description\":\"Finnish quality for discerning drivers\",\"publisher\":{\"@id\":\"https:\/\/rst-steel.com\/#organization\"},\"potentialAction\":[{\"@type\":\"SearchAction\",\"target\":{\"@type\":\"EntryPoint\",\"urlTemplate\":\"https:\/\/rst-steel.com\/?s={search_term_string}\"},\"query-input\":{\"@type\":\"PropertyValueSpecification\",\"valueRequired\":true,\"valueName\":\"search_term_string\"}}],\"inLanguage\":\"nb-NO\"},{\"@type\":\"Organization\",\"@id\":\"https:\/\/rst-steel.com\/#organization\",\"name\":\"RST-Steel Oy\",\"alternateName\":\"RST-Steel Oy - Turvallista, tyylik\u00e4st\u00e4, ter\u00e4st\u00e4\",\"url\":\"https:\/\/rst-steel.com\/\",\"logo\":{\"@type\":\"ImageObject\",\"inLanguage\":\"nb-NO\",\"@id\":\"https:\/\/rst-steel.com\/#\/schema\/logo\/image\/\",\"url\":\"https:\/\/rst-steel.com\/wp-content\/uploads\/2025\/02\/cropped-rst-valkoinen-ilman-taustaa-02.png\",\"contentUrl\":\"https:\/\/rst-steel.com\/wp-content\/uploads\/2025\/02\/cropped-rst-valkoinen-ilman-taustaa-02.png\",\"width\":2319,\"height\":690,\"caption\":\"RST-Steel Oy\"},\"image\":{\"@id\":\"https:\/\/rst-steel.com\/#\/schema\/logo\/image\/\"}}]}<\/script>\n<!-- \/ Yoast SEO plugin. -->","yoast_head_json":{"title":"Lazer Neoprene Impact Cover (TRIPLE-R) - RST-Steel","description":"Lazer Neoprene Impact Cover ( For Triple-R lights). Available in 5 different sizes! Check out the product selection and order now!","robots":{"index":"index","follow":"follow","max-snippet":"max-snippet:-1","max-image-preview":"max-image-preview:large","max-video-preview":"max-video-preview:-1"},"canonical":"https:\/\/rst-steel.com\/nb\/produktkategori\/lighting\/mounting-accessories\/lazer-accessories\/lazer-neoprene-impact-cover-triple-r\/","og_locale":"nb_NO","og_type":"article","og_title":"Lazer Neoprene Impact Cover (TRIPLE-R) - RST-Steel","og_description":"Lazer Neoprene Impact Cover ( For Triple-R lights). Available in 5 different sizes! Check out the product selection and order now!","og_url":"https:\/\/rst-steel.com\/nb\/produktkategori\/lighting\/mounting-accessories\/lazer-accessories\/lazer-neoprene-impact-cover-triple-r\/","og_site_name":"RST-Steel","article_modified_time":"2026-04-27T06:48:15+00:00","og_image":[{"width":1500,"height":1000,"url":"https:\/\/rst-steel.com\/wp-content\/uploads\/2026\/03\/3e1b4d6958c88ea9c3c08b313bebe0f607bdd2f6_cbfd479c93145083127b9185e497c03c.jpg","type":"image\/jpeg"}],"twitter_card":"summary_large_image","twitter_misc":{"Ansl. lesetid":"1 minutt"},"schema":{"@context":"https:\/\/schema.org","@graph":[{"@type":"WebPage","@id":"https:\/\/rst-steel.com\/product-category\/lighting\/mounting-accessories\/lazer-accessories\/lazer-neoprene-impact-cover-triple-r\/","url":"https:\/\/rst-steel.com\/product-category\/lighting\/mounting-accessories\/lazer-accessories\/lazer-neoprene-impact-cover-triple-r\/","name":"Lazer Neoprene Impact Cover (TRIPLE-R) - RST-Steel","isPartOf":{"@id":"https:\/\/rst-steel.com\/#website"},"primaryImageOfPage":{"@id":"https:\/\/rst-steel.com\/product-category\/lighting\/mounting-accessories\/lazer-accessories\/lazer-neoprene-impact-cover-triple-r\/#primaryimage"},"image":{"@id":"https:\/\/rst-steel.com\/product-category\/lighting\/mounting-accessories\/lazer-accessories\/lazer-neoprene-impact-cover-triple-r\/#primaryimage"},"thumbnailUrl":"https:\/\/rst-steel.com\/wp-content\/uploads\/2026\/03\/3e1b4d6958c88ea9c3c08b313bebe0f607bdd2f6_cbfd479c93145083127b9185e497c03c.jpg","datePublished":"2026-03-31T08:28:47+00:00","dateModified":"2026-04-27T06:48:15+00:00","description":"Lazer Neoprene Impact Cover ( For Triple-R lights). Available in 5 different sizes! Check out the product selection and order now!","breadcrumb":{"@id":"https:\/\/rst-steel.com\/product-category\/lighting\/mounting-accessories\/lazer-accessories\/lazer-neoprene-impact-cover-triple-r\/#breadcrumb"},"inLanguage":"nb-NO","potentialAction":[{"@type":"ReadAction","target":["https:\/\/rst-steel.com\/product-category\/lighting\/mounting-accessories\/lazer-accessories\/lazer-neoprene-impact-cover-triple-r\/"]}]},{"@type":"ImageObject","inLanguage":"nb-NO","@id":"https:\/\/rst-steel.com\/product-category\/lighting\/mounting-accessories\/lazer-accessories\/lazer-neoprene-impact-cover-triple-r\/#primaryimage","url":"https:\/\/rst-steel.com\/wp-content\/uploads\/2026\/03\/3e1b4d6958c88ea9c3c08b313bebe0f607bdd2f6_cbfd479c93145083127b9185e497c03c.jpg","contentUrl":"https:\/\/rst-steel.com\/wp-content\/uploads\/2026\/03\/3e1b4d6958c88ea9c3c08b313bebe0f607bdd2f6_cbfd479c93145083127b9185e497c03c.jpg","width":1500,"height":1000,"caption":"Lazer Neoprene Impact Cover (TRIPLE-R)"},{"@type":"BreadcrumbList","@id":"https:\/\/rst-steel.com\/product-category\/lighting\/mounting-accessories\/lazer-accessories\/lazer-neoprene-impact-cover-triple-r\/#breadcrumb","itemListElement":[{"@type":"ListItem","position":1,"name":"Home","item":"https:\/\/rst-steel.com\/"},{"@type":"ListItem","position":2,"name":"RST-Steel Verkkokauppa","item":"https:\/\/rst-steel.com\/shop\/"},{"@type":"ListItem","position":3,"name":"Lazer Neoprene Impact Cover (TRIPLE-R)"}]},{"@type":"WebSite","@id":"https:\/\/rst-steel.com\/#website","url":"https:\/\/rst-steel.com\/","name":"RST-Steel Oy - Turvallista, tyylik\u00e4st\u00e4, ter\u00e4st\u00e4","description":"Finsk kvalitet for kvalitetsbevisste sj\u00e5f\u00f8rer","publisher":{"@id":"https:\/\/rst-steel.com\/#organization"},"potentialAction":[{"@type":"SearchAction","target":{"@type":"EntryPoint","urlTemplate":"https:\/\/rst-steel.com\/?s={search_term_string}"},"query-input":{"@type":"PropertyValueSpecification","valueRequired":true,"valueName":"search_term_string"}}],"inLanguage":"nb-NO"},{"@type":"Organization","@id":"https:\/\/rst-steel.com\/#organization","name":"RST-Steel Oy","alternateName":"RST-Steel Oy - Turvallista, tyylik\u00e4st\u00e4, ter\u00e4st\u00e4","url":"https:\/\/rst-steel.com\/","logo":{"@type":"ImageObject","inLanguage":"nb-NO","@id":"https:\/\/rst-steel.com\/#\/schema\/logo\/image\/","url":"https:\/\/rst-steel.com\/wp-content\/uploads\/2025\/02\/cropped-rst-valkoinen-ilman-taustaa-02.png","contentUrl":"https:\/\/rst-steel.com\/wp-content\/uploads\/2025\/02\/cropped-rst-valkoinen-ilman-taustaa-02.png","width":2319,"height":690,"caption":"RST-Steel Oy"},"image":{"@id":"https:\/\/rst-steel.com\/#\/schema\/logo\/image\/"}}]}},"_links":{"self":[{"href":"https:\/\/rst-steel.com\/nb\/wp-json\/wp\/v2\/product\/195853","targetHints":{"allow":["GET"]}}],"collection":[{"href":"https:\/\/rst-steel.com\/nb\/wp-json\/wp\/v2\/product"}],"about":[{"href":"https:\/\/rst-steel.com\/nb\/wp-json\/wp\/v2\/types\/product"}],"version-history":[{"count":2,"href":"https:\/\/rst-steel.com\/nb\/wp-json\/wp\/v2\/product\/195853\/revisions"}],"predecessor-version":[{"id":199758,"href":"https:\/\/rst-steel.com\/nb\/wp-json\/wp\/v2\/product\/195853\/revisions\/199758"}],"wp:featuredmedia":[{"embeddable":true,"href":"https:\/\/rst-steel.com\/nb\/wp-json\/wp\/v2\/media\/195852"}],"wp:attachment":[{"href":"https:\/\/rst-steel.com\/nb\/wp-json\/wp\/v2\/media?parent=195853"}],"wp:term":[{"taxonomy":"make_year","embeddable":true,"href":"https:\/\/rst-steel.com\/nb\/wp-json\/wp\/v2\/make_year?post=195853"},{"taxonomy":"make_brand","embeddable":true,"href":"https:\/\/rst-steel.com\/nb\/wp-json\/wp\/v2\/make_brand?post=195853"},{"taxonomy":"make_model","embeddable":true,"href":"https:\/\/rst-steel.com\/nb\/wp-json\/wp\/v2\/make_model?post=195853"},{"taxonomy":"make_fuel_type","embeddable":true,"href":"https:\/\/rst-steel.com\/nb\/wp-json\/wp\/v2\/make_fuel_type?post=195853"},{"taxonomy":"product_brand","embeddable":true,"href":"https:\/\/rst-steel.com\/nb\/wp-json\/wp\/v2\/product_brand?post=195853"},{"taxonomy":"product_cat","embeddable":true,"href":"https:\/\/rst-steel.com\/nb\/wp-json\/wp\/v2\/product_cat?post=195853"},{"taxonomy":"product_tag","embeddable":true,"href":"https:\/\/rst-steel.com\/nb\/wp-json\/wp\/v2\/product_tag?post=195853"}],"curies":[{"name":"wp","href":"https:\/\/api.w.org\/{rel}","templated":true}]}}