{"id":196259,"date":"2026-03-31T11:36:05","date_gmt":"2026-03-31T08:36:05","guid":{"rendered":"https:\/\/rst-steel.com\/product-category\/uncategorized\/truckstyle-sweden-sunsivor-std-30cm-scania-ng-2017\/"},"modified":"2026-04-17T08:56:41","modified_gmt":"2026-04-17T05:56:41","slug":"truckstyle-sweden-sunsivor-std-30cm-scania-ng-2017","status":"publish","type":"product","link":"https:\/\/rst-steel.com\/nb\/produktkategori\/sun-visors-and-wind-deflectors\/sun-visors-for-trucks\/scania-sun-visors\/truckstyle-sweden-sunsivor-std-30cm-scania-ng-2017\/","title":{"rendered":"Truckstyle Sweden Sunsivor STD 30cm Scania NG 2017-"},"content":{"rendered":"<p>Truckstyle Sweden Sunsivor STD 30cm Scania NG 2017-<\/p>\n<p>Sun visor are produce using fiberglass-reinforced plastic, with both the outer and inner surfaces featuring a smooth finish. Fiberglass is an exceptional material for sun visors, offering the best balance of price, weight, and durability.<\/p>\n<p>Sun visor is designed for a perfect fit and can be easily installed on all NextGen cabins, whether they are from the L-, P-, G-, R-, S-, or XT-series. Each sun visor comes with mirror extender and spacers at no additional cost.<\/p>\n<p>All attachments are the same as for the original sunvisor. This includes the attachment of the original upper part to sun visor, which makes installation very simple.<\/p>\n<p><span style=\"font-weight: bold\">Technical information:<\/span><\/p>\n<ul>\n<li>Height at the edges: 30 cm<\/li>\n<li>Height in the middle: 27 cm<\/li>\n<\/ul>\n<p><span style=\"font-weight: bold\">Note<\/span>: sun visors are delivered without the top section and lights unless otherwise specified. Some images may display additional options to provide a complete visual impression.<\/p>","protected":false},"excerpt":{"rendered":"<p>Truckstyle Sweden Sunsivor STD 30cm Scania NG 2017- Sun visor are produce using fiberglass-reinforced plastic, with both the outer and&#8230;<\/p>","protected":false},"featured_media":196257,"template":"","meta":[],"make_year":[10907],"make_brand":[10935],"make_model":[10991,10992,10993,10994,10995,10996],"make_fuel_type":[],"product_brand":[9452],"product_cat":[10888,10872,10886],"product_tag":[],"class_list":{"0":"post-196259","1":"product","2":"type-product","3":"status-publish","4":"has-post-thumbnail","6":"make_year-trucks","7":"make_brand-scania","8":"make_model-nextgen-g-2017","9":"make_model-nextgen-2017","10":"make_model-nextgen-p-2017","11":"make_model-nextgen-r-2017","12":"make_model-nextgen-s-2017","13":"make_model-nextgen-xt-2017","14":"make_engine-scng-paivaohjaamo-matala-cg17l","15":"make_engine-scng-paivaohjaamo-matala-cp17l","16":"make_engine-scng-paivaohjaamo-matala-cr17l","17":"make_engine-scng-paivaohjaamo-normaali-cg17n","18":"make_engine-scng-paivaohjaamo-normaali-cp17n","19":"make_engine-scng-paivaohjaamo-normaali-cr17n","20":"make_engine-scng-makuuohjaamo-highline-cg20h","21":"make_engine-scng-makuuohjaamo-highline-cp20h","22":"make_engine-scng-makuuohjaamo-highline-cr20h","23":"make_engine-scng-makuuohjaamo-highline-cs20h","24":"make_engine-scng-makuuohjaamo-matala-cg20l","25":"make_engine-scng-makuuohjaamo-matala-cp20l","26":"make_engine-scng-makuuohjaamo-matala-cr20l","27":"make_engine-scng-makuuohjaamo-normaali-cg20n","28":"make_engine-scng-makuuohjaamo-normaali-cp20n","29":"make_engine-scng-makuuohjaamo-normaali-cr20n","30":"make_engine-scng-makuuohjaamo-normaali-cs20n","31":"product_brand-truckstyle_sweden","32":"product_cat-scania-sun-visors","33":"product_cat-sun-visors-and-wind-deflectors","34":"product_cat-sun-visors-for-trucks","35":"product_shipping_class-erikoispitka","37":"first","38":"instock","39":"taxable","40":"shipping-taxable","41":"purchasable","42":"product-type-variable"},"yoast_head":"<!-- This site is optimized with the Yoast SEO plugin v27.1.1 - https:\/\/yoast.com\/product\/yoast-seo-wordpress\/ -->\n<title>Truckstyle Sweden Sunsivor STD 30cm Scania NG 2017- RST-Steel<\/title>\n<meta name=\"description\" content=\"Truckstyle Sweden Sunsivor STD 30cm Scania NextGen 2017- models. Perfect fit and can be easily installed on all NextGen cabins!\" \/>\n<meta name=\"robots\" content=\"index, follow, max-snippet:-1, max-image-preview:large, max-video-preview:-1\" \/>\n<link rel=\"canonical\" href=\"https:\/\/rst-steel.com\/nb\/produktkategori\/sun-visors-and-wind-deflectors\/sun-visors-for-trucks\/scania-sun-visors\/truckstyle-sweden-sunsivor-std-30cm-scania-ng-2017\/\" \/>\n<meta property=\"og:locale\" content=\"nb_NO\" \/>\n<meta property=\"og:type\" content=\"article\" \/>\n<meta property=\"og:title\" content=\"Truckstyle Sweden Sunsivor STD 30cm Scania NG 2017- RST-Steel\" \/>\n<meta property=\"og:description\" content=\"Truckstyle Sweden Sunsivor STD 30cm Scania NextGen 2017- models. Perfect fit and can be easily installed on all NextGen cabins!\" \/>\n<meta property=\"og:url\" content=\"https:\/\/rst-steel.com\/nb\/produktkategori\/sun-visors-and-wind-deflectors\/sun-visors-for-trucks\/scania-sun-visors\/truckstyle-sweden-sunsivor-std-30cm-scania-ng-2017\/\" \/>\n<meta property=\"og:site_name\" content=\"RST-Steel\" \/>\n<meta property=\"article:modified_time\" content=\"2026-04-17T05:56:41+00:00\" \/>\n<meta property=\"og:image\" content=\"https:\/\/rst-steel.com\/wp-content\/uploads\/2026\/03\/0efbe4790a3d06e64bbc7bbc943403e4b7474c1e_a415415a19b6e31efca7f422e581c100.png\" \/>\n\t<meta property=\"og:image:width\" content=\"1000\" \/>\n\t<meta property=\"og:image:height\" content=\"750\" \/>\n\t<meta property=\"og:image:type\" content=\"image\/png\" \/>\n<meta name=\"twitter:card\" content=\"summary_large_image\" \/>\n<meta name=\"twitter:label1\" content=\"Ansl. lesetid\" \/>\n\t<meta name=\"twitter:data1\" content=\"1 minutt\" \/>\n<script type=\"application\/ld+json\" class=\"yoast-schema-graph\">{\"@context\":\"https:\/\/schema.org\",\"@graph\":[{\"@type\":\"WebPage\",\"@id\":\"https:\/\/rst-steel.com\/product-category\/sun-visors-and-wind-deflectors\/sun-visors-for-trucks\/scania-sun-visors\/truckstyle-sweden-sunsivor-std-30cm-scania-ng-2017\/\",\"url\":\"https:\/\/rst-steel.com\/product-category\/sun-visors-and-wind-deflectors\/sun-visors-for-trucks\/scania-sun-visors\/truckstyle-sweden-sunsivor-std-30cm-scania-ng-2017\/\",\"name\":\"Truckstyle Sweden Sunsivor STD 30cm Scania NG 2017- RST-Steel\",\"isPartOf\":{\"@id\":\"https:\/\/rst-steel.com\/#website\"},\"primaryImageOfPage\":{\"@id\":\"https:\/\/rst-steel.com\/product-category\/sun-visors-and-wind-deflectors\/sun-visors-for-trucks\/scania-sun-visors\/truckstyle-sweden-sunsivor-std-30cm-scania-ng-2017\/#primaryimage\"},\"image\":{\"@id\":\"https:\/\/rst-steel.com\/product-category\/sun-visors-and-wind-deflectors\/sun-visors-for-trucks\/scania-sun-visors\/truckstyle-sweden-sunsivor-std-30cm-scania-ng-2017\/#primaryimage\"},\"thumbnailUrl\":\"https:\/\/rst-steel.com\/wp-content\/uploads\/2026\/03\/0efbe4790a3d06e64bbc7bbc943403e4b7474c1e_a415415a19b6e31efca7f422e581c100.png\",\"datePublished\":\"2026-03-31T08:36:05+00:00\",\"dateModified\":\"2026-04-17T05:56:41+00:00\",\"description\":\"Truckstyle Sweden Sunsivor STD 30cm Scania NextGen 2017- models. Perfect fit and can be easily installed on all NextGen cabins!\",\"breadcrumb\":{\"@id\":\"https:\/\/rst-steel.com\/product-category\/sun-visors-and-wind-deflectors\/sun-visors-for-trucks\/scania-sun-visors\/truckstyle-sweden-sunsivor-std-30cm-scania-ng-2017\/#breadcrumb\"},\"inLanguage\":\"nb-NO\",\"potentialAction\":[{\"@type\":\"ReadAction\",\"target\":[\"https:\/\/rst-steel.com\/product-category\/sun-visors-and-wind-deflectors\/sun-visors-for-trucks\/scania-sun-visors\/truckstyle-sweden-sunsivor-std-30cm-scania-ng-2017\/\"]}]},{\"@type\":\"ImageObject\",\"inLanguage\":\"nb-NO\",\"@id\":\"https:\/\/rst-steel.com\/product-category\/sun-visors-and-wind-deflectors\/sun-visors-for-trucks\/scania-sun-visors\/truckstyle-sweden-sunsivor-std-30cm-scania-ng-2017\/#primaryimage\",\"url\":\"https:\/\/rst-steel.com\/wp-content\/uploads\/2026\/03\/0efbe4790a3d06e64bbc7bbc943403e4b7474c1e_a415415a19b6e31efca7f422e581c100.png\",\"contentUrl\":\"https:\/\/rst-steel.com\/wp-content\/uploads\/2026\/03\/0efbe4790a3d06e64bbc7bbc943403e4b7474c1e_a415415a19b6e31efca7f422e581c100.png\",\"width\":1000,\"height\":750,\"caption\":\"prm_68973\"},{\"@type\":\"BreadcrumbList\",\"@id\":\"https:\/\/rst-steel.com\/product-category\/sun-visors-and-wind-deflectors\/sun-visors-for-trucks\/scania-sun-visors\/truckstyle-sweden-sunsivor-std-30cm-scania-ng-2017\/#breadcrumb\",\"itemListElement\":[{\"@type\":\"ListItem\",\"position\":1,\"name\":\"Home\",\"item\":\"https:\/\/rst-steel.com\/\"},{\"@type\":\"ListItem\",\"position\":2,\"name\":\"RST-Steel Verkkokauppa\",\"item\":\"https:\/\/rst-steel.com\/shop\/\"},{\"@type\":\"ListItem\",\"position\":3,\"name\":\"Truckstyle Sweden Sunsivor STD 30cm Scania NG 2017-\"}]},{\"@type\":\"WebSite\",\"@id\":\"https:\/\/rst-steel.com\/#website\",\"url\":\"https:\/\/rst-steel.com\/\",\"name\":\"RST-Steel Oy - Turvallista, tyylik\u00e4st\u00e4, ter\u00e4st\u00e4\",\"description\":\"Finnish quality for discerning drivers\",\"publisher\":{\"@id\":\"https:\/\/rst-steel.com\/#organization\"},\"potentialAction\":[{\"@type\":\"SearchAction\",\"target\":{\"@type\":\"EntryPoint\",\"urlTemplate\":\"https:\/\/rst-steel.com\/?s={search_term_string}\"},\"query-input\":{\"@type\":\"PropertyValueSpecification\",\"valueRequired\":true,\"valueName\":\"search_term_string\"}}],\"inLanguage\":\"nb-NO\"},{\"@type\":\"Organization\",\"@id\":\"https:\/\/rst-steel.com\/#organization\",\"name\":\"RST-Steel Oy\",\"alternateName\":\"RST-Steel Oy - Turvallista, tyylik\u00e4st\u00e4, ter\u00e4st\u00e4\",\"url\":\"https:\/\/rst-steel.com\/\",\"logo\":{\"@type\":\"ImageObject\",\"inLanguage\":\"nb-NO\",\"@id\":\"https:\/\/rst-steel.com\/#\/schema\/logo\/image\/\",\"url\":\"https:\/\/rst-steel.com\/wp-content\/uploads\/2025\/02\/cropped-rst-valkoinen-ilman-taustaa-02.png\",\"contentUrl\":\"https:\/\/rst-steel.com\/wp-content\/uploads\/2025\/02\/cropped-rst-valkoinen-ilman-taustaa-02.png\",\"width\":2319,\"height\":690,\"caption\":\"RST-Steel Oy\"},\"image\":{\"@id\":\"https:\/\/rst-steel.com\/#\/schema\/logo\/image\/\"}}]}<\/script>\n<!-- \/ Yoast SEO plugin. -->","yoast_head_json":{"title":"Truckstyle Sweden Sunsivor STD 30cm Scania NG 2017- RST-Steel","description":"Truckstyle Sweden Sunsivor STD 30cm Scania NextGen 2017- models. Perfect fit and can be easily installed on all NextGen cabins!","robots":{"index":"index","follow":"follow","max-snippet":"max-snippet:-1","max-image-preview":"max-image-preview:large","max-video-preview":"max-video-preview:-1"},"canonical":"https:\/\/rst-steel.com\/nb\/produktkategori\/sun-visors-and-wind-deflectors\/sun-visors-for-trucks\/scania-sun-visors\/truckstyle-sweden-sunsivor-std-30cm-scania-ng-2017\/","og_locale":"nb_NO","og_type":"article","og_title":"Truckstyle Sweden Sunsivor STD 30cm Scania NG 2017- RST-Steel","og_description":"Truckstyle Sweden Sunsivor STD 30cm Scania NextGen 2017- models. Perfect fit and can be easily installed on all NextGen cabins!","og_url":"https:\/\/rst-steel.com\/nb\/produktkategori\/sun-visors-and-wind-deflectors\/sun-visors-for-trucks\/scania-sun-visors\/truckstyle-sweden-sunsivor-std-30cm-scania-ng-2017\/","og_site_name":"RST-Steel","article_modified_time":"2026-04-17T05:56:41+00:00","og_image":[{"width":1000,"height":750,"url":"https:\/\/rst-steel.com\/wp-content\/uploads\/2026\/03\/0efbe4790a3d06e64bbc7bbc943403e4b7474c1e_a415415a19b6e31efca7f422e581c100.png","type":"image\/png"}],"twitter_card":"summary_large_image","twitter_misc":{"Ansl. lesetid":"1 minutt"},"schema":{"@context":"https:\/\/schema.org","@graph":[{"@type":"WebPage","@id":"https:\/\/rst-steel.com\/product-category\/sun-visors-and-wind-deflectors\/sun-visors-for-trucks\/scania-sun-visors\/truckstyle-sweden-sunsivor-std-30cm-scania-ng-2017\/","url":"https:\/\/rst-steel.com\/product-category\/sun-visors-and-wind-deflectors\/sun-visors-for-trucks\/scania-sun-visors\/truckstyle-sweden-sunsivor-std-30cm-scania-ng-2017\/","name":"Truckstyle Sweden Sunsivor STD 30cm Scania NG 2017- RST-Steel","isPartOf":{"@id":"https:\/\/rst-steel.com\/#website"},"primaryImageOfPage":{"@id":"https:\/\/rst-steel.com\/product-category\/sun-visors-and-wind-deflectors\/sun-visors-for-trucks\/scania-sun-visors\/truckstyle-sweden-sunsivor-std-30cm-scania-ng-2017\/#primaryimage"},"image":{"@id":"https:\/\/rst-steel.com\/product-category\/sun-visors-and-wind-deflectors\/sun-visors-for-trucks\/scania-sun-visors\/truckstyle-sweden-sunsivor-std-30cm-scania-ng-2017\/#primaryimage"},"thumbnailUrl":"https:\/\/rst-steel.com\/wp-content\/uploads\/2026\/03\/0efbe4790a3d06e64bbc7bbc943403e4b7474c1e_a415415a19b6e31efca7f422e581c100.png","datePublished":"2026-03-31T08:36:05+00:00","dateModified":"2026-04-17T05:56:41+00:00","description":"Truckstyle Sweden Sunsivor STD 30cm Scania NextGen 2017- models. Perfect fit and can be easily installed on all NextGen cabins!","breadcrumb":{"@id":"https:\/\/rst-steel.com\/product-category\/sun-visors-and-wind-deflectors\/sun-visors-for-trucks\/scania-sun-visors\/truckstyle-sweden-sunsivor-std-30cm-scania-ng-2017\/#breadcrumb"},"inLanguage":"nb-NO","potentialAction":[{"@type":"ReadAction","target":["https:\/\/rst-steel.com\/product-category\/sun-visors-and-wind-deflectors\/sun-visors-for-trucks\/scania-sun-visors\/truckstyle-sweden-sunsivor-std-30cm-scania-ng-2017\/"]}]},{"@type":"ImageObject","inLanguage":"nb-NO","@id":"https:\/\/rst-steel.com\/product-category\/sun-visors-and-wind-deflectors\/sun-visors-for-trucks\/scania-sun-visors\/truckstyle-sweden-sunsivor-std-30cm-scania-ng-2017\/#primaryimage","url":"https:\/\/rst-steel.com\/wp-content\/uploads\/2026\/03\/0efbe4790a3d06e64bbc7bbc943403e4b7474c1e_a415415a19b6e31efca7f422e581c100.png","contentUrl":"https:\/\/rst-steel.com\/wp-content\/uploads\/2026\/03\/0efbe4790a3d06e64bbc7bbc943403e4b7474c1e_a415415a19b6e31efca7f422e581c100.png","width":1000,"height":750,"caption":"prm_68973"},{"@type":"BreadcrumbList","@id":"https:\/\/rst-steel.com\/product-category\/sun-visors-and-wind-deflectors\/sun-visors-for-trucks\/scania-sun-visors\/truckstyle-sweden-sunsivor-std-30cm-scania-ng-2017\/#breadcrumb","itemListElement":[{"@type":"ListItem","position":1,"name":"Home","item":"https:\/\/rst-steel.com\/"},{"@type":"ListItem","position":2,"name":"RST-Steel Verkkokauppa","item":"https:\/\/rst-steel.com\/shop\/"},{"@type":"ListItem","position":3,"name":"Truckstyle Sweden Sunsivor STD 30cm Scania NG 2017-"}]},{"@type":"WebSite","@id":"https:\/\/rst-steel.com\/#website","url":"https:\/\/rst-steel.com\/","name":"RST-Steel Oy - Turvallista, tyylik\u00e4st\u00e4, ter\u00e4st\u00e4","description":"Finsk kvalitet for kvalitetsbevisste sj\u00e5f\u00f8rer","publisher":{"@id":"https:\/\/rst-steel.com\/#organization"},"potentialAction":[{"@type":"SearchAction","target":{"@type":"EntryPoint","urlTemplate":"https:\/\/rst-steel.com\/?s={search_term_string}"},"query-input":{"@type":"PropertyValueSpecification","valueRequired":true,"valueName":"search_term_string"}}],"inLanguage":"nb-NO"},{"@type":"Organization","@id":"https:\/\/rst-steel.com\/#organization","name":"RST-Steel Oy","alternateName":"RST-Steel Oy - Turvallista, tyylik\u00e4st\u00e4, ter\u00e4st\u00e4","url":"https:\/\/rst-steel.com\/","logo":{"@type":"ImageObject","inLanguage":"nb-NO","@id":"https:\/\/rst-steel.com\/#\/schema\/logo\/image\/","url":"https:\/\/rst-steel.com\/wp-content\/uploads\/2025\/02\/cropped-rst-valkoinen-ilman-taustaa-02.png","contentUrl":"https:\/\/rst-steel.com\/wp-content\/uploads\/2025\/02\/cropped-rst-valkoinen-ilman-taustaa-02.png","width":2319,"height":690,"caption":"RST-Steel Oy"},"image":{"@id":"https:\/\/rst-steel.com\/#\/schema\/logo\/image\/"}}]}},"_links":{"self":[{"href":"https:\/\/rst-steel.com\/nb\/wp-json\/wp\/v2\/product\/196259","targetHints":{"allow":["GET"]}}],"collection":[{"href":"https:\/\/rst-steel.com\/nb\/wp-json\/wp\/v2\/product"}],"about":[{"href":"https:\/\/rst-steel.com\/nb\/wp-json\/wp\/v2\/types\/product"}],"version-history":[{"count":1,"href":"https:\/\/rst-steel.com\/nb\/wp-json\/wp\/v2\/product\/196259\/revisions"}],"predecessor-version":[{"id":198748,"href":"https:\/\/rst-steel.com\/nb\/wp-json\/wp\/v2\/product\/196259\/revisions\/198748"}],"wp:featuredmedia":[{"embeddable":true,"href":"https:\/\/rst-steel.com\/nb\/wp-json\/wp\/v2\/media\/196257"}],"wp:attachment":[{"href":"https:\/\/rst-steel.com\/nb\/wp-json\/wp\/v2\/media?parent=196259"}],"wp:term":[{"taxonomy":"make_year","embeddable":true,"href":"https:\/\/rst-steel.com\/nb\/wp-json\/wp\/v2\/make_year?post=196259"},{"taxonomy":"make_brand","embeddable":true,"href":"https:\/\/rst-steel.com\/nb\/wp-json\/wp\/v2\/make_brand?post=196259"},{"taxonomy":"make_model","embeddable":true,"href":"https:\/\/rst-steel.com\/nb\/wp-json\/wp\/v2\/make_model?post=196259"},{"taxonomy":"make_fuel_type","embeddable":true,"href":"https:\/\/rst-steel.com\/nb\/wp-json\/wp\/v2\/make_fuel_type?post=196259"},{"taxonomy":"product_brand","embeddable":true,"href":"https:\/\/rst-steel.com\/nb\/wp-json\/wp\/v2\/product_brand?post=196259"},{"taxonomy":"product_cat","embeddable":true,"href":"https:\/\/rst-steel.com\/nb\/wp-json\/wp\/v2\/product_cat?post=196259"},{"taxonomy":"product_tag","embeddable":true,"href":"https:\/\/rst-steel.com\/nb\/wp-json\/wp\/v2\/product_tag?post=196259"}],"curies":[{"name":"wp","href":"https:\/\/api.w.org\/{rel}","templated":true}]}}