{"id":196348,"date":"2026-03-31T11:37:52","date_gmt":"2026-03-31T08:37:52","guid":{"rendered":"https:\/\/rst-steel.com\/product-category\/uncategorized\/side-bars-vw-amarok-2023\/"},"modified":"2026-04-15T09:09:09","modified_gmt":"2026-04-15T06:09:09","slug":"side-bars-vw-amarok-2023","status":"publish","type":"product","link":"https:\/\/rst-steel.com\/nb\/produktkategori\/side-bars-and-side-steps\/side-bars-for-pickup-trucks\/volkswagen-side-bars\/side-bars-vw-amarok-2023\/","title":{"rendered":"Side Bars VW Amarok 2023-"},"content":{"rendered":"<p>Side Bars VW Amarok 2023-<\/p>\n<p>RST-Steel side bars&nbsp;are high-quality products made of stainless steel. Side bars are a stylish accessory with which you protect your car from extra bumps. The side bars can also be equipped with position lights, which improves visibility in traffic even more. Quick and easy installation, installation in ready-made places.<\/p>\n<p><span style=\"font-weight: bold\">Technical information:<\/span><\/p>\n<ul>\n<li>Color: Mirror polished stainless steel or painting with RAL-basic colors<\/li>\n<li>Pipe diameter:&nbsp; 76 mm<\/li>\n<li>Easy to install<\/li>\n<\/ul>\n<p><span style=\"font-weight: bold\">Delivery contents:<\/span><\/p>\n<ul>\n<li>Side bars<\/li>\n<li>Fasteners required for installation<\/li>\n<li>Installation instructions<\/li>\n<\/ul>\n<p><span style=\"font-weight: bold\">Note! the picture is indicative<\/span><\/p>","protected":false},"excerpt":{"rendered":"<p>Side Bars VW Amarok 2023- RST-Steel side bars&nbsp;are high-quality products made of stainless steel. Side bars are a stylish accessory&#8230;<\/p>","protected":false},"featured_media":196346,"template":"","meta":[],"make_year":[10905],"make_brand":[10937],"make_model":[10961],"make_fuel_type":[],"product_brand":[9443],"product_cat":[10843,10852,10853],"product_tag":[],"class_list":{"0":"post-196348","1":"product","2":"type-product","3":"status-publish","4":"has-post-thumbnail","6":"make_year-pickup-truck","7":"make_brand-vw-pickup","8":"make_model-amarok-23","9":"make_engine-amarok-double-cab","10":"product_brand-brand_rststeel","11":"product_cat-side-bars-and-side-steps","12":"product_cat-side-bars-for-pickup-trucks","13":"product_cat-volkswagen-side-bars","14":"product_shipping_class-lightbars","16":"first","17":"onbackorder","18":"taxable","19":"shipping-taxable","20":"purchasable","21":"product-type-variable"},"yoast_head":"<!-- This site is optimized with the Yoast SEO plugin v27.1.1 - https:\/\/yoast.com\/product\/yoast-seo-wordpress\/ -->\n<title>Side Bars VW Amarok 2023- RST-Steel<\/title>\n<meta name=\"description\" content=\"Side Bars VW Amarok 2023- models. Side bars are a stylish accessory with which you protect your car from extra bumps. Place your order now!\" \/>\n<meta name=\"robots\" content=\"index, follow, max-snippet:-1, max-image-preview:large, max-video-preview:-1\" \/>\n<link rel=\"canonical\" href=\"https:\/\/rst-steel.com\/nb\/produktkategori\/side-bars-and-side-steps\/side-bars-for-pickup-trucks\/volkswagen-side-bars\/side-bars-vw-amarok-2023\/\" \/>\n<meta property=\"og:locale\" content=\"nb_NO\" \/>\n<meta property=\"og:type\" content=\"article\" \/>\n<meta property=\"og:title\" content=\"Side Bars VW Amarok 2023- RST-Steel\" \/>\n<meta property=\"og:description\" content=\"Side Bars VW Amarok 2023- models. Side bars are a stylish accessory with which you protect your car from extra bumps. Place your order now!\" \/>\n<meta property=\"og:url\" content=\"https:\/\/rst-steel.com\/nb\/produktkategori\/side-bars-and-side-steps\/side-bars-for-pickup-trucks\/volkswagen-side-bars\/side-bars-vw-amarok-2023\/\" \/>\n<meta property=\"og:site_name\" content=\"RST-Steel\" \/>\n<meta property=\"article:modified_time\" content=\"2026-04-15T06:09:09+00:00\" \/>\n<meta property=\"og:image\" content=\"https:\/\/rst-steel.com\/wp-content\/uploads\/2026\/03\/9ab2c903a24c441aa920587d6d31147acc7b5e41_48f675eea15d23b3494012003b8ba546-scaled.jpg\" \/>\n\t<meta property=\"og:image:width\" content=\"2560\" \/>\n\t<meta property=\"og:image:height\" content=\"1707\" \/>\n\t<meta property=\"og:image:type\" content=\"image\/jpeg\" \/>\n<meta name=\"twitter:card\" content=\"summary_large_image\" \/>\n<meta name=\"twitter:label1\" content=\"Ansl. lesetid\" \/>\n\t<meta name=\"twitter:data1\" content=\"1 minutt\" \/>\n<script type=\"application\/ld+json\" class=\"yoast-schema-graph\">{\"@context\":\"https:\/\/schema.org\",\"@graph\":[{\"@type\":\"WebPage\",\"@id\":\"https:\/\/rst-steel.com\/product-category\/side-bars-and-side-steps\/side-bars-for-pickup-trucks\/volkswagen-side-bars\/side-bars-vw-amarok-2023\/\",\"url\":\"https:\/\/rst-steel.com\/product-category\/side-bars-and-side-steps\/side-bars-for-pickup-trucks\/volkswagen-side-bars\/side-bars-vw-amarok-2023\/\",\"name\":\"Side Bars VW Amarok 2023- RST-Steel\",\"isPartOf\":{\"@id\":\"https:\/\/rst-steel.com\/#website\"},\"primaryImageOfPage\":{\"@id\":\"https:\/\/rst-steel.com\/product-category\/side-bars-and-side-steps\/side-bars-for-pickup-trucks\/volkswagen-side-bars\/side-bars-vw-amarok-2023\/#primaryimage\"},\"image\":{\"@id\":\"https:\/\/rst-steel.com\/product-category\/side-bars-and-side-steps\/side-bars-for-pickup-trucks\/volkswagen-side-bars\/side-bars-vw-amarok-2023\/#primaryimage\"},\"thumbnailUrl\":\"https:\/\/rst-steel.com\/wp-content\/uploads\/2026\/03\/9ab2c903a24c441aa920587d6d31147acc7b5e41_48f675eea15d23b3494012003b8ba546-scaled.jpg\",\"datePublished\":\"2026-03-31T08:37:52+00:00\",\"dateModified\":\"2026-04-15T06:09:09+00:00\",\"description\":\"Side Bars VW Amarok 2023- models. Side bars are a stylish accessory with which you protect your car from extra bumps. Place your order now!\",\"breadcrumb\":{\"@id\":\"https:\/\/rst-steel.com\/product-category\/side-bars-and-side-steps\/side-bars-for-pickup-trucks\/volkswagen-side-bars\/side-bars-vw-amarok-2023\/#breadcrumb\"},\"inLanguage\":\"nb-NO\",\"potentialAction\":[{\"@type\":\"ReadAction\",\"target\":[\"https:\/\/rst-steel.com\/product-category\/side-bars-and-side-steps\/side-bars-for-pickup-trucks\/volkswagen-side-bars\/side-bars-vw-amarok-2023\/\"]}]},{\"@type\":\"ImageObject\",\"inLanguage\":\"nb-NO\",\"@id\":\"https:\/\/rst-steel.com\/product-category\/side-bars-and-side-steps\/side-bars-for-pickup-trucks\/volkswagen-side-bars\/side-bars-vw-amarok-2023\/#primaryimage\",\"url\":\"https:\/\/rst-steel.com\/wp-content\/uploads\/2026\/03\/9ab2c903a24c441aa920587d6d31147acc7b5e41_48f675eea15d23b3494012003b8ba546-scaled.jpg\",\"contentUrl\":\"https:\/\/rst-steel.com\/wp-content\/uploads\/2026\/03\/9ab2c903a24c441aa920587d6d31147acc7b5e41_48f675eea15d23b3494012003b8ba546-scaled.jpg\",\"width\":2560,\"height\":1707,\"caption\":\"prm_70940\"},{\"@type\":\"BreadcrumbList\",\"@id\":\"https:\/\/rst-steel.com\/product-category\/side-bars-and-side-steps\/side-bars-for-pickup-trucks\/volkswagen-side-bars\/side-bars-vw-amarok-2023\/#breadcrumb\",\"itemListElement\":[{\"@type\":\"ListItem\",\"position\":1,\"name\":\"Home\",\"item\":\"https:\/\/rst-steel.com\/\"},{\"@type\":\"ListItem\",\"position\":2,\"name\":\"RST-Steel Verkkokauppa\",\"item\":\"https:\/\/rst-steel.com\/shop\/\"},{\"@type\":\"ListItem\",\"position\":3,\"name\":\"Side Bars VW Amarok 2023-\"}]},{\"@type\":\"WebSite\",\"@id\":\"https:\/\/rst-steel.com\/#website\",\"url\":\"https:\/\/rst-steel.com\/\",\"name\":\"RST-Steel Oy - Turvallista, tyylik\u00e4st\u00e4, ter\u00e4st\u00e4\",\"description\":\"Finnish quality for discerning drivers\",\"publisher\":{\"@id\":\"https:\/\/rst-steel.com\/#organization\"},\"potentialAction\":[{\"@type\":\"SearchAction\",\"target\":{\"@type\":\"EntryPoint\",\"urlTemplate\":\"https:\/\/rst-steel.com\/?s={search_term_string}\"},\"query-input\":{\"@type\":\"PropertyValueSpecification\",\"valueRequired\":true,\"valueName\":\"search_term_string\"}}],\"inLanguage\":\"nb-NO\"},{\"@type\":\"Organization\",\"@id\":\"https:\/\/rst-steel.com\/#organization\",\"name\":\"RST-Steel Oy\",\"alternateName\":\"RST-Steel Oy - Turvallista, tyylik\u00e4st\u00e4, ter\u00e4st\u00e4\",\"url\":\"https:\/\/rst-steel.com\/\",\"logo\":{\"@type\":\"ImageObject\",\"inLanguage\":\"nb-NO\",\"@id\":\"https:\/\/rst-steel.com\/#\/schema\/logo\/image\/\",\"url\":\"https:\/\/rst-steel.com\/wp-content\/uploads\/2025\/02\/cropped-rst-valkoinen-ilman-taustaa-02.png\",\"contentUrl\":\"https:\/\/rst-steel.com\/wp-content\/uploads\/2025\/02\/cropped-rst-valkoinen-ilman-taustaa-02.png\",\"width\":2319,\"height\":690,\"caption\":\"RST-Steel Oy\"},\"image\":{\"@id\":\"https:\/\/rst-steel.com\/#\/schema\/logo\/image\/\"}}]}<\/script>\n<!-- \/ Yoast SEO plugin. -->","yoast_head_json":{"title":"Side Bars VW Amarok 2023- RST-Steel","description":"Side Bars VW Amarok 2023- models. Side bars are a stylish accessory with which you protect your car from extra bumps. Place your order now!","robots":{"index":"index","follow":"follow","max-snippet":"max-snippet:-1","max-image-preview":"max-image-preview:large","max-video-preview":"max-video-preview:-1"},"canonical":"https:\/\/rst-steel.com\/nb\/produktkategori\/side-bars-and-side-steps\/side-bars-for-pickup-trucks\/volkswagen-side-bars\/side-bars-vw-amarok-2023\/","og_locale":"nb_NO","og_type":"article","og_title":"Side Bars VW Amarok 2023- RST-Steel","og_description":"Side Bars VW Amarok 2023- models. Side bars are a stylish accessory with which you protect your car from extra bumps. Place your order now!","og_url":"https:\/\/rst-steel.com\/nb\/produktkategori\/side-bars-and-side-steps\/side-bars-for-pickup-trucks\/volkswagen-side-bars\/side-bars-vw-amarok-2023\/","og_site_name":"RST-Steel","article_modified_time":"2026-04-15T06:09:09+00:00","og_image":[{"width":2560,"height":1707,"url":"https:\/\/rst-steel.com\/wp-content\/uploads\/2026\/03\/9ab2c903a24c441aa920587d6d31147acc7b5e41_48f675eea15d23b3494012003b8ba546-scaled.jpg","type":"image\/jpeg"}],"twitter_card":"summary_large_image","twitter_misc":{"Ansl. lesetid":"1 minutt"},"schema":{"@context":"https:\/\/schema.org","@graph":[{"@type":"WebPage","@id":"https:\/\/rst-steel.com\/product-category\/side-bars-and-side-steps\/side-bars-for-pickup-trucks\/volkswagen-side-bars\/side-bars-vw-amarok-2023\/","url":"https:\/\/rst-steel.com\/product-category\/side-bars-and-side-steps\/side-bars-for-pickup-trucks\/volkswagen-side-bars\/side-bars-vw-amarok-2023\/","name":"Side Bars VW Amarok 2023- RST-Steel","isPartOf":{"@id":"https:\/\/rst-steel.com\/#website"},"primaryImageOfPage":{"@id":"https:\/\/rst-steel.com\/product-category\/side-bars-and-side-steps\/side-bars-for-pickup-trucks\/volkswagen-side-bars\/side-bars-vw-amarok-2023\/#primaryimage"},"image":{"@id":"https:\/\/rst-steel.com\/product-category\/side-bars-and-side-steps\/side-bars-for-pickup-trucks\/volkswagen-side-bars\/side-bars-vw-amarok-2023\/#primaryimage"},"thumbnailUrl":"https:\/\/rst-steel.com\/wp-content\/uploads\/2026\/03\/9ab2c903a24c441aa920587d6d31147acc7b5e41_48f675eea15d23b3494012003b8ba546-scaled.jpg","datePublished":"2026-03-31T08:37:52+00:00","dateModified":"2026-04-15T06:09:09+00:00","description":"Side Bars VW Amarok 2023- models. Side bars are a stylish accessory with which you protect your car from extra bumps. Place your order now!","breadcrumb":{"@id":"https:\/\/rst-steel.com\/product-category\/side-bars-and-side-steps\/side-bars-for-pickup-trucks\/volkswagen-side-bars\/side-bars-vw-amarok-2023\/#breadcrumb"},"inLanguage":"nb-NO","potentialAction":[{"@type":"ReadAction","target":["https:\/\/rst-steel.com\/product-category\/side-bars-and-side-steps\/side-bars-for-pickup-trucks\/volkswagen-side-bars\/side-bars-vw-amarok-2023\/"]}]},{"@type":"ImageObject","inLanguage":"nb-NO","@id":"https:\/\/rst-steel.com\/product-category\/side-bars-and-side-steps\/side-bars-for-pickup-trucks\/volkswagen-side-bars\/side-bars-vw-amarok-2023\/#primaryimage","url":"https:\/\/rst-steel.com\/wp-content\/uploads\/2026\/03\/9ab2c903a24c441aa920587d6d31147acc7b5e41_48f675eea15d23b3494012003b8ba546-scaled.jpg","contentUrl":"https:\/\/rst-steel.com\/wp-content\/uploads\/2026\/03\/9ab2c903a24c441aa920587d6d31147acc7b5e41_48f675eea15d23b3494012003b8ba546-scaled.jpg","width":2560,"height":1707,"caption":"prm_70940"},{"@type":"BreadcrumbList","@id":"https:\/\/rst-steel.com\/product-category\/side-bars-and-side-steps\/side-bars-for-pickup-trucks\/volkswagen-side-bars\/side-bars-vw-amarok-2023\/#breadcrumb","itemListElement":[{"@type":"ListItem","position":1,"name":"Home","item":"https:\/\/rst-steel.com\/"},{"@type":"ListItem","position":2,"name":"RST-Steel Verkkokauppa","item":"https:\/\/rst-steel.com\/shop\/"},{"@type":"ListItem","position":3,"name":"Side Bars VW Amarok 2023-"}]},{"@type":"WebSite","@id":"https:\/\/rst-steel.com\/#website","url":"https:\/\/rst-steel.com\/","name":"RST-Steel Oy - Turvallista, tyylik\u00e4st\u00e4, ter\u00e4st\u00e4","description":"Finsk kvalitet for kvalitetsbevisste sj\u00e5f\u00f8rer","publisher":{"@id":"https:\/\/rst-steel.com\/#organization"},"potentialAction":[{"@type":"SearchAction","target":{"@type":"EntryPoint","urlTemplate":"https:\/\/rst-steel.com\/?s={search_term_string}"},"query-input":{"@type":"PropertyValueSpecification","valueRequired":true,"valueName":"search_term_string"}}],"inLanguage":"nb-NO"},{"@type":"Organization","@id":"https:\/\/rst-steel.com\/#organization","name":"Administrer alternativer","alternateName":"RST-Steel Oy - Turvallista, tyylik\u00e4st\u00e4, ter\u00e4st\u00e4","url":"https:\/\/rst-steel.com\/","logo":{"@type":"ImageObject","inLanguage":"nb-NO","@id":"https:\/\/rst-steel.com\/#\/schema\/logo\/image\/","url":"https:\/\/rst-steel.com\/wp-content\/uploads\/2025\/02\/cropped-rst-valkoinen-ilman-taustaa-02.png","contentUrl":"https:\/\/rst-steel.com\/wp-content\/uploads\/2025\/02\/cropped-rst-valkoinen-ilman-taustaa-02.png","width":2319,"height":690,"caption":"RST-Steel Oy"},"image":{"@id":"https:\/\/rst-steel.com\/#\/schema\/logo\/image\/"}}]}},"_links":{"self":[{"href":"https:\/\/rst-steel.com\/nb\/wp-json\/wp\/v2\/product\/196348","targetHints":{"allow":["GET"]}}],"collection":[{"href":"https:\/\/rst-steel.com\/nb\/wp-json\/wp\/v2\/product"}],"about":[{"href":"https:\/\/rst-steel.com\/nb\/wp-json\/wp\/v2\/types\/product"}],"version-history":[{"count":1,"href":"https:\/\/rst-steel.com\/nb\/wp-json\/wp\/v2\/product\/196348\/revisions"}],"predecessor-version":[{"id":198742,"href":"https:\/\/rst-steel.com\/nb\/wp-json\/wp\/v2\/product\/196348\/revisions\/198742"}],"wp:featuredmedia":[{"embeddable":true,"href":"https:\/\/rst-steel.com\/nb\/wp-json\/wp\/v2\/media\/196346"}],"wp:attachment":[{"href":"https:\/\/rst-steel.com\/nb\/wp-json\/wp\/v2\/media?parent=196348"}],"wp:term":[{"taxonomy":"make_year","embeddable":true,"href":"https:\/\/rst-steel.com\/nb\/wp-json\/wp\/v2\/make_year?post=196348"},{"taxonomy":"make_brand","embeddable":true,"href":"https:\/\/rst-steel.com\/nb\/wp-json\/wp\/v2\/make_brand?post=196348"},{"taxonomy":"make_model","embeddable":true,"href":"https:\/\/rst-steel.com\/nb\/wp-json\/wp\/v2\/make_model?post=196348"},{"taxonomy":"make_fuel_type","embeddable":true,"href":"https:\/\/rst-steel.com\/nb\/wp-json\/wp\/v2\/make_fuel_type?post=196348"},{"taxonomy":"product_brand","embeddable":true,"href":"https:\/\/rst-steel.com\/nb\/wp-json\/wp\/v2\/product_brand?post=196348"},{"taxonomy":"product_cat","embeddable":true,"href":"https:\/\/rst-steel.com\/nb\/wp-json\/wp\/v2\/product_cat?post=196348"},{"taxonomy":"product_tag","embeddable":true,"href":"https:\/\/rst-steel.com\/nb\/wp-json\/wp\/v2\/product_tag?post=196348"}],"curies":[{"name":"wp","href":"https:\/\/api.w.org\/{rel}","templated":true}]}}