{"id":196358,"date":"2026-03-31T11:38:07","date_gmt":"2026-03-31T08:38:07","guid":{"rendered":"https:\/\/rst-steel.com\/product-category\/uncategorized\/misutonida-front-bars-vw-amarok-2023\/"},"modified":"2026-04-10T10:17:25","modified_gmt":"2026-04-10T07:17:25","slug":"misutonida-front-bars-vw-amarok-2023","status":"publish","type":"product","link":"https:\/\/rst-steel.com\/nb\/produktkategori\/light-bars\/front-bars-for-pickup-trucks\/volkswagen-front-spoiler-bars\/misutonida-front-bars-vw-amarok-2023\/","title":{"rendered":"Misutonida front bars VW Amarok 2023-"},"content":{"rendered":"<p>Misutonida front bars VW Amarok 2023-<\/p>\n<p><\/p>\n<p>The front bars gives your car a spectacular and individual appearance, as well as additional protection for the front bumper and radiator. It is also easy to attach auxiliary lights to the front bar with light brackets.<\/p>\n<p>Front bars are easy and quick to install, illustrated installation instructions included.<\/p>\n<p>Front bars are certificate of European Homologation for road use included (CEE)<\/p>\n<p><\/p>\n<p><span style=\"font-weight: bold\">Technical information:<\/span><\/p>\n<ul>\n<li>Color: Mirror polished stainless steel or black<\/li>\n<li>Pipe diameter: Superbar 76 and with cross bar 63 mm<\/li>\n<li>3-year material warranty<\/li>\n<li>Made in Italy<\/li>\n<\/ul>\n<p><\/p>\n<p><span style=\"font-weight: bold\">Delivery contents:<\/span><\/p>\n<ul>\n<li>Front Bar<\/li>\n<li>Fasteners required for installation<\/li>\n<li>Installation instructions<\/li>\n<\/ul>","protected":false},"excerpt":{"rendered":"<p>Misutonida front bars VW Amarok 2023- The front bars gives your car a spectacular and individual appearance, as well as&#8230;<\/p>","protected":false},"featured_media":196357,"template":"","meta":{"_improvement_type_select":"improve_an_existing","_thumb_yes_seoaic":false,"_frame_yes_seoaic":false,"seoaic_generate_description":"","seoaic_improve_instructions_prompt":"","seoaic_rollback_content_improvement":"","seoaic_idea_thumbnail_generator":"","thumbnail_generated":false,"thumbnail_generate_prompt":"","seoaic_article_description":""},"make_year":[10905],"make_brand":[10937],"make_model":[10961],"make_fuel_type":[],"product_brand":[],"product_cat":[10601,10508,10602],"product_tag":[],"class_list":{"0":"post-196358","1":"product","2":"type-product","3":"status-publish","4":"has-post-thumbnail","6":"make_year-pickup-truck","7":"make_brand-vw-pickup","8":"make_model-amarok-23","9":"make_engine-amarok-double-cab","10":"product_cat-front-bars-for-pickup-trucks","11":"product_cat-light-bars","12":"product_cat-volkswagen-front-spoiler-bars","13":"product_shipping_class-lightbars","15":"first","16":"instock","17":"taxable","18":"shipping-taxable","19":"purchasable","20":"product-type-variable"},"yoast_head":"<!-- This site is optimized with the Yoast SEO plugin v27.1.1 - https:\/\/yoast.com\/product\/yoast-seo-wordpress\/ -->\n<title>Misutonida front bars VW Amarok 2023- RST-Steel<\/title>\n<meta name=\"description\" content=\"Misutonida Front Bars VW Amarok 2023- models. Gives your car a spectacular and individual appearance. Place your order now!\" \/>\n<meta name=\"robots\" content=\"index, follow, max-snippet:-1, max-image-preview:large, max-video-preview:-1\" \/>\n<link rel=\"canonical\" href=\"https:\/\/rst-steel.com\/nb\/produktkategori\/light-bars\/front-bars-for-pickup-trucks\/volkswagen-front-spoiler-bars\/misutonida-front-bars-vw-amarok-2023\/\" \/>\n<meta property=\"og:locale\" content=\"nb_NO\" \/>\n<meta property=\"og:type\" content=\"article\" \/>\n<meta property=\"og:title\" content=\"Misutonida front bars VW Amarok 2023- RST-Steel\" \/>\n<meta property=\"og:description\" content=\"Misutonida Front Bars VW Amarok 2023- models. Gives your car a spectacular and individual appearance. Place your order now!\" \/>\n<meta property=\"og:url\" content=\"https:\/\/rst-steel.com\/nb\/produktkategori\/light-bars\/front-bars-for-pickup-trucks\/volkswagen-front-spoiler-bars\/misutonida-front-bars-vw-amarok-2023\/\" \/>\n<meta property=\"og:site_name\" content=\"RST-Steel\" \/>\n<meta property=\"article:modified_time\" content=\"2026-04-10T07:17:25+00:00\" \/>\n<meta property=\"og:image\" content=\"https:\/\/rst-steel.com\/wp-content\/uploads\/2026\/03\/92a0dcec0fe52e27ab112ede9a27e61f4b8e05c4_b1497811708482326457670d85f64273-scaled.jpg\" \/>\n\t<meta property=\"og:image:width\" content=\"2560\" \/>\n\t<meta property=\"og:image:height\" content=\"1706\" \/>\n\t<meta property=\"og:image:type\" content=\"image\/jpeg\" \/>\n<meta name=\"twitter:card\" content=\"summary_large_image\" \/>\n<meta name=\"twitter:label1\" content=\"Ansl. lesetid\" \/>\n\t<meta name=\"twitter:data1\" content=\"1 minutt\" \/>\n<script type=\"application\/ld+json\" class=\"yoast-schema-graph\">{\"@context\":\"https:\/\/schema.org\",\"@graph\":[{\"@type\":\"WebPage\",\"@id\":\"https:\/\/rst-steel.com\/product-category\/light-bars\/front-bars-for-pickup-trucks\/volkswagen-front-spoiler-bars\/misutonida-front-bars-vw-amarok-2023\/\",\"url\":\"https:\/\/rst-steel.com\/product-category\/light-bars\/front-bars-for-pickup-trucks\/volkswagen-front-spoiler-bars\/misutonida-front-bars-vw-amarok-2023\/\",\"name\":\"Misutonida front bars VW Amarok 2023- RST-Steel\",\"isPartOf\":{\"@id\":\"https:\/\/rst-steel.com\/#website\"},\"primaryImageOfPage\":{\"@id\":\"https:\/\/rst-steel.com\/product-category\/light-bars\/front-bars-for-pickup-trucks\/volkswagen-front-spoiler-bars\/misutonida-front-bars-vw-amarok-2023\/#primaryimage\"},\"image\":{\"@id\":\"https:\/\/rst-steel.com\/product-category\/light-bars\/front-bars-for-pickup-trucks\/volkswagen-front-spoiler-bars\/misutonida-front-bars-vw-amarok-2023\/#primaryimage\"},\"thumbnailUrl\":\"https:\/\/rst-steel.com\/wp-content\/uploads\/2026\/03\/92a0dcec0fe52e27ab112ede9a27e61f4b8e05c4_b1497811708482326457670d85f64273-scaled.jpg\",\"datePublished\":\"2026-03-31T08:38:07+00:00\",\"dateModified\":\"2026-04-10T07:17:25+00:00\",\"description\":\"Misutonida Front Bars VW Amarok 2023- models. Gives your car a spectacular and individual appearance. Place your order now!\",\"breadcrumb\":{\"@id\":\"https:\/\/rst-steel.com\/product-category\/light-bars\/front-bars-for-pickup-trucks\/volkswagen-front-spoiler-bars\/misutonida-front-bars-vw-amarok-2023\/#breadcrumb\"},\"inLanguage\":\"nb-NO\",\"potentialAction\":[{\"@type\":\"ReadAction\",\"target\":[\"https:\/\/rst-steel.com\/product-category\/light-bars\/front-bars-for-pickup-trucks\/volkswagen-front-spoiler-bars\/misutonida-front-bars-vw-amarok-2023\/\"]}]},{\"@type\":\"ImageObject\",\"inLanguage\":\"nb-NO\",\"@id\":\"https:\/\/rst-steel.com\/product-category\/light-bars\/front-bars-for-pickup-trucks\/volkswagen-front-spoiler-bars\/misutonida-front-bars-vw-amarok-2023\/#primaryimage\",\"url\":\"https:\/\/rst-steel.com\/wp-content\/uploads\/2026\/03\/92a0dcec0fe52e27ab112ede9a27e61f4b8e05c4_b1497811708482326457670d85f64273-scaled.jpg\",\"contentUrl\":\"https:\/\/rst-steel.com\/wp-content\/uploads\/2026\/03\/92a0dcec0fe52e27ab112ede9a27e61f4b8e05c4_b1497811708482326457670d85f64273-scaled.jpg\",\"width\":2560,\"height\":1706,\"caption\":\"prm_70946\"},{\"@type\":\"BreadcrumbList\",\"@id\":\"https:\/\/rst-steel.com\/product-category\/light-bars\/front-bars-for-pickup-trucks\/volkswagen-front-spoiler-bars\/misutonida-front-bars-vw-amarok-2023\/#breadcrumb\",\"itemListElement\":[{\"@type\":\"ListItem\",\"position\":1,\"name\":\"Home\",\"item\":\"https:\/\/rst-steel.com\/\"},{\"@type\":\"ListItem\",\"position\":2,\"name\":\"RST-Steel Verkkokauppa\",\"item\":\"https:\/\/rst-steel.com\/shop\/\"},{\"@type\":\"ListItem\",\"position\":3,\"name\":\"Misutonida front bars VW Amarok 2023-\"}]},{\"@type\":\"WebSite\",\"@id\":\"https:\/\/rst-steel.com\/#website\",\"url\":\"https:\/\/rst-steel.com\/\",\"name\":\"RST-Steel Oy - Turvallista, tyylik\u00e4st\u00e4, ter\u00e4st\u00e4\",\"description\":\"Finnish quality for discerning drivers\",\"publisher\":{\"@id\":\"https:\/\/rst-steel.com\/#organization\"},\"potentialAction\":[{\"@type\":\"SearchAction\",\"target\":{\"@type\":\"EntryPoint\",\"urlTemplate\":\"https:\/\/rst-steel.com\/?s={search_term_string}\"},\"query-input\":{\"@type\":\"PropertyValueSpecification\",\"valueRequired\":true,\"valueName\":\"search_term_string\"}}],\"inLanguage\":\"nb-NO\"},{\"@type\":\"Organization\",\"@id\":\"https:\/\/rst-steel.com\/#organization\",\"name\":\"RST-Steel Oy\",\"alternateName\":\"RST-Steel Oy - Turvallista, tyylik\u00e4st\u00e4, ter\u00e4st\u00e4\",\"url\":\"https:\/\/rst-steel.com\/\",\"logo\":{\"@type\":\"ImageObject\",\"inLanguage\":\"nb-NO\",\"@id\":\"https:\/\/rst-steel.com\/#\/schema\/logo\/image\/\",\"url\":\"https:\/\/rst-steel.com\/wp-content\/uploads\/2025\/02\/cropped-rst-valkoinen-ilman-taustaa-02.png\",\"contentUrl\":\"https:\/\/rst-steel.com\/wp-content\/uploads\/2025\/02\/cropped-rst-valkoinen-ilman-taustaa-02.png\",\"width\":2319,\"height\":690,\"caption\":\"RST-Steel Oy\"},\"image\":{\"@id\":\"https:\/\/rst-steel.com\/#\/schema\/logo\/image\/\"}}]}<\/script>\n<!-- \/ Yoast SEO plugin. -->","yoast_head_json":{"title":"Misutonida front bars VW Amarok 2023- RST-Steel","description":"Misutonida Front Bars VW Amarok 2023- models. Gives your car a spectacular and individual appearance. Place your order now!","robots":{"index":"index","follow":"follow","max-snippet":"max-snippet:-1","max-image-preview":"max-image-preview:large","max-video-preview":"max-video-preview:-1"},"canonical":"https:\/\/rst-steel.com\/nb\/produktkategori\/light-bars\/front-bars-for-pickup-trucks\/volkswagen-front-spoiler-bars\/misutonida-front-bars-vw-amarok-2023\/","og_locale":"nb_NO","og_type":"article","og_title":"Misutonida front bars VW Amarok 2023- RST-Steel","og_description":"Misutonida Front Bars VW Amarok 2023- models. Gives your car a spectacular and individual appearance. Place your order now!","og_url":"https:\/\/rst-steel.com\/nb\/produktkategori\/light-bars\/front-bars-for-pickup-trucks\/volkswagen-front-spoiler-bars\/misutonida-front-bars-vw-amarok-2023\/","og_site_name":"RST-Steel","article_modified_time":"2026-04-10T07:17:25+00:00","og_image":[{"width":2560,"height":1706,"url":"https:\/\/rst-steel.com\/wp-content\/uploads\/2026\/03\/92a0dcec0fe52e27ab112ede9a27e61f4b8e05c4_b1497811708482326457670d85f64273-scaled.jpg","type":"image\/jpeg"}],"twitter_card":"summary_large_image","twitter_misc":{"Ansl. lesetid":"1 minutt"},"schema":{"@context":"https:\/\/schema.org","@graph":[{"@type":"WebPage","@id":"https:\/\/rst-steel.com\/product-category\/light-bars\/front-bars-for-pickup-trucks\/volkswagen-front-spoiler-bars\/misutonida-front-bars-vw-amarok-2023\/","url":"https:\/\/rst-steel.com\/product-category\/light-bars\/front-bars-for-pickup-trucks\/volkswagen-front-spoiler-bars\/misutonida-front-bars-vw-amarok-2023\/","name":"Misutonida front bars VW Amarok 2023- RST-Steel","isPartOf":{"@id":"https:\/\/rst-steel.com\/#website"},"primaryImageOfPage":{"@id":"https:\/\/rst-steel.com\/product-category\/light-bars\/front-bars-for-pickup-trucks\/volkswagen-front-spoiler-bars\/misutonida-front-bars-vw-amarok-2023\/#primaryimage"},"image":{"@id":"https:\/\/rst-steel.com\/product-category\/light-bars\/front-bars-for-pickup-trucks\/volkswagen-front-spoiler-bars\/misutonida-front-bars-vw-amarok-2023\/#primaryimage"},"thumbnailUrl":"https:\/\/rst-steel.com\/wp-content\/uploads\/2026\/03\/92a0dcec0fe52e27ab112ede9a27e61f4b8e05c4_b1497811708482326457670d85f64273-scaled.jpg","datePublished":"2026-03-31T08:38:07+00:00","dateModified":"2026-04-10T07:17:25+00:00","description":"Misutonida Front Bars VW Amarok 2023- models. Gives your car a spectacular and individual appearance. Place your order now!","breadcrumb":{"@id":"https:\/\/rst-steel.com\/product-category\/light-bars\/front-bars-for-pickup-trucks\/volkswagen-front-spoiler-bars\/misutonida-front-bars-vw-amarok-2023\/#breadcrumb"},"inLanguage":"nb-NO","potentialAction":[{"@type":"ReadAction","target":["https:\/\/rst-steel.com\/product-category\/light-bars\/front-bars-for-pickup-trucks\/volkswagen-front-spoiler-bars\/misutonida-front-bars-vw-amarok-2023\/"]}]},{"@type":"ImageObject","inLanguage":"nb-NO","@id":"https:\/\/rst-steel.com\/product-category\/light-bars\/front-bars-for-pickup-trucks\/volkswagen-front-spoiler-bars\/misutonida-front-bars-vw-amarok-2023\/#primaryimage","url":"https:\/\/rst-steel.com\/wp-content\/uploads\/2026\/03\/92a0dcec0fe52e27ab112ede9a27e61f4b8e05c4_b1497811708482326457670d85f64273-scaled.jpg","contentUrl":"https:\/\/rst-steel.com\/wp-content\/uploads\/2026\/03\/92a0dcec0fe52e27ab112ede9a27e61f4b8e05c4_b1497811708482326457670d85f64273-scaled.jpg","width":2560,"height":1706,"caption":"prm_70946"},{"@type":"BreadcrumbList","@id":"https:\/\/rst-steel.com\/product-category\/light-bars\/front-bars-for-pickup-trucks\/volkswagen-front-spoiler-bars\/misutonida-front-bars-vw-amarok-2023\/#breadcrumb","itemListElement":[{"@type":"ListItem","position":1,"name":"Home","item":"https:\/\/rst-steel.com\/"},{"@type":"ListItem","position":2,"name":"RST-Steel Verkkokauppa","item":"https:\/\/rst-steel.com\/shop\/"},{"@type":"ListItem","position":3,"name":"Misutonida front bars VW Amarok 2023-"}]},{"@type":"WebSite","@id":"https:\/\/rst-steel.com\/#website","url":"https:\/\/rst-steel.com\/","name":"RST-Steel Oy - Turvallista, tyylik\u00e4st\u00e4, ter\u00e4st\u00e4","description":"Finsk kvalitet for kvalitetsbevisste sj\u00e5f\u00f8rer","publisher":{"@id":"https:\/\/rst-steel.com\/#organization"},"potentialAction":[{"@type":"SearchAction","target":{"@type":"EntryPoint","urlTemplate":"https:\/\/rst-steel.com\/?s={search_term_string}"},"query-input":{"@type":"PropertyValueSpecification","valueRequired":true,"valueName":"search_term_string"}}],"inLanguage":"nb-NO"},{"@type":"Organization","@id":"https:\/\/rst-steel.com\/#organization","name":"Administrer alternativer","alternateName":"RST-Steel Oy - Turvallista, tyylik\u00e4st\u00e4, ter\u00e4st\u00e4","url":"https:\/\/rst-steel.com\/","logo":{"@type":"ImageObject","inLanguage":"nb-NO","@id":"https:\/\/rst-steel.com\/#\/schema\/logo\/image\/","url":"https:\/\/rst-steel.com\/wp-content\/uploads\/2025\/02\/cropped-rst-valkoinen-ilman-taustaa-02.png","contentUrl":"https:\/\/rst-steel.com\/wp-content\/uploads\/2025\/02\/cropped-rst-valkoinen-ilman-taustaa-02.png","width":2319,"height":690,"caption":"RST-Steel Oy"},"image":{"@id":"https:\/\/rst-steel.com\/#\/schema\/logo\/image\/"}}]}},"_links":{"self":[{"href":"https:\/\/rst-steel.com\/nb\/wp-json\/wp\/v2\/product\/196358","targetHints":{"allow":["GET"]}}],"collection":[{"href":"https:\/\/rst-steel.com\/nb\/wp-json\/wp\/v2\/product"}],"about":[{"href":"https:\/\/rst-steel.com\/nb\/wp-json\/wp\/v2\/types\/product"}],"version-history":[{"count":0,"href":"https:\/\/rst-steel.com\/nb\/wp-json\/wp\/v2\/product\/196358\/revisions"}],"wp:featuredmedia":[{"embeddable":true,"href":"https:\/\/rst-steel.com\/nb\/wp-json\/wp\/v2\/media\/196357"}],"wp:attachment":[{"href":"https:\/\/rst-steel.com\/nb\/wp-json\/wp\/v2\/media?parent=196358"}],"wp:term":[{"taxonomy":"make_year","embeddable":true,"href":"https:\/\/rst-steel.com\/nb\/wp-json\/wp\/v2\/make_year?post=196358"},{"taxonomy":"make_brand","embeddable":true,"href":"https:\/\/rst-steel.com\/nb\/wp-json\/wp\/v2\/make_brand?post=196358"},{"taxonomy":"make_model","embeddable":true,"href":"https:\/\/rst-steel.com\/nb\/wp-json\/wp\/v2\/make_model?post=196358"},{"taxonomy":"make_fuel_type","embeddable":true,"href":"https:\/\/rst-steel.com\/nb\/wp-json\/wp\/v2\/make_fuel_type?post=196358"},{"taxonomy":"product_brand","embeddable":true,"href":"https:\/\/rst-steel.com\/nb\/wp-json\/wp\/v2\/product_brand?post=196358"},{"taxonomy":"product_cat","embeddable":true,"href":"https:\/\/rst-steel.com\/nb\/wp-json\/wp\/v2\/product_cat?post=196358"},{"taxonomy":"product_tag","embeddable":true,"href":"https:\/\/rst-steel.com\/nb\/wp-json\/wp\/v2\/product_tag?post=196358"}],"curies":[{"name":"wp","href":"https:\/\/api.w.org\/{rel}","templated":true}]}}