{"id":196402,"date":"2026-03-31T11:38:48","date_gmt":"2026-03-31T08:38:48","guid":{"rendered":"https:\/\/rst-steel.com\/product-category\/uncategorized\/kylkiputket-ford-transit-custom-2024-lwb\/"},"modified":"2026-04-15T14:06:03","modified_gmt":"2026-04-15T11:06:03","slug":"side-bars-ford-transit-custom-2024-lwb","status":"publish","type":"product","link":"https:\/\/rst-steel.com\/nb\/produktkategori\/side-bars-and-side-steps\/side-bars-for-vans\/ford-side-bars\/side-bars-ford-transit-custom-2024-lwb\/","title":{"rendered":"Side Bars Ford Transit Custom 2024- LWB"},"content":{"rendered":"<p><strong>Side Bars Ford Transit Custom 2024- LWB<\/strong><\/p>\n<p>&nbsp;<\/p>\n<p>RST-Steel&#8217;s side bars are high-quality products, made in\u00a0<span style=\"font-weight: bold;\">Finland\u00a0<\/span>from stainless steel.<\/p>\n<p>The side bars are the ideal choice for those looking to accentuate the contours of their vehicle. While these bars are not designed to be used as steps, they effectively shield the threshold from mechanical damage.<\/p>\n<p>Crafted from stainless steel, these side bars feature a 60 mm diameter, combined with a hand-finished design, ensuring durability for years rather than just a single season.<\/p>\n<p>Included with the product is a stainless steel mounting kit specifically for your car, along with straightforward installation instructions.<\/p>\n<p>&nbsp;<\/p>\n<p>&nbsp;<\/p>\n<p><span style=\"font-weight: bold;\">NOTE<\/span>! Does not fit Sport and trail models!<\/p>\n<p><span style=\"font-weight: bold;\">Note<\/span>! The side bars are not directly compatible with petrol hybrid models.<\/p>\n<p>&nbsp;<\/p>\n<p>&nbsp;<\/p>\n<p><span style=\"font-weight: bold;\">Why Choose RST-Steel?<\/span><\/p>\n<ul>\n<li><span style=\"font-weight: bold;\">Made in Finland:\u00a0<\/span>All our products are made in our own factory in Nivala<\/li>\n<li><span style=\"font-weight: bold;\">Reliability<\/span>: Years of experience and expertise ensure the high quality and durability of our products.<\/li>\n<li><span style=\"font-weight: bold;\">Customer Satisfaction<\/span>: Thousands of satisfied customers worldwide trust RST-Steel products.<\/li>\n<\/ul>\n<p><span style=\"font-weight: bold;\">\u00a0<\/span><\/p>\n<p><span style=\"font-weight: bold;\">Technical information:<\/span><\/p>\n<ul>\n<li>Color: Mirror polished stainless steel or Powdercoated with RAL-colors<\/li>\n<li>Bar diameter: 60 mm<\/li>\n<\/ul>\n<p>&nbsp;<\/p>\n<p><span style=\"font-weight: bold;\">Delivery contents:<\/span><\/p>\n<ul>\n<li>Side bars<\/li>\n<li>Fasteners required for installation<\/li>\n<li>Installation instructions<\/li>\n<\/ul>","protected":false},"excerpt":{"rendered":"<p>Side Bars Ford Transit Custom 2024- LWB &nbsp; RST-Steel&#8217;s side bars are high-quality products, made in\u00a0Finland\u00a0from stainless steel. The side&#8230;<\/p>","protected":false},"featured_media":196399,"template":"","meta":[],"make_year":[10908],"make_brand":[10918],"make_model":[11023],"make_fuel_type":[],"product_brand":[9443],"product_cat":[10869,10843,10868],"product_tag":[],"class_list":{"0":"post-196402","1":"product","2":"type-product","3":"status-publish","4":"has-post-thumbnail","6":"make_year-van","7":"make_brand-ford-van","8":"make_model-transit-custom-23","9":"make_engine-transit-custom-l2-h1","10":"make_engine-transit-custom-l2-h2","11":"make_engine-transporter-l2h1-akselivali-3400mm","12":"make_engine-transporter-l2-h2-akselivali-3400mm","13":"product_brand-brand_rststeel","14":"product_cat-ford-side-bars","15":"product_cat-side-bars-and-side-steps","16":"product_cat-side-bars-for-vans","18":"first","19":"instock","20":"taxable","21":"shipping-taxable","22":"purchasable","23":"product-type-variable"},"yoast_head":"<!-- This site is optimized with the Yoast SEO plugin v27.1.1 - https:\/\/yoast.com\/product\/yoast-seo-wordpress\/ -->\n<title>Side Bars Ford Transit Custom 2024- LWB - RST-Steel<\/title>\n<meta name=\"description\" content=\"Side Bars Ford Transit Custom 2024- LWB. Durable stainless steel design that enhances protection, improves access, and adds a stylish appearance.\" \/>\n<meta name=\"robots\" content=\"index, follow, max-snippet:-1, max-image-preview:large, max-video-preview:-1\" \/>\n<link rel=\"canonical\" href=\"https:\/\/rst-steel.com\/nb\/produktkategori\/side-bars-and-side-steps\/side-bars-for-vans\/ford-side-bars\/side-bars-ford-transit-custom-2024-lwb\/\" \/>\n<meta property=\"og:locale\" content=\"nb_NO\" \/>\n<meta property=\"og:type\" content=\"article\" \/>\n<meta property=\"og:title\" content=\"Side Bars Ford Transit Custom 2024- LWB - RST-Steel\" \/>\n<meta property=\"og:description\" content=\"Side Bars Ford Transit Custom 2024- LWB. Durable stainless steel design that enhances protection, improves access, and adds a stylish appearance.\" \/>\n<meta property=\"og:url\" content=\"https:\/\/rst-steel.com\/nb\/produktkategori\/side-bars-and-side-steps\/side-bars-for-vans\/ford-side-bars\/side-bars-ford-transit-custom-2024-lwb\/\" \/>\n<meta property=\"og:site_name\" content=\"RST-Steel\" \/>\n<meta property=\"article:modified_time\" content=\"2026-04-15T11:06:03+00:00\" \/>\n<meta property=\"og:image\" content=\"https:\/\/rst-steel.com\/wp-content\/uploads\/2026\/03\/43ff9bede3427bb17c6ffbe15076022671148d96_0fe2f394d011b6c08ef93007e61cdc1c.jpg\" \/>\n\t<meta property=\"og:image:width\" content=\"1483\" \/>\n\t<meta property=\"og:image:height\" content=\"996\" \/>\n\t<meta property=\"og:image:type\" content=\"image\/jpeg\" \/>\n<meta name=\"twitter:card\" content=\"summary_large_image\" \/>\n<meta name=\"twitter:label1\" content=\"Ansl. lesetid\" \/>\n\t<meta name=\"twitter:data1\" content=\"2 minutter\" \/>\n<script type=\"application\/ld+json\" class=\"yoast-schema-graph\">{\"@context\":\"https:\/\/schema.org\",\"@graph\":[{\"@type\":\"WebPage\",\"@id\":\"https:\/\/rst-steel.com\/product-category\/side-bars-and-side-steps\/side-bars-for-vans\/ford-side-bars\/side-bars-ford-transit-custom-2024-lwb\/\",\"url\":\"https:\/\/rst-steel.com\/product-category\/side-bars-and-side-steps\/side-bars-for-vans\/ford-side-bars\/side-bars-ford-transit-custom-2024-lwb\/\",\"name\":\"Side Bars Ford Transit Custom 2024- LWB - RST-Steel\",\"isPartOf\":{\"@id\":\"https:\/\/rst-steel.com\/#website\"},\"primaryImageOfPage\":{\"@id\":\"https:\/\/rst-steel.com\/product-category\/side-bars-and-side-steps\/side-bars-for-vans\/ford-side-bars\/side-bars-ford-transit-custom-2024-lwb\/#primaryimage\"},\"image\":{\"@id\":\"https:\/\/rst-steel.com\/product-category\/side-bars-and-side-steps\/side-bars-for-vans\/ford-side-bars\/side-bars-ford-transit-custom-2024-lwb\/#primaryimage\"},\"thumbnailUrl\":\"https:\/\/rst-steel.com\/wp-content\/uploads\/2026\/03\/43ff9bede3427bb17c6ffbe15076022671148d96_0fe2f394d011b6c08ef93007e61cdc1c.jpg\",\"datePublished\":\"2026-03-31T08:38:48+00:00\",\"dateModified\":\"2026-04-15T11:06:03+00:00\",\"description\":\"Side Bars Ford Transit Custom 2024- LWB. Durable stainless steel design that enhances protection, improves access, and adds a stylish appearance.\",\"breadcrumb\":{\"@id\":\"https:\/\/rst-steel.com\/product-category\/side-bars-and-side-steps\/side-bars-for-vans\/ford-side-bars\/side-bars-ford-transit-custom-2024-lwb\/#breadcrumb\"},\"inLanguage\":\"nb-NO\",\"potentialAction\":[{\"@type\":\"ReadAction\",\"target\":[\"https:\/\/rst-steel.com\/product-category\/side-bars-and-side-steps\/side-bars-for-vans\/ford-side-bars\/side-bars-ford-transit-custom-2024-lwb\/\"]}]},{\"@type\":\"ImageObject\",\"inLanguage\":\"nb-NO\",\"@id\":\"https:\/\/rst-steel.com\/product-category\/side-bars-and-side-steps\/side-bars-for-vans\/ford-side-bars\/side-bars-ford-transit-custom-2024-lwb\/#primaryimage\",\"url\":\"https:\/\/rst-steel.com\/wp-content\/uploads\/2026\/03\/43ff9bede3427bb17c6ffbe15076022671148d96_0fe2f394d011b6c08ef93007e61cdc1c.jpg\",\"contentUrl\":\"https:\/\/rst-steel.com\/wp-content\/uploads\/2026\/03\/43ff9bede3427bb17c6ffbe15076022671148d96_0fe2f394d011b6c08ef93007e61cdc1c.jpg\",\"width\":1483,\"height\":996,\"caption\":\"Side Bars Ford Transit Custom 2024- LWB\"},{\"@type\":\"BreadcrumbList\",\"@id\":\"https:\/\/rst-steel.com\/product-category\/side-bars-and-side-steps\/side-bars-for-vans\/ford-side-bars\/side-bars-ford-transit-custom-2024-lwb\/#breadcrumb\",\"itemListElement\":[{\"@type\":\"ListItem\",\"position\":1,\"name\":\"Home\",\"item\":\"https:\/\/rst-steel.com\/\"},{\"@type\":\"ListItem\",\"position\":2,\"name\":\"RST-Steel Verkkokauppa\",\"item\":\"https:\/\/rst-steel.com\/shop\/\"},{\"@type\":\"ListItem\",\"position\":3,\"name\":\"Side Bars Ford Transit Custom 2024- LWB\"}]},{\"@type\":\"WebSite\",\"@id\":\"https:\/\/rst-steel.com\/#website\",\"url\":\"https:\/\/rst-steel.com\/\",\"name\":\"RST-Steel Oy - Turvallista, tyylik\u00e4st\u00e4, ter\u00e4st\u00e4\",\"description\":\"Finnish quality for discerning drivers\",\"publisher\":{\"@id\":\"https:\/\/rst-steel.com\/#organization\"},\"potentialAction\":[{\"@type\":\"SearchAction\",\"target\":{\"@type\":\"EntryPoint\",\"urlTemplate\":\"https:\/\/rst-steel.com\/?s={search_term_string}\"},\"query-input\":{\"@type\":\"PropertyValueSpecification\",\"valueRequired\":true,\"valueName\":\"search_term_string\"}}],\"inLanguage\":\"nb-NO\"},{\"@type\":\"Organization\",\"@id\":\"https:\/\/rst-steel.com\/#organization\",\"name\":\"RST-Steel Oy\",\"alternateName\":\"RST-Steel Oy - Turvallista, tyylik\u00e4st\u00e4, ter\u00e4st\u00e4\",\"url\":\"https:\/\/rst-steel.com\/\",\"logo\":{\"@type\":\"ImageObject\",\"inLanguage\":\"nb-NO\",\"@id\":\"https:\/\/rst-steel.com\/#\/schema\/logo\/image\/\",\"url\":\"https:\/\/rst-steel.com\/wp-content\/uploads\/2025\/02\/cropped-rst-valkoinen-ilman-taustaa-02.png\",\"contentUrl\":\"https:\/\/rst-steel.com\/wp-content\/uploads\/2025\/02\/cropped-rst-valkoinen-ilman-taustaa-02.png\",\"width\":2319,\"height\":690,\"caption\":\"RST-Steel Oy\"},\"image\":{\"@id\":\"https:\/\/rst-steel.com\/#\/schema\/logo\/image\/\"}}]}<\/script>\n<!-- \/ Yoast SEO plugin. -->","yoast_head_json":{"title":"Side Bars Ford Transit Custom 2024- LWB - RST-Steel","description":"Side Bars Ford Transit Custom 2024- LWB. Durable stainless steel design that enhances protection, improves access, and adds a stylish appearance.","robots":{"index":"index","follow":"follow","max-snippet":"max-snippet:-1","max-image-preview":"max-image-preview:large","max-video-preview":"max-video-preview:-1"},"canonical":"https:\/\/rst-steel.com\/nb\/produktkategori\/side-bars-and-side-steps\/side-bars-for-vans\/ford-side-bars\/side-bars-ford-transit-custom-2024-lwb\/","og_locale":"nb_NO","og_type":"article","og_title":"Side Bars Ford Transit Custom 2024- LWB - RST-Steel","og_description":"Side Bars Ford Transit Custom 2024- LWB. Durable stainless steel design that enhances protection, improves access, and adds a stylish appearance.","og_url":"https:\/\/rst-steel.com\/nb\/produktkategori\/side-bars-and-side-steps\/side-bars-for-vans\/ford-side-bars\/side-bars-ford-transit-custom-2024-lwb\/","og_site_name":"RST-Steel","article_modified_time":"2026-04-15T11:06:03+00:00","og_image":[{"width":1483,"height":996,"url":"https:\/\/rst-steel.com\/wp-content\/uploads\/2026\/03\/43ff9bede3427bb17c6ffbe15076022671148d96_0fe2f394d011b6c08ef93007e61cdc1c.jpg","type":"image\/jpeg"}],"twitter_card":"summary_large_image","twitter_misc":{"Ansl. lesetid":"2 minutter"},"schema":{"@context":"https:\/\/schema.org","@graph":[{"@type":"WebPage","@id":"https:\/\/rst-steel.com\/product-category\/side-bars-and-side-steps\/side-bars-for-vans\/ford-side-bars\/side-bars-ford-transit-custom-2024-lwb\/","url":"https:\/\/rst-steel.com\/product-category\/side-bars-and-side-steps\/side-bars-for-vans\/ford-side-bars\/side-bars-ford-transit-custom-2024-lwb\/","name":"Side Bars Ford Transit Custom 2024- LWB - RST-Steel","isPartOf":{"@id":"https:\/\/rst-steel.com\/#website"},"primaryImageOfPage":{"@id":"https:\/\/rst-steel.com\/product-category\/side-bars-and-side-steps\/side-bars-for-vans\/ford-side-bars\/side-bars-ford-transit-custom-2024-lwb\/#primaryimage"},"image":{"@id":"https:\/\/rst-steel.com\/product-category\/side-bars-and-side-steps\/side-bars-for-vans\/ford-side-bars\/side-bars-ford-transit-custom-2024-lwb\/#primaryimage"},"thumbnailUrl":"https:\/\/rst-steel.com\/wp-content\/uploads\/2026\/03\/43ff9bede3427bb17c6ffbe15076022671148d96_0fe2f394d011b6c08ef93007e61cdc1c.jpg","datePublished":"2026-03-31T08:38:48+00:00","dateModified":"2026-04-15T11:06:03+00:00","description":"Side Bars Ford Transit Custom 2024- LWB. Durable stainless steel design that enhances protection, improves access, and adds a stylish appearance.","breadcrumb":{"@id":"https:\/\/rst-steel.com\/product-category\/side-bars-and-side-steps\/side-bars-for-vans\/ford-side-bars\/side-bars-ford-transit-custom-2024-lwb\/#breadcrumb"},"inLanguage":"nb-NO","potentialAction":[{"@type":"ReadAction","target":["https:\/\/rst-steel.com\/product-category\/side-bars-and-side-steps\/side-bars-for-vans\/ford-side-bars\/side-bars-ford-transit-custom-2024-lwb\/"]}]},{"@type":"ImageObject","inLanguage":"nb-NO","@id":"https:\/\/rst-steel.com\/product-category\/side-bars-and-side-steps\/side-bars-for-vans\/ford-side-bars\/side-bars-ford-transit-custom-2024-lwb\/#primaryimage","url":"https:\/\/rst-steel.com\/wp-content\/uploads\/2026\/03\/43ff9bede3427bb17c6ffbe15076022671148d96_0fe2f394d011b6c08ef93007e61cdc1c.jpg","contentUrl":"https:\/\/rst-steel.com\/wp-content\/uploads\/2026\/03\/43ff9bede3427bb17c6ffbe15076022671148d96_0fe2f394d011b6c08ef93007e61cdc1c.jpg","width":1483,"height":996,"caption":"Side Bars Ford Transit Custom 2024- LWB"},{"@type":"BreadcrumbList","@id":"https:\/\/rst-steel.com\/product-category\/side-bars-and-side-steps\/side-bars-for-vans\/ford-side-bars\/side-bars-ford-transit-custom-2024-lwb\/#breadcrumb","itemListElement":[{"@type":"ListItem","position":1,"name":"Home","item":"https:\/\/rst-steel.com\/"},{"@type":"ListItem","position":2,"name":"RST-Steel Verkkokauppa","item":"https:\/\/rst-steel.com\/shop\/"},{"@type":"ListItem","position":3,"name":"Side Bars Ford Transit Custom 2024- LWB"}]},{"@type":"WebSite","@id":"https:\/\/rst-steel.com\/#website","url":"https:\/\/rst-steel.com\/","name":"RST-Steel Oy - Turvallista, tyylik\u00e4st\u00e4, ter\u00e4st\u00e4","description":"Finsk kvalitet for kvalitetsbevisste sj\u00e5f\u00f8rer","publisher":{"@id":"https:\/\/rst-steel.com\/#organization"},"potentialAction":[{"@type":"SearchAction","target":{"@type":"EntryPoint","urlTemplate":"https:\/\/rst-steel.com\/?s={search_term_string}"},"query-input":{"@type":"PropertyValueSpecification","valueRequired":true,"valueName":"search_term_string"}}],"inLanguage":"nb-NO"},{"@type":"Organization","@id":"https:\/\/rst-steel.com\/#organization","name":"RST-Steel Oy","alternateName":"RST-Steel Oy - Turvallista, tyylik\u00e4st\u00e4, ter\u00e4st\u00e4","url":"https:\/\/rst-steel.com\/","logo":{"@type":"ImageObject","inLanguage":"nb-NO","@id":"https:\/\/rst-steel.com\/#\/schema\/logo\/image\/","url":"https:\/\/rst-steel.com\/wp-content\/uploads\/2025\/02\/cropped-rst-valkoinen-ilman-taustaa-02.png","contentUrl":"https:\/\/rst-steel.com\/wp-content\/uploads\/2025\/02\/cropped-rst-valkoinen-ilman-taustaa-02.png","width":2319,"height":690,"caption":"RST-Steel Oy"},"image":{"@id":"https:\/\/rst-steel.com\/#\/schema\/logo\/image\/"}}]}},"_links":{"self":[{"href":"https:\/\/rst-steel.com\/nb\/wp-json\/wp\/v2\/product\/196402","targetHints":{"allow":["GET"]}}],"collection":[{"href":"https:\/\/rst-steel.com\/nb\/wp-json\/wp\/v2\/product"}],"about":[{"href":"https:\/\/rst-steel.com\/nb\/wp-json\/wp\/v2\/types\/product"}],"version-history":[{"count":3,"href":"https:\/\/rst-steel.com\/nb\/wp-json\/wp\/v2\/product\/196402\/revisions"}],"predecessor-version":[{"id":199836,"href":"https:\/\/rst-steel.com\/nb\/wp-json\/wp\/v2\/product\/196402\/revisions\/199836"}],"wp:featuredmedia":[{"embeddable":true,"href":"https:\/\/rst-steel.com\/nb\/wp-json\/wp\/v2\/media\/196399"}],"wp:attachment":[{"href":"https:\/\/rst-steel.com\/nb\/wp-json\/wp\/v2\/media?parent=196402"}],"wp:term":[{"taxonomy":"make_year","embeddable":true,"href":"https:\/\/rst-steel.com\/nb\/wp-json\/wp\/v2\/make_year?post=196402"},{"taxonomy":"make_brand","embeddable":true,"href":"https:\/\/rst-steel.com\/nb\/wp-json\/wp\/v2\/make_brand?post=196402"},{"taxonomy":"make_model","embeddable":true,"href":"https:\/\/rst-steel.com\/nb\/wp-json\/wp\/v2\/make_model?post=196402"},{"taxonomy":"make_fuel_type","embeddable":true,"href":"https:\/\/rst-steel.com\/nb\/wp-json\/wp\/v2\/make_fuel_type?post=196402"},{"taxonomy":"product_brand","embeddable":true,"href":"https:\/\/rst-steel.com\/nb\/wp-json\/wp\/v2\/product_brand?post=196402"},{"taxonomy":"product_cat","embeddable":true,"href":"https:\/\/rst-steel.com\/nb\/wp-json\/wp\/v2\/product_cat?post=196402"},{"taxonomy":"product_tag","embeddable":true,"href":"https:\/\/rst-steel.com\/nb\/wp-json\/wp\/v2\/product_tag?post=196402"}],"curies":[{"name":"wp","href":"https:\/\/api.w.org\/{rel}","templated":true}]}}