{"id":197130,"date":"2026-03-31T11:48:56","date_gmt":"2026-03-31T08:48:56","guid":{"rendered":"https:\/\/rst-steel.com\/product-category\/uncategorized\/work-light-ozz-sqr-5%e2%80%b3-black\/"},"modified":"2026-04-17T08:56:12","modified_gmt":"2026-04-17T05:56:12","slug":"work-light-ozz-sqr-5%e2%80%b3-black","status":"publish","type":"product","link":"https:\/\/rst-steel.com\/nb\/produktkategori\/lighting\/work-lights\/led-work-lights\/work-light-ozz-sqr-5%e2%80%b3-black\/","title":{"rendered":"Work Light OZZ SQR 5\u2033 Black"},"content":{"rendered":"<p><strong>Work Light OZZ SQR 5\u2033 Black<\/strong><\/p>\n<p>The <strong>OZZ SQR 5\u201d work light<\/strong> represents the next step in the evolution of the SQR series. The work light delivers 4500 lumens and provides a bright 5000 K color temperature, offering clear and comfortable illumination for demanding work environments. A 1 lux reach at 75 meters ensures forward visibility with a wide and even beam pattern. The SQR 5\u201d also features a warning light with a double flash pattern that increases visibility and safety.<\/p>\n<p><span style=\"font-weight: bold\">Key features:<\/span><\/p>\n<ul>\n<li>Dual Function: Work &amp; Warning Light<\/li>\n<li>1 lux at 75 m<\/li>\n<li>E-approved<\/li>\n<li>Wide Flood Beam<\/li>\n<li>A new shape in lighting<\/li>\n<\/ul>\n<p><strong>Technical specifications:<\/strong><\/p>\n<ul>\n<li>\n<p><strong>Luminous flux:<\/strong> 4500 lm<\/p>\n<\/li>\n<li>\n<p><strong>Color temperature:<\/strong> 5000 K<\/p>\n<\/li>\n<li>\n<p><strong>Light output:<\/strong> 1 lux @ 75 m<\/p>\n<\/li>\n<li>\n<p><strong>Beam pattern:<\/strong> Wide and even<\/p>\n<\/li>\n<li>\n<p><strong>Warning light:<\/strong> Double flash pattern<\/p>\n<\/li>\n<li>\n<p><strong>Functions:<\/strong> Work light + warning light<\/p>\n<\/li>\n<li>\n<p><strong>Warranty:<\/strong> 3 years<\/p>\n<\/li>\n<li>\n<p><strong>EMC:<\/strong> ECE R10<\/p>\n<\/li>\n<li>\n<p><strong>Reference number:<\/strong> 50<\/p>\n<\/li>\n<li>\n<p><strong>E-approval:<\/strong> ECE R65 class 2<\/p>\n<\/li>\n<li>\n<p><strong>IP rating:<\/strong> IP68 \/ IP69K<\/p>\n<\/li>\n<\/ul>\n<ul>\n<li><span style=\"font-weight: bold\">Warranty:<\/span> 3years<\/li>\n<\/ul>\n<p><strong>Dimensjoner:<\/strong><\/p>\n<ul>\n<li>\n<p><strong>Height:<\/strong> 120 mm<\/p>\n<\/li>\n<li>\n<p><strong>Width:<\/strong> 120 mm<\/p>\n<\/li>\n<li>\n<p><strong>Depth:<\/strong> 80 mm<\/p>\n<\/li>\n<\/ul>","protected":false},"excerpt":{"rendered":"<p>Work Light OZZ SQR 5\u2033 Black The OZZ SQR 5\u201d work light represents the next step in the evolution of&#8230;<\/p>","protected":false},"featured_media":197126,"template":"","meta":[],"make_year":[],"make_brand":[],"make_model":[],"make_fuel_type":[],"product_brand":[9449],"product_cat":[10624,10603,10623],"product_tag":[],"class_list":{"0":"post-197130","1":"product","2":"type-product","3":"status-publish","4":"has-post-thumbnail","6":"product_brand-brand_ozz","7":"product_cat-led-work-lights","8":"product_cat-lighting","9":"product_cat-work-lights","11":"first","12":"instock","13":"taxable","14":"shipping-taxable","15":"purchasable","16":"product-type-simple"},"yoast_head":"<!-- This site is optimized with the Yoast SEO plugin v27.1.1 - https:\/\/yoast.com\/product\/yoast-seo-wordpress\/ -->\n<title>Work Light OZZ SQR 5\u2033 Black - RST-Steel<\/title>\n<meta name=\"description\" content=\"Work Light OZZ SQR 5\u2033 Black \u2013 powerful LED light for vehicles. Bright, wide beam enhances visibility during work, durable design, and easy to install.\" \/>\n<meta name=\"robots\" content=\"index, follow, max-snippet:-1, max-image-preview:large, max-video-preview:-1\" \/>\n<link rel=\"canonical\" href=\"https:\/\/rst-steel.com\/nb\/produktkategori\/lighting\/work-lights\/led-work-lights\/work-light-ozz-sqr-5\u2033-black\/\" \/>\n<meta property=\"og:locale\" content=\"nb_NO\" \/>\n<meta property=\"og:type\" content=\"article\" \/>\n<meta property=\"og:title\" content=\"Work Light OZZ SQR 5\u2033 Black - RST-Steel\" \/>\n<meta property=\"og:description\" content=\"Work Light OZZ SQR 5\u2033 Black \u2013 powerful LED light for vehicles. Bright, wide beam enhances visibility during work, durable design, and easy to install.\" \/>\n<meta property=\"og:url\" content=\"https:\/\/rst-steel.com\/nb\/produktkategori\/lighting\/work-lights\/led-work-lights\/work-light-ozz-sqr-5\u2033-black\/\" \/>\n<meta property=\"og:site_name\" content=\"RST-Steel\" \/>\n<meta property=\"article:modified_time\" content=\"2026-04-17T05:56:12+00:00\" \/>\n<meta property=\"og:image\" content=\"https:\/\/rst-steel.com\/wp-content\/uploads\/2026\/03\/cee21bf47464ed60091e88efff10a3d4d7a9bdd0_e7d7b44498b04d0a9073ac52ea08e1261492bcbf_88509_a.jpg\" \/>\n\t<meta property=\"og:image:width\" content=\"700\" \/>\n\t<meta property=\"og:image:height\" content=\"525\" \/>\n\t<meta property=\"og:image:type\" content=\"image\/jpeg\" \/>\n<meta name=\"twitter:card\" content=\"summary_large_image\" \/>\n<meta name=\"twitter:label1\" content=\"Ansl. lesetid\" \/>\n\t<meta name=\"twitter:data1\" content=\"1 minutt\" \/>\n<script type=\"application\/ld+json\" class=\"yoast-schema-graph\">{\"@context\":\"https:\/\/schema.org\",\"@graph\":[{\"@type\":\"WebPage\",\"@id\":\"https:\/\/rst-steel.com\/product-category\/lighting\/work-lights\/led-work-lights\/work-light-ozz-sqr-5%e2%80%b3-black\/\",\"url\":\"https:\/\/rst-steel.com\/product-category\/lighting\/work-lights\/led-work-lights\/work-light-ozz-sqr-5%e2%80%b3-black\/\",\"name\":\"Work Light OZZ SQR 5\u2033 Black - RST-Steel\",\"isPartOf\":{\"@id\":\"https:\/\/rst-steel.com\/#website\"},\"primaryImageOfPage\":{\"@id\":\"https:\/\/rst-steel.com\/product-category\/lighting\/work-lights\/led-work-lights\/work-light-ozz-sqr-5%e2%80%b3-black\/#primaryimage\"},\"image\":{\"@id\":\"https:\/\/rst-steel.com\/product-category\/lighting\/work-lights\/led-work-lights\/work-light-ozz-sqr-5%e2%80%b3-black\/#primaryimage\"},\"thumbnailUrl\":\"https:\/\/rst-steel.com\/wp-content\/uploads\/2026\/03\/cee21bf47464ed60091e88efff10a3d4d7a9bdd0_e7d7b44498b04d0a9073ac52ea08e1261492bcbf_88509_a.jpg\",\"datePublished\":\"2026-03-31T08:48:56+00:00\",\"dateModified\":\"2026-04-17T05:56:12+00:00\",\"description\":\"Work Light OZZ SQR 5\u2033 Black \u2013 powerful LED light for vehicles. Bright, wide beam enhances visibility during work, durable design, and easy to install.\",\"breadcrumb\":{\"@id\":\"https:\/\/rst-steel.com\/product-category\/lighting\/work-lights\/led-work-lights\/work-light-ozz-sqr-5%e2%80%b3-black\/#breadcrumb\"},\"inLanguage\":\"nb-NO\",\"potentialAction\":[{\"@type\":\"ReadAction\",\"target\":[\"https:\/\/rst-steel.com\/product-category\/lighting\/work-lights\/led-work-lights\/work-light-ozz-sqr-5%e2%80%b3-black\/\"]}]},{\"@type\":\"ImageObject\",\"inLanguage\":\"nb-NO\",\"@id\":\"https:\/\/rst-steel.com\/product-category\/lighting\/work-lights\/led-work-lights\/work-light-ozz-sqr-5%e2%80%b3-black\/#primaryimage\",\"url\":\"https:\/\/rst-steel.com\/wp-content\/uploads\/2026\/03\/cee21bf47464ed60091e88efff10a3d4d7a9bdd0_e7d7b44498b04d0a9073ac52ea08e1261492bcbf_88509_a.jpg\",\"contentUrl\":\"https:\/\/rst-steel.com\/wp-content\/uploads\/2026\/03\/cee21bf47464ed60091e88efff10a3d4d7a9bdd0_e7d7b44498b04d0a9073ac52ea08e1261492bcbf_88509_a.jpg\",\"width\":700,\"height\":525,\"caption\":\"6021-0196\"},{\"@type\":\"BreadcrumbList\",\"@id\":\"https:\/\/rst-steel.com\/product-category\/lighting\/work-lights\/led-work-lights\/work-light-ozz-sqr-5%e2%80%b3-black\/#breadcrumb\",\"itemListElement\":[{\"@type\":\"ListItem\",\"position\":1,\"name\":\"Home\",\"item\":\"https:\/\/rst-steel.com\/\"},{\"@type\":\"ListItem\",\"position\":2,\"name\":\"RST-Steel Verkkokauppa\",\"item\":\"https:\/\/rst-steel.com\/shop\/\"},{\"@type\":\"ListItem\",\"position\":3,\"name\":\"Work Light OZZ SQR 5\u2033 Black\"}]},{\"@type\":\"WebSite\",\"@id\":\"https:\/\/rst-steel.com\/#website\",\"url\":\"https:\/\/rst-steel.com\/\",\"name\":\"RST-Steel Oy - Turvallista, tyylik\u00e4st\u00e4, ter\u00e4st\u00e4\",\"description\":\"Finnish quality for discerning drivers\",\"publisher\":{\"@id\":\"https:\/\/rst-steel.com\/#organization\"},\"potentialAction\":[{\"@type\":\"SearchAction\",\"target\":{\"@type\":\"EntryPoint\",\"urlTemplate\":\"https:\/\/rst-steel.com\/?s={search_term_string}\"},\"query-input\":{\"@type\":\"PropertyValueSpecification\",\"valueRequired\":true,\"valueName\":\"search_term_string\"}}],\"inLanguage\":\"nb-NO\"},{\"@type\":\"Organization\",\"@id\":\"https:\/\/rst-steel.com\/#organization\",\"name\":\"RST-Steel Oy\",\"alternateName\":\"RST-Steel Oy - Turvallista, tyylik\u00e4st\u00e4, ter\u00e4st\u00e4\",\"url\":\"https:\/\/rst-steel.com\/\",\"logo\":{\"@type\":\"ImageObject\",\"inLanguage\":\"nb-NO\",\"@id\":\"https:\/\/rst-steel.com\/#\/schema\/logo\/image\/\",\"url\":\"https:\/\/rst-steel.com\/wp-content\/uploads\/2025\/02\/cropped-rst-valkoinen-ilman-taustaa-02.png\",\"contentUrl\":\"https:\/\/rst-steel.com\/wp-content\/uploads\/2025\/02\/cropped-rst-valkoinen-ilman-taustaa-02.png\",\"width\":2319,\"height\":690,\"caption\":\"RST-Steel Oy\"},\"image\":{\"@id\":\"https:\/\/rst-steel.com\/#\/schema\/logo\/image\/\"}}]}<\/script>\n<!-- \/ Yoast SEO plugin. -->","yoast_head_json":{"title":"Work Light OZZ SQR 5\u2033 Black - RST-Steel","description":"Work Light OZZ SQR 5\u2033 Black \u2013 powerful LED light for vehicles. Bright, wide beam enhances visibility during work, durable design, and easy to install.","robots":{"index":"index","follow":"follow","max-snippet":"max-snippet:-1","max-image-preview":"max-image-preview:large","max-video-preview":"max-video-preview:-1"},"canonical":"https:\/\/rst-steel.com\/nb\/produktkategori\/lighting\/work-lights\/led-work-lights\/work-light-ozz-sqr-5\u2033-black\/","og_locale":"nb_NO","og_type":"article","og_title":"Work Light OZZ SQR 5\u2033 Black - RST-Steel","og_description":"Work Light OZZ SQR 5\u2033 Black \u2013 powerful LED light for vehicles. Bright, wide beam enhances visibility during work, durable design, and easy to install.","og_url":"https:\/\/rst-steel.com\/nb\/produktkategori\/lighting\/work-lights\/led-work-lights\/work-light-ozz-sqr-5\u2033-black\/","og_site_name":"RST-Steel","article_modified_time":"2026-04-17T05:56:12+00:00","og_image":[{"width":700,"height":525,"url":"https:\/\/rst-steel.com\/wp-content\/uploads\/2026\/03\/cee21bf47464ed60091e88efff10a3d4d7a9bdd0_e7d7b44498b04d0a9073ac52ea08e1261492bcbf_88509_a.jpg","type":"image\/jpeg"}],"twitter_card":"summary_large_image","twitter_misc":{"Ansl. lesetid":"1 minutt"},"schema":{"@context":"https:\/\/schema.org","@graph":[{"@type":"WebPage","@id":"https:\/\/rst-steel.com\/product-category\/lighting\/work-lights\/led-work-lights\/work-light-ozz-sqr-5%e2%80%b3-black\/","url":"https:\/\/rst-steel.com\/product-category\/lighting\/work-lights\/led-work-lights\/work-light-ozz-sqr-5%e2%80%b3-black\/","name":"Work Light OZZ SQR 5\u2033 Black - RST-Steel","isPartOf":{"@id":"https:\/\/rst-steel.com\/#website"},"primaryImageOfPage":{"@id":"https:\/\/rst-steel.com\/product-category\/lighting\/work-lights\/led-work-lights\/work-light-ozz-sqr-5%e2%80%b3-black\/#primaryimage"},"image":{"@id":"https:\/\/rst-steel.com\/product-category\/lighting\/work-lights\/led-work-lights\/work-light-ozz-sqr-5%e2%80%b3-black\/#primaryimage"},"thumbnailUrl":"https:\/\/rst-steel.com\/wp-content\/uploads\/2026\/03\/cee21bf47464ed60091e88efff10a3d4d7a9bdd0_e7d7b44498b04d0a9073ac52ea08e1261492bcbf_88509_a.jpg","datePublished":"2026-03-31T08:48:56+00:00","dateModified":"2026-04-17T05:56:12+00:00","description":"Work Light OZZ SQR 5\u2033 Black \u2013 powerful LED light for vehicles. Bright, wide beam enhances visibility during work, durable design, and easy to install.","breadcrumb":{"@id":"https:\/\/rst-steel.com\/product-category\/lighting\/work-lights\/led-work-lights\/work-light-ozz-sqr-5%e2%80%b3-black\/#breadcrumb"},"inLanguage":"nb-NO","potentialAction":[{"@type":"ReadAction","target":["https:\/\/rst-steel.com\/product-category\/lighting\/work-lights\/led-work-lights\/work-light-ozz-sqr-5%e2%80%b3-black\/"]}]},{"@type":"ImageObject","inLanguage":"nb-NO","@id":"https:\/\/rst-steel.com\/product-category\/lighting\/work-lights\/led-work-lights\/work-light-ozz-sqr-5%e2%80%b3-black\/#primaryimage","url":"https:\/\/rst-steel.com\/wp-content\/uploads\/2026\/03\/cee21bf47464ed60091e88efff10a3d4d7a9bdd0_e7d7b44498b04d0a9073ac52ea08e1261492bcbf_88509_a.jpg","contentUrl":"https:\/\/rst-steel.com\/wp-content\/uploads\/2026\/03\/cee21bf47464ed60091e88efff10a3d4d7a9bdd0_e7d7b44498b04d0a9073ac52ea08e1261492bcbf_88509_a.jpg","width":700,"height":525,"caption":"6021-0196"},{"@type":"BreadcrumbList","@id":"https:\/\/rst-steel.com\/product-category\/lighting\/work-lights\/led-work-lights\/work-light-ozz-sqr-5%e2%80%b3-black\/#breadcrumb","itemListElement":[{"@type":"ListItem","position":1,"name":"Home","item":"https:\/\/rst-steel.com\/"},{"@type":"ListItem","position":2,"name":"RST-Steel Verkkokauppa","item":"https:\/\/rst-steel.com\/shop\/"},{"@type":"ListItem","position":3,"name":"Work Light OZZ SQR 5\u2033 Black"}]},{"@type":"WebSite","@id":"https:\/\/rst-steel.com\/#website","url":"https:\/\/rst-steel.com\/","name":"RST-Steel Oy - Turvallista, tyylik\u00e4st\u00e4, ter\u00e4st\u00e4","description":"Finsk kvalitet for kvalitetsbevisste sj\u00e5f\u00f8rer","publisher":{"@id":"https:\/\/rst-steel.com\/#organization"},"potentialAction":[{"@type":"SearchAction","target":{"@type":"EntryPoint","urlTemplate":"https:\/\/rst-steel.com\/?s={search_term_string}"},"query-input":{"@type":"PropertyValueSpecification","valueRequired":true,"valueName":"search_term_string"}}],"inLanguage":"nb-NO"},{"@type":"Organization","@id":"https:\/\/rst-steel.com\/#organization","name":"RST-Steel Oy","alternateName":"RST-Steel Oy - Turvallista, tyylik\u00e4st\u00e4, ter\u00e4st\u00e4","url":"https:\/\/rst-steel.com\/","logo":{"@type":"ImageObject","inLanguage":"nb-NO","@id":"https:\/\/rst-steel.com\/#\/schema\/logo\/image\/","url":"https:\/\/rst-steel.com\/wp-content\/uploads\/2025\/02\/cropped-rst-valkoinen-ilman-taustaa-02.png","contentUrl":"https:\/\/rst-steel.com\/wp-content\/uploads\/2025\/02\/cropped-rst-valkoinen-ilman-taustaa-02.png","width":2319,"height":690,"caption":"RST-Steel Oy"},"image":{"@id":"https:\/\/rst-steel.com\/#\/schema\/logo\/image\/"}}]}},"_links":{"self":[{"href":"https:\/\/rst-steel.com\/nb\/wp-json\/wp\/v2\/product\/197130","targetHints":{"allow":["GET"]}}],"collection":[{"href":"https:\/\/rst-steel.com\/nb\/wp-json\/wp\/v2\/product"}],"about":[{"href":"https:\/\/rst-steel.com\/nb\/wp-json\/wp\/v2\/types\/product"}],"version-history":[{"count":1,"href":"https:\/\/rst-steel.com\/nb\/wp-json\/wp\/v2\/product\/197130\/revisions"}],"predecessor-version":[{"id":198681,"href":"https:\/\/rst-steel.com\/nb\/wp-json\/wp\/v2\/product\/197130\/revisions\/198681"}],"wp:featuredmedia":[{"embeddable":true,"href":"https:\/\/rst-steel.com\/nb\/wp-json\/wp\/v2\/media\/197126"}],"wp:attachment":[{"href":"https:\/\/rst-steel.com\/nb\/wp-json\/wp\/v2\/media?parent=197130"}],"wp:term":[{"taxonomy":"make_year","embeddable":true,"href":"https:\/\/rst-steel.com\/nb\/wp-json\/wp\/v2\/make_year?post=197130"},{"taxonomy":"make_brand","embeddable":true,"href":"https:\/\/rst-steel.com\/nb\/wp-json\/wp\/v2\/make_brand?post=197130"},{"taxonomy":"make_model","embeddable":true,"href":"https:\/\/rst-steel.com\/nb\/wp-json\/wp\/v2\/make_model?post=197130"},{"taxonomy":"make_fuel_type","embeddable":true,"href":"https:\/\/rst-steel.com\/nb\/wp-json\/wp\/v2\/make_fuel_type?post=197130"},{"taxonomy":"product_brand","embeddable":true,"href":"https:\/\/rst-steel.com\/nb\/wp-json\/wp\/v2\/product_brand?post=197130"},{"taxonomy":"product_cat","embeddable":true,"href":"https:\/\/rst-steel.com\/nb\/wp-json\/wp\/v2\/product_cat?post=197130"},{"taxonomy":"product_tag","embeddable":true,"href":"https:\/\/rst-steel.com\/nb\/wp-json\/wp\/v2\/product_tag?post=197130"}],"curies":[{"name":"wp","href":"https:\/\/api.w.org\/{rel}","templated":true}]}}