{"id":197379,"date":"2026-02-16T15:39:34","date_gmt":"2026-02-16T13:39:34","guid":{"rendered":"https:\/\/rst-steel.com\/product-category\/uncategorized\/decorative-pipes-v-line-v09-scania-nextgen-g-normal-s45-53\/"},"modified":"2026-04-15T09:11:08","modified_gmt":"2026-04-15T06:11:08","slug":"decorative-pipes-v-line-v09-scania-nextgen-g-normal-s45-53","status":"publish","type":"product","link":"https:\/\/rst-steel.com\/nb\/produktkategori\/light-bars\/work-light-bars-for-trucks\/decorative-pipes-v-line-v09-scania-nextgen-g-normal-s45-53\/","title":{"rendered":"Decorative Pipes V-Line V09 Scania NextGen G Normal S45\/53"},"content":{"rendered":"<p data-start=\"0\" data-end=\"319\"><span style=\"font-weight: bold\">Decorative Pipes V-Line V09 Scania NextGen G Normal S45\/53<\/span><\/p>\n<p data-start=\"0\" data-end=\"319\">Enhance your&nbsp;<span class=\"hover:entity-accent entity-underline inline cursor-pointer align-baseline\">Scania NextGen G Normal<\/span>&nbsp;with RST\u2011Steel\u2019s V-Line V09 decorative pipes, designed specifically for S45\/53 side wind deflectors. Crafted from high-quality stainless steel, these pipes combine style, durability, and functionality, giving your truck a clean, professional, and premium appearance.<\/p>\n<p data-start=\"321\" data-end=\"549\">The decorative pipes are designed for&nbsp;<strong data-start=\"359\" data-end=\"408\">easy installation on existing mounting points<\/strong>, ensuring a precise fit without modifications. An ideal upgrade to improve both the look and presence of your Scania NextGen G Normal cab.<\/p>\n<p data-start=\"551\" data-end=\"722\"><strong data-start=\"551\" data-end=\"580\">Tekniske spesifikasjoner:<\/strong><\/p>\n<ul>\n<li>Color: Polished stainless steel or painted in standard RAL colors<\/li>\n<li>Pipe diameter: 60 mm<\/li>\n<li>Compatible cab: Scania NextGen G Normal S45\/53<\/li>\n<\/ul>\n<p data-start=\"724\" data-end=\"823\" data-is-last-node=\"\" data-is-only-node=\"\"><strong data-start=\"724\" data-end=\"745\">Package Includes:<\/strong><\/p>\n<ul>\n<li>V-Line V09 decorative pipes<\/li>\n<li>Mounting brackets<\/li>\n<li>Installation instructions<\/li>\n<\/ul>","protected":false},"excerpt":{"rendered":"<p>Several model options available!<\/p>","protected":false},"featured_media":197380,"template":"","meta":{"_improvement_type_select":"improve_an_existing","_thumb_yes_seoaic":false,"_frame_yes_seoaic":false,"seoaic_generate_description":"","seoaic_improve_instructions_prompt":"","seoaic_rollback_content_improvement":"","seoaic_idea_thumbnail_generator":"","thumbnail_generated":false,"thumbnail_generate_prompt":"","seoaic_article_description":""},"make_year":[],"make_brand":[],"make_model":[],"make_fuel_type":[],"product_brand":[],"product_cat":[10592],"product_tag":[11373,11374],"class_list":{"0":"post-197379","1":"product","2":"type-product","3":"status-publish","4":"has-post-thumbnail","6":"product_cat-work-light-bars-for-trucks","7":"product_tag-scania","8":"product_tag-scania-nextgen","9":"product_shipping_class-lightbars","11":"first","12":"outofstock","13":"taxable","14":"shipping-taxable","15":"purchasable","16":"product-type-variable"},"yoast_head":"<!-- This site is optimized with the Yoast SEO plugin v27.1.1 - https:\/\/yoast.com\/product\/yoast-seo-wordpress\/ -->\n<title>Decorative Pipes V-Line V09 Scania NextGen G Normal S45\/53 - RST-Steel<\/title>\n<meta name=\"description\" content=\"Decorative Pipes V-Line V09 for Scania NextGen G Normal S45\/S53. Premium stainless styling upgrade for a bold look, perfect fit and durable finish.\" \/>\n<meta name=\"robots\" content=\"index, follow, max-snippet:-1, max-image-preview:large, max-video-preview:-1\" \/>\n<link rel=\"canonical\" href=\"https:\/\/rst-steel.com\/nb\/produktkategori\/light-bars\/work-light-bars-for-trucks\/decorative-pipes-v-line-v09-scania-nextgen-g-normal-s45-53\/\" \/>\n<meta property=\"og:locale\" content=\"nb_NO\" \/>\n<meta property=\"og:type\" content=\"article\" \/>\n<meta property=\"og:title\" content=\"Decorative Pipes V-Line V09 Scania NextGen G Normal S45\/53 - RST-Steel\" \/>\n<meta property=\"og:description\" content=\"Decorative Pipes V-Line V09 for Scania NextGen G Normal S45\/S53. Premium stainless styling upgrade for a bold look, perfect fit and durable finish.\" \/>\n<meta property=\"og:url\" content=\"https:\/\/rst-steel.com\/nb\/produktkategori\/light-bars\/work-light-bars-for-trucks\/decorative-pipes-v-line-v09-scania-nextgen-g-normal-s45-53\/\" \/>\n<meta property=\"og:site_name\" content=\"RST-Steel\" \/>\n<meta property=\"article:modified_time\" content=\"2026-04-15T06:11:08+00:00\" \/>\n<meta property=\"og:image\" content=\"https:\/\/rst-steel.com\/wp-content\/uploads\/2026\/04\/8704c0e70b7fa5e65cb7e2f3b1088085da13d662_148770__1_.jpg\" \/>\n\t<meta property=\"og:image:width\" content=\"1920\" \/>\n\t<meta property=\"og:image:height\" content=\"1080\" \/>\n\t<meta property=\"og:image:type\" content=\"image\/jpeg\" \/>\n<meta name=\"twitter:card\" content=\"summary_large_image\" \/>\n<meta name=\"twitter:label1\" content=\"Ansl. lesetid\" \/>\n\t<meta name=\"twitter:data1\" content=\"1 minutt\" \/>\n<script type=\"application\/ld+json\" class=\"yoast-schema-graph\">{\"@context\":\"https:\/\/schema.org\",\"@graph\":[{\"@type\":\"WebPage\",\"@id\":\"https:\/\/rst-steel.com\/product-category\/light-bars\/work-light-bars-for-trucks\/decorative-pipes-v-line-v09-scania-nextgen-g-normal-s45-53\/\",\"url\":\"https:\/\/rst-steel.com\/product-category\/light-bars\/work-light-bars-for-trucks\/decorative-pipes-v-line-v09-scania-nextgen-g-normal-s45-53\/\",\"name\":\"Decorative Pipes V-Line V09 Scania NextGen G Normal S45\/53 - RST-Steel\",\"isPartOf\":{\"@id\":\"https:\/\/rst-steel.com\/#website\"},\"primaryImageOfPage\":{\"@id\":\"https:\/\/rst-steel.com\/product-category\/light-bars\/work-light-bars-for-trucks\/decorative-pipes-v-line-v09-scania-nextgen-g-normal-s45-53\/#primaryimage\"},\"image\":{\"@id\":\"https:\/\/rst-steel.com\/product-category\/light-bars\/work-light-bars-for-trucks\/decorative-pipes-v-line-v09-scania-nextgen-g-normal-s45-53\/#primaryimage\"},\"thumbnailUrl\":\"https:\/\/rst-steel.com\/wp-content\/uploads\/2026\/04\/8704c0e70b7fa5e65cb7e2f3b1088085da13d662_148770__1_.jpg\",\"datePublished\":\"2026-02-16T13:39:34+00:00\",\"dateModified\":\"2026-04-15T06:11:08+00:00\",\"description\":\"Decorative Pipes V-Line V09 for Scania NextGen G Normal S45\/S53. Premium stainless styling upgrade for a bold look, perfect fit and durable finish.\",\"breadcrumb\":{\"@id\":\"https:\/\/rst-steel.com\/product-category\/light-bars\/work-light-bars-for-trucks\/decorative-pipes-v-line-v09-scania-nextgen-g-normal-s45-53\/#breadcrumb\"},\"inLanguage\":\"nb-NO\",\"potentialAction\":[{\"@type\":\"ReadAction\",\"target\":[\"https:\/\/rst-steel.com\/product-category\/light-bars\/work-light-bars-for-trucks\/decorative-pipes-v-line-v09-scania-nextgen-g-normal-s45-53\/\"]}]},{\"@type\":\"ImageObject\",\"inLanguage\":\"nb-NO\",\"@id\":\"https:\/\/rst-steel.com\/product-category\/light-bars\/work-light-bars-for-trucks\/decorative-pipes-v-line-v09-scania-nextgen-g-normal-s45-53\/#primaryimage\",\"url\":\"https:\/\/rst-steel.com\/wp-content\/uploads\/2026\/04\/8704c0e70b7fa5e65cb7e2f3b1088085da13d662_148770__1_.jpg\",\"contentUrl\":\"https:\/\/rst-steel.com\/wp-content\/uploads\/2026\/04\/8704c0e70b7fa5e65cb7e2f3b1088085da13d662_148770__1_.jpg\",\"width\":1920,\"height\":1080},{\"@type\":\"BreadcrumbList\",\"@id\":\"https:\/\/rst-steel.com\/product-category\/light-bars\/work-light-bars-for-trucks\/decorative-pipes-v-line-v09-scania-nextgen-g-normal-s45-53\/#breadcrumb\",\"itemListElement\":[{\"@type\":\"ListItem\",\"position\":1,\"name\":\"Home\",\"item\":\"https:\/\/rst-steel.com\/\"},{\"@type\":\"ListItem\",\"position\":2,\"name\":\"RST-Steel Verkkokauppa\",\"item\":\"https:\/\/rst-steel.com\/shop\/\"},{\"@type\":\"ListItem\",\"position\":3,\"name\":\"Decorative Pipes V-Line V09 Scania NextGen G Normal S45\/53\"}]},{\"@type\":\"WebSite\",\"@id\":\"https:\/\/rst-steel.com\/#website\",\"url\":\"https:\/\/rst-steel.com\/\",\"name\":\"RST-Steel Oy - Turvallista, tyylik\u00e4st\u00e4, ter\u00e4st\u00e4\",\"description\":\"Finnish quality for discerning drivers\",\"publisher\":{\"@id\":\"https:\/\/rst-steel.com\/#organization\"},\"potentialAction\":[{\"@type\":\"SearchAction\",\"target\":{\"@type\":\"EntryPoint\",\"urlTemplate\":\"https:\/\/rst-steel.com\/?s={search_term_string}\"},\"query-input\":{\"@type\":\"PropertyValueSpecification\",\"valueRequired\":true,\"valueName\":\"search_term_string\"}}],\"inLanguage\":\"nb-NO\"},{\"@type\":\"Organization\",\"@id\":\"https:\/\/rst-steel.com\/#organization\",\"name\":\"RST-Steel Oy\",\"alternateName\":\"RST-Steel Oy - Turvallista, tyylik\u00e4st\u00e4, ter\u00e4st\u00e4\",\"url\":\"https:\/\/rst-steel.com\/\",\"logo\":{\"@type\":\"ImageObject\",\"inLanguage\":\"nb-NO\",\"@id\":\"https:\/\/rst-steel.com\/#\/schema\/logo\/image\/\",\"url\":\"https:\/\/rst-steel.com\/wp-content\/uploads\/2025\/02\/cropped-rst-valkoinen-ilman-taustaa-02.png\",\"contentUrl\":\"https:\/\/rst-steel.com\/wp-content\/uploads\/2025\/02\/cropped-rst-valkoinen-ilman-taustaa-02.png\",\"width\":2319,\"height\":690,\"caption\":\"RST-Steel Oy\"},\"image\":{\"@id\":\"https:\/\/rst-steel.com\/#\/schema\/logo\/image\/\"}}]}<\/script>\n<!-- \/ Yoast SEO plugin. -->","yoast_head_json":{"title":"Decorative Pipes V-Line V09 Scania NextGen G Normal S45\/53 - RST-Steel","description":"Decorative Pipes V-Line V09 for Scania NextGen G Normal S45\/S53. Premium stainless styling upgrade for a bold look, perfect fit and durable finish.","robots":{"index":"index","follow":"follow","max-snippet":"max-snippet:-1","max-image-preview":"max-image-preview:large","max-video-preview":"max-video-preview:-1"},"canonical":"https:\/\/rst-steel.com\/nb\/produktkategori\/light-bars\/work-light-bars-for-trucks\/decorative-pipes-v-line-v09-scania-nextgen-g-normal-s45-53\/","og_locale":"nb_NO","og_type":"article","og_title":"Decorative Pipes V-Line V09 Scania NextGen G Normal S45\/53 - RST-Steel","og_description":"Decorative Pipes V-Line V09 for Scania NextGen G Normal S45\/S53. Premium stainless styling upgrade for a bold look, perfect fit and durable finish.","og_url":"https:\/\/rst-steel.com\/nb\/produktkategori\/light-bars\/work-light-bars-for-trucks\/decorative-pipes-v-line-v09-scania-nextgen-g-normal-s45-53\/","og_site_name":"RST-Steel","article_modified_time":"2026-04-15T06:11:08+00:00","og_image":[{"width":1920,"height":1080,"url":"https:\/\/rst-steel.com\/wp-content\/uploads\/2026\/04\/8704c0e70b7fa5e65cb7e2f3b1088085da13d662_148770__1_.jpg","type":"image\/jpeg"}],"twitter_card":"summary_large_image","twitter_misc":{"Ansl. lesetid":"1 minutt"},"schema":{"@context":"https:\/\/schema.org","@graph":[{"@type":"WebPage","@id":"https:\/\/rst-steel.com\/product-category\/light-bars\/work-light-bars-for-trucks\/decorative-pipes-v-line-v09-scania-nextgen-g-normal-s45-53\/","url":"https:\/\/rst-steel.com\/product-category\/light-bars\/work-light-bars-for-trucks\/decorative-pipes-v-line-v09-scania-nextgen-g-normal-s45-53\/","name":"Decorative Pipes V-Line V09 Scania NextGen G Normal S45\/53 - RST-Steel","isPartOf":{"@id":"https:\/\/rst-steel.com\/#website"},"primaryImageOfPage":{"@id":"https:\/\/rst-steel.com\/product-category\/light-bars\/work-light-bars-for-trucks\/decorative-pipes-v-line-v09-scania-nextgen-g-normal-s45-53\/#primaryimage"},"image":{"@id":"https:\/\/rst-steel.com\/product-category\/light-bars\/work-light-bars-for-trucks\/decorative-pipes-v-line-v09-scania-nextgen-g-normal-s45-53\/#primaryimage"},"thumbnailUrl":"https:\/\/rst-steel.com\/wp-content\/uploads\/2026\/04\/8704c0e70b7fa5e65cb7e2f3b1088085da13d662_148770__1_.jpg","datePublished":"2026-02-16T13:39:34+00:00","dateModified":"2026-04-15T06:11:08+00:00","description":"Decorative Pipes V-Line V09 for Scania NextGen G Normal S45\/S53. Premium stainless styling upgrade for a bold look, perfect fit and durable finish.","breadcrumb":{"@id":"https:\/\/rst-steel.com\/product-category\/light-bars\/work-light-bars-for-trucks\/decorative-pipes-v-line-v09-scania-nextgen-g-normal-s45-53\/#breadcrumb"},"inLanguage":"nb-NO","potentialAction":[{"@type":"ReadAction","target":["https:\/\/rst-steel.com\/product-category\/light-bars\/work-light-bars-for-trucks\/decorative-pipes-v-line-v09-scania-nextgen-g-normal-s45-53\/"]}]},{"@type":"ImageObject","inLanguage":"nb-NO","@id":"https:\/\/rst-steel.com\/product-category\/light-bars\/work-light-bars-for-trucks\/decorative-pipes-v-line-v09-scania-nextgen-g-normal-s45-53\/#primaryimage","url":"https:\/\/rst-steel.com\/wp-content\/uploads\/2026\/04\/8704c0e70b7fa5e65cb7e2f3b1088085da13d662_148770__1_.jpg","contentUrl":"https:\/\/rst-steel.com\/wp-content\/uploads\/2026\/04\/8704c0e70b7fa5e65cb7e2f3b1088085da13d662_148770__1_.jpg","width":1920,"height":1080},{"@type":"BreadcrumbList","@id":"https:\/\/rst-steel.com\/product-category\/light-bars\/work-light-bars-for-trucks\/decorative-pipes-v-line-v09-scania-nextgen-g-normal-s45-53\/#breadcrumb","itemListElement":[{"@type":"ListItem","position":1,"name":"Home","item":"https:\/\/rst-steel.com\/"},{"@type":"ListItem","position":2,"name":"RST-Steel Verkkokauppa","item":"https:\/\/rst-steel.com\/shop\/"},{"@type":"ListItem","position":3,"name":"Decorative Pipes V-Line V09 Scania NextGen G Normal S45\/53"}]},{"@type":"WebSite","@id":"https:\/\/rst-steel.com\/#website","url":"https:\/\/rst-steel.com\/","name":"RST-Steel Oy - Turvallista, tyylik\u00e4st\u00e4, ter\u00e4st\u00e4","description":"Finsk kvalitet for kvalitetsbevisste sj\u00e5f\u00f8rer","publisher":{"@id":"https:\/\/rst-steel.com\/#organization"},"potentialAction":[{"@type":"SearchAction","target":{"@type":"EntryPoint","urlTemplate":"https:\/\/rst-steel.com\/?s={search_term_string}"},"query-input":{"@type":"PropertyValueSpecification","valueRequired":true,"valueName":"search_term_string"}}],"inLanguage":"nb-NO"},{"@type":"Organization","@id":"https:\/\/rst-steel.com\/#organization","name":"Administrer alternativer","alternateName":"RST-Steel Oy - Turvallista, tyylik\u00e4st\u00e4, ter\u00e4st\u00e4","url":"https:\/\/rst-steel.com\/","logo":{"@type":"ImageObject","inLanguage":"nb-NO","@id":"https:\/\/rst-steel.com\/#\/schema\/logo\/image\/","url":"https:\/\/rst-steel.com\/wp-content\/uploads\/2025\/02\/cropped-rst-valkoinen-ilman-taustaa-02.png","contentUrl":"https:\/\/rst-steel.com\/wp-content\/uploads\/2025\/02\/cropped-rst-valkoinen-ilman-taustaa-02.png","width":2319,"height":690,"caption":"RST-Steel Oy"},"image":{"@id":"https:\/\/rst-steel.com\/#\/schema\/logo\/image\/"}}]}},"_links":{"self":[{"href":"https:\/\/rst-steel.com\/nb\/wp-json\/wp\/v2\/product\/197379","targetHints":{"allow":["GET"]}}],"collection":[{"href":"https:\/\/rst-steel.com\/nb\/wp-json\/wp\/v2\/product"}],"about":[{"href":"https:\/\/rst-steel.com\/nb\/wp-json\/wp\/v2\/types\/product"}],"version-history":[{"count":1,"href":"https:\/\/rst-steel.com\/nb\/wp-json\/wp\/v2\/product\/197379\/revisions"}],"predecessor-version":[{"id":199175,"href":"https:\/\/rst-steel.com\/nb\/wp-json\/wp\/v2\/product\/197379\/revisions\/199175"}],"wp:featuredmedia":[{"embeddable":true,"href":"https:\/\/rst-steel.com\/nb\/wp-json\/wp\/v2\/media\/197380"}],"wp:attachment":[{"href":"https:\/\/rst-steel.com\/nb\/wp-json\/wp\/v2\/media?parent=197379"}],"wp:term":[{"taxonomy":"make_year","embeddable":true,"href":"https:\/\/rst-steel.com\/nb\/wp-json\/wp\/v2\/make_year?post=197379"},{"taxonomy":"make_brand","embeddable":true,"href":"https:\/\/rst-steel.com\/nb\/wp-json\/wp\/v2\/make_brand?post=197379"},{"taxonomy":"make_model","embeddable":true,"href":"https:\/\/rst-steel.com\/nb\/wp-json\/wp\/v2\/make_model?post=197379"},{"taxonomy":"make_fuel_type","embeddable":true,"href":"https:\/\/rst-steel.com\/nb\/wp-json\/wp\/v2\/make_fuel_type?post=197379"},{"taxonomy":"product_brand","embeddable":true,"href":"https:\/\/rst-steel.com\/nb\/wp-json\/wp\/v2\/product_brand?post=197379"},{"taxonomy":"product_cat","embeddable":true,"href":"https:\/\/rst-steel.com\/nb\/wp-json\/wp\/v2\/product_cat?post=197379"},{"taxonomy":"product_tag","embeddable":true,"href":"https:\/\/rst-steel.com\/nb\/wp-json\/wp\/v2\/product_tag?post=197379"}],"curies":[{"name":"wp","href":"https:\/\/api.w.org\/{rel}","templated":true}]}}