{"id":34651,"date":"2023-01-25T10:00:33","date_gmt":"2023-01-25T07:00:33","guid":{"rendered":"https:\/\/rst-steel.fi-c.seravo.com\/shop\/uncategorized\/roofbar-volvo-fh4-ja-fh-fm-2021-normal-cab_prm_66132\/"},"modified":"2026-03-16T09:13:36","modified_gmt":"2026-03-16T06:13:36","slug":"lisavaloteline-katolle-basic-volvo-fh4-normaali_prm_66132","status":"publish","type":"product","link":"https:\/\/rst-steel.com\/nb\/produkt\/lisavaloteline-katolle-basic-volvo-fh4-normaali_prm_66132\/","title":{"rendered":"Light Bars FH 2013->\/FM4 2021-> Normal Led 5+4, TV 4+2"},"content":{"rendered":"<p><strong>Light Bars FH 2013-&gt;\/FM4 2021-&gt; Normal Led 5+4, TV 4+2<\/strong><\/p>\n<ul>\n<li><\/li>\n<\/ul>\n<p>&nbsp;<\/p>\n<p><span style=\"font-weight: bold;\">Egenskaper:<\/span><\/p>\n<ul>\n<li><span style=\"font-weight: bold;\">Kompatibilitet<\/span>: Designed for\u00a0Volvo FH4, FH new \/ FH new with Normal cab, ensuring quick and effortless installation.<\/li>\n<li><span style=\"font-weight: bold;\">Materials<\/span>: Made from durable stainless steel, guaranteeing long service life and excellent weather resistance.<\/li>\n<li><span style=\"font-weight: bold;\">Stylish Design<\/span>: Polished or painted finish and elegant design enhance the appearance of your truck.<\/li>\n<li><span style=\"font-weight: bold;\">Light Installation<\/span>:\u00a0Thanks to the welded auxiliary light brackets, you can easily mount several additional lights onto the roof bar.<\/li>\n<li><span style=\"font-weight: bold;\">Safety<\/span>: Enhances visibility in dark and challenging driving conditions, increasing safety for both the driver and other road users.<\/li>\n<li><\/li>\n<\/ul>\n<p>&nbsp;<\/p>\n<p><span style=\"font-weight: bold;\">RST-Steel&#8217;s roof bars<\/span>\u00a0are high-quality products made in\u00a0<span style=\"font-weight: bold;\">Finland\u00a0<\/span>av rustfritt st\u00e5l<\/p>\n<p>Designed to complement the stylish lines of your truck, the roof bar not only enhances its appearance but also adds practicality and safety. It can be equipped with auxiliary lights and position lights, ensuring maximum visibility on the road and improved safety for both you and other road users.<\/p>\n<p>&nbsp;<\/p>\n<p><span style=\"font-weight: bold;\">Compatible with 3pcs 40cm auxiliary light panel or 6pcs 9\u2019\u2019 round lamps.<\/span><\/p>\n<ul>\n<li><\/li>\n<\/ul>\n<p>&nbsp;<\/p>\n<p><span style=\"font-weight: bold;\">Hvorfor velge RST-Steel?<\/span><\/p>\n<ul>\n<li><span style=\"font-weight: bold;\">Laget i Finland<\/span>: All our products are manufactured in our own production facility in Nivala, Finland.<\/li>\n<li><span style=\"font-weight: bold;\">P\u00e5litelighet<\/span>: Mange \u00e5rs erfaring og ekspertise for h\u00f8y kvalitet og holdbarhet hos v\u00e5re produkter.<\/li>\n<li><span style=\"font-weight: bold;\">Kundetilfredshet:<\/span>\u00a0Tusenvis av forn\u00f8yde kunder over hele verden stoler p\u00e5 RST-Steel-produkter.<\/li>\n<li><\/li>\n<\/ul>\n<p>&nbsp;<\/p>\n<p><span style=\"font-weight: bold;\">Teknisk informasjon:<\/span><\/p>\n<ul>\n<li>Farge: Polert rustfritt st\u00e5l eller pulverlakkert med RAL-farger<\/li>\n<li>R\u00f8rdiameter: 76 mm \/ 60 mm<\/li>\n<li>Welded lamp bracket rail<\/li>\n<li><\/li>\n<\/ul>\n<p>&nbsp;<\/p>\n<p><span style=\"font-weight: bold;\">Innhold i leveransen:<\/span><\/p>\n<ul>\n<li>Takb\u00f8yle<\/li>\n<li>Festemidler som kreves for installasjon<\/li>\n<li>Installasjonsinstruksjoner<\/li>\n<\/ul>","protected":false},"excerpt":{"rendered":"<p><span style=\"font-weight: bold;\">For Volvo truck with the Normal Cab!<\/span><\/p>","protected":false},"featured_media":51685,"comment_status":"open","ping_status":"closed","template":"","meta":{"_improvement_type_select":"improve_an_existing","_thumb_yes_seoaic":false,"_frame_yes_seoaic":false,"seoaic_generate_description":"","seoaic_improve_instructions_prompt":"","seoaic_rollback_content_improvement":"","seoaic_idea_thumbnail_generator":"","thumbnail_generated":false,"thumbnail_generate_prompt":"","seoaic_article_description":""},"make_fuel_type":[],"make_model":[5637,3743,5295],"make_brand":[3745],"make_year":[3748],"pwb-brand":[8334],"product_brand":[],"product_cat":[6057,6058,7166],"product_tag":[7549,8480],"class_list":{"0":"post-34651","1":"product","2":"type-product","3":"status-publish","4":"has-post-thumbnail","6":"make_engine-normal-cab","7":"make_model-fh-2021","8":"make_model-fh4","9":"make_model-volvo-fm-2021","10":"make_brand-volvo","11":"make_year-trucks","12":"pwb-brand-brand_rststeel","13":"product_cat-lightbars","14":"product_cat-roofbars-for-trucks","15":"product_cat-volvo-ka-lt","16":"product_tag-takbage","17":"product_tag-volvo-roof-bar","18":"product_shipping_class-lightbars","20":"first","21":"instock","22":"taxable","23":"shipping-taxable","24":"purchasable","25":"product-type-variable"},"yoast_head":"<!-- This site is optimized with the Yoast SEO plugin v25.7 - https:\/\/yoast.com\/wordpress\/plugins\/seo\/ -->\n<title>Light Bars FH 2013-&gt;\/FM4 2021-&gt; Normal Led 5+4, TV 4+2 - RST-Steel<\/title>\n<meta name=\"description\" content=\"Stainless steel Roof Bar Volvo FH 2013- and FM4 models with normal cab. Buy now and enhance visibility and safety with a high-quality roof bar!\" \/>\n<meta name=\"robots\" content=\"index, follow, max-snippet:-1, max-image-preview:large, max-video-preview:-1\" \/>\n<link rel=\"canonical\" href=\"https:\/\/rst-steel.com\/nb\/produkt\/lisavaloteline-katolle-basic-volvo-fh4-normaali_prm_66132\/\" \/>\n<meta property=\"og:locale\" content=\"nb_NO\" \/>\n<meta property=\"og:type\" content=\"article\" \/>\n<meta property=\"og:title\" content=\"Light Bars FH 2013-&gt;\/FM4 2021-&gt; Normal Led 5+4, TV 4+2 - RST-Steel\" \/>\n<meta property=\"og:description\" content=\"Stainless steel Roof Bar Volvo FH 2013- and FM4 models with normal cab. Buy now and enhance visibility and safety with a high-quality roof bar!\" \/>\n<meta property=\"og:url\" content=\"https:\/\/rst-steel.com\/nb\/produkt\/lisavaloteline-katolle-basic-volvo-fh4-normaali_prm_66132\/\" \/>\n<meta property=\"og:site_name\" content=\"RST-Steel\" \/>\n<meta property=\"article:publisher\" content=\"https:\/\/www.facebook.com\/rststeel\" \/>\n<meta property=\"article:modified_time\" content=\"2026-03-16T06:13:36+00:00\" \/>\n<meta property=\"og:image\" content=\"https:\/\/rst-steel.com\/wp-content\/uploads\/2025\/05\/52b9aab352cd60ce89d75fe4651a19b65ce41ab2_VO2120C_Tuotekuva-scaled.jpg\" \/>\n\t<meta property=\"og:image:width\" content=\"2560\" \/>\n\t<meta property=\"og:image:height\" content=\"1707\" \/>\n\t<meta property=\"og:image:type\" content=\"image\/jpeg\" \/>\n<meta name=\"twitter:card\" content=\"summary_large_image\" \/>\n<meta name=\"twitter:label1\" content=\"Ansl. lesetid\" \/>\n\t<meta name=\"twitter:data1\" content=\"2 minutter\" \/>\n<script type=\"application\/ld+json\" class=\"yoast-schema-graph\">{\"@context\":\"https:\/\/schema.org\",\"@graph\":[{\"@type\":\"WebPage\",\"@id\":\"https:\/\/rst-steel.com\/product\/lisavaloteline-katolle-basic-volvo-fh4-normaali_prm_66132\/\",\"url\":\"https:\/\/rst-steel.com\/product\/lisavaloteline-katolle-basic-volvo-fh4-normaali_prm_66132\/\",\"name\":\"Light Bars FH 2013->\/FM4 2021-> Normal Led 5+4, TV 4+2 - RST-Steel\",\"isPartOf\":{\"@id\":\"https:\/\/rst-steel.com\/#website\"},\"primaryImageOfPage\":{\"@id\":\"https:\/\/rst-steel.com\/product\/lisavaloteline-katolle-basic-volvo-fh4-normaali_prm_66132\/#primaryimage\"},\"image\":{\"@id\":\"https:\/\/rst-steel.com\/product\/lisavaloteline-katolle-basic-volvo-fh4-normaali_prm_66132\/#primaryimage\"},\"thumbnailUrl\":\"https:\/\/rst-steel.com\/wp-content\/uploads\/2025\/05\/52b9aab352cd60ce89d75fe4651a19b65ce41ab2_VO2120C_Tuotekuva-scaled.jpg\",\"datePublished\":\"2023-01-25T07:00:33+00:00\",\"dateModified\":\"2026-03-16T06:13:36+00:00\",\"description\":\"Stainless steel Roof Bar Volvo FH 2013- and FM4 models with normal cab. Buy now and enhance visibility and safety with a high-quality roof bar!\",\"breadcrumb\":{\"@id\":\"https:\/\/rst-steel.com\/product\/lisavaloteline-katolle-basic-volvo-fh4-normaali_prm_66132\/#breadcrumb\"},\"inLanguage\":\"nb-NO\",\"potentialAction\":[{\"@type\":\"ReadAction\",\"target\":[\"https:\/\/rst-steel.com\/product\/lisavaloteline-katolle-basic-volvo-fh4-normaali_prm_66132\/\"]}]},{\"@type\":\"ImageObject\",\"inLanguage\":\"nb-NO\",\"@id\":\"https:\/\/rst-steel.com\/product\/lisavaloteline-katolle-basic-volvo-fh4-normaali_prm_66132\/#primaryimage\",\"url\":\"https:\/\/rst-steel.com\/wp-content\/uploads\/2025\/05\/52b9aab352cd60ce89d75fe4651a19b65ce41ab2_VO2120C_Tuotekuva-scaled.jpg\",\"contentUrl\":\"https:\/\/rst-steel.com\/wp-content\/uploads\/2025\/05\/52b9aab352cd60ce89d75fe4651a19b65ce41ab2_VO2120C_Tuotekuva-scaled.jpg\",\"width\":2560,\"height\":1707,\"caption\":\"Light Bars FH 2013->\/FM4 2021-> Normal Led 5+4, TV 4+2\"},{\"@type\":\"BreadcrumbList\",\"@id\":\"https:\/\/rst-steel.com\/product\/lisavaloteline-katolle-basic-volvo-fh4-normaali_prm_66132\/#breadcrumb\",\"itemListElement\":[{\"@type\":\"ListItem\",\"position\":1,\"name\":\"Home\",\"item\":\"https:\/\/rst-steel.com\/\"},{\"@type\":\"ListItem\",\"position\":2,\"name\":\"RST-Steel Shop\",\"item\":\"https:\/\/rst-steel.com\/shop\/\"},{\"@type\":\"ListItem\",\"position\":3,\"name\":\"Light Bars FH 2013->\/FM4 2021-> Normal Led 5+4, TV 4+2\"}]},{\"@type\":\"WebSite\",\"@id\":\"https:\/\/rst-steel.com\/#website\",\"url\":\"https:\/\/rst-steel.com\/\",\"name\":\"RST-Steel.com\",\"description\":\"Finnish quality steel, for quality-conscious drivers\",\"publisher\":{\"@id\":\"https:\/\/rst-steel.com\/#organization\"},\"alternateName\":\"Safe and stylish RST-Steel quality\",\"potentialAction\":[{\"@type\":\"SearchAction\",\"target\":{\"@type\":\"EntryPoint\",\"urlTemplate\":\"https:\/\/rst-steel.com\/?s={search_term_string}\"},\"query-input\":{\"@type\":\"PropertyValueSpecification\",\"valueRequired\":true,\"valueName\":\"search_term_string\"}}],\"inLanguage\":\"nb-NO\"},{\"@type\":\"Organization\",\"@id\":\"https:\/\/rst-steel.com\/#organization\",\"name\":\"RST-Steel Oy\",\"url\":\"https:\/\/rst-steel.com\/\",\"logo\":{\"@type\":\"ImageObject\",\"inLanguage\":\"nb-NO\",\"@id\":\"https:\/\/rst-steel.com\/#\/schema\/logo\/image\/\",\"url\":\"https:\/\/rst-steel.com\/wp-content\/uploads\/2023\/04\/cropped-Rst-logo-valkoinen-teksti-3.png\",\"contentUrl\":\"https:\/\/rst-steel.com\/wp-content\/uploads\/2023\/04\/cropped-Rst-logo-valkoinen-teksti-3.png\",\"width\":512,\"height\":115,\"caption\":\"RST-Steel Oy\"},\"image\":{\"@id\":\"https:\/\/rst-steel.com\/#\/schema\/logo\/image\/\"},\"sameAs\":[\"https:\/\/www.facebook.com\/rststeel\",\"https:\/\/www.instagram.com\/rststeeloy\/\"]}]}<\/script>\n<!-- \/ Yoast SEO plugin. -->","yoast_head_json":{"title":"Light Bars FH 2013->\/FM4 2021-> Normal Led 5+4, TV 4+2 - RST-Steel","description":"Takb\u00f8yle i rustfritt st\u00e5l Volvo FH 2013- og FM4-modeller med normalt f\u00f8rerhus. Kj\u00f8p n\u00e5 og forbedre sikten og sikkerheten med en takb\u00f8yle av h\u00f8y kvalitet!","robots":{"index":"index","follow":"follow","max-snippet":"max-snippet:-1","max-image-preview":"max-image-preview:large","max-video-preview":"max-video-preview:-1"},"canonical":"https:\/\/rst-steel.com\/nb\/produkt\/lisavaloteline-katolle-basic-volvo-fh4-normaali_prm_66132\/","og_locale":"nb_NO","og_type":"article","og_title":"Light Bars FH 2013->\/FM4 2021-> Normal Led 5+4, TV 4+2 - RST-Steel","og_description":"Stainless steel Roof Bar Volvo FH 2013- and FM4 models with normal cab. Buy now and enhance visibility and safety with a high-quality roof bar!","og_url":"https:\/\/rst-steel.com\/nb\/produkt\/lisavaloteline-katolle-basic-volvo-fh4-normaali_prm_66132\/","og_site_name":"RST-Steel","article_publisher":"https:\/\/www.facebook.com\/rststeel","article_modified_time":"2026-03-16T06:13:36+00:00","og_image":[{"width":2560,"height":1707,"url":"https:\/\/rst-steel.com\/wp-content\/uploads\/2025\/05\/52b9aab352cd60ce89d75fe4651a19b65ce41ab2_VO2120C_Tuotekuva-scaled.jpg","type":"image\/jpeg"}],"twitter_card":"summary_large_image","twitter_misc":{"Ansl. lesetid":"2 minutter"},"schema":{"@context":"https:\/\/schema.org","@graph":[{"@type":"WebPage","@id":"https:\/\/rst-steel.com\/product\/lisavaloteline-katolle-basic-volvo-fh4-normaali_prm_66132\/","url":"https:\/\/rst-steel.com\/product\/lisavaloteline-katolle-basic-volvo-fh4-normaali_prm_66132\/","name":"Light Bars FH 2013->\/FM4 2021-> Normal Led 5+4, TV 4+2 - RST-Steel","isPartOf":{"@id":"https:\/\/rst-steel.com\/#website"},"primaryImageOfPage":{"@id":"https:\/\/rst-steel.com\/product\/lisavaloteline-katolle-basic-volvo-fh4-normaali_prm_66132\/#primaryimage"},"image":{"@id":"https:\/\/rst-steel.com\/product\/lisavaloteline-katolle-basic-volvo-fh4-normaali_prm_66132\/#primaryimage"},"thumbnailUrl":"https:\/\/rst-steel.com\/wp-content\/uploads\/2025\/05\/52b9aab352cd60ce89d75fe4651a19b65ce41ab2_VO2120C_Tuotekuva-scaled.jpg","datePublished":"2023-01-25T07:00:33+00:00","dateModified":"2026-03-16T06:13:36+00:00","description":"Takb\u00f8yle i rustfritt st\u00e5l Volvo FH 2013- og FM4-modeller med normalt f\u00f8rerhus. Kj\u00f8p n\u00e5 og forbedre sikten og sikkerheten med en takb\u00f8yle av h\u00f8y kvalitet!","breadcrumb":{"@id":"https:\/\/rst-steel.com\/product\/lisavaloteline-katolle-basic-volvo-fh4-normaali_prm_66132\/#breadcrumb"},"inLanguage":"nb-NO","potentialAction":[{"@type":"ReadAction","target":["https:\/\/rst-steel.com\/product\/lisavaloteline-katolle-basic-volvo-fh4-normaali_prm_66132\/"]}]},{"@type":"ImageObject","inLanguage":"nb-NO","@id":"https:\/\/rst-steel.com\/product\/lisavaloteline-katolle-basic-volvo-fh4-normaali_prm_66132\/#primaryimage","url":"https:\/\/rst-steel.com\/wp-content\/uploads\/2025\/05\/52b9aab352cd60ce89d75fe4651a19b65ce41ab2_VO2120C_Tuotekuva-scaled.jpg","contentUrl":"https:\/\/rst-steel.com\/wp-content\/uploads\/2025\/05\/52b9aab352cd60ce89d75fe4651a19b65ce41ab2_VO2120C_Tuotekuva-scaled.jpg","width":2560,"height":1707,"caption":"Light Bars FH 2013->\/FM4 2021-> Normal Led 5+4, TV 4+2"},{"@type":"BreadcrumbList","@id":"https:\/\/rst-steel.com\/product\/lisavaloteline-katolle-basic-volvo-fh4-normaali_prm_66132\/#breadcrumb","itemListElement":[{"@type":"ListItem","position":1,"name":"Home","item":"https:\/\/rst-steel.com\/"},{"@type":"ListItem","position":2,"name":"RST-Steel Shop","item":"https:\/\/rst-steel.com\/shop\/"},{"@type":"ListItem","position":3,"name":"Light Bars FH 2013->\/FM4 2021-> Normal Led 5+4, TV 4+2"}]},{"@type":"WebSite","@id":"https:\/\/rst-steel.com\/#website","url":"https:\/\/rst-steel.com\/","name":"RST-Steel.com","description":"Finsk kvalitetsst\u00e5l, for kvalitetsbevisste sj\u00e5f\u00f8rer","publisher":{"@id":"https:\/\/rst-steel.com\/#organization"},"alternateName":"Safe and stylish RST-Steel quality","potentialAction":[{"@type":"SearchAction","target":{"@type":"EntryPoint","urlTemplate":"https:\/\/rst-steel.com\/?s={search_term_string}"},"query-input":{"@type":"PropertyValueSpecification","valueRequired":true,"valueName":"search_term_string"}}],"inLanguage":"nb-NO"},{"@type":"Organization","@id":"https:\/\/rst-steel.com\/#organization","name":"RST-Steel Oy","url":"https:\/\/rst-steel.com\/","logo":{"@type":"ImageObject","inLanguage":"nb-NO","@id":"https:\/\/rst-steel.com\/#\/schema\/logo\/image\/","url":"https:\/\/rst-steel.com\/wp-content\/uploads\/2023\/04\/cropped-Rst-logo-valkoinen-teksti-3.png","contentUrl":"https:\/\/rst-steel.com\/wp-content\/uploads\/2023\/04\/cropped-Rst-logo-valkoinen-teksti-3.png","width":512,"height":115,"caption":"RST-Steel Oy"},"image":{"@id":"https:\/\/rst-steel.com\/#\/schema\/logo\/image\/"},"sameAs":["https:\/\/www.facebook.com\/rststeel","https:\/\/www.instagram.com\/rststeeloy\/"]}]}},"brands":[{"id":8334,"name":"RST-Steel","slug":"brand_rststeel"}],"_links":{"self":[{"href":"https:\/\/rst-steel.com\/nb\/wp-json\/wp\/v2\/product\/34651","targetHints":{"allow":["GET"]}}],"collection":[{"href":"https:\/\/rst-steel.com\/nb\/wp-json\/wp\/v2\/product"}],"about":[{"href":"https:\/\/rst-steel.com\/nb\/wp-json\/wp\/v2\/types\/product"}],"replies":[{"embeddable":true,"href":"https:\/\/rst-steel.com\/nb\/wp-json\/wp\/v2\/comments?post=34651"}],"version-history":[{"count":0,"href":"https:\/\/rst-steel.com\/nb\/wp-json\/wp\/v2\/product\/34651\/revisions"}],"wp:featuredmedia":[{"embeddable":true,"href":"https:\/\/rst-steel.com\/nb\/wp-json\/wp\/v2\/media\/51685"}],"wp:attachment":[{"href":"https:\/\/rst-steel.com\/nb\/wp-json\/wp\/v2\/media?parent=34651"}],"wp:term":[{"taxonomy":"make_fuel_type","embeddable":true,"href":"https:\/\/rst-steel.com\/nb\/wp-json\/wp\/v2\/make_fuel_type?post=34651"},{"taxonomy":"make_model","embeddable":true,"href":"https:\/\/rst-steel.com\/nb\/wp-json\/wp\/v2\/make_model?post=34651"},{"taxonomy":"make_brand","embeddable":true,"href":"https:\/\/rst-steel.com\/nb\/wp-json\/wp\/v2\/make_brand?post=34651"},{"taxonomy":"make_year","embeddable":true,"href":"https:\/\/rst-steel.com\/nb\/wp-json\/wp\/v2\/make_year?post=34651"},{"taxonomy":"pwb-brand","embeddable":true,"href":"https:\/\/rst-steel.com\/nb\/wp-json\/wp\/v2\/pwb-brand?post=34651"},{"taxonomy":"product_brand","embeddable":true,"href":"https:\/\/rst-steel.com\/nb\/wp-json\/wp\/v2\/product_brand?post=34651"},{"taxonomy":"product_cat","embeddable":true,"href":"https:\/\/rst-steel.com\/nb\/wp-json\/wp\/v2\/product_cat?post=34651"},{"taxonomy":"product_tag","embeddable":true,"href":"https:\/\/rst-steel.com\/nb\/wp-json\/wp\/v2\/product_tag?post=34651"}],"curies":[{"name":"wp","href":"https:\/\/api.w.org\/{rel}","templated":true}]}}