{"id":36106,"date":"2023-01-31T12:52:07","date_gmt":"2023-01-31T09:52:07","guid":{"rendered":"https:\/\/rst-steel.fi-c.seravo.com\/product\/roofbar-with-side-extensions-volvo-fh4-normal-cab_prm_10155\/"},"modified":"2026-03-16T09:13:53","modified_gmt":"2026-03-16T06:13:53","slug":"lisavaloteline-katolle-basic-long-v26-volvo-fh4-normaali_prm_10155","status":"publish","type":"product","link":"https:\/\/rst-steel.com\/nb\/produkt\/lisavaloteline-katolle-basic-long-v26-volvo-fh4-normaali_prm_10155\/","title":{"rendered":"Roof Bar Basic Long V26 Volvo FH4- Normal"},"content":{"rendered":"<div><strong>Roof Bar Basic Long V26 Volvo FH4- Normal<\/strong><\/div>\n<ul>\n<li><\/li>\n<\/ul>\n<div><span style=\"font-weight: bold;\">\u00a0<\/span><\/div>\n<div><span style=\"font-weight: bold;\">Trenger du en p\u00e5litelig og stilig l\u00f8sning for montering av ekstralys p\u00e5 lastebilen din?<\/span><\/div>\n<div><\/div>\n<div><\/div>\n<div>Takb\u00f8yle designet spesielt for \u00e5 m\u00f8te dine behov!<\/div>\n<div><\/div>\n<div>RST-Steel\u2019s roof\u00a0 bars are high-quality products made from stainless steel. The roof bar accentuates the stylish lines of the cab and allows you to install Lazer auxiliary lights for enhanced safety.<\/div>\n<div><\/div>\n<div><span style=\"font-weight: bold;\">Stangen kan utstyres med: 3stk Lazer Triple-R 1000 eller 6stk 9'' Lazer Sentinel<\/span><\/div>\n<div><\/div>\n<div><\/div>\n<div><span style=\"font-weight: bold;\">Egenskaper:<\/span><\/div>\n<ul>\n<li>Kompatibilitet: Spesielt utviklet for Volvo FH4- og FM\/FH 2021-modeller med normalt f\u00f8rerhus og som har luftinntak p\u00e5 taket, noe som sikrer rask og enkel montering. <span style=\"font-weight: bold;\">Passer ogs\u00e5 til nye Volvo FH Aero modeller som har solskjerm!<\/span><\/li>\n<li>Materialer: Laget av slitesterkt rustfritt st\u00e5l, som gir lang levetid og utmerket v\u00e6rbestandighet.<\/li>\n<li>Stilig design: Polert eller lakkert finish og elegant design som fremhever lastebilens utseende.<\/li>\n<li>Lysmontering: Takb\u00f8ylen gir enkel montering av flere ekstralys, noe som forbedrer belysningen betydelig.<\/li>\n<li>Sikkerhet: \u00d8ker synligheten i m\u00f8rke og krevende kj\u00f8reforhold, og gir \u00f8kt sikkerhet for b\u00e5de sj\u00e5f\u00f8r og andre trafikanter.<\/li>\n<\/ul>\n<div><\/div>\n<div><\/div>\n<div><span style=\"font-weight: bold;\">\u00a0Hvorfor velge RST-Steel?<\/span><\/div>\n<ul>\n<li>Reliability: Years of experience and expertise ensure the high quality and durability of our products.<\/li>\n<li>Customer Satisfaction: Thousands of satisfied customers worldwide trust RST-Steel products.<\/li>\n<\/ul>\n<div><\/div>\n<div><\/div>\n<div><\/div>\n<div><span style=\"font-weight: bold;\">Teknisk informasjon:<\/span><\/div>\n<ul>\n<li>Farge: Speilpolert rustfritt st\u00e5l eller pulverlakkert med RAL-farger<\/li>\n<li>R\u00f8rdiameter: 76 mm<\/li>\n<li>6 pcs. lamp brackets<\/li>\n<\/ul>\n<div><\/div>\n<div><span style=\"font-weight: bold;\">Innhold i leveransen:<\/span><\/div>\n<ul>\n<li>Takbjelke<\/li>\n<li>Festemidler som kreves for installasjon<\/li>\n<li>Installasjonsinstruksjoner<\/li>\n<\/ul>\n<p>&nbsp;<\/p>\n<div><\/div>\n<div><span style=\"font-weight: bold;\">Kj\u00f8p n\u00e5 og \u00f8k b\u00e5de synlighet og sikkerhet med en takb\u00f8yle av h\u00f8y kvalitet!<\/span><\/div>","protected":false},"excerpt":{"rendered":"<p><span style=\"font-weight: bold;\">Passer til Volvo FH4 og FM\/FH 2021- modeller med normalt f\u00f8rerhus og som har luftinntak p\u00e5 taket.<\/span><\/p>","protected":false},"featured_media":36104,"comment_status":"open","ping_status":"closed","template":"","meta":{"_improvement_type_select":"improve_an_existing","_thumb_yes_seoaic":false,"_frame_yes_seoaic":false,"seoaic_generate_description":"","seoaic_improve_instructions_prompt":"","seoaic_rollback_content_improvement":"","seoaic_idea_thumbnail_generator":"","thumbnail_generated":false,"thumbnail_generate_prompt":"","seoaic_article_description":""},"make_fuel_type":[],"make_model":[5637,3743,5295],"make_brand":[3745],"make_year":[3748],"pwb-brand":[8334],"product_brand":[],"product_cat":[6057,6058,7166],"product_tag":[7549,8480],"class_list":{"0":"post-36106","1":"product","2":"type-product","3":"status-publish","4":"has-post-thumbnail","6":"make_engine-normal-cab","7":"make_model-fh-2021","8":"make_model-fh4","9":"make_model-volvo-fm-2021","10":"make_brand-volvo","11":"make_year-trucks","12":"pwb-brand-brand_rststeel","13":"product_cat-lightbars","14":"product_cat-roofbars-for-trucks","15":"product_cat-volvo-ka-lt","16":"product_tag-takbage","17":"product_tag-volvo-roof-bar","18":"product_shipping_class-lightbars","20":"first","21":"instock","22":"taxable","23":"shipping-taxable","24":"purchasable","25":"product-type-variable"},"yoast_head":"<!-- This site is optimized with the Yoast SEO plugin v25.7 - https:\/\/yoast.com\/wordpress\/plugins\/seo\/ -->\n<title>Roof Bar Basic Long V26 Volvo FH4- Normal - RST-Steel<\/title>\n<meta name=\"description\" content=\"Stainless steel roof bar with side extensions for Volvo FH4 normal cab. Upgrade your truck with this high-quality accessory from RST-Steel.\" \/>\n<meta name=\"robots\" content=\"index, follow, max-snippet:-1, max-image-preview:large, max-video-preview:-1\" \/>\n<link rel=\"canonical\" href=\"https:\/\/rst-steel.com\/nb\/produkt\/lisavaloteline-katolle-basic-long-v26-volvo-fh4-normaali_prm_10155\/\" \/>\n<meta property=\"og:locale\" content=\"nb_NO\" \/>\n<meta property=\"og:type\" content=\"article\" \/>\n<meta property=\"og:title\" content=\"Roof Bar Basic Long V26 Volvo FH4- Normal - RST-Steel\" \/>\n<meta property=\"og:description\" content=\"Stainless steel roof bar with side extensions for Volvo FH4 normal cab. Upgrade your truck with this high-quality accessory from RST-Steel.\" \/>\n<meta property=\"og:url\" content=\"https:\/\/rst-steel.com\/nb\/produkt\/lisavaloteline-katolle-basic-long-v26-volvo-fh4-normaali_prm_10155\/\" \/>\n<meta property=\"og:site_name\" content=\"RST-Steel\" \/>\n<meta property=\"article:publisher\" content=\"https:\/\/www.facebook.com\/rststeel\" \/>\n<meta property=\"article:modified_time\" content=\"2026-03-16T06:13:53+00:00\" \/>\n<meta property=\"og:image\" content=\"https:\/\/rst-steel.com\/wp-content\/uploads\/2023\/01\/c073634175f6d5550b90e4da23093672d9cfce74_VO2126A.jpg\" \/>\n\t<meta property=\"og:image:width\" content=\"2048\" \/>\n\t<meta property=\"og:image:height\" content=\"1024\" \/>\n\t<meta property=\"og:image:type\" content=\"image\/jpeg\" \/>\n<meta name=\"twitter:card\" content=\"summary_large_image\" \/>\n<meta name=\"twitter:label1\" content=\"Ansl. lesetid\" \/>\n\t<meta name=\"twitter:data1\" content=\"2 minutter\" \/>\n<script type=\"application\/ld+json\" class=\"yoast-schema-graph\">{\"@context\":\"https:\/\/schema.org\",\"@graph\":[{\"@type\":\"WebPage\",\"@id\":\"https:\/\/rst-steel.com\/product\/lisavaloteline-katolle-basic-long-v26-volvo-fh4-normaali_prm_10155\/\",\"url\":\"https:\/\/rst-steel.com\/product\/lisavaloteline-katolle-basic-long-v26-volvo-fh4-normaali_prm_10155\/\",\"name\":\"Roof Bar Basic Long V26 Volvo FH4- Normal - RST-Steel\",\"isPartOf\":{\"@id\":\"https:\/\/rst-steel.com\/#website\"},\"primaryImageOfPage\":{\"@id\":\"https:\/\/rst-steel.com\/product\/lisavaloteline-katolle-basic-long-v26-volvo-fh4-normaali_prm_10155\/#primaryimage\"},\"image\":{\"@id\":\"https:\/\/rst-steel.com\/product\/lisavaloteline-katolle-basic-long-v26-volvo-fh4-normaali_prm_10155\/#primaryimage\"},\"thumbnailUrl\":\"https:\/\/rst-steel.com\/wp-content\/uploads\/2023\/01\/c073634175f6d5550b90e4da23093672d9cfce74_VO2126A.jpg\",\"datePublished\":\"2023-01-31T09:52:07+00:00\",\"dateModified\":\"2026-03-16T06:13:53+00:00\",\"description\":\"Stainless steel roof bar with side extensions for Volvo FH4 normal cab. Upgrade your truck with this high-quality accessory from RST-Steel.\",\"breadcrumb\":{\"@id\":\"https:\/\/rst-steel.com\/product\/lisavaloteline-katolle-basic-long-v26-volvo-fh4-normaali_prm_10155\/#breadcrumb\"},\"inLanguage\":\"nb-NO\",\"potentialAction\":[{\"@type\":\"ReadAction\",\"target\":[\"https:\/\/rst-steel.com\/product\/lisavaloteline-katolle-basic-long-v26-volvo-fh4-normaali_prm_10155\/\"]}]},{\"@type\":\"ImageObject\",\"inLanguage\":\"nb-NO\",\"@id\":\"https:\/\/rst-steel.com\/product\/lisavaloteline-katolle-basic-long-v26-volvo-fh4-normaali_prm_10155\/#primaryimage\",\"url\":\"https:\/\/rst-steel.com\/wp-content\/uploads\/2023\/01\/c073634175f6d5550b90e4da23093672d9cfce74_VO2126A.jpg\",\"contentUrl\":\"https:\/\/rst-steel.com\/wp-content\/uploads\/2023\/01\/c073634175f6d5550b90e4da23093672d9cfce74_VO2126A.jpg\",\"width\":2048,\"height\":1024,\"caption\":\"Roof Bar Basic Long V26 Volvo FH4- Normal\"},{\"@type\":\"BreadcrumbList\",\"@id\":\"https:\/\/rst-steel.com\/product\/lisavaloteline-katolle-basic-long-v26-volvo-fh4-normaali_prm_10155\/#breadcrumb\",\"itemListElement\":[{\"@type\":\"ListItem\",\"position\":1,\"name\":\"Home\",\"item\":\"https:\/\/rst-steel.com\/\"},{\"@type\":\"ListItem\",\"position\":2,\"name\":\"RST-Steel Shop\",\"item\":\"https:\/\/rst-steel.com\/shop\/\"},{\"@type\":\"ListItem\",\"position\":3,\"name\":\"Roof Bar Basic Long V26 Volvo FH4- Normal\"}]},{\"@type\":\"WebSite\",\"@id\":\"https:\/\/rst-steel.com\/#website\",\"url\":\"https:\/\/rst-steel.com\/\",\"name\":\"RST-Steel.com\",\"description\":\"Finnish quality steel, for quality-conscious drivers\",\"publisher\":{\"@id\":\"https:\/\/rst-steel.com\/#organization\"},\"alternateName\":\"Safe and stylish RST-Steel quality\",\"potentialAction\":[{\"@type\":\"SearchAction\",\"target\":{\"@type\":\"EntryPoint\",\"urlTemplate\":\"https:\/\/rst-steel.com\/?s={search_term_string}\"},\"query-input\":{\"@type\":\"PropertyValueSpecification\",\"valueRequired\":true,\"valueName\":\"search_term_string\"}}],\"inLanguage\":\"nb-NO\"},{\"@type\":\"Organization\",\"@id\":\"https:\/\/rst-steel.com\/#organization\",\"name\":\"RST-Steel Oy\",\"url\":\"https:\/\/rst-steel.com\/\",\"logo\":{\"@type\":\"ImageObject\",\"inLanguage\":\"nb-NO\",\"@id\":\"https:\/\/rst-steel.com\/#\/schema\/logo\/image\/\",\"url\":\"https:\/\/rst-steel.com\/wp-content\/uploads\/2023\/04\/cropped-Rst-logo-valkoinen-teksti-3.png\",\"contentUrl\":\"https:\/\/rst-steel.com\/wp-content\/uploads\/2023\/04\/cropped-Rst-logo-valkoinen-teksti-3.png\",\"width\":512,\"height\":115,\"caption\":\"RST-Steel Oy\"},\"image\":{\"@id\":\"https:\/\/rst-steel.com\/#\/schema\/logo\/image\/\"},\"sameAs\":[\"https:\/\/www.facebook.com\/rststeel\",\"https:\/\/www.instagram.com\/rststeeloy\/\"]}]}<\/script>\n<!-- \/ Yoast SEO plugin. -->","yoast_head_json":{"title":"Roof Bar Basic Long V26 Volvo FH4- Normal - RST-Steel","description":"Stainless steel roof bar with side extensions for Volvo FH4 normal cab. Upgrade your truck with this high-quality accessory from RST-Steel.","robots":{"index":"index","follow":"follow","max-snippet":"max-snippet:-1","max-image-preview":"max-image-preview:large","max-video-preview":"max-video-preview:-1"},"canonical":"https:\/\/rst-steel.com\/nb\/produkt\/lisavaloteline-katolle-basic-long-v26-volvo-fh4-normaali_prm_10155\/","og_locale":"nb_NO","og_type":"article","og_title":"Roof Bar Basic Long V26 Volvo FH4- Normal - RST-Steel","og_description":"Stainless steel roof bar with side extensions for Volvo FH4 normal cab. Upgrade your truck with this high-quality accessory from RST-Steel.","og_url":"https:\/\/rst-steel.com\/nb\/produkt\/lisavaloteline-katolle-basic-long-v26-volvo-fh4-normaali_prm_10155\/","og_site_name":"RST-Steel","article_publisher":"https:\/\/www.facebook.com\/rststeel","article_modified_time":"2026-03-16T06:13:53+00:00","og_image":[{"width":2048,"height":1024,"url":"https:\/\/rst-steel.com\/wp-content\/uploads\/2023\/01\/c073634175f6d5550b90e4da23093672d9cfce74_VO2126A.jpg","type":"image\/jpeg"}],"twitter_card":"summary_large_image","twitter_misc":{"Ansl. lesetid":"2 minutter"},"schema":{"@context":"https:\/\/schema.org","@graph":[{"@type":"WebPage","@id":"https:\/\/rst-steel.com\/product\/lisavaloteline-katolle-basic-long-v26-volvo-fh4-normaali_prm_10155\/","url":"https:\/\/rst-steel.com\/product\/lisavaloteline-katolle-basic-long-v26-volvo-fh4-normaali_prm_10155\/","name":"Roof Bar Basic Long V26 Volvo FH4- Normal - RST-Steel","isPartOf":{"@id":"https:\/\/rst-steel.com\/#website"},"primaryImageOfPage":{"@id":"https:\/\/rst-steel.com\/product\/lisavaloteline-katolle-basic-long-v26-volvo-fh4-normaali_prm_10155\/#primaryimage"},"image":{"@id":"https:\/\/rst-steel.com\/product\/lisavaloteline-katolle-basic-long-v26-volvo-fh4-normaali_prm_10155\/#primaryimage"},"thumbnailUrl":"https:\/\/rst-steel.com\/wp-content\/uploads\/2023\/01\/c073634175f6d5550b90e4da23093672d9cfce74_VO2126A.jpg","datePublished":"2023-01-31T09:52:07+00:00","dateModified":"2026-03-16T06:13:53+00:00","description":"Stainless steel roof bar with side extensions for Volvo FH4 normal cab. Upgrade your truck with this high-quality accessory from RST-Steel.","breadcrumb":{"@id":"https:\/\/rst-steel.com\/product\/lisavaloteline-katolle-basic-long-v26-volvo-fh4-normaali_prm_10155\/#breadcrumb"},"inLanguage":"nb-NO","potentialAction":[{"@type":"ReadAction","target":["https:\/\/rst-steel.com\/product\/lisavaloteline-katolle-basic-long-v26-volvo-fh4-normaali_prm_10155\/"]}]},{"@type":"ImageObject","inLanguage":"nb-NO","@id":"https:\/\/rst-steel.com\/product\/lisavaloteline-katolle-basic-long-v26-volvo-fh4-normaali_prm_10155\/#primaryimage","url":"https:\/\/rst-steel.com\/wp-content\/uploads\/2023\/01\/c073634175f6d5550b90e4da23093672d9cfce74_VO2126A.jpg","contentUrl":"https:\/\/rst-steel.com\/wp-content\/uploads\/2023\/01\/c073634175f6d5550b90e4da23093672d9cfce74_VO2126A.jpg","width":2048,"height":1024,"caption":"Roof Bar Basic Long V26 Volvo FH4- Normal"},{"@type":"BreadcrumbList","@id":"https:\/\/rst-steel.com\/product\/lisavaloteline-katolle-basic-long-v26-volvo-fh4-normaali_prm_10155\/#breadcrumb","itemListElement":[{"@type":"ListItem","position":1,"name":"Home","item":"https:\/\/rst-steel.com\/"},{"@type":"ListItem","position":2,"name":"RST-Steel Shop","item":"https:\/\/rst-steel.com\/shop\/"},{"@type":"ListItem","position":3,"name":"Roof Bar Basic Long V26 Volvo FH4- Normal"}]},{"@type":"WebSite","@id":"https:\/\/rst-steel.com\/#website","url":"https:\/\/rst-steel.com\/","name":"RST-Steel.com","description":"Finsk kvalitetsst\u00e5l, for kvalitetsbevisste sj\u00e5f\u00f8rer","publisher":{"@id":"https:\/\/rst-steel.com\/#organization"},"alternateName":"Safe and stylish RST-Steel quality","potentialAction":[{"@type":"SearchAction","target":{"@type":"EntryPoint","urlTemplate":"https:\/\/rst-steel.com\/?s={search_term_string}"},"query-input":{"@type":"PropertyValueSpecification","valueRequired":true,"valueName":"search_term_string"}}],"inLanguage":"nb-NO"},{"@type":"Organization","@id":"https:\/\/rst-steel.com\/#organization","name":"RST-Steel Oy","url":"https:\/\/rst-steel.com\/","logo":{"@type":"ImageObject","inLanguage":"nb-NO","@id":"https:\/\/rst-steel.com\/#\/schema\/logo\/image\/","url":"https:\/\/rst-steel.com\/wp-content\/uploads\/2023\/04\/cropped-Rst-logo-valkoinen-teksti-3.png","contentUrl":"https:\/\/rst-steel.com\/wp-content\/uploads\/2023\/04\/cropped-Rst-logo-valkoinen-teksti-3.png","width":512,"height":115,"caption":"RST-Steel Oy"},"image":{"@id":"https:\/\/rst-steel.com\/#\/schema\/logo\/image\/"},"sameAs":["https:\/\/www.facebook.com\/rststeel","https:\/\/www.instagram.com\/rststeeloy\/"]}]}},"brands":[{"id":8334,"name":"RST-Steel","slug":"brand_rststeel"}],"_links":{"self":[{"href":"https:\/\/rst-steel.com\/nb\/wp-json\/wp\/v2\/product\/36106","targetHints":{"allow":["GET"]}}],"collection":[{"href":"https:\/\/rst-steel.com\/nb\/wp-json\/wp\/v2\/product"}],"about":[{"href":"https:\/\/rst-steel.com\/nb\/wp-json\/wp\/v2\/types\/product"}],"replies":[{"embeddable":true,"href":"https:\/\/rst-steel.com\/nb\/wp-json\/wp\/v2\/comments?post=36106"}],"version-history":[{"count":0,"href":"https:\/\/rst-steel.com\/nb\/wp-json\/wp\/v2\/product\/36106\/revisions"}],"wp:featuredmedia":[{"embeddable":true,"href":"https:\/\/rst-steel.com\/nb\/wp-json\/wp\/v2\/media\/36104"}],"wp:attachment":[{"href":"https:\/\/rst-steel.com\/nb\/wp-json\/wp\/v2\/media?parent=36106"}],"wp:term":[{"taxonomy":"make_fuel_type","embeddable":true,"href":"https:\/\/rst-steel.com\/nb\/wp-json\/wp\/v2\/make_fuel_type?post=36106"},{"taxonomy":"make_model","embeddable":true,"href":"https:\/\/rst-steel.com\/nb\/wp-json\/wp\/v2\/make_model?post=36106"},{"taxonomy":"make_brand","embeddable":true,"href":"https:\/\/rst-steel.com\/nb\/wp-json\/wp\/v2\/make_brand?post=36106"},{"taxonomy":"make_year","embeddable":true,"href":"https:\/\/rst-steel.com\/nb\/wp-json\/wp\/v2\/make_year?post=36106"},{"taxonomy":"pwb-brand","embeddable":true,"href":"https:\/\/rst-steel.com\/nb\/wp-json\/wp\/v2\/pwb-brand?post=36106"},{"taxonomy":"product_brand","embeddable":true,"href":"https:\/\/rst-steel.com\/nb\/wp-json\/wp\/v2\/product_brand?post=36106"},{"taxonomy":"product_cat","embeddable":true,"href":"https:\/\/rst-steel.com\/nb\/wp-json\/wp\/v2\/product_cat?post=36106"},{"taxonomy":"product_tag","embeddable":true,"href":"https:\/\/rst-steel.com\/nb\/wp-json\/wp\/v2\/product_tag?post=36106"}],"curies":[{"name":"wp","href":"https:\/\/api.w.org\/{rel}","templated":true}]}}