{"id":36314,"date":"2023-02-02T16:53:31","date_gmt":"2023-02-02T13:53:31","guid":{"rendered":"https:\/\/rst-steel.fi-c.seravo.com\/product\/roofbar-with-short-side-extensions-20n-scania-ng-2017-normal_prm_66094\/"},"modified":"2026-03-16T09:13:36","modified_gmt":"2026-03-16T06:13:36","slug":"roofbar-basic-medium-v40-norm-cab_prm_66094","status":"publish","type":"product","link":"https:\/\/rst-steel.com\/nb\/produkt\/roofbar-basic-medium-v40-norm-cab_prm_66094\/","title":{"rendered":"Roofbar Basic Medium V40 Scania NextGen, Normal Cab"},"content":{"rendered":"<div><strong>Roofbar Basic Medium V40 Scania NextGen, Normal Cab<\/strong><\/div>\n<ul>\n<li><\/li>\n<\/ul>\n<div>RST-Steel\u2019s roof bars are high-quality products made of stainless steel.<\/div>\n<div>Gir k\u00f8ret\u00f8yet et pent og elegant utseende som trekker blikket og kan vekke \u00abjernfeber\u00bb, noe som gj\u00f8r at du og din bedrift skiller seg ut.<\/div>\n<div>Takb\u00f8ylene kan utstyres med ekstralys og posisjonslys, noe som forbedrer sikten i trafikken og samtidig \u00f8ker sikkerheten for deg selv og andre i trafikken.<\/div>\n<ul>\n<li><\/li>\n<\/ul>\n<div>Compatible with 3pcs Lazer Triple-R 1000 or 6pcs 9\u2019\u2019 round lamps<\/div>\n<ul>\n<li><\/li>\n<\/ul>\n<div>Not compatible with original Scania roof high beams.<\/div>\n<ul>\n<li><\/li>\n<\/ul>\n<div>Not compatible with 65cm tall roof wind reflector.<\/div>\n<ul>\n<li><\/li>\n<\/ul>\n<div><span style=\"font-weight: bold;\">Teknisk informasjon:<\/span><\/div>\n<ul>\n<li>Farge: Polert rustfritt st\u00e5l<\/li>\n<li>R\u00f8rdiameter: 76 mm<\/li>\n<li>Sveiset skinne for lampebeslag<\/li>\n<li><\/li>\n<\/ul>\n<div><span style=\"font-weight: bold;\">Innhold i leveransen:<\/span><\/div>\n<ul>\n<li>Roofbar Basic Medium V40<\/li>\n<li>Festemidler som kreves for installasjon<\/li>\n<li>Installasjonsinstruksjoner<\/li>\n<\/ul>","protected":false},"excerpt":{"rendered":"<p class=\"MsoNormal\" style=\"margin-bottom: 0cm; background-image: initial; background-position: initial; background-size: initial; background-repeat: initial; background-attachment: initial; line-height: normal;\"><span style=\"font-weight: bold;\"><span style=\"font-family: Helvetica, sans-serif; font-size: 13.3333px;\">Not compatible with original Scania\u00a0<\/span><span style=\"font-family: Helvetica, sans-serif; font-size: 13.3333px;\">roof high beams.<\/span><\/span><\/p>\n<div><span style=\"font-weight: bold;\"><span style=\"font-family: Helvetica, sans-serif; font-size: 13.3333px;\">\u00a0<\/span><\/span><\/div>\n<div><span style=\"font-weight: bold;\"><span style=\"font-family: Helvetica, sans-serif; font-size: 13.3333px;\">Several model options avalable!<\/span><\/span><\/div>","protected":false},"featured_media":36312,"comment_status":"open","ping_status":"closed","template":"","meta":{"_improvement_type_select":"improve_an_existing","_thumb_yes_seoaic":false,"_frame_yes_seoaic":false,"seoaic_generate_description":"","seoaic_improve_instructions_prompt":"","seoaic_rollback_content_improvement":"","seoaic_idea_thumbnail_generator":"","thumbnail_generated":false,"thumbnail_generate_prompt":"","seoaic_article_description":""},"make_fuel_type":[],"make_model":[5614,2529,5608,5620,5623,5624],"make_brand":[3744],"make_year":[3748],"pwb-brand":[8334],"product_brand":[],"product_cat":[6057,6058],"product_tag":[8488,8494,7549],"class_list":{"0":"post-36314","1":"product","2":"type-product","3":"status-publish","4":"has-post-thumbnail","6":"make_engine-daycab-normal-cg","7":"make_engine-daycab-normal-cp","8":"make_engine-daycab-normal-cr","9":"make_engine-sleepercab-normal-cg","10":"make_engine-sleepercab-normal-cl","11":"make_engine-sleepercab-normal-cp","12":"make_engine-sleepercab-normal-cr","13":"make_engine-sleepercab-normal-cs","14":"make_model-nextgen-g-2017","15":"make_model-nextgen-2017","16":"make_model-nextgen-p-2017","17":"make_model-nextgen-r-2017","18":"make_model-nextgen-s-2017","19":"make_model-nextgen-xt-2017","20":"make_brand-scania","21":"make_year-trucks","22":"pwb-brand-brand_rststeel","23":"product_cat-lightbars","24":"product_cat-roofbars-for-trucks","25":"product_tag-scania","26":"product_tag-scania-nextgen","27":"product_tag-takbage","28":"product_shipping_class-lightbars","30":"first","31":"onbackorder","32":"taxable","33":"shipping-taxable","34":"purchasable","35":"product-type-variable"},"yoast_head":"<!-- This site is optimized with the Yoast SEO plugin v25.7 - https:\/\/yoast.com\/wordpress\/plugins\/seo\/ -->\n<title>Roofbar Basic Medium V40 Scania NextGen, Normal Cab - RST-Steel<\/title>\n<meta name=\"description\" content=\"Roofbar Basic Medium V40 Scania NextGen, Normal Cab adds a robust design with compact side extensions for enhanced style.\" \/>\n<meta name=\"robots\" content=\"index, follow, max-snippet:-1, max-image-preview:large, max-video-preview:-1\" \/>\n<link rel=\"canonical\" href=\"https:\/\/rst-steel.com\/nb\/produkt\/roofbar-basic-medium-v40-norm-cab_prm_66094\/\" \/>\n<meta property=\"og:locale\" content=\"nb_NO\" \/>\n<meta property=\"og:type\" content=\"article\" \/>\n<meta property=\"og:title\" content=\"Roofbar Basic Medium V40 Scania NextGen, Normal Cab - RST-Steel\" \/>\n<meta property=\"og:description\" content=\"Roofbar Basic Medium V40 Scania NextGen, Normal Cab adds a robust design with compact side extensions for enhanced style.\" \/>\n<meta property=\"og:url\" content=\"https:\/\/rst-steel.com\/nb\/produkt\/roofbar-basic-medium-v40-norm-cab_prm_66094\/\" \/>\n<meta property=\"og:site_name\" content=\"RST-Steel\" \/>\n<meta property=\"article:publisher\" content=\"https:\/\/www.facebook.com\/rststeel\" \/>\n<meta property=\"article:modified_time\" content=\"2026-03-16T06:13:36+00:00\" \/>\n<meta property=\"og:image\" content=\"https:\/\/rst-steel.com\/wp-content\/uploads\/2023\/02\/66b89702aa14827c4b802de74145c46e87673648_SC2140A.jpg\" \/>\n\t<meta property=\"og:image:width\" content=\"1280\" \/>\n\t<meta property=\"og:image:height\" content=\"1280\" \/>\n\t<meta property=\"og:image:type\" content=\"image\/jpeg\" \/>\n<meta name=\"twitter:card\" content=\"summary_large_image\" \/>\n<meta name=\"twitter:label1\" content=\"Ansl. lesetid\" \/>\n\t<meta name=\"twitter:data1\" content=\"1 minutt\" \/>\n<script type=\"application\/ld+json\" class=\"yoast-schema-graph\">{\"@context\":\"https:\/\/schema.org\",\"@graph\":[{\"@type\":\"WebPage\",\"@id\":\"https:\/\/rst-steel.com\/product\/roofbar-basic-medium-v40-norm-cab_prm_66094\/\",\"url\":\"https:\/\/rst-steel.com\/product\/roofbar-basic-medium-v40-norm-cab_prm_66094\/\",\"name\":\"Roofbar Basic Medium V40 Scania NextGen, Normal Cab - RST-Steel\",\"isPartOf\":{\"@id\":\"https:\/\/rst-steel.com\/#website\"},\"primaryImageOfPage\":{\"@id\":\"https:\/\/rst-steel.com\/product\/roofbar-basic-medium-v40-norm-cab_prm_66094\/#primaryimage\"},\"image\":{\"@id\":\"https:\/\/rst-steel.com\/product\/roofbar-basic-medium-v40-norm-cab_prm_66094\/#primaryimage\"},\"thumbnailUrl\":\"https:\/\/rst-steel.com\/wp-content\/uploads\/2023\/02\/66b89702aa14827c4b802de74145c46e87673648_SC2140A.jpg\",\"datePublished\":\"2023-02-02T13:53:31+00:00\",\"dateModified\":\"2026-03-16T06:13:36+00:00\",\"description\":\"Roofbar Basic Medium V40 Scania NextGen, Normal Cab adds a robust design with compact side extensions for enhanced style.\",\"breadcrumb\":{\"@id\":\"https:\/\/rst-steel.com\/product\/roofbar-basic-medium-v40-norm-cab_prm_66094\/#breadcrumb\"},\"inLanguage\":\"nb-NO\",\"potentialAction\":[{\"@type\":\"ReadAction\",\"target\":[\"https:\/\/rst-steel.com\/product\/roofbar-basic-medium-v40-norm-cab_prm_66094\/\"]}]},{\"@type\":\"ImageObject\",\"inLanguage\":\"nb-NO\",\"@id\":\"https:\/\/rst-steel.com\/product\/roofbar-basic-medium-v40-norm-cab_prm_66094\/#primaryimage\",\"url\":\"https:\/\/rst-steel.com\/wp-content\/uploads\/2023\/02\/66b89702aa14827c4b802de74145c46e87673648_SC2140A.jpg\",\"contentUrl\":\"https:\/\/rst-steel.com\/wp-content\/uploads\/2023\/02\/66b89702aa14827c4b802de74145c46e87673648_SC2140A.jpg\",\"width\":1280,\"height\":1280,\"caption\":\"Roofbar Basic Medium V40 Scania NextGen, Normal Cab\"},{\"@type\":\"BreadcrumbList\",\"@id\":\"https:\/\/rst-steel.com\/product\/roofbar-basic-medium-v40-norm-cab_prm_66094\/#breadcrumb\",\"itemListElement\":[{\"@type\":\"ListItem\",\"position\":1,\"name\":\"Home\",\"item\":\"https:\/\/rst-steel.com\/\"},{\"@type\":\"ListItem\",\"position\":2,\"name\":\"RST-Steel Shop\",\"item\":\"https:\/\/rst-steel.com\/shop\/\"},{\"@type\":\"ListItem\",\"position\":3,\"name\":\"Roofbar Basic Medium V40 Scania NextGen, Normal Cab\"}]},{\"@type\":\"WebSite\",\"@id\":\"https:\/\/rst-steel.com\/#website\",\"url\":\"https:\/\/rst-steel.com\/\",\"name\":\"RST-Steel.com\",\"description\":\"Finnish quality steel, for quality-conscious drivers\",\"publisher\":{\"@id\":\"https:\/\/rst-steel.com\/#organization\"},\"alternateName\":\"Safe and stylish RST-Steel quality\",\"potentialAction\":[{\"@type\":\"SearchAction\",\"target\":{\"@type\":\"EntryPoint\",\"urlTemplate\":\"https:\/\/rst-steel.com\/?s={search_term_string}\"},\"query-input\":{\"@type\":\"PropertyValueSpecification\",\"valueRequired\":true,\"valueName\":\"search_term_string\"}}],\"inLanguage\":\"nb-NO\"},{\"@type\":\"Organization\",\"@id\":\"https:\/\/rst-steel.com\/#organization\",\"name\":\"RST-Steel Oy\",\"url\":\"https:\/\/rst-steel.com\/\",\"logo\":{\"@type\":\"ImageObject\",\"inLanguage\":\"nb-NO\",\"@id\":\"https:\/\/rst-steel.com\/#\/schema\/logo\/image\/\",\"url\":\"https:\/\/rst-steel.com\/wp-content\/uploads\/2023\/04\/cropped-Rst-logo-valkoinen-teksti-3.png\",\"contentUrl\":\"https:\/\/rst-steel.com\/wp-content\/uploads\/2023\/04\/cropped-Rst-logo-valkoinen-teksti-3.png\",\"width\":512,\"height\":115,\"caption\":\"RST-Steel Oy\"},\"image\":{\"@id\":\"https:\/\/rst-steel.com\/#\/schema\/logo\/image\/\"},\"sameAs\":[\"https:\/\/www.facebook.com\/rststeel\",\"https:\/\/www.instagram.com\/rststeeloy\/\"]}]}<\/script>\n<!-- \/ Yoast SEO plugin. -->","yoast_head_json":{"title":"Roofbar Basic Medium V40 Scania NextGen, Normal Cab - RST-Steel","description":"Roofbar Basic Medium V40 Scania NextGen, Normal Cab adds a robust design with compact side extensions for enhanced style.","robots":{"index":"index","follow":"follow","max-snippet":"max-snippet:-1","max-image-preview":"max-image-preview:large","max-video-preview":"max-video-preview:-1"},"canonical":"https:\/\/rst-steel.com\/nb\/produkt\/roofbar-basic-medium-v40-norm-cab_prm_66094\/","og_locale":"nb_NO","og_type":"article","og_title":"Roofbar Basic Medium V40 Scania NextGen, Normal Cab - RST-Steel","og_description":"Roofbar Basic Medium V40 Scania NextGen, Normal Cab adds a robust design with compact side extensions for enhanced style.","og_url":"https:\/\/rst-steel.com\/nb\/produkt\/roofbar-basic-medium-v40-norm-cab_prm_66094\/","og_site_name":"RST-Steel","article_publisher":"https:\/\/www.facebook.com\/rststeel","article_modified_time":"2026-03-16T06:13:36+00:00","og_image":[{"width":1280,"height":1280,"url":"https:\/\/rst-steel.com\/wp-content\/uploads\/2023\/02\/66b89702aa14827c4b802de74145c46e87673648_SC2140A.jpg","type":"image\/jpeg"}],"twitter_card":"summary_large_image","twitter_misc":{"Ansl. lesetid":"1 minutt"},"schema":{"@context":"https:\/\/schema.org","@graph":[{"@type":"WebPage","@id":"https:\/\/rst-steel.com\/product\/roofbar-basic-medium-v40-norm-cab_prm_66094\/","url":"https:\/\/rst-steel.com\/product\/roofbar-basic-medium-v40-norm-cab_prm_66094\/","name":"Roofbar Basic Medium V40 Scania NextGen, Normal Cab - RST-Steel","isPartOf":{"@id":"https:\/\/rst-steel.com\/#website"},"primaryImageOfPage":{"@id":"https:\/\/rst-steel.com\/product\/roofbar-basic-medium-v40-norm-cab_prm_66094\/#primaryimage"},"image":{"@id":"https:\/\/rst-steel.com\/product\/roofbar-basic-medium-v40-norm-cab_prm_66094\/#primaryimage"},"thumbnailUrl":"https:\/\/rst-steel.com\/wp-content\/uploads\/2023\/02\/66b89702aa14827c4b802de74145c46e87673648_SC2140A.jpg","datePublished":"2023-02-02T13:53:31+00:00","dateModified":"2026-03-16T06:13:36+00:00","description":"Roofbar Basic Medium V40 Scania NextGen, Normal Cab adds a robust design with compact side extensions for enhanced style.","breadcrumb":{"@id":"https:\/\/rst-steel.com\/product\/roofbar-basic-medium-v40-norm-cab_prm_66094\/#breadcrumb"},"inLanguage":"nb-NO","potentialAction":[{"@type":"ReadAction","target":["https:\/\/rst-steel.com\/product\/roofbar-basic-medium-v40-norm-cab_prm_66094\/"]}]},{"@type":"ImageObject","inLanguage":"nb-NO","@id":"https:\/\/rst-steel.com\/product\/roofbar-basic-medium-v40-norm-cab_prm_66094\/#primaryimage","url":"https:\/\/rst-steel.com\/wp-content\/uploads\/2023\/02\/66b89702aa14827c4b802de74145c46e87673648_SC2140A.jpg","contentUrl":"https:\/\/rst-steel.com\/wp-content\/uploads\/2023\/02\/66b89702aa14827c4b802de74145c46e87673648_SC2140A.jpg","width":1280,"height":1280,"caption":"Roofbar Basic Medium V40 Scania NextGen, Normal Cab"},{"@type":"BreadcrumbList","@id":"https:\/\/rst-steel.com\/product\/roofbar-basic-medium-v40-norm-cab_prm_66094\/#breadcrumb","itemListElement":[{"@type":"ListItem","position":1,"name":"Home","item":"https:\/\/rst-steel.com\/"},{"@type":"ListItem","position":2,"name":"RST-Steel Shop","item":"https:\/\/rst-steel.com\/shop\/"},{"@type":"ListItem","position":3,"name":"Roofbar Basic Medium V40 Scania NextGen, Normal Cab"}]},{"@type":"WebSite","@id":"https:\/\/rst-steel.com\/#website","url":"https:\/\/rst-steel.com\/","name":"RST-Steel.com","description":"Finsk kvalitetsst\u00e5l, for kvalitetsbevisste sj\u00e5f\u00f8rer","publisher":{"@id":"https:\/\/rst-steel.com\/#organization"},"alternateName":"Safe and stylish RST-Steel quality","potentialAction":[{"@type":"SearchAction","target":{"@type":"EntryPoint","urlTemplate":"https:\/\/rst-steel.com\/?s={search_term_string}"},"query-input":{"@type":"PropertyValueSpecification","valueRequired":true,"valueName":"search_term_string"}}],"inLanguage":"nb-NO"},{"@type":"Organization","@id":"https:\/\/rst-steel.com\/#organization","name":"RST-Steel Oy","url":"https:\/\/rst-steel.com\/","logo":{"@type":"ImageObject","inLanguage":"nb-NO","@id":"https:\/\/rst-steel.com\/#\/schema\/logo\/image\/","url":"https:\/\/rst-steel.com\/wp-content\/uploads\/2023\/04\/cropped-Rst-logo-valkoinen-teksti-3.png","contentUrl":"https:\/\/rst-steel.com\/wp-content\/uploads\/2023\/04\/cropped-Rst-logo-valkoinen-teksti-3.png","width":512,"height":115,"caption":"RST-Steel Oy"},"image":{"@id":"https:\/\/rst-steel.com\/#\/schema\/logo\/image\/"},"sameAs":["https:\/\/www.facebook.com\/rststeel","https:\/\/www.instagram.com\/rststeeloy\/"]}]}},"brands":[{"id":8334,"name":"RST-Steel","slug":"brand_rststeel"}],"_links":{"self":[{"href":"https:\/\/rst-steel.com\/nb\/wp-json\/wp\/v2\/product\/36314","targetHints":{"allow":["GET"]}}],"collection":[{"href":"https:\/\/rst-steel.com\/nb\/wp-json\/wp\/v2\/product"}],"about":[{"href":"https:\/\/rst-steel.com\/nb\/wp-json\/wp\/v2\/types\/product"}],"replies":[{"embeddable":true,"href":"https:\/\/rst-steel.com\/nb\/wp-json\/wp\/v2\/comments?post=36314"}],"version-history":[{"count":0,"href":"https:\/\/rst-steel.com\/nb\/wp-json\/wp\/v2\/product\/36314\/revisions"}],"wp:featuredmedia":[{"embeddable":true,"href":"https:\/\/rst-steel.com\/nb\/wp-json\/wp\/v2\/media\/36312"}],"wp:attachment":[{"href":"https:\/\/rst-steel.com\/nb\/wp-json\/wp\/v2\/media?parent=36314"}],"wp:term":[{"taxonomy":"make_fuel_type","embeddable":true,"href":"https:\/\/rst-steel.com\/nb\/wp-json\/wp\/v2\/make_fuel_type?post=36314"},{"taxonomy":"make_model","embeddable":true,"href":"https:\/\/rst-steel.com\/nb\/wp-json\/wp\/v2\/make_model?post=36314"},{"taxonomy":"make_brand","embeddable":true,"href":"https:\/\/rst-steel.com\/nb\/wp-json\/wp\/v2\/make_brand?post=36314"},{"taxonomy":"make_year","embeddable":true,"href":"https:\/\/rst-steel.com\/nb\/wp-json\/wp\/v2\/make_year?post=36314"},{"taxonomy":"pwb-brand","embeddable":true,"href":"https:\/\/rst-steel.com\/nb\/wp-json\/wp\/v2\/pwb-brand?post=36314"},{"taxonomy":"product_brand","embeddable":true,"href":"https:\/\/rst-steel.com\/nb\/wp-json\/wp\/v2\/product_brand?post=36314"},{"taxonomy":"product_cat","embeddable":true,"href":"https:\/\/rst-steel.com\/nb\/wp-json\/wp\/v2\/product_cat?post=36314"},{"taxonomy":"product_tag","embeddable":true,"href":"https:\/\/rst-steel.com\/nb\/wp-json\/wp\/v2\/product_tag?post=36314"}],"curies":[{"name":"wp","href":"https:\/\/api.w.org\/{rel}","templated":true}]}}