{"id":36545,"date":"2023-02-10T14:01:57","date_gmt":"2023-02-10T11:01:57","guid":{"rendered":"https:\/\/rst-steel.fi-c.seravo.com\/product\/front-spoiler-bar-volvo-fh4_prm_65991\/"},"modified":"2026-03-16T09:21:14","modified_gmt":"2026-03-16T06:21:14","slug":"front-spoiler-bar-proline-volvo-fh4_prm_65991","status":"publish","type":"product","link":"https:\/\/rst-steel.com\/nb\/produkt\/front-spoiler-bar-proline-volvo-fh4_prm_65991\/","title":{"rendered":"Front spoiler bar Proline V02 Volvo FH4-\/FM 2021-"},"content":{"rendered":"<p>Front spoiler bar Proline V02 Volvo FH4-\/FM 2021-<\/p>\n<ul>\n<li><\/li>\n<\/ul>\n<p>RST-Steel\u2019s front spoiler bars are high-quality<br \/>\nproducts made of stainless steel.<\/p>\n<p>Front spoiler bar is a stylish accessory to protect<br \/>\nthe front bumper of your car.<\/p>\n<p>The front spoiler bars can be equipped with position<br \/>\nlights, which improve your visibility in traffic, and at the same time increase<br \/>\nsafety for yourself and others in traffic.<\/p>\n<p>Hitting curbs, speed bumps or snow clods on the road<br \/>\ncan cause damage to the front of the car.<\/p>\n<p>Repairing the damage can be expensive and<br \/>\ntime-consuming. By preparing for these dangers, the journey continues with a<br \/>\nsafe mind and the business is secured in these respects.<\/p>\n<ul>\n<li><\/li>\n<\/ul>\n<p><strong>Teknisk informasjon:<\/strong><\/p>\n<ul>\n<li>Color: Mirror polished stainless steel or painting<\/li>\n<li>with RAL basic colors<\/li>\n<li>R\u00f8rdiameter: 60 mm<\/li>\n<li><\/li>\n<\/ul>\n<p><strong>Innhold i leveransen:<\/strong><\/p>\n<ul>\n<li>Front spoiler bar Proline<\/li>\n<li>Festemidler som kreves for installasjon<\/li>\n<li>Installasjonsinstruksjoner<\/li>\n<\/ul>","protected":false},"excerpt":{"rendered":"<p>Flere modellalternativer tilgjengelig!<\/p>","protected":false},"featured_media":121562,"comment_status":"open","ping_status":"closed","template":"","meta":{"_improvement_type_select":"improve_an_existing","_thumb_yes_seoaic":false,"_frame_yes_seoaic":false,"seoaic_generate_description":"","seoaic_improve_instructions_prompt":"","seoaic_rollback_content_improvement":"","seoaic_idea_thumbnail_generator":"","thumbnail_generated":false,"thumbnail_generate_prompt":"","seoaic_article_description":""},"make_fuel_type":[],"make_model":[5637,3743,5295,5294],"make_brand":[3745],"make_year":[3748],"pwb-brand":[8334],"product_brand":[],"product_cat":[6092,6093,7292],"product_tag":[7550],"class_list":{"0":"post-36545","1":"product","2":"type-product","3":"status-publish","4":"has-post-thumbnail","6":"make_engine-normal-cab","7":"make_engine-globetrotter","8":"make_engine-globetrotter-xl-cab","9":"make_model-fh-2021","10":"make_model-fh4","11":"make_model-volvo-fm-2021","12":"make_model-volvo-fm4","13":"make_brand-volvo","14":"make_year-trucks","15":"pwb-brand-brand_rststeel","16":"product_cat-front-spoiler-bars","17":"product_cat-front-spoiler-bars-for-trucks","18":"product_cat-volvo-ep-ka","19":"product_tag-frontbagar","20":"product_shipping_class-lightbars","22":"first","23":"instock","24":"taxable","25":"shipping-taxable","26":"purchasable","27":"product-type-variable"},"yoast_head":"<!-- This site is optimized with the Yoast SEO plugin v25.7 - https:\/\/yoast.com\/wordpress\/plugins\/seo\/ -->\n<title>Front spoiler bar Proline V02 Volvo FH4-\/FM 2021- RST-Steel<\/title>\n<meta name=\"description\" content=\"Front spoiler bar Proline V02 for Volvo FH4\/FM 2021\u2013. Durable, vehicle-specific fit that enhances styling and protects the lower front end.\" \/>\n<meta name=\"robots\" content=\"index, follow, max-snippet:-1, max-image-preview:large, max-video-preview:-1\" \/>\n<link rel=\"canonical\" href=\"https:\/\/rst-steel.com\/nb\/produkt\/front-spoiler-bar-proline-volvo-fh4_prm_65991\/\" \/>\n<meta property=\"og:locale\" content=\"nb_NO\" \/>\n<meta property=\"og:type\" content=\"article\" \/>\n<meta property=\"og:title\" content=\"Front spoiler bar Proline V02 Volvo FH4-\/FM 2021- RST-Steel\" \/>\n<meta property=\"og:description\" content=\"Front spoiler bar Proline V02 for Volvo FH4\/FM 2021\u2013. Durable, vehicle-specific fit that enhances styling and protects the lower front end.\" \/>\n<meta property=\"og:url\" content=\"https:\/\/rst-steel.com\/nb\/produkt\/front-spoiler-bar-proline-volvo-fh4_prm_65991\/\" \/>\n<meta property=\"og:site_name\" content=\"RST-Steel\" \/>\n<meta property=\"article:publisher\" content=\"https:\/\/www.facebook.com\/rststeel\" \/>\n<meta property=\"article:modified_time\" content=\"2026-03-16T06:21:14+00:00\" \/>\n<meta property=\"og:image\" content=\"https:\/\/rst-steel.com\/wp-content\/uploads\/2023\/02\/80110012-1-scaled.jpg\" \/>\n\t<meta property=\"og:image:width\" content=\"1920\" \/>\n\t<meta property=\"og:image:height\" content=\"2560\" \/>\n\t<meta property=\"og:image:type\" content=\"image\/jpeg\" \/>\n<meta name=\"twitter:card\" content=\"summary_large_image\" \/>\n<meta name=\"twitter:label1\" content=\"Ansl. lesetid\" \/>\n\t<meta name=\"twitter:data1\" content=\"1 minutt\" \/>\n<script type=\"application\/ld+json\" class=\"yoast-schema-graph\">{\"@context\":\"https:\/\/schema.org\",\"@graph\":[{\"@type\":\"WebPage\",\"@id\":\"https:\/\/rst-steel.com\/product\/front-spoiler-bar-proline-volvo-fh4_prm_65991\/\",\"url\":\"https:\/\/rst-steel.com\/product\/front-spoiler-bar-proline-volvo-fh4_prm_65991\/\",\"name\":\"Front spoiler bar Proline V02 Volvo FH4-\/FM 2021- RST-Steel\",\"isPartOf\":{\"@id\":\"https:\/\/rst-steel.com\/#website\"},\"primaryImageOfPage\":{\"@id\":\"https:\/\/rst-steel.com\/product\/front-spoiler-bar-proline-volvo-fh4_prm_65991\/#primaryimage\"},\"image\":{\"@id\":\"https:\/\/rst-steel.com\/product\/front-spoiler-bar-proline-volvo-fh4_prm_65991\/#primaryimage\"},\"thumbnailUrl\":\"https:\/\/rst-steel.com\/wp-content\/uploads\/2023\/02\/80110012-1-scaled.jpg\",\"datePublished\":\"2023-02-10T11:01:57+00:00\",\"dateModified\":\"2026-03-16T06:21:14+00:00\",\"description\":\"Front spoiler bar Proline V02 for Volvo FH4\/FM 2021\u2013. Durable, vehicle-specific fit that enhances styling and protects the lower front end.\",\"breadcrumb\":{\"@id\":\"https:\/\/rst-steel.com\/product\/front-spoiler-bar-proline-volvo-fh4_prm_65991\/#breadcrumb\"},\"inLanguage\":\"nb-NO\",\"potentialAction\":[{\"@type\":\"ReadAction\",\"target\":[\"https:\/\/rst-steel.com\/product\/front-spoiler-bar-proline-volvo-fh4_prm_65991\/\"]}]},{\"@type\":\"ImageObject\",\"inLanguage\":\"nb-NO\",\"@id\":\"https:\/\/rst-steel.com\/product\/front-spoiler-bar-proline-volvo-fh4_prm_65991\/#primaryimage\",\"url\":\"https:\/\/rst-steel.com\/wp-content\/uploads\/2023\/02\/80110012-1-scaled.jpg\",\"contentUrl\":\"https:\/\/rst-steel.com\/wp-content\/uploads\/2023\/02\/80110012-1-scaled.jpg\",\"width\":1920,\"height\":2560,\"caption\":\"Front spoiler bar Proline V02 Volvo FH4-\/FM 2021-\"},{\"@type\":\"BreadcrumbList\",\"@id\":\"https:\/\/rst-steel.com\/product\/front-spoiler-bar-proline-volvo-fh4_prm_65991\/#breadcrumb\",\"itemListElement\":[{\"@type\":\"ListItem\",\"position\":1,\"name\":\"Home\",\"item\":\"https:\/\/rst-steel.com\/\"},{\"@type\":\"ListItem\",\"position\":2,\"name\":\"RST-Steel Shop\",\"item\":\"https:\/\/rst-steel.com\/shop\/\"},{\"@type\":\"ListItem\",\"position\":3,\"name\":\"Front spoiler bar Proline V02 Volvo FH4-\/FM 2021-\"}]},{\"@type\":\"WebSite\",\"@id\":\"https:\/\/rst-steel.com\/#website\",\"url\":\"https:\/\/rst-steel.com\/\",\"name\":\"RST-Steel.com\",\"description\":\"Finnish quality steel, for quality-conscious drivers\",\"publisher\":{\"@id\":\"https:\/\/rst-steel.com\/#organization\"},\"alternateName\":\"Safe and stylish RST-Steel quality\",\"potentialAction\":[{\"@type\":\"SearchAction\",\"target\":{\"@type\":\"EntryPoint\",\"urlTemplate\":\"https:\/\/rst-steel.com\/?s={search_term_string}\"},\"query-input\":{\"@type\":\"PropertyValueSpecification\",\"valueRequired\":true,\"valueName\":\"search_term_string\"}}],\"inLanguage\":\"nb-NO\"},{\"@type\":\"Organization\",\"@id\":\"https:\/\/rst-steel.com\/#organization\",\"name\":\"RST-Steel Oy\",\"url\":\"https:\/\/rst-steel.com\/\",\"logo\":{\"@type\":\"ImageObject\",\"inLanguage\":\"nb-NO\",\"@id\":\"https:\/\/rst-steel.com\/#\/schema\/logo\/image\/\",\"url\":\"https:\/\/rst-steel.com\/wp-content\/uploads\/2023\/04\/cropped-Rst-logo-valkoinen-teksti-3.png\",\"contentUrl\":\"https:\/\/rst-steel.com\/wp-content\/uploads\/2023\/04\/cropped-Rst-logo-valkoinen-teksti-3.png\",\"width\":512,\"height\":115,\"caption\":\"RST-Steel Oy\"},\"image\":{\"@id\":\"https:\/\/rst-steel.com\/#\/schema\/logo\/image\/\"},\"sameAs\":[\"https:\/\/www.facebook.com\/rststeel\",\"https:\/\/www.instagram.com\/rststeeloy\/\"]}]}<\/script>\n<!-- \/ Yoast SEO plugin. -->","yoast_head_json":{"title":"Front spoiler bar Proline V02 Volvo FH4-\/FM 2021- RST-Steel","description":"Front spoiler bar Proline V02 for Volvo FH4\/FM 2021\u2013. Durable, vehicle-specific fit that enhances styling and protects the lower front end.","robots":{"index":"index","follow":"follow","max-snippet":"max-snippet:-1","max-image-preview":"max-image-preview:large","max-video-preview":"max-video-preview:-1"},"canonical":"https:\/\/rst-steel.com\/nb\/produkt\/front-spoiler-bar-proline-volvo-fh4_prm_65991\/","og_locale":"nb_NO","og_type":"article","og_title":"Front spoiler bar Proline V02 Volvo FH4-\/FM 2021- RST-Steel","og_description":"Front spoiler bar Proline V02 for Volvo FH4\/FM 2021\u2013. Durable, vehicle-specific fit that enhances styling and protects the lower front end.","og_url":"https:\/\/rst-steel.com\/nb\/produkt\/front-spoiler-bar-proline-volvo-fh4_prm_65991\/","og_site_name":"RST-Steel","article_publisher":"https:\/\/www.facebook.com\/rststeel","article_modified_time":"2026-03-16T06:21:14+00:00","og_image":[{"width":1920,"height":2560,"url":"https:\/\/rst-steel.com\/wp-content\/uploads\/2023\/02\/80110012-1-scaled.jpg","type":"image\/jpeg"}],"twitter_card":"summary_large_image","twitter_misc":{"Ansl. lesetid":"1 minutt"},"schema":{"@context":"https:\/\/schema.org","@graph":[{"@type":"WebPage","@id":"https:\/\/rst-steel.com\/product\/front-spoiler-bar-proline-volvo-fh4_prm_65991\/","url":"https:\/\/rst-steel.com\/product\/front-spoiler-bar-proline-volvo-fh4_prm_65991\/","name":"Front spoiler bar Proline V02 Volvo FH4-\/FM 2021- RST-Steel","isPartOf":{"@id":"https:\/\/rst-steel.com\/#website"},"primaryImageOfPage":{"@id":"https:\/\/rst-steel.com\/product\/front-spoiler-bar-proline-volvo-fh4_prm_65991\/#primaryimage"},"image":{"@id":"https:\/\/rst-steel.com\/product\/front-spoiler-bar-proline-volvo-fh4_prm_65991\/#primaryimage"},"thumbnailUrl":"https:\/\/rst-steel.com\/wp-content\/uploads\/2023\/02\/80110012-1-scaled.jpg","datePublished":"2023-02-10T11:01:57+00:00","dateModified":"2026-03-16T06:21:14+00:00","description":"Front spoiler bar Proline V02 for Volvo FH4\/FM 2021\u2013. Durable, vehicle-specific fit that enhances styling and protects the lower front end.","breadcrumb":{"@id":"https:\/\/rst-steel.com\/product\/front-spoiler-bar-proline-volvo-fh4_prm_65991\/#breadcrumb"},"inLanguage":"nb-NO","potentialAction":[{"@type":"ReadAction","target":["https:\/\/rst-steel.com\/product\/front-spoiler-bar-proline-volvo-fh4_prm_65991\/"]}]},{"@type":"ImageObject","inLanguage":"nb-NO","@id":"https:\/\/rst-steel.com\/product\/front-spoiler-bar-proline-volvo-fh4_prm_65991\/#primaryimage","url":"https:\/\/rst-steel.com\/wp-content\/uploads\/2023\/02\/80110012-1-scaled.jpg","contentUrl":"https:\/\/rst-steel.com\/wp-content\/uploads\/2023\/02\/80110012-1-scaled.jpg","width":1920,"height":2560,"caption":"Front spoiler bar Proline V02 Volvo FH4-\/FM 2021-"},{"@type":"BreadcrumbList","@id":"https:\/\/rst-steel.com\/product\/front-spoiler-bar-proline-volvo-fh4_prm_65991\/#breadcrumb","itemListElement":[{"@type":"ListItem","position":1,"name":"Home","item":"https:\/\/rst-steel.com\/"},{"@type":"ListItem","position":2,"name":"RST-Steel Shop","item":"https:\/\/rst-steel.com\/shop\/"},{"@type":"ListItem","position":3,"name":"Front spoiler bar Proline V02 Volvo FH4-\/FM 2021-"}]},{"@type":"WebSite","@id":"https:\/\/rst-steel.com\/#website","url":"https:\/\/rst-steel.com\/","name":"RST-Steel.com","description":"Finsk kvalitetsst\u00e5l, for kvalitetsbevisste sj\u00e5f\u00f8rer","publisher":{"@id":"https:\/\/rst-steel.com\/#organization"},"alternateName":"Safe and stylish RST-Steel quality","potentialAction":[{"@type":"SearchAction","target":{"@type":"EntryPoint","urlTemplate":"https:\/\/rst-steel.com\/?s={search_term_string}"},"query-input":{"@type":"PropertyValueSpecification","valueRequired":true,"valueName":"search_term_string"}}],"inLanguage":"nb-NO"},{"@type":"Organization","@id":"https:\/\/rst-steel.com\/#organization","name":"RST-Steel Oy","url":"https:\/\/rst-steel.com\/","logo":{"@type":"ImageObject","inLanguage":"nb-NO","@id":"https:\/\/rst-steel.com\/#\/schema\/logo\/image\/","url":"https:\/\/rst-steel.com\/wp-content\/uploads\/2023\/04\/cropped-Rst-logo-valkoinen-teksti-3.png","contentUrl":"https:\/\/rst-steel.com\/wp-content\/uploads\/2023\/04\/cropped-Rst-logo-valkoinen-teksti-3.png","width":512,"height":115,"caption":"RST-Steel Oy"},"image":{"@id":"https:\/\/rst-steel.com\/#\/schema\/logo\/image\/"},"sameAs":["https:\/\/www.facebook.com\/rststeel","https:\/\/www.instagram.com\/rststeeloy\/"]}]}},"brands":[{"id":8334,"name":"RST-Steel","slug":"brand_rststeel"}],"_links":{"self":[{"href":"https:\/\/rst-steel.com\/nb\/wp-json\/wp\/v2\/product\/36545","targetHints":{"allow":["GET"]}}],"collection":[{"href":"https:\/\/rst-steel.com\/nb\/wp-json\/wp\/v2\/product"}],"about":[{"href":"https:\/\/rst-steel.com\/nb\/wp-json\/wp\/v2\/types\/product"}],"replies":[{"embeddable":true,"href":"https:\/\/rst-steel.com\/nb\/wp-json\/wp\/v2\/comments?post=36545"}],"version-history":[{"count":0,"href":"https:\/\/rst-steel.com\/nb\/wp-json\/wp\/v2\/product\/36545\/revisions"}],"wp:featuredmedia":[{"embeddable":true,"href":"https:\/\/rst-steel.com\/nb\/wp-json\/wp\/v2\/media\/121562"}],"wp:attachment":[{"href":"https:\/\/rst-steel.com\/nb\/wp-json\/wp\/v2\/media?parent=36545"}],"wp:term":[{"taxonomy":"make_fuel_type","embeddable":true,"href":"https:\/\/rst-steel.com\/nb\/wp-json\/wp\/v2\/make_fuel_type?post=36545"},{"taxonomy":"make_model","embeddable":true,"href":"https:\/\/rst-steel.com\/nb\/wp-json\/wp\/v2\/make_model?post=36545"},{"taxonomy":"make_brand","embeddable":true,"href":"https:\/\/rst-steel.com\/nb\/wp-json\/wp\/v2\/make_brand?post=36545"},{"taxonomy":"make_year","embeddable":true,"href":"https:\/\/rst-steel.com\/nb\/wp-json\/wp\/v2\/make_year?post=36545"},{"taxonomy":"pwb-brand","embeddable":true,"href":"https:\/\/rst-steel.com\/nb\/wp-json\/wp\/v2\/pwb-brand?post=36545"},{"taxonomy":"product_brand","embeddable":true,"href":"https:\/\/rst-steel.com\/nb\/wp-json\/wp\/v2\/product_brand?post=36545"},{"taxonomy":"product_cat","embeddable":true,"href":"https:\/\/rst-steel.com\/nb\/wp-json\/wp\/v2\/product_cat?post=36545"},{"taxonomy":"product_tag","embeddable":true,"href":"https:\/\/rst-steel.com\/nb\/wp-json\/wp\/v2\/product_tag?post=36545"}],"curies":[{"name":"wp","href":"https:\/\/api.w.org\/{rel}","templated":true}]}}